{"id":9948,"date":"2018-01-11T13:54:04","date_gmt":"2018-01-11T13:54:04","guid":{"rendered":"https:\/\/www.moroccodemia.com\/fr\/?page_id=9948"},"modified":"2020-05-25T15:11:24","modified_gmt":"2020-05-25T15:11:24","slug":"centres-de-conferences-au-maroc","status":"publish","type":"page","link":"https:\/\/www.moroccodemia.com\/fr\/centres-de-conferences-au-maroc\/","title":{"rendered":"Centres de Conferences\u00a0au Maroc"},"content":{"rendered":"<div class=\"rTable\">\n<div class=\"rTableBody\">\n<div class=\"rTableRow\">\n<div class=\"rTableHead\" style=\"text-align: left;\">\n<hr \/>\n<h1 class=\"h1pagetitle\" style=\"text-align: center;\"><span style=\"font-size: 14pt;\"><strong><span style=\"font-family: verdana, geneva, sans-serif;\"><span style=\"font-size: 18.6667px;\">Centres de Conference<\/span><span style=\"font-size: 10pt;\">\u00a0au Maroc<\/span><\/span><\/strong><\/span><\/h1>\n<div class=\"dropdown1\"><span><button class=\"dropbtn1\"><\/button><br class=\"blank \/\" \/><span class=\"dropdown1-content\"><a href=\"https:\/\/www.moroccodemia.com\/ar\/%D9%85%D8%B1%D8%A7%D9%83%D8%B2-%D8%A7%D9%84%D9%85%D8%A4%D8%AA%D9%85%D8%B1%D8%A7%D8%AA-%D9%81%D9%8A-%D8%A7%D9%84%D9%85%D8%BA%D8%B1%D8%A8\/\">Parcourir en arabe<\/a><a href=\"https:\/\/www.moroccodemia.com\/en\/conference-centers-in-morocco\/\">Parcourir en anglais<\/a><\/span><\/span><\/div>\n<hr \/>\n<div class=\"banner\"><img loading=\"lazy\" decoding=\"async\" class=\"banner-image\" src=\"https:\/\/www.moroccodemia.com\/fr\/media\/2019\/01\/IconBlackConference-Center.png\" style=\"vertical-align: middle;\" alt=\"Centres de Conferences\u00a0au Maroc\" title=\"Centres de Conferences\u00a0au Maroc\" width=\"80\" height=\"80\" \/><\/div>\n<p style=\"text-align: left;\"><span style=\"font-family: verdana,geneva,sans-serif; background-color: #00ff00;\"><div class=\"responsive-tabs\">\n<h2 class=\"tabtitle\">Aper\u00e7u<\/h2>\n<div class=\"tabcontent\">\n<\/span><\/p>\n<p><img loading=\"lazy\" decoding=\"async\" src=\"https:\/\/www.moroccodemia.com\/fr\/media\/2018\/01\/EventsConference-VenueMohamed-VI-Conference-CenterSkhirat.png\" alt=\"Venue: Conference Center\" width=\"600\" height=\"400\" class=\"aligncenter wp-image-9949 size-full\" title=\"Centre de Conference Mohamed VI - Skhirat\" srcset=\"https:\/\/www.moroccodemia.com\/fr\/media\/2018\/01\/EventsConference-VenueMohamed-VI-Conference-CenterSkhirat.png 600w, https:\/\/www.moroccodemia.com\/fr\/media\/2018\/01\/EventsConference-VenueMohamed-VI-Conference-CenterSkhirat-300x200.png 300w\" sizes=\"auto, (max-width: 600px) 100vw, 600px\" \/><span style=\"font-size: 8pt;\">Centre de Conference Mohamed VI &#8211; Skhirat<\/span><\/p>\n<p><img loading=\"lazy\" decoding=\"async\" src=\"https:\/\/www.moroccodemia.com\/fr\/media\/2018\/03\/InfraVenueConference-CenterMarrakech.png\" alt=\"Palais des Congr\u00e8s - Marrakech\" width=\"600\" height=\"400\" class=\"aligncenter wp-image-10514 size-full\" title=\"Palais des Congr\u00e8s - Marrakech\" srcset=\"https:\/\/www.moroccodemia.com\/fr\/media\/2018\/03\/InfraVenueConference-CenterMarrakech.png 600w, https:\/\/www.moroccodemia.com\/fr\/media\/2018\/03\/InfraVenueConference-CenterMarrakech-300x200.png 300w\" sizes=\"auto, (max-width: 600px) 100vw, 600px\" \/><span style=\"font-size: 8pt;\">Palais des Congr\u00e8s &#8211; Marrakech<\/span><\/p>\n<p><img loading=\"lazy\" decoding=\"async\" src=\"https:\/\/www.moroccodemia.com\/fr\/media\/2020\/05\/FeaturedMFCPFRResearch-Conference-CenterMohammed-VI-Foundation-CenterIAV-Rabat.png\" alt=\"Venue: Conference Center\" width=\"600\" height=\"400\" class=\"aligncenter wp-image-13136 size-full\" title=\"Centre de Conf\u00e9rence de la Fondation Mohammed VI \u2013 Rabat \" srcset=\"https:\/\/www.moroccodemia.com\/fr\/media\/2020\/05\/FeaturedMFCPFRResearch-Conference-CenterMohammed-VI-Foundation-CenterIAV-Rabat.png 600w, https:\/\/www.moroccodemia.com\/fr\/media\/2020\/05\/FeaturedMFCPFRResearch-Conference-CenterMohammed-VI-Foundation-CenterIAV-Rabat-300x200.png 300w\" sizes=\"auto, (max-width: 600px) 100vw, 600px\" \/><span style=\"font-size: 8pt;\">Centre de conf\u00e9rence de la Fondation Mohammed VI \u2013 Rabat\u00a0<\/span><\/p>\n<p><a href=\"https:\/\/www.moroccodemia.com\/fr\/evenements\/\"><span style=\"font-size: 18pt;\"><strong>EVENEMENTS SCIENTIFIQUES<br \/>\n<\/strong><\/span><\/a><strong><span style=\"font-size: 18pt;\"><\/span><\/strong><a href=\"https:\/\/www.moroccodemia.com\/fr\/evenements-culturels-au-maroc\/\"><span style=\"font-size: 18pt;\"><strong>EVENEMENTS CULTURELS<\/strong><\/span><\/a><strong><span style=\"font-size: 18pt;\"><a href=\"https:\/\/www.moroccodemia.com\/fr\/appel-a-contribution\/\"><\/a><\/span><\/strong><\/p>\n<hr class=\"footer\" \/>\n<h2 class=\"Hidden\"><strong><span style=\"font-size: 36pt; color: #ff6600;\">\u2308<\/span> <span style=\"font-size: 10pt;\">COMMENTAIRES<\/span>\u00a0<span style=\"font-size: 36pt; color: #ff6600;\">\u2309<\/span><\/strong><\/h2>\n<div class=\"Hidden\">\n<p><a href=\"#\" class=\"img-wrapper\"><img decoding=\"async\" src=\"http:\/\/www.moroccodemia.com\/en\/media\/2016\/07\/IconUserShadowBlackOrange120x120.png\" \/><\/a><\/p>\n<div class=\"comment-content\">\n<blockquote><p><span style=\"font-size: 10pt;\"><img loading=\"lazy\" decoding=\"async\" src=\"http:\/\/www.moroccodemia.com\/en\/media\/2016\/07\/Quotation-Marks_OrangeOpening40x40.png\" alt=\"\" width=\"20\" height=\"20\" class=\"alignnone wp-image-9502\" \/>\u00a0Salam alaykoum,<\/span><\/p>\n<p><span style=\"font-size: 10pt;\">Je suis un \u00e9tudiant Belge (converti \u00e0 l&rsquo;islam) d&rsquo;origine italienne, dipl\u00f4m\u00e9 de l&rsquo;universit\u00e9 islamique de M\u00e9dine (Arabie Saudite) Facult\u00e9 des Fondements de la Religion et de la pr\u00eache, je suis en ce moment en \u00e9tude sup\u00e9rieur apr\u00e8s avoir obtenu ma Licence (mention tr\u00e8s bien : 4.11\/5), il me reste une ann\u00e9e in cha Allah ( le haut dipl\u00f4me toujours dans la m\u00eame facult\u00e9 ) o\u00f9 je devrais pr\u00e9senter une recherche, je voudrais savoir si il me sera possible de continu\u00e9 des \u00e9tudes sup\u00e9rieurs au Maroc (Doctorat), si oui quelles sont les opportunit\u00e9es qui me sont offertes ? o\u00f9 cela ?<\/span><\/p>\n<p><span style=\"font-size: 10pt;\">Je vous remercie d&rsquo;avance pour toute l&rsquo;attention port\u00e9e \u00e0 ce message.<\/span><img loading=\"lazy\" decoding=\"async\" src=\"http:\/\/www.moroccodemia.com\/en\/media\/2015\/10\/Quotation-Marks_OrangeClosing40x40.png\" alt=\"\" width=\"20\" height=\"20\" class=\"alignnone wp-image-8519\" style=\"font-size: 10pt;\" \/><\/p><\/blockquote>\n<p><span style=\"font-size: 10pt;\"><em>Commentaire:\u00a0Loris Menegon<br \/>\n<\/em><\/span><span style=\"font-size: 8pt;\">[28 octobre 2017,\u00a0 08:35 ]<\/span><\/p>\n<p><a href=\"#page-part\"><img loading=\"lazy\" decoding=\"async\" src=\"http:\/\/www.moroccodemia.com\/en\/media\/2016\/05\/IconLetter30x20.png\" alt=\"Reply\" width=\"30\" height=\"20\" class=\"alignnone wp-image-9672 size-full\" title=\"Reply\" \/><\/a><\/p>\n<\/div>\n<\/div>\n<p id=\"page-part\" style=\"text-align: left;\"><strong><span style=\"font-size: 36pt; color: #ff6600;\">\u2308<\/span> <span style=\"font-size: 10pt;\">AJOUTER UN COMMENTAIRE<\/span>\u00a0<span style=\"font-size: 36pt; color: #ff6600;\">\u2309<\/span><\/strong><\/p>\n\n<div class=\"wpcf7 no-js\" id=\"wpcf7-f8536-o1\" lang=\"fr-FR\" dir=\"ltr\" data-wpcf7-id=\"8536\">\n<div class=\"screen-reader-response\"><p role=\"status\" aria-live=\"polite\" aria-atomic=\"true\"><\/p> <ul><\/ul><\/div>\n<form action=\"\/fr\/wp-json\/wp\/v2\/pages\/9948#wpcf7-f8536-o1\" method=\"post\" class=\"wpcf7-form init\" aria-label=\"Formulaire de contact\" novalidate=\"novalidate\" data-status=\"init\">\n<fieldset class=\"hidden-fields-container\"><input type=\"hidden\" name=\"_wpcf7\" value=\"8536\" \/><input type=\"hidden\" name=\"_wpcf7_version\" value=\"6.1.5\" \/><input type=\"hidden\" name=\"_wpcf7_locale\" value=\"fr_FR\" \/><input type=\"hidden\" name=\"_wpcf7_unit_tag\" value=\"wpcf7-f8536-o1\" \/><input type=\"hidden\" name=\"_wpcf7_container_post\" value=\"0\" \/><input type=\"hidden\" name=\"_wpcf7_posted_data_hash\" value=\"\" \/><input type=\"hidden\" name=\"_wpcf7dtx_version\" value=\"5.0.5\" \/><input type=\"hidden\" name=\"_wpcf7_recaptcha_response\" value=\"\" \/>\n<\/fieldset>\n<span class=\"wpcf7-form-control-wrap chapter\" data-name=\"chapter\"><input type=\"hidden\" name=\"chapter\" class=\"wpcf7-form-control wpcf7-hidden wpcf7dtx wpcf7dtx-hidden\" aria-invalid=\"false\" value=\"Centres de Conferences\u00a0au Maroc\"><\/span>\n<p>Votre commentaire:\n<\/p>\n<p><span class=\"wpcf7-form-control-wrap\" data-name=\"your-message\"><textarea cols=\"40\" rows=\"10\" maxlength=\"2000\" class=\"wpcf7-form-control wpcf7-textarea\" aria-invalid=\"false\" name=\"your-message\"><\/textarea><\/span>\n<\/p>\n<p>*Votre nom:\n<\/p>\n<p><span class=\"wpcf7-form-control-wrap\" data-name=\"your-name\"><input size=\"40\" maxlength=\"400\" class=\"wpcf7-form-control wpcf7-text wpcf7-validates-as-required\" aria-required=\"true\" aria-invalid=\"false\" value=\"\" type=\"text\" name=\"your-name\" \/><\/span>\n<\/p>\n<p>*Votre email:\n<\/p>\n<p><span class=\"wpcf7-form-control-wrap\" data-name=\"your-email\"><input size=\"40\" maxlength=\"400\" class=\"wpcf7-form-control wpcf7-email wpcf7-validates-as-required wpcf7-text wpcf7-validates-as-email\" aria-required=\"true\" aria-invalid=\"false\" value=\"\" type=\"email\" name=\"your-email\" \/><\/span>\n<\/p>\n<p><input class=\"wpcf7-form-control wpcf7-submit has-spinner\" type=\"submit\" value=\"Envoyer\" \/>\n<\/p><div class=\"wpcf7-response-output\" aria-hidden=\"true\"><\/div>\n<\/form>\n<\/div>\n\n<p style=\"text-align: left;\"><span style=\"font-family: verdana,geneva,sans-serif; background-color: #00ff00;\">\n<\/div><h2 class=\"tabtitle\">Vid\u00e9os<\/h2>\n<div class=\"tabcontent\">\n<\/span><\/p>\n<div class=\"arrow-down\" style=\"margin-left: auto; margin-right: auto;\"><\/div>\n<div style=\"width: 200px; height: 000px; overflow: auto; background-color: white; margin-left: auto; margin-right: auto;\">\n<div style=\"width: 200px; height: 700px;\">\n<div class=\"rTableCell\"><div style=\"width: 190px\" class=\"wp-caption aligncenter\"><a href=\"https:\/\/www.youtube.com\/watch?v=xPOnTV8vMmM\" target=\"_blank\" rel=\"noopener noreferrer\"><img loading=\"lazy\" decoding=\"async\" title=\"Les participants au Med-IT 2017 s'expriment [28 novembre 2017] \" src=\"https:\/\/www.moroccodemia.com\/fr\/media\/2017\/11\/Mdemia-FHORRESEVENTSYTB1.png\" alt=\"Les participants au Med-IT 2017 s'expriment [28 novembre 2017] \" width=\"180\" height=\"100\" \/><\/a><p class=\"wp-caption-text\">Les participants au Med-IT 2017 s&rsquo;expriment [28 novembre 2017]<\/p><\/div><\/div>\n<\/div>\n<\/div>\n<div class=\"arrow-up\" style=\"margin-left: auto; margin-right: auto;\"><\/div>\n<p style=\"text-align: left;\"><span style=\"background-color: #00ff00; font-family: verdana,geneva,sans-serif;\">\n<\/div><h2 class=\"tabtitle\">Liens<\/h2>\n<div class=\"tabcontent\">\n<\/span><\/p>\n<div class=\"arrow-down\" style=\"margin-left: auto; margin-right: auto;\"><\/div>\n<div style=\"width: 200px; height: 000px; overflow: auto; background-color: white; margin-left: auto; margin-right: auto;\">\n<div style=\"width: 200px; height: 700px;\">\n<div class=\"rTableCell\">\n<div style=\"width: 190px\" class=\"wp-caption aligncenter\"><a href=\"http:\/\/www.limag.refer.org\/new\/index.php?inc=colmanif&amp;action=list\" target=\"_blank\" rel=\"noopener noreferrer\"><img loading=\"lazy\" decoding=\"async\" title=\"Colloques, Manifestations et Ev\u00e9nements \" src=\"https:\/\/www.moroccodemia.com\/fr\/media\/2015\/08\/Colloques-et-al.-180x100.png\" alt=\"Colloques, Manifestations et Ev\u00e9nements \" width=\"180\" height=\"100\" \/><\/a><p class=\"wp-caption-text\"><span style=\"font-size: 8pt; font-family: verdana, geneva, sans-serif;\">Colloques, Manifestations et Ev\u00e9nements<\/span><\/p><\/div>\n<\/div>\n<p>&nbsp;<\/p>\n<div class=\"rTableCell\">\n<div style=\"width: 190px\" class=\"wp-caption aligncenter\"><a href=\"http:\/\/www.uca.ma\/fr\/events\/\" target=\"_blank\" rel=\"noopener noreferrer\"><img loading=\"lazy\" decoding=\"async\" title=\"L'Agenda de l'UCA \" src=\"https:\/\/www.moroccodemia.com\/fr\/media\/2015\/08\/Cadi-Ayyad-University.png\" alt=\"L'Agenda de l'UCA \" width=\"180\" height=\"100\" \/><\/a><p class=\"wp-caption-text\"><span style=\"font-size: 8pt; font-family: verdana, geneva, sans-serif;\">L&rsquo;Agenda de l&rsquo;UCA<\/span><\/p><\/div>\n<\/div>\n<\/div>\n<\/div>\n<div class=\"arrow-up\" style=\"margin-left: auto; margin-right: auto;\"><\/div>\n<div style=\"width: 200px; height: 000px; overflow: auto; background-color: white; margin-left: auto; margin-right: auto;\">\n<div style=\"width: 200px; height: 700px;\">\n<div class=\"rTableCell\"><\/div>\n<\/div>\n<\/div>\n<p><span style=\"background-color: #00ff00; font-family: verdana,geneva,sans-serif;\"><\/div><\/div><\/span><\/p>\n<hr \/>\n<h2 style=\"text-align: center;\"><strong><span style=\"font-size: 12pt;\"><span style=\"font-size: 14pt; font-family: verdana,geneva,sans-serif;\"><span style=\"font-size: 10pt;\"><span style=\"font-family: verdana, geneva, sans-serif;\"><span style=\"font-size: 18.6667px;\">Centres de Conferences<\/span>\u00a0au Maroc<\/span>\/<\/span><\/span><\/span><\/strong><\/h2>\n<hr \/>\n<\/div>\n<\/div>\n<\/div>\n<\/div>\n","protected":false},"excerpt":{"rendered":"<p>Centres de Conference\u00a0au Maroc Parcourir en arabeParcourir en anglais Centre de Conference Mohamed VI &#8211; Skhirat Palais des Congr\u00e8s &#8211; Marrakech Centre de conf\u00e9rence de la Fondation Mohammed VI \u2013 Rabat\u00a0 EVENEMENTS SCIENTIFIQUES EVENEMENTS CULTURELS \u2308 COMMENTAIRES\u00a0\u2309 \u00a0Salam alaykoum, Je suis un \u00e9tudiant Belge (converti \u00e0 l&rsquo;islam) d&rsquo;origine italienne, dipl\u00f4m\u00e9 de l&rsquo;universit\u00e9 islamique de M\u00e9dine [&hellip;]<\/p>\n","protected":false},"author":1,"featured_media":0,"parent":0,"menu_order":0,"comment_status":"closed","ping_status":"closed","template":"","meta":{"footnotes":""},"class_list":["post-9948","page","type-page","status-publish","hentry"],"yoast_head":"<!-- This site is optimized with the Yoast SEO plugin v27.4 - https:\/\/yoast.com\/product\/yoast-seo-wordpress\/ -->\n<title>Centres de Conferences\u00a0au Maroc | moroccodemia fran\u00e7ais<\/title>\n<meta name=\"robots\" content=\"index, follow, max-snippet:-1, max-image-preview:large, max-video-preview:-1\" \/>\n<link rel=\"canonical\" href=\"https:\/\/www.moroccodemia.com\/fr\/centres-de-conferences-au-maroc\/\" \/>\n<meta property=\"og:locale\" content=\"fr_FR\" \/>\n<meta property=\"og:type\" content=\"article\" \/>\n<meta property=\"og:title\" content=\"Centres de Conferences\u00a0au Maroc | moroccodemia fran\u00e7ais\" \/>\n<meta property=\"og:description\" content=\"Centres de Conference\u00a0au Maroc Parcourir en arabeParcourir en anglais Centre de Conference Mohamed VI &#8211; Skhirat Palais des Congr\u00e8s &#8211; Marrakech Centre de conf\u00e9rence de la Fondation Mohammed VI \u2013 Rabat\u00a0 EVENEMENTS SCIENTIFIQUES EVENEMENTS CULTURELS \u2308 COMMENTAIRES\u00a0\u2309 \u00a0Salam alaykoum, Je suis un \u00e9tudiant Belge (converti \u00e0 l&rsquo;islam) d&rsquo;origine italienne, dipl\u00f4m\u00e9 de l&rsquo;universit\u00e9 islamique de M\u00e9dine [&hellip;]\" \/>\n<meta property=\"og:url\" content=\"https:\/\/www.moroccodemia.com\/fr\/centres-de-conferences-au-maroc\/\" \/>\n<meta property=\"og:site_name\" content=\"morocco academia french\" \/>\n<meta property=\"article:publisher\" content=\"https:\/\/www.facebook.com\/Morocco-academia-239938123438369\/\" \/>\n<meta property=\"article:modified_time\" content=\"2020-05-25T15:11:24+00:00\" \/>\n<meta property=\"og:image\" content=\"https:\/\/www.moroccodemia.com\/fr\/media\/2019\/01\/IconBlackConference-Center.png\" \/>\n<meta name=\"twitter:card\" content=\"summary_large_image\" \/>\n<meta name=\"twitter:site\" content=\"@moroccodemia\" \/>\n<meta name=\"twitter:label1\" content=\"Dur\u00e9e de lecture estim\u00e9e\" \/>\n\t<meta name=\"twitter:data1\" content=\"1 minute\" \/>\n<script type=\"application\/ld+json\" class=\"yoast-schema-graph\">{\"@context\":\"https:\\\/\\\/schema.org\",\"@graph\":[{\"@type\":\"WebPage\",\"@id\":\"https:\\\/\\\/www.moroccodemia.com\\\/fr\\\/centres-de-conferences-au-maroc\\\/\",\"url\":\"https:\\\/\\\/www.moroccodemia.com\\\/fr\\\/centres-de-conferences-au-maroc\\\/\",\"name\":\"Centres de Conferences\u00a0au Maroc | moroccodemia fran\u00e7ais\",\"isPartOf\":{\"@id\":\"https:\\\/\\\/www.moroccodemia.com\\\/fr\\\/#website\"},\"primaryImageOfPage\":{\"@id\":\"https:\\\/\\\/www.moroccodemia.com\\\/fr\\\/centres-de-conferences-au-maroc\\\/#primaryimage\"},\"image\":{\"@id\":\"https:\\\/\\\/www.moroccodemia.com\\\/fr\\\/centres-de-conferences-au-maroc\\\/#primaryimage\"},\"thumbnailUrl\":\"https:\\\/\\\/www.moroccodemia.com\\\/fr\\\/media\\\/2019\\\/01\\\/IconBlackConference-Center.png\",\"datePublished\":\"2018-01-11T13:54:04+00:00\",\"dateModified\":\"2020-05-25T15:11:24+00:00\",\"breadcrumb\":{\"@id\":\"https:\\\/\\\/www.moroccodemia.com\\\/fr\\\/centres-de-conferences-au-maroc\\\/#breadcrumb\"},\"inLanguage\":\"fr-FR\",\"potentialAction\":[{\"@type\":\"ReadAction\",\"target\":[\"https:\\\/\\\/www.moroccodemia.com\\\/fr\\\/centres-de-conferences-au-maroc\\\/\"]}]},{\"@type\":\"ImageObject\",\"inLanguage\":\"fr-FR\",\"@id\":\"https:\\\/\\\/www.moroccodemia.com\\\/fr\\\/centres-de-conferences-au-maroc\\\/#primaryimage\",\"url\":\"https:\\\/\\\/www.moroccodemia.com\\\/fr\\\/media\\\/2019\\\/01\\\/IconBlackConference-Center.png\",\"contentUrl\":\"https:\\\/\\\/www.moroccodemia.com\\\/fr\\\/media\\\/2019\\\/01\\\/IconBlackConference-Center.png\",\"width\":100,\"height\":100},{\"@type\":\"BreadcrumbList\",\"@id\":\"https:\\\/\\\/www.moroccodemia.com\\\/fr\\\/centres-de-conferences-au-maroc\\\/#breadcrumb\",\"itemListElement\":[{\"@type\":\"ListItem\",\"position\":1,\"name\":\"Accueil\",\"item\":\"https:\\\/\\\/www.moroccodemia.com\\\/fr\\\/\"},{\"@type\":\"ListItem\",\"position\":2,\"name\":\"Centres de Conferences\u00a0au Maroc\"}]},{\"@type\":\"WebSite\",\"@id\":\"https:\\\/\\\/www.moroccodemia.com\\\/fr\\\/#website\",\"url\":\"https:\\\/\\\/www.moroccodemia.com\\\/fr\\\/\",\"name\":\"morocco academia french\",\"description\":\"L'information, tout simplement\",\"potentialAction\":[{\"@type\":\"SearchAction\",\"target\":{\"@type\":\"EntryPoint\",\"urlTemplate\":\"https:\\\/\\\/www.moroccodemia.com\\\/fr\\\/?s={search_term_string}\"},\"query-input\":{\"@type\":\"PropertyValueSpecification\",\"valueRequired\":true,\"valueName\":\"search_term_string\"}}],\"inLanguage\":\"fr-FR\"}]}<\/script>\n<!-- \/ Yoast SEO plugin. -->","yoast_head_json":{"title":"Centres de Conferences\u00a0au Maroc | moroccodemia fran\u00e7ais","robots":{"index":"index","follow":"follow","max-snippet":"max-snippet:-1","max-image-preview":"max-image-preview:large","max-video-preview":"max-video-preview:-1"},"canonical":"https:\/\/www.moroccodemia.com\/fr\/centres-de-conferences-au-maroc\/","og_locale":"fr_FR","og_type":"article","og_title":"Centres de Conferences\u00a0au Maroc | moroccodemia fran\u00e7ais","og_description":"Centres de Conference\u00a0au Maroc Parcourir en arabeParcourir en anglais Centre de Conference Mohamed VI &#8211; Skhirat Palais des Congr\u00e8s &#8211; Marrakech Centre de conf\u00e9rence de la Fondation Mohammed VI \u2013 Rabat\u00a0 EVENEMENTS SCIENTIFIQUES EVENEMENTS CULTURELS \u2308 COMMENTAIRES\u00a0\u2309 \u00a0Salam alaykoum, Je suis un \u00e9tudiant Belge (converti \u00e0 l&rsquo;islam) d&rsquo;origine italienne, dipl\u00f4m\u00e9 de l&rsquo;universit\u00e9 islamique de M\u00e9dine [&hellip;]","og_url":"https:\/\/www.moroccodemia.com\/fr\/centres-de-conferences-au-maroc\/","og_site_name":"morocco academia french","article_publisher":"https:\/\/www.facebook.com\/Morocco-academia-239938123438369\/","article_modified_time":"2020-05-25T15:11:24+00:00","og_image":[{"url":"https:\/\/www.moroccodemia.com\/fr\/media\/2019\/01\/IconBlackConference-Center.png","type":"","width":"","height":""}],"twitter_card":"summary_large_image","twitter_site":"@moroccodemia","twitter_misc":{"Dur\u00e9e de lecture estim\u00e9e":"1 minute"},"schema":{"@context":"https:\/\/schema.org","@graph":[{"@type":"WebPage","@id":"https:\/\/www.moroccodemia.com\/fr\/centres-de-conferences-au-maroc\/","url":"https:\/\/www.moroccodemia.com\/fr\/centres-de-conferences-au-maroc\/","name":"Centres de Conferences\u00a0au Maroc | moroccodemia fran\u00e7ais","isPartOf":{"@id":"https:\/\/www.moroccodemia.com\/fr\/#website"},"primaryImageOfPage":{"@id":"https:\/\/www.moroccodemia.com\/fr\/centres-de-conferences-au-maroc\/#primaryimage"},"image":{"@id":"https:\/\/www.moroccodemia.com\/fr\/centres-de-conferences-au-maroc\/#primaryimage"},"thumbnailUrl":"https:\/\/www.moroccodemia.com\/fr\/media\/2019\/01\/IconBlackConference-Center.png","datePublished":"2018-01-11T13:54:04+00:00","dateModified":"2020-05-25T15:11:24+00:00","breadcrumb":{"@id":"https:\/\/www.moroccodemia.com\/fr\/centres-de-conferences-au-maroc\/#breadcrumb"},"inLanguage":"fr-FR","potentialAction":[{"@type":"ReadAction","target":["https:\/\/www.moroccodemia.com\/fr\/centres-de-conferences-au-maroc\/"]}]},{"@type":"ImageObject","inLanguage":"fr-FR","@id":"https:\/\/www.moroccodemia.com\/fr\/centres-de-conferences-au-maroc\/#primaryimage","url":"https:\/\/www.moroccodemia.com\/fr\/media\/2019\/01\/IconBlackConference-Center.png","contentUrl":"https:\/\/www.moroccodemia.com\/fr\/media\/2019\/01\/IconBlackConference-Center.png","width":100,"height":100},{"@type":"BreadcrumbList","@id":"https:\/\/www.moroccodemia.com\/fr\/centres-de-conferences-au-maroc\/#breadcrumb","itemListElement":[{"@type":"ListItem","position":1,"name":"Accueil","item":"https:\/\/www.moroccodemia.com\/fr\/"},{"@type":"ListItem","position":2,"name":"Centres de Conferences\u00a0au Maroc"}]},{"@type":"WebSite","@id":"https:\/\/www.moroccodemia.com\/fr\/#website","url":"https:\/\/www.moroccodemia.com\/fr\/","name":"morocco academia french","description":"L'information, tout simplement","potentialAction":[{"@type":"SearchAction","target":{"@type":"EntryPoint","urlTemplate":"https:\/\/www.moroccodemia.com\/fr\/?s={search_term_string}"},"query-input":{"@type":"PropertyValueSpecification","valueRequired":true,"valueName":"search_term_string"}}],"inLanguage":"fr-FR"}]}},"_links":{"self":[{"href":"https:\/\/www.moroccodemia.com\/fr\/wp-json\/wp\/v2\/pages\/9948","targetHints":{"allow":["GET"]}}],"collection":[{"href":"https:\/\/www.moroccodemia.com\/fr\/wp-json\/wp\/v2\/pages"}],"about":[{"href":"https:\/\/www.moroccodemia.com\/fr\/wp-json\/wp\/v2\/types\/page"}],"author":[{"embeddable":true,"href":"https:\/\/www.moroccodemia.com\/fr\/wp-json\/wp\/v2\/users\/1"}],"replies":[{"embeddable":true,"href":"https:\/\/www.moroccodemia.com\/fr\/wp-json\/wp\/v2\/comments?post=9948"}],"version-history":[{"count":3,"href":"https:\/\/www.moroccodemia.com\/fr\/wp-json\/wp\/v2\/pages\/9948\/revisions"}],"predecessor-version":[{"id":13140,"href":"https:\/\/www.moroccodemia.com\/fr\/wp-json\/wp\/v2\/pages\/9948\/revisions\/13140"}],"wp:attachment":[{"href":"https:\/\/www.moroccodemia.com\/fr\/wp-json\/wp\/v2\/media?parent=9948"}],"curies":[{"name":"wp","href":"https:\/\/api.w.org\/{rel}","templated":true}]}}