{"id":9892,"date":"2018-01-08T09:13:40","date_gmt":"2018-01-08T09:13:40","guid":{"rendered":"https:\/\/www.moroccodemia.com\/fr\/?page_id=9892"},"modified":"2019-03-21T08:27:23","modified_gmt":"2019-03-21T08:27:23","slug":"la-fonction-publique-au-maroc","status":"publish","type":"page","link":"https:\/\/www.moroccodemia.com\/fr\/la-fonction-publique-au-maroc\/","title":{"rendered":"La Fonction Publique au Maroc"},"content":{"rendered":"<div class=\"rTable\">\n<div class=\"rTableBody\">\n<div class=\"rTableRow\">\n<div class=\"rTableHead\">\n<hr \/>\n<h1 class=\"h1pagetitle\" style=\"text-align: center;\"><span style=\"font-size: 14pt;\"><strong><span style=\"font-size: 14pt;\">La Fonction Publique<span style=\"font-size: 10pt;\"> au Maroc<\/span><\/span><\/strong><\/span><\/h1>\n<div class=\"dropdown1\"><span><button class=\"dropbtn1\"><\/button><br \/>\n<span class=\"dropdown1-content\"><a href=\"https:\/\/www.moroccodemia.com\/ar\/%D8%A7%D9%84%D9%88%D8%B8%D9%8A%D9%81%D8%A9-%D8%A7%D9%84%D8%B9%D9%85%D9%88%D9%85%D9%8A%D8%A9-%D9%81%D9%8A-%D8%A7%D9%84%D9%85%D8%BA%D8%B1%D8%A8\/\">Parcourir en arabe<\/a><a href=\"https:\/\/www.moroccodemia.com\/en\/civil-service-in-morocco\/\">Parcourir en anglais<\/a><\/span><\/span><\/div>\n<hr \/>\n<div class=\"banner\"><img loading=\"lazy\" decoding=\"async\" src=\"https:\/\/www.moroccodemia.com\/fr\/media\/2019\/01\/IconBlackCivilService.png\" style=\"vertical-align: middle;\" alt=\"La Fonction Publique au Maroc\" title=\"La Fonction Publique au Maroc\" width=\"80\" height=\"80\" \/><\/div>\n<p dir=\"ltr\"><span style=\"background-color: #00ff00; font-family: verdana,geneva,sans-serif;\"><div class=\"responsive-tabs\">\n<h2 class=\"tabtitle\">Aper\u00e7u<\/h2>\n<div class=\"tabcontent\">\n<\/span><\/p>\n<h3 class=\"h3MainContent\" dir=\"ltr\"><span style=\"font-size: 10pt;\"><strong>Quel est le <span style=\"background-color: #ffff00;\">minist\u00e8re de tutelle<\/span>?<\/strong><\/span><\/h3>\n<h2 dir=\"ltr\"><strong><span style=\"font-size: 18pt;\"><a href=\"http:\/\/www.mmsp.gov.ma\/fr\/index.aspx\">Minist\u00e8re de la r\u00e9forme de l&rsquo;Administration et de la fonction publique<\/a><\/span><\/strong><span style=\"font-size: 10pt;\">\/Rabat<\/span><\/h2>\n<p><a href=\"http:\/\/www.mmsp.gov.ma\/fr\/index.aspx\"><img loading=\"lazy\" decoding=\"async\" src=\"https:\/\/www.moroccodemia.com\/fr\/media\/2018\/01\/InstitGovCivil-ServiceMiniste\u0300re-re\u0301forme-administration-et-fonction-publique-M.png\" alt=\"Minist\u00e8re de la R\u00e9forme de l'Administration et de la Fonction Publique - Rabat\" width=\"600\" height=\"400\" class=\"aligncenter wp-image-9900 size-full\" title=\"Minist\u00e8re de la R\u00e9forme de l'Administration et de la Fonction Publique - Rabat\" srcset=\"https:\/\/www.moroccodemia.com\/fr\/media\/2018\/01\/InstitGovCivil-ServiceMiniste\u0300re-re\u0301forme-administration-et-fonction-publique-M.png 600w, https:\/\/www.moroccodemia.com\/fr\/media\/2018\/01\/InstitGovCivil-ServiceMiniste\u0300re-re\u0301forme-administration-et-fonction-publique-M-300x200.png 300w\" sizes=\"auto, (max-width: 600px) 100vw, 600px\" \/><\/a><span style=\"font-size: 8pt;\">Minist\u00e8re de la R\u00e9forme de l&rsquo;Administration et de la Fonction Publique &#8211; Rabat<\/span><\/p>\n<h3 class=\"h3MainContent\"><span style=\"font-size: 10pt;\"><strong><span style=\"background-color: #ffff00;\">Qui<\/span> est \u00e0 la t\u00eate du Minist\u00e8re?<\/strong><\/span><\/h3>\n<p><span style=\"font-size: 10pt;\">Le Minist\u00e8re de la R\u00e9forme de l&rsquo;Administration et de la Fonction Publique est dirig\u00e9 par\u00a0<span style=\"font-size: 18pt;\"><strong>Mohamed Ben Abdelkader<\/strong><\/span>.<\/span><\/p>\n<p><img loading=\"lazy\" decoding=\"async\" src=\"https:\/\/www.moroccodemia.com\/fr\/media\/2018\/01\/GovMinisterCivil-ServiceMohamed-Bin-Abdelkader.png\" alt=\"Mohamed Ben Abdelkader\" width=\"600\" height=\"400\" class=\"aligncenter wp-image-9904 size-full\" title=\"Mohamed Ben Abdelkader\" srcset=\"https:\/\/www.moroccodemia.com\/fr\/media\/2018\/01\/GovMinisterCivil-ServiceMohamed-Bin-Abdelkader.png 600w, https:\/\/www.moroccodemia.com\/fr\/media\/2018\/01\/GovMinisterCivil-ServiceMohamed-Bin-Abdelkader-300x200.png 300w\" sizes=\"auto, (max-width: 600px) 100vw, 600px\" \/><span style=\"font-size: 8pt;\">Mohamed Ben Abdelkader<\/span><\/p>\n<p><span style=\"font-size: 8pt;\"><a href=\"http:\/\/cafrad.int\/fr\/\"><span style=\"font-size: 18pt;\"><strong>Centre Africain de Formation et de Recherche Administratives pour le D\u00e9veloppement<\/strong><\/span><\/a>\u00a0<span style=\"font-size: 10pt;\">\/Tanger<\/span><\/span><\/p>\n<p><a href=\"http:\/\/cafrad.int\/fr\/\"><img loading=\"lazy\" decoding=\"async\" src=\"https:\/\/www.moroccodemia.com\/fr\/media\/2018\/02\/LogoInstitAdminCAFRAD.png\" alt=\"Centre Africain de Formation et de Recherche Administratives pour le D\u00e9veloppement - Tanger\" width=\"600\" height=\"400\" class=\"aligncenter wp-image-10162 size-full\" title=\"Centre Africain de Formation et de Recherche Administratives pour le D\u00e9veloppement - Tanger\" srcset=\"https:\/\/www.moroccodemia.com\/fr\/media\/2018\/02\/LogoInstitAdminCAFRAD.png 600w, https:\/\/www.moroccodemia.com\/fr\/media\/2018\/02\/LogoInstitAdminCAFRAD-300x200.png 300w\" sizes=\"auto, (max-width: 600px) 100vw, 600px\" \/><\/a><span style=\"font-size: 8pt;\">Centre Africain de Formation et de Recherche Administratives pour le D\u00e9veloppement &#8211; Tanger<\/span><\/p>\n<h3 class=\"h3MainContent\" dir=\"ltr\"><span style=\"font-size: 10pt;\"><strong>Quel est le nombre des <span style=\"background-color: #ffff00;\">fonctionnaires<\/span> au Maroc?<\/strong><\/span><\/h3>\n<p dir=\"ltr\"><span style=\"font-size: 10pt;\"><em>[<strong>860,000<\/strong>]\u00a0<\/em>Le nombre de fonctionnaires employ\u00e9s par les diff\u00e9rents \u00e9tablissements et administrations de l&rsquo;\u00e9tat (2014).<\/span><\/p>\n<hr class=\"footer\" \/>\n<h2 class=\"Hidden\"><strong><span style=\"font-size: 10pt;\">Commentaires<\/span><\/strong><\/h2>\n<div class=\"Hidden\"><a href=\"#\" class=\"img-wrapper\"><img decoding=\"async\" src=\"http:\/\/www.moroccodemia.com\/en\/media\/2016\/07\/IconUserShadowBlackOrange120x120.png\" \/><\/a><\/p>\n<div class=\"comment-content\">\n<blockquote>\n<p><span style=\"font-size: 10pt;\"><img loading=\"lazy\" decoding=\"async\" src=\"http:\/\/www.moroccodemia.com\/en\/media\/2016\/07\/Quotation-Marks_OrangeOpening40x40.png\" alt=\"\" width=\"20\" height=\"20\" class=\"alignnone  wp-image-9502\" \/>\u00a0Salam alaykoum,<\/span><\/p>\n<p><span style=\"font-size: 10pt;\">Je suis un \u00e9tudiant Belge (converti \u00e0 l&rsquo;islam) d&rsquo;origine italienne, dipl\u00f4m\u00e9 de l&rsquo;universit\u00e9 islamique de M\u00e9dine (Arabie Saudite) Facult\u00e9 des Fondements de la Religion et de la pr\u00eache, je suis en ce moment en \u00e9tude sup\u00e9rieur apr\u00e8s avoir obtenu ma Licence (mention tr\u00e8s bien : 4.11\/5), il me reste une ann\u00e9e in cha Allah ( le haut dipl\u00f4me toujours dans la m\u00eame facult\u00e9 ) o\u00f9 je devrais pr\u00e9senter une recherche, je voudrais savoir si il me sera possible de continu\u00e9 des \u00e9tudes sup\u00e9rieurs au Maroc (Doctorat), si oui quelles sont les opportunit\u00e9es qui me sont offertes ? o\u00f9 cela ?<\/span><\/p>\n<p><span style=\"font-size: 10pt;\">Je vous remercie d&rsquo;avance pour toute l&rsquo;attention port\u00e9e \u00e0 ce message.<\/span><img loading=\"lazy\" decoding=\"async\" src=\"http:\/\/www.moroccodemia.com\/en\/media\/2015\/10\/Quotation-Marks_OrangeClosing40x40.png\" alt=\"\" width=\"20\" height=\"20\" class=\"alignnone  wp-image-8519\" style=\"font-size: 10pt;\" \/><\/p>\n<\/blockquote>\n<p><span style=\"font-size: 10pt;\"><em><span><span style=\"color: #808080;\">Commentaire:<\/span>\u00a0<\/span>Loris Menegon<br \/>\n<\/em><\/span><span style=\"font-size: 8pt; color: #808080;\">[28 octobre 2017,\u00a0 08:35 ]<\/span><\/p>\n<p><a href=\"#page-part\"><img loading=\"lazy\" decoding=\"async\" src=\"http:\/\/www.moroccodemia.com\/en\/media\/2016\/05\/IconLetter30x20.png\" alt=\"Reply\" width=\"30\" height=\"20\" class=\"alignnone wp-image-9672 size-full\" title=\"Reply\" \/><\/a><\/p>\n<\/div>\n<\/div>\n<h2 class=\"h2MainContent\" id=\"page-part\" style=\"text-align: left;\"><strong><span style=\"font-size: 10pt;\">Ajouter un commentaire<\/span><\/strong><\/h2>\n<p><span style=\"font-size: 10pt;\">\n<div class=\"wpcf7 no-js\" id=\"wpcf7-f8536-o1\" lang=\"fr-FR\" dir=\"ltr\" data-wpcf7-id=\"8536\">\n<div class=\"screen-reader-response\"><p role=\"status\" aria-live=\"polite\" aria-atomic=\"true\"><\/p> <ul><\/ul><\/div>\n<form action=\"\/fr\/wp-json\/wp\/v2\/pages\/9892#wpcf7-f8536-o1\" method=\"post\" class=\"wpcf7-form init\" aria-label=\"Formulaire de contact\" novalidate=\"novalidate\" data-status=\"init\">\n<fieldset class=\"hidden-fields-container\"><input type=\"hidden\" name=\"_wpcf7\" value=\"8536\" \/><input type=\"hidden\" name=\"_wpcf7_version\" value=\"6.1.5\" \/><input type=\"hidden\" name=\"_wpcf7_locale\" value=\"fr_FR\" \/><input type=\"hidden\" name=\"_wpcf7_unit_tag\" value=\"wpcf7-f8536-o1\" \/><input type=\"hidden\" name=\"_wpcf7_container_post\" value=\"0\" \/><input type=\"hidden\" name=\"_wpcf7_posted_data_hash\" value=\"\" \/><input type=\"hidden\" name=\"_wpcf7dtx_version\" value=\"5.0.5\" \/><input type=\"hidden\" name=\"_wpcf7_recaptcha_response\" value=\"\" \/>\n<\/fieldset>\n<span class=\"wpcf7-form-control-wrap chapter\" data-name=\"chapter\"><input type=\"hidden\" name=\"chapter\" class=\"wpcf7-form-control wpcf7-hidden wpcf7dtx wpcf7dtx-hidden\" aria-invalid=\"false\" value=\"La Fonction Publique au Maroc\"><\/span>\n<p>Votre commentaire:\n<\/p>\n<p><span class=\"wpcf7-form-control-wrap\" data-name=\"your-message\"><textarea cols=\"40\" rows=\"10\" maxlength=\"2000\" class=\"wpcf7-form-control wpcf7-textarea\" aria-invalid=\"false\" name=\"your-message\"><\/textarea><\/span>\n<\/p>\n<p>*Votre nom:\n<\/p>\n<p><span class=\"wpcf7-form-control-wrap\" data-name=\"your-name\"><input size=\"40\" maxlength=\"400\" class=\"wpcf7-form-control wpcf7-text wpcf7-validates-as-required\" aria-required=\"true\" aria-invalid=\"false\" value=\"\" type=\"text\" name=\"your-name\" \/><\/span>\n<\/p>\n<p>*Votre email:\n<\/p>\n<p><span class=\"wpcf7-form-control-wrap\" data-name=\"your-email\"><input size=\"40\" maxlength=\"400\" class=\"wpcf7-form-control wpcf7-email wpcf7-validates-as-required wpcf7-text wpcf7-validates-as-email\" aria-required=\"true\" aria-invalid=\"false\" value=\"\" type=\"email\" name=\"your-email\" \/><\/span>\n<\/p>\n<p><input class=\"wpcf7-form-control wpcf7-submit has-spinner\" type=\"submit\" value=\"Envoyer\" \/>\n<\/p><div class=\"wpcf7-response-output\" aria-hidden=\"true\"><\/div>\n<\/form>\n<\/div>\n<\/span><\/p>\n<p><span style=\"background-color: #00ff00; font-family: verdana, geneva, sans-serif; font-size: 10pt;\">\n<\/div><h2 class=\"tabtitle\">Vid\u00e9os<\/h2>\n<div class=\"tabcontent\">\n<\/span><\/p>\n<div class=\"arrow-down\" style=\"margin-left: auto; margin-right: auto;\"><\/div>\n<div style=\"width: 200px; height: 000px; overflow: auto; background-color: white; margin-left: auto; margin-right: auto;\">\n<div style=\"width: 200px; height: 700px;\">\n<div class=\"rTableCell\">\n<div style=\"width: 190px\" class=\"wp-caption aligncenter\"><a href=\"https:\/\/www.youtube.com\/watch?v=tD5smdwEuVE\" target=\"_blank\" rel=\"noopener noreferrer\"><img loading=\"lazy\" decoding=\"async\" title=\"Ad\u00e9quation formation-emploi : quelle relation entre l\u2019\u00e9cole et l\u2019entreprise? [4 d\u00e9cembre 2014] \" src=\"https:\/\/www.moroccodemia.com\/fr\/media\/2015\/08\/Mdemia-FHOREMPLOYERSJobsYTB1.png\" alt=\"Ad\u00e9quation formation-emploi : quelle relation entre l\u2019\u00e9cole et l\u2019entreprise? [4 d\u00e9cembre 2014] \" width=\"180\" height=\"100\" \/><\/a><p class=\"wp-caption-text\"><span style=\"font-size: 10pt;\">Ad\u00e9quation formation-emploi : quelle relation entre l\u2019\u00e9cole et l\u2019entreprise? [4 d\u00e9cembre 2014]<\/span><\/p><\/div>\n<\/div>\n<\/div>\n<\/div>\n<div class=\"arrow-up\" style=\"margin-left: auto; margin-right: auto;\"><\/div>\n<p><span style=\"background-color: #00ff00; font-family: verdana, geneva, sans-serif; font-size: 10pt;\">\n<\/div><h2 class=\"tabtitle\">Liens<\/h2>\n<div class=\"tabcontent\">\n<\/span><\/p>\n<div class=\"arrow-down\" style=\"margin-left: auto; margin-right: auto;\"><\/div>\n<div style=\"width: 200px; height: 000px; overflow: auto; background-color: white; margin-left: auto; margin-right: auto;\">\n<div style=\"width: 200px; height: 700px;\">\n<div class=\"rTableCell\"><span style=\"font-size: 10pt;\"><a href=\"http:\/\/emploi-public.ma\/fr\/index.asp\" target=\"_blank\" rel=\"noopener noreferrer\"><img loading=\"lazy\" decoding=\"async\" title=\"Emploi Public\" src=\"https:\/\/www.moroccodemia.com\/fr\/media\/2015\/08\/EmpoiPublic.png\" alt=\"Emploi Public\" width=\"180\" height=\"100\" class=\"alignnone\" \/><\/a><\/span><\/div>\n<p><\/p>\n<div class=\"rTableCell\"><span style=\"font-size: 10pt;\"><a href=\"http:\/\/www.anapec.org\/sigec-app-rv\/\" target=\"_blank\" rel=\"noopener noreferrer\"><img loading=\"lazy\" decoding=\"async\" class=\"aligncenter\" title=\"ANAPEC \" src=\"https:\/\/www.moroccodemia.com\/fr\/media\/2017\/12\/InstitLaborJobsANAPEC.png\" alt=\"\" width=\"180\" height=\"100\" \/><\/a><\/span><\/div>\n<p><\/p>\n<div class=\"rTableCell\"><span style=\"font-size: 10pt;\"><a href=\"http:\/\/www.emploi.ma\/\" target=\"_blank\" rel=\"noopener noreferrer\"><img loading=\"lazy\" decoding=\"async\" class=\"aligncenter\" title=\"Emploi\" src=\"https:\/\/www.moroccodemia.com\/fr\/media\/2015\/08\/Emploi.jpg\" alt=\"\" width=\"180\" height=\"100\" \/><\/a><\/span><\/div>\n<p><\/p>\n<div class=\"rTableCell\"><span style=\"font-size: 10pt;\"><a href=\"http:\/\/marocemploi.net\/\" target=\"_blank\" rel=\"noopener noreferrer\"><img loading=\"lazy\" decoding=\"async\" class=\"aligncenter\" title=\"Maroc Emploi \" src=\"https:\/\/www.moroccodemia.com\/fr\/media\/2015\/08\/emploimaroc.png\" alt=\"\" width=\"180\" height=\"75\" \/><\/a><\/span><\/div>\n<p><\/p>\n<div class=\"rTableCell\"><span style=\"font-size: 10pt;\"><a href=\"http:\/\/www.indh.ma\/index.php\/fr\/\" target=\"_blank\" rel=\"noopener noreferrer\"><img loading=\"lazy\" decoding=\"async\" class=\"aligncenter\" title=\"INDH\" src=\"https:\/\/www.moroccodemia.com\/fr\/media\/2015\/08\/INDH.png\" alt=\"\" width=\"180\" height=\"75\" \/><\/a><\/span><\/div>\n<p><\/p>\n<div class=\"rTableCell\"><span style=\"font-size: 10pt;\"><a href=\"http:\/\/www.careersinmorocco.com\" target=\"_blank\" rel=\"noopener noreferrer\"><img loading=\"lazy\" decoding=\"async\" class=\"aligncenter\" title=\"Careers in Morocco\" src=\"https:\/\/www.moroccodemia.com\/fr\/media\/2015\/08\/Careers-in-Morocco.png\" alt=\"\" width=\"180\" height=\"75\" \/><\/a><\/span><\/div>\n<\/div>\n<\/div>\n<div class=\"arrow-up\" style=\"margin-left: auto; margin-right: auto;\"><\/div>\n<p><span style=\"background-color: #00ff00; font-family: verdana, geneva, sans-serif; font-size: 10pt;\"><\/div><\/div><\/span><\/p>\n<hr \/>\n<h2 class=\"rTableHead\" style=\"text-align: center;\"><strong><span style=\"font-size: 14pt;\">La Fonction Publique<span style=\"font-size: 10pt;\"> au Maroc\/<\/span><\/span><\/strong><\/h2>\n<hr \/>\n<\/div>\n<\/div>\n<\/div>\n<\/div>\n","protected":false},"excerpt":{"rendered":"<p>La Fonction Publique au Maroc Parcourir en arabeParcourir en anglais Quel est le minist\u00e8re de tutelle? Minist\u00e8re de la r\u00e9forme de l&rsquo;Administration et de la fonction publique\/Rabat Minist\u00e8re de la R\u00e9forme de l&rsquo;Administration et de la Fonction Publique &#8211; Rabat Qui est \u00e0 la t\u00eate du Minist\u00e8re? Le Minist\u00e8re de la R\u00e9forme de l&rsquo;Administration et [&hellip;]<\/p>\n","protected":false},"author":1,"featured_media":0,"parent":0,"menu_order":0,"comment_status":"closed","ping_status":"closed","template":"","meta":{"footnotes":""},"class_list":["post-9892","page","type-page","status-publish","hentry"],"yoast_head":"<!-- This site is optimized with the Yoast SEO plugin v27.4 - https:\/\/yoast.com\/product\/yoast-seo-wordpress\/ -->\n<title>La Fonction Publique au Maroc | moroccodemia fran\u00e7ais<\/title>\n<meta name=\"robots\" content=\"index, follow, max-snippet:-1, max-image-preview:large, max-video-preview:-1\" \/>\n<link rel=\"canonical\" href=\"https:\/\/www.moroccodemia.com\/fr\/la-fonction-publique-au-maroc\/\" \/>\n<meta property=\"og:locale\" content=\"fr_FR\" \/>\n<meta property=\"og:type\" content=\"article\" \/>\n<meta property=\"og:title\" content=\"La Fonction Publique au Maroc | moroccodemia fran\u00e7ais\" \/>\n<meta property=\"og:description\" content=\"La Fonction Publique au Maroc Parcourir en arabeParcourir en anglais Quel est le minist\u00e8re de tutelle? Minist\u00e8re de la r\u00e9forme de l&rsquo;Administration et de la fonction publique\/Rabat Minist\u00e8re de la R\u00e9forme de l&rsquo;Administration et de la Fonction Publique &#8211; Rabat Qui est \u00e0 la t\u00eate du Minist\u00e8re? Le Minist\u00e8re de la R\u00e9forme de l&rsquo;Administration et [&hellip;]\" \/>\n<meta property=\"og:url\" content=\"https:\/\/www.moroccodemia.com\/fr\/la-fonction-publique-au-maroc\/\" \/>\n<meta property=\"og:site_name\" content=\"morocco academia french\" \/>\n<meta property=\"article:publisher\" content=\"https:\/\/www.facebook.com\/Morocco-academia-239938123438369\/\" \/>\n<meta property=\"article:modified_time\" content=\"2019-03-21T08:27:23+00:00\" \/>\n<meta property=\"og:image\" content=\"https:\/\/www.moroccodemia.com\/fr\/media\/2019\/01\/IconBlackCivilService.png\" \/>\n<meta name=\"twitter:card\" content=\"summary_large_image\" \/>\n<meta name=\"twitter:site\" content=\"@moroccodemia\" \/>\n<meta name=\"twitter:label1\" content=\"Dur\u00e9e de lecture estim\u00e9e\" \/>\n\t<meta name=\"twitter:data1\" content=\"1 minute\" \/>\n<script type=\"application\/ld+json\" class=\"yoast-schema-graph\">{\"@context\":\"https:\\\/\\\/schema.org\",\"@graph\":[{\"@type\":\"WebPage\",\"@id\":\"https:\\\/\\\/www.moroccodemia.com\\\/fr\\\/la-fonction-publique-au-maroc\\\/\",\"url\":\"https:\\\/\\\/www.moroccodemia.com\\\/fr\\\/la-fonction-publique-au-maroc\\\/\",\"name\":\"La Fonction Publique au Maroc | moroccodemia fran\u00e7ais\",\"isPartOf\":{\"@id\":\"https:\\\/\\\/www.moroccodemia.com\\\/fr\\\/#website\"},\"primaryImageOfPage\":{\"@id\":\"https:\\\/\\\/www.moroccodemia.com\\\/fr\\\/la-fonction-publique-au-maroc\\\/#primaryimage\"},\"image\":{\"@id\":\"https:\\\/\\\/www.moroccodemia.com\\\/fr\\\/la-fonction-publique-au-maroc\\\/#primaryimage\"},\"thumbnailUrl\":\"https:\\\/\\\/www.moroccodemia.com\\\/fr\\\/media\\\/2019\\\/01\\\/IconBlackCivilService.png\",\"datePublished\":\"2018-01-08T09:13:40+00:00\",\"dateModified\":\"2019-03-21T08:27:23+00:00\",\"breadcrumb\":{\"@id\":\"https:\\\/\\\/www.moroccodemia.com\\\/fr\\\/la-fonction-publique-au-maroc\\\/#breadcrumb\"},\"inLanguage\":\"fr-FR\",\"potentialAction\":[{\"@type\":\"ReadAction\",\"target\":[\"https:\\\/\\\/www.moroccodemia.com\\\/fr\\\/la-fonction-publique-au-maroc\\\/\"]}]},{\"@type\":\"ImageObject\",\"inLanguage\":\"fr-FR\",\"@id\":\"https:\\\/\\\/www.moroccodemia.com\\\/fr\\\/la-fonction-publique-au-maroc\\\/#primaryimage\",\"url\":\"https:\\\/\\\/www.moroccodemia.com\\\/fr\\\/media\\\/2019\\\/01\\\/IconBlackCivilService.png\",\"contentUrl\":\"https:\\\/\\\/www.moroccodemia.com\\\/fr\\\/media\\\/2019\\\/01\\\/IconBlackCivilService.png\",\"width\":100,\"height\":100},{\"@type\":\"BreadcrumbList\",\"@id\":\"https:\\\/\\\/www.moroccodemia.com\\\/fr\\\/la-fonction-publique-au-maroc\\\/#breadcrumb\",\"itemListElement\":[{\"@type\":\"ListItem\",\"position\":1,\"name\":\"Accueil\",\"item\":\"https:\\\/\\\/www.moroccodemia.com\\\/fr\\\/\"},{\"@type\":\"ListItem\",\"position\":2,\"name\":\"La Fonction Publique au Maroc\"}]},{\"@type\":\"WebSite\",\"@id\":\"https:\\\/\\\/www.moroccodemia.com\\\/fr\\\/#website\",\"url\":\"https:\\\/\\\/www.moroccodemia.com\\\/fr\\\/\",\"name\":\"morocco academia french\",\"description\":\"L'information, tout simplement\",\"potentialAction\":[{\"@type\":\"SearchAction\",\"target\":{\"@type\":\"EntryPoint\",\"urlTemplate\":\"https:\\\/\\\/www.moroccodemia.com\\\/fr\\\/?s={search_term_string}\"},\"query-input\":{\"@type\":\"PropertyValueSpecification\",\"valueRequired\":true,\"valueName\":\"search_term_string\"}}],\"inLanguage\":\"fr-FR\"}]}<\/script>\n<!-- \/ Yoast SEO plugin. -->","yoast_head_json":{"title":"La Fonction Publique au Maroc | moroccodemia fran\u00e7ais","robots":{"index":"index","follow":"follow","max-snippet":"max-snippet:-1","max-image-preview":"max-image-preview:large","max-video-preview":"max-video-preview:-1"},"canonical":"https:\/\/www.moroccodemia.com\/fr\/la-fonction-publique-au-maroc\/","og_locale":"fr_FR","og_type":"article","og_title":"La Fonction Publique au Maroc | moroccodemia fran\u00e7ais","og_description":"La Fonction Publique au Maroc Parcourir en arabeParcourir en anglais Quel est le minist\u00e8re de tutelle? Minist\u00e8re de la r\u00e9forme de l&rsquo;Administration et de la fonction publique\/Rabat Minist\u00e8re de la R\u00e9forme de l&rsquo;Administration et de la Fonction Publique &#8211; Rabat Qui est \u00e0 la t\u00eate du Minist\u00e8re? Le Minist\u00e8re de la R\u00e9forme de l&rsquo;Administration et [&hellip;]","og_url":"https:\/\/www.moroccodemia.com\/fr\/la-fonction-publique-au-maroc\/","og_site_name":"morocco academia french","article_publisher":"https:\/\/www.facebook.com\/Morocco-academia-239938123438369\/","article_modified_time":"2019-03-21T08:27:23+00:00","og_image":[{"url":"https:\/\/www.moroccodemia.com\/fr\/media\/2019\/01\/IconBlackCivilService.png","type":"","width":"","height":""}],"twitter_card":"summary_large_image","twitter_site":"@moroccodemia","twitter_misc":{"Dur\u00e9e de lecture estim\u00e9e":"1 minute"},"schema":{"@context":"https:\/\/schema.org","@graph":[{"@type":"WebPage","@id":"https:\/\/www.moroccodemia.com\/fr\/la-fonction-publique-au-maroc\/","url":"https:\/\/www.moroccodemia.com\/fr\/la-fonction-publique-au-maroc\/","name":"La Fonction Publique au Maroc | moroccodemia fran\u00e7ais","isPartOf":{"@id":"https:\/\/www.moroccodemia.com\/fr\/#website"},"primaryImageOfPage":{"@id":"https:\/\/www.moroccodemia.com\/fr\/la-fonction-publique-au-maroc\/#primaryimage"},"image":{"@id":"https:\/\/www.moroccodemia.com\/fr\/la-fonction-publique-au-maroc\/#primaryimage"},"thumbnailUrl":"https:\/\/www.moroccodemia.com\/fr\/media\/2019\/01\/IconBlackCivilService.png","datePublished":"2018-01-08T09:13:40+00:00","dateModified":"2019-03-21T08:27:23+00:00","breadcrumb":{"@id":"https:\/\/www.moroccodemia.com\/fr\/la-fonction-publique-au-maroc\/#breadcrumb"},"inLanguage":"fr-FR","potentialAction":[{"@type":"ReadAction","target":["https:\/\/www.moroccodemia.com\/fr\/la-fonction-publique-au-maroc\/"]}]},{"@type":"ImageObject","inLanguage":"fr-FR","@id":"https:\/\/www.moroccodemia.com\/fr\/la-fonction-publique-au-maroc\/#primaryimage","url":"https:\/\/www.moroccodemia.com\/fr\/media\/2019\/01\/IconBlackCivilService.png","contentUrl":"https:\/\/www.moroccodemia.com\/fr\/media\/2019\/01\/IconBlackCivilService.png","width":100,"height":100},{"@type":"BreadcrumbList","@id":"https:\/\/www.moroccodemia.com\/fr\/la-fonction-publique-au-maroc\/#breadcrumb","itemListElement":[{"@type":"ListItem","position":1,"name":"Accueil","item":"https:\/\/www.moroccodemia.com\/fr\/"},{"@type":"ListItem","position":2,"name":"La Fonction Publique au Maroc"}]},{"@type":"WebSite","@id":"https:\/\/www.moroccodemia.com\/fr\/#website","url":"https:\/\/www.moroccodemia.com\/fr\/","name":"morocco academia french","description":"L'information, tout simplement","potentialAction":[{"@type":"SearchAction","target":{"@type":"EntryPoint","urlTemplate":"https:\/\/www.moroccodemia.com\/fr\/?s={search_term_string}"},"query-input":{"@type":"PropertyValueSpecification","valueRequired":true,"valueName":"search_term_string"}}],"inLanguage":"fr-FR"}]}},"_links":{"self":[{"href":"https:\/\/www.moroccodemia.com\/fr\/wp-json\/wp\/v2\/pages\/9892","targetHints":{"allow":["GET"]}}],"collection":[{"href":"https:\/\/www.moroccodemia.com\/fr\/wp-json\/wp\/v2\/pages"}],"about":[{"href":"https:\/\/www.moroccodemia.com\/fr\/wp-json\/wp\/v2\/types\/page"}],"author":[{"embeddable":true,"href":"https:\/\/www.moroccodemia.com\/fr\/wp-json\/wp\/v2\/users\/1"}],"replies":[{"embeddable":true,"href":"https:\/\/www.moroccodemia.com\/fr\/wp-json\/wp\/v2\/comments?post=9892"}],"version-history":[{"count":3,"href":"https:\/\/www.moroccodemia.com\/fr\/wp-json\/wp\/v2\/pages\/9892\/revisions"}],"predecessor-version":[{"id":11899,"href":"https:\/\/www.moroccodemia.com\/fr\/wp-json\/wp\/v2\/pages\/9892\/revisions\/11899"}],"wp:attachment":[{"href":"https:\/\/www.moroccodemia.com\/fr\/wp-json\/wp\/v2\/media?parent=9892"}],"curies":[{"name":"wp","href":"https:\/\/api.w.org\/{rel}","templated":true}]}}