{"id":9342,"date":"2017-12-13T15:39:12","date_gmt":"2017-12-13T15:39:12","guid":{"rendered":"https:\/\/www.moroccodemia.com\/fr\/?page_id=9342"},"modified":"2021-10-25T11:34:43","modified_gmt":"2021-10-25T10:34:43","slug":"royaume-du-maroc","status":"publish","type":"page","link":"https:\/\/www.moroccodemia.com\/fr\/royaume-du-maroc\/","title":{"rendered":"Royaume du Maroc"},"content":{"rendered":"<div class=\"rTable\">\n<div class=\"rTableBody\">\n<div class=\"rTableRow\">\n<div class=\"rTablehead\">\n<hr \/>\n<h1 class=\"h1pagetitle\">Royaume du Maroc<\/h1>\n<div class=\"dropdown1\"><button class=\"dropbtn1\"><\/button><br class=\"blank\" \/><span class=\"dropdown1-content\"><a href=\"https:\/\/www.moroccodemia.com\/ar\/%D8%A7%D9%84%D9%85%D9%85%D9%84%D9%83%D8%A9-%D8%A7%D9%84%D9%85%D8%BA%D8%B1%D8%A8%D9%8A%D8%A9\/\">Parcourir en arabe<\/a><a href=\"https:\/\/www.moroccodemia.com\/en\/kingdom-of-morocco\/\">Parcourir en anglais<\/a><\/span><\/div>\n<hr \/>\n<div class=\"banner\"><img loading=\"lazy\" decoding=\"async\" class=\"banner-image\" src=\"https:\/\/www.moroccodemia.com\/fr\/media\/2020\/06\/IconBlackKingdom.png\" style=\"vertical-align: middle;\" alt=\"Royaume du Maroc\" title=\"Royaume du Maroc\" width=\"80\" height=\"80\" \/><\/div>\n<p dir=\"ltr\"><span style=\"font-family: verdana, geneva, sans-serif;\"><div class=\"responsive-tabs\">\n<h2 class=\"tabtitle\">Aper\u00e7u<\/h2>\n<div class=\"tabcontent\">\n<\/span><\/p>\n<h3 class=\"h3MainContent\"><span style=\"font-family: verdana,geneva,sans-serif; font-size: 10pt;\"><strong>Quelles sont les variantes du nom \u00ab\u00a0Maroc&rsquo;?<\/strong><\/span><\/h3>\n<p dir=\"ltr\"><span style=\"font-family: verdana,geneva,sans-serif;\"><span style=\"font-size: 10pt;\">Officiellement<\/span> <span style=\"font-size: 18pt;\"><strong>Royaume du Maroc<\/strong><\/span><span style=\"font-size: 10pt;\">, mais<\/span> <span style=\"font-size: 18pt;\"><strong>Maroc<\/strong><\/span> <span style=\"font-size: 10pt;\">reste le nom le plus utilis<span style=\"font-family: verdana,geneva,sans-serif; font-size: 10pt;\">\u00e9<\/span>.\u00a0 \u00ab\u00a0Amour Akouch\u00a0\u00bb est aussi utilis\u00e9 parmi les Amazighophone.<\/span><\/span><\/p>\n<h3 class=\"h3MainContent\">Quelle est la situation g\u00e9ographique du Maroc?<\/h3>\n<p dir=\"ltr\">Le Maroc est situ\u00e9 en <span style=\"font-size: 18pt;\"><strong>Afrique du Nord<\/strong><\/span>.<\/p>\n<h3 class=\"h3MainContent\">Quels sont les pays limitrophes du Maroc?<\/h3>\n<p dir=\"ltr\"><span style=\"font-size: 10pt;\">\u00c0 l&rsquo;est et au sud-est, le Maroc est limitrophe de <span style=\"font-size: 18pt;\">l&rsquo;<strong>Alg\u00e9rie<\/strong><\/span>.\u00a0 Au sud se trouve la <strong><span style=\"font-size: 18pt;\">Mauritanie<\/span><\/strong>.\u00a0 Au nord on trouve la <strong><span style=\"font-size: 18pt;\">mer M\u00e9diterran\u00e9enne<\/span><\/strong> et le d\u00e9troit de Gibraltar \u00e0 travers le quel on peut apercevoir l&rsquo;Espagne et le Portugal (noter l&rsquo;existence des deux enclaves espagnols de Sebta et Melilia).\u00a0 A l&rsquo;ouest du Maroc se trouve l&rsquo;<span style=\"font-size: 18pt;\"><strong>oc\u00e9an atlantique<\/strong><\/span>.<\/span><\/p>\n<p><img loading=\"lazy\" decoding=\"async\" src=\"https:\/\/www.moroccodemia.com\/fr\/media\/2015\/08\/MapOrangeMorocco600x400.png\" alt=\"Projets et investissements\" width=\"600\" height=\"400\" class=\"aligncenter wp-image-7517 size-full\" title=\"Projets et investissements\" srcset=\"https:\/\/www.moroccodemia.com\/fr\/media\/2015\/08\/MapOrangeMorocco600x400.png 600w, https:\/\/www.moroccodemia.com\/fr\/media\/2015\/08\/MapOrangeMorocco600x400-300x200.png 300w\" sizes=\"auto, (max-width: 600px) 100vw, 600px\" \/><\/p>\n<h3 class=\"h3MainContent\">Quelle est la superficie du Maroc?<\/h3>\n<p dir=\"ltr\"><span style=\"font-family: verdana,geneva,sans-serif; font-size: 10pt;\"><span style=\"font-size: 18pt;\"><span style=\"font-size: 10pt;\">Le Maroc est situ<span class=\"st\">\u00e9<\/span> sur une sup<span class=\"st\">e<\/span>rficie de <\/span>[<strong>453,730<\/strong> km<sup>2<\/sup>]<\/span> [175,186 mi<sup>2<\/sup>].<\/span><\/p>\n<h3 class=\"h3MainContent\">Quelles sont les regions du Maroc?<\/h3>\n<p><img loading=\"lazy\" decoding=\"async\" src=\"https:\/\/www.moroccodemia.com\/fr\/media\/2020\/06\/MoroccoMapFRsRegions2016.png\" alt=\"Map: Morocco Regions 2016\" width=\"600\" height=\"400\" class=\"aligncenter wp-image-13302 size-full\" title=\"Les regions du Maroc 2016\" srcset=\"https:\/\/www.moroccodemia.com\/fr\/media\/2020\/06\/MoroccoMapFRsRegions2016.png 600w, https:\/\/www.moroccodemia.com\/fr\/media\/2020\/06\/MoroccoMapFRsRegions2016-300x200.png 300w\" sizes=\"auto, (max-width: 600px) 100vw, 600px\" \/><\/p>\n<h3 class=\"h3MainContent\">Quelle est la population du Maroc?<\/h3>\n<p dir=\"ltr\"><span style=\"font-family: verdana,geneva,sans-serif; font-size: 10pt;\"><span style=\"font-size: 18pt;\">[<strong>36,910,558<\/strong>]<\/span> is the population of Morocco (Banque Mondiale <strong>2020<\/strong>).<\/span><\/p>\n<h3 class=\"h3MainContent\">Quelle est la capitale?<\/h3>\n<p dir=\"ltr\"><span style=\"font-family: verdana,geneva,sans-serif; font-size: 10pt;\"><span style=\"font-size: 18pt;\"><strong>Rabat<\/strong><\/span> est la capitale du Maroc.<\/span><\/p>\n<div><img loading=\"lazy\" decoding=\"async\" src=\"https:\/\/www.moroccodemia.com\/fr\/media\/2018\/01\/TourismCitiesRabat.png\" alt=\"Rabat\" width=\"600\" height=\"400\" class=\"aligncenter wp-image-9799 size-full\" title=\"Rabat\" srcset=\"https:\/\/www.moroccodemia.com\/fr\/media\/2018\/01\/TourismCitiesRabat.png 600w, https:\/\/www.moroccodemia.com\/fr\/media\/2018\/01\/TourismCitiesRabat-300x200.png 300w\" sizes=\"auto, (max-width: 600px) 100vw, 600px\" \/><span style=\"font-size: 8pt;\">La ville de Rabat<\/span><\/div>\n<h3 class=\"h3MainContent\">Quelle est la nature du syst\u00e8me politique?<\/h3>\n<p dir=\"ltr\"><span style=\"font-family: verdana,geneva,sans-serif; font-size: 10pt;\">Le Maroc est une <strong><span style=\"font-size: 18pt;\">monarchie constitutionnelle<\/span>.<\/strong><strong><br \/>\n<\/strong><\/span><\/p>\n<h3 class=\"h3MainContent\">Qui est le Chef de l&rsquo;\u00c9tat?<\/h3>\n<p dir=\"ltr\"><span style=\"font-family: verdana,geneva,sans-serif; font-size: 10pt;\">Le <span style=\"font-size: 18pt;\"><strong>Roi Mohammed VI<\/strong><\/span> est le Chef de l&rsquo;\u00c9tat.<\/span><\/p>\n<div><img loading=\"lazy\" decoding=\"async\" src=\"https:\/\/www.moroccodemia.com\/fr\/media\/2018\/01\/GovernmentHead-of-StateMohamed-VI.png\" alt=\"Mohammed VI \" width=\"600\" height=\"400\" class=\"aligncenter wp-image-9784 size-full\" title=\"Mohammed VI \" srcset=\"https:\/\/www.moroccodemia.com\/fr\/media\/2018\/01\/GovernmentHead-of-StateMohamed-VI.png 600w, https:\/\/www.moroccodemia.com\/fr\/media\/2018\/01\/GovernmentHead-of-StateMohamed-VI-300x200.png 300w\" sizes=\"auto, (max-width: 600px) 100vw, 600px\" \/><span style=\"font-family: verdana, geneva, sans-serif; font-size: 8pt;\">Mohammed VI <\/span><\/div>\n<h3 class=\"h3MainContent\">Qui est le Chef du Gouvernement?<\/h3>\n<p dir=\"ltr\"><span style=\"font-family: verdana,geneva,sans-serif; font-size: 10pt;\">Le <span style=\"font-size: 18pt;\"><strong>Premier Ministre Aziz Akhnouch<\/strong><\/span>\u00a0est le Chef du Gouvernement<\/span><\/p>\n<div><span style=\"font-family: verdana, geneva, sans-serif; font-size: 8pt;\"><img loading=\"lazy\" decoding=\"async\" src=\"https:\/\/www.moroccodemia.com\/fr\/media\/2021\/10\/PortraitGovernmentMinisterHead-of-governmentAziz-Akhnouch.png\" alt=\"Portrait: Aziz Akhnouch\" width=\"600\" height=\"400\" class=\"aligncenter wp-image-15512 size-full\" title=\"Aziz Akhnouch\" srcset=\"https:\/\/www.moroccodemia.com\/fr\/media\/2021\/10\/PortraitGovernmentMinisterHead-of-governmentAziz-Akhnouch.png 600w, https:\/\/www.moroccodemia.com\/fr\/media\/2021\/10\/PortraitGovernmentMinisterHead-of-governmentAziz-Akhnouch-300x200.png 300w\" sizes=\"auto, (max-width: 600px) 100vw, 600px\" \/><\/span><span style=\"font-family: verdana, geneva, sans-serif;\"><span style=\"font-size: 10.6667px; font-weight: 400;\">Aziz Akhnouch<\/span><\/span><\/div>\n<h3 class=\"h3MainContent\">Quelle est la langue officielle?<\/h3>\n<p dir=\"ltr\"><span style=\"font-family: verdana,geneva,sans-serif; font-size: 10pt;\">L&rsquo;<span style=\"font-size: 18pt;\"><strong>Arabe<\/strong><\/span> et l&rsquo;<span style=\"font-size: 18pt;\"><strong>Amazighe<\/strong><\/span> (Berb\u00e8re) sont les deux langues officielles.<\/span><\/p>\n<h3 class=\"h3MainContent\">Quelle est la monnaie nationale?<\/h3>\n<p dir=\"ltr\"><span style=\"font-family: verdana,geneva,sans-serif; font-size: 10pt;\">La monnaie nationale est le <span style=\"font-size: 18pt;\"><strong>dirham<\/strong><\/span> (DH).<\/span><\/p>\n\n<\/div><h2 class=\"tabtitle\">Vid\u00e9os<\/h2>\n<div class=\"tabcontent\">\n\n<div class=\"youtube-player\" data-id=\"AolcWlaL3J4\"><img decoding=\"async\" src=\"https:\/\/i1.wp.com\/i.ytimg.com\/vi\/dgO_IymcRdU\/hqdefault.jpg?ssl=1\" data-recalc-dims=\"1\" class=\"aligncenter\" alt=\"\" \/><\/div>\n<div class=\"play\"><\/div>\n<p data-tadv-p=\"keep\" dir=\"ltr\" style=\"text-align: left;\"><span style=\"font-size: 8pt;\">Visite guid\u00e9e au Mus\u00e9e de l&rsquo;Histoire et des civilisations &#8211; 10 septembre 2018<\/span><\/p>\n<div class=\"youtube-player\" data-id=\"Ccsu7OX3KOo\"><img decoding=\"async\" src=\"https:\/\/i1.wp.com\/i.ytimg.com\/vi\/Ccsu7OX3KOo\/hqdefault.jpg?ssl=1\" data-recalc-dims=\"1\" class=\"aligncenter\" alt=\"\" \/><\/div>\n<div class=\"play\"><\/div>\n<p data-tadv-p=\"keep\" dir=\"ltr\"><span style=\"font-size: 8pt;\">Week-End a Rabat Maroc \/ TF1 &#8211; 24 f\u00e9vrier 2017<\/span><\/p>\n<div class=\"youtube-player\" data-id=\"m3OPxj4EB5I\">\n<p><img decoding=\"async\" src=\"https:\/\/i1.wp.com\/i.ytimg.com\/vi\/m3OPxj4EB5I\/hqdefault.jpg?ssl=1\" data-recalc-dims=\"1\" class=\"aligncenter\" alt=\"\" \/><\/p>\n<div class=\"play\"><\/div>\n<\/div>\n<p data-tadv-p=\"keep\" dir=\"ltr\"><span style=\"font-size: 8pt;\">Le Maroc vu du ciel &#8211; 30 juin 2017<\/span><\/p>\n<div class=\"ytb-placeholder\">\n<p><span class=\"top-left-text\"><span style=\"font-size: 24pt;\">Autres vid\u00e9os<\/span><\/span><\/p>\n<p><img loading=\"lazy\" decoding=\"async\" class=\"top-right-img\" src=\"https:\/\/www.moroccodemia.com\/fr\/media\/2019\/09\/IconOrangeCamera30x30.png\" alt=\"Icon Camera\" width=\"30\" height=\"30\" title=\"Autres vid\u00e9os\" \/><\/p>\n<p><img loading=\"lazy\" decoding=\"async\" class=\"centered-img-Grey\" src=\"https:\/\/www.moroccodemia.com\/fr\/media\/2019\/09\/IconPlay100x100.png\" alt=\"Icon Play\" width=\"75\" height=\"75\" title=\"Autres vid\u00e9os\" \/><\/p>\n<p><img loading=\"lazy\" decoding=\"async\" class=\"centered-img-Orange\" src=\"https:\/\/www.moroccodemia.com\/fr\/media\/2019\/09\/IconOrangePlay100x100.png\" alt=\"Icon Play\" width=\"75\" height=\"75\" title=\"Autres vid\u00e9os\" \/><\/p>\n<p><a class=\"linkSpanner\" href=\"https:\/\/www.moroccodemia.com\/fr\/image-et-son-royaume-du-maroc\/\"><\/a><\/p>\n<\/div>\n<p><span style=\"font-family: verdana, geneva, sans-serif;\">\n<\/div><h2 class=\"tabtitle\">Liens<\/h2>\n<div class=\"tabcontent\">\n<\/span><\/p>\n<div class=\"arrow-down\" style=\"margin-left: auto; margin-right: auto;\"><\/div>\n<div style=\"width: 200px; height: 00px; overflow: auto; background-color: white; margin-left: auto; margin-right: auto;\">\n<div style=\"width: 200px; height: 700px;\"><\/div>\n<\/div>\n<div class=\"arrow-up\" style=\"margin-left: auto; margin-right: auto;\"><\/div>\n<p><span style=\"font-family: verdana, geneva, sans-serif;\"><\/div><\/div><\/span><\/p>\n<hr \/>\n<h2 style=\"text-align: center;\"><span style=\"font-size: 14pt; color: #000000; font-family: verdana, geneva, sans-serif;\"><strong><span style=\"font-size: 14pt; font-family: verdana, geneva, sans-serif;\" mce-data-marked=\"1\">Royaume du Maroc\/<\/span><\/strong><\/span><\/h2>\n<hr \/>\n<\/div>\n<\/div>\n<\/div>\n<\/div>\n","protected":false},"excerpt":{"rendered":"<p>Royaume du Maroc Parcourir en arabeParcourir en anglais Quelles sont les variantes du nom \u00ab\u00a0Maroc&rsquo;? Officiellement Royaume du Maroc, mais Maroc reste le nom le plus utilis\u00e9.\u00a0 \u00ab\u00a0Amour Akouch\u00a0\u00bb est aussi utilis\u00e9 parmi les Amazighophone. Quelle est la situation g\u00e9ographique du Maroc? Le Maroc est situ\u00e9 en Afrique du Nord. Quels sont les pays limitrophes [&hellip;]<\/p>\n","protected":false},"author":1,"featured_media":0,"parent":0,"menu_order":0,"comment_status":"closed","ping_status":"closed","template":"","meta":{"footnotes":""},"class_list":["post-9342","page","type-page","status-publish","hentry"],"yoast_head":"<!-- This site is optimized with the Yoast SEO plugin v27.4 - https:\/\/yoast.com\/product\/yoast-seo-wordpress\/ -->\n<title>Royaume du Maroc | moroccodemia fran\u00e7ais<\/title>\n<meta name=\"robots\" content=\"index, follow, max-snippet:-1, max-image-preview:large, max-video-preview:-1\" \/>\n<link rel=\"canonical\" href=\"https:\/\/www.moroccodemia.com\/fr\/royaume-du-maroc\/\" \/>\n<meta property=\"og:locale\" content=\"fr_FR\" \/>\n<meta property=\"og:type\" content=\"article\" \/>\n<meta property=\"og:title\" content=\"Royaume du Maroc | moroccodemia fran\u00e7ais\" \/>\n<meta property=\"og:description\" content=\"Royaume du Maroc Parcourir en arabeParcourir en anglais Quelles sont les variantes du nom \u00ab\u00a0Maroc&rsquo;? Officiellement Royaume du Maroc, mais Maroc reste le nom le plus utilis\u00e9.\u00a0 \u00ab\u00a0Amour Akouch\u00a0\u00bb est aussi utilis\u00e9 parmi les Amazighophone. Quelle est la situation g\u00e9ographique du Maroc? Le Maroc est situ\u00e9 en Afrique du Nord. Quels sont les pays limitrophes [&hellip;]\" \/>\n<meta property=\"og:url\" content=\"https:\/\/www.moroccodemia.com\/fr\/royaume-du-maroc\/\" \/>\n<meta property=\"og:site_name\" content=\"morocco academia french\" \/>\n<meta property=\"article:publisher\" content=\"https:\/\/www.facebook.com\/Morocco-academia-239938123438369\/\" \/>\n<meta property=\"article:modified_time\" content=\"2021-10-25T10:34:43+00:00\" \/>\n<meta property=\"og:image\" content=\"https:\/\/www.moroccodemia.com\/fr\/media\/2020\/06\/IconBlackKingdom.png\" \/>\n<meta name=\"twitter:card\" content=\"summary_large_image\" \/>\n<meta name=\"twitter:site\" content=\"@moroccodemia\" \/>\n<meta name=\"twitter:label1\" content=\"Dur\u00e9e de lecture estim\u00e9e\" \/>\n\t<meta name=\"twitter:data1\" content=\"4 minutes\" \/>\n<script type=\"application\/ld+json\" class=\"yoast-schema-graph\">{\"@context\":\"https:\\\/\\\/schema.org\",\"@graph\":[{\"@type\":\"WebPage\",\"@id\":\"https:\\\/\\\/www.moroccodemia.com\\\/fr\\\/royaume-du-maroc\\\/\",\"url\":\"https:\\\/\\\/www.moroccodemia.com\\\/fr\\\/royaume-du-maroc\\\/\",\"name\":\"Royaume du Maroc | moroccodemia fran\u00e7ais\",\"isPartOf\":{\"@id\":\"https:\\\/\\\/www.moroccodemia.com\\\/fr\\\/#website\"},\"primaryImageOfPage\":{\"@id\":\"https:\\\/\\\/www.moroccodemia.com\\\/fr\\\/royaume-du-maroc\\\/#primaryimage\"},\"image\":{\"@id\":\"https:\\\/\\\/www.moroccodemia.com\\\/fr\\\/royaume-du-maroc\\\/#primaryimage\"},\"thumbnailUrl\":\"https:\\\/\\\/www.moroccodemia.com\\\/fr\\\/media\\\/2020\\\/06\\\/IconBlackKingdom.png\",\"datePublished\":\"2017-12-13T15:39:12+00:00\",\"dateModified\":\"2021-10-25T10:34:43+00:00\",\"breadcrumb\":{\"@id\":\"https:\\\/\\\/www.moroccodemia.com\\\/fr\\\/royaume-du-maroc\\\/#breadcrumb\"},\"inLanguage\":\"fr-FR\",\"potentialAction\":[{\"@type\":\"ReadAction\",\"target\":[\"https:\\\/\\\/www.moroccodemia.com\\\/fr\\\/royaume-du-maroc\\\/\"]}]},{\"@type\":\"ImageObject\",\"inLanguage\":\"fr-FR\",\"@id\":\"https:\\\/\\\/www.moroccodemia.com\\\/fr\\\/royaume-du-maroc\\\/#primaryimage\",\"url\":\"https:\\\/\\\/www.moroccodemia.com\\\/fr\\\/media\\\/2020\\\/06\\\/IconBlackKingdom.png\",\"contentUrl\":\"https:\\\/\\\/www.moroccodemia.com\\\/fr\\\/media\\\/2020\\\/06\\\/IconBlackKingdom.png\",\"width\":100,\"height\":100},{\"@type\":\"BreadcrumbList\",\"@id\":\"https:\\\/\\\/www.moroccodemia.com\\\/fr\\\/royaume-du-maroc\\\/#breadcrumb\",\"itemListElement\":[{\"@type\":\"ListItem\",\"position\":1,\"name\":\"Accueil\",\"item\":\"https:\\\/\\\/www.moroccodemia.com\\\/fr\\\/\"},{\"@type\":\"ListItem\",\"position\":2,\"name\":\"Royaume du Maroc\"}]},{\"@type\":\"WebSite\",\"@id\":\"https:\\\/\\\/www.moroccodemia.com\\\/fr\\\/#website\",\"url\":\"https:\\\/\\\/www.moroccodemia.com\\\/fr\\\/\",\"name\":\"morocco academia french\",\"description\":\"L'information, tout simplement\",\"potentialAction\":[{\"@type\":\"SearchAction\",\"target\":{\"@type\":\"EntryPoint\",\"urlTemplate\":\"https:\\\/\\\/www.moroccodemia.com\\\/fr\\\/?s={search_term_string}\"},\"query-input\":{\"@type\":\"PropertyValueSpecification\",\"valueRequired\":true,\"valueName\":\"search_term_string\"}}],\"inLanguage\":\"fr-FR\"}]}<\/script>\n<!-- \/ Yoast SEO plugin. -->","yoast_head_json":{"title":"Royaume du Maroc | moroccodemia fran\u00e7ais","robots":{"index":"index","follow":"follow","max-snippet":"max-snippet:-1","max-image-preview":"max-image-preview:large","max-video-preview":"max-video-preview:-1"},"canonical":"https:\/\/www.moroccodemia.com\/fr\/royaume-du-maroc\/","og_locale":"fr_FR","og_type":"article","og_title":"Royaume du Maroc | moroccodemia fran\u00e7ais","og_description":"Royaume du Maroc Parcourir en arabeParcourir en anglais Quelles sont les variantes du nom \u00ab\u00a0Maroc&rsquo;? Officiellement Royaume du Maroc, mais Maroc reste le nom le plus utilis\u00e9.\u00a0 \u00ab\u00a0Amour Akouch\u00a0\u00bb est aussi utilis\u00e9 parmi les Amazighophone. Quelle est la situation g\u00e9ographique du Maroc? Le Maroc est situ\u00e9 en Afrique du Nord. Quels sont les pays limitrophes [&hellip;]","og_url":"https:\/\/www.moroccodemia.com\/fr\/royaume-du-maroc\/","og_site_name":"morocco academia french","article_publisher":"https:\/\/www.facebook.com\/Morocco-academia-239938123438369\/","article_modified_time":"2021-10-25T10:34:43+00:00","og_image":[{"url":"https:\/\/www.moroccodemia.com\/fr\/media\/2020\/06\/IconBlackKingdom.png","type":"","width":"","height":""}],"twitter_card":"summary_large_image","twitter_site":"@moroccodemia","twitter_misc":{"Dur\u00e9e de lecture estim\u00e9e":"4 minutes"},"schema":{"@context":"https:\/\/schema.org","@graph":[{"@type":"WebPage","@id":"https:\/\/www.moroccodemia.com\/fr\/royaume-du-maroc\/","url":"https:\/\/www.moroccodemia.com\/fr\/royaume-du-maroc\/","name":"Royaume du Maroc | moroccodemia fran\u00e7ais","isPartOf":{"@id":"https:\/\/www.moroccodemia.com\/fr\/#website"},"primaryImageOfPage":{"@id":"https:\/\/www.moroccodemia.com\/fr\/royaume-du-maroc\/#primaryimage"},"image":{"@id":"https:\/\/www.moroccodemia.com\/fr\/royaume-du-maroc\/#primaryimage"},"thumbnailUrl":"https:\/\/www.moroccodemia.com\/fr\/media\/2020\/06\/IconBlackKingdom.png","datePublished":"2017-12-13T15:39:12+00:00","dateModified":"2021-10-25T10:34:43+00:00","breadcrumb":{"@id":"https:\/\/www.moroccodemia.com\/fr\/royaume-du-maroc\/#breadcrumb"},"inLanguage":"fr-FR","potentialAction":[{"@type":"ReadAction","target":["https:\/\/www.moroccodemia.com\/fr\/royaume-du-maroc\/"]}]},{"@type":"ImageObject","inLanguage":"fr-FR","@id":"https:\/\/www.moroccodemia.com\/fr\/royaume-du-maroc\/#primaryimage","url":"https:\/\/www.moroccodemia.com\/fr\/media\/2020\/06\/IconBlackKingdom.png","contentUrl":"https:\/\/www.moroccodemia.com\/fr\/media\/2020\/06\/IconBlackKingdom.png","width":100,"height":100},{"@type":"BreadcrumbList","@id":"https:\/\/www.moroccodemia.com\/fr\/royaume-du-maroc\/#breadcrumb","itemListElement":[{"@type":"ListItem","position":1,"name":"Accueil","item":"https:\/\/www.moroccodemia.com\/fr\/"},{"@type":"ListItem","position":2,"name":"Royaume du Maroc"}]},{"@type":"WebSite","@id":"https:\/\/www.moroccodemia.com\/fr\/#website","url":"https:\/\/www.moroccodemia.com\/fr\/","name":"morocco academia french","description":"L'information, tout simplement","potentialAction":[{"@type":"SearchAction","target":{"@type":"EntryPoint","urlTemplate":"https:\/\/www.moroccodemia.com\/fr\/?s={search_term_string}"},"query-input":{"@type":"PropertyValueSpecification","valueRequired":true,"valueName":"search_term_string"}}],"inLanguage":"fr-FR"}]}},"_links":{"self":[{"href":"https:\/\/www.moroccodemia.com\/fr\/wp-json\/wp\/v2\/pages\/9342","targetHints":{"allow":["GET"]}}],"collection":[{"href":"https:\/\/www.moroccodemia.com\/fr\/wp-json\/wp\/v2\/pages"}],"about":[{"href":"https:\/\/www.moroccodemia.com\/fr\/wp-json\/wp\/v2\/types\/page"}],"author":[{"embeddable":true,"href":"https:\/\/www.moroccodemia.com\/fr\/wp-json\/wp\/v2\/users\/1"}],"replies":[{"embeddable":true,"href":"https:\/\/www.moroccodemia.com\/fr\/wp-json\/wp\/v2\/comments?post=9342"}],"version-history":[{"count":3,"href":"https:\/\/www.moroccodemia.com\/fr\/wp-json\/wp\/v2\/pages\/9342\/revisions"}],"predecessor-version":[{"id":15562,"href":"https:\/\/www.moroccodemia.com\/fr\/wp-json\/wp\/v2\/pages\/9342\/revisions\/15562"}],"wp:attachment":[{"href":"https:\/\/www.moroccodemia.com\/fr\/wp-json\/wp\/v2\/media?parent=9342"}],"curies":[{"name":"wp","href":"https:\/\/api.w.org\/{rel}","templated":true}]}}