{"id":8188,"date":"2017-09-27T10:32:28","date_gmt":"2017-09-27T10:32:28","guid":{"rendered":"https:\/\/www.moroccodemia.com\/fr\/?page_id=8188"},"modified":"2019-01-20T13:00:39","modified_gmt":"2019-01-20T13:00:39","slug":"associations-civiques-au-maroc","status":"publish","type":"page","link":"https:\/\/www.moroccodemia.com\/fr\/associations-civiques-au-maroc\/","title":{"rendered":"Associations civiques au Maroc"},"content":{"rendered":"<div class=\"rTable\">\n<div class=\"rTableBody\">\n<div class=\"rTableRow\">\n<div class=\"rTablehead\">\n<hr \/>\n<h2 style=\"text-align: center;\" dir=\"ltr\"><span style=\"font-size: 14pt;\"><strong>Associations civiques<span style=\"font-size: 10pt;\"> au Maroc<\/span><\/strong><\/span><span class=\"dropdown\"><button class=\"dropbtn\"><img loading=\"lazy\" decoding=\"async\" valign=\"middle\" src=\"https:\/\/www.moroccodemia.com\/fr\/media\/2017\/12\/IconGreyDropdown_30x30.png\" alt=\"\" width=\"30\" height=\"30\" class=\"alignnone size-full wp-image-10488\" \/><\/button><span class=\"dropdown-content\"><a style=\"text-align: left; font-family: verdana, geneva, sans-serif; font-size: 10pt;\" href=\"http:\/\/www.moroccodemia.com\/ar\/%D8%AC%D9%85%D8%B9%D9%8A%D8%A7%D8%AA-%D8%A7%D9%84%D9%85%D8%AC%D8%AA%D9%85%D8%B9-%D8%A7%D9%84%D9%85%D8%AF%D9%86%D9%8A-%D9%81%D9%8A-%D8%A7%D9%84%D9%85%D8%BA%D8%B1%D8%A8\/\">Parcourir en arabe<\/a><a style=\"text-align: left; font-family: verdana, geneva, sans-serif; font-size: 10pt;\" href=\"http:\/\/www.moroccodemia.com\/en\/civil-society-organizations-in-morocco\/\">Parcourir en anglais<\/a><\/span><\/span><\/h2>\n<hr \/>\n<div class=\"banner\"><img loading=\"lazy\" decoding=\"async\" src=\"https:\/\/www.moroccodemia.com\/fr\/media\/2019\/01\/IconBlackCivics.png\" style=\"vertical-align: middle;\" alt=\"Associations civiques au Maroc\" title=\"Associations civiques au Maroc\" width=\"80\" height=\"80\"\/><\/div>\n<p dir=\"ltr\"><span style=\"background-color: #00ff00; font-family: verdana,geneva,sans-serif;\"><div class=\"responsive-tabs\">\n<h2 class=\"tabtitle\">Ap\u00e9r\u00e7ue<\/h2>\n<div class=\"tabcontent\">\n<\/span><\/p>\n<p dir=\"ltr\"><span style=\"font-size: 10pt; font-family: verdana,geneva,sans-serif;\"><strong><span style=\"font-size: 36pt; color: #ff6600;\">\u2308<\/span>\u00a0 \u00a0Quel est le <span style=\"background-color: #ffff00;\">minist\u00e8re de tutelle<\/span>?\u00a0\u00a0 <span style=\"font-size: 36pt; color: #ff6600;\">\u2309<\/span><\/strong><\/span><\/p>\n<p dir=\"ltr\"><span style=\"font-size: 10pt; font-family: verdana,geneva,sans-serif;\"><a href=\"http:\/\/www.service-public.ma\/web\/guest\/home?p_p_id=mmspservicepublicdiffusion_WAR_mmspservicepublicdiffusionportlet&amp;_mmspservicepublicdiffusion_WAR_mmspservicepublicdiffusionportlet__spage=\/portlet_action\/mmsp_diffus_portlet\/annuaire\/organisation\/details?currentOrganisation.idOrganisation=448&amp;_mmspservicepublicdiffusion_WAR_mmspservicepublicdiffusionportlet_currentOrganisation.idOrganisation=448\"><span style=\"font-size: 18pt;\"><strong>Minist\u00e8re de l\u2019interieur<\/strong><\/span><\/a>\u00a0est le minist\u00e8re de tutelle.<\/span><\/p>\n<p dir=\"ltr\"><img loading=\"lazy\" decoding=\"async\" src=\"https:\/\/www.moroccodemia.com\/fr\/media\/2017\/09\/Ministe\u0300re-de-lInterieur-Maroc.png\" alt=\"Ministe\u0300re de l'Interieur - Maroc\" width=\"600\" height=\"400\" class=\"wp-image-8199 size-full aligncenter\" title=\"Ministe\u0300re de l'Interieur - Maroc\" srcset=\"https:\/\/www.moroccodemia.com\/fr\/media\/2017\/09\/Ministe\u0300re-de-lInterieur-Maroc.png 600w, https:\/\/www.moroccodemia.com\/fr\/media\/2017\/09\/Ministe\u0300re-de-lInterieur-Maroc-300x200.png 300w\" sizes=\"auto, (max-width: 600px) 100vw, 600px\" \/><span style=\"font-size: 8pt;\">Ministe\u0300re de l&rsquo;Interieur &#8211; Rabat<\/span><\/p>\n<p><img loading=\"lazy\" decoding=\"async\" src=\"https:\/\/www.moroccodemia.com\/fr\/media\/2017\/09\/Mustaph-Elkhalfi.png\" alt=\"Mustapha El Khalfi, ministre d\u00e9l\u00e9gu\u00e9 charg\u00e9 des relations avec le Parlement et la soci\u00e9t\u00e9 civile, porte-parole du gouvernement\" width=\"600\" height=\"400\" class=\"aligncenter wp-image-8615 size-full\" title=\"Mustapha El Khalfi, ministre d\u00e9l\u00e9gu\u00e9 charg\u00e9 des relations avec le Parlement et la soci\u00e9t\u00e9 civile, porte-parole du gouvernement\" srcset=\"https:\/\/www.moroccodemia.com\/fr\/media\/2017\/09\/Mustaph-Elkhalfi.png 600w, https:\/\/www.moroccodemia.com\/fr\/media\/2017\/09\/Mustaph-Elkhalfi-300x200.png 300w\" sizes=\"auto, (max-width: 600px) 100vw, 600px\" \/><span style=\"font-size: 8pt;\">Mustapha El Khalfi, ministre d\u00e9l\u00e9gu\u00e9 charg\u00e9 des relations avec le Parlement et la soci\u00e9t\u00e9 civile, porte-parole du gouvernement<\/span><\/p>\n<p dir=\"ltr\"><span style=\"font-size: 10pt; font-family: verdana,geneva,sans-serif;\"><strong><span style=\"font-size: 12pt; color: #ff6600;\"><span style=\"font-size: 18pt;\">\u2308<\/span><\/span>\u00a0 Quel est\u00a0le <span style=\"background-color: #ffff00;\">nombre des associations civiques<\/span> au Maroc?\u00a0\u00a0 <span style=\"font-size: 12pt; color: #ff6600;\"><span style=\"font-size: 18pt;\">\u2309<\/span><\/span><br \/>\n <\/strong><\/span><\/p>\n<p dir=\"ltr\"><span style=\"font-family: verdana,geneva,sans-serif;\"><span style=\"font-size: 18pt;\">[<strong>116,863<\/strong>]<\/span> <span style=\"font-size: 10pt;\">est le nombre des associations civiques actives dans diff\u00e9rents domaines en 2014.<br \/>\n <\/span>[<span style=\"font-size: 10pt;\"><strong>4000<\/strong><\/span>] <span style=\"font-size: 10pt;\">\u00e9tait\u00a0le nombre des associations civiques au Maroc au d\u00e9but des ann\u00e9es\u00a0(<strong>1990<\/strong>).<\/span><\/span><\/p>\n<p dir=\"ltr\"><span style=\"font-family: verdana,geneva,sans-serif;\">[<span style=\"font-size: 10pt;\"><strong>202<\/strong><\/span>] <span style=\"font-size: 10pt;\">associations impliqu\u00e9es dans l&rsquo;action <strong>b\u00e9n\u00e9vole communautaire<\/strong>:<\/span> [<span style=\"font-size: 10pt;\"><strong>0.15<\/strong><\/span> <span style=\"font-size: 10pt;\">\u066a<\/span>]<br \/>\n [<span style=\"font-size: 10pt;\"><strong>93<\/strong><\/span><span style=\"font-size: 10pt;\">\u066a<\/span>]<\/span>\u00a0<span style=\"font-size: 10pt;\">associations<\/span><span style=\"font-family: verdana,geneva,sans-serif;\"><span style=\"font-size: 10pt;\">\u00a0actives au niveau <strong>local<\/strong> ou <strong>r\u00e9gional<\/strong>.<br \/>\n <\/span><\/span><span style=\"font-family: verdana,geneva,sans-serif;\">[<span style=\"font-size: 10pt;\"><strong>24<\/strong><\/span><span style=\"font-size: 10pt;\">\u066a<\/span>]<\/span> <span style=\"font-size: 10pt;\">associations\u00a0actives dans le <strong>social<\/strong>.<\/span><span style=\"font-family: verdana,geneva,sans-serif;\"><span style=\"font-size: 10pt;\">\u00a0<br \/>\n <\/span><\/span><span style=\"font-family: verdana,geneva,sans-serif;\">[<span style=\"font-size: 10pt;\"><strong>21<\/strong><\/span><span style=\"font-size: 10pt;\">\u066a<\/span>]\u00a0<span style=\"font-size: 10pt;\">associations\u00a0actives\u00a0l&rsquo;<strong>environnement<\/strong>\u00a0et<strong>\u00a0d\u00e9veloppement durable<\/strong>.<br \/>\n <\/span>[<span style=\"font-size: 10pt;\"><strong>19<\/strong><\/span><span style=\"font-size: 10pt;\">\u066a<\/span>]<\/span>\u00a0<span style=\"font-size: 10pt;\">associations sont actives dans le domaine des<span style=\"font-family: verdana,geneva,sans-serif;\">\u00a0<strong>sports &amp; loisirs<\/strong>.<br \/>\n <\/span><\/span><span style=\"font-family: verdana,geneva,sans-serif;\">[<span style=\"font-size: 10pt;\"><strong>1<\/strong><\/span><span style=\"font-size: 10pt;\">\u066a<\/span>] <span style=\"font-size: 10pt;\">\u00e0<\/span> [<span style=\"font-size: 10pt;\"><strong>3<\/strong><\/span><span style=\"font-size: 10pt;\">\u066a<\/span>]\u00a0<span style=\"font-size: 10pt;\">associations\u00a0actives dans les domaines de la\u00a0<strong>politique<\/strong>, la\u00a0<strong>religion<\/strong>\u00a0et les\u00a0<strong>droits de l&rsquo;homme<\/strong>, selon les r\u00e9gions.<\/span><br \/>\n <\/span><\/p>\n<p dir=\"ltr\"><img loading=\"lazy\" decoding=\"async\" src=\"https:\/\/www.moroccodemia.com\/fr\/media\/2017\/11\/Civil-SocietyAssociation.png\" alt=\"Associations civiques\" width=\"600\" height=\"400\" class=\"aligncenter wp-image-8904 size-full\" title=\"Associations civiques\" srcset=\"https:\/\/www.moroccodemia.com\/fr\/media\/2017\/11\/Civil-SocietyAssociation.png 600w, https:\/\/www.moroccodemia.com\/fr\/media\/2017\/11\/Civil-SocietyAssociation-300x200.png 300w\" sizes=\"auto, (max-width: 600px) 100vw, 600px\" \/><\/p>\n<p dir=\"ltr\"><span style=\"font-size: 10pt; font-family: verdana,geneva,sans-serif;\"><strong><span style=\"font-size: 12pt; color: #ff6600;\"><span style=\"font-size: 18pt;\">\u2308<\/span><\/span>\u00a0\u00a0 Where are these <span style=\"background-color: #ffff00;\">organizations<\/span> located<span style=\"background-color: #ffff00;\"><\/span>?\u00a0\u00a0 <span style=\"font-size: 12pt; color: #ff6600;\"><span style=\"font-size: 18pt;\">\u2309<\/span><\/span><br \/>\n <\/strong><\/span><\/p>\n<p dir=\"ltr\"><span style=\"font-family: verdana,geneva,sans-serif; font-size: 10pt;\">[#<strong>1<\/strong>] <strong>R<\/strong><strong>\u00e9gion\u00a0<\/strong><strong><span style=\"font-size: 18pt;\">Souss-Massa-Dara<\/span><\/strong>\u00a0avec\u00a0[<strong>19,417<\/strong>] associations: [<strong>17<\/strong> \u066a].<br \/>\n [#<strong>2<\/strong>] <strong>R<\/strong><strong>\u00e9gion\u00a0<\/strong><strong><span style=\"font-size: 18pt;\">Marrakech-Tanssif-Elhaouz<\/span><\/strong>\u00a0avec\u00a0[<strong>12,209<\/strong>] associations: [<strong>10<\/strong> \u066a].<br \/>\n [#<strong>3<\/strong>] <strong><span style=\"font-size: 18pt;\">Grand Casablanca<\/span><\/strong> avec\u00a0[<strong>12,148<\/strong>] associations: [<strong>10<\/strong> \u066a].<\/span><span style=\"font-family: verdana,geneva,sans-serif; font-size: 8pt;\"><\/span><\/p>\n<p dir=\"ltr\"><span style=\"font-size: 8pt;\">Source: \u00ab\u00a0Le tissu assciatif au Maroc\u00a0\u00bb:\u00a0Minist\u00e8re de l\u2019interieur, 2014<\/span><\/p>\n<p dir=\"ltr\"><span style=\"font-size: 10pt; font-family: verdana,geneva,sans-serif;\"><strong><span style=\"font-size: 18pt;\">\u2308<\/span>\u00a0 \u00a0<span style=\"background-color: #ffff00;\">Figures embl\u00e9matiques<\/span> du service civique\u00a0 \u00a0<span style=\"font-size: 18pt;\">\u2309<\/span><\/strong><\/span><\/p>\n<p dir=\"ltr\" style=\"text-align: left;\"><img loading=\"lazy\" decoding=\"async\" src=\"https:\/\/www.moroccodemia.com\/fr\/media\/2018\/01\/FiguresCivicsAi\u0308cha-Chenna.png\" alt=\"Ai\u0308cha Chenna\" width=\"600\" height=\"400\" class=\"wp-image-9778 size-full aligncenter\" title=\"Ai\u0308cha Chenna\" srcset=\"https:\/\/www.moroccodemia.com\/fr\/media\/2018\/01\/FiguresCivicsAi\u0308cha-Chenna.png 600w, https:\/\/www.moroccodemia.com\/fr\/media\/2018\/01\/FiguresCivicsAi\u0308cha-Chenna-300x200.png 300w\" sizes=\"auto, (max-width: 600px) 100vw, 600px\" \/><span style=\"font-size: 8pt;\">Ai\u0308cha Chenna<\/span><\/p>\n<hr \/>\n<p dir=\"ltr\">[<strong>130,000<\/strong>]\u00a0<span style=\"font-size: 10pt;\">est le nombre des associations civiques au Maroc selon les derniers chiffres.<br \/>\n [<strong>11,000<\/strong>] manifestations par an.<br \/>\n [<strong>50<\/strong>%]\u00a0 des associations n&rsquo;ont pas de local.<br \/>\n [<strong>2<\/strong><strong>0<\/strong>%]\u00a0des associations ne d\u00e9passent gu\u00e8re\u00a0[DH\u00a0<strong>5000<\/strong>] comme budget annuel.<br \/>\n <\/span><\/p>\n<p dir=\"ltr\"><span style=\"font-size: 10pt;\">Source: <strong><a href=\"http:\/\/www.hcp.ma\/\">Haut Commissariat au Plan<\/a>\u00a0<\/strong><\/span><\/p>\n<hr class=\"footer\" \/>\n<p><span style=\"font-size: 10pt;\"><strong><span style=\"font-size: 18pt;\"><a href=\"https:\/\/drive.google.com\/open?id=0BwfxPJvHEn_8MV94clVHeWg5M00\">La libert\u00e9 associative au Maroc<\/a><\/span><\/strong>\u00a0<br \/>\n <\/span><span style=\"font-size: 8pt;\">[2015] memo CNDH<\/span><\/p>\n<p><strong><span style=\"font-size: 18pt;\"><a href=\"https:\/\/drive.google.com\/open?id=0BwfxPJvHEn_8ZS1jTjRtTktQNTA\">Dahir re\u0301glementant le droit d&rsquo;association au Maroc<\/a><\/span><\/strong><br \/>\n <span style=\"font-size: 8pt;\">[1958] dahir<\/span><\/p>\n<p><span style=\"font-family: verdana,geneva,sans-serif; background-color: #00ff00;\">\n<\/div><h2 class=\"tabtitle\">Vid\u00e9os<\/h2>\n<div class=\"tabcontent\">\n<\/span><\/p>\n<div class=\"arrow-down\" style=\"margin-left: auto; margin-right: auto;\"><\/div>\n<div style=\"width: 200px; height: 300px; overflow: auto; background-color: white; margin-left: auto; margin-right: auto;\">\n<div style=\"width: 200px; height: 700px;\">\n<div class=\"rTableCell\">\n<div style=\"width: 190px\" class=\"wp-caption aligncenter\"><a href=\"https:\/\/www.youtube.com\/watch?v=VDHkZ61-JIw\" target=\"_blank\" rel=\"noopener\"><img loading=\"lazy\" decoding=\"async\" title=\"Enfants inadapt\u00e9s : L'APAEI relance le d\u00e9bat sur la crise des subventions [27 d\u00e9cembre 2017] \" src=\"https:\/\/www.moroccodemia.com\/fr\/media\/2018\/01\/Mdemia-FHORCivicsCivic-AssiciationsYTB2.png\" alt=\"Enfants inadapt\u00e9s : L'APAEI relance le d\u00e9bat sur la crise des subventions [27 d\u00e9cembre 2017] \" width=\"180\" height=\"100\" \/><\/a><p class=\"wp-caption-text\">Enfants inadapt\u00e9s : L&rsquo;APAEI relance le d\u00e9bat sur la crise des subventions [27 d\u00e9cembre 2017]<\/p><\/div>\n<\/div>\n<div class=\"rTableCell\">\n<div style=\"width: 190px\" class=\"wp-caption aligncenter\"><a href=\"https:\/\/www.youtube.com\/watch?v=koTiUCP1g_A\" target=\"_blank\" rel=\"noopener\"><img loading=\"lazy\" decoding=\"async\" title=\"Les associations au Maroc, chiffres et recommandations [06 Mars 2015] \" src=\"https:\/\/www.moroccodemia.com\/fr\/media\/2017\/09\/Mdemia-FHORCivicsCivic-AssiciationsYTB1.png\" alt=\" Les associations au Maroc, chiffres et recommandations [06 Mars 2015] \" width=\"180\" height=\"100\" \/><\/a><p class=\"wp-caption-text\">Les associations au Maroc, chiffres et recommandations [06 Mars 2015]<\/p><\/div>\n<\/div>\n<\/div>\n<\/div>\n<div class=\"arrow-up\" style=\"margin-left: auto; margin-right: auto;\"><\/div>\n<p dir=\"rtl\"><span style=\"background-color: #00ff00; font-family: verdana,geneva,sans-serif;\">\n<\/div><h2 class=\"tabtitle\">Liens<\/h2>\n<div class=\"tabcontent\">\n<\/span><\/p>\n<div class=\"arrow-down\" style=\"margin-left: auto; margin-right: auto;\"><\/div>\n<div style=\"width: 200px; height: 300px; overflow: auto; background-color: white; margin-left: auto; margin-right: auto;\">\n<div style=\"width: 200px; height: 700px;\">\n<div class=\"rTableCell\">\n<p><a href=\"http:\/\/www.hcp.ma\/\" target=\"_blank\" rel=\"noopener\"><img loading=\"lazy\" decoding=\"async\" title=\"Haut-Commissariat au Plan\" src=\"https:\/\/www.moroccodemia.com\/fr\/media\/2017\/09\/HCP.png\" alt=\"Haut-Commissariat au Plan\" width=\"180\" height=\"100\" class=\"aligncenter\" \/><\/a><\/p>\n<\/div>\n<\/div>\n<\/div>\n<div class=\"arrow-up\" style=\"margin-left: auto; margin-right: auto;\"><\/div>\n<p><span style=\"background-color: #00ff00; font-family: verdana,geneva,sans-serif;\"><\/div><\/div><\/span><\/p>\n<hr \/>\n<h2 style=\"text-align: center;\"><strong><span style=\"font-family: verdana, geneva, sans-serif;\"><span style=\"font-size: 14pt;\">Associations civiques <span style=\"font-size: 10pt;\">au Maroc<\/span><span style=\"font-size: 10pt;\">\/<\/span><\/span><\/span><\/strong><\/h2>\n<hr \/>\n<\/div>\n<\/div>\n<\/div>\n<\/div>\n","protected":false},"excerpt":{"rendered":"<p>Associations civiques au MarocParcourir en arabeParcourir en anglais \u2308\u00a0 \u00a0Quel est le minist\u00e8re de tutelle?\u00a0\u00a0 \u2309 Minist\u00e8re de l\u2019interieur\u00a0est le minist\u00e8re de tutelle. Ministe\u0300re de l&rsquo;Interieur &#8211; Rabat Mustapha El Khalfi, ministre d\u00e9l\u00e9gu\u00e9 charg\u00e9 des relations avec le Parlement et la soci\u00e9t\u00e9 civile, porte-parole du gouvernement \u2308\u00a0 Quel est\u00a0le nombre des associations civiques au Maroc?\u00a0\u00a0 [&hellip;]<\/p>\n","protected":false},"author":1,"featured_media":0,"parent":0,"menu_order":0,"comment_status":"closed","ping_status":"closed","template":"","meta":{"footnotes":""},"class_list":["post-8188","page","type-page","status-publish","hentry"],"yoast_head":"<!-- This site is optimized with the Yoast SEO plugin v27.4 - https:\/\/yoast.com\/product\/yoast-seo-wordpress\/ -->\n<title>Associations civiques au Maroc | moroccodemia fran\u00e7ais<\/title>\n<meta name=\"robots\" content=\"index, follow, max-snippet:-1, max-image-preview:large, max-video-preview:-1\" \/>\n<link rel=\"canonical\" href=\"https:\/\/www.moroccodemia.com\/fr\/associations-civiques-au-maroc\/\" \/>\n<meta property=\"og:locale\" content=\"fr_FR\" \/>\n<meta property=\"og:type\" content=\"article\" \/>\n<meta property=\"og:title\" content=\"Associations civiques au Maroc | moroccodemia fran\u00e7ais\" \/>\n<meta property=\"og:description\" content=\"Associations civiques au MarocParcourir en arabeParcourir en anglais \u2308\u00a0 \u00a0Quel est le minist\u00e8re de tutelle?\u00a0\u00a0 \u2309 Minist\u00e8re de l\u2019interieur\u00a0est le minist\u00e8re de tutelle. Ministe\u0300re de l&rsquo;Interieur &#8211; Rabat Mustapha El Khalfi, ministre d\u00e9l\u00e9gu\u00e9 charg\u00e9 des relations avec le Parlement et la soci\u00e9t\u00e9 civile, porte-parole du gouvernement \u2308\u00a0 Quel est\u00a0le nombre des associations civiques au Maroc?\u00a0\u00a0 [&hellip;]\" \/>\n<meta property=\"og:url\" content=\"https:\/\/www.moroccodemia.com\/fr\/associations-civiques-au-maroc\/\" \/>\n<meta property=\"og:site_name\" content=\"morocco academia french\" \/>\n<meta property=\"article:publisher\" content=\"https:\/\/www.facebook.com\/Morocco-academia-239938123438369\/\" \/>\n<meta property=\"article:modified_time\" content=\"2019-01-20T13:00:39+00:00\" \/>\n<meta property=\"og:image\" content=\"https:\/\/www.moroccodemia.com\/fr\/media\/2017\/12\/IconGreyDropdown_30x30.png\" \/>\n<meta name=\"twitter:card\" content=\"summary_large_image\" \/>\n<meta name=\"twitter:site\" content=\"@moroccodemia\" \/>\n<meta name=\"twitter:label1\" content=\"Dur\u00e9e de lecture estim\u00e9e\" \/>\n\t<meta name=\"twitter:data1\" content=\"1 minute\" \/>\n<script type=\"application\/ld+json\" class=\"yoast-schema-graph\">{\"@context\":\"https:\\\/\\\/schema.org\",\"@graph\":[{\"@type\":\"WebPage\",\"@id\":\"https:\\\/\\\/www.moroccodemia.com\\\/fr\\\/associations-civiques-au-maroc\\\/\",\"url\":\"https:\\\/\\\/www.moroccodemia.com\\\/fr\\\/associations-civiques-au-maroc\\\/\",\"name\":\"Associations civiques au Maroc | moroccodemia fran\u00e7ais\",\"isPartOf\":{\"@id\":\"https:\\\/\\\/www.moroccodemia.com\\\/fr\\\/#website\"},\"primaryImageOfPage\":{\"@id\":\"https:\\\/\\\/www.moroccodemia.com\\\/fr\\\/associations-civiques-au-maroc\\\/#primaryimage\"},\"image\":{\"@id\":\"https:\\\/\\\/www.moroccodemia.com\\\/fr\\\/associations-civiques-au-maroc\\\/#primaryimage\"},\"thumbnailUrl\":\"http:\\\/\\\/www.moroccodemia.com\\\/fr\\\/media\\\/2017\\\/12\\\/IconGreyDropdown_30x30.png\",\"datePublished\":\"2017-09-27T10:32:28+00:00\",\"dateModified\":\"2019-01-20T13:00:39+00:00\",\"breadcrumb\":{\"@id\":\"https:\\\/\\\/www.moroccodemia.com\\\/fr\\\/associations-civiques-au-maroc\\\/#breadcrumb\"},\"inLanguage\":\"fr-FR\",\"potentialAction\":[{\"@type\":\"ReadAction\",\"target\":[\"https:\\\/\\\/www.moroccodemia.com\\\/fr\\\/associations-civiques-au-maroc\\\/\"]}]},{\"@type\":\"ImageObject\",\"inLanguage\":\"fr-FR\",\"@id\":\"https:\\\/\\\/www.moroccodemia.com\\\/fr\\\/associations-civiques-au-maroc\\\/#primaryimage\",\"url\":\"https:\\\/\\\/www.moroccodemia.com\\\/fr\\\/media\\\/2017\\\/12\\\/IconGreyDropdown_30x30.png\",\"contentUrl\":\"https:\\\/\\\/www.moroccodemia.com\\\/fr\\\/media\\\/2017\\\/12\\\/IconGreyDropdown_30x30.png\",\"width\":30,\"height\":30},{\"@type\":\"BreadcrumbList\",\"@id\":\"https:\\\/\\\/www.moroccodemia.com\\\/fr\\\/associations-civiques-au-maroc\\\/#breadcrumb\",\"itemListElement\":[{\"@type\":\"ListItem\",\"position\":1,\"name\":\"Accueil\",\"item\":\"https:\\\/\\\/www.moroccodemia.com\\\/fr\\\/\"},{\"@type\":\"ListItem\",\"position\":2,\"name\":\"Associations civiques au Maroc\"}]},{\"@type\":\"WebSite\",\"@id\":\"https:\\\/\\\/www.moroccodemia.com\\\/fr\\\/#website\",\"url\":\"https:\\\/\\\/www.moroccodemia.com\\\/fr\\\/\",\"name\":\"morocco academia french\",\"description\":\"L'information, tout simplement\",\"potentialAction\":[{\"@type\":\"SearchAction\",\"target\":{\"@type\":\"EntryPoint\",\"urlTemplate\":\"https:\\\/\\\/www.moroccodemia.com\\\/fr\\\/?s={search_term_string}\"},\"query-input\":{\"@type\":\"PropertyValueSpecification\",\"valueRequired\":true,\"valueName\":\"search_term_string\"}}],\"inLanguage\":\"fr-FR\"}]}<\/script>\n<!-- \/ Yoast SEO plugin. -->","yoast_head_json":{"title":"Associations civiques au Maroc | moroccodemia fran\u00e7ais","robots":{"index":"index","follow":"follow","max-snippet":"max-snippet:-1","max-image-preview":"max-image-preview:large","max-video-preview":"max-video-preview:-1"},"canonical":"https:\/\/www.moroccodemia.com\/fr\/associations-civiques-au-maroc\/","og_locale":"fr_FR","og_type":"article","og_title":"Associations civiques au Maroc | moroccodemia fran\u00e7ais","og_description":"Associations civiques au MarocParcourir en arabeParcourir en anglais \u2308\u00a0 \u00a0Quel est le minist\u00e8re de tutelle?\u00a0\u00a0 \u2309 Minist\u00e8re de l\u2019interieur\u00a0est le minist\u00e8re de tutelle. Ministe\u0300re de l&rsquo;Interieur &#8211; Rabat Mustapha El Khalfi, ministre d\u00e9l\u00e9gu\u00e9 charg\u00e9 des relations avec le Parlement et la soci\u00e9t\u00e9 civile, porte-parole du gouvernement \u2308\u00a0 Quel est\u00a0le nombre des associations civiques au Maroc?\u00a0\u00a0 [&hellip;]","og_url":"https:\/\/www.moroccodemia.com\/fr\/associations-civiques-au-maroc\/","og_site_name":"morocco academia french","article_publisher":"https:\/\/www.facebook.com\/Morocco-academia-239938123438369\/","article_modified_time":"2019-01-20T13:00:39+00:00","og_image":[{"url":"https:\/\/www.moroccodemia.com\/fr\/media\/2017\/12\/IconGreyDropdown_30x30.png","type":"","width":"","height":""}],"twitter_card":"summary_large_image","twitter_site":"@moroccodemia","twitter_misc":{"Dur\u00e9e de lecture estim\u00e9e":"1 minute"},"schema":{"@context":"https:\/\/schema.org","@graph":[{"@type":"WebPage","@id":"https:\/\/www.moroccodemia.com\/fr\/associations-civiques-au-maroc\/","url":"https:\/\/www.moroccodemia.com\/fr\/associations-civiques-au-maroc\/","name":"Associations civiques au Maroc | moroccodemia fran\u00e7ais","isPartOf":{"@id":"https:\/\/www.moroccodemia.com\/fr\/#website"},"primaryImageOfPage":{"@id":"https:\/\/www.moroccodemia.com\/fr\/associations-civiques-au-maroc\/#primaryimage"},"image":{"@id":"https:\/\/www.moroccodemia.com\/fr\/associations-civiques-au-maroc\/#primaryimage"},"thumbnailUrl":"https:\/\/www.moroccodemia.com\/fr\/media\/2017\/12\/IconGreyDropdown_30x30.png","datePublished":"2017-09-27T10:32:28+00:00","dateModified":"2019-01-20T13:00:39+00:00","breadcrumb":{"@id":"https:\/\/www.moroccodemia.com\/fr\/associations-civiques-au-maroc\/#breadcrumb"},"inLanguage":"fr-FR","potentialAction":[{"@type":"ReadAction","target":["https:\/\/www.moroccodemia.com\/fr\/associations-civiques-au-maroc\/"]}]},{"@type":"ImageObject","inLanguage":"fr-FR","@id":"https:\/\/www.moroccodemia.com\/fr\/associations-civiques-au-maroc\/#primaryimage","url":"https:\/\/www.moroccodemia.com\/fr\/media\/2017\/12\/IconGreyDropdown_30x30.png","contentUrl":"https:\/\/www.moroccodemia.com\/fr\/media\/2017\/12\/IconGreyDropdown_30x30.png","width":30,"height":30},{"@type":"BreadcrumbList","@id":"https:\/\/www.moroccodemia.com\/fr\/associations-civiques-au-maroc\/#breadcrumb","itemListElement":[{"@type":"ListItem","position":1,"name":"Accueil","item":"https:\/\/www.moroccodemia.com\/fr\/"},{"@type":"ListItem","position":2,"name":"Associations civiques au Maroc"}]},{"@type":"WebSite","@id":"https:\/\/www.moroccodemia.com\/fr\/#website","url":"https:\/\/www.moroccodemia.com\/fr\/","name":"morocco academia french","description":"L'information, tout simplement","potentialAction":[{"@type":"SearchAction","target":{"@type":"EntryPoint","urlTemplate":"https:\/\/www.moroccodemia.com\/fr\/?s={search_term_string}"},"query-input":{"@type":"PropertyValueSpecification","valueRequired":true,"valueName":"search_term_string"}}],"inLanguage":"fr-FR"}]}},"_links":{"self":[{"href":"https:\/\/www.moroccodemia.com\/fr\/wp-json\/wp\/v2\/pages\/8188","targetHints":{"allow":["GET"]}}],"collection":[{"href":"https:\/\/www.moroccodemia.com\/fr\/wp-json\/wp\/v2\/pages"}],"about":[{"href":"https:\/\/www.moroccodemia.com\/fr\/wp-json\/wp\/v2\/types\/page"}],"author":[{"embeddable":true,"href":"https:\/\/www.moroccodemia.com\/fr\/wp-json\/wp\/v2\/users\/1"}],"replies":[{"embeddable":true,"href":"https:\/\/www.moroccodemia.com\/fr\/wp-json\/wp\/v2\/comments?post=8188"}],"version-history":[{"count":3,"href":"https:\/\/www.moroccodemia.com\/fr\/wp-json\/wp\/v2\/pages\/8188\/revisions"}],"predecessor-version":[{"id":11536,"href":"https:\/\/www.moroccodemia.com\/fr\/wp-json\/wp\/v2\/pages\/8188\/revisions\/11536"}],"wp:attachment":[{"href":"https:\/\/www.moroccodemia.com\/fr\/wp-json\/wp\/v2\/media?parent=8188"}],"curies":[{"name":"wp","href":"https:\/\/api.w.org\/{rel}","templated":true}]}}