{"id":801,"date":"2015-08-25T10:46:11","date_gmt":"2015-08-25T10:46:11","guid":{"rendered":"https:\/\/www.moroccodemia.com\/fr\/?page_id=801"},"modified":"2020-05-19T16:18:38","modified_gmt":"2020-05-19T16:18:38","slug":"enseignement-superieur-au-maroc-dans-les-medias","status":"publish","type":"page","link":"https:\/\/www.moroccodemia.com\/fr\/enseignement-superieur-au-maroc-dans-les-medias\/","title":{"rendered":"Enseignement Sup\u00e9rieur\u00a0au Maroc dans les\u00a0M\u00e9dias"},"content":{"rendered":"<div class=\"rTable\">\n<div class=\"rTableBody\">\n<div class=\"rTableRow\">\n<div class=\"rTablehead\">\n<hr>\n<h1 class=\"h1pagetitle\" style=\"text-align: center;\"><span style=\"font-size: 14pt;\"><strong><span style=\"font-size: 14pt; font-family: verdana, geneva, sans-serif;\">Enseignement Sup\u00e9rieur<\/span><span style=\"font-family: verdana, geneva, sans-serif;\">&nbsp;<\/span><span style=\"font-size: 10pt;\"><span style=\"font-size: 14pt;\">au Maroc<\/span> dans les&nbsp;<\/span><span style=\"font-family: verdana,geneva,sans-serif; font-size: 10pt;\">M\u00e9dias<\/span><\/strong><\/span><\/h1>\n<div class=\"dropdown1\"><span><button class=\"dropbtn1\"><\/button><br class=\"blank \/\"><span class=\"dropdown1-content\"><a href=\"https:\/\/www.moroccodemia.com\/ar\/%d8%a7%d9%84%d8%aa%d8%b9%d9%84%d9%8a%d9%85-%d8%a7%d9%84%d8%b9%d8%a7%d9%84%d9%8a-%d9%81%d9%8a-%d8%a7%d9%84%d9%85%d8%ba%d8%b1%d8%a8-%d9%85%d9%86-%d8%ae%d9%84%d8%a7%d9%84-%d9%88%d8%b3%d8%a7%d8%a6%d9%84\/\">Parcourir en arabe<\/a><a href=\"https:\/\/www.moroccodemia.com\/en\/morocco-higher-education-in-the-media\/\">Parcourir en anglais<\/a><\/span><\/span><\/div>\n<hr>\n<div class=\"banner\"><img loading=\"lazy\" decoding=\"async\" class=\"banner-image\" src=\"https:\/\/www.moroccodemia.com\/fr\/media\/2019\/09\/IconBlackCamera100x100.png\" style=\"vertical-align: middle;\" alt=\"\" title=\"\" width=\"80\" height=\"80\"><\/div>\n<p dir=\"ltr\"><span style=\"background-color: #00ff00; font-family: verdana,geneva,sans-serif;\"><div class=\"responsive-tabs\">\n<h2 class=\"tabtitle\">Aper\u00e7u<\/h2>\n<div class=\"tabcontent\">\n<\/span><\/p>\n<p><span style=\"font-family: verdana,geneva,sans-serif; background-color: #00ff00;\">\n<\/div><h2 class=\"tabtitle\">Vid\u00e9os<\/h2>\n<div class=\"tabcontent\">\n<\/span><\/p>\n<div class=\"youtube-player\" data-id=\"EvuwZCzl1lQ\"><img decoding=\"async\" src=\"https:\/\/i1.wp.com\/i.ytimg.com\/vi\/EvuwZCzl1lQ\/hqdefault.jpg?ssl=1\" data-recalc-dims=\"1\" class=\"aligncenter\" alt=\"\"><\/div>\n<div class=\"play\"><\/div>\n<p data-tadv-p=\"keep\" dir=\"ltr\" style=\"font-size: 8pt;\">Eco D\u00e9bat : Maroc : Pour un retour des \u00ab\u00a0Cerveaux\u00a0\u00bb &#8211; 22 novembre 2018<\/p>\n<div class=\"youtube-player\" data-id=\"5pwGJT5TVMY\"><img decoding=\"async\" src=\"https:\/\/i1.wp.com\/i.ytimg.com\/vi\/5pwGJT5TVMY\/hqdefault.jpg?ssl=1\" data-recalc-dims=\"1\" class=\"aligncenter\" alt=\"\"><\/div>\n<div class=\"play\"><\/div>\n<p data-tadv-p=\"keep\" dir=\"ltr\" style=\"font-size: 8pt;\">L&rsquo;universit\u00e9 marocaine : faiblesses, attentes et d\u00e9fis -14 septembre 2018<\/p>\n<div class=\"youtube-player\" data-id=\"OgNhx5FTFjo\"><img decoding=\"async\" src=\"https:\/\/i1.wp.com\/i.ytimg.com\/vi\/OgNhx5FTFjo\/hqdefault.jpg?ssl=1\" data-recalc-dims=\"1\" class=\"aligncenter\" alt=\"\"><\/div>\n<div class=\"play\"><\/div>\n<p data-tadv-p=\"keep\" dir=\"ltr\" style=\"font-size: 8pt;\">4\u00e8me sommet des \u00e9conomies \u00e9mergents \u00e0 l&rsquo;Universit\u00e9 Mohammed V Rabat &#8211; 12 mai 2018<\/p>\n<p><span style=\"background-color: #00ff00; font-family: verdana,geneva,sans-serif;\">\n<\/div><h2 class=\"tabtitle\">Audio<\/h2>\n<div class=\"tabcontent\">\n<\/span><\/p>\n<div class=\"arrow-down\" style=\"margin-left: auto; margin-right: auto;\"><\/div>\n<div style=\"width: 200px; height: 300px; overflow: auto; background-color: white; margin-left: auto; margin-right: auto;\">\n<div style=\"width: 200px; height: 700px;\">\n<div class=\"rTableCell\"><\/div>\n<\/div>\n<\/div>\n<div class=\"arrow-up\" style=\"margin-left: auto; margin-right: auto;\"><\/div>\n<p><span style=\"background-color: #00ff00; font-family: verdana,geneva,sans-serif;\"><\/div><\/div><\/span><\/p>\n<hr>\n<h2 class=\"rTableHead\" style=\"text-align: center;\"><span style=\"font-size: 14pt;\">Enseignement Sup\u00e9rieur&nbsp;au Maroc <span style=\"font-size: 10pt;\">dans les&nbsp;M\u00e9dias\/<\/span><\/span><\/h2>\n<hr>\n<\/div>\n<\/div>\n<\/div>\n<\/div>\n","protected":false},"excerpt":{"rendered":"<p>Enseignement Sup\u00e9rieur&nbsp;au Maroc dans les&nbsp;M\u00e9dias Parcourir en arabeParcourir en anglais Eco D\u00e9bat : Maroc : Pour un retour des \u00ab\u00a0Cerveaux\u00a0\u00bb &#8211; 22 novembre 2018 L&rsquo;universit\u00e9 marocaine : faiblesses, attentes et d\u00e9fis -14 septembre 2018 4\u00e8me sommet des \u00e9conomies \u00e9mergents \u00e0 l&rsquo;Universit\u00e9 Mohammed V Rabat &#8211; 12 mai 2018 Enseignement Sup\u00e9rieur&nbsp;au Maroc dans les&nbsp;M\u00e9dias\/<\/p>\n","protected":false},"author":1,"featured_media":0,"parent":0,"menu_order":0,"comment_status":"closed","ping_status":"closed","template":"","meta":{"footnotes":""},"class_list":["post-801","page","type-page","status-publish","hentry"],"yoast_head":"<!-- This site is optimized with the Yoast SEO plugin v27.4 - https:\/\/yoast.com\/product\/yoast-seo-wordpress\/ -->\n<title>Enseignement Sup\u00e9rieur\u00a0au Maroc dans les\u00a0M\u00e9dias | moroccodemia fran\u00e7ais<\/title>\n<meta name=\"robots\" content=\"index, follow, max-snippet:-1, max-image-preview:large, max-video-preview:-1\" \/>\n<link rel=\"canonical\" href=\"https:\/\/www.moroccodemia.com\/fr\/enseignement-superieur-au-maroc-dans-les-medias\/\" \/>\n<meta property=\"og:locale\" content=\"fr_FR\" \/>\n<meta property=\"og:type\" content=\"article\" \/>\n<meta property=\"og:title\" content=\"Enseignement Sup\u00e9rieur\u00a0au Maroc dans les\u00a0M\u00e9dias | moroccodemia fran\u00e7ais\" \/>\n<meta property=\"og:description\" content=\"Enseignement Sup\u00e9rieur&nbsp;au Maroc dans les&nbsp;M\u00e9dias Parcourir en arabeParcourir en anglais Eco D\u00e9bat : Maroc : Pour un retour des \u00ab\u00a0Cerveaux\u00a0\u00bb &#8211; 22 novembre 2018 L&rsquo;universit\u00e9 marocaine : faiblesses, attentes et d\u00e9fis -14 septembre 2018 4\u00e8me sommet des \u00e9conomies \u00e9mergents \u00e0 l&rsquo;Universit\u00e9 Mohammed V Rabat &#8211; 12 mai 2018 Enseignement Sup\u00e9rieur&nbsp;au Maroc dans les&nbsp;M\u00e9dias\/\" \/>\n<meta property=\"og:url\" content=\"https:\/\/www.moroccodemia.com\/fr\/enseignement-superieur-au-maroc-dans-les-medias\/\" \/>\n<meta property=\"og:site_name\" content=\"morocco academia french\" \/>\n<meta property=\"article:publisher\" content=\"https:\/\/www.facebook.com\/Morocco-academia-239938123438369\/\" \/>\n<meta property=\"article:modified_time\" content=\"2020-05-19T16:18:38+00:00\" \/>\n<meta property=\"og:image\" content=\"https:\/\/www.moroccodemia.com\/fr\/media\/2019\/09\/IconBlackCamera100x100.png\" \/>\n<meta name=\"twitter:card\" content=\"summary_large_image\" \/>\n<meta name=\"twitter:site\" content=\"@moroccodemia\" \/>\n<script type=\"application\/ld+json\" class=\"yoast-schema-graph\">{\"@context\":\"https:\\\/\\\/schema.org\",\"@graph\":[{\"@type\":\"WebPage\",\"@id\":\"https:\\\/\\\/www.moroccodemia.com\\\/fr\\\/enseignement-superieur-au-maroc-dans-les-medias\\\/\",\"url\":\"https:\\\/\\\/www.moroccodemia.com\\\/fr\\\/enseignement-superieur-au-maroc-dans-les-medias\\\/\",\"name\":\"Enseignement Sup\u00e9rieur\u00a0au Maroc dans les\u00a0M\u00e9dias | moroccodemia fran\u00e7ais\",\"isPartOf\":{\"@id\":\"https:\\\/\\\/www.moroccodemia.com\\\/fr\\\/#website\"},\"primaryImageOfPage\":{\"@id\":\"https:\\\/\\\/www.moroccodemia.com\\\/fr\\\/enseignement-superieur-au-maroc-dans-les-medias\\\/#primaryimage\"},\"image\":{\"@id\":\"https:\\\/\\\/www.moroccodemia.com\\\/fr\\\/enseignement-superieur-au-maroc-dans-les-medias\\\/#primaryimage\"},\"thumbnailUrl\":\"https:\\\/\\\/www.moroccodemia.com\\\/fr\\\/media\\\/2019\\\/09\\\/IconBlackCamera100x100.png\",\"datePublished\":\"2015-08-25T10:46:11+00:00\",\"dateModified\":\"2020-05-19T16:18:38+00:00\",\"breadcrumb\":{\"@id\":\"https:\\\/\\\/www.moroccodemia.com\\\/fr\\\/enseignement-superieur-au-maroc-dans-les-medias\\\/#breadcrumb\"},\"inLanguage\":\"fr-FR\",\"potentialAction\":[{\"@type\":\"ReadAction\",\"target\":[\"https:\\\/\\\/www.moroccodemia.com\\\/fr\\\/enseignement-superieur-au-maroc-dans-les-medias\\\/\"]}]},{\"@type\":\"ImageObject\",\"inLanguage\":\"fr-FR\",\"@id\":\"https:\\\/\\\/www.moroccodemia.com\\\/fr\\\/enseignement-superieur-au-maroc-dans-les-medias\\\/#primaryimage\",\"url\":\"https:\\\/\\\/www.moroccodemia.com\\\/fr\\\/media\\\/2019\\\/09\\\/IconBlackCamera100x100.png\",\"contentUrl\":\"https:\\\/\\\/www.moroccodemia.com\\\/fr\\\/media\\\/2019\\\/09\\\/IconBlackCamera100x100.png\"},{\"@type\":\"BreadcrumbList\",\"@id\":\"https:\\\/\\\/www.moroccodemia.com\\\/fr\\\/enseignement-superieur-au-maroc-dans-les-medias\\\/#breadcrumb\",\"itemListElement\":[{\"@type\":\"ListItem\",\"position\":1,\"name\":\"Accueil\",\"item\":\"https:\\\/\\\/www.moroccodemia.com\\\/fr\\\/\"},{\"@type\":\"ListItem\",\"position\":2,\"name\":\"Enseignement Sup\u00e9rieur\u00a0au Maroc dans les\u00a0M\u00e9dias\"}]},{\"@type\":\"WebSite\",\"@id\":\"https:\\\/\\\/www.moroccodemia.com\\\/fr\\\/#website\",\"url\":\"https:\\\/\\\/www.moroccodemia.com\\\/fr\\\/\",\"name\":\"morocco academia french\",\"description\":\"L'information, tout simplement\",\"potentialAction\":[{\"@type\":\"SearchAction\",\"target\":{\"@type\":\"EntryPoint\",\"urlTemplate\":\"https:\\\/\\\/www.moroccodemia.com\\\/fr\\\/?s={search_term_string}\"},\"query-input\":{\"@type\":\"PropertyValueSpecification\",\"valueRequired\":true,\"valueName\":\"search_term_string\"}}],\"inLanguage\":\"fr-FR\"}]}<\/script>\n<!-- \/ Yoast SEO plugin. -->","yoast_head_json":{"title":"Enseignement Sup\u00e9rieur\u00a0au Maroc dans les\u00a0M\u00e9dias | moroccodemia fran\u00e7ais","robots":{"index":"index","follow":"follow","max-snippet":"max-snippet:-1","max-image-preview":"max-image-preview:large","max-video-preview":"max-video-preview:-1"},"canonical":"https:\/\/www.moroccodemia.com\/fr\/enseignement-superieur-au-maroc-dans-les-medias\/","og_locale":"fr_FR","og_type":"article","og_title":"Enseignement Sup\u00e9rieur\u00a0au Maroc dans les\u00a0M\u00e9dias | moroccodemia fran\u00e7ais","og_description":"Enseignement Sup\u00e9rieur&nbsp;au Maroc dans les&nbsp;M\u00e9dias Parcourir en arabeParcourir en anglais Eco D\u00e9bat : Maroc : Pour un retour des \u00ab\u00a0Cerveaux\u00a0\u00bb &#8211; 22 novembre 2018 L&rsquo;universit\u00e9 marocaine : faiblesses, attentes et d\u00e9fis -14 septembre 2018 4\u00e8me sommet des \u00e9conomies \u00e9mergents \u00e0 l&rsquo;Universit\u00e9 Mohammed V Rabat &#8211; 12 mai 2018 Enseignement Sup\u00e9rieur&nbsp;au Maroc dans les&nbsp;M\u00e9dias\/","og_url":"https:\/\/www.moroccodemia.com\/fr\/enseignement-superieur-au-maroc-dans-les-medias\/","og_site_name":"morocco academia french","article_publisher":"https:\/\/www.facebook.com\/Morocco-academia-239938123438369\/","article_modified_time":"2020-05-19T16:18:38+00:00","og_image":[{"url":"https:\/\/www.moroccodemia.com\/fr\/media\/2019\/09\/IconBlackCamera100x100.png","type":"","width":"","height":""}],"twitter_card":"summary_large_image","twitter_site":"@moroccodemia","schema":{"@context":"https:\/\/schema.org","@graph":[{"@type":"WebPage","@id":"https:\/\/www.moroccodemia.com\/fr\/enseignement-superieur-au-maroc-dans-les-medias\/","url":"https:\/\/www.moroccodemia.com\/fr\/enseignement-superieur-au-maroc-dans-les-medias\/","name":"Enseignement Sup\u00e9rieur\u00a0au Maroc dans les\u00a0M\u00e9dias | moroccodemia fran\u00e7ais","isPartOf":{"@id":"https:\/\/www.moroccodemia.com\/fr\/#website"},"primaryImageOfPage":{"@id":"https:\/\/www.moroccodemia.com\/fr\/enseignement-superieur-au-maroc-dans-les-medias\/#primaryimage"},"image":{"@id":"https:\/\/www.moroccodemia.com\/fr\/enseignement-superieur-au-maroc-dans-les-medias\/#primaryimage"},"thumbnailUrl":"https:\/\/www.moroccodemia.com\/fr\/media\/2019\/09\/IconBlackCamera100x100.png","datePublished":"2015-08-25T10:46:11+00:00","dateModified":"2020-05-19T16:18:38+00:00","breadcrumb":{"@id":"https:\/\/www.moroccodemia.com\/fr\/enseignement-superieur-au-maroc-dans-les-medias\/#breadcrumb"},"inLanguage":"fr-FR","potentialAction":[{"@type":"ReadAction","target":["https:\/\/www.moroccodemia.com\/fr\/enseignement-superieur-au-maroc-dans-les-medias\/"]}]},{"@type":"ImageObject","inLanguage":"fr-FR","@id":"https:\/\/www.moroccodemia.com\/fr\/enseignement-superieur-au-maroc-dans-les-medias\/#primaryimage","url":"https:\/\/www.moroccodemia.com\/fr\/media\/2019\/09\/IconBlackCamera100x100.png","contentUrl":"https:\/\/www.moroccodemia.com\/fr\/media\/2019\/09\/IconBlackCamera100x100.png"},{"@type":"BreadcrumbList","@id":"https:\/\/www.moroccodemia.com\/fr\/enseignement-superieur-au-maroc-dans-les-medias\/#breadcrumb","itemListElement":[{"@type":"ListItem","position":1,"name":"Accueil","item":"https:\/\/www.moroccodemia.com\/fr\/"},{"@type":"ListItem","position":2,"name":"Enseignement Sup\u00e9rieur\u00a0au Maroc dans les\u00a0M\u00e9dias"}]},{"@type":"WebSite","@id":"https:\/\/www.moroccodemia.com\/fr\/#website","url":"https:\/\/www.moroccodemia.com\/fr\/","name":"morocco academia french","description":"L'information, tout simplement","potentialAction":[{"@type":"SearchAction","target":{"@type":"EntryPoint","urlTemplate":"https:\/\/www.moroccodemia.com\/fr\/?s={search_term_string}"},"query-input":{"@type":"PropertyValueSpecification","valueRequired":true,"valueName":"search_term_string"}}],"inLanguage":"fr-FR"}]}},"_links":{"self":[{"href":"https:\/\/www.moroccodemia.com\/fr\/wp-json\/wp\/v2\/pages\/801","targetHints":{"allow":["GET"]}}],"collection":[{"href":"https:\/\/www.moroccodemia.com\/fr\/wp-json\/wp\/v2\/pages"}],"about":[{"href":"https:\/\/www.moroccodemia.com\/fr\/wp-json\/wp\/v2\/types\/page"}],"author":[{"embeddable":true,"href":"https:\/\/www.moroccodemia.com\/fr\/wp-json\/wp\/v2\/users\/1"}],"replies":[{"embeddable":true,"href":"https:\/\/www.moroccodemia.com\/fr\/wp-json\/wp\/v2\/comments?post=801"}],"version-history":[{"count":3,"href":"https:\/\/www.moroccodemia.com\/fr\/wp-json\/wp\/v2\/pages\/801\/revisions"}],"predecessor-version":[{"id":13122,"href":"https:\/\/www.moroccodemia.com\/fr\/wp-json\/wp\/v2\/pages\/801\/revisions\/13122"}],"wp:attachment":[{"href":"https:\/\/www.moroccodemia.com\/fr\/wp-json\/wp\/v2\/media?parent=801"}],"curies":[{"name":"wp","href":"https:\/\/api.w.org\/{rel}","templated":true}]}}