{"id":771,"date":"2015-08-25T10:39:17","date_gmt":"2015-08-25T10:39:17","guid":{"rendered":"https:\/\/www.moroccodemia.com\/fr\/?page_id=771"},"modified":"2023-09-03T17:04:45","modified_gmt":"2023-09-03T16:04:45","slug":"enseignants-et-etudiants-chercheurs-marocains-au-maroc-et-a-letranger","status":"publish","type":"page","link":"https:\/\/www.moroccodemia.com\/fr\/enseignants-et-etudiants-chercheurs-marocains-au-maroc-et-a-letranger\/","title":{"rendered":"Enseignants et Etudiants Chercheurs\u00a0marocains au Maroc et \u00e0 l&rsquo;Etranger"},"content":{"rendered":"<div class=\"rTable\">\n<div class=\"rTableBody\">\n<div class=\"rTableRow\">\n<div class=\"rTableHead\">\n<hr \/>\n<h1 class=\"h1pagetitle\">Chercheurs marocains au Maroc et \u00e0 l&rsquo;Etranger<\/h1>\n<div class=\"dropdown1\"><button class=\"dropbtn1\"><\/button><br \/>\n<span class=\"dropdown1-content\"><a href=\"https:\/\/www.moroccodemia.com\/ar\/%d8%a8%d8%a7%d8%ad%d8%ab%d9%88%d9%86-%d9%85%d8%ba%d8%a7%d8%b1%d8%a8%d8%a9-%d9%81%d9%8a-%d8%a7%d9%84%d9%85%d8%ba%d8%b1%d8%a8-%d9%88-%d9%81%d9%8a-%d8%a7%d9%84%d8%ae%d8%a7%d8%b1%d8%ac\/\">Parcourir en arabe<\/a><a href=\"https:\/\/www.moroccodemia.com\/en\/moroccan-academics-home-and-abroad\/\">Parcourir en anglais<\/a><\/span><\/div>\n<hr \/>\n<div class=\"banner\"><img loading=\"lazy\" decoding=\"async\" class=\"banner-image\" src=\"https:\/\/www.moroccodemia.com\/fr\/media\/2019\/01\/IconBlackProfessor.png\" style=\"vertical-align: middle;\" alt=\"Enseignants\/Etudiants-chercheurs marocains\" title=\"Enseignants\/Etudiants-chercheurs marocains\" width=\"80\" height=\"80\" \/><\/div>\n<div class=\"responsive-tabs\">\n<h2 class=\"tabtitle\">Aper\u00e7u<\/h2>\n<div class=\"tabcontent\">\n\n<p><a href=\"https:\/\/docs.google.com\/forms\/d\/e\/1FAIpQLSfNRDfco3NjSlZfoPOQ8Yo5SNNOPGR7rYD-1Wl_7pHXVUU6lA\/viewform\"><img loading=\"lazy\" decoding=\"async\" src=\"https:\/\/www.moroccodemia.com\/fr\/media\/2022\/10\/AcademicsFRCFPE\u0301tude-sur-la-Transformation-Digitale-dans-lEnseignement-Supe\u0301rieur-au-Maroc.gif\" alt=\"Poster: \u00c9tude sur la Transformation Digitale dans l'Enseignement Sup\u00e9rieur au Maroc\" width=\"600\" height=\"400\" class=\"aligncenter wp-image-16075 size-full\" title=\"\u00c9tude sur la Transformation Digitale dans l'Enseignement Sup\u00e9rieur au Maroc\" \/><\/a><\/p>\n<p class=\"Space\"><a href=\"https:\/\/www.cnrst.ma\/index.php\/fr\/component\/k2\/item\/565-lancement-de-l-edition-2023-de-l-appel-a-projets-phc-maghreb\"><img loading=\"lazy\" decoding=\"async\" src=\"https:\/\/www.moroccodemia.com\/fr\/media\/2022\/01\/EventFRCall-for-ProjectsCNRSTLancement-de-le\u0301dition-2023-de-lappel-a\u0300-projets-PHC-Maghreb.png\" alt=\"Poster: Lancement de l'\u00e9dition 2023 de l'appel \u00e0 projets PHC Maghreb\" width=\"600\" height=\"400\" class=\"aligncenter wp-image-15979 size-full\" title=\"Lancement de l'\u00e9dition 2023 de l'appel \u00e0 projets PHC Maghreb\" srcset=\"https:\/\/www.moroccodemia.com\/fr\/media\/2022\/01\/EventFRCall-for-ProjectsCNRSTLancement-de-le\u0301dition-2023-de-lappel-a\u0300-projets-PHC-Maghreb.png 600w, https:\/\/www.moroccodemia.com\/fr\/media\/2022\/01\/EventFRCall-for-ProjectsCNRSTLancement-de-le\u0301dition-2023-de-lappel-a\u0300-projets-PHC-Maghreb-300x200.png 300w\" sizes=\"auto, (max-width: 600px) 100vw, 600px\" \/><\/a><\/p>\n<p><a href=\"https:\/\/q-enseignant.courdescomptes.ma\/\"><img loading=\"lazy\" decoding=\"async\" src=\"https:\/\/www.moroccodemia.com\/fr\/media\/2021\/12\/Higher-EducationFREvaluationCall-for-participationDec.-2021.png\" alt=\"Poster: Evaluation de l'enseignement sup\u00e9rieur&lt; \u00e0 distance (ESAD)\" width=\"600\" height=\"400\" class=\"aligncenter wp-image-15882 size-full\" title=\"Evaluation de l'enseignement sup\u00e9rieur&lt; \u00e0 distance (ESAD)\" srcset=\"https:\/\/www.moroccodemia.com\/fr\/media\/2021\/12\/Higher-EducationFREvaluationCall-for-participationDec.-2021.png 600w, https:\/\/www.moroccodemia.com\/fr\/media\/2021\/12\/Higher-EducationFREvaluationCall-for-participationDec.-2021-300x200.png 300w\" sizes=\"auto, (max-width: 600px) 100vw, 600px\" \/><\/a><\/p>\n<h2 class=\"h2MainContent\"><strong><span style=\"font-family: verdana,geneva,sans-serif; font-size: 10pt;\">Quel est le nombre d&rsquo;enseignants-chercheurs?<\/span><\/strong><\/h2>\n<p><span style=\"font-family: verdana, geneva, sans-serif; font-size: 10pt;\"><span style=\"font-size: 18pt;\">[<strong>15,000<\/strong>]<\/span> enseignants \u00a0ont \u00e9t\u00e9 recens\u00e9s dans les diff\u00e9rents \u00e9tablissements publiques et priv\u00e9s au titre de l&rsquo;ann\u00e9e scolaire (2021-2022)<\/span><\/p>\n<p><span style=\"font-family: verdana, geneva, sans-serif; font-size: 10pt;\"><span style=\"font-size: 18pt;\">[<strong>13,127<\/strong>]<\/span>\u00a0enseignants \u00a0ont\u00a0\u00e9t\u00e9\u00a0recens\u00e9s\u00a0dans les\u00a0diff\u00e9rents\u00a0\u00e9tablissements publiques et priv\u00e9s au\u00a0titre de\u00a0l&rsquo;ann\u00e9e\u00a0scolaire (2015-2016)<\/span><\/p>\n<p>[<span style=\"font-size: 12pt;\"><span style=\"font-size: 10pt; font-family: verdana,geneva,sans-serif;\"><span dir=\"ltr\"><strong>6,187<\/strong>]<\/span><\/span><span lang=\"AR-YE\"><span style=\"font-size: 10pt; font-family: verdana,geneva,sans-serif;\"><\/span><\/span><\/span> <span style=\"font-family: verdana, geneva, sans-serif; font-size: 10pt;\">est le nombre d&rsquo;enseignants-chercheurs en<\/span> (<span style=\"font-size: 10pt; font-family: verdana,geneva,sans-serif;\"><strong>1990<\/strong><\/span>)<br \/>\n[<span style=\"font-size: 12pt;\"><span style=\"font-size: 10pt; font-family: verdana,geneva,sans-serif;\"><span dir=\"ltr\"><strong>2,171<\/strong><\/span><\/span><\/span>]\u00a0<span style=\"font-family: verdana, geneva, sans-serif; font-size: 10pt;\">est le nombre\u00a0<\/span><span style=\"font-family: verdana, geneva, sans-serif; font-size: 10pt;\">d&rsquo;enseignants-chercheurs en<\/span> (<span style=\"font-size: 10pt; font-family: verdana,geneva,sans-serif;\"><strong>1980<\/strong><\/span>)<br \/>\n[<span style=\"font-size: 12pt;\"><span style=\"font-size: 10pt; font-family: verdana,geneva,sans-serif;\"><span dir=\"ltr\"><strong>150<\/strong><\/span><\/span><\/span>]\u00a0<span style=\"font-family: verdana, geneva, sans-serif; font-size: 10pt;\">est le nombre\u00a0<\/span><span style=\"font-family: verdana, geneva, sans-serif; font-size: 10pt;\">d&rsquo;enseignants-chercheurs en<\/span> (<span style=\"font-size: 10pt; font-family: verdana,geneva,sans-serif;\"><strong>1960<\/strong><\/span>)<\/p>\n<p><img loading=\"lazy\" decoding=\"async\" src=\"https:\/\/www.moroccodemia.com\/fr\/media\/2022\/03\/Moroccan-Academics-home-and-AbroadDriss-Gueraoui-appointed-member-of-Royal-European-Academy-of-Doctors-RAEDJuly-21-2021.png\" alt=\"Driss Guerraoui nominated member of the Royal European Academy of Doctors\" width=\"600\" height=\"400\" class=\"aligncenter wp-image-16042 size-full\" title=\"Driss Guerraoui nomm\u00e9 membre l'Acad\u00e9mie Royale Europ\u00e9enne des Docteurs \u2013 21 juillet, 2021\" srcset=\"https:\/\/www.moroccodemia.com\/fr\/media\/2022\/03\/Moroccan-Academics-home-and-AbroadDriss-Gueraoui-appointed-member-of-Royal-European-Academy-of-Doctors-RAEDJuly-21-2021.png 600w, https:\/\/www.moroccodemia.com\/fr\/media\/2022\/03\/Moroccan-Academics-home-and-AbroadDriss-Gueraoui-appointed-member-of-Royal-European-Academy-of-Doctors-RAEDJuly-21-2021-300x200.png 300w\" sizes=\"auto, (max-width: 600px) 100vw, 600px\" \/><span style=\"font-size: 8pt;\">Driss Guerraoui nomm\u00e9 membre l&rsquo;Acad\u00e9mie Royale Europ\u00e9enne des Docteurs \u2013 21 juillet, 2021<\/span><\/p>\n<hr \/>\n<h2 class=\"Hidden\"><strong><span style=\"font-size: 10pt;\">COMMENTAIRES<\/span><\/strong><\/h2>\n<div class=\"Hidden\">\n<p><a href=\"#\" class=\"img-wrapper\"><img decoding=\"async\" src=\"http:\/\/www.moroccodemia.com\/en\/media\/2016\/07\/IconUserShadowBlackOrange120x120.png\" \/><\/a><\/p>\n<div class=\"comment-content\">\n<blockquote><p><span style=\"font-size: 10pt;\"><img loading=\"lazy\" decoding=\"async\" src=\"http:\/\/www.moroccodemia.com\/en\/media\/2016\/07\/Quotation-Marks_OrangeOpening40x40.png\" alt=\"\" width=\"20\" height=\"20\" class=\"alignnone wp-image-9502\" \/>\u00a0Salam alaykoum,<\/span><\/p>\n<p><span style=\"font-size: 10pt;\">Je suis un \u00e9tudiant Belge (converti \u00e0 l&rsquo;islam) d&rsquo;origine italienne, dipl\u00f4m\u00e9 de l&rsquo;universit\u00e9 islamique de M\u00e9dine (Arabie Saudite) Facult\u00e9 des Fondements de la Religion et de la pr\u00eache, je suis en ce moment en \u00e9tude sup\u00e9rieur apr\u00e8s avoir obtenu ma Licence (mention tr\u00e8s bien : 4.11\/5), il me reste une ann\u00e9e in cha Allah ( le haut dipl\u00f4me toujours dans la m\u00eame facult\u00e9 ) o\u00f9 je devrais pr\u00e9senter une recherche, je voudrais savoir si il me sera possible de continu\u00e9 des \u00e9tudes sup\u00e9rieurs au Maroc (Doctorat), si oui quelles sont les opportunit\u00e9es qui me sont offertes ? o\u00f9 cela ?<\/span><\/p>\n<p><span style=\"font-size: 10pt;\">Je vous remercie d&rsquo;avance pour toute l&rsquo;attention port\u00e9e \u00e0 ce message.<\/span><img loading=\"lazy\" decoding=\"async\" src=\"http:\/\/www.moroccodemia.com\/en\/media\/2015\/10\/Quotation-Marks_OrangeClosing40x40.png\" alt=\"\" width=\"20\" height=\"20\" class=\"alignnone wp-image-8519\" style=\"font-size: 10pt;\" \/><\/p><\/blockquote>\n<p><span style=\"font-size: 10pt;\"><em><span style=\"color: #808080;\">Commentaire:<\/span>\u00a0Loris Menegon<br \/>\n<\/em><\/span><span style=\"font-size: 8pt; color: #808080;\">[28 octobre 2017,\u00a0 08:35 ]<\/span><\/p>\n<p><a href=\"#page-part\"><img loading=\"lazy\" decoding=\"async\" src=\"http:\/\/www.moroccodemia.com\/en\/media\/2016\/05\/IconLetter30x20.png\" alt=\"Reply\" width=\"30\" height=\"20\" class=\"alignnone wp-image-9672 size-full\" title=\"Reply\" \/><\/a><\/p>\n<\/div>\n<\/div>\n<h2 class=\"h2MainContent\" id=\"page-part\" style=\"text-align: left;\"><strong><span style=\"font-size: 10pt;\">AJOUTER UN COMMENTAIRE<\/span><\/strong><\/h2>\n\n<div class=\"wpcf7 no-js\" id=\"wpcf7-f8536-o1\" lang=\"fr-FR\" dir=\"ltr\" data-wpcf7-id=\"8536\">\n<div class=\"screen-reader-response\"><p role=\"status\" aria-live=\"polite\" aria-atomic=\"true\"><\/p> <ul><\/ul><\/div>\n<form action=\"\/fr\/wp-json\/wp\/v2\/pages\/771#wpcf7-f8536-o1\" method=\"post\" class=\"wpcf7-form init\" aria-label=\"Formulaire de contact\" novalidate=\"novalidate\" data-status=\"init\">\n<fieldset class=\"hidden-fields-container\"><input type=\"hidden\" name=\"_wpcf7\" value=\"8536\" \/><input type=\"hidden\" name=\"_wpcf7_version\" value=\"6.1.5\" \/><input type=\"hidden\" name=\"_wpcf7_locale\" value=\"fr_FR\" \/><input type=\"hidden\" name=\"_wpcf7_unit_tag\" value=\"wpcf7-f8536-o1\" \/><input type=\"hidden\" name=\"_wpcf7_container_post\" value=\"0\" \/><input type=\"hidden\" name=\"_wpcf7_posted_data_hash\" value=\"\" \/><input type=\"hidden\" name=\"_wpcf7dtx_version\" value=\"5.0.5\" \/><input type=\"hidden\" name=\"_wpcf7_recaptcha_response\" value=\"\" \/>\n<\/fieldset>\n<span class=\"wpcf7-form-control-wrap chapter\" data-name=\"chapter\"><input type=\"hidden\" name=\"chapter\" class=\"wpcf7-form-control wpcf7-hidden wpcf7dtx wpcf7dtx-hidden\" aria-invalid=\"false\" value=\"Enseignants et Etudiants Chercheurs\u00a0marocains au Maroc et \u00e0 l&#039;Etranger\"><\/span>\n<p>Votre commentaire:\n<\/p>\n<p><span class=\"wpcf7-form-control-wrap\" data-name=\"your-message\"><textarea cols=\"40\" rows=\"10\" maxlength=\"2000\" class=\"wpcf7-form-control wpcf7-textarea\" aria-invalid=\"false\" name=\"your-message\"><\/textarea><\/span>\n<\/p>\n<p>*Votre nom:\n<\/p>\n<p><span class=\"wpcf7-form-control-wrap\" data-name=\"your-name\"><input size=\"40\" maxlength=\"400\" class=\"wpcf7-form-control wpcf7-text wpcf7-validates-as-required\" aria-required=\"true\" aria-invalid=\"false\" value=\"\" type=\"text\" name=\"your-name\" \/><\/span>\n<\/p>\n<p>*Votre email:\n<\/p>\n<p><span class=\"wpcf7-form-control-wrap\" data-name=\"your-email\"><input size=\"40\" maxlength=\"400\" class=\"wpcf7-form-control wpcf7-email wpcf7-validates-as-required wpcf7-text wpcf7-validates-as-email\" aria-required=\"true\" aria-invalid=\"false\" value=\"\" type=\"email\" name=\"your-email\" \/><\/span>\n<\/p>\n<p><input class=\"wpcf7-form-control wpcf7-submit has-spinner\" type=\"submit\" value=\"Envoyer\" \/>\n<\/p><div class=\"wpcf7-response-output\" aria-hidden=\"true\"><\/div>\n<\/form>\n<\/div>\n\n\n<\/div><h2 class=\"tabtitle\">Vid\u00e9os<\/h2>\n<div class=\"tabcontent\">\n\n<div class=\"youtube-player\" data-id=\"Ham3CHhc2WI\"><img decoding=\"async\" src=\"https:\/\/i1.wp.com\/i.ytimg.com\/vi\/Ham3CHhc2WI\/hqdefault.jpg?ssl=1\" data-recalc-dims=\"1\" class=\"aligncenter\" alt=\"\" \/><\/div>\n<div class=\"play\"><\/div>\n<p data-tadv-p=\"keep\" dir=\"rtl\" style=\"text-align: left;\"><span style=\"font-size: 8pt;\">Licenci\u00e9 pour avoir refus\u00e9 de modifier les notes<\/span><\/p>\n<div class=\"youtube-player\" data-id=\"w-YCvK2LQZQ\"><img decoding=\"async\" src=\"https:\/\/i1.wp.com\/i.ytimg.com\/vi\/w-YCvK2LQZQ\/hqdefault.jpg?ssl=1\" data-recalc-dims=\"1\" class=\"aligncenter\" alt=\"\" \/><\/div>\n<div class=\"play\"><\/div>\n<p data-tadv-p=\"keep\" dir=\"ltr\"><span style=\"font-size: 8pt;\">L\u2019Info en Face avec Pr. Sa\u00efd Moutawakil &#8211; 6 d\u00e9cembre 2021<\/span><\/p>\n<div class=\"youtube-player\" data-id=\"E7OVwW4zHX0\"><img decoding=\"async\" src=\"https:\/\/i1.wp.com\/i.ytimg.com\/vi\/E7OVwW4zHX0\/hqdefault.jpg?ssl=1\" data-recalc-dims=\"1\" class=\"aligncenter\" alt=\"\" \/><\/div>\n<p data-tadv-p=\"keep\" dir=\"rtl\" style=\"text-align: left;\"><span style=\"font-size: 8pt;\">Semaine de la science \u00e0 l\u2019UM6P: Rendre aux savants arabes ce qui appartient aux savants arabes &#8211; 3 Novembre 2021<\/span><\/p>\n<div class=\"ytb-placeholder\">\n<p><span class=\"top-left-text\"><span style=\"font-size: 24pt;\">Autres vid\u00e9os<\/span><\/span><\/p>\n<p><img loading=\"lazy\" decoding=\"async\" class=\"top-right-img\" src=\"https:\/\/www.moroccodemia.com\/fr\/media\/2019\/09\/IconOrangeCamera30x30.png\" alt=\"Icon Camera\" width=\"30\" height=\"30\" title=\"Autres vid\u00e9os\" \/><\/p>\n<p><img loading=\"lazy\" decoding=\"async\" class=\"centered-img-Grey\" src=\"https:\/\/www.moroccodemia.com\/fr\/media\/2019\/09\/IconPlay100x100.png\" alt=\"Icon Play\" width=\"75\" height=\"75\" title=\"Autres vid\u00e9os\" \/><\/p>\n<p><img loading=\"lazy\" decoding=\"async\" class=\"centered-img-Orange\" src=\"https:\/\/www.moroccodemia.com\/fr\/media\/2019\/09\/IconOrangePlay100x100.png\" alt=\"Icon Play\" width=\"75\" height=\"75\" title=\"Autres vid\u00e9os\" \/><\/p>\n<p><a class=\"linkSpanner\" href=\"https:\/\/www.moroccodemia.com\/fr\/image-et-son-chercheurs-marocains-au-maroc-et-a-letranger\/\"><\/a><\/p>\n<\/div>\n<p><span style=\"font-family: verdana, geneva, sans-serif;\">\n<\/div><h2 class=\"tabtitle\">Liens<\/h2>\n<div class=\"tabcontent\">\n<\/span><\/p>\n<div class=\"arrow-down\" style=\"margin-left: auto; margin-right: auto;\"><\/div>\n<div style=\"width: 200px; height: 000px; overflow: auto; background-color: white; margin-left: auto; margin-right: auto;\">\n<div style=\"width: 200px; height: 700px;\"><\/div>\n<\/div>\n<div class=\"arrow-up\" style=\"margin-left: auto; margin-right: auto;\"><\/div>\n<p><span style=\"font-family: verdana, geneva, sans-serif;\"><\/div><\/div><\/span><\/p>\n<hr \/>\n<h2 style=\"text-align: center;\"><span style=\"font-size: 18pt;\">Chercheurs marocains <span style=\"font-size: 14pt;\">au Maroc et \u00e0 l&rsquo;Etranger\/<\/span><\/span><\/h2>\n<hr \/>\n<\/div>\n<\/div>\n<\/div>\n<\/div>\n","protected":false},"excerpt":{"rendered":"<p>Chercheurs marocains au Maroc et \u00e0 l&rsquo;Etranger Parcourir en arabeParcourir en anglais Quel est le nombre d&rsquo;enseignants-chercheurs? [15,000] enseignants \u00a0ont \u00e9t\u00e9 recens\u00e9s dans les diff\u00e9rents \u00e9tablissements publiques et priv\u00e9s au titre de l&rsquo;ann\u00e9e scolaire (2021-2022) [13,127]\u00a0enseignants \u00a0ont\u00a0\u00e9t\u00e9\u00a0recens\u00e9s\u00a0dans les\u00a0diff\u00e9rents\u00a0\u00e9tablissements publiques et priv\u00e9s au\u00a0titre de\u00a0l&rsquo;ann\u00e9e\u00a0scolaire (2015-2016) [6,187] est le nombre d&rsquo;enseignants-chercheurs en (1990) [2,171]\u00a0est le nombre\u00a0d&rsquo;enseignants-chercheurs en [&hellip;]<\/p>\n","protected":false},"author":1,"featured_media":0,"parent":0,"menu_order":0,"comment_status":"closed","ping_status":"closed","template":"","meta":{"footnotes":""},"class_list":["post-771","page","type-page","status-publish","hentry"],"yoast_head":"<!-- This site is optimized with the Yoast SEO plugin v27.4 - https:\/\/yoast.com\/product\/yoast-seo-wordpress\/ -->\n<title>Enseignants\/Etudiants-Chercheurs marocains | moroccodemia<\/title>\n<meta name=\"robots\" content=\"index, follow, max-snippet:-1, max-image-preview:large, max-video-preview:-1\" \/>\n<link rel=\"canonical\" href=\"https:\/\/www.moroccodemia.com\/fr\/enseignants-et-etudiants-chercheurs-marocains-au-maroc-et-a-letranger\/\" \/>\n<meta property=\"og:locale\" content=\"fr_FR\" \/>\n<meta property=\"og:type\" content=\"article\" \/>\n<meta property=\"og:title\" content=\"Enseignants\/Etudiants-Chercheurs marocains | moroccodemia\" \/>\n<meta property=\"og:description\" content=\"Chercheurs marocains au Maroc et \u00e0 l&rsquo;Etranger Parcourir en arabeParcourir en anglais Quel est le nombre d&rsquo;enseignants-chercheurs? [15,000] enseignants \u00a0ont \u00e9t\u00e9 recens\u00e9s dans les diff\u00e9rents \u00e9tablissements publiques et priv\u00e9s au titre de l&rsquo;ann\u00e9e scolaire (2021-2022) [13,127]\u00a0enseignants \u00a0ont\u00a0\u00e9t\u00e9\u00a0recens\u00e9s\u00a0dans les\u00a0diff\u00e9rents\u00a0\u00e9tablissements publiques et priv\u00e9s au\u00a0titre de\u00a0l&rsquo;ann\u00e9e\u00a0scolaire (2015-2016) [6,187] est le nombre d&rsquo;enseignants-chercheurs en (1990) [2,171]\u00a0est le nombre\u00a0d&rsquo;enseignants-chercheurs en [&hellip;]\" \/>\n<meta property=\"og:url\" content=\"https:\/\/www.moroccodemia.com\/fr\/enseignants-et-etudiants-chercheurs-marocains-au-maroc-et-a-letranger\/\" \/>\n<meta property=\"og:site_name\" content=\"morocco academia french\" \/>\n<meta property=\"article:publisher\" content=\"https:\/\/www.facebook.com\/Morocco-academia-239938123438369\/\" \/>\n<meta property=\"article:modified_time\" content=\"2023-09-03T16:04:45+00:00\" \/>\n<meta property=\"og:image\" content=\"https:\/\/www.moroccodemia.com\/fr\/media\/2019\/01\/IconBlackProfessor.png\" \/>\n<meta name=\"twitter:card\" content=\"summary_large_image\" \/>\n<meta name=\"twitter:site\" content=\"@moroccodemia\" \/>\n<meta name=\"twitter:label1\" content=\"Dur\u00e9e de lecture estim\u00e9e\" \/>\n\t<meta name=\"twitter:data1\" content=\"4 minutes\" \/>\n<script type=\"application\/ld+json\" class=\"yoast-schema-graph\">{\"@context\":\"https:\\\/\\\/schema.org\",\"@graph\":[{\"@type\":\"WebPage\",\"@id\":\"https:\\\/\\\/www.moroccodemia.com\\\/fr\\\/enseignants-et-etudiants-chercheurs-marocains-au-maroc-et-a-letranger\\\/\",\"url\":\"https:\\\/\\\/www.moroccodemia.com\\\/fr\\\/enseignants-et-etudiants-chercheurs-marocains-au-maroc-et-a-letranger\\\/\",\"name\":\"Enseignants\\\/Etudiants-Chercheurs marocains | moroccodemia\",\"isPartOf\":{\"@id\":\"https:\\\/\\\/www.moroccodemia.com\\\/fr\\\/#website\"},\"primaryImageOfPage\":{\"@id\":\"https:\\\/\\\/www.moroccodemia.com\\\/fr\\\/enseignants-et-etudiants-chercheurs-marocains-au-maroc-et-a-letranger\\\/#primaryimage\"},\"image\":{\"@id\":\"https:\\\/\\\/www.moroccodemia.com\\\/fr\\\/enseignants-et-etudiants-chercheurs-marocains-au-maroc-et-a-letranger\\\/#primaryimage\"},\"thumbnailUrl\":\"https:\\\/\\\/www.moroccodemia.com\\\/fr\\\/media\\\/2019\\\/01\\\/IconBlackProfessor.png\",\"datePublished\":\"2015-08-25T10:39:17+00:00\",\"dateModified\":\"2023-09-03T16:04:45+00:00\",\"breadcrumb\":{\"@id\":\"https:\\\/\\\/www.moroccodemia.com\\\/fr\\\/enseignants-et-etudiants-chercheurs-marocains-au-maroc-et-a-letranger\\\/#breadcrumb\"},\"inLanguage\":\"fr-FR\",\"potentialAction\":[{\"@type\":\"ReadAction\",\"target\":[\"https:\\\/\\\/www.moroccodemia.com\\\/fr\\\/enseignants-et-etudiants-chercheurs-marocains-au-maroc-et-a-letranger\\\/\"]}]},{\"@type\":\"ImageObject\",\"inLanguage\":\"fr-FR\",\"@id\":\"https:\\\/\\\/www.moroccodemia.com\\\/fr\\\/enseignants-et-etudiants-chercheurs-marocains-au-maroc-et-a-letranger\\\/#primaryimage\",\"url\":\"https:\\\/\\\/www.moroccodemia.com\\\/fr\\\/media\\\/2019\\\/01\\\/IconBlackProfessor.png\",\"contentUrl\":\"https:\\\/\\\/www.moroccodemia.com\\\/fr\\\/media\\\/2019\\\/01\\\/IconBlackProfessor.png\",\"width\":100,\"height\":100},{\"@type\":\"BreadcrumbList\",\"@id\":\"https:\\\/\\\/www.moroccodemia.com\\\/fr\\\/enseignants-et-etudiants-chercheurs-marocains-au-maroc-et-a-letranger\\\/#breadcrumb\",\"itemListElement\":[{\"@type\":\"ListItem\",\"position\":1,\"name\":\"Accueil\",\"item\":\"https:\\\/\\\/www.moroccodemia.com\\\/fr\\\/\"},{\"@type\":\"ListItem\",\"position\":2,\"name\":\"Enseignants et Etudiants Chercheurs\u00a0marocains au Maroc et \u00e0 l&#8217;Etranger\"}]},{\"@type\":\"WebSite\",\"@id\":\"https:\\\/\\\/www.moroccodemia.com\\\/fr\\\/#website\",\"url\":\"https:\\\/\\\/www.moroccodemia.com\\\/fr\\\/\",\"name\":\"morocco academia french\",\"description\":\"L'information, tout simplement\",\"potentialAction\":[{\"@type\":\"SearchAction\",\"target\":{\"@type\":\"EntryPoint\",\"urlTemplate\":\"https:\\\/\\\/www.moroccodemia.com\\\/fr\\\/?s={search_term_string}\"},\"query-input\":{\"@type\":\"PropertyValueSpecification\",\"valueRequired\":true,\"valueName\":\"search_term_string\"}}],\"inLanguage\":\"fr-FR\"}]}<\/script>\n<!-- \/ Yoast SEO plugin. -->","yoast_head_json":{"title":"Enseignants\/Etudiants-Chercheurs marocains | moroccodemia","robots":{"index":"index","follow":"follow","max-snippet":"max-snippet:-1","max-image-preview":"max-image-preview:large","max-video-preview":"max-video-preview:-1"},"canonical":"https:\/\/www.moroccodemia.com\/fr\/enseignants-et-etudiants-chercheurs-marocains-au-maroc-et-a-letranger\/","og_locale":"fr_FR","og_type":"article","og_title":"Enseignants\/Etudiants-Chercheurs marocains | moroccodemia","og_description":"Chercheurs marocains au Maroc et \u00e0 l&rsquo;Etranger Parcourir en arabeParcourir en anglais Quel est le nombre d&rsquo;enseignants-chercheurs? [15,000] enseignants \u00a0ont \u00e9t\u00e9 recens\u00e9s dans les diff\u00e9rents \u00e9tablissements publiques et priv\u00e9s au titre de l&rsquo;ann\u00e9e scolaire (2021-2022) [13,127]\u00a0enseignants \u00a0ont\u00a0\u00e9t\u00e9\u00a0recens\u00e9s\u00a0dans les\u00a0diff\u00e9rents\u00a0\u00e9tablissements publiques et priv\u00e9s au\u00a0titre de\u00a0l&rsquo;ann\u00e9e\u00a0scolaire (2015-2016) [6,187] est le nombre d&rsquo;enseignants-chercheurs en (1990) [2,171]\u00a0est le nombre\u00a0d&rsquo;enseignants-chercheurs en [&hellip;]","og_url":"https:\/\/www.moroccodemia.com\/fr\/enseignants-et-etudiants-chercheurs-marocains-au-maroc-et-a-letranger\/","og_site_name":"morocco academia french","article_publisher":"https:\/\/www.facebook.com\/Morocco-academia-239938123438369\/","article_modified_time":"2023-09-03T16:04:45+00:00","og_image":[{"url":"https:\/\/www.moroccodemia.com\/fr\/media\/2019\/01\/IconBlackProfessor.png","type":"","width":"","height":""}],"twitter_card":"summary_large_image","twitter_site":"@moroccodemia","twitter_misc":{"Dur\u00e9e de lecture estim\u00e9e":"4 minutes"},"schema":{"@context":"https:\/\/schema.org","@graph":[{"@type":"WebPage","@id":"https:\/\/www.moroccodemia.com\/fr\/enseignants-et-etudiants-chercheurs-marocains-au-maroc-et-a-letranger\/","url":"https:\/\/www.moroccodemia.com\/fr\/enseignants-et-etudiants-chercheurs-marocains-au-maroc-et-a-letranger\/","name":"Enseignants\/Etudiants-Chercheurs marocains | moroccodemia","isPartOf":{"@id":"https:\/\/www.moroccodemia.com\/fr\/#website"},"primaryImageOfPage":{"@id":"https:\/\/www.moroccodemia.com\/fr\/enseignants-et-etudiants-chercheurs-marocains-au-maroc-et-a-letranger\/#primaryimage"},"image":{"@id":"https:\/\/www.moroccodemia.com\/fr\/enseignants-et-etudiants-chercheurs-marocains-au-maroc-et-a-letranger\/#primaryimage"},"thumbnailUrl":"https:\/\/www.moroccodemia.com\/fr\/media\/2019\/01\/IconBlackProfessor.png","datePublished":"2015-08-25T10:39:17+00:00","dateModified":"2023-09-03T16:04:45+00:00","breadcrumb":{"@id":"https:\/\/www.moroccodemia.com\/fr\/enseignants-et-etudiants-chercheurs-marocains-au-maroc-et-a-letranger\/#breadcrumb"},"inLanguage":"fr-FR","potentialAction":[{"@type":"ReadAction","target":["https:\/\/www.moroccodemia.com\/fr\/enseignants-et-etudiants-chercheurs-marocains-au-maroc-et-a-letranger\/"]}]},{"@type":"ImageObject","inLanguage":"fr-FR","@id":"https:\/\/www.moroccodemia.com\/fr\/enseignants-et-etudiants-chercheurs-marocains-au-maroc-et-a-letranger\/#primaryimage","url":"https:\/\/www.moroccodemia.com\/fr\/media\/2019\/01\/IconBlackProfessor.png","contentUrl":"https:\/\/www.moroccodemia.com\/fr\/media\/2019\/01\/IconBlackProfessor.png","width":100,"height":100},{"@type":"BreadcrumbList","@id":"https:\/\/www.moroccodemia.com\/fr\/enseignants-et-etudiants-chercheurs-marocains-au-maroc-et-a-letranger\/#breadcrumb","itemListElement":[{"@type":"ListItem","position":1,"name":"Accueil","item":"https:\/\/www.moroccodemia.com\/fr\/"},{"@type":"ListItem","position":2,"name":"Enseignants et Etudiants Chercheurs\u00a0marocains au Maroc et \u00e0 l&#8217;Etranger"}]},{"@type":"WebSite","@id":"https:\/\/www.moroccodemia.com\/fr\/#website","url":"https:\/\/www.moroccodemia.com\/fr\/","name":"morocco academia french","description":"L'information, tout simplement","potentialAction":[{"@type":"SearchAction","target":{"@type":"EntryPoint","urlTemplate":"https:\/\/www.moroccodemia.com\/fr\/?s={search_term_string}"},"query-input":{"@type":"PropertyValueSpecification","valueRequired":true,"valueName":"search_term_string"}}],"inLanguage":"fr-FR"}]}},"_links":{"self":[{"href":"https:\/\/www.moroccodemia.com\/fr\/wp-json\/wp\/v2\/pages\/771","targetHints":{"allow":["GET"]}}],"collection":[{"href":"https:\/\/www.moroccodemia.com\/fr\/wp-json\/wp\/v2\/pages"}],"about":[{"href":"https:\/\/www.moroccodemia.com\/fr\/wp-json\/wp\/v2\/types\/page"}],"author":[{"embeddable":true,"href":"https:\/\/www.moroccodemia.com\/fr\/wp-json\/wp\/v2\/users\/1"}],"replies":[{"embeddable":true,"href":"https:\/\/www.moroccodemia.com\/fr\/wp-json\/wp\/v2\/comments?post=771"}],"version-history":[{"count":3,"href":"https:\/\/www.moroccodemia.com\/fr\/wp-json\/wp\/v2\/pages\/771\/revisions"}],"predecessor-version":[{"id":16122,"href":"https:\/\/www.moroccodemia.com\/fr\/wp-json\/wp\/v2\/pages\/771\/revisions\/16122"}],"wp:attachment":[{"href":"https:\/\/www.moroccodemia.com\/fr\/wp-json\/wp\/v2\/media?parent=771"}],"curies":[{"name":"wp","href":"https:\/\/api.w.org\/{rel}","templated":true}]}}