{"id":77,"date":"2015-08-23T10:57:23","date_gmt":"2015-08-23T10:57:23","guid":{"rendered":"https:\/\/www.moroccodemia.com\/fr\/?page_id=77"},"modified":"2021-11-19T10:36:57","modified_gmt":"2021-11-19T09:36:57","slug":"union-nationale-etudiants-maroc","status":"publish","type":"page","link":"https:\/\/www.moroccodemia.com\/fr\/union-nationale-etudiants-maroc\/","title":{"rendered":"Union Nationale des Etudiants du Maroc"},"content":{"rendered":"<div class=\"rTable\">\n<div class=\"rTableBody\">\n<div class=\"rTableRow\">\n<div class=\"rTablehead\">\n<hr>\n<h1 class=\"h1pagetitle\">Union Nationale des Etudiants du Maroc<\/h1>\n<div class=\"dropdown1\"><span><button class=\"dropbtn1\"><\/button><br class=\"blank \/\"><span class=\"dropdown1-content\"><a href=\"https:\/\/www.moroccodemia.com\/ar\/%D8%A7%D9%84%D8%A5%D8%AA%D8%AD%D8%A7%D8%AF-%D8%A7%D9%84%D9%88%D8%B7%D9%86%D9%8A-%D9%84%D8%B7%D9%84%D8%A8%D8%A9-%D8%A7%D9%84%D9%85%D8%BA%D8%B1%D8%A8\/\">Parcourir en arabe<\/a><a href=\"https:\/\/www.moroccodemia.com\/en\/student-union\/\">Parcourir en anglais<\/a><\/span><\/span><\/div>\n<hr>\n<div class=\"banner\"><img loading=\"lazy\" decoding=\"async\" src=\"https:\/\/www.moroccodemia.com\/fr\/media\/2019\/01\/IconBlackUnion.png\" style=\"vertical-align: middle;\" alt=\"Union Nationale des Etudiants du Maroc\" title=\"Union Nationale des Etudiants du Maroc\" width=\"80\" height=\"80\"><\/div>\n<p dir=\"ltr\"><span style=\"font-family: verdana, geneva, sans-serif; font-size: 10pt;\"><div class=\"responsive-tabs\">\n<h2 class=\"tabtitle\">Aper\u00e7u<\/h2>\n<div class=\"tabcontent\">\n<\/span><\/p>\n<h2 dir=\"ltr\"><span style=\"font-size: 10pt;\"><strong><span style=\"font-family: verdana,geneva,sans-serif;\">Qu&rsquo;est ce que&nbsp; l&rsquo;UNEM?&nbsp;&nbsp;<\/span><\/strong><\/span><\/h2>\n<p dir=\"ltr\"><span style=\"font-size: 10pt; font-family: verdana,geneva,sans-serif;\">L&rsquo;UNEM (Union Nationale des Etudiants du Maroc) est un <em><strong><span style=\"font-size: 18pt;\"><span class=\"st\">syndicat \u00e9tudiant marocain<\/span><\/span><\/strong><\/em>.<\/span><\/p>\n<p dir=\"ltr\"><span style=\"font-size: 10pt;\"><strong><span style=\"font-family: verdana,geneva,sans-serif;\">Quelle est la date de cr\u00e9ation de&nbsp; l&rsquo;UNEM?&nbsp;&nbsp;&nbsp;<\/span><\/strong><\/span><\/p>\n<p dir=\"ltr\"><span style=\"font-size: 10pt; font-family: verdana,geneva,sans-serif;\">L&rsquo;UNEM a \u00e9t\u00e9 cr\u00e9\u00e9 en <span style=\"font-size: 18pt;\"><em>(<strong>1956<\/strong>)<\/em><\/span>.<\/span><\/p>\n<p dir=\"ltr\"><span style=\"font-size: 10pt;\"><strong><span style=\"font-family: verdana,geneva,sans-serif;\">Quelle est la date de dissolution de&nbsp; l&rsquo;UNEM?&nbsp;&nbsp;&nbsp;<\/span><\/strong><\/span><\/p>\n<p dir=\"ltr\"><span style=\"font-size: 10pt; font-family: verdana,geneva,sans-serif;\">L&rsquo;UNEM a \u00e9t\u00e9 dissou en <span style=\"font-size: 18pt;\"><em>(<strong>1973<\/strong>)<\/em><\/span>.<\/span><\/p>\n<p dir=\"ltr\"><img loading=\"lazy\" decoding=\"async\" src=\"https:\/\/www.moroccodemia.com\/fr\/media\/2015\/09\/UNEM-HQ600x400.png\" alt=\"Si\u00e8ge historique de l'Union Nationale des Etudiants du Maroc\" width=\"600\" height=\"400\" class=\"aligncenter wp-image-6479 size-full\" title=\"Si\u00e8ge historique de l'Union Nationale des Etudiants du Maroc\" srcset=\"https:\/\/www.moroccodemia.com\/fr\/media\/2015\/09\/UNEM-HQ600x400.png 600w, https:\/\/www.moroccodemia.com\/fr\/media\/2015\/09\/UNEM-HQ600x400-300x200.png 300w\" sizes=\"auto, (max-width: 600px) 100vw, 600px\" \/><span style=\"font-size: 8pt;\">Si\u00e8ge historique de l&rsquo;Union Nationale des Etudiants du Maroc<\/span><\/p>\n<p><span style=\"font-family: verdana, geneva, sans-serif; font-size: 10pt;\">\n<\/div><h2 class=\"tabtitle\">Liens<\/h2>\n<div class=\"tabcontent\">\n<\/span><\/p>\n<div class=\"arrow-down\" style=\"margin-left: auto; margin-right: auto;\"><\/div>\n<div style=\"width: 200px; height: 00px; overflow: auto; background-color: white; margin-left: auto; margin-right: auto;\">\n<div style=\"width: 200px; height: 700px;\"><\/div>\n<\/div>\n<div class=\"arrow-up\" style=\"margin-left: auto; margin-right: auto;\"><\/div>\n<p><span style=\"font-family: verdana, geneva, sans-serif; font-size: 10pt;\">\n<\/div><h2 class=\"tabtitle\">Vid\u00e9os<\/h2>\n<div class=\"tabcontent\">\n<\/span><\/p>\n<div class=\"arrow-down\" style=\"margin-left: auto; margin-right: auto;\"><\/div>\n<div style=\"width: 200px; height: 00px; overflow: auto; background-color: white; margin-left: auto; margin-right: auto;\">\n<div style=\"width: 200px; height: 700px;\"><\/div>\n<\/div>\n<div class=\"arrow-up\" style=\"margin-left: auto; margin-right: auto;\"><\/div>\n<p><span style=\"font-family: verdana, geneva, sans-serif; font-size: 10pt;\"><\/div><\/div><\/span><\/p>\n<hr>\n<h2 class=\"rTableHead\" style=\"text-align: center;\"><strong><span style=\"font-size: 14pt; font-family: verdana,geneva,sans-serif;\">Union Nationale des Etudiants <span style=\"font-size: 10pt;\">du Maroc<\/span><span style=\"font-size: 10pt;\">\/<\/span><\/span><\/strong><\/h2>\n<hr>\n<\/div>\n<\/div>\n<\/div>\n<\/div>\n","protected":false},"excerpt":{"rendered":"<p>Union Nationale des Etudiants du Maroc Parcourir en arabeParcourir en anglais Qu&rsquo;est ce que&nbsp; l&rsquo;UNEM?&nbsp;&nbsp; L&rsquo;UNEM (Union Nationale des Etudiants du Maroc) est un syndicat \u00e9tudiant marocain. Quelle est la date de cr\u00e9ation de&nbsp; l&rsquo;UNEM?&nbsp;&nbsp;&nbsp; L&rsquo;UNEM a \u00e9t\u00e9 cr\u00e9\u00e9 en (1956). Quelle est la date de dissolution de&nbsp; l&rsquo;UNEM?&nbsp;&nbsp;&nbsp; L&rsquo;UNEM a \u00e9t\u00e9 dissou en (1973). [&hellip;]<\/p>\n","protected":false},"author":1,"featured_media":0,"parent":0,"menu_order":0,"comment_status":"closed","ping_status":"closed","template":"","meta":{"footnotes":""},"class_list":["post-77","page","type-page","status-publish","hentry"],"yoast_head":"<!-- This site is optimized with the Yoast SEO plugin v27.4 - https:\/\/yoast.com\/product\/yoast-seo-wordpress\/ -->\n<title>Union Nationale des Etudiants du Maroc | moroccodemia<\/title>\n<meta name=\"robots\" content=\"index, follow, max-snippet:-1, max-image-preview:large, max-video-preview:-1\" \/>\n<link rel=\"canonical\" href=\"https:\/\/www.moroccodemia.com\/fr\/union-nationale-etudiants-maroc\/\" \/>\n<meta property=\"og:locale\" content=\"fr_FR\" \/>\n<meta property=\"og:type\" content=\"article\" \/>\n<meta property=\"og:title\" content=\"Union Nationale des Etudiants du Maroc | moroccodemia\" \/>\n<meta property=\"og:description\" content=\"Union Nationale des Etudiants du Maroc Parcourir en arabeParcourir en anglais Qu&rsquo;est ce que&nbsp; l&rsquo;UNEM?&nbsp;&nbsp; L&rsquo;UNEM (Union Nationale des Etudiants du Maroc) est un syndicat \u00e9tudiant marocain. Quelle est la date de cr\u00e9ation de&nbsp; l&rsquo;UNEM?&nbsp;&nbsp;&nbsp; L&rsquo;UNEM a \u00e9t\u00e9 cr\u00e9\u00e9 en (1956). Quelle est la date de dissolution de&nbsp; l&rsquo;UNEM?&nbsp;&nbsp;&nbsp; L&rsquo;UNEM a \u00e9t\u00e9 dissou en (1973). [&hellip;]\" \/>\n<meta property=\"og:url\" content=\"https:\/\/www.moroccodemia.com\/fr\/union-nationale-etudiants-maroc\/\" \/>\n<meta property=\"og:site_name\" content=\"morocco academia french\" \/>\n<meta property=\"article:publisher\" content=\"https:\/\/www.facebook.com\/Morocco-academia-239938123438369\/\" \/>\n<meta property=\"article:modified_time\" content=\"2021-11-19T09:36:57+00:00\" \/>\n<meta property=\"og:image\" content=\"https:\/\/www.moroccodemia.com\/fr\/media\/2019\/01\/IconBlackUnion.png\" \/>\n<meta name=\"twitter:card\" content=\"summary_large_image\" \/>\n<meta name=\"twitter:site\" content=\"@moroccodemia\" \/>\n<meta name=\"twitter:label1\" content=\"Dur\u00e9e de lecture estim\u00e9e\" \/>\n\t<meta name=\"twitter:data1\" content=\"1 minute\" \/>\n<script type=\"application\/ld+json\" class=\"yoast-schema-graph\">{\"@context\":\"https:\\\/\\\/schema.org\",\"@graph\":[{\"@type\":\"WebPage\",\"@id\":\"https:\\\/\\\/www.moroccodemia.com\\\/fr\\\/union-nationale-etudiants-maroc\\\/\",\"url\":\"https:\\\/\\\/www.moroccodemia.com\\\/fr\\\/union-nationale-etudiants-maroc\\\/\",\"name\":\"Union Nationale des Etudiants du Maroc | moroccodemia\",\"isPartOf\":{\"@id\":\"https:\\\/\\\/www.moroccodemia.com\\\/fr\\\/#website\"},\"primaryImageOfPage\":{\"@id\":\"https:\\\/\\\/www.moroccodemia.com\\\/fr\\\/union-nationale-etudiants-maroc\\\/#primaryimage\"},\"image\":{\"@id\":\"https:\\\/\\\/www.moroccodemia.com\\\/fr\\\/union-nationale-etudiants-maroc\\\/#primaryimage\"},\"thumbnailUrl\":\"https:\\\/\\\/www.moroccodemia.com\\\/fr\\\/media\\\/2019\\\/01\\\/IconBlackUnion.png\",\"datePublished\":\"2015-08-23T10:57:23+00:00\",\"dateModified\":\"2021-11-19T09:36:57+00:00\",\"breadcrumb\":{\"@id\":\"https:\\\/\\\/www.moroccodemia.com\\\/fr\\\/union-nationale-etudiants-maroc\\\/#breadcrumb\"},\"inLanguage\":\"fr-FR\",\"potentialAction\":[{\"@type\":\"ReadAction\",\"target\":[\"https:\\\/\\\/www.moroccodemia.com\\\/fr\\\/union-nationale-etudiants-maroc\\\/\"]}]},{\"@type\":\"ImageObject\",\"inLanguage\":\"fr-FR\",\"@id\":\"https:\\\/\\\/www.moroccodemia.com\\\/fr\\\/union-nationale-etudiants-maroc\\\/#primaryimage\",\"url\":\"https:\\\/\\\/www.moroccodemia.com\\\/fr\\\/media\\\/2019\\\/01\\\/IconBlackUnion.png\",\"contentUrl\":\"https:\\\/\\\/www.moroccodemia.com\\\/fr\\\/media\\\/2019\\\/01\\\/IconBlackUnion.png\",\"width\":100,\"height\":100},{\"@type\":\"BreadcrumbList\",\"@id\":\"https:\\\/\\\/www.moroccodemia.com\\\/fr\\\/union-nationale-etudiants-maroc\\\/#breadcrumb\",\"itemListElement\":[{\"@type\":\"ListItem\",\"position\":1,\"name\":\"Accueil\",\"item\":\"https:\\\/\\\/www.moroccodemia.com\\\/fr\\\/\"},{\"@type\":\"ListItem\",\"position\":2,\"name\":\"Union Nationale des Etudiants du Maroc\"}]},{\"@type\":\"WebSite\",\"@id\":\"https:\\\/\\\/www.moroccodemia.com\\\/fr\\\/#website\",\"url\":\"https:\\\/\\\/www.moroccodemia.com\\\/fr\\\/\",\"name\":\"morocco academia french\",\"description\":\"L'information, tout simplement\",\"potentialAction\":[{\"@type\":\"SearchAction\",\"target\":{\"@type\":\"EntryPoint\",\"urlTemplate\":\"https:\\\/\\\/www.moroccodemia.com\\\/fr\\\/?s={search_term_string}\"},\"query-input\":{\"@type\":\"PropertyValueSpecification\",\"valueRequired\":true,\"valueName\":\"search_term_string\"}}],\"inLanguage\":\"fr-FR\"}]}<\/script>\n<!-- \/ Yoast SEO plugin. -->","yoast_head_json":{"title":"Union Nationale des Etudiants du Maroc | moroccodemia","robots":{"index":"index","follow":"follow","max-snippet":"max-snippet:-1","max-image-preview":"max-image-preview:large","max-video-preview":"max-video-preview:-1"},"canonical":"https:\/\/www.moroccodemia.com\/fr\/union-nationale-etudiants-maroc\/","og_locale":"fr_FR","og_type":"article","og_title":"Union Nationale des Etudiants du Maroc | moroccodemia","og_description":"Union Nationale des Etudiants du Maroc Parcourir en arabeParcourir en anglais Qu&rsquo;est ce que&nbsp; l&rsquo;UNEM?&nbsp;&nbsp; L&rsquo;UNEM (Union Nationale des Etudiants du Maroc) est un syndicat \u00e9tudiant marocain. Quelle est la date de cr\u00e9ation de&nbsp; l&rsquo;UNEM?&nbsp;&nbsp;&nbsp; L&rsquo;UNEM a \u00e9t\u00e9 cr\u00e9\u00e9 en (1956). Quelle est la date de dissolution de&nbsp; l&rsquo;UNEM?&nbsp;&nbsp;&nbsp; L&rsquo;UNEM a \u00e9t\u00e9 dissou en (1973). [&hellip;]","og_url":"https:\/\/www.moroccodemia.com\/fr\/union-nationale-etudiants-maroc\/","og_site_name":"morocco academia french","article_publisher":"https:\/\/www.facebook.com\/Morocco-academia-239938123438369\/","article_modified_time":"2021-11-19T09:36:57+00:00","og_image":[{"url":"https:\/\/www.moroccodemia.com\/fr\/media\/2019\/01\/IconBlackUnion.png","type":"","width":"","height":""}],"twitter_card":"summary_large_image","twitter_site":"@moroccodemia","twitter_misc":{"Dur\u00e9e de lecture estim\u00e9e":"1 minute"},"schema":{"@context":"https:\/\/schema.org","@graph":[{"@type":"WebPage","@id":"https:\/\/www.moroccodemia.com\/fr\/union-nationale-etudiants-maroc\/","url":"https:\/\/www.moroccodemia.com\/fr\/union-nationale-etudiants-maroc\/","name":"Union Nationale des Etudiants du Maroc | moroccodemia","isPartOf":{"@id":"https:\/\/www.moroccodemia.com\/fr\/#website"},"primaryImageOfPage":{"@id":"https:\/\/www.moroccodemia.com\/fr\/union-nationale-etudiants-maroc\/#primaryimage"},"image":{"@id":"https:\/\/www.moroccodemia.com\/fr\/union-nationale-etudiants-maroc\/#primaryimage"},"thumbnailUrl":"https:\/\/www.moroccodemia.com\/fr\/media\/2019\/01\/IconBlackUnion.png","datePublished":"2015-08-23T10:57:23+00:00","dateModified":"2021-11-19T09:36:57+00:00","breadcrumb":{"@id":"https:\/\/www.moroccodemia.com\/fr\/union-nationale-etudiants-maroc\/#breadcrumb"},"inLanguage":"fr-FR","potentialAction":[{"@type":"ReadAction","target":["https:\/\/www.moroccodemia.com\/fr\/union-nationale-etudiants-maroc\/"]}]},{"@type":"ImageObject","inLanguage":"fr-FR","@id":"https:\/\/www.moroccodemia.com\/fr\/union-nationale-etudiants-maroc\/#primaryimage","url":"https:\/\/www.moroccodemia.com\/fr\/media\/2019\/01\/IconBlackUnion.png","contentUrl":"https:\/\/www.moroccodemia.com\/fr\/media\/2019\/01\/IconBlackUnion.png","width":100,"height":100},{"@type":"BreadcrumbList","@id":"https:\/\/www.moroccodemia.com\/fr\/union-nationale-etudiants-maroc\/#breadcrumb","itemListElement":[{"@type":"ListItem","position":1,"name":"Accueil","item":"https:\/\/www.moroccodemia.com\/fr\/"},{"@type":"ListItem","position":2,"name":"Union Nationale des Etudiants du Maroc"}]},{"@type":"WebSite","@id":"https:\/\/www.moroccodemia.com\/fr\/#website","url":"https:\/\/www.moroccodemia.com\/fr\/","name":"morocco academia french","description":"L'information, tout simplement","potentialAction":[{"@type":"SearchAction","target":{"@type":"EntryPoint","urlTemplate":"https:\/\/www.moroccodemia.com\/fr\/?s={search_term_string}"},"query-input":{"@type":"PropertyValueSpecification","valueRequired":true,"valueName":"search_term_string"}}],"inLanguage":"fr-FR"}]}},"_links":{"self":[{"href":"https:\/\/www.moroccodemia.com\/fr\/wp-json\/wp\/v2\/pages\/77","targetHints":{"allow":["GET"]}}],"collection":[{"href":"https:\/\/www.moroccodemia.com\/fr\/wp-json\/wp\/v2\/pages"}],"about":[{"href":"https:\/\/www.moroccodemia.com\/fr\/wp-json\/wp\/v2\/types\/page"}],"author":[{"embeddable":true,"href":"https:\/\/www.moroccodemia.com\/fr\/wp-json\/wp\/v2\/users\/1"}],"replies":[{"embeddable":true,"href":"https:\/\/www.moroccodemia.com\/fr\/wp-json\/wp\/v2\/comments?post=77"}],"version-history":[{"count":3,"href":"https:\/\/www.moroccodemia.com\/fr\/wp-json\/wp\/v2\/pages\/77\/revisions"}],"predecessor-version":[{"id":15694,"href":"https:\/\/www.moroccodemia.com\/fr\/wp-json\/wp\/v2\/pages\/77\/revisions\/15694"}],"wp:attachment":[{"href":"https:\/\/www.moroccodemia.com\/fr\/wp-json\/wp\/v2\/media?parent=77"}],"curies":[{"name":"wp","href":"https:\/\/api.w.org\/{rel}","templated":true}]}}