{"id":759,"date":"2015-08-25T10:32:12","date_gmt":"2015-08-25T10:32:12","guid":{"rendered":"https:\/\/www.moroccodemia.com\/fr\/?page_id=759"},"modified":"2021-01-20T20:12:04","modified_gmt":"2021-01-20T19:12:04","slug":"offres-demploi-au-maroc","status":"publish","type":"page","link":"https:\/\/www.moroccodemia.com\/fr\/offres-demploi-au-maroc\/","title":{"rendered":"Offres d&#8217;emploi au Maroc"},"content":{"rendered":"<div class=\"rTable\">\n<div class=\"rTableBody\">\n<div class=\"rTableRow\">\n<div class=\"rTableHead\">\n<hr>\n<h1 class=\"h1pagetitle\">Offres d&#8217;emploi au Maroc<\/h1>\n<div class=\"dropdown1\"><span><button class=\"dropbtn1\"><\/button><br \/>\n<span class=\"dropdown1-content\"><a href=\"https:\/\/www.moroccodemia.com\/ar\/%d9%81%d8%b1%d8%b5-%d8%a7%d9%84%d8%b4%d8%ba%d9%84-%d9%81%d9%8a-%d8%a7%d9%84%d9%85%d8%ba%d8%b1%d8%a8\/\">Parcourir en arabe<\/a><a href=\"https:\/\/www.moroccodemia.com\/en\/job-opportunities-in-morocco\">Parcourir en anglais<\/a><\/span><\/span><\/div>\n<hr>\n<div class=\"banner\"><img loading=\"lazy\" decoding=\"async\" class=\"banner-image\" src=\"https:\/\/www.moroccodemia.com\/fr\/media\/2019\/01\/IconBlackChair.png\" style=\"vertical-align: middle;\" alt=\"Offres d'emploi pour les dipl\u00f4m\u00e9s marocains\" title=\"Offres d'emploi pour les dipl\u00f4m\u00e9s marocains\" width=\"80\" height=\"80\"><\/div>\n<p dir=\"ltr\"><span style=\"background-color: #00ff00; font-family: verdana,geneva,sans-serif;\"><div class=\"responsive-tabs\">\n<h2 class=\"tabtitle\">Aper\u00e7u<\/h2>\n<div class=\"tabcontent\">\n<\/span><\/p>\n<h2 class=\"h2MainContent\" dir=\"ltr\"><span style=\"font-size: 10pt;\"><strong>Combien de <span><b>dipl\u00f4m\u00e9s<\/b><\/span> chaque ann\u00e9e?<\/strong><\/span><\/h2>\n<p dir=\"ltr\"><span style=\"font-size: 10pt;\"><em>[<strong>90,000<\/strong>]&nbsp;<\/em>Le nombre de nouveaux<b>&nbsp;dipl\u00f4m\u00e9s<\/b>&nbsp;des diff\u00e9rents&nbsp;\u00e9tablissements de l\u2019enseignement sup\u00e9rieur chaque ann\u00e9e.<\/span><\/p>\n<h2 class=\"h2MainContent\" dir=\"ltr\"><span style=\"font-size: 10pt;\"><b>Etablissements, Installations et Services associ\u00e9s<\/b><\/span><\/h2>\n<p dir=\"ltr\"><a href=\"https:\/\/www.anapec.org\/sigec-app-rv\/\"><img loading=\"lazy\" decoding=\"async\" src=\"https:\/\/www.moroccodemia.com\/fr\/media\/2019\/03\/InstitGovEmploymentANAPEC.png\" alt=\"Agence nationale de promotion de l'emploi et des comp\u00e9tences (anapec)\" width=\"600\" height=\"400\" class=\"aligncenter wp-image-11876 size-full\" title=\"Agence nationale de promotion de l'emploi et des comp\u00e9tences (anapec)\" srcset=\"https:\/\/www.moroccodemia.com\/fr\/media\/2019\/03\/InstitGovEmploymentANAPEC.png 600w, https:\/\/www.moroccodemia.com\/fr\/media\/2019\/03\/InstitGovEmploymentANAPEC-300x200.png 300w\" sizes=\"auto, (max-width: 600px) 100vw, 600px\" \/><\/a><span style=\"font-size: 8pt;\">Agence nationale de promotion de l&#8217;emploi et des comp\u00e9tences (anapec)<\/span><\/p>\n\n<\/div><h2 class=\"tabtitle\">Vid\u00e9os<\/h2>\n<div class=\"tabcontent\">\n\n<div class=\"youtube-player\" data-id=\"r7kAc2IFlLY\"><img decoding=\"async\" src=\"https:\/\/i1.wp.com\/i.ytimg.com\/vi\/r7kAc2IFlLY\/hqdefault.jpg?ssl=1\" data-recalc-dims=\"1\" class=\"aligncenter\" alt=\"\"><\/div>\n<div class=\"play\"><\/div>\n<p data-tadv-p=\"keep\" dir=\"ltr\" style=\"font-size: 8pt;\">Fuite des cerveaux: ce qu&rsquo;en dit Mehdi Kettani &#8211; 21 novembre 2019<\/p>\n<div class=\"youtube-player\" data-id=\"tD5smdwEuVE\"><img decoding=\"async\" src=\"https:\/\/i1.wp.com\/i.ytimg.com\/vi\/tD5smdwEuVE\/hqdefault.jpg?ssl=1\" data-recalc-dims=\"1\" class=\"aligncenter\" alt=\"\"><\/div>\n<div class=\"play\"><\/div>\n<p data-tadv-p=\"keep\" dir=\"ltr\" style=\"font-size: 8pt;\">Ad\u00e9quation formation-emploi : quelle relation entre l\u2019\u00e9cole et l\u2019entreprise? &#8211; 4 d\u00e9cembre 2014<\/p>\n<p><span style=\"background-color: #00ff00; font-family: verdana, geneva, sans-serif; font-size: 10pt;\">\n<\/div><h2 class=\"tabtitle\">Liens<\/h2>\n<div class=\"tabcontent\">\n<\/span><\/p>\n<div class=\"arrow-down\" style=\"margin-left: auto; margin-right: auto;\"><\/div>\n<div style=\"width: 200px; height: 500px; overflow: auto; background-color: white; margin-left: auto; margin-right: auto;\">\n<div style=\"width: 200px; height: 700px;\">\n<div class=\"rTableCell\"><span style=\"font-size: 10pt;\"><a href=\"http:\/\/emploi-public.ma\/fr\/index.asp\" target=\"_blank\" rel=\"noopener noreferrer\"><img loading=\"lazy\" decoding=\"async\" title=\"Emploi Public\" src=\"https:\/\/www.moroccodemia.com\/fr\/media\/2015\/08\/EmpoiPublic.png\" alt=\"Emploi Public\" width=\"180\" height=\"100\" class=\"alignnone\"><\/a><\/span><\/div>\n<div class=\"rTableCell\"><span style=\"font-size: 10pt;\"><a href=\"http:\/\/www.anapec.org\/sigec-app-rv\/\" target=\"_blank\" rel=\"noopener noreferrer\"><img loading=\"lazy\" decoding=\"async\" class=\"aligncenter\" title=\"ANAPEC \" src=\"https:\/\/www.moroccodemia.com\/fr\/media\/2017\/12\/InstitLaborJobsANAPEC.png\" alt=\"\" width=\"180\" height=\"100\"><\/a><\/span><\/div>\n<div class=\"rTableCell\"><span style=\"font-size: 10pt;\"><a href=\"http:\/\/www.emploi.ma\/\" target=\"_blank\" rel=\"noopener noreferrer\"><img loading=\"lazy\" decoding=\"async\" class=\"aligncenter\" title=\"Emploi\" src=\"https:\/\/www.moroccodemia.com\/fr\/media\/2015\/08\/Emploi.jpg\" alt=\"\" width=\"180\" height=\"100\"><\/a><\/span><\/div>\n<div class=\"rTableCell\"><span style=\"font-size: 10pt;\"><a href=\"http:\/\/marocemploi.net\/\" target=\"_blank\" rel=\"noopener noreferrer\"><img loading=\"lazy\" decoding=\"async\" class=\"aligncenter\" title=\"Maroc Emploi \" src=\"https:\/\/www.moroccodemia.com\/fr\/media\/2015\/08\/emploimaroc.png\" alt=\"\" width=\"180\" height=\"75\"><\/a><\/span><\/div>\n<div class=\"rTableCell\"><span style=\"font-size: 10pt;\"><a href=\"http:\/\/www.indh.ma\/index.php\/fr\/\" target=\"_blank\" rel=\"noopener noreferrer\"><img loading=\"lazy\" decoding=\"async\" class=\"aligncenter\" title=\"INDH\" src=\"https:\/\/www.moroccodemia.com\/fr\/media\/2015\/08\/INDH.png\" alt=\"\" width=\"180\" height=\"75\"><\/a><\/span><\/div>\n<div class=\"rTableCell\"><span style=\"font-size: 10pt;\"><a href=\"http:\/\/www.careersinmorocco.com\" target=\"_blank\" rel=\"noopener noreferrer\"><img loading=\"lazy\" decoding=\"async\" class=\"aligncenter\" title=\"Careers in Morocco\" src=\"https:\/\/www.moroccodemia.com\/fr\/media\/2015\/08\/Careers-in-Morocco.png\" alt=\"\" width=\"180\" height=\"75\"><\/a><\/span><\/div>\n<\/div>\n<\/div>\n<div class=\"arrow-up\" style=\"margin-left: auto; margin-right: auto;\"><\/div>\n<p><span style=\"background-color: #00ff00; font-family: verdana, geneva, sans-serif; font-size: 10pt;\"><\/div><\/div><\/span><\/p>\n<hr>\n<h2 class=\"rTableHead\" style=\"text-align: center;\"><strong><span style=\"font-size: 14pt;\"><span style=\"font-size: 10pt;\"><span style=\"font-size: 18pt;\">Offres d&#8217;emploi<\/span> au Maroc\/<\/span><\/span><\/strong><\/h2>\n<hr>\n<\/div>\n<\/div>\n<\/div>\n<\/div>\n","protected":false},"excerpt":{"rendered":"<p>Offres d&#8217;emploi au Maroc Parcourir en arabeParcourir en anglais Combien de dipl\u00f4m\u00e9s chaque ann\u00e9e? [90,000]&nbsp;Le nombre de nouveaux&nbsp;dipl\u00f4m\u00e9s&nbsp;des diff\u00e9rents&nbsp;\u00e9tablissements de l\u2019enseignement sup\u00e9rieur chaque ann\u00e9e. Etablissements, Installations et Services associ\u00e9s Agence nationale de promotion de l&#8217;emploi et des comp\u00e9tences (anapec) Fuite des cerveaux: ce qu&rsquo;en dit Mehdi Kettani &#8211; 21 novembre 2019 Ad\u00e9quation formation-emploi : quelle [&hellip;]<\/p>\n","protected":false},"author":1,"featured_media":0,"parent":0,"menu_order":0,"comment_status":"closed","ping_status":"closed","template":"","meta":{"footnotes":""},"class_list":["post-759","page","type-page","status-publish","hentry"],"yoast_head":"<!-- This site is optimized with the Yoast SEO plugin v27.4 - https:\/\/yoast.com\/product\/yoast-seo-wordpress\/ -->\n<title>Offres d&#039;emploi pour les dipl\u00f4m\u00e9s marocains | moroccodemia fran\u00e7ais<\/title>\n<meta name=\"robots\" content=\"index, follow, max-snippet:-1, max-image-preview:large, max-video-preview:-1\" \/>\n<link rel=\"canonical\" href=\"https:\/\/www.moroccodemia.com\/fr\/offres-demploi-au-maroc\/\" \/>\n<meta property=\"og:locale\" content=\"fr_FR\" \/>\n<meta property=\"og:type\" content=\"article\" \/>\n<meta property=\"og:title\" content=\"Offres d&#039;emploi pour les dipl\u00f4m\u00e9s marocains | moroccodemia fran\u00e7ais\" \/>\n<meta property=\"og:description\" content=\"Offres d&#8217;emploi au Maroc Parcourir en arabeParcourir en anglais Combien de dipl\u00f4m\u00e9s chaque ann\u00e9e? [90,000]&nbsp;Le nombre de nouveaux&nbsp;dipl\u00f4m\u00e9s&nbsp;des diff\u00e9rents&nbsp;\u00e9tablissements de l\u2019enseignement sup\u00e9rieur chaque ann\u00e9e. Etablissements, Installations et Services associ\u00e9s Agence nationale de promotion de l&#8217;emploi et des comp\u00e9tences (anapec) Fuite des cerveaux: ce qu&rsquo;en dit Mehdi Kettani &#8211; 21 novembre 2019 Ad\u00e9quation formation-emploi : quelle [&hellip;]\" \/>\n<meta property=\"og:url\" content=\"https:\/\/www.moroccodemia.com\/fr\/offres-demploi-au-maroc\/\" \/>\n<meta property=\"og:site_name\" content=\"morocco academia french\" \/>\n<meta property=\"article:publisher\" content=\"https:\/\/www.facebook.com\/Morocco-academia-239938123438369\/\" \/>\n<meta property=\"article:modified_time\" content=\"2021-01-20T19:12:04+00:00\" \/>\n<meta property=\"og:image\" content=\"https:\/\/www.moroccodemia.com\/fr\/media\/2019\/01\/IconBlackChair.png\" \/>\n<meta name=\"twitter:card\" content=\"summary_large_image\" \/>\n<meta name=\"twitter:site\" content=\"@moroccodemia\" \/>\n<script type=\"application\/ld+json\" class=\"yoast-schema-graph\">{\"@context\":\"https:\\\/\\\/schema.org\",\"@graph\":[{\"@type\":\"WebPage\",\"@id\":\"https:\\\/\\\/www.moroccodemia.com\\\/fr\\\/offres-demploi-au-maroc\\\/\",\"url\":\"https:\\\/\\\/www.moroccodemia.com\\\/fr\\\/offres-demploi-au-maroc\\\/\",\"name\":\"Offres d'emploi pour les dipl\u00f4m\u00e9s marocains | moroccodemia fran\u00e7ais\",\"isPartOf\":{\"@id\":\"https:\\\/\\\/www.moroccodemia.com\\\/fr\\\/#website\"},\"primaryImageOfPage\":{\"@id\":\"https:\\\/\\\/www.moroccodemia.com\\\/fr\\\/offres-demploi-au-maroc\\\/#primaryimage\"},\"image\":{\"@id\":\"https:\\\/\\\/www.moroccodemia.com\\\/fr\\\/offres-demploi-au-maroc\\\/#primaryimage\"},\"thumbnailUrl\":\"https:\\\/\\\/www.moroccodemia.com\\\/fr\\\/media\\\/2019\\\/01\\\/IconBlackChair.png\",\"datePublished\":\"2015-08-25T10:32:12+00:00\",\"dateModified\":\"2021-01-20T19:12:04+00:00\",\"breadcrumb\":{\"@id\":\"https:\\\/\\\/www.moroccodemia.com\\\/fr\\\/offres-demploi-au-maroc\\\/#breadcrumb\"},\"inLanguage\":\"fr-FR\",\"potentialAction\":[{\"@type\":\"ReadAction\",\"target\":[\"https:\\\/\\\/www.moroccodemia.com\\\/fr\\\/offres-demploi-au-maroc\\\/\"]}]},{\"@type\":\"ImageObject\",\"inLanguage\":\"fr-FR\",\"@id\":\"https:\\\/\\\/www.moroccodemia.com\\\/fr\\\/offres-demploi-au-maroc\\\/#primaryimage\",\"url\":\"https:\\\/\\\/www.moroccodemia.com\\\/fr\\\/media\\\/2019\\\/01\\\/IconBlackChair.png\",\"contentUrl\":\"https:\\\/\\\/www.moroccodemia.com\\\/fr\\\/media\\\/2019\\\/01\\\/IconBlackChair.png\",\"width\":100,\"height\":100},{\"@type\":\"BreadcrumbList\",\"@id\":\"https:\\\/\\\/www.moroccodemia.com\\\/fr\\\/offres-demploi-au-maroc\\\/#breadcrumb\",\"itemListElement\":[{\"@type\":\"ListItem\",\"position\":1,\"name\":\"Accueil\",\"item\":\"https:\\\/\\\/www.moroccodemia.com\\\/fr\\\/\"},{\"@type\":\"ListItem\",\"position\":2,\"name\":\"Offres d&#8217;emploi au Maroc\"}]},{\"@type\":\"WebSite\",\"@id\":\"https:\\\/\\\/www.moroccodemia.com\\\/fr\\\/#website\",\"url\":\"https:\\\/\\\/www.moroccodemia.com\\\/fr\\\/\",\"name\":\"morocco academia french\",\"description\":\"L'information, tout simplement\",\"potentialAction\":[{\"@type\":\"SearchAction\",\"target\":{\"@type\":\"EntryPoint\",\"urlTemplate\":\"https:\\\/\\\/www.moroccodemia.com\\\/fr\\\/?s={search_term_string}\"},\"query-input\":{\"@type\":\"PropertyValueSpecification\",\"valueRequired\":true,\"valueName\":\"search_term_string\"}}],\"inLanguage\":\"fr-FR\"}]}<\/script>\n<!-- \/ Yoast SEO plugin. -->","yoast_head_json":{"title":"Offres d'emploi pour les dipl\u00f4m\u00e9s marocains | moroccodemia fran\u00e7ais","robots":{"index":"index","follow":"follow","max-snippet":"max-snippet:-1","max-image-preview":"max-image-preview:large","max-video-preview":"max-video-preview:-1"},"canonical":"https:\/\/www.moroccodemia.com\/fr\/offres-demploi-au-maroc\/","og_locale":"fr_FR","og_type":"article","og_title":"Offres d'emploi pour les dipl\u00f4m\u00e9s marocains | moroccodemia fran\u00e7ais","og_description":"Offres d&#8217;emploi au Maroc Parcourir en arabeParcourir en anglais Combien de dipl\u00f4m\u00e9s chaque ann\u00e9e? [90,000]&nbsp;Le nombre de nouveaux&nbsp;dipl\u00f4m\u00e9s&nbsp;des diff\u00e9rents&nbsp;\u00e9tablissements de l\u2019enseignement sup\u00e9rieur chaque ann\u00e9e. Etablissements, Installations et Services associ\u00e9s Agence nationale de promotion de l&#8217;emploi et des comp\u00e9tences (anapec) Fuite des cerveaux: ce qu&rsquo;en dit Mehdi Kettani &#8211; 21 novembre 2019 Ad\u00e9quation formation-emploi : quelle [&hellip;]","og_url":"https:\/\/www.moroccodemia.com\/fr\/offres-demploi-au-maroc\/","og_site_name":"morocco academia french","article_publisher":"https:\/\/www.facebook.com\/Morocco-academia-239938123438369\/","article_modified_time":"2021-01-20T19:12:04+00:00","og_image":[{"url":"https:\/\/www.moroccodemia.com\/fr\/media\/2019\/01\/IconBlackChair.png","type":"","width":"","height":""}],"twitter_card":"summary_large_image","twitter_site":"@moroccodemia","schema":{"@context":"https:\/\/schema.org","@graph":[{"@type":"WebPage","@id":"https:\/\/www.moroccodemia.com\/fr\/offres-demploi-au-maroc\/","url":"https:\/\/www.moroccodemia.com\/fr\/offres-demploi-au-maroc\/","name":"Offres d'emploi pour les dipl\u00f4m\u00e9s marocains | moroccodemia fran\u00e7ais","isPartOf":{"@id":"https:\/\/www.moroccodemia.com\/fr\/#website"},"primaryImageOfPage":{"@id":"https:\/\/www.moroccodemia.com\/fr\/offres-demploi-au-maroc\/#primaryimage"},"image":{"@id":"https:\/\/www.moroccodemia.com\/fr\/offres-demploi-au-maroc\/#primaryimage"},"thumbnailUrl":"https:\/\/www.moroccodemia.com\/fr\/media\/2019\/01\/IconBlackChair.png","datePublished":"2015-08-25T10:32:12+00:00","dateModified":"2021-01-20T19:12:04+00:00","breadcrumb":{"@id":"https:\/\/www.moroccodemia.com\/fr\/offres-demploi-au-maroc\/#breadcrumb"},"inLanguage":"fr-FR","potentialAction":[{"@type":"ReadAction","target":["https:\/\/www.moroccodemia.com\/fr\/offres-demploi-au-maroc\/"]}]},{"@type":"ImageObject","inLanguage":"fr-FR","@id":"https:\/\/www.moroccodemia.com\/fr\/offres-demploi-au-maroc\/#primaryimage","url":"https:\/\/www.moroccodemia.com\/fr\/media\/2019\/01\/IconBlackChair.png","contentUrl":"https:\/\/www.moroccodemia.com\/fr\/media\/2019\/01\/IconBlackChair.png","width":100,"height":100},{"@type":"BreadcrumbList","@id":"https:\/\/www.moroccodemia.com\/fr\/offres-demploi-au-maroc\/#breadcrumb","itemListElement":[{"@type":"ListItem","position":1,"name":"Accueil","item":"https:\/\/www.moroccodemia.com\/fr\/"},{"@type":"ListItem","position":2,"name":"Offres d&#8217;emploi au Maroc"}]},{"@type":"WebSite","@id":"https:\/\/www.moroccodemia.com\/fr\/#website","url":"https:\/\/www.moroccodemia.com\/fr\/","name":"morocco academia french","description":"L'information, tout simplement","potentialAction":[{"@type":"SearchAction","target":{"@type":"EntryPoint","urlTemplate":"https:\/\/www.moroccodemia.com\/fr\/?s={search_term_string}"},"query-input":{"@type":"PropertyValueSpecification","valueRequired":true,"valueName":"search_term_string"}}],"inLanguage":"fr-FR"}]}},"_links":{"self":[{"href":"https:\/\/www.moroccodemia.com\/fr\/wp-json\/wp\/v2\/pages\/759","targetHints":{"allow":["GET"]}}],"collection":[{"href":"https:\/\/www.moroccodemia.com\/fr\/wp-json\/wp\/v2\/pages"}],"about":[{"href":"https:\/\/www.moroccodemia.com\/fr\/wp-json\/wp\/v2\/types\/page"}],"author":[{"embeddable":true,"href":"https:\/\/www.moroccodemia.com\/fr\/wp-json\/wp\/v2\/users\/1"}],"replies":[{"embeddable":true,"href":"https:\/\/www.moroccodemia.com\/fr\/wp-json\/wp\/v2\/comments?post=759"}],"version-history":[{"count":3,"href":"https:\/\/www.moroccodemia.com\/fr\/wp-json\/wp\/v2\/pages\/759\/revisions"}],"predecessor-version":[{"id":13932,"href":"https:\/\/www.moroccodemia.com\/fr\/wp-json\/wp\/v2\/pages\/759\/revisions\/13932"}],"wp:attachment":[{"href":"https:\/\/www.moroccodemia.com\/fr\/wp-json\/wp\/v2\/media?parent=759"}],"curies":[{"name":"wp","href":"https:\/\/api.w.org\/{rel}","templated":true}]}}