{"id":746,"date":"2015-08-25T10:29:36","date_gmt":"2015-08-25T10:29:36","guid":{"rendered":"https:\/\/www.moroccodemia.com\/fr\/?page_id=746"},"modified":"2022-03-08T15:00:08","modified_gmt":"2022-03-08T14:00:08","slug":"revues-scientifiques-au-maroc","status":"publish","type":"page","link":"https:\/\/www.moroccodemia.com\/fr\/revues-scientifiques-au-maroc\/","title":{"rendered":"Revues scientifiques au Maroc"},"content":{"rendered":"<div class=\"rTable\">\n<div class=\"rTableBody\">\n<div class=\"rTableRow\">\n<div class=\"rTablehead\"><hr \/>\n<h1 class=\"h1pagetitle\">Revues Scientifiques au Maroc<\/h1>\n<div class=\"dropdown1\"><span><button class=\"dropbtn1\"><\/button><br class=\"blank \/\" \/><span class=\"dropdown1-content\"><a href=\"https:\/\/www.moroccodemia.com\/ar\/%D9%85%D8%AC%D9%84%D8%A7%D8%AA-%D8%B9%D9%84%D9%85%D9%8A%D8%A9-%D9%84%D9%84%D8%B7%D9%84%D8%A8%D8%A9-%D9%88-%D8%A7%D9%84%D8%A8%D8%A7%D8%AD%D8%AB%D9%8A%D9%86-%D8%A7%D9%84%D9%85%D8%BA%D8%A7%D8%B1%D8%A8\/\">Parcourir en arabe<\/a><a href=\"https:\/\/www.moroccodemia.com\/en\/journals\/\">Parcourir en anglais<\/a><\/span><\/span><\/div>\n<hr \/>\n<div class=\"banner\"><img loading=\"lazy\" decoding=\"async\" class=\"banner-image\" src=\"https:\/\/www.moroccodemia.com\/fr\/media\/2019\/01\/IconBlackJournal.png\" style=\"vertical-align: middle;\" alt=\"Revues scientifiques au Maroc\" title=\"Revues scientifiques au Maroc\" width=\"80\" height=\"80\" \/><\/div>\n<p dir=\"ltr\"><span style=\"font-family: verdana, geneva, sans-serif;\"><div class=\"responsive-tabs\">\n<h2 class=\"tabtitle\">Aper\u00e7u<\/h2>\n<div class=\"tabcontent\">\n<\/span><\/p>\n<p dir=\"ltr\"><a href=\"http:\/\/www.refsicom.org\/num\/11-2022\"><img loading=\"lazy\" decoding=\"async\" src=\"https:\/\/www.moroccodemia.com\/fr\/media\/2022\/03\/JournalFRREFSICOMIbn-ZohrAgadir.png\" alt=\"Journal: REFSICOM\" width=\"600\" height=\"400\" class=\"aligncenter wp-image-16038 size-full\" title=\"REVUE DE RECHERCHES FRANCOPHONES EN SCIENCES DE L'INFORMATION ET DE LA COMMUNICATION\" srcset=\"https:\/\/www.moroccodemia.com\/fr\/media\/2022\/03\/JournalFRREFSICOMIbn-ZohrAgadir.png 600w, https:\/\/www.moroccodemia.com\/fr\/media\/2022\/03\/JournalFRREFSICOMIbn-ZohrAgadir-300x200.png 300w\" sizes=\"auto, (max-width: 600px) 100vw, 600px\" \/><\/a><\/p>\n<p><a href=\"https:\/\/www.moroccodemia.com\/wp-content\/uploads\/2021\/09\/JournalEsprit-Critique-vol.-32-2021.pdf\"><img loading=\"lazy\" decoding=\"async\" src=\"https:\/\/www.moroccodemia.com\/fr\/media\/2021\/09\/JournalEsprit-Critique-vol.-32-2021.png\" alt=\"Wordle: Interdisciplinarity\" width=\"600\" height=\"400\" class=\"aligncenter wp-image-15371 size-full\" title=\"Esprit Critique vol. 32 2021: L\u2019interdisciplinarite\u0301 comme nouvel \/ vieil avatar des SHS\" srcset=\"https:\/\/www.moroccodemia.com\/fr\/media\/2021\/09\/JournalEsprit-Critique-vol.-32-2021.png 600w, https:\/\/www.moroccodemia.com\/fr\/media\/2021\/09\/JournalEsprit-Critique-vol.-32-2021-300x200.png 300w\" sizes=\"auto, (max-width: 600px) 100vw, 600px\" \/><\/a><\/p>\n<p dir=\"ltr\"><a href=\"https:\/\/www.moroccodemia.com\/fr\/media\/2020\/11\/JournalFREspritCritiqueVol.301Nov2020.pdf\"><img loading=\"lazy\" decoding=\"async\" src=\"https:\/\/www.moroccodemia.com\/fr\/media\/2020\/11\/JournalFREspritCritiqueVol.301Nov2020.png\" alt=\"Cover: Journal\/FR\/EspritCritique\/Vol.30#1Nov2020\" width=\"600\" height=\"700\" class=\"aligncenter wp-image-13795 size-full\" title=\"Revuel: EspritCritique\/Vol.30#1Nov2020\" srcset=\"https:\/\/www.moroccodemia.com\/fr\/media\/2020\/11\/JournalFREspritCritiqueVol.301Nov2020.png 600w, https:\/\/www.moroccodemia.com\/fr\/media\/2020\/11\/JournalFREspritCritiqueVol.301Nov2020-257x300.png 257w\" sizes=\"auto, (max-width: 600px) 100vw, 600px\" \/><\/a><\/p>\n<p><span style=\"font-family: verdana, geneva, sans-serif;\">\n<\/div><h2 class=\"tabtitle\">Vid\u00e9os<\/h2>\n<div class=\"tabcontent\">\n<\/span><\/p>\n<div class=\"arrow-down\" style=\"margin-left: auto; margin-right: auto;\"><\/div>\n<div style=\"width: 200px; height: 00px; overflow: auto; background-color: white; margin-left: auto; margin-right: auto;\">\n<div style=\"width: 200px; height: 700px;\"><\/div>\n<\/div>\n<div class=\"arrow-up\" style=\"margin-left: auto; margin-right: auto;\"><\/div>\n<p><span style=\"font-family: verdana, geneva, sans-serif;\">\n<\/div><h2 class=\"tabtitle\">Liens<\/h2>\n<div class=\"tabcontent\">\n<\/span><\/p>\n<div class=\"arrow-down\" style=\"margin-left: auto; margin-right: auto;\"><\/div>\n<div style=\"width: 200px; height: 500px; overflow: auto; background-color: white; margin-left: auto; margin-right: auto;\">\n<div style=\"width: 200px; height: 700px;\">\n<div class=\"rTableCell\"><a href=\"http:\/\/www.amse.ma\/index.php\/presses-universitaires-du-maroc\/publications\" target=\"_blank\" rel=\"Association Marocaine des Sciences Economiques noopener noreferrer\"><img loading=\"lazy\" decoding=\"async\" class=\"aligncenter\" title=\"Annales des Sciences de la Sant\u00e9 \" src=\"https:\/\/www.moroccodemia.com\/fr\/media\/2018\/12\/JournalFRREFSICOM.png\" alt=\"Association Marocaine des Sciences Economiques\" height=\"100\" width=\"180\" \/><\/a><\/div>\n<p><\/p>\n<div class=\"rTableCell\"><a href=\"http:\/\/www.amse.ma\/index.php\/presses-universitaires-du-maroc\/publications\" target=\"_blank\" rel=\"Association Marocaine des Sciences Economiques noopener noreferrer\"><img loading=\"lazy\" decoding=\"async\" class=\"aligncenter\" title=\"Annales des Sciences de la Sant\u00e9 \" src=\"https:\/\/www.moroccodemia.com\/fr\/media\/2015\/08\/AMSE.png\" alt=\"Association Marocaine des Sciences Economiques\" height=\"100\" width=\"180\" \/><\/a><\/div>\n<p><\/p>\n<div class=\"rTableCell\"><a href=\"http:\/\/revues.imist.ma\/?journal=A2S\" target=\"_blank\" rel=\"noopener noreferrer\"><img loading=\"lazy\" decoding=\"async\" class=\"aligncenter\" title=\"Annales des Sciences de la Sant\u00e9 \" src=\"https:\/\/www.moroccodemia.com\/fr\/media\/2015\/08\/A2S.png\" alt=\"\" height=\"100\" width=\"180\" \/><\/a><\/div>\n<p><\/p>\n<div class=\"rTableCell\"><a href=\"http:\/\/revues.imist.ma\/index.php?journal=CE\/\" target=\"_blank\" rel=\"noopener noreferrer\"><img loading=\"lazy\" decoding=\"async\" class=\"aligncenter\" title=\"Critique \u00e9conomique \" src=\"https:\/\/www.moroccodemia.com\/fr\/media\/2015\/08\/Critique-Economique.png\" alt=\"\" height=\"100\" width=\"180\" \/><\/a><\/div>\n<p><\/p>\n<div class=\"rTableCell\"><a href=\"http:\/\/revues.imist.ma\/index.php?journal=geodev\" target=\"_blank\" rel=\"noopener noreferrer\"><img loading=\"lazy\" decoding=\"async\" class=\"aligncenter\" title=\"G\u00e9oD\u00e9v.ma \" src=\"https:\/\/www.moroccodemia.com\/fr\/media\/2015\/08\/Geo-DevRevues-Scientifiques.jpg\" alt=\"\" height=\"100\" width=\"180\" \/><\/a><\/div>\n<p><\/p>\n<div class=\"rTableCell\"><a href=\"http:\/\/www.revue-eti.net\" target=\"_blank\" rel=\"noopener noreferrer\"><img loading=\"lazy\" decoding=\"async\" class=\"aligncenter\" title=\"e-TI - La Revue Electronique des Technologies de l'Information \" src=\"https:\/\/www.moroccodemia.com\/fr\/media\/2015\/08\/e-TI.png\" alt=\"\" height=\"87\" width=\"180\" \/><\/a><\/div>\n<p><\/p>\n<div class=\"rTableCell\"><a href=\"http:\/\/revues.imist.ma\/?journal=JMCH\" target=\"_blank\" rel=\"noopener noreferrer\"><img loading=\"lazy\" decoding=\"async\" class=\"aligncenter\" title=\"Journal Marocain de Chimie H\u00e9t\u00e9rocyclique \" src=\"https:\/\/www.moroccodemia.com\/fr\/media\/2015\/08\/JMCH.png\" alt=\"\" height=\"100\" width=\"180\" \/><\/a><\/div>\n<p><\/p>\n<div class=\"rTableCell\"><a href=\"http:\/\/revues.imist.ma\/?journal=lepedagogue\" target=\"_blank\" rel=\"noopener noreferrer\"><img loading=\"lazy\" decoding=\"async\" class=\"aligncenter\" title=\"Le P\u00e9dagogue\" src=\"https:\/\/www.moroccodemia.com\/fr\/media\/2015\/08\/Lepedagogue.png\" height=\"84\" width=\"95\" \/><\/a><\/div>\n<p><\/p>\n<div class=\"rTableCell\"><a href=\"http:\/\/revues.imist.ma\/index.php?journal=technolab\" target=\"_blank\" rel=\"noopener noreferrer\"><img loading=\"lazy\" decoding=\"async\" class=\"aligncenter\" title=\"Les technologies de laboratoire \" src=\"https:\/\/www.moroccodemia.com\/fr\/media\/2015\/08\/Les-TL.jpg\" alt=\"\" height=\"100\" width=\"180\" \/><\/a><\/div>\n<p><\/p>\n<div class=\"rTableCell\"><a href=\"http:\/\/revues.imist.ma\/index.php?journal=MM&amp;page=index\" target=\"_blank\" rel=\"noopener noreferrer\"><img loading=\"lazy\" decoding=\"async\" class=\"aligncenter\" title=\"Maroc M\u00e9dical \" src=\"https:\/\/www.moroccodemia.com\/fr\/media\/2015\/08\/Maroc-Medical.jpg\" alt=\"\" height=\"200\" width=\"180\" \/><\/a><\/div>\n<p><\/p>\n<div class=\"rTableCell\"><a href=\"http:\/\/revues.imist.ma\/index.php?journal=MRA\" target=\"_blank\" rel=\"noopener noreferrer\"><img loading=\"lazy\" decoding=\"async\" class=\"aligncenter\" title=\"Math-Recherche &amp; Applications \" src=\"https:\/\/www.moroccodemia.com\/fr\/media\/2015\/08\/MRA.jpg\" alt=\"\" height=\"100\" width=\"180\" \/><\/a><\/div>\n<p><\/p>\n<div class=\"rTableCell\"><a href=\"http:\/\/revues.imist.ma\/index.php?journal=JMSM\/\" target=\"_blank\" rel=\"noopener noreferrer\"><img loading=\"lazy\" decoding=\"async\" class=\"aligncenter\" title=\"Journal Marocain des Sciences M\u00e9dicales \" src=\"https:\/\/www.moroccodemia.com\/fr\/media\/2015\/08\/JMSM.png\" alt=\"\" height=\"100\" width=\"180\" \/><\/a><\/div>\n<p><\/p>\n<div class=\"rTableCell\"><a href=\"http:\/\/revues.imist.ma\/index.php?journal=JBE\/\" target=\"_blank\" rel=\"noopener noreferrer\"><img loading=\"lazy\" decoding=\"async\" class=\"aligncenter\" title=\"Revue de Gestion et d\u2019\u00c9conomie \" src=\"https:\/\/www.moroccodemia.com\/fr\/media\/2015\/08\/JBE.png\" alt=\"\" height=\"100\" width=\"180\" \/><\/a><\/div>\n<p><\/p>\n<div class=\"rTableCell\"><a href=\"http:\/\/revues.imist.ma\/?journal=RMPP\" target=\"_blank\" rel=\"noopener noreferrer\"><img loading=\"lazy\" decoding=\"async\" class=\"aligncenter\" title=\"Revue Marocaine de Protection des Plantes \" src=\"https:\/\/www.moroccodemia.com\/fr\/media\/2015\/08\/RMPP.png\" alt=\"\" height=\"100\" width=\"180\" \/><\/a><\/div>\n<p><\/p>\n<div class=\"rTableCell\"><a href=\"http:\/\/rmr.smr.ma\" target=\"_blank\" rel=\"noopener noreferrer\"><img loading=\"lazy\" decoding=\"async\" class=\"aligncenter\" title=\"Revue Marocaine de Rhumatologie \" src=\"https:\/\/www.moroccodemia.com\/fr\/media\/2015\/08\/RMR.png\" alt=\"\" height=\"100\" width=\"180\" \/><br \/><\/a><\/div>\n<p><\/p>\n<div class=\"rTableCell\"><a href=\"http:\/\/revues.imist.ma\/index.php?journal=RMSP\" target=\"_blank\" rel=\"noopener noreferrer\"><img loading=\"lazy\" decoding=\"async\" class=\"aligncenter\" title=\"Revue Marocaine de Sant\u00e9 Publique \" src=\"https:\/\/www.moroccodemia.com\/fr\/media\/2015\/08\/RMSP.jpg\" alt=\"\" height=\"100\" width=\"180\" \/><\/a><\/div>\n<p><\/p>\n<div class=\"rTableCell\"><a href=\"http:\/\/www.agrimaroc.org\/index.php\/Actes_IAVH2\/index\" target=\"_blank\" rel=\"noopener noreferrer\"><img loading=\"lazy\" decoding=\"async\" class=\"aligncenter\" title=\"Revue Marocaine des Sciences Agronomiques et V\u00e9t\u00e9rinaires \" src=\"https:\/\/www.moroccodemia.com\/fr\/media\/2015\/08\/RMSAV.png\" alt=\"\" height=\"100\" width=\"180\" \/><\/a><\/div>\n<p><\/p>\n<div class=\"rTableCell\"><a href=\"http:\/\/revues.imist.ma\/index.php?journal=RMT&amp;page=index\" target=\"_blank\" rel=\"noopener noreferrer\"><img loading=\"lazy\" decoding=\"async\" class=\"aligncenter\" title=\"Revue M\u00e9diterran\u00e9enne des T\u00e9l\u00e9communications \" src=\"https:\/\/www.moroccodemia.com\/fr\/media\/2015\/08\/RMT.png\" alt=\"\" height=\"100\" width=\"180\" \/><\/a><\/div>\n<p><\/p>\n<div class=\"rTableCell\"><a href=\"http:\/\/www.remise.ma\/index.php\/fr\/\" target=\"_blank\" rel=\"noopener noreferrer\"><img loading=\"lazy\" decoding=\"async\" class=\"aligncenter\" title=\"Revue de Microbiologie Industrielle, Sanitaire, et Environnementale (REMISE) \" src=\"https:\/\/www.moroccodemia.com\/fr\/media\/2015\/08\/REMISE.png\" alt=\"\" height=\"100\" width=\"180\" \/><\/a><\/div>\n<p><\/p>\n<div class=\"rTableCell\"><a href=\"http:\/\/www.sciencelib.fr\" target=\"_blank\" rel=\"noopener noreferrer\"><img loading=\"lazy\" decoding=\"async\" class=\"aligncenter\" title=\"ScienceLib \" src=\"https:\/\/www.moroccodemia.com\/fr\/media\/2015\/08\/ScienceLib.png \" alt=\"\" height=\"100\" width=\"180\" \/><\/a><\/div>\n<\/div>\n<\/div>\n<div class=\"arrow-up\" style=\"margin-left: auto; margin-right: auto;\"><\/div>\n<p><span style=\"font-family: verdana, geneva, sans-serif;\"><\/div><\/div><\/span><\/p>\n<hr \/>\n<h2 style=\"text-align: center;\"><span style=\"font-size: 14pt; font-family: verdana,geneva,sans-serif;\"><strong>Revues scientifiques<span style=\"font-size: 10pt;\"> au Maroc<\/span><\/strong><span style=\"font-size: 10pt;\">\/<\/span><\/span><\/h2>\n<hr \/><\/div>\n<\/div>\n<\/div>\n<\/div>\n\n","protected":false},"excerpt":{"rendered":"<p>Revues Scientifiques au Maroc Parcourir en arabeParcourir en anglais Revues scientifiques au Maroc\/<\/p>\n","protected":false},"author":1,"featured_media":0,"parent":0,"menu_order":0,"comment_status":"closed","ping_status":"closed","template":"","meta":{"footnotes":""},"class_list":["post-746","page","type-page","status-publish","hentry"],"yoast_head":"<!-- This site is optimized with the Yoast SEO plugin v27.4 - https:\/\/yoast.com\/product\/yoast-seo-wordpress\/ -->\n<title>Revues scientifiques au Maroc | moroccodemia fran\u00e7ais<\/title>\n<meta name=\"robots\" content=\"index, follow, max-snippet:-1, max-image-preview:large, max-video-preview:-1\" \/>\n<link rel=\"canonical\" href=\"https:\/\/www.moroccodemia.com\/fr\/revues-scientifiques-au-maroc\/\" \/>\n<meta property=\"og:locale\" content=\"fr_FR\" \/>\n<meta property=\"og:type\" content=\"article\" \/>\n<meta property=\"og:title\" content=\"Revues scientifiques au Maroc | moroccodemia fran\u00e7ais\" \/>\n<meta property=\"og:description\" content=\"Revues Scientifiques au Maroc Parcourir en arabeParcourir en anglais Revues scientifiques au Maroc\/\" \/>\n<meta property=\"og:url\" content=\"https:\/\/www.moroccodemia.com\/fr\/revues-scientifiques-au-maroc\/\" \/>\n<meta property=\"og:site_name\" content=\"morocco academia french\" \/>\n<meta property=\"article:publisher\" content=\"https:\/\/www.facebook.com\/Morocco-academia-239938123438369\/\" \/>\n<meta property=\"article:modified_time\" content=\"2022-03-08T14:00:08+00:00\" \/>\n<meta property=\"og:image\" content=\"https:\/\/www.moroccodemia.com\/fr\/media\/2019\/01\/IconBlackJournal.png\" \/>\n<meta name=\"twitter:card\" content=\"summary_large_image\" \/>\n<meta name=\"twitter:site\" content=\"@moroccodemia\" \/>\n<meta name=\"twitter:label1\" content=\"Dur\u00e9e de lecture estim\u00e9e\" \/>\n\t<meta name=\"twitter:data1\" content=\"6 minutes\" \/>\n<script type=\"application\/ld+json\" class=\"yoast-schema-graph\">{\"@context\":\"https:\\\/\\\/schema.org\",\"@graph\":[{\"@type\":\"WebPage\",\"@id\":\"https:\\\/\\\/www.moroccodemia.com\\\/fr\\\/revues-scientifiques-au-maroc\\\/\",\"url\":\"https:\\\/\\\/www.moroccodemia.com\\\/fr\\\/revues-scientifiques-au-maroc\\\/\",\"name\":\"Revues scientifiques au Maroc | moroccodemia fran\u00e7ais\",\"isPartOf\":{\"@id\":\"https:\\\/\\\/www.moroccodemia.com\\\/fr\\\/#website\"},\"primaryImageOfPage\":{\"@id\":\"https:\\\/\\\/www.moroccodemia.com\\\/fr\\\/revues-scientifiques-au-maroc\\\/#primaryimage\"},\"image\":{\"@id\":\"https:\\\/\\\/www.moroccodemia.com\\\/fr\\\/revues-scientifiques-au-maroc\\\/#primaryimage\"},\"thumbnailUrl\":\"https:\\\/\\\/www.moroccodemia.com\\\/fr\\\/media\\\/2019\\\/01\\\/IconBlackJournal.png\",\"datePublished\":\"2015-08-25T10:29:36+00:00\",\"dateModified\":\"2022-03-08T14:00:08+00:00\",\"breadcrumb\":{\"@id\":\"https:\\\/\\\/www.moroccodemia.com\\\/fr\\\/revues-scientifiques-au-maroc\\\/#breadcrumb\"},\"inLanguage\":\"fr-FR\",\"potentialAction\":[{\"@type\":\"ReadAction\",\"target\":[\"https:\\\/\\\/www.moroccodemia.com\\\/fr\\\/revues-scientifiques-au-maroc\\\/\"]}]},{\"@type\":\"ImageObject\",\"inLanguage\":\"fr-FR\",\"@id\":\"https:\\\/\\\/www.moroccodemia.com\\\/fr\\\/revues-scientifiques-au-maroc\\\/#primaryimage\",\"url\":\"https:\\\/\\\/www.moroccodemia.com\\\/fr\\\/media\\\/2019\\\/01\\\/IconBlackJournal.png\",\"contentUrl\":\"https:\\\/\\\/www.moroccodemia.com\\\/fr\\\/media\\\/2019\\\/01\\\/IconBlackJournal.png\",\"width\":100,\"height\":100},{\"@type\":\"BreadcrumbList\",\"@id\":\"https:\\\/\\\/www.moroccodemia.com\\\/fr\\\/revues-scientifiques-au-maroc\\\/#breadcrumb\",\"itemListElement\":[{\"@type\":\"ListItem\",\"position\":1,\"name\":\"Accueil\",\"item\":\"https:\\\/\\\/www.moroccodemia.com\\\/fr\\\/\"},{\"@type\":\"ListItem\",\"position\":2,\"name\":\"Revues scientifiques au Maroc\"}]},{\"@type\":\"WebSite\",\"@id\":\"https:\\\/\\\/www.moroccodemia.com\\\/fr\\\/#website\",\"url\":\"https:\\\/\\\/www.moroccodemia.com\\\/fr\\\/\",\"name\":\"morocco academia french\",\"description\":\"L'information, tout simplement\",\"potentialAction\":[{\"@type\":\"SearchAction\",\"target\":{\"@type\":\"EntryPoint\",\"urlTemplate\":\"https:\\\/\\\/www.moroccodemia.com\\\/fr\\\/?s={search_term_string}\"},\"query-input\":{\"@type\":\"PropertyValueSpecification\",\"valueRequired\":true,\"valueName\":\"search_term_string\"}}],\"inLanguage\":\"fr-FR\"}]}<\/script>\n<!-- \/ Yoast SEO plugin. -->","yoast_head_json":{"title":"Revues scientifiques au Maroc | moroccodemia fran\u00e7ais","robots":{"index":"index","follow":"follow","max-snippet":"max-snippet:-1","max-image-preview":"max-image-preview:large","max-video-preview":"max-video-preview:-1"},"canonical":"https:\/\/www.moroccodemia.com\/fr\/revues-scientifiques-au-maroc\/","og_locale":"fr_FR","og_type":"article","og_title":"Revues scientifiques au Maroc | moroccodemia fran\u00e7ais","og_description":"Revues Scientifiques au Maroc Parcourir en arabeParcourir en anglais Revues scientifiques au Maroc\/","og_url":"https:\/\/www.moroccodemia.com\/fr\/revues-scientifiques-au-maroc\/","og_site_name":"morocco academia french","article_publisher":"https:\/\/www.facebook.com\/Morocco-academia-239938123438369\/","article_modified_time":"2022-03-08T14:00:08+00:00","og_image":[{"url":"https:\/\/www.moroccodemia.com\/fr\/media\/2019\/01\/IconBlackJournal.png","type":"","width":"","height":""}],"twitter_card":"summary_large_image","twitter_site":"@moroccodemia","twitter_misc":{"Dur\u00e9e de lecture estim\u00e9e":"6 minutes"},"schema":{"@context":"https:\/\/schema.org","@graph":[{"@type":"WebPage","@id":"https:\/\/www.moroccodemia.com\/fr\/revues-scientifiques-au-maroc\/","url":"https:\/\/www.moroccodemia.com\/fr\/revues-scientifiques-au-maroc\/","name":"Revues scientifiques au Maroc | moroccodemia fran\u00e7ais","isPartOf":{"@id":"https:\/\/www.moroccodemia.com\/fr\/#website"},"primaryImageOfPage":{"@id":"https:\/\/www.moroccodemia.com\/fr\/revues-scientifiques-au-maroc\/#primaryimage"},"image":{"@id":"https:\/\/www.moroccodemia.com\/fr\/revues-scientifiques-au-maroc\/#primaryimage"},"thumbnailUrl":"https:\/\/www.moroccodemia.com\/fr\/media\/2019\/01\/IconBlackJournal.png","datePublished":"2015-08-25T10:29:36+00:00","dateModified":"2022-03-08T14:00:08+00:00","breadcrumb":{"@id":"https:\/\/www.moroccodemia.com\/fr\/revues-scientifiques-au-maroc\/#breadcrumb"},"inLanguage":"fr-FR","potentialAction":[{"@type":"ReadAction","target":["https:\/\/www.moroccodemia.com\/fr\/revues-scientifiques-au-maroc\/"]}]},{"@type":"ImageObject","inLanguage":"fr-FR","@id":"https:\/\/www.moroccodemia.com\/fr\/revues-scientifiques-au-maroc\/#primaryimage","url":"https:\/\/www.moroccodemia.com\/fr\/media\/2019\/01\/IconBlackJournal.png","contentUrl":"https:\/\/www.moroccodemia.com\/fr\/media\/2019\/01\/IconBlackJournal.png","width":100,"height":100},{"@type":"BreadcrumbList","@id":"https:\/\/www.moroccodemia.com\/fr\/revues-scientifiques-au-maroc\/#breadcrumb","itemListElement":[{"@type":"ListItem","position":1,"name":"Accueil","item":"https:\/\/www.moroccodemia.com\/fr\/"},{"@type":"ListItem","position":2,"name":"Revues scientifiques au Maroc"}]},{"@type":"WebSite","@id":"https:\/\/www.moroccodemia.com\/fr\/#website","url":"https:\/\/www.moroccodemia.com\/fr\/","name":"morocco academia french","description":"L'information, tout simplement","potentialAction":[{"@type":"SearchAction","target":{"@type":"EntryPoint","urlTemplate":"https:\/\/www.moroccodemia.com\/fr\/?s={search_term_string}"},"query-input":{"@type":"PropertyValueSpecification","valueRequired":true,"valueName":"search_term_string"}}],"inLanguage":"fr-FR"}]}},"_links":{"self":[{"href":"https:\/\/www.moroccodemia.com\/fr\/wp-json\/wp\/v2\/pages\/746","targetHints":{"allow":["GET"]}}],"collection":[{"href":"https:\/\/www.moroccodemia.com\/fr\/wp-json\/wp\/v2\/pages"}],"about":[{"href":"https:\/\/www.moroccodemia.com\/fr\/wp-json\/wp\/v2\/types\/page"}],"author":[{"embeddable":true,"href":"https:\/\/www.moroccodemia.com\/fr\/wp-json\/wp\/v2\/users\/1"}],"replies":[{"embeddable":true,"href":"https:\/\/www.moroccodemia.com\/fr\/wp-json\/wp\/v2\/comments?post=746"}],"version-history":[{"count":3,"href":"https:\/\/www.moroccodemia.com\/fr\/wp-json\/wp\/v2\/pages\/746\/revisions"}],"predecessor-version":[{"id":16039,"href":"https:\/\/www.moroccodemia.com\/fr\/wp-json\/wp\/v2\/pages\/746\/revisions\/16039"}],"wp:attachment":[{"href":"https:\/\/www.moroccodemia.com\/fr\/wp-json\/wp\/v2\/media?parent=746"}],"curies":[{"name":"wp","href":"https:\/\/api.w.org\/{rel}","templated":true}]}}