{"id":734,"date":"2015-08-25T10:25:33","date_gmt":"2015-08-25T10:25:33","guid":{"rendered":"https:\/\/www.moroccodemia.com\/fr\/?page_id=734"},"modified":"2021-10-12T11:50:48","modified_gmt":"2021-10-12T10:50:48","slug":"ministere-de-lenseignement-superieur","status":"publish","type":"page","link":"https:\/\/www.moroccodemia.com\/fr\/ministere-de-lenseignement-superieur\/","title":{"rendered":"Minist\u00e8re de l&rsquo;Enseignement Sup\u00e9rieur au Maroc"},"content":{"rendered":"<div class=\"rTable\">\n<div class=\"rTableBody\">\n<div class=\"rTableRow\">\n<div class=\"rTablehead\">\n<hr \/>\n<h1 class=\"h1pagetitle\">Minist\u00e8re de l&rsquo;Enseignement Sup\u00e9rieur au Maroc<\/h1>\n<div class=\"dropdown1\"><span><button class=\"dropbtn1\"><\/button><br class=\"blank\" \/><br \/>\n<span class=\"dropdown1-content\"><a href=\"http:\/\/www.moroccodemia.com\/ar\/%D9%88%D8%B2%D8%A7%D8%B1%D8%A9-%D8%A7%D9%84%D8%AA%D8%B9%D9%84%D9%8A%D9%85-%D8%A7%D9%84%D8%B9%D8%A7%D9%84%D9%8A\/\">Parcourir en arabe<\/a><a href=\"https:\/\/www.moroccodemia.com\/en\/ministry-of-higher-education-in-morocco\/\">Parcourir en anglais<\/a><\/span><\/span><\/div>\n<hr \/>\n<div class=\"banner\" dir=\"ltr\"><img loading=\"lazy\" decoding=\"async\" class=\"banner-image\" src=\"https:\/\/www.moroccodemia.com\/fr\/media\/2019\/01\/IconBlackDepartment.png\" style=\"vertical-align: middle;\" alt=\"Enseignement Sup\u00e9rieur et Recherche Scientifique au Maroc\" title=\"Enseignement Sup\u00e9rieur et Recherche Scientifique au Maroc\" width=\"80\" height=\"80\" \/><\/div>\n<div class=\"responsive-tabs\">\n<h2 class=\"tabtitle\">Aper\u00e7u<\/h2>\n<div class=\"tabcontent\">\n\n<p class=\"ltr\">\n<p dir=\"ltr\"><a href=\"http:\/\/www.enssup.gov.ma\/fr\"><strong><span style=\"font-size: 18pt;\">Minist\u00e8re de la l&rsquo;Enseignement Sup\u00e9rieur, de la Recherche Scientifique et de l&rsquo;Innovation<\/span><\/strong><\/a><\/p>\n<p dir=\"ltr\"><a href=\"http:\/\/www.enssup.gov.ma\/fr\" class=\"darken\"><img loading=\"lazy\" decoding=\"async\" src=\"https:\/\/www.moroccodemia.com\/fr\/media\/2017\/12\/InstitGovHEdMinistere-Enseignement-SuperieurRabat.png\" alt=\"Minist\u00e8re de la l'Enseignement Sup\u00e9rieur, de la Recherche Scientifique et de la Formation des Cadres  - Rabat\" width=\"600\" height=\"400\" class=\"aligncenter wp-image-9699 size-full\" title=\"Minist\u00e8re de la l'Enseignement Sup\u00e9rieur, de la Recherche Scientifique et de la Formation des Cadres  - Rabat\" srcset=\"https:\/\/www.moroccodemia.com\/fr\/media\/2017\/12\/InstitGovHEdMinistere-Enseignement-SuperieurRabat.png 600w, https:\/\/www.moroccodemia.com\/fr\/media\/2017\/12\/InstitGovHEdMinistere-Enseignement-SuperieurRabat-300x200.png 300w\" sizes=\"auto, (max-width: 600px) 100vw, 600px\" \/><\/a><span style=\"font-size: 8pt;\">Minist\u00e8re de la l&rsquo;Enseignement Sup\u00e9rieur, de la Recherche Scientifique et de l&rsquo;Innovation<\/span><\/p>\n<p dir=\"ltr\"><a href=\"https:\/\/www.moroccodemia.com\/fr\/ministre-de-lenseignement-superieur\/\"><strong><span style=\"font-size: 18pt;\">Ministre de la l&rsquo;Enseignement Sup\u00e9rieur, de la Recherche Scientifique et de l&rsquo;Innovation<\/span><\/strong><\/a><\/p>\n<p><span style=\"background-color: #00ff00; font-family: verdana,geneva,sans-serif;\">\n<\/div><h2 class=\"tabtitle\">Liens<\/h2>\n<div class=\"tabcontent\">\n<\/span><\/p>\n<div class=\"arrow-down\" style=\"margin-left: auto; margin-right: auto;\"><\/div>\n<div style=\"width: 200px; height: 300px; overflow: auto; background-color: white; margin-left: auto; margin-right: auto;\">\n<div style=\"width: 200px; height: 700px;\">\n<div class=\"rTableCell\">\n<div style=\"width: 190px\" class=\"wp-caption aligncenter\"><a href=\"https:\/\/www.moroccodemia.com\/fr\/ministere-de-lenseignement-superieur\" target=\"_blank\" rel=\"noopener noreferrer\"><img loading=\"lazy\" decoding=\"async\" title=\"Minist\u00e8re de la l'Enseignement Sup\u00e9rieur, de la Recherche Scientifique et de la Formation des Cadres \" src=\"https:\/\/www.moroccodemia.com\/fr\/media\/2015\/09\/Mdemia-ATHRONEdark.png\" alt=\"Minist\u00e8re de la l'Enseignement Sup\u00e9rieur, de la Recherche Scientifique et de la Formation des Cadres \" height=\"100\" width=\"180\" \/><\/a><p class=\"wp-caption-text\"><span style=\"font-family: verdana, geneva, sans-serif;\">Minist\u00e8re de la l&rsquo;Enseignement Sup\u00e9rieur, de la Recherche Scientifique et de la Formation des Cadres<\/span><\/p><\/div>\n<\/div>\n<div class=\"rTableCell\">\n<div style=\"width: 190px\" class=\"wp-caption aligncenter\"><img loading=\"lazy\" decoding=\"async\" title=\"Said Amzazi: Ministre de\u00a0 l'Education Nationale, de la Formation Professionnelle, de l'Enseignement Sup\u00e9rieur et de la Recherche scientifique\" src=\"https:\/\/www.moroccodemia.com\/fr\/media\/2018\/01\/GovernmentMinisterEducationHEdSaid-AmzaziThumb.png\" alt=\"Said Amzazi: Ministre de\u00a0 l'Education Nationale, de la Formation Professionnelle, de l'Enseignement Sup\u00e9rieur et de la Recherche scientifique\" height=\"90\" width=\"180\" \/><p class=\"wp-caption-text\">Said Amzazi: Ministre de\u00a0 l&rsquo;Education Nationale, de la Formation Professionnelle, de l&rsquo;Enseignement Sup\u00e9rieur et de la Recherche scientifique<\/p><\/div>\n<\/div>\n<div class=\"rTableCell\">\n<div style=\"width: 190px\" class=\"wp-caption aligncenter\"><a href=\"https:\/\/ledesk.ma\/encontinu\/qui-est-khalid-samadi-secretaire-detat-charge-de-lenseignement-superieur\/\"><img loading=\"lazy\" decoding=\"async\" title=\"Khalid Al-Samadi - Secr\u00e9taire d'Etat charg\u00e9 de l'Enseignement Sup\u00e9rieur et de la Recherche Scientifique\" src=\"https:\/\/www.moroccodemia.com\/fr\/media\/2015\/08\/PhotoSecretary-of-State-for-Higher-Education-Khalid-Al-Samadi.png\" alt=\"Khalid Al-Samadi - Secr\u00e9taire d'Etat charg\u00e9 de l'Enseignement Sup\u00e9rieur et de la Recherche Scientifique\" height=\"90\" width=\"180\" \/><\/a><p class=\"wp-caption-text\">Khalid Al-Samadi &#8211; Secr\u00e9taire d&rsquo;Etat charg\u00e9 de l&rsquo;Enseignement Sup\u00e9rieur et de la Recherche Scientifique<\/p><\/div>\n<\/div>\n<div class=\"rTableCell\">\n<div style=\"width: 190px\" class=\"wp-caption aligncenter\"><a href=\"http:\/\/www.men.gov.ma\/sites\/AdministrationCentrale\/DAJC\/DocLib1\/charte\/charte_fr.pdf\" target=\"_blank\" rel=\"noopener noreferrer\"><img loading=\"lazy\" decoding=\"async\" title=\"Charte de l'Education \" src=\"https:\/\/www.moroccodemia.com\/fr\/media\/2015\/08\/Mdemia-FCharte-180x100.jpg\" alt=\"Charte de l'Education \" height=\"100\" width=\"180\" \/><\/a><p class=\"wp-caption-text\"><span style=\"font-family: verdana, geneva, sans-serif;\">Charte de l&rsquo;Education<\/span><\/p><\/div>\n<\/div>\n<div class=\"rTableCell\">\n<div style=\"width: 190px\" class=\"wp-caption aligncenter\"><a href=\"http:\/\/www.umi.ac.ma\/wp-content\/uploads\/2012\/03\/loi-n-01-00-portant-organisation-de-lenseignement-sup\u00e9rieur.pdf\" target=\"_blank\" rel=\"noopener noreferrer\"><img loading=\"lazy\" decoding=\"async\" title=\"Loi 01-00 Portant Organisation de l'Enseignement Sup\u00e9rieur \" src=\"https:\/\/www.moroccodemia.com\/fr\/media\/2015\/08\/Mdemia-F1Bulletin-OfficielF.png\" alt=\"Loi 01-00 Portant Organisation de l'Enseignement Sup\u00e9rieur \" height=\"121\" width=\"180\" \/><\/a><p class=\"wp-caption-text\"><span style=\"font-family: verdana, geneva, sans-serif;\">Loi 01-00 Portant Organisation de l&rsquo;Enseignement Sup\u00e9rieur<\/span><\/p><\/div>\n<\/div>\n<div class=\"rTableCell\">\n<div style=\"width: 190px\" class=\"wp-caption aligncenter\"><a href=\"http:\/\/www.enssup.gov.ma\/sites\/default\/files\/PAGES\/2031\/Loi_80.12_AEESRS_Fr.pdf\" target=\"_blank\" rel=\"noopener noreferrer\"><img loading=\"lazy\" decoding=\"async\" title=\"Loi 80-12 Portant   Agence Nationale d'\u00e9valuation et de garantie de la qualit\u00e9 de l'Enseignement Sup\u00e9rieur \" src=\"https:\/\/www.moroccodemia.com\/fr\/media\/2015\/08\/Mdemia-F1Bulletin-OfficielF.png\" alt=\"Loi 80-12 Portant   Agence Nationale d'\u00e9valuation et de garantie de la qualit\u00e9 de l'Enseignement Sup\u00e9rieur \" height=\"121\" width=\"180\" \/><\/a><p class=\"wp-caption-text\"><span style=\"font-family: verdana, geneva, sans-serif;\">Loi 80-12 Portant Agence Nationale d&rsquo;\u00e9valuation et de garantie de la qualit\u00e9 de l&rsquo;Enseignement Sup\u00e9rieur<\/span><\/p><\/div>\n<\/div>\n<\/div>\n<\/div>\n<div class=\"arrow-up\" style=\"margin-left: auto; margin-right: auto;\"><\/div>\n<p><span style=\"font-family: verdana,geneva,sans-serif; background-color: #00ff00;\">\n<\/div><h2 class=\"tabtitle\">Vid\u00e9os<\/h2>\n<div class=\"tabcontent\">\n<\/span><\/p>\n<div class=\"arrow-down\" style=\"margin-left: auto; margin-right: auto;\"><\/div>\n<div style=\"width: 200px; height: 00px; overflow: auto; background-color: white; margin-left: auto; margin-right: auto;\">\n<div style=\"width: 200px; height: 700px;\"><\/div>\n<\/div>\n<div class=\"arrow-up\" style=\"margin-left: auto; margin-right: auto;\"><\/div>\n<p><span style=\"background-color: #00ff00; font-family: verdana,geneva,sans-serif;\"><\/div><\/div><\/span><\/p>\n<hr \/>\n<h2 class=\"rTableHead\" style=\"text-align: center;\"><span style=\"color: #000000;\"><strong><span style=\"font-family: verdana,geneva,sans-serif;\"><span style=\"font-size: 14pt;\">Minist\u00e8re de l&rsquo;Enseignement Sup\u00e9rieur<\/span>\/<\/span><\/strong><\/span><\/h2>\n<hr \/>\n<\/div>\n<\/div>\n<\/div>\n<\/div>\n","protected":false},"excerpt":{"rendered":"<p>Minist\u00e8re de l&rsquo;Enseignement Sup\u00e9rieur au Maroc Parcourir en arabeParcourir en anglais Minist\u00e8re de la l&rsquo;Enseignement Sup\u00e9rieur, de la Recherche Scientifique et de l&rsquo;Innovation Minist\u00e8re de la l&rsquo;Enseignement Sup\u00e9rieur, de la Recherche Scientifique et de l&rsquo;Innovation Ministre de la l&rsquo;Enseignement Sup\u00e9rieur, de la Recherche Scientifique et de l&rsquo;Innovation Minist\u00e8re de l&rsquo;Enseignement Sup\u00e9rieur\/<\/p>\n","protected":false},"author":1,"featured_media":0,"parent":0,"menu_order":0,"comment_status":"closed","ping_status":"closed","template":"","meta":{"footnotes":""},"class_list":["post-734","page","type-page","status-publish","hentry"],"yoast_head":"<!-- This site is optimized with the Yoast SEO plugin v27.4 - https:\/\/yoast.com\/product\/yoast-seo-wordpress\/ -->\n<title>Enseignement Sup\u00e9rieur au Maroc | Minist\u00e8re | moroccodemia<\/title>\n<meta name=\"robots\" content=\"index, follow, max-snippet:-1, max-image-preview:large, max-video-preview:-1\" \/>\n<link rel=\"canonical\" href=\"https:\/\/www.moroccodemia.com\/fr\/ministere-de-lenseignement-superieur\/\" \/>\n<meta property=\"og:locale\" content=\"fr_FR\" \/>\n<meta property=\"og:type\" content=\"article\" \/>\n<meta property=\"og:title\" content=\"Enseignement Sup\u00e9rieur au Maroc | Minist\u00e8re | moroccodemia\" \/>\n<meta property=\"og:description\" content=\"Minist\u00e8re de l&rsquo;Enseignement Sup\u00e9rieur au Maroc Parcourir en arabeParcourir en anglais Minist\u00e8re de la l&rsquo;Enseignement Sup\u00e9rieur, de la Recherche Scientifique et de l&rsquo;Innovation Minist\u00e8re de la l&rsquo;Enseignement Sup\u00e9rieur, de la Recherche Scientifique et de l&rsquo;Innovation Ministre de la l&rsquo;Enseignement Sup\u00e9rieur, de la Recherche Scientifique et de l&rsquo;Innovation Minist\u00e8re de l&rsquo;Enseignement Sup\u00e9rieur\/\" \/>\n<meta property=\"og:url\" content=\"https:\/\/www.moroccodemia.com\/fr\/ministere-de-lenseignement-superieur\/\" \/>\n<meta property=\"og:site_name\" content=\"morocco academia french\" \/>\n<meta property=\"article:publisher\" content=\"https:\/\/www.facebook.com\/Morocco-academia-239938123438369\/\" \/>\n<meta property=\"article:modified_time\" content=\"2021-10-12T10:50:48+00:00\" \/>\n<meta property=\"og:image\" content=\"https:\/\/www.moroccodemia.com\/fr\/media\/2019\/01\/IconBlackDepartment.png\" \/>\n<meta name=\"twitter:card\" content=\"summary_large_image\" \/>\n<meta name=\"twitter:site\" content=\"@moroccodemia\" \/>\n<meta name=\"twitter:label1\" content=\"Dur\u00e9e de lecture estim\u00e9e\" \/>\n\t<meta name=\"twitter:data1\" content=\"3 minutes\" \/>\n<script type=\"application\/ld+json\" class=\"yoast-schema-graph\">{\"@context\":\"https:\\\/\\\/schema.org\",\"@graph\":[{\"@type\":\"WebPage\",\"@id\":\"https:\\\/\\\/www.moroccodemia.com\\\/fr\\\/ministere-de-lenseignement-superieur\\\/\",\"url\":\"https:\\\/\\\/www.moroccodemia.com\\\/fr\\\/ministere-de-lenseignement-superieur\\\/\",\"name\":\"Enseignement Sup\u00e9rieur au Maroc | Minist\u00e8re | moroccodemia\",\"isPartOf\":{\"@id\":\"https:\\\/\\\/www.moroccodemia.com\\\/fr\\\/#website\"},\"primaryImageOfPage\":{\"@id\":\"https:\\\/\\\/www.moroccodemia.com\\\/fr\\\/ministere-de-lenseignement-superieur\\\/#primaryimage\"},\"image\":{\"@id\":\"https:\\\/\\\/www.moroccodemia.com\\\/fr\\\/ministere-de-lenseignement-superieur\\\/#primaryimage\"},\"thumbnailUrl\":\"https:\\\/\\\/www.moroccodemia.com\\\/fr\\\/media\\\/2019\\\/01\\\/IconBlackDepartment.png\",\"datePublished\":\"2015-08-25T10:25:33+00:00\",\"dateModified\":\"2021-10-12T10:50:48+00:00\",\"breadcrumb\":{\"@id\":\"https:\\\/\\\/www.moroccodemia.com\\\/fr\\\/ministere-de-lenseignement-superieur\\\/#breadcrumb\"},\"inLanguage\":\"fr-FR\",\"potentialAction\":[{\"@type\":\"ReadAction\",\"target\":[\"https:\\\/\\\/www.moroccodemia.com\\\/fr\\\/ministere-de-lenseignement-superieur\\\/\"]}]},{\"@type\":\"ImageObject\",\"inLanguage\":\"fr-FR\",\"@id\":\"https:\\\/\\\/www.moroccodemia.com\\\/fr\\\/ministere-de-lenseignement-superieur\\\/#primaryimage\",\"url\":\"https:\\\/\\\/www.moroccodemia.com\\\/fr\\\/media\\\/2019\\\/01\\\/IconBlackDepartment.png\",\"contentUrl\":\"https:\\\/\\\/www.moroccodemia.com\\\/fr\\\/media\\\/2019\\\/01\\\/IconBlackDepartment.png\",\"width\":100,\"height\":100},{\"@type\":\"BreadcrumbList\",\"@id\":\"https:\\\/\\\/www.moroccodemia.com\\\/fr\\\/ministere-de-lenseignement-superieur\\\/#breadcrumb\",\"itemListElement\":[{\"@type\":\"ListItem\",\"position\":1,\"name\":\"Accueil\",\"item\":\"https:\\\/\\\/www.moroccodemia.com\\\/fr\\\/\"},{\"@type\":\"ListItem\",\"position\":2,\"name\":\"Minist\u00e8re de l&rsquo;Enseignement Sup\u00e9rieur au Maroc\"}]},{\"@type\":\"WebSite\",\"@id\":\"https:\\\/\\\/www.moroccodemia.com\\\/fr\\\/#website\",\"url\":\"https:\\\/\\\/www.moroccodemia.com\\\/fr\\\/\",\"name\":\"morocco academia french\",\"description\":\"L'information, tout simplement\",\"potentialAction\":[{\"@type\":\"SearchAction\",\"target\":{\"@type\":\"EntryPoint\",\"urlTemplate\":\"https:\\\/\\\/www.moroccodemia.com\\\/fr\\\/?s={search_term_string}\"},\"query-input\":{\"@type\":\"PropertyValueSpecification\",\"valueRequired\":true,\"valueName\":\"search_term_string\"}}],\"inLanguage\":\"fr-FR\"}]}<\/script>\n<!-- \/ Yoast SEO plugin. -->","yoast_head_json":{"title":"Enseignement Sup\u00e9rieur au Maroc | Minist\u00e8re | moroccodemia","robots":{"index":"index","follow":"follow","max-snippet":"max-snippet:-1","max-image-preview":"max-image-preview:large","max-video-preview":"max-video-preview:-1"},"canonical":"https:\/\/www.moroccodemia.com\/fr\/ministere-de-lenseignement-superieur\/","og_locale":"fr_FR","og_type":"article","og_title":"Enseignement Sup\u00e9rieur au Maroc | Minist\u00e8re | moroccodemia","og_description":"Minist\u00e8re de l&rsquo;Enseignement Sup\u00e9rieur au Maroc Parcourir en arabeParcourir en anglais Minist\u00e8re de la l&rsquo;Enseignement Sup\u00e9rieur, de la Recherche Scientifique et de l&rsquo;Innovation Minist\u00e8re de la l&rsquo;Enseignement Sup\u00e9rieur, de la Recherche Scientifique et de l&rsquo;Innovation Ministre de la l&rsquo;Enseignement Sup\u00e9rieur, de la Recherche Scientifique et de l&rsquo;Innovation Minist\u00e8re de l&rsquo;Enseignement Sup\u00e9rieur\/","og_url":"https:\/\/www.moroccodemia.com\/fr\/ministere-de-lenseignement-superieur\/","og_site_name":"morocco academia french","article_publisher":"https:\/\/www.facebook.com\/Morocco-academia-239938123438369\/","article_modified_time":"2021-10-12T10:50:48+00:00","og_image":[{"url":"https:\/\/www.moroccodemia.com\/fr\/media\/2019\/01\/IconBlackDepartment.png","type":"","width":"","height":""}],"twitter_card":"summary_large_image","twitter_site":"@moroccodemia","twitter_misc":{"Dur\u00e9e de lecture estim\u00e9e":"3 minutes"},"schema":{"@context":"https:\/\/schema.org","@graph":[{"@type":"WebPage","@id":"https:\/\/www.moroccodemia.com\/fr\/ministere-de-lenseignement-superieur\/","url":"https:\/\/www.moroccodemia.com\/fr\/ministere-de-lenseignement-superieur\/","name":"Enseignement Sup\u00e9rieur au Maroc | Minist\u00e8re | moroccodemia","isPartOf":{"@id":"https:\/\/www.moroccodemia.com\/fr\/#website"},"primaryImageOfPage":{"@id":"https:\/\/www.moroccodemia.com\/fr\/ministere-de-lenseignement-superieur\/#primaryimage"},"image":{"@id":"https:\/\/www.moroccodemia.com\/fr\/ministere-de-lenseignement-superieur\/#primaryimage"},"thumbnailUrl":"https:\/\/www.moroccodemia.com\/fr\/media\/2019\/01\/IconBlackDepartment.png","datePublished":"2015-08-25T10:25:33+00:00","dateModified":"2021-10-12T10:50:48+00:00","breadcrumb":{"@id":"https:\/\/www.moroccodemia.com\/fr\/ministere-de-lenseignement-superieur\/#breadcrumb"},"inLanguage":"fr-FR","potentialAction":[{"@type":"ReadAction","target":["https:\/\/www.moroccodemia.com\/fr\/ministere-de-lenseignement-superieur\/"]}]},{"@type":"ImageObject","inLanguage":"fr-FR","@id":"https:\/\/www.moroccodemia.com\/fr\/ministere-de-lenseignement-superieur\/#primaryimage","url":"https:\/\/www.moroccodemia.com\/fr\/media\/2019\/01\/IconBlackDepartment.png","contentUrl":"https:\/\/www.moroccodemia.com\/fr\/media\/2019\/01\/IconBlackDepartment.png","width":100,"height":100},{"@type":"BreadcrumbList","@id":"https:\/\/www.moroccodemia.com\/fr\/ministere-de-lenseignement-superieur\/#breadcrumb","itemListElement":[{"@type":"ListItem","position":1,"name":"Accueil","item":"https:\/\/www.moroccodemia.com\/fr\/"},{"@type":"ListItem","position":2,"name":"Minist\u00e8re de l&rsquo;Enseignement Sup\u00e9rieur au Maroc"}]},{"@type":"WebSite","@id":"https:\/\/www.moroccodemia.com\/fr\/#website","url":"https:\/\/www.moroccodemia.com\/fr\/","name":"morocco academia french","description":"L'information, tout simplement","potentialAction":[{"@type":"SearchAction","target":{"@type":"EntryPoint","urlTemplate":"https:\/\/www.moroccodemia.com\/fr\/?s={search_term_string}"},"query-input":{"@type":"PropertyValueSpecification","valueRequired":true,"valueName":"search_term_string"}}],"inLanguage":"fr-FR"}]}},"_links":{"self":[{"href":"https:\/\/www.moroccodemia.com\/fr\/wp-json\/wp\/v2\/pages\/734","targetHints":{"allow":["GET"]}}],"collection":[{"href":"https:\/\/www.moroccodemia.com\/fr\/wp-json\/wp\/v2\/pages"}],"about":[{"href":"https:\/\/www.moroccodemia.com\/fr\/wp-json\/wp\/v2\/types\/page"}],"author":[{"embeddable":true,"href":"https:\/\/www.moroccodemia.com\/fr\/wp-json\/wp\/v2\/users\/1"}],"replies":[{"embeddable":true,"href":"https:\/\/www.moroccodemia.com\/fr\/wp-json\/wp\/v2\/comments?post=734"}],"version-history":[{"count":3,"href":"https:\/\/www.moroccodemia.com\/fr\/wp-json\/wp\/v2\/pages\/734\/revisions"}],"predecessor-version":[{"id":15460,"href":"https:\/\/www.moroccodemia.com\/fr\/wp-json\/wp\/v2\/pages\/734\/revisions\/15460"}],"wp:attachment":[{"href":"https:\/\/www.moroccodemia.com\/fr\/wp-json\/wp\/v2\/media?parent=734"}],"curies":[{"name":"wp","href":"https:\/\/api.w.org\/{rel}","templated":true}]}}