{"id":71,"date":"2015-08-23T10:56:20","date_gmt":"2015-08-23T10:56:20","guid":{"rendered":"https:\/\/www.moroccodemia.com\/fr\/?page_id=71"},"modified":"2021-11-18T16:12:03","modified_gmt":"2021-11-18T15:12:03","slug":"orientation-etudiants","status":"publish","type":"page","link":"https:\/\/www.moroccodemia.com\/fr\/orientation-etudiants\/","title":{"rendered":"Orientation Etudiants"},"content":{"rendered":"<div class=\"rTable\">\n<div class=\"rTableBody\">\n<div class=\"rTableRow\">\n<div class=\"rTablehead\">\n<hr>\n<h1 class=\"h1pagetitle\">Orientation Etudiants<\/h1>\n<div class=\"dropdown1\"><button class=\"dropbtn1\"><\/button><br class=\"blank\"><br \/>\n<span class=\"dropdown1-content\"><a href=\"http:\/\/www.moroccodemia.com\/ar\/%D8%AA%D9%88%D8%AC%D9%8A%D9%87-%D8%A7%D9%84%D8%B7%D8%A7%D9%84%D8%A8\/\">Parcourir en arabe<\/a><a href=\"http:\/\/www.moroccodemia.com\/en\/student-orientation\/\">Parcourir en anglais<\/a><\/span><\/div>\n<hr>\n<div class=\"banner\"><img loading=\"lazy\" decoding=\"async\" src=\"https:\/\/www.moroccodemia.com\/fr\/media\/2019\/01\/IconBlackCompass.png\" style=\"vertical-align: middle;\" alt=\"Orientation Etudiants\" title=\"Orientation Etudiants\" width=\"80\" height=\"80\"><\/div>\n<div class=\"responsive-tabs\">\n<h2 class=\"tabtitle\">Aper\u00e7u<\/h2>\n<div class=\"tabcontent\">\n\n<p dir=\"ltr\">\n<h2 class=\"h2MainContent\"><span style=\"font-family: verdana,geneva,sans-serif; font-size: 10pt;\"><span style=\"text-decoration: underline;\"><strong>Centres d&rsquo;Orientation Etudiants:<\/strong><\/span><\/span><\/h2>\n<p><span style=\"font-family: verdana,geneva,sans-serif; font-size: 10pt;\"><strong>Public cibl\u00e9<\/strong>: El\u00e8ves et \u00e9tudiants. Cadres \u00e0 la recherche d\u2019une formation de 3\u00e8me cycle, de doctorat ou d\u2019une formation continue. Parents d\u2019\u00e9l\u00e8ves. Conseillers d\u2019orientation. Chercheurs, professeurs et professionnels de l\u2019information<\/span><\/p>\n<p><span style=\"font-size: 10pt; font-family: verdana,geneva,sans-serif;\"><strong>Champs&nbsp;d&rsquo;action<\/strong>: Etudes sup\u00e9rieures au Maroc et \u00e0 l\u2019\u00e9tranger. Bourses d\u2019\u00e9tudes nationales et de coop\u00e9ration. Stages de perfectionnement. Professions, carri\u00e8res et emplois.<\/span><\/p>\n<h2 class\"h2maincontent\"=\"\"><span style=\"font-size: 10pt; font-family: verdana,geneva,sans-serif;\"><strong>Liste des Centres d&rsquo;Orientation Etudiants:<\/strong><\/span><\/p>\n<p><span style=\"font-size: 10pt; font-family: verdana, geneva, sans-serif;\"><strong>B\u00e9ni Mellal<\/strong><\/span><br \/>\n<span style=\"font-size: 10pt; font-family: verdana,geneva,sans-serif;\"> <em>Adresse<\/em>: Place Al Houria<\/span><br \/>\n<span style=\"font-size: 10pt; font-family: verdana,geneva,sans-serif;\"><em>T\u00e9l\u00e9phone<\/em>: 023 48 71 85 \/ 023 48 72 18<\/span><br \/>\n<span style=\"font-size: 10pt; font-family: verdana,geneva,sans-serif;\"> <em>Fax<\/em>: 023 48 71 85<\/span><br \/>\n<span style=\"font-size: 10pt; font-family: verdana,geneva,sans-serif;\"> <em>E-mail<\/em>: <a href=\"mailto:ciatbenimellal@dfc.gov.ma\">ciatbenimellal@dfc.gov.ma<\/a><\/span><\/p>\n<p><span style=\"font-size: 10pt; font-family: verdana, geneva, sans-serif;\"><strong>Casablanca<\/strong><\/span><br \/>\n<span style=\"font-size: 10pt; font-family: verdana,geneva,sans-serif;\"> <em>Adresse<\/em>:&nbsp;Complexe Culturel Kamal Ezzabdi, Avenue Al Joulane, Ben Mssik Sidi Otmane<\/span><br \/>\n<span style=\"font-size: 10pt; font-family: verdana,geneva,sans-serif;\"><em>T\u00e9l\u00e9phone<\/em>: 022 37 66 79 \/ 022 37 87 76 <\/span><br \/>\n<span style=\"font-size: 10pt; font-family: verdana,geneva,sans-serif;\"> <em>Fax<\/em>: 022 37 66 79<\/span><br \/>\n<span style=\"font-size: 10pt; font-family: verdana,geneva,sans-serif;\"> <em>E-mail<\/em>: <a href=\"mailto:ciatcasablanca@dfc.gov.ma\">ciatcasablanca@dfc.gov.ma<\/a><\/span><\/p>\n<p><span style=\"font-size: 10pt; font-family: verdana, geneva, sans-serif;\"><strong>Fes<\/strong><\/span><br \/>\n<span style=\"font-size: 10pt; font-family: verdana,geneva,sans-serif;\"> <em>Adresse<\/em>:&nbsp;Espace Sais, Angle Avenue des Far et Rue Nouamane Ibn Al Bachir<\/span><br \/>\n<span style=\"font-size: 10pt; font-family: verdana,geneva,sans-serif;\"><em>T\u00e9l\u00e9phone<\/em>: 035 65 03 94 \/ 035 65 07 41<\/span><br \/>\n<span style=\"font-size: 10pt; font-family: verdana,geneva,sans-serif;\"> <em>Fax<\/em>: 035 65 03 94<\/span><br \/>\n<span style=\"font-size: 10pt; font-family: verdana,geneva,sans-serif;\"> <em>E-mail<\/em>:&nbsp;<a href=\"mailto:ciatfes@dfc.gov.ma\">ciatfes@dfc.gov.ma<\/a><\/span><\/p>\n<p><span style=\"font-size: 10pt; font-family: verdana, geneva, sans-serif;\"><strong>Marrakech<\/strong><\/span><br \/>\n<span style=\"font-size: 10pt; font-family: verdana,geneva,sans-serif;\"> <em>Adresse<\/em>:&nbsp;Complexe Culturel Hay Hassani<\/span><br \/>\n<span style=\"font-size: 10pt; font-family: verdana,geneva,sans-serif;\"><em>T\u00e9l\u00e9phone<\/em>: 024 49 64 53 \/ 024 49 64 54 <\/span><br \/>\n<span style=\"font-size: 10pt; font-family: verdana,geneva,sans-serif;\"> <em>Fax<\/em>: 024 49 64 53<\/span><br \/>\n<span style=\"font-size: 10pt; font-family: verdana,geneva,sans-serif;\"> <em>E-mail<\/em>:&nbsp;<a href=\"mailto:ciatmarrakech@dfc.gov.ma\">ciatmarrakech@dfc.gov.ma<\/a><\/span><\/p>\n<p><span style=\"font-size: 10pt; font-family: verdana, geneva, sans-serif;\"><strong>Mekn\u00e8s<\/strong><\/span><br \/>\n<span style=\"font-size: 10pt; font-family: verdana,geneva,sans-serif;\"> <em>Adresse<\/em>:&nbsp;Rue Moulay Youssef, Avenue Nehro Hamria<\/span><br \/>\n<span style=\"font-size: 10pt; font-family: verdana,geneva,sans-serif;\"><em>T\u00e9l\u00e9phone<\/em>: 035 52 42 11 \/ 035 52 41 48<\/span><br \/>\n<span style=\"font-size: 10pt; font-family: verdana,geneva,sans-serif;\"> <em>Fax<\/em>: 035 52 42 11<\/span><br \/>\n<span style=\"font-size: 10pt; font-family: verdana,geneva,sans-serif;\"> <em>E-mail<\/em>:&nbsp;<a href=\"mailto:ciatmeknes@dfc.gov.ma\">ciatmeknes@dfc.gov.ma<\/a><\/span><\/p>\n<p><span style=\"font-size: 10pt; font-family: verdana, geneva, sans-serif;\"><strong>Mohammedia<\/strong><\/span><br \/>\n<span style=\"font-size: 10pt; font-family: verdana,geneva,sans-serif;\"> <em>Adresse<\/em>:&nbsp;D\u00e9l\u00e9gation de l\u2019Education Nationale, Rue Brahim Roudani<\/span><br \/>\n<span style=\"font-size: 10pt; font-family: verdana,geneva,sans-serif;\"><em>T\u00e9l\u00e9phone<\/em>: 023 32 74 39 \/ 023 32 74 38<\/span><br \/>\n<span style=\"font-size: 10pt; font-family: verdana,geneva,sans-serif;\"> <em>Fax<\/em>: 023 32 74 39<\/span><br \/>\n<span style=\"font-size: 10pt; font-family: verdana,geneva,sans-serif;\"> <em>E-mail<\/em>: <a href=\"mailto:ciat.mohammedia@gmail.com\">ciat.mohammedia@gmail.com<\/a><\/span><\/p>\n<p><span style=\"font-size: 10pt; font-family: verdana, geneva, sans-serif;\"><strong>Oujda<\/strong><\/span><br \/>\n<span style=\"font-size: 10pt; font-family: verdana,geneva,sans-serif;\"> <em>Adresse<\/em>:&nbsp;Facult\u00e9 des Sciences Juridiques, Economiques et Sociales<\/span><br \/>\n<span style=\"font-size: 10pt; font-family: verdana,geneva,sans-serif;\"><em>T\u00e9l\u00e9phone<\/em>: 036 50 44 86 \/ 036 50 44 87<\/span><br \/>\n<span style=\"font-size: 10pt; font-family: verdana,geneva,sans-serif;\"> <em>Fax<\/em>: 036 50 44 86<\/span><br \/>\n<span style=\"font-size: 10pt; font-family: verdana,geneva,sans-serif;\"> <em>E-mail<\/em>: <a href=\"mailto:ciatoujda@dfc.gov.ma\">ciatoujda@dfc.gov.ma<\/a><\/span><\/p>\n<p><span style=\"font-size: 10pt; font-family: verdana, geneva, sans-serif;\"><strong>Rabat<\/strong><\/span><br \/>\n<span style=\"font-size: 10pt; font-family: verdana,geneva,sans-serif;\"> <em>Adresse<\/em>:&nbsp;35 Avenue Ibn Sina, BP : 707, Agdal<\/span><br \/>\n<span style=\"font-size: 10pt; font-family: verdana,geneva,sans-serif;\"><em>T\u00e9l\u00e9phone<\/em>: 037 68 20 00\/ 10<\/span><br \/>\n<span style=\"font-size: 10pt; font-family: verdana,geneva,sans-serif;\"> <em>Fax<\/em>: 037 77 80 28<\/span><br \/>\n<span style=\"font-size: 10pt; font-family: verdana,geneva,sans-serif;\"> <em>E-mail<\/em>: <a href=\"mailto:ciatrabat@dfc.gov.ma\">ciatrabat@dfc.gov.ma<\/a><\/span><\/p>\n<p><span style=\"font-size: 10pt; font-family: verdana, geneva, sans-serif;\"><strong>Safi<\/strong><\/span><br \/>\n<span style=\"font-size: 10pt; font-family: verdana,geneva,sans-serif;\"> <em>Adresse<\/em>:&nbsp;Complexe culturel A\u00e2zib Derii<\/span><br \/>\n<span style=\"font-size: 10pt; font-family: verdana,geneva,sans-serif;\"><em>T\u00e9l\u00e9phone<\/em>: 024 62 61 95 \/ 024 62 64 10<\/span><br \/>\n<span style=\"font-size: 10pt; font-family: verdana,geneva,sans-serif;\"> <em>Fax<\/em>: 024 62 61 95<\/span><br \/>\n<span style=\"font-size: 10pt; font-family: verdana,geneva,sans-serif;\"> <em>E-mail<\/em>: <a href=\"mailto:ciatsafi@dfc.gov.ma\">ciatsafi@dfc.gov.ma<\/a><\/span><\/p>\n<p><span style=\"font-size: 10pt; font-family: verdana, geneva, sans-serif;\"><strong>Settat<\/strong><\/span><br \/>\n<span style=\"font-size: 10pt; font-family: verdana,geneva,sans-serif;\"> <em>Adresse<\/em>:&nbsp;Biblioth\u00e8que Municipale<\/span><br \/>\n<span style=\"font-size: 10pt; font-family: verdana,geneva,sans-serif;\"><em>T\u00e9l\u00e9phone<\/em>: 023 72 21 27 \/ 023 72 21 21<\/span><br \/>\n<span style=\"font-size: 10pt; font-family: verdana,geneva,sans-serif;\"> <em>Fax<\/em>: 023 72 21 27<\/span><br \/>\n<span style=\"font-size: 10pt; font-family: verdana,geneva,sans-serif;\"> <em>E-mail<\/em>: <a href=\"mailto:ciatsettat@dfc.gov.ma\">ciatsettat@dfc.gov.ma<\/a><\/span><\/p>\n<p><span style=\"font-size: 10pt; font-family: verdana,geneva,sans-serif;\">Pour plus d&rsquo;informations visiter: <a href=\"http:\/\/www.dfc.gov.ma\">http:\/\/www.dfc.gov.ma<br \/>\n___________________<br \/>\n<span style=\"font-family: verdana, geneva, sans-serif;\"><span style=\"font-size: 8pt;\">*<\/span><em><span style=\"font-size: 8pt;\">CIAT = Centre Irshad Attalib<\/span><\/em><\/span><\/a><\/span><br \/>\n\n<\/div><h2 class=\"tabtitle\">Examen<\/h2>\n<div class=\"tabcontent\">\n<\/p>\n<div class=\"arrow-down\" style=\"margin-left: auto; margin-right: auto;\"><\/div>\n<div style=\"width: 200px; height: 300px; overflow: auto; background-color: white; margin-left: auto; margin-right: auto;\">\n<div style=\"width: 200px; height: 700px;\">\n<div class=\"rTableCell\">\n<div style=\"width: 190px\" class=\"wp-caption aligncenter\"><a href=\"https:\/\/www.youtube.com\/watch?v=OIEKtoXx5Kw\" target=\"_blank\" rel=\"noopener noreferrer\"><img loading=\"lazy\" decoding=\"async\" title=\"Les 8 techniques pour apprendre facilement ses cours [23 mai 2019]\" src=\"https:\/\/www.moroccodemia.com\/fr\/media\/2019\/05\/Mdemia-FHORSTPreparer-ExamenYTB1.png\" alt=\"Les 8 techniques pour apprendre facilement ses cours [23 mai 2019]\" width=\"180\" height=\"100\"><\/a><p class=\"wp-caption-text\">Les 8 techniques pour apprendre facilement ses cours [23 mai 2019]<\/p><\/div><\/div>\n<\/div>\n<\/div>\n<div class=\"arrow-up\" style=\"margin-left: auto; margin-right: auto;\"><\/div>\n<p dir=\"ltr\" style=\"text-align: left;\">\n<\/div><h2 class=\"tabtitle\">Bac+<\/h2>\n<div class=\"tabcontent\">\n<\/p>\n<div class=\"arrow-down\" style=\"margin-left: auto; margin-right: auto;\"><\/div>\n<div style=\"width: 200px; height: 00px; overflow: auto; background-color: white; margin-left: auto; margin-right: auto;\">\n<div style=\"width: 200px; height: 700px;\"><\/div>\n<\/div>\n<div class=\"arrow-up\" style=\"margin-left: auto; margin-right: auto;\"><\/div>\n\n<\/div><h2 class=\"tabtitle\">Concours<\/h2>\n<div class=\"tabcontent\">\n\n<div class=\"arrow-down\" style=\"margin-left: auto; margin-right: auto;\"><\/div>\n<div style=\"width: 200px; height: 00px; overflow: auto; background-color: white; margin-left: auto; margin-right: auto;\">\n<div style=\"width: 200px; height: 700px;\"><\/div>\n<\/div>\n<div class=\"arrow-up\" style=\"margin-left: auto; margin-right: auto;\"><\/div>\n\n<\/div><h2 class=\"tabtitle\">Entretien<\/h2>\n<div class=\"tabcontent\">\n\n<div class=\"arrow-down\" style=\"margin-left: auto; margin-right: auto;\"><\/div>\n<div style=\"width: 200px; height: 300px; overflow: auto; background-color: white; margin-left: auto; margin-right: auto;\">\n<div style=\"width: 200px; height: 700px;\">\n<div class=\"rTableCell\">\n<div style=\"width: 190px\" class=\"wp-caption aligncenter\"><a href=\"http:\/\/www.youtube.com\/watch?v=oZ9WCN_UB0Y\" target=\"_blank\" rel=\"noopener noreferrer\"><img loading=\"lazy\" decoding=\"async\" title=\"Simulation d'entretien [7 octobre 2015] \" src=\"https:\/\/www.moroccodemia.com\/fr\/media\/2015\/08\/Mdemia-FHORSTPreparer-EntretienYTB2.png\" alt=\"Simulation d'entretien [7 octobre 2015] \" width=\"180\" height=\"100\"><\/a><p class=\"wp-caption-text\">Simulation d&rsquo;entretien [7 octobre 2015]<\/p><\/div><\/div>\n<div class=\"rTableCell\">\n<div style=\"width: 190px\" class=\"wp-caption aligncenter\"><a href=\"http:\/\/www.youtube.com\/watch?v=R8bu0aYLbIo\" target=\"_blank\" rel=\"noopener noreferrer\"><img loading=\"lazy\" decoding=\"async\" title=\"S\u00e9duire son recruteur d\u00e8s les 3 premi\u00e8res minutes ! [20 Septembre 2013] \" src=\"https:\/\/www.moroccodemia.com\/fr\/media\/2015\/08\/Mdemia-FHORSTPreparer-EntretienYTB1.png\" alt=\"S\u00e9duire son recruteur d\u00e8s les 3 premi\u00e8res minutes ! [20 Septembre 2013] \" width=\"180\" height=\"100\"><\/a><p class=\"wp-caption-text\">S\u00e9duire son recruteur d\u00e8s les 3 premi\u00e8res minutes ! [20 Septembre 2013]<\/p><\/div><\/div>\n<\/div>\n<\/div>\n<div class=\"arrow-up\" style=\"margin-left: auto; margin-right: auto;\"><\/div>\n<\/div><\/div>\n<hr>\n<\/h2>\n<h2 style=\"text-align: center;\"><strong><span style=\"font-family: verdana,geneva,sans-serif;\"><span style=\"font-size: 14pt;\">Orientation <span style=\"font-size: 10pt;\">Etudiants\/ <\/span><\/span><\/span><\/strong><\/h2>\n<hr>\n<\/div>\n<\/div>\n<\/div>\n<\/div>\n","protected":false},"excerpt":{"rendered":"<p>Orientation Etudiants Parcourir en arabeParcourir en anglais Centres d&rsquo;Orientation Etudiants: Public cibl\u00e9: El\u00e8ves et \u00e9tudiants. Cadres \u00e0 la recherche d\u2019une formation de 3\u00e8me cycle, de doctorat ou d\u2019une formation continue. Parents d\u2019\u00e9l\u00e8ves. Conseillers d\u2019orientation. Chercheurs, professeurs et professionnels de l\u2019information Champs&nbsp;d&rsquo;action: Etudes sup\u00e9rieures au Maroc et \u00e0 l\u2019\u00e9tranger. Bourses d\u2019\u00e9tudes nationales et de coop\u00e9ration. Stages [&hellip;]<\/p>\n","protected":false},"author":1,"featured_media":0,"parent":0,"menu_order":0,"comment_status":"closed","ping_status":"closed","template":"","meta":{"footnotes":""},"class_list":["post-71","page","type-page","status-publish","hentry"],"yoast_head":"<!-- This site is optimized with the Yoast SEO plugin v27.4 - https:\/\/yoast.com\/product\/yoast-seo-wordpress\/ -->\n<title>Orientation Etudiants | moroccodemia fran\u00e7ais<\/title>\n<meta name=\"robots\" content=\"index, follow, max-snippet:-1, max-image-preview:large, max-video-preview:-1\" \/>\n<link rel=\"canonical\" href=\"https:\/\/www.moroccodemia.com\/fr\/orientation-etudiants\/\" \/>\n<meta property=\"og:locale\" content=\"fr_FR\" \/>\n<meta property=\"og:type\" content=\"article\" \/>\n<meta property=\"og:title\" content=\"Orientation Etudiants | moroccodemia fran\u00e7ais\" \/>\n<meta property=\"og:description\" content=\"Orientation Etudiants Parcourir en arabeParcourir en anglais Centres d&rsquo;Orientation Etudiants: Public cibl\u00e9: El\u00e8ves et \u00e9tudiants. Cadres \u00e0 la recherche d\u2019une formation de 3\u00e8me cycle, de doctorat ou d\u2019une formation continue. Parents d\u2019\u00e9l\u00e8ves. Conseillers d\u2019orientation. Chercheurs, professeurs et professionnels de l\u2019information Champs&nbsp;d&rsquo;action: Etudes sup\u00e9rieures au Maroc et \u00e0 l\u2019\u00e9tranger. Bourses d\u2019\u00e9tudes nationales et de coop\u00e9ration. Stages [&hellip;]\" \/>\n<meta property=\"og:url\" content=\"https:\/\/www.moroccodemia.com\/fr\/orientation-etudiants\/\" \/>\n<meta property=\"og:site_name\" content=\"morocco academia french\" \/>\n<meta property=\"article:publisher\" content=\"https:\/\/www.facebook.com\/Morocco-academia-239938123438369\/\" \/>\n<meta property=\"article:modified_time\" content=\"2021-11-18T15:12:03+00:00\" \/>\n<meta property=\"og:image\" content=\"https:\/\/www.moroccodemia.com\/fr\/media\/2019\/01\/IconBlackCompass.png\" \/>\n<meta name=\"twitter:card\" content=\"summary_large_image\" \/>\n<meta name=\"twitter:site\" content=\"@moroccodemia\" \/>\n<meta name=\"twitter:label1\" content=\"Dur\u00e9e de lecture estim\u00e9e\" \/>\n\t<meta name=\"twitter:data1\" content=\"3 minutes\" \/>\n<script type=\"application\/ld+json\" class=\"yoast-schema-graph\">{\"@context\":\"https:\\\/\\\/schema.org\",\"@graph\":[{\"@type\":\"WebPage\",\"@id\":\"https:\\\/\\\/www.moroccodemia.com\\\/fr\\\/orientation-etudiants\\\/\",\"url\":\"https:\\\/\\\/www.moroccodemia.com\\\/fr\\\/orientation-etudiants\\\/\",\"name\":\"Orientation Etudiants | moroccodemia fran\u00e7ais\",\"isPartOf\":{\"@id\":\"https:\\\/\\\/www.moroccodemia.com\\\/fr\\\/#website\"},\"primaryImageOfPage\":{\"@id\":\"https:\\\/\\\/www.moroccodemia.com\\\/fr\\\/orientation-etudiants\\\/#primaryimage\"},\"image\":{\"@id\":\"https:\\\/\\\/www.moroccodemia.com\\\/fr\\\/orientation-etudiants\\\/#primaryimage\"},\"thumbnailUrl\":\"https:\\\/\\\/www.moroccodemia.com\\\/fr\\\/media\\\/2019\\\/01\\\/IconBlackCompass.png\",\"datePublished\":\"2015-08-23T10:56:20+00:00\",\"dateModified\":\"2021-11-18T15:12:03+00:00\",\"breadcrumb\":{\"@id\":\"https:\\\/\\\/www.moroccodemia.com\\\/fr\\\/orientation-etudiants\\\/#breadcrumb\"},\"inLanguage\":\"fr-FR\",\"potentialAction\":[{\"@type\":\"ReadAction\",\"target\":[\"https:\\\/\\\/www.moroccodemia.com\\\/fr\\\/orientation-etudiants\\\/\"]}]},{\"@type\":\"ImageObject\",\"inLanguage\":\"fr-FR\",\"@id\":\"https:\\\/\\\/www.moroccodemia.com\\\/fr\\\/orientation-etudiants\\\/#primaryimage\",\"url\":\"https:\\\/\\\/www.moroccodemia.com\\\/fr\\\/media\\\/2019\\\/01\\\/IconBlackCompass.png\",\"contentUrl\":\"https:\\\/\\\/www.moroccodemia.com\\\/fr\\\/media\\\/2019\\\/01\\\/IconBlackCompass.png\",\"width\":100,\"height\":100},{\"@type\":\"BreadcrumbList\",\"@id\":\"https:\\\/\\\/www.moroccodemia.com\\\/fr\\\/orientation-etudiants\\\/#breadcrumb\",\"itemListElement\":[{\"@type\":\"ListItem\",\"position\":1,\"name\":\"Accueil\",\"item\":\"https:\\\/\\\/www.moroccodemia.com\\\/fr\\\/\"},{\"@type\":\"ListItem\",\"position\":2,\"name\":\"Orientation Etudiants\"}]},{\"@type\":\"WebSite\",\"@id\":\"https:\\\/\\\/www.moroccodemia.com\\\/fr\\\/#website\",\"url\":\"https:\\\/\\\/www.moroccodemia.com\\\/fr\\\/\",\"name\":\"morocco academia french\",\"description\":\"L'information, tout simplement\",\"potentialAction\":[{\"@type\":\"SearchAction\",\"target\":{\"@type\":\"EntryPoint\",\"urlTemplate\":\"https:\\\/\\\/www.moroccodemia.com\\\/fr\\\/?s={search_term_string}\"},\"query-input\":{\"@type\":\"PropertyValueSpecification\",\"valueRequired\":true,\"valueName\":\"search_term_string\"}}],\"inLanguage\":\"fr-FR\"}]}<\/script>\n<!-- \/ Yoast SEO plugin. -->","yoast_head_json":{"title":"Orientation Etudiants | moroccodemia fran\u00e7ais","robots":{"index":"index","follow":"follow","max-snippet":"max-snippet:-1","max-image-preview":"max-image-preview:large","max-video-preview":"max-video-preview:-1"},"canonical":"https:\/\/www.moroccodemia.com\/fr\/orientation-etudiants\/","og_locale":"fr_FR","og_type":"article","og_title":"Orientation Etudiants | moroccodemia fran\u00e7ais","og_description":"Orientation Etudiants Parcourir en arabeParcourir en anglais Centres d&rsquo;Orientation Etudiants: Public cibl\u00e9: El\u00e8ves et \u00e9tudiants. Cadres \u00e0 la recherche d\u2019une formation de 3\u00e8me cycle, de doctorat ou d\u2019une formation continue. Parents d\u2019\u00e9l\u00e8ves. Conseillers d\u2019orientation. Chercheurs, professeurs et professionnels de l\u2019information Champs&nbsp;d&rsquo;action: Etudes sup\u00e9rieures au Maroc et \u00e0 l\u2019\u00e9tranger. Bourses d\u2019\u00e9tudes nationales et de coop\u00e9ration. Stages [&hellip;]","og_url":"https:\/\/www.moroccodemia.com\/fr\/orientation-etudiants\/","og_site_name":"morocco academia french","article_publisher":"https:\/\/www.facebook.com\/Morocco-academia-239938123438369\/","article_modified_time":"2021-11-18T15:12:03+00:00","og_image":[{"url":"https:\/\/www.moroccodemia.com\/fr\/media\/2019\/01\/IconBlackCompass.png","type":"","width":"","height":""}],"twitter_card":"summary_large_image","twitter_site":"@moroccodemia","twitter_misc":{"Dur\u00e9e de lecture estim\u00e9e":"3 minutes"},"schema":{"@context":"https:\/\/schema.org","@graph":[{"@type":"WebPage","@id":"https:\/\/www.moroccodemia.com\/fr\/orientation-etudiants\/","url":"https:\/\/www.moroccodemia.com\/fr\/orientation-etudiants\/","name":"Orientation Etudiants | moroccodemia fran\u00e7ais","isPartOf":{"@id":"https:\/\/www.moroccodemia.com\/fr\/#website"},"primaryImageOfPage":{"@id":"https:\/\/www.moroccodemia.com\/fr\/orientation-etudiants\/#primaryimage"},"image":{"@id":"https:\/\/www.moroccodemia.com\/fr\/orientation-etudiants\/#primaryimage"},"thumbnailUrl":"https:\/\/www.moroccodemia.com\/fr\/media\/2019\/01\/IconBlackCompass.png","datePublished":"2015-08-23T10:56:20+00:00","dateModified":"2021-11-18T15:12:03+00:00","breadcrumb":{"@id":"https:\/\/www.moroccodemia.com\/fr\/orientation-etudiants\/#breadcrumb"},"inLanguage":"fr-FR","potentialAction":[{"@type":"ReadAction","target":["https:\/\/www.moroccodemia.com\/fr\/orientation-etudiants\/"]}]},{"@type":"ImageObject","inLanguage":"fr-FR","@id":"https:\/\/www.moroccodemia.com\/fr\/orientation-etudiants\/#primaryimage","url":"https:\/\/www.moroccodemia.com\/fr\/media\/2019\/01\/IconBlackCompass.png","contentUrl":"https:\/\/www.moroccodemia.com\/fr\/media\/2019\/01\/IconBlackCompass.png","width":100,"height":100},{"@type":"BreadcrumbList","@id":"https:\/\/www.moroccodemia.com\/fr\/orientation-etudiants\/#breadcrumb","itemListElement":[{"@type":"ListItem","position":1,"name":"Accueil","item":"https:\/\/www.moroccodemia.com\/fr\/"},{"@type":"ListItem","position":2,"name":"Orientation Etudiants"}]},{"@type":"WebSite","@id":"https:\/\/www.moroccodemia.com\/fr\/#website","url":"https:\/\/www.moroccodemia.com\/fr\/","name":"morocco academia french","description":"L'information, tout simplement","potentialAction":[{"@type":"SearchAction","target":{"@type":"EntryPoint","urlTemplate":"https:\/\/www.moroccodemia.com\/fr\/?s={search_term_string}"},"query-input":{"@type":"PropertyValueSpecification","valueRequired":true,"valueName":"search_term_string"}}],"inLanguage":"fr-FR"}]}},"_links":{"self":[{"href":"https:\/\/www.moroccodemia.com\/fr\/wp-json\/wp\/v2\/pages\/71","targetHints":{"allow":["GET"]}}],"collection":[{"href":"https:\/\/www.moroccodemia.com\/fr\/wp-json\/wp\/v2\/pages"}],"about":[{"href":"https:\/\/www.moroccodemia.com\/fr\/wp-json\/wp\/v2\/types\/page"}],"author":[{"embeddable":true,"href":"https:\/\/www.moroccodemia.com\/fr\/wp-json\/wp\/v2\/users\/1"}],"replies":[{"embeddable":true,"href":"https:\/\/www.moroccodemia.com\/fr\/wp-json\/wp\/v2\/comments?post=71"}],"version-history":[{"count":3,"href":"https:\/\/www.moroccodemia.com\/fr\/wp-json\/wp\/v2\/pages\/71\/revisions"}],"predecessor-version":[{"id":15682,"href":"https:\/\/www.moroccodemia.com\/fr\/wp-json\/wp\/v2\/pages\/71\/revisions\/15682"}],"wp:attachment":[{"href":"https:\/\/www.moroccodemia.com\/fr\/wp-json\/wp\/v2\/media?parent=71"}],"curies":[{"name":"wp","href":"https:\/\/api.w.org\/{rel}","templated":true}]}}