{"id":6713,"date":"2017-05-20T22:26:05","date_gmt":"2017-05-20T22:26:05","guid":{"rendered":"https:\/\/www.moroccodemia.com\/fr\/?page_id=6713"},"modified":"2022-01-27T14:58:54","modified_gmt":"2022-01-27T13:58:54","slug":"la-societe-civile-au-maroc","status":"publish","type":"page","link":"https:\/\/www.moroccodemia.com\/fr\/la-societe-civile-au-maroc\/","title":{"rendered":"La Soci\u00e9t\u00e9 Civile au Maroc"},"content":{"rendered":"<div class=\"rTable\">\n<div class=\"rTableBody\">\n<div class=\"rTableRow\">\n<div class=\"rTableHead\">\n<hr dir=\"ltr\">\n<h1 class=\"h1pagetitle\">La Soci\u00e9t\u00e9 Civile au Maroc<\/h1>\n<div class=\"dropdown1\"><span><button class=\"dropbtn1\"><\/button><br class=\"blank\"><span class=\"dropdown1-content\"><a href=\"https:\/\/www.moroccodemia.com\/ar\/%D8%A7%D9%84%D9%85%D8%AC%D8%AA%D9%85%D8%B9-%D8%A7%D9%84%D9%85%D8%AF%D9%86%D9%8A-%D9%81%D9%8A-%D8%A7%D9%84%D9%85%D8%BA%D8%B1%D8%A8\/\">Parcourir en arabe<\/a><a href=\"https:\/\/www.moroccodemia.com\/en\/the-civil-society-in-morocco\/\">Parcourir en anglais<\/a><\/span><\/span><\/div>\n<hr dir=\"ltr\">\n<div class=\"banner\"><img loading=\"lazy\" decoding=\"async\" class=\"banner-image\" src=\"https:\/\/www.moroccodemia.com\/fr\/media\/2019\/01\/IconBlackCivics.png\" style=\"vertical-align: middle;\" alt=\"Icon: Civil Society\" title=\"La Soci\u00e9t\u00e9 Civile au Maroc\" width=\"80\" height=\"80\"><\/div>\n<div class=\"MenuFirstClickPage\"><\/div>\n<div class=\"MFCP-container\">\n<div class=\"row\">\n<div class=\"col-xs-10 col-xs-offset-1 summary\">\n<div class=\"col-md-6\">\n<p><span class=\"MFCP-title\"><\/span><\/p>\n<h2><span style=\"font-size: 14pt;\"><a href=\"https:\/\/www.moroccodemia.com\/fr\/education-civique\/\">Education Civique<\/a><img decoding=\"async\" class=\"MFCP-Title-icon\" src=\"https:\/\/www.moroccodemia.com\/fr\/media\/2020\/06\/IconOrangeCivicEd.30x30.png\"><\/span><\/h2>\n<p class=\"teaser-text\"><span style=\"font-size: 10pt;\">Moroccodemia est un site multilingue d\u00e9di\u00e9 \u00e0 la collecte, diss\u00e9mination et archivage de l\u2019information sur l\u2019enseignement sup\u00e9rieur au Maroc.&nbsp; Notre Objectif: Consolider les liens entre les \u00e9tablissements de l\u2019Enseignement Sup\u00e9rieur, les \u00e9tudiants, les enseignants-chercheurs, les employeurs et la soci\u00e9t\u00e9 civile \u00e0 l\u2019\u00e9chelle nationale et internationale .&nbsp; Notre Vision: Pour un enseignement sup\u00e9rieur attrayant, moderne et ouvert sur son environnement.&nbsp; Notre devise: L\u2019information tout simplement.&nbsp; <\/span><span style=\"font-size: 10pt;\">[&#8230;]<\/span><\/p>\n<\/div>\n<div class=\"col-md-6 thumbnail\"><a href=\"https:\/\/www.moroccodemia.com\/fr\/education-civique\/\"><img decoding=\"async\" src=\"https:\/\/www.moroccodemia.com\/fr\/media\/2020\/06\/FeaturedMFCPARCivicsPlaceholder.png\" title=\"Education Civique\" alt=\"Icon: Speech\" class=\"img-responsive aligncenter\"><\/a><\/div>\n<\/div>\n<\/div>\n<\/div>\n<div class=\"MenuFirstClickPage\"><\/div>\n<div class=\"MFCP-container\">\n<div class=\"row\">\n<div class=\"col-xs-10 col-xs-offset-1 summary\">\n<div class=\"col-md-6\">\n<p><span class=\"MFCP-title\"><\/span><\/p>\n<h2><span style=\"font-size: 14pt;\"><a href=\"https:\/\/www.moroccodemia.com\/fr\/associations-civiques-au-maroc\/\">Associations civiques<\/a><img decoding=\"async\" class=\"MFCP-Title-icon\" src=\"https:\/\/www.moroccodemia.com\/fr\/media\/2020\/06\/IconOrangeCircle30x30.png\"><\/span><\/h2>\n<p class=\"teaser-text\"><span style=\"font-size: 10pt;\">Moroccodemia est un site multilingue d\u00e9di\u00e9 \u00e0 la collecte, diss\u00e9mination et archivage de l\u2019information sur l\u2019enseignement sup\u00e9rieur au Maroc.&nbsp; Notre Objectif: Consolider les liens entre les \u00e9tablissements de l\u2019Enseignement Sup\u00e9rieur, les \u00e9tudiants, les enseignants-chercheurs, les employeurs et la soci\u00e9t\u00e9 civile \u00e0 l\u2019\u00e9chelle nationale et internationale .&nbsp; Notre Vision: Pour un enseignement sup\u00e9rieur attrayant, moderne et ouvert sur son environnement.&nbsp; Notre devise: L\u2019information tout simplement.&nbsp; <\/span><span style=\"font-size: 10pt;\">[&#8230;]<\/span><\/p>\n<\/div>\n<div class=\"col-md-6 thumbnail\"><a href=\"https:\/\/www.moroccodemia.com\/fr\/associations-civiques-au-maroc\/\"><img decoding=\"async\" src=\"https:\/\/www.moroccodemia.com\/fr\/media\/2020\/06\/FeaturedMFCPARCivicsPlaceholder.png\" title=\"Associations civiques\" alt=\"Icon: Circle\" class=\"img-responsive aligncenter\"><\/a><\/div>\n<\/div>\n<\/div>\n<\/div>\n<div class=\"MenuFirstClickPage\"><\/div>\n<div class=\"MFCP-container\">\n<div class=\"row\">\n<div class=\"col-xs-10 col-xs-offset-1 summary\">\n<div class=\"col-md-6\">\n<p><span class=\"MFCP-title\"><\/span><\/p>\n<h2><span style=\"font-size: 14pt;\"><a href=\"https:\/\/www.moroccodemia.com\/fr\/evenements-culturels-au-maroc\/\">Ev\u00e9nements culturels au Maroc<\/a><img decoding=\"async\" class=\"MFCP-Title-icon\" src=\"https:\/\/www.moroccodemia.com\/fr\/media\/2019\/08\/IconOrangeEvents_30x30.png\"><\/span><\/h2>\n<p class=\"teaser-text\"><span style=\"font-size: 10pt;\">Moroccodemia est un site multilingue d\u00e9di\u00e9 \u00e0 la collecte, diss\u00e9mination et archivage de l\u2019information sur l\u2019enseignement sup\u00e9rieur au Maroc.&nbsp; Notre Objectif: Consolider les liens entre les \u00e9tablissements de l\u2019Enseignement Sup\u00e9rieur, les \u00e9tudiants, les enseignants-chercheurs, les employeurs et la soci\u00e9t\u00e9 civile \u00e0 l\u2019\u00e9chelle nationale et internationale .&nbsp; Notre Vision: Pour un enseignement sup\u00e9rieur attrayant, moderne et ouvert sur son environnement.&nbsp; Notre devise: L\u2019information tout simplement.&nbsp; <\/span><span style=\"font-size: 10pt;\">[&#8230;]<\/span><\/p>\n<\/div>\n<div class=\"col-md-6 thumbnail\"><a href=\"https:\/\/www.moroccodemia.com\/fr\/evenements-culturels-au-maroc\/\"><img decoding=\"async\" src=\"https:\/\/www.moroccodemia.com\/fr\/media\/2020\/06\/FeaturedMFCPARCivicsPlaceholder.png\" title=\"Ev\u00e9nements culturels au Maroc\" alt=\"Icon: Events\" class=\"img-responsive aligncenter\"><\/a><\/div>\n<\/div>\n<\/div>\n<\/div>\n<hr dir=\"ltr\">\n<h2 style=\"text-align: center;\" dir=\"ltr\"><span style=\"font-size: 14pt; font-family: verdana, geneva, sans-serif; color: #000000;\"><strong>La Soci\u00e9t\u00e9 Civile<span style=\"font-size: 10pt;\"> au Maroc<\/span><\/strong><span style=\"font-size: 10pt;\">\/<\/span><\/span><\/h2>\n<hr>\n<\/div>\n<\/div>\n<\/div>\n<\/div>\n","protected":false},"excerpt":{"rendered":"<p>La Soci\u00e9t\u00e9 Civile au Maroc Parcourir en arabeParcourir en anglais Education Civique Moroccodemia est un site multilingue d\u00e9di\u00e9 \u00e0 la collecte, diss\u00e9mination et archivage de l\u2019information sur l\u2019enseignement sup\u00e9rieur au Maroc.&nbsp; Notre Objectif: Consolider les liens entre les \u00e9tablissements de l\u2019Enseignement Sup\u00e9rieur, les \u00e9tudiants, les enseignants-chercheurs, les employeurs et la soci\u00e9t\u00e9 civile \u00e0 l\u2019\u00e9chelle nationale [&hellip;]<\/p>\n","protected":false},"author":1,"featured_media":0,"parent":0,"menu_order":0,"comment_status":"closed","ping_status":"closed","template":"","meta":{"footnotes":""},"class_list":["post-6713","page","type-page","status-publish","hentry"],"yoast_head":"<!-- This site is optimized with the Yoast SEO plugin v27.4 - https:\/\/yoast.com\/product\/yoast-seo-wordpress\/ -->\n<title>La Soci\u00e9t\u00e9 Civile au Maroc | moroccodemia francais<\/title>\n<meta name=\"robots\" content=\"index, follow, max-snippet:-1, max-image-preview:large, max-video-preview:-1\" \/>\n<link rel=\"canonical\" href=\"https:\/\/www.moroccodemia.com\/fr\/la-societe-civile-au-maroc\/\" \/>\n<meta property=\"og:locale\" content=\"fr_FR\" \/>\n<meta property=\"og:type\" content=\"article\" \/>\n<meta property=\"og:title\" content=\"La Soci\u00e9t\u00e9 Civile au Maroc | moroccodemia francais\" \/>\n<meta property=\"og:description\" content=\"La Soci\u00e9t\u00e9 Civile au Maroc Parcourir en arabeParcourir en anglais Education Civique Moroccodemia est un site multilingue d\u00e9di\u00e9 \u00e0 la collecte, diss\u00e9mination et archivage de l\u2019information sur l\u2019enseignement sup\u00e9rieur au Maroc.&nbsp; Notre Objectif: Consolider les liens entre les \u00e9tablissements de l\u2019Enseignement Sup\u00e9rieur, les \u00e9tudiants, les enseignants-chercheurs, les employeurs et la soci\u00e9t\u00e9 civile \u00e0 l\u2019\u00e9chelle nationale [&hellip;]\" \/>\n<meta property=\"og:url\" content=\"https:\/\/www.moroccodemia.com\/fr\/la-societe-civile-au-maroc\/\" \/>\n<meta property=\"og:site_name\" content=\"morocco academia french\" \/>\n<meta property=\"article:publisher\" content=\"https:\/\/www.facebook.com\/Morocco-academia-239938123438369\/\" \/>\n<meta property=\"article:modified_time\" content=\"2022-01-27T13:58:54+00:00\" \/>\n<meta property=\"og:image\" content=\"https:\/\/www.moroccodemia.com\/fr\/media\/2019\/01\/IconBlackCivics.png\" \/>\n<meta name=\"twitter:card\" content=\"summary_large_image\" \/>\n<meta name=\"twitter:site\" content=\"@moroccodemia\" \/>\n<meta name=\"twitter:label1\" content=\"Dur\u00e9e de lecture estim\u00e9e\" \/>\n\t<meta name=\"twitter:data1\" content=\"4 minutes\" \/>\n<script type=\"application\/ld+json\" class=\"yoast-schema-graph\">{\"@context\":\"https:\\\/\\\/schema.org\",\"@graph\":[{\"@type\":\"WebPage\",\"@id\":\"https:\\\/\\\/www.moroccodemia.com\\\/fr\\\/la-societe-civile-au-maroc\\\/\",\"url\":\"https:\\\/\\\/www.moroccodemia.com\\\/fr\\\/la-societe-civile-au-maroc\\\/\",\"name\":\"La Soci\u00e9t\u00e9 Civile au Maroc | moroccodemia francais\",\"isPartOf\":{\"@id\":\"https:\\\/\\\/www.moroccodemia.com\\\/fr\\\/#website\"},\"primaryImageOfPage\":{\"@id\":\"https:\\\/\\\/www.moroccodemia.com\\\/fr\\\/la-societe-civile-au-maroc\\\/#primaryimage\"},\"image\":{\"@id\":\"https:\\\/\\\/www.moroccodemia.com\\\/fr\\\/la-societe-civile-au-maroc\\\/#primaryimage\"},\"thumbnailUrl\":\"https:\\\/\\\/www.moroccodemia.com\\\/fr\\\/media\\\/2019\\\/01\\\/IconBlackCivics.png\",\"datePublished\":\"2017-05-20T22:26:05+00:00\",\"dateModified\":\"2022-01-27T13:58:54+00:00\",\"breadcrumb\":{\"@id\":\"https:\\\/\\\/www.moroccodemia.com\\\/fr\\\/la-societe-civile-au-maroc\\\/#breadcrumb\"},\"inLanguage\":\"fr-FR\",\"potentialAction\":[{\"@type\":\"ReadAction\",\"target\":[\"https:\\\/\\\/www.moroccodemia.com\\\/fr\\\/la-societe-civile-au-maroc\\\/\"]}]},{\"@type\":\"ImageObject\",\"inLanguage\":\"fr-FR\",\"@id\":\"https:\\\/\\\/www.moroccodemia.com\\\/fr\\\/la-societe-civile-au-maroc\\\/#primaryimage\",\"url\":\"https:\\\/\\\/www.moroccodemia.com\\\/fr\\\/media\\\/2019\\\/01\\\/IconBlackCivics.png\",\"contentUrl\":\"https:\\\/\\\/www.moroccodemia.com\\\/fr\\\/media\\\/2019\\\/01\\\/IconBlackCivics.png\",\"width\":100,\"height\":100},{\"@type\":\"BreadcrumbList\",\"@id\":\"https:\\\/\\\/www.moroccodemia.com\\\/fr\\\/la-societe-civile-au-maroc\\\/#breadcrumb\",\"itemListElement\":[{\"@type\":\"ListItem\",\"position\":1,\"name\":\"Accueil\",\"item\":\"https:\\\/\\\/www.moroccodemia.com\\\/fr\\\/\"},{\"@type\":\"ListItem\",\"position\":2,\"name\":\"La Soci\u00e9t\u00e9 Civile au Maroc\"}]},{\"@type\":\"WebSite\",\"@id\":\"https:\\\/\\\/www.moroccodemia.com\\\/fr\\\/#website\",\"url\":\"https:\\\/\\\/www.moroccodemia.com\\\/fr\\\/\",\"name\":\"morocco academia french\",\"description\":\"L'information, tout simplement\",\"potentialAction\":[{\"@type\":\"SearchAction\",\"target\":{\"@type\":\"EntryPoint\",\"urlTemplate\":\"https:\\\/\\\/www.moroccodemia.com\\\/fr\\\/?s={search_term_string}\"},\"query-input\":{\"@type\":\"PropertyValueSpecification\",\"valueRequired\":true,\"valueName\":\"search_term_string\"}}],\"inLanguage\":\"fr-FR\"}]}<\/script>\n<!-- \/ Yoast SEO plugin. -->","yoast_head_json":{"title":"La Soci\u00e9t\u00e9 Civile au Maroc | moroccodemia francais","robots":{"index":"index","follow":"follow","max-snippet":"max-snippet:-1","max-image-preview":"max-image-preview:large","max-video-preview":"max-video-preview:-1"},"canonical":"https:\/\/www.moroccodemia.com\/fr\/la-societe-civile-au-maroc\/","og_locale":"fr_FR","og_type":"article","og_title":"La Soci\u00e9t\u00e9 Civile au Maroc | moroccodemia francais","og_description":"La Soci\u00e9t\u00e9 Civile au Maroc Parcourir en arabeParcourir en anglais Education Civique Moroccodemia est un site multilingue d\u00e9di\u00e9 \u00e0 la collecte, diss\u00e9mination et archivage de l\u2019information sur l\u2019enseignement sup\u00e9rieur au Maroc.&nbsp; Notre Objectif: Consolider les liens entre les \u00e9tablissements de l\u2019Enseignement Sup\u00e9rieur, les \u00e9tudiants, les enseignants-chercheurs, les employeurs et la soci\u00e9t\u00e9 civile \u00e0 l\u2019\u00e9chelle nationale [&hellip;]","og_url":"https:\/\/www.moroccodemia.com\/fr\/la-societe-civile-au-maroc\/","og_site_name":"morocco academia french","article_publisher":"https:\/\/www.facebook.com\/Morocco-academia-239938123438369\/","article_modified_time":"2022-01-27T13:58:54+00:00","og_image":[{"url":"https:\/\/www.moroccodemia.com\/fr\/media\/2019\/01\/IconBlackCivics.png","type":"","width":"","height":""}],"twitter_card":"summary_large_image","twitter_site":"@moroccodemia","twitter_misc":{"Dur\u00e9e de lecture estim\u00e9e":"4 minutes"},"schema":{"@context":"https:\/\/schema.org","@graph":[{"@type":"WebPage","@id":"https:\/\/www.moroccodemia.com\/fr\/la-societe-civile-au-maroc\/","url":"https:\/\/www.moroccodemia.com\/fr\/la-societe-civile-au-maroc\/","name":"La Soci\u00e9t\u00e9 Civile au Maroc | moroccodemia francais","isPartOf":{"@id":"https:\/\/www.moroccodemia.com\/fr\/#website"},"primaryImageOfPage":{"@id":"https:\/\/www.moroccodemia.com\/fr\/la-societe-civile-au-maroc\/#primaryimage"},"image":{"@id":"https:\/\/www.moroccodemia.com\/fr\/la-societe-civile-au-maroc\/#primaryimage"},"thumbnailUrl":"https:\/\/www.moroccodemia.com\/fr\/media\/2019\/01\/IconBlackCivics.png","datePublished":"2017-05-20T22:26:05+00:00","dateModified":"2022-01-27T13:58:54+00:00","breadcrumb":{"@id":"https:\/\/www.moroccodemia.com\/fr\/la-societe-civile-au-maroc\/#breadcrumb"},"inLanguage":"fr-FR","potentialAction":[{"@type":"ReadAction","target":["https:\/\/www.moroccodemia.com\/fr\/la-societe-civile-au-maroc\/"]}]},{"@type":"ImageObject","inLanguage":"fr-FR","@id":"https:\/\/www.moroccodemia.com\/fr\/la-societe-civile-au-maroc\/#primaryimage","url":"https:\/\/www.moroccodemia.com\/fr\/media\/2019\/01\/IconBlackCivics.png","contentUrl":"https:\/\/www.moroccodemia.com\/fr\/media\/2019\/01\/IconBlackCivics.png","width":100,"height":100},{"@type":"BreadcrumbList","@id":"https:\/\/www.moroccodemia.com\/fr\/la-societe-civile-au-maroc\/#breadcrumb","itemListElement":[{"@type":"ListItem","position":1,"name":"Accueil","item":"https:\/\/www.moroccodemia.com\/fr\/"},{"@type":"ListItem","position":2,"name":"La Soci\u00e9t\u00e9 Civile au Maroc"}]},{"@type":"WebSite","@id":"https:\/\/www.moroccodemia.com\/fr\/#website","url":"https:\/\/www.moroccodemia.com\/fr\/","name":"morocco academia french","description":"L'information, tout simplement","potentialAction":[{"@type":"SearchAction","target":{"@type":"EntryPoint","urlTemplate":"https:\/\/www.moroccodemia.com\/fr\/?s={search_term_string}"},"query-input":{"@type":"PropertyValueSpecification","valueRequired":true,"valueName":"search_term_string"}}],"inLanguage":"fr-FR"}]}},"_links":{"self":[{"href":"https:\/\/www.moroccodemia.com\/fr\/wp-json\/wp\/v2\/pages\/6713","targetHints":{"allow":["GET"]}}],"collection":[{"href":"https:\/\/www.moroccodemia.com\/fr\/wp-json\/wp\/v2\/pages"}],"about":[{"href":"https:\/\/www.moroccodemia.com\/fr\/wp-json\/wp\/v2\/types\/page"}],"author":[{"embeddable":true,"href":"https:\/\/www.moroccodemia.com\/fr\/wp-json\/wp\/v2\/users\/1"}],"replies":[{"embeddable":true,"href":"https:\/\/www.moroccodemia.com\/fr\/wp-json\/wp\/v2\/comments?post=6713"}],"version-history":[{"count":3,"href":"https:\/\/www.moroccodemia.com\/fr\/wp-json\/wp\/v2\/pages\/6713\/revisions"}],"predecessor-version":[{"id":15976,"href":"https:\/\/www.moroccodemia.com\/fr\/wp-json\/wp\/v2\/pages\/6713\/revisions\/15976"}],"wp:attachment":[{"href":"https:\/\/www.moroccodemia.com\/fr\/wp-json\/wp\/v2\/media?parent=6713"}],"curies":[{"name":"wp","href":"https:\/\/api.w.org\/{rel}","templated":true}]}}