{"id":6679,"date":"2017-05-20T13:06:39","date_gmt":"2017-05-20T13:06:39","guid":{"rendered":"https:\/\/www.moroccodemia.com\/fr\/?page_id=6679"},"modified":"2022-01-27T14:52:23","modified_gmt":"2022-01-27T13:52:23","slug":"recherche-scientifique-au-maroc","status":"publish","type":"page","link":"https:\/\/www.moroccodemia.com\/fr\/recherche-scientifique-au-maroc\/","title":{"rendered":"Recherche Scientifique au Maroc"},"content":{"rendered":"<div class=\"rTable\">\n<div class=\"rTableBody\">\n<div class=\"rTableRow\">\n<div class=\"rTableHead\">\n<hr>\n<h1 class=\"h1pagetitle\">Recherche Scientifique&nbsp;au Maroc<\/h1>\n<div class=\"dropdown1\"><span><button class=\"dropbtn1\"><\/button><br class=\"blank \/\"><span class=\"dropdown1-content\"><a href=\"https:\/\/www.moroccodemia.com\/ar\/%D8%A7%D9%84%D8%A8%D8%AD%D8%AB-%D8%A7%D9%84%D8%B9%D9%84%D9%85%D9%8A-%D9%81%D9%8A-%D8%A7%D9%84%D9%85%D8%BA%D8%B1%D8%A8\/\">Parcourir en arabe<\/a><a href=\"https:\/\/www.moroccodemia.com\/en\/scientific-research-in-morocco\">Parcourir en anglais<\/a><\/span><\/span><\/div>\n<hr>\n<div class=\"banner\"><img loading=\"lazy\" decoding=\"async\" class=\"banner-image\" src=\"https:\/\/www.moroccodemia.com\/fr\/media\/2019\/01\/IconBlackResearch.png\" style=\"vertical-align: middle;\" alt=\"Recherche Scientifique au Maroc\" title=\"Recherche Scientifique au Maroc\" width=\"80\" height=\"80\"><\/div>\n<div class=\"MenuFirstClickPage\"><\/div>\n<div class=\"MFCP-container\">\n<div class=\"row\">\n<div class=\"col-xs-10 col-xs-offset-1 summary\">\n<div class=\"col-md-6\">\n<p><span class=\"MFCP-title\"><\/span><\/p>\n<h2><span style=\"font-size: 14pt;\"><a href=\"https:\/\/www.moroccodemia.com\/fr\/bibliotheque-pour-etudes-et-recherche-au-maroc\/\">Biblioth\u00e8que<\/a><img decoding=\"async\" class=\"MFCP-Title-icon\" src=\"https:\/\/www.moroccodemia.com\/fr\/media\/2020\/06\/IconOrangeLibraryDigital30x30.png\"><\/span><\/h2>\n<p class=\"teaser-text\"><span style=\"font-size: 10pt;\">Moroccodemia est un site multilingue d\u00e9di\u00e9 \u00e0 la collecte, diss\u00e9mination et archivage de l\u2019information sur l\u2019enseignement sup\u00e9rieur au Maroc.&nbsp; Notre Objectif: Consolider les liens entre les \u00e9tablissements de l\u2019Enseignement Sup\u00e9rieur, les \u00e9tudiants, les enseignants-chercheurs, les employeurs et la soci\u00e9t\u00e9 civile \u00e0 l\u2019\u00e9chelle nationale et internationale .&nbsp; Notre Vision: Pour un enseignement sup\u00e9rieur attrayant, moderne et ouvert sur son environnement.&nbsp; Notre devise: L\u2019information tout simplement.&nbsp;&nbsp;[\u2026]<\/span><\/p>\n<\/div>\n<div class=\"col-md-6 thumbnail\"><a href=\"https:\/\/www.moroccodemia.com\/fr\/bibliotheque-pour-etudes-et-recherche-au-maroc\/\"><img decoding=\"async\" src=\"https:\/\/www.moroccodemia.com\/fr\/media\/2020\/06\/FeaturedMFCPFRResearchLibraryBNF.png\" title=\"Biblioth\u00e8que\" alt=\"Carte du Maroc\" class=\"img-responsive aligncenter\"><\/a><\/div>\n<\/div>\n<\/div>\n<\/div>\n<div class=\"MenuFirstClickPage\"><\/div>\n<div class=\"MFCP-container\">\n<div class=\"row\">\n<div class=\"col-xs-10 col-xs-offset-1 summary\">\n<div class=\"col-md-6\">\n<p><span class=\"MFCP-title\"><\/span><\/p>\n<h2><span style=\"font-size: 14pt;\"><a href=\"https:\/\/www.moroccodemia.com\/fr\/centres-de-recherche-scientifique\/\">Centres de Recherche Scientifique<\/a><img decoding=\"async\" class=\"MFCP-Title-icon\" src=\"https:\/\/www.moroccodemia.com\/fr\/media\/2020\/06\/IconOrangeMicroscope30x30.png\"><\/span><\/h2>\n<p class=\"teaser-text\"><span style=\"font-size: 10pt;\">Moroccodemia est un site multilingue d\u00e9di\u00e9 \u00e0 la collecte, diss\u00e9mination et archivage de l\u2019information sur l\u2019enseignement sup\u00e9rieur au Maroc.&nbsp; Notre Objectif: Consolider les liens entre les \u00e9tablissements de l\u2019Enseignement Sup\u00e9rieur, les \u00e9tudiants, les enseignants-chercheurs, les employeurs et la soci\u00e9t\u00e9 civile \u00e0 l\u2019\u00e9chelle nationale et internationale .&nbsp; Notre Vision: Pour un enseignement sup\u00e9rieur attrayant, moderne et ouvert sur son environnement.&nbsp; Notre devise: L\u2019information tout simplement.&nbsp;&nbsp;[\u2026]<\/span><\/p>\n<\/div>\n<div class=\"col-md-6 thumbnail\"><a href=\"https:\/\/www.moroccodemia.com\/fr\/centres-de-recherche-scientifique\/\"><img decoding=\"async\" src=\"https:\/\/www.moroccodemia.com\/fr\/media\/2020\/06\/FeaturedMFCPFRResearchResearch-centerEconomia.png\" title=\"Centres de Recherche Scientifique\" alt=\"Carte du Maroc\" class=\"img-responsive aligncenter\"><\/a><\/div>\n<\/div>\n<\/div>\n<\/div>\n<div class=\"MenuFirstClickPage\"><\/div>\n<div class=\"MFCP-container\">\n<div class=\"row\">\n<div class=\"col-xs-10 col-xs-offset-1 summary\">\n<div class=\"col-md-6\">\n<p><span class=\"MFCP-title\"><\/span><\/p>\n<h2><span style=\"font-size: 14pt;\"><a href=\"https:\/\/www.moroccodemia.com\/fr\/revues-scientifiques-au-maroc\/\">Revues Scientifiques<\/a><img decoding=\"async\" class=\"MFCP-Title-icon\" src=\"https:\/\/www.moroccodemia.com\/fr\/media\/2020\/06\/IconOrangeJournal30x30.png\"><\/span><\/h2>\n<p class=\"teaser-text\"><span style=\"font-size: 10pt;\">Moroccodemia est un site multilingue d\u00e9di\u00e9 \u00e0 la collecte, diss\u00e9mination et archivage de l\u2019information sur l\u2019enseignement sup\u00e9rieur au Maroc.&nbsp; Notre Objectif: Consolider les liens entre les \u00e9tablissements de l\u2019Enseignement Sup\u00e9rieur, les \u00e9tudiants, les enseignants-chercheurs, les employeurs et la soci\u00e9t\u00e9 civile \u00e0 l\u2019\u00e9chelle nationale et internationale .&nbsp; Notre Vision: Pour un enseignement sup\u00e9rieur attrayant, moderne et ouvert sur son environnement.&nbsp; Notre devise: L\u2019information tout simplement.&nbsp;&nbsp;[\u2026]<\/span><\/p>\n<\/div>\n<div class=\"col-md-6 thumbnail\"><a href=\"https:\/\/www.moroccodemia.com\/fr\/revues-scientifiques-au-maroc\/\"><img decoding=\"async\" src=\"https:\/\/www.moroccodemia.com\/fr\/media\/2020\/06\/FeaturedMFCPFRResearch-JournalJMCH.png\" title=\"Revues\" alt=\"Carte du Maroc\" class=\"img-responsive aligncenter\"><\/a><\/div>\n<\/div>\n<\/div>\n<\/div>\n<div class=\"MenuFirstClickPage\"><\/div>\n<div class=\"MFCP-container\">\n<div class=\"row\">\n<div class=\"col-xs-10 col-xs-offset-1 summary\">\n<div class=\"col-md-6\">\n<p><span class=\"MFCP-title\"><\/span><\/p>\n<h2><span style=\"font-size: 14pt;\"><a href=\"https:\/\/www.moroccodemia.com\/fr\/centres-de-conferences-au-maroc\/\">Palais des Congr\u00e8s<\/a><img decoding=\"async\" class=\"MFCP-Title-icon\" src=\"https:\/\/www.moroccodemia.com\/fr\/media\/2020\/06\/IconOrangeConf-Center30x30.png\"><\/span><\/h2>\n<p class=\"teaser-text\"><span style=\"font-size: 10pt;\">Moroccodemia est un site multilingue d\u00e9di\u00e9 \u00e0 la collecte, diss\u00e9mination et archivage de l\u2019information sur l\u2019enseignement sup\u00e9rieur au Maroc.&nbsp; Notre Objectif: Consolider les liens entre les \u00e9tablissements de l\u2019Enseignement Sup\u00e9rieur, les \u00e9tudiants, les enseignants-chercheurs, les employeurs et la soci\u00e9t\u00e9 civile \u00e0 l\u2019\u00e9chelle nationale et internationale .&nbsp; Notre Vision: Pour un enseignement sup\u00e9rieur attrayant, moderne et ouvert sur son environnement.&nbsp; Notre devise: L\u2019information tout simplement.&nbsp;&nbsp;[\u2026]<\/span><\/p>\n<\/div>\n<div class=\"col-md-6 thumbnail\"><a href=\"https:\/\/www.moroccodemia.com\/fr\/centres-de-conferences-au-maroc\/\"><img decoding=\"async\" src=\"https:\/\/www.moroccodemia.com\/fr\/media\/2020\/06\/FeaturedMFCPFRResearch-Conference-CenterMohammed-VI-Foundation-CenterRabat.png\" title=\"Palais des Congr\u00e8s\" alt=\"Carte du Maroc\" class=\"img-responsive aligncenter\"><\/a><\/div>\n<\/div>\n<\/div>\n<\/div>\n<div class=\"MenuFirstClickPage\"><\/div>\n<div class=\"MFCP-container\">\n<div class=\"row\">\n<div class=\"col-xs-10 col-xs-offset-1 summary\">\n<div class=\"col-md-6\">\n<p><span class=\"MFCP-title\"><\/span><\/p>\n<h2><span style=\"font-size: 14pt;\"><a href=\"https:\/\/www.moroccodemia.com\/fr\/evenements-scientifiques-au-maroc\">Ev\u00e9nements Scientifiques<\/a><img decoding=\"async\" class=\"MFCP-Title-icon\" src=\"https:\/\/www.moroccodemia.com\/fr\/media\/2020\/06\/IconOrangeEvents30x30.png\"><\/span><\/h2>\n<p class=\"teaser-text\"><span style=\"font-size: 10pt;\">Moroccodemia est un site multilingue d\u00e9di\u00e9 \u00e0 la collecte, diss\u00e9mination et archivage de l\u2019information sur l\u2019enseignement sup\u00e9rieur au Maroc.&nbsp; Notre Objectif: Consolider les liens entre les \u00e9tablissements de l\u2019Enseignement Sup\u00e9rieur, les \u00e9tudiants, les enseignants-chercheurs, les employeurs et la soci\u00e9t\u00e9 civile \u00e0 l\u2019\u00e9chelle nationale et internationale .&nbsp; Notre Vision: Pour un enseignement sup\u00e9rieur attrayant, moderne et ouvert sur son environnement.&nbsp; Notre devise: L\u2019information tout simplement.&nbsp;&nbsp;[\u2026]<\/span><\/p>\n<\/div>\n<div class=\"col-md-6 thumbnail\"><a href=\"https:\/\/www.moroccodemia.com\/fr\/evenements-scientifiques-au-maroc\"><img decoding=\"async\" src=\"https:\/\/www.moroccodemia.com\/fr\/media\/2020\/06\/FeaturedMFCPFRResearchScientific-EventsSample.png\" title=\"Ev\u00e9nements\" alt=\"Carte du Maroc\" class=\"img-responsive aligncenter\"><\/a><\/div>\n<\/div>\n<\/div>\n<\/div>\n<div class=\"MenuFirstClickPage\"><\/div>\n<div class=\"MFCP-container\">\n<div class=\"row\">\n<div class=\"col-xs-10 col-xs-offset-1 summary\">\n<div class=\"col-md-6\">\n<p><span class=\"MFCP-title\"><\/span><\/p>\n<h2><span style=\"font-size: 14pt;\"><a href=\"https:\/\/www.moroccodemia.com\/fr\/appel-a-contribution\/\">Appel \u00e0 contribution<\/a><img decoding=\"async\" class=\"MFCP-Title-icon\" src=\"https:\/\/www.moroccodemia.com\/fr\/media\/2020\/06\/IconOrangeCall4Papers30x30.png\"><\/span><\/h2>\n<p class=\"teaser-text\"><span style=\"font-size: 10pt;\">Moroccodemia est un site multilingue d\u00e9di\u00e9 \u00e0 la collecte, diss\u00e9mination et archivage de l\u2019information sur l\u2019enseignement sup\u00e9rieur au Maroc.&nbsp; Notre Objectif: Consolider les liens entre les \u00e9tablissements de l\u2019Enseignement Sup\u00e9rieur, les \u00e9tudiants, les enseignants-chercheurs, les employeurs et la soci\u00e9t\u00e9 civile \u00e0 l\u2019\u00e9chelle nationale et internationale .&nbsp; Notre Vision: Pour un enseignement sup\u00e9rieur attrayant, moderne et ouvert sur son environnement.&nbsp; Notre devise: L\u2019information tout simplement.&nbsp;&nbsp;[\u2026]<\/span><\/p>\n<\/div>\n<div class=\"col-md-6 thumbnail\"><a href=\"https:\/\/www.moroccodemia.com\/fr\/appel-a-contribution\/\"><img decoding=\"async\" src=\"https:\/\/www.moroccodemia.com\/fr\/media\/2020\/06\/FeaturedMFCPFRResearchCall4PapersSample.png\" title=\"Appel \u00e0 contribution\" alt=\"Carte du Maroc\" class=\"img-responsive aligncenter\"><\/a><\/div>\n<\/div>\n<\/div>\n<\/div>\n<div class=\"MenuFirstClickPage\"><\/div>\n<div class=\"MFCP-container\">\n<div class=\"row\">\n<div class=\"col-xs-10 col-xs-offset-1 summary\">\n<div class=\"col-md-6\">\n<p><span class=\"MFCP-title\"><\/span><\/p>\n<h2><span style=\"font-size: 14pt;\"><a href=\"https:\/\/www.moroccodemia.com\/fr\/prix-concours-et-subventions\/\">Prix, concours, subventions<\/a><img decoding=\"async\" class=\"MFCP-Title-icon\" src=\"https:\/\/www.moroccodemia.com\/fr\/media\/2020\/06\/IconOrangeAward30x30-1.png\"><\/span><\/h2>\n<p class=\"teaser-text\"><span style=\"font-size: 10pt;\">Moroccodemia est un site multilingue d\u00e9di\u00e9 \u00e0 la collecte, diss\u00e9mination et archivage de l\u2019information sur l\u2019enseignement sup\u00e9rieur au Maroc.&nbsp; Notre Objectif: Consolider les liens entre les \u00e9tablissements de l\u2019Enseignement Sup\u00e9rieur, les \u00e9tudiants, les enseignants-chercheurs, les employeurs et la soci\u00e9t\u00e9 civile \u00e0 l\u2019\u00e9chelle nationale et internationale .&nbsp; Notre Vision: Pour un enseignement sup\u00e9rieur attrayant, moderne et ouvert sur son environnement.&nbsp; Notre devise: L\u2019information tout simplement.&nbsp;&nbsp;[\u2026]<\/span><\/p>\n<\/div>\n<div class=\"col-md-6 thumbnail\"><a href=\"https:\/\/www.moroccodemia.com\/fr\/prix-concours-et-subventions\/\"><img decoding=\"async\" src=\"https:\/\/www.moroccodemia.com\/fr\/media\/2020\/06\/FeaturedMFCPFRResearchAwardsEnactus.png\" title=\"Prix, concours, subventions\" alt=\"Carte du Maroc\" class=\"img-responsive aligncenter\"><\/a><\/div>\n<\/div>\n<\/div>\n<\/div>\n<div class=\"MenuFirstClickPage\"><\/div>\n<div class=\"MFCP-container\">\n<div class=\"row\">\n<div class=\"col-xs-10 col-xs-offset-1 summary\">\n<div class=\"col-md-6\">\n<p><span class=\"MFCP-title\"><\/span><\/p>\n<h2><span style=\"font-size: 14pt;\"><a href=\"https:\/\/www.moroccodemia.com\/fr\/royaume-du-maroc\/\">Inventeurs marocains<\/a><img decoding=\"async\" class=\"MFCP-Title-icon\" src=\"https:\/\/www.moroccodemia.com\/fr\/media\/2020\/06\/IconOrangeInventor30x30.png\"><\/span><\/h2>\n<p class=\"teaser-text\"><span style=\"font-size: 10pt;\">Moroccodemia est un site multilingue d\u00e9di\u00e9 \u00e0 la collecte, diss\u00e9mination et archivage de l\u2019information sur l\u2019enseignement sup\u00e9rieur au Maroc.&nbsp; Notre Objectif: Consolider les liens entre les \u00e9tablissements de l\u2019Enseignement Sup\u00e9rieur, les \u00e9tudiants, les enseignants-chercheurs, les employeurs et la soci\u00e9t\u00e9 civile \u00e0 l\u2019\u00e9chelle nationale et internationale .&nbsp; Notre Vision: Pour un enseignement sup\u00e9rieur attrayant, moderne et ouvert sur son environnement.&nbsp; Notre devise: L\u2019information tout simplement.&nbsp;&nbsp;[\u2026]<\/span><\/p>\n<\/div>\n<div class=\"col-md-6 thumbnail\"><a href=\"https:\/\/www.moroccodemia.com\/fr\/royaume-du-maroc\/\"><img decoding=\"async\" src=\"https:\/\/www.moroccodemia.com\/fr\/media\/2020\/06\/FeaturedMFCPFRResearchInventorLaila-Sidqi.png\" title=\"Inventeurs marocains\" alt=\"Carte du Maroc\" class=\"img-responsive aligncenter\"><\/a><\/div>\n<\/div>\n<\/div>\n<\/div>\n<div class=\"MenuFirstClickPage\"><\/div>\n<div class=\"MFCP-container\">\n<div class=\"row\">\n<div class=\"col-xs-10 col-xs-offset-1 summary\">\n<div class=\"col-md-6\">\n<p><span class=\"MFCP-title\"><\/span><\/p>\n<h2><span style=\"font-size: 14pt;\"><a href=\"https:\/\/www.moroccodemia.com\/fr\/maisons-dedition\/\">Maisons d\u2019Edition<\/a><img decoding=\"async\" class=\"MFCP-Title-icon\" src=\"https:\/\/www.moroccodemia.com\/fr\/media\/2020\/06\/IconOrangeHouseAR30x30.png\"><\/span><\/h2>\n<p class=\"teaser-text\"><span style=\"font-size: 10pt;\">Moroccodemia est un site multilingue d\u00e9di\u00e9 \u00e0 la collecte, diss\u00e9mination et archivage de l\u2019information sur l\u2019enseignement sup\u00e9rieur au Maroc.&nbsp; Notre Objectif: Consolider les liens entre les \u00e9tablissements de l\u2019Enseignement Sup\u00e9rieur, les \u00e9tudiants, les enseignants-chercheurs, les employeurs et la soci\u00e9t\u00e9 civile \u00e0 l\u2019\u00e9chelle nationale et internationale .&nbsp; Notre Vision: Pour un enseignement sup\u00e9rieur attrayant, moderne et ouvert sur son environnement.&nbsp; Notre devise: L\u2019information tout simplement.&nbsp;&nbsp;[\u2026]<\/span><\/p>\n<\/div>\n<div class=\"col-md-6 thumbnail\"><a href=\"https:\/\/www.moroccodemia.com\/fr\/maisons-dedition\/\"><img decoding=\"async\" src=\"https:\/\/www.moroccodemia.com\/fr\/media\/2020\/06\/FeaturedMFCPFRResearchPublishing-HouseAfriqueOrient.png\" title=\"Maisons d\u2019Edition\" alt=\"Carte du Maroc\" class=\"img-responsive aligncenter\"><\/a><\/div>\n<\/div>\n<\/div>\n<\/div>\n<div class=\"MenuFirstClickPage\"><\/div>\n<div class=\"MFCP-container\">\n<div class=\"row\">\n<div class=\"col-xs-10 col-xs-offset-1 summary\">\n<div class=\"col-md-6\">\n<p><span class=\"MFCP-title\"><\/span><\/p>\n<h2><span style=\"font-size: 14pt;\"><a href=\"https:\/\/www.moroccodemia.com\/fr\/liens-utiles-pour-etudiants-chercheurs-et-administrateurs-de-lenseignement-superieur-au-maroc\/\">Liens Utiles<\/a><img decoding=\"async\" class=\"MFCP-Title-icon\" src=\"https:\/\/www.moroccodemia.com\/fr\/media\/2020\/06\/IconOrangeLink30x30.png\"><\/span><\/h2>\n<p class=\"teaser-text\"><span style=\"font-size: 10pt;\">Moroccodemia est un site multilingue d\u00e9di\u00e9 \u00e0 la collecte, diss\u00e9mination et archivage de l\u2019information sur l\u2019enseignement sup\u00e9rieur au Maroc.&nbsp; Notre Objectif: Consolider les liens entre les \u00e9tablissements de l\u2019Enseignement Sup\u00e9rieur, les \u00e9tudiants, les enseignants-chercheurs, les employeurs et la soci\u00e9t\u00e9 civile \u00e0 l\u2019\u00e9chelle nationale et internationale .&nbsp; Notre Vision: Pour un enseignement sup\u00e9rieur attrayant, moderne et ouvert sur son environnement.&nbsp; Notre devise: L\u2019information tout simplement.&nbsp;&nbsp;[\u2026]<\/span><\/p>\n<\/div>\n<div class=\"col-md-6 thumbnail\"><a href=\"https:\/\/www.moroccodemia.com\/fr\/liens-utiles-pour-etudiants-chercheurs-et-administrateurs-de-lenseignement-superieur-au-maroc\/\"><img decoding=\"async\" src=\"https:\/\/www.moroccodemia.com\/fr\/media\/2020\/06\/FeaturedMFCPFRResearchUsefulLinksONOUSC.png\" title=\"Liens Utiles\" alt=\"Carte du Maroc\" class=\"img-responsive aligncenter\"><\/a><\/div>\n<\/div>\n<\/div>\n<\/div>\n<hr>\n<h2 style=\"text-align: center;\"><span style=\"font-size: 14pt; color: #000000;\"><strong>Recherche Scientifique<span style=\"font-size: 10pt;\">&nbsp;au Maroc\/<\/span><\/strong><\/span><\/h2>\n<hr>\n<\/div>\n<\/div>\n<\/div>\n<\/div>\n","protected":false},"excerpt":{"rendered":"<p>Recherche Scientifique&nbsp;au Maroc Parcourir en arabeParcourir en anglais Biblioth\u00e8que Moroccodemia est un site multilingue d\u00e9di\u00e9 \u00e0 la collecte, diss\u00e9mination et archivage de l\u2019information sur l\u2019enseignement sup\u00e9rieur au Maroc.&nbsp; Notre Objectif: Consolider les liens entre les \u00e9tablissements de l\u2019Enseignement Sup\u00e9rieur, les \u00e9tudiants, les enseignants-chercheurs, les employeurs et la soci\u00e9t\u00e9 civile \u00e0 l\u2019\u00e9chelle nationale et internationale .&nbsp; [&hellip;]<\/p>\n","protected":false},"author":1,"featured_media":0,"parent":0,"menu_order":0,"comment_status":"closed","ping_status":"closed","template":"","meta":{"footnotes":""},"class_list":["post-6679","page","type-page","status-publish","hentry"],"yoast_head":"<!-- This site is optimized with the Yoast SEO plugin v27.4 - https:\/\/yoast.com\/product\/yoast-seo-wordpress\/ -->\n<title>Recherche Scientifique\u00a0au Maroc | moroccodemia fran\u00e7ais<\/title>\n<meta name=\"robots\" content=\"index, follow, max-snippet:-1, max-image-preview:large, max-video-preview:-1\" \/>\n<link rel=\"canonical\" href=\"https:\/\/www.moroccodemia.com\/fr\/recherche-scientifique-au-maroc\/\" \/>\n<meta property=\"og:locale\" content=\"fr_FR\" \/>\n<meta property=\"og:type\" content=\"article\" \/>\n<meta property=\"og:title\" content=\"Recherche Scientifique\u00a0au Maroc | moroccodemia fran\u00e7ais\" \/>\n<meta property=\"og:description\" content=\"Recherche Scientifique&nbsp;au Maroc Parcourir en arabeParcourir en anglais Biblioth\u00e8que Moroccodemia est un site multilingue d\u00e9di\u00e9 \u00e0 la collecte, diss\u00e9mination et archivage de l\u2019information sur l\u2019enseignement sup\u00e9rieur au Maroc.&nbsp; Notre Objectif: Consolider les liens entre les \u00e9tablissements de l\u2019Enseignement Sup\u00e9rieur, les \u00e9tudiants, les enseignants-chercheurs, les employeurs et la soci\u00e9t\u00e9 civile \u00e0 l\u2019\u00e9chelle nationale et internationale .&nbsp; [&hellip;]\" \/>\n<meta property=\"og:url\" content=\"https:\/\/www.moroccodemia.com\/fr\/recherche-scientifique-au-maroc\/\" \/>\n<meta property=\"og:site_name\" content=\"morocco academia french\" \/>\n<meta property=\"article:publisher\" content=\"https:\/\/www.facebook.com\/Morocco-academia-239938123438369\/\" \/>\n<meta property=\"article:modified_time\" content=\"2022-01-27T13:52:23+00:00\" \/>\n<meta property=\"og:image\" content=\"https:\/\/www.moroccodemia.com\/fr\/media\/2019\/01\/IconBlackResearch.png\" \/>\n<meta name=\"twitter:card\" content=\"summary_large_image\" \/>\n<meta name=\"twitter:site\" content=\"@moroccodemia\" \/>\n<meta name=\"twitter:label1\" content=\"Dur\u00e9e de lecture estim\u00e9e\" \/>\n\t<meta name=\"twitter:data1\" content=\"8 minutes\" \/>\n<script type=\"application\/ld+json\" class=\"yoast-schema-graph\">{\"@context\":\"https:\\\/\\\/schema.org\",\"@graph\":[{\"@type\":\"WebPage\",\"@id\":\"https:\\\/\\\/www.moroccodemia.com\\\/fr\\\/recherche-scientifique-au-maroc\\\/\",\"url\":\"https:\\\/\\\/www.moroccodemia.com\\\/fr\\\/recherche-scientifique-au-maroc\\\/\",\"name\":\"Recherche Scientifique\u00a0au Maroc | moroccodemia fran\u00e7ais\",\"isPartOf\":{\"@id\":\"https:\\\/\\\/www.moroccodemia.com\\\/fr\\\/#website\"},\"primaryImageOfPage\":{\"@id\":\"https:\\\/\\\/www.moroccodemia.com\\\/fr\\\/recherche-scientifique-au-maroc\\\/#primaryimage\"},\"image\":{\"@id\":\"https:\\\/\\\/www.moroccodemia.com\\\/fr\\\/recherche-scientifique-au-maroc\\\/#primaryimage\"},\"thumbnailUrl\":\"https:\\\/\\\/www.moroccodemia.com\\\/fr\\\/media\\\/2019\\\/01\\\/IconBlackResearch.png\",\"datePublished\":\"2017-05-20T13:06:39+00:00\",\"dateModified\":\"2022-01-27T13:52:23+00:00\",\"breadcrumb\":{\"@id\":\"https:\\\/\\\/www.moroccodemia.com\\\/fr\\\/recherche-scientifique-au-maroc\\\/#breadcrumb\"},\"inLanguage\":\"fr-FR\",\"potentialAction\":[{\"@type\":\"ReadAction\",\"target\":[\"https:\\\/\\\/www.moroccodemia.com\\\/fr\\\/recherche-scientifique-au-maroc\\\/\"]}]},{\"@type\":\"ImageObject\",\"inLanguage\":\"fr-FR\",\"@id\":\"https:\\\/\\\/www.moroccodemia.com\\\/fr\\\/recherche-scientifique-au-maroc\\\/#primaryimage\",\"url\":\"https:\\\/\\\/www.moroccodemia.com\\\/fr\\\/media\\\/2019\\\/01\\\/IconBlackResearch.png\",\"contentUrl\":\"https:\\\/\\\/www.moroccodemia.com\\\/fr\\\/media\\\/2019\\\/01\\\/IconBlackResearch.png\",\"width\":100,\"height\":100},{\"@type\":\"BreadcrumbList\",\"@id\":\"https:\\\/\\\/www.moroccodemia.com\\\/fr\\\/recherche-scientifique-au-maroc\\\/#breadcrumb\",\"itemListElement\":[{\"@type\":\"ListItem\",\"position\":1,\"name\":\"Accueil\",\"item\":\"https:\\\/\\\/www.moroccodemia.com\\\/fr\\\/\"},{\"@type\":\"ListItem\",\"position\":2,\"name\":\"Recherche Scientifique au Maroc\"}]},{\"@type\":\"WebSite\",\"@id\":\"https:\\\/\\\/www.moroccodemia.com\\\/fr\\\/#website\",\"url\":\"https:\\\/\\\/www.moroccodemia.com\\\/fr\\\/\",\"name\":\"morocco academia french\",\"description\":\"L'information, tout simplement\",\"potentialAction\":[{\"@type\":\"SearchAction\",\"target\":{\"@type\":\"EntryPoint\",\"urlTemplate\":\"https:\\\/\\\/www.moroccodemia.com\\\/fr\\\/?s={search_term_string}\"},\"query-input\":{\"@type\":\"PropertyValueSpecification\",\"valueRequired\":true,\"valueName\":\"search_term_string\"}}],\"inLanguage\":\"fr-FR\"}]}<\/script>\n<!-- \/ Yoast SEO plugin. -->","yoast_head_json":{"title":"Recherche Scientifique\u00a0au Maroc | moroccodemia fran\u00e7ais","robots":{"index":"index","follow":"follow","max-snippet":"max-snippet:-1","max-image-preview":"max-image-preview:large","max-video-preview":"max-video-preview:-1"},"canonical":"https:\/\/www.moroccodemia.com\/fr\/recherche-scientifique-au-maroc\/","og_locale":"fr_FR","og_type":"article","og_title":"Recherche Scientifique\u00a0au Maroc | moroccodemia fran\u00e7ais","og_description":"Recherche Scientifique&nbsp;au Maroc Parcourir en arabeParcourir en anglais Biblioth\u00e8que Moroccodemia est un site multilingue d\u00e9di\u00e9 \u00e0 la collecte, diss\u00e9mination et archivage de l\u2019information sur l\u2019enseignement sup\u00e9rieur au Maroc.&nbsp; Notre Objectif: Consolider les liens entre les \u00e9tablissements de l\u2019Enseignement Sup\u00e9rieur, les \u00e9tudiants, les enseignants-chercheurs, les employeurs et la soci\u00e9t\u00e9 civile \u00e0 l\u2019\u00e9chelle nationale et internationale .&nbsp; [&hellip;]","og_url":"https:\/\/www.moroccodemia.com\/fr\/recherche-scientifique-au-maroc\/","og_site_name":"morocco academia french","article_publisher":"https:\/\/www.facebook.com\/Morocco-academia-239938123438369\/","article_modified_time":"2022-01-27T13:52:23+00:00","og_image":[{"url":"https:\/\/www.moroccodemia.com\/fr\/media\/2019\/01\/IconBlackResearch.png","type":"","width":"","height":""}],"twitter_card":"summary_large_image","twitter_site":"@moroccodemia","twitter_misc":{"Dur\u00e9e de lecture estim\u00e9e":"8 minutes"},"schema":{"@context":"https:\/\/schema.org","@graph":[{"@type":"WebPage","@id":"https:\/\/www.moroccodemia.com\/fr\/recherche-scientifique-au-maroc\/","url":"https:\/\/www.moroccodemia.com\/fr\/recherche-scientifique-au-maroc\/","name":"Recherche Scientifique\u00a0au Maroc | moroccodemia fran\u00e7ais","isPartOf":{"@id":"https:\/\/www.moroccodemia.com\/fr\/#website"},"primaryImageOfPage":{"@id":"https:\/\/www.moroccodemia.com\/fr\/recherche-scientifique-au-maroc\/#primaryimage"},"image":{"@id":"https:\/\/www.moroccodemia.com\/fr\/recherche-scientifique-au-maroc\/#primaryimage"},"thumbnailUrl":"https:\/\/www.moroccodemia.com\/fr\/media\/2019\/01\/IconBlackResearch.png","datePublished":"2017-05-20T13:06:39+00:00","dateModified":"2022-01-27T13:52:23+00:00","breadcrumb":{"@id":"https:\/\/www.moroccodemia.com\/fr\/recherche-scientifique-au-maroc\/#breadcrumb"},"inLanguage":"fr-FR","potentialAction":[{"@type":"ReadAction","target":["https:\/\/www.moroccodemia.com\/fr\/recherche-scientifique-au-maroc\/"]}]},{"@type":"ImageObject","inLanguage":"fr-FR","@id":"https:\/\/www.moroccodemia.com\/fr\/recherche-scientifique-au-maroc\/#primaryimage","url":"https:\/\/www.moroccodemia.com\/fr\/media\/2019\/01\/IconBlackResearch.png","contentUrl":"https:\/\/www.moroccodemia.com\/fr\/media\/2019\/01\/IconBlackResearch.png","width":100,"height":100},{"@type":"BreadcrumbList","@id":"https:\/\/www.moroccodemia.com\/fr\/recherche-scientifique-au-maroc\/#breadcrumb","itemListElement":[{"@type":"ListItem","position":1,"name":"Accueil","item":"https:\/\/www.moroccodemia.com\/fr\/"},{"@type":"ListItem","position":2,"name":"Recherche Scientifique au Maroc"}]},{"@type":"WebSite","@id":"https:\/\/www.moroccodemia.com\/fr\/#website","url":"https:\/\/www.moroccodemia.com\/fr\/","name":"morocco academia french","description":"L'information, tout simplement","potentialAction":[{"@type":"SearchAction","target":{"@type":"EntryPoint","urlTemplate":"https:\/\/www.moroccodemia.com\/fr\/?s={search_term_string}"},"query-input":{"@type":"PropertyValueSpecification","valueRequired":true,"valueName":"search_term_string"}}],"inLanguage":"fr-FR"}]}},"_links":{"self":[{"href":"https:\/\/www.moroccodemia.com\/fr\/wp-json\/wp\/v2\/pages\/6679","targetHints":{"allow":["GET"]}}],"collection":[{"href":"https:\/\/www.moroccodemia.com\/fr\/wp-json\/wp\/v2\/pages"}],"about":[{"href":"https:\/\/www.moroccodemia.com\/fr\/wp-json\/wp\/v2\/types\/page"}],"author":[{"embeddable":true,"href":"https:\/\/www.moroccodemia.com\/fr\/wp-json\/wp\/v2\/users\/1"}],"replies":[{"embeddable":true,"href":"https:\/\/www.moroccodemia.com\/fr\/wp-json\/wp\/v2\/comments?post=6679"}],"version-history":[{"count":3,"href":"https:\/\/www.moroccodemia.com\/fr\/wp-json\/wp\/v2\/pages\/6679\/revisions"}],"predecessor-version":[{"id":15971,"href":"https:\/\/www.moroccodemia.com\/fr\/wp-json\/wp\/v2\/pages\/6679\/revisions\/15971"}],"wp:attachment":[{"href":"https:\/\/www.moroccodemia.com\/fr\/wp-json\/wp\/v2\/media?parent=6679"}],"curies":[{"name":"wp","href":"https:\/\/api.w.org\/{rel}","templated":true}]}}