{"id":6674,"date":"2017-05-20T08:24:40","date_gmt":"2017-05-20T08:24:40","guid":{"rendered":"https:\/\/www.moroccodemia.com\/fr\/?page_id=6674"},"modified":"2022-01-27T14:51:43","modified_gmt":"2022-01-27T13:51:43","slug":"lenseignement-superieur-au-maroc","status":"publish","type":"page","link":"https:\/\/www.moroccodemia.com\/fr\/lenseignement-superieur-au-maroc\/","title":{"rendered":"L&rsquo;Enseignement Sup\u00e9rieur au Maroc"},"content":{"rendered":"<div class=\"rTable\">\n<div class=\"rTableBody\">\n<div class=\"rTableRow\">\n<div class=\"rTableHead\">\n<hr dir=\"ltr\">\n<h1 class=\"h1pagetitle\">L&rsquo;Enseignement Sup\u00e9rieur au Maroc<\/h1>\n<div class=\"dropdown1\"><span class=\"dropdown1\"><button class=\"dropbtn1\"><\/button><br class=\"banner-image\"><span class=\"dropdown1-content\"><a href=\"https:\/\/www.moroccodemia.com\/ar\/%d8%a7%d9%84%d8%aa%d8%b9%d9%84%d9%8a%d9%85-%d8%a7%d9%84%d8%b9%d8%a7%d9%84%d9%8a-%d9%81%d9%8a-%d8%a7%d9%84%d9%85%d8%ba%d8%b1%d8%a8\/\">Parcourir en arabe<\/a><a href=\"https:\/\/www.moroccodemia.com\/en\/moroccan-higher-education-system\/\">Parcourir en anglais<\/a><\/span><\/span><\/div>\n<hr dir=\"ltr\">\n<div class=\"banner\"><img loading=\"lazy\" decoding=\"async\" class=\"banner-image\" src=\"https:\/\/www.moroccodemia.com\/fr\/media\/2019\/01\/IconBlackHigher-Educaion.png\" style=\"vertical-align: middle;\" alt=\"Enseignement Sup\u00e9rieur Marocain\" title=\"Enseignement Sup\u00e9rieur Marocain\" width=\"80\" height=\"80\"><\/div>\n<\/div>\n<div class=\"MenuFirstClickPage\"><\/div>\n<div class=\"MFCP-container\">\n<div class=\"row\">\n<div class=\"col-xs-10 col-xs-offset-1 summary\">\n<div class=\"col-md-6\">\n<p><span class=\"MFCP-title\"><\/span><\/p>\n<h2><span style=\"font-size: 14pt;\"><a href=\"https:\/\/www.moroccodemia.com\/fr\/royaume-du-maroc\/\">Royaume du Maroc<\/a><img decoding=\"async\" class=\"MFCP-Title-icon\" src=\"https:\/\/www.moroccodemia.com\/fr\/media\/2019\/08\/IconOrangeKingdom30x30.png\"><\/span><\/h2>\n<p class=\"teaser-text\"><span style=\"font-size: 10pt;\">Quelles sont les variantes du nom \u201cMaroc\u2019? Officiellement Royaume du Maroc, mais Maroc reste le nom le plus utilis\u00e9. Quelle est la situation g\u00e9ographique du Maroc? Le Maroc est situ\u00e9 en Afrique du Nord. Quels sont les pays limitrophes du Maroc? [&#8230;]<\/span><\/p>\n<\/div>\n<div class=\"col-md-6 thumbnail\"><a href=\"https:\/\/www.moroccodemia.com\/fr\/royaume-du-maroc\/\"><img decoding=\"async\" src=\"https:\/\/www.moroccodemia.com\/fr\/media\/2020\/05\/FeaturedMapFRsMoroccoRegions2016.png\" alt=\"\" class=\"img-responsive aligncenter\"><\/a><\/div>\n<\/div>\n<\/div>\n<\/div>\n<div class=\"MenuFirstClickPage\"><\/div>\n<div class=\"MFCP-container\">\n<div class=\"row\">\n<div class=\"col-xs-10 col-xs-offset-1 summary\">\n<div class=\"col-md-6\">\n<p><span class=\"MFCP-title\"><\/span><\/p>\n<h2><span style=\"font-size: 14pt;\"><a href=\"https:\/\/www.moroccodemia.com\/fr\/systeme-de-lenseignement-superieur-au-maroc\/\">Syst\u00e8me de l&rsquo;Enseignement Sup\u00e9rieur<\/a><img decoding=\"async\" class=\"MFCP-Title-icon\" src=\"https:\/\/www.moroccodemia.com\/fr\/media\/2019\/08\/IconOrangeSystem-_30x30.png\"><\/span><\/h2>\n<p><span style=\"font-size: 10pt;\">Le syst\u00e8me p\u00e9dagogique LMD (Licence, Master, Doctorat) \u00e0 \u00e9t\u00e9 mis en oeuvre au Maroc apr\u00e8s avoir \u00e9t\u00e9 largement adopt\u00e9 dans les pays de l\u2019ouest \u00e0 la fin du si\u00e8cle dernier grace \u00e0 ses qualit\u00e9s et avantages, notamment l\u2019\u00e9tablissement d\u2019un lien entre les cursus de l\u2019Enseignement Sup\u00e9rieur et les besoins du monde du travail ainsi <\/span><span style=\"font-size: 10pt;\">[&#8230;]<\/span><\/p>\n<\/div>\n<div class=\"col-md-6 thumbnail\"><a href=\"https:\/\/www.moroccodemia.com\/fr\/systeme-de-lenseignement-superieur-au-maroc\/\"><img loading=\"lazy\" decoding=\"async\" src=\"https:\/\/www.moroccodemia.com\/fr\/media\/2020\/05\/FeaturedMFCPFRChart-SOverview.png\" alt=\"Graph: System of Higher Education in Morocco\" class=\"img-responsive aligncenter\" width=\"600\" height=\"400\"><\/a><\/div>\n<\/div>\n<\/div>\n<\/div>\n<div class=\"MenuFirstClickPage\"><\/div>\n<div class=\"MFCP-container\">\n<div class=\"row\">\n<div class=\"col-xs-10 col-xs-offset-1 summary\">\n<div class=\"col-md-6\">\n<p><span class=\"MFCP-title\"><\/span><\/p>\n<h2><span style=\"font-size: 14pt;\"><a href=\"https:\/\/www.moroccodemia.com\/fr\/ministere-de-lenseignement-superieur\/\"><span style=\"font-family: verdana, geneva, sans-serif;\">Minist\u00e8re de l&rsquo;Enseignement Sup\u00e9rieur<\/span><\/a><img decoding=\"async\" class=\"MFCP-Title-icon\" src=\"https:\/\/www.moroccodemia.com\/fr\/media\/2019\/08\/IconOrangeCollege_30x30.png\"><\/span><\/h2>\n<p dir=\"ltr\"><span style=\"font-size: 10pt;\">Le secteur de Enseignement Sup\u00e9rieur au Maroc est ger\u00e9 par le Minist\u00e8re&nbsp;de l\u2019Enseignement Sup\u00e9rieur, de la Recherche Scientifique et de l&rsquo;Innovation&nbsp;<\/span><span style=\"font-size: 10pt;\">[&#8230;]<\/span><\/p>\n<\/div>\n<div class=\"col-md-6 thumbnail\"><a href=\"https:\/\/www.moroccodemia.com\/fr\/ministere-de-lenseignement-superieur\/\"><img decoding=\"async\" src=\"https:\/\/www.moroccodemia.com\/fr\/media\/2020\/05\/FeaturedMFCPFRInstitGovMinistryEducation.png\" alt=\"\" class=\"img-responsive aligncenter\"><\/a><\/div>\n<\/div>\n<\/div>\n<\/div>\n<div class=\"MenuFirstClickPage\"><\/div>\n<div class=\"MFCP-container\">\n<div class=\"row\">\n<div class=\"col-xs-10 col-xs-offset-1 summary\">\n<div class=\"col-md-6\">\n<p><span class=\"MFCP-title\"><\/span><\/p>\n<h2><span style=\"font-size: 14pt;\"><a href=\"https:\/\/www.moroccodemia.com\/fr\/ministre-de-lenseignement-superieur\/\"><span style=\"font-family: verdana, geneva, sans-serif;\">Ministre de l&rsquo;Enseignement Sup\u00e9rieur<\/span><\/a><img decoding=\"async\" class=\"MFCP-Title-icon\" src=\"https:\/\/www.moroccodemia.com\/fr\/media\/2020\/06\/IconOrangeMinister30x30.png\"><\/span><\/h2>\n<p dir=\"ltr\"><span style=\"font-size: 10pt;\"><span style=\"font-family: verdana, geneva, sans-serif;\">Abdellatif Miraoui,<\/span> au poste depuis le 7 novembre 2021, est \u00e0 la t\u00eate du <span>Minist\u00e8re de<\/span><span> l\u2019Enseignement Sup\u00e9rieur, de la Recherche Scientifique et de l&rsquo;Innovation<\/span>&nbsp;[&#8230;]<\/span><\/p>\n<\/div>\n<div class=\"col-md-6 thumbnail\"><img loading=\"lazy\" decoding=\"async\" src=\"https:\/\/www.moroccodemia.com\/fr\/media\/2021\/10\/MinisterAbdellatif_Miraoui600x400.png\" alt=\"Portrait: Abdellatif Miraoui, Ministre de l\u2019Enseignement Sup\u00e9rieur, de la Recherche Scientifique et de l'Innovation\" width=\"600\" height=\"400\" class=\"aligncenter wp-image-15428 size-full\" title=\"Abdellatif Miraoui, Ministre de l\u2019Enseignement Sup\u00e9rieur, de la Recherche Scientifique et de l'Innovation\" srcset=\"https:\/\/www.moroccodemia.com\/fr\/media\/2021\/10\/MinisterAbdellatif_Miraoui600x400.png 600w, https:\/\/www.moroccodemia.com\/fr\/media\/2021\/10\/MinisterAbdellatif_Miraoui600x400-300x200.png 300w\" sizes=\"auto, (max-width: 600px) 100vw, 600px\" \/><span style=\"font-size: 8pt;\">Abdellatif Miraoui<\/span><\/div>\n<\/div>\n<\/div>\n<\/div>\n<div class=\"MenuFirstClickPage\"><\/div>\n<div class=\"MFCP-container\">\n<div class=\"row\">\n<div class=\"col-xs-10 col-xs-offset-1 summary\">\n<div class=\"col-md-6\">\n<h2 style=\"text-align: left;\"><span style=\"font-size: 14pt;\"><a href=\"https:\/\/www.moroccodemia.com\/fr\/etablissements-de-lenseignement-superieur-maroc\/\"><span style=\"font-family: verdana, geneva, sans-serif;\">Etablissements de de l&rsquo;Enseignement Sup\u00e9rieur<\/span><\/a><img decoding=\"async\" class=\"MFCP-Title-icon\" src=\"https:\/\/www.moroccodemia.com\/fr\/media\/2019\/08\/IconOrangeCollege_30x30.png\"><\/span><\/h2>\n<p class=\"teaser-text\"><span style=\"font-size: 10pt;\">Au terme des programmes du&nbsp;secondaire&nbsp;(baccalaur\u00e9at\/certificat de fin d\u2019\u00e9tudes secondaires), les \u00e9tudiants peuvent poursuivre leurs \u00e9tudes au niveau du cycle sup\u00e9rieur dans les \u00e9tablissements \u00e0 acc\u00e8s ouvert. Toutefois, Une&nbsp;bonne note&nbsp;aux examens&nbsp;[&#8230;]<\/span><\/p>\n<\/div>\n<div class=\"col-md-6 thumbnail\"><a href=\"https:\/\/www.moroccodemia.com\/fr\/etablissements-de-lenseignement-superieur-maroc\/\"><img decoding=\"async\" src=\"https:\/\/www.moroccodemia.com\/fr\/media\/2020\/05\/FeaturedMFCPFRInstitHigher-Ed.ArchitectureEACCasablanca.png\" alt=\"\" class=\"img-responsive aligncenter\"><\/a><\/div>\n<\/div>\n<\/div>\n<\/div>\n<div class=\"MenuFirstClickPage\"><\/div>\n<div class=\"MFCP-container\">\n<div class=\"row\">\n<div class=\"col-xs-10 col-xs-offset-1 summary\">\n<div class=\"col-md-6\">\n<p><span class=\"MFCP-title\"><\/span><\/p>\n<h2><span style=\"font-size: 14pt;\"><a href=\"https:\/\/www.moroccodemia.com\/fr\/dates-clefs-de-lenseignement-superieur-au-maroc\/\">Dates Clefs<\/a><img decoding=\"async\" class=\"MFCP-Title-icon\" src=\"https:\/\/www.moroccodemia.com\/fr\/media\/2019\/08\/IconOrangeCalendar_30x30.png\"><\/span><\/h2>\n<p dir=\"ltr\"><span style=\"font-size: 10pt;\">[Septembre 2020<span>]&nbsp; L\u2019entr\u00e9e en vigueur du syst\u00e8me du Bachelor.&nbsp;&nbsp;<\/span><span>L\u2019inscription au Bachelor (qui remplacera la Licence) aura lieu \u00e0 partir de juillet 2020. Le lancement d\u2019une plateforme d\u2019information et d\u2019orientation est pr\u00e9vu en [octobre 2019]. Le syt\u00e8me du Bachelor est caract\u00e9ris\u00e9 par l\u2019introduction d\u2019une ann\u00e9e fondatrice comme premi\u00e8re ann\u00e9e de la formation, <\/span>&nbsp;<\/span><span style=\"font-size: 10pt;\">[&#8230;]<\/span><\/p>\n<\/div>\n<div class=\"col-md-6 thumbnail\"><a href=\"https:\/\/www.moroccodemia.com\/fr\/dates-clefs-de-lenseignement-superieur-au-maroc\/\"><img decoding=\"async\" src=\"https:\/\/www.moroccodemia.com\/fr\/media\/2020\/05\/FeaturedFRCalendarMonths.png\" alt=\"\" class=\"img-responsive aligncenter\"><\/a><\/div>\n<\/div>\n<\/div>\n<\/div>\n<div class=\"MenuFirstClickPage\"><\/div>\n<div class=\"MFCP-container\">\n<div class=\"row\">\n<div class=\"col-xs-10 col-xs-offset-1 summary\">\n<div class=\"col-md-6\">\n<p><span class=\"MFCP-title\"><\/span><\/p>\n<h2><span style=\"font-size: 14pt;\"><a href=\"https:\/\/www.moroccodemia.com\/fr\/faits-chiffres-de-lenseignement-superieur-au-maroc\/\">Faits et Chiffres<\/a><img decoding=\"async\" class=\"MFCP-Title-icon\" src=\"https:\/\/www.moroccodemia.com\/fr\/media\/2020\/06\/IconOrangeFactsFigures30x30.png\"><\/span><\/h2>\n<p><span style=\"font-size: 10pt;\">Quel est le nombre des \u00e9tablissements de l\u2019enseignement sup\u00e9rieur au Maroc? [332] \u00e9tablissements de l\u2019enseignement sup\u00e9rieur ont \u00e9t\u00e9 recens\u00e9s au Maroc en 2016 (moroccodemia). [12] Universit\u00e9s publiques [01] Universit\u00e9 publiques\/Autres minist\u00e8res [53] Facult\u00e9s, \u00e9coles et instiuts publiques [37]&nbsp; [&#8230;]<\/span><\/p>\n<\/div>\n<div class=\"col-md-6 thumbnail\"><a href=\"https:\/\/www.moroccodemia.com\/fr\/faits-chiffres-de-lenseignement-superieur-au-maroc\/\"><img decoding=\"async\" src=\"https:\/\/www.moroccodemia.com\/fr\/media\/2020\/05\/FeaturedMFCPFRClip-artFacts-and-Figues.png\" alt=\"\" class=\"img-responsive aligncenter\"><\/a><\/div>\n<\/div>\n<\/div>\n<\/div>\n<\/div>\n<div class=\"MenuFirstClickPage\"><\/div>\n<div class=\"MFCP-container\">\n<div class=\"row\">\n<div class=\"col-xs-10 col-xs-offset-1 summary\">\n<div class=\"col-md-6\">\n<p><span class=\"MFCP-title\"><\/span><\/p>\n<h2><span style=\"font-size: 14pt;\"><a href=\"https:\/\/www.moroccodemia.com\/fr\/rapports\/\">Rapports<\/a><img decoding=\"async\" class=\"MFCP-Title-icon\" src=\"IconOrangeArticleEN30x30\"><\/span><\/h2>\n<p><span style=\"font-size: 10pt;\"><span style=\"font-family: verdana, geneva, sans-serif;\">\u00ab\u00a0La Formation dans tous ses Etats dans les Pays du Maghreb\u00a0\u00bb <\/span><span style=\"font-family: verdana, geneva, sans-serif;\">Esprit Critique [2015] .&nbsp; \u00ab\u00a0<\/span><span style=\"font-family: verdana, geneva, sans-serif;\">Le chercheur universitaire marocain et le libre acc\u00e8s \u00e0 l\u0092information scientifique et technique\u00a0\u00bb<\/span><span style=\"font-family: verdana, geneva, sans-serif;\"> eprints.rclis.org [2014], \u00ab\u00a0<\/span><span style=\"font-family: verdana, geneva, sans-serif;\">Les universit\u00e9s au temps de la mondialisation\/globalisation et de la comp\u00e9tition pour l\u2019excellence\u00a0\u00bb drive.google.com [mai 2009] <\/span><\/span><span style=\"font-size: 10pt;\">[&#8230;]<\/span><\/p>\n<\/div>\n<div class=\"col-md-6 thumbnail\"><a href=\"https:\/\/www.moroccodemia.com\/fr\/rapports\/\"><img decoding=\"async\" src=\"https:\/\/www.moroccodemia.com\/fr\/media\/2020\/05\/FeaturedMFCPFRClip-artReports.png\" alt=\"\" class=\"img-responsive aligncenter\"><\/a><\/div>\n<\/div>\n<\/div>\n<\/div>\n<div class=\"MenuFirstClickPage\"><\/div>\n<div class=\"MFCP-container\">\n<div class=\"row\">\n<div class=\"col-xs-10 col-xs-offset-1 summary\">\n<div class=\"col-md-6\">\n<p><span class=\"MFCP-title\"><\/span><\/p>\n<h2><span style=\"font-size: 14pt;\"><a href=\"https:\/\/www.moroccodemia.com\/fr\/enseignement-superieur-au-maroc-dans-les-medias\/\"><span style=\"font-family: verdana, geneva, sans-serif;\">Enseignement Sup\u00e9rieur \u00e0 Travers les M\u00e9dias<\/span><\/a><img decoding=\"async\" class=\"MFCP-Title-icon\" src=\"https:\/\/www.moroccodemia.com\/fr\/media\/2020\/06\/IconOrangeCamera30x30.png\"><\/span><\/h2>\n<p data-tadv-p=\"keep\" dir=\"ltr\"><span style=\"font-size: 10pt;\">Eco D\u00e9bat: Maroc Pour un retour des \u201cCerveaux\u201d \u2013 22 novembre 2018 (YTB), <span>L\u2019universit\u00e9 marocaine : faiblesses, attentes et d\u00e9fis -14 septembre 2018 (YTB), 4\u00e8me sommet des \u00e9conomies \u00e9mergents \u00e0 l\u2019Universit\u00e9 Mohammed V Rabat \u2013 12 mai 2018 (YTB) <\/span>[&#8230;]<\/span><\/p>\n<\/div>\n<div class=\"col-md-6 thumbnail\"><a href=\"https:\/\/www.moroccodemia.com\/fr\/enseignement-superieur-au-maroc-dans-les-medias\/\"><img decoding=\"async\" src=\"https:\/\/www.moroccodemia.com\/fr\/media\/2020\/05\/FeaturedMFCPFRHigherEdMedia.png\" alt=\"\" class=\"img-responsive aligncenter\"><\/a><\/div>\n<\/div>\n<\/div>\n<\/div>\n<div class=\"MenuFirstClickPage\"><\/div>\n<div class=\"MFCP-container\">\n<div class=\"row\">\n<div class=\"col-xs-10 col-xs-offset-1 summary\">\n<div class=\"col-md-6\">\n<p><span class=\"MFCP-title\"><\/span><\/p>\n<h2><span style=\"font-size: 14pt;\"><a href=\"https:\/\/www.moroccodemia.com\/fr\/liens-utiles-pour-etudiants-chercheurs-et-administrateurs-de-lenseignement-superieur-au-maroc\/\">Liens Utiles<\/a><img decoding=\"async\" class=\"MFCP-Title-icon\" src=\"https:\/\/www.moroccodemia.com\/fr\/media\/2020\/06\/IconOrangeLink30x30.png\"><\/span><\/h2>\n<p class=\"teaser-text\"><span style=\"font-size: 10pt;\"><span>Le Conseil Sup\u00e9rieur de l\u2019Education, de la Formation et de la Recherche Scientifique<\/span>; Office Marocain de la Propri\u00e9t\u00e9 Industrielle et Commerciale (OMPIC); Acad\u00e9mie Royale; Agence Nationale d\u2019Evaluation et d\u2019Assurance Qualit\u00e9&nbsp;[&#8230;]<\/span><\/p>\n<\/div>\n<div class=\"col-md-6 thumbnail\"><a href=\"https:\/\/www.moroccodemia.com\/fr\/liens-utiles-pour-etudiants-chercheurs-et-administrateurs-de-lenseignement-superieur-au-maroc\/\"><img decoding=\"async\" height=\"auto\" src=\"https:\/\/www.moroccodemia.com\/fr\/media\/2020\/05\/FeaturedMFCPsFRsOMPIC.png\" alt=\"\" class=\"img-responsive aligncenter\"><\/a><\/div>\n<\/div>\n<\/div>\n<\/div>\n<\/div>\n<div class=\"MenuFirstClickPage\"><\/div>\n<hr dir=\"ltr\">\n<h2 style=\"text-align: center;\" dir=\"ltr\"><strong><span style=\"font-size: 14pt; font-family: verdana, geneva, sans-serif;\"><span style=\"font-size: 10pt;\"><span style=\"font-size: 14pt;\">Enseignement Sup\u00e9rieur <span style=\"font-size: 10pt;\">Marocain<\/span><\/span>\/<\/span><\/span><\/strong><\/h2>\n<hr>\n<\/div>\n","protected":false},"excerpt":{"rendered":"<p>L&rsquo;Enseignement Sup\u00e9rieur au Maroc Parcourir en arabeParcourir en anglais Royaume du Maroc Quelles sont les variantes du nom \u201cMaroc\u2019? Officiellement Royaume du Maroc, mais Maroc reste le nom le plus utilis\u00e9. Quelle est la situation g\u00e9ographique du Maroc? Le Maroc est situ\u00e9 en Afrique du Nord. Quels sont les pays limitrophes du Maroc? [&#8230;] Syst\u00e8me [&hellip;]<\/p>\n","protected":false},"author":1,"featured_media":0,"parent":0,"menu_order":0,"comment_status":"closed","ping_status":"closed","template":"","meta":{"footnotes":""},"class_list":["post-6674","page","type-page","status-publish","hentry"],"yoast_head":"<!-- This site is optimized with the Yoast SEO plugin v27.4 - https:\/\/yoast.com\/product\/yoast-seo-wordpress\/ -->\n<title>Syst\u00e8me de L&#039;Enseignement Sup\u00e9rieur au Maroc | moroccodemia fran\u00e7ais<\/title>\n<meta name=\"robots\" content=\"index, follow, max-snippet:-1, max-image-preview:large, max-video-preview:-1\" \/>\n<link rel=\"canonical\" href=\"https:\/\/www.moroccodemia.com\/fr\/lenseignement-superieur-au-maroc\/\" \/>\n<meta property=\"og:locale\" content=\"fr_FR\" \/>\n<meta property=\"og:type\" content=\"article\" \/>\n<meta property=\"og:title\" content=\"Syst\u00e8me de L&#039;Enseignement Sup\u00e9rieur au Maroc | moroccodemia fran\u00e7ais\" \/>\n<meta property=\"og:description\" content=\"L&rsquo;Enseignement Sup\u00e9rieur au Maroc Parcourir en arabeParcourir en anglais Royaume du Maroc Quelles sont les variantes du nom \u201cMaroc\u2019? Officiellement Royaume du Maroc, mais Maroc reste le nom le plus utilis\u00e9. Quelle est la situation g\u00e9ographique du Maroc? Le Maroc est situ\u00e9 en Afrique du Nord. Quels sont les pays limitrophes du Maroc? [&#8230;] Syst\u00e8me [&hellip;]\" \/>\n<meta property=\"og:url\" content=\"https:\/\/www.moroccodemia.com\/fr\/lenseignement-superieur-au-maroc\/\" \/>\n<meta property=\"og:site_name\" content=\"morocco academia french\" \/>\n<meta property=\"article:publisher\" content=\"https:\/\/www.facebook.com\/Morocco-academia-239938123438369\/\" \/>\n<meta property=\"article:modified_time\" content=\"2022-01-27T13:51:43+00:00\" \/>\n<meta property=\"og:image\" content=\"https:\/\/www.moroccodemia.com\/fr\/media\/2019\/01\/IconBlackHigher-Educaion.png\" \/>\n<meta name=\"twitter:card\" content=\"summary_large_image\" \/>\n<meta name=\"twitter:site\" content=\"@moroccodemia\" \/>\n<meta name=\"twitter:label1\" content=\"Dur\u00e9e de lecture estim\u00e9e\" \/>\n\t<meta name=\"twitter:data1\" content=\"7 minutes\" \/>\n<script type=\"application\/ld+json\" class=\"yoast-schema-graph\">{\"@context\":\"https:\\\/\\\/schema.org\",\"@graph\":[{\"@type\":\"WebPage\",\"@id\":\"https:\\\/\\\/www.moroccodemia.com\\\/fr\\\/lenseignement-superieur-au-maroc\\\/\",\"url\":\"https:\\\/\\\/www.moroccodemia.com\\\/fr\\\/lenseignement-superieur-au-maroc\\\/\",\"name\":\"Syst\u00e8me de L'Enseignement Sup\u00e9rieur au Maroc | moroccodemia fran\u00e7ais\",\"isPartOf\":{\"@id\":\"https:\\\/\\\/www.moroccodemia.com\\\/fr\\\/#website\"},\"primaryImageOfPage\":{\"@id\":\"https:\\\/\\\/www.moroccodemia.com\\\/fr\\\/lenseignement-superieur-au-maroc\\\/#primaryimage\"},\"image\":{\"@id\":\"https:\\\/\\\/www.moroccodemia.com\\\/fr\\\/lenseignement-superieur-au-maroc\\\/#primaryimage\"},\"thumbnailUrl\":\"https:\\\/\\\/www.moroccodemia.com\\\/fr\\\/media\\\/2019\\\/01\\\/IconBlackHigher-Educaion.png\",\"datePublished\":\"2017-05-20T08:24:40+00:00\",\"dateModified\":\"2022-01-27T13:51:43+00:00\",\"breadcrumb\":{\"@id\":\"https:\\\/\\\/www.moroccodemia.com\\\/fr\\\/lenseignement-superieur-au-maroc\\\/#breadcrumb\"},\"inLanguage\":\"fr-FR\",\"potentialAction\":[{\"@type\":\"ReadAction\",\"target\":[\"https:\\\/\\\/www.moroccodemia.com\\\/fr\\\/lenseignement-superieur-au-maroc\\\/\"]}]},{\"@type\":\"ImageObject\",\"inLanguage\":\"fr-FR\",\"@id\":\"https:\\\/\\\/www.moroccodemia.com\\\/fr\\\/lenseignement-superieur-au-maroc\\\/#primaryimage\",\"url\":\"https:\\\/\\\/www.moroccodemia.com\\\/fr\\\/media\\\/2019\\\/01\\\/IconBlackHigher-Educaion.png\",\"contentUrl\":\"https:\\\/\\\/www.moroccodemia.com\\\/fr\\\/media\\\/2019\\\/01\\\/IconBlackHigher-Educaion.png\",\"width\":100,\"height\":100},{\"@type\":\"BreadcrumbList\",\"@id\":\"https:\\\/\\\/www.moroccodemia.com\\\/fr\\\/lenseignement-superieur-au-maroc\\\/#breadcrumb\",\"itemListElement\":[{\"@type\":\"ListItem\",\"position\":1,\"name\":\"Accueil\",\"item\":\"https:\\\/\\\/www.moroccodemia.com\\\/fr\\\/\"},{\"@type\":\"ListItem\",\"position\":2,\"name\":\"L&#8217;Enseignement Sup\u00e9rieur au Maroc\"}]},{\"@type\":\"WebSite\",\"@id\":\"https:\\\/\\\/www.moroccodemia.com\\\/fr\\\/#website\",\"url\":\"https:\\\/\\\/www.moroccodemia.com\\\/fr\\\/\",\"name\":\"morocco academia french\",\"description\":\"L'information, tout simplement\",\"potentialAction\":[{\"@type\":\"SearchAction\",\"target\":{\"@type\":\"EntryPoint\",\"urlTemplate\":\"https:\\\/\\\/www.moroccodemia.com\\\/fr\\\/?s={search_term_string}\"},\"query-input\":{\"@type\":\"PropertyValueSpecification\",\"valueRequired\":true,\"valueName\":\"search_term_string\"}}],\"inLanguage\":\"fr-FR\"}]}<\/script>\n<!-- \/ Yoast SEO plugin. -->","yoast_head_json":{"title":"Syst\u00e8me de L'Enseignement Sup\u00e9rieur au Maroc | moroccodemia fran\u00e7ais","robots":{"index":"index","follow":"follow","max-snippet":"max-snippet:-1","max-image-preview":"max-image-preview:large","max-video-preview":"max-video-preview:-1"},"canonical":"https:\/\/www.moroccodemia.com\/fr\/lenseignement-superieur-au-maroc\/","og_locale":"fr_FR","og_type":"article","og_title":"Syst\u00e8me de L'Enseignement Sup\u00e9rieur au Maroc | moroccodemia fran\u00e7ais","og_description":"L&rsquo;Enseignement Sup\u00e9rieur au Maroc Parcourir en arabeParcourir en anglais Royaume du Maroc Quelles sont les variantes du nom \u201cMaroc\u2019? Officiellement Royaume du Maroc, mais Maroc reste le nom le plus utilis\u00e9. Quelle est la situation g\u00e9ographique du Maroc? Le Maroc est situ\u00e9 en Afrique du Nord. Quels sont les pays limitrophes du Maroc? [&#8230;] Syst\u00e8me [&hellip;]","og_url":"https:\/\/www.moroccodemia.com\/fr\/lenseignement-superieur-au-maroc\/","og_site_name":"morocco academia french","article_publisher":"https:\/\/www.facebook.com\/Morocco-academia-239938123438369\/","article_modified_time":"2022-01-27T13:51:43+00:00","og_image":[{"url":"https:\/\/www.moroccodemia.com\/fr\/media\/2019\/01\/IconBlackHigher-Educaion.png","type":"","width":"","height":""}],"twitter_card":"summary_large_image","twitter_site":"@moroccodemia","twitter_misc":{"Dur\u00e9e de lecture estim\u00e9e":"7 minutes"},"schema":{"@context":"https:\/\/schema.org","@graph":[{"@type":"WebPage","@id":"https:\/\/www.moroccodemia.com\/fr\/lenseignement-superieur-au-maroc\/","url":"https:\/\/www.moroccodemia.com\/fr\/lenseignement-superieur-au-maroc\/","name":"Syst\u00e8me de L'Enseignement Sup\u00e9rieur au Maroc | moroccodemia fran\u00e7ais","isPartOf":{"@id":"https:\/\/www.moroccodemia.com\/fr\/#website"},"primaryImageOfPage":{"@id":"https:\/\/www.moroccodemia.com\/fr\/lenseignement-superieur-au-maroc\/#primaryimage"},"image":{"@id":"https:\/\/www.moroccodemia.com\/fr\/lenseignement-superieur-au-maroc\/#primaryimage"},"thumbnailUrl":"https:\/\/www.moroccodemia.com\/fr\/media\/2019\/01\/IconBlackHigher-Educaion.png","datePublished":"2017-05-20T08:24:40+00:00","dateModified":"2022-01-27T13:51:43+00:00","breadcrumb":{"@id":"https:\/\/www.moroccodemia.com\/fr\/lenseignement-superieur-au-maroc\/#breadcrumb"},"inLanguage":"fr-FR","potentialAction":[{"@type":"ReadAction","target":["https:\/\/www.moroccodemia.com\/fr\/lenseignement-superieur-au-maroc\/"]}]},{"@type":"ImageObject","inLanguage":"fr-FR","@id":"https:\/\/www.moroccodemia.com\/fr\/lenseignement-superieur-au-maroc\/#primaryimage","url":"https:\/\/www.moroccodemia.com\/fr\/media\/2019\/01\/IconBlackHigher-Educaion.png","contentUrl":"https:\/\/www.moroccodemia.com\/fr\/media\/2019\/01\/IconBlackHigher-Educaion.png","width":100,"height":100},{"@type":"BreadcrumbList","@id":"https:\/\/www.moroccodemia.com\/fr\/lenseignement-superieur-au-maroc\/#breadcrumb","itemListElement":[{"@type":"ListItem","position":1,"name":"Accueil","item":"https:\/\/www.moroccodemia.com\/fr\/"},{"@type":"ListItem","position":2,"name":"L&#8217;Enseignement Sup\u00e9rieur au Maroc"}]},{"@type":"WebSite","@id":"https:\/\/www.moroccodemia.com\/fr\/#website","url":"https:\/\/www.moroccodemia.com\/fr\/","name":"morocco academia french","description":"L'information, tout simplement","potentialAction":[{"@type":"SearchAction","target":{"@type":"EntryPoint","urlTemplate":"https:\/\/www.moroccodemia.com\/fr\/?s={search_term_string}"},"query-input":{"@type":"PropertyValueSpecification","valueRequired":true,"valueName":"search_term_string"}}],"inLanguage":"fr-FR"}]}},"_links":{"self":[{"href":"https:\/\/www.moroccodemia.com\/fr\/wp-json\/wp\/v2\/pages\/6674","targetHints":{"allow":["GET"]}}],"collection":[{"href":"https:\/\/www.moroccodemia.com\/fr\/wp-json\/wp\/v2\/pages"}],"about":[{"href":"https:\/\/www.moroccodemia.com\/fr\/wp-json\/wp\/v2\/types\/page"}],"author":[{"embeddable":true,"href":"https:\/\/www.moroccodemia.com\/fr\/wp-json\/wp\/v2\/users\/1"}],"replies":[{"embeddable":true,"href":"https:\/\/www.moroccodemia.com\/fr\/wp-json\/wp\/v2\/comments?post=6674"}],"version-history":[{"count":3,"href":"https:\/\/www.moroccodemia.com\/fr\/wp-json\/wp\/v2\/pages\/6674\/revisions"}],"predecessor-version":[{"id":15970,"href":"https:\/\/www.moroccodemia.com\/fr\/wp-json\/wp\/v2\/pages\/6674\/revisions\/15970"}],"wp:attachment":[{"href":"https:\/\/www.moroccodemia.com\/fr\/wp-json\/wp\/v2\/media?parent=6674"}],"curies":[{"name":"wp","href":"https:\/\/api.w.org\/{rel}","templated":true}]}}