{"id":5875,"date":"2016-12-08T12:02:35","date_gmt":"2016-12-08T12:02:35","guid":{"rendered":"https:\/\/www.moroccodemia.com\/fr\/?page_id=5875"},"modified":"2017-12-31T18:45:28","modified_gmt":"2017-12-31T18:45:28","slug":"lahcen-daoudi-ministre-de-lenseignement-superieur-2011-2016","status":"publish","type":"page","link":"https:\/\/www.moroccodemia.com\/fr\/lahcen-daoudi-ministre-de-lenseignement-superieur-2011-2016\/","title":{"rendered":"Lahcen Daoudi: Ministre de l&rsquo;Enseignement Sup\u00e9rieur (2011-2016)"},"content":{"rendered":"<div class=\"rTable\">\n<div class=\"rTableBody\">\n<div class=\"rTableRow\">\n<div class=\"rTablehead\">\n<hr \/>\n<h2 style=\"text-align: center;\"><span style=\"font-size: 14pt; color: #000000;\"><strong><span style=\"font-family: verdana, geneva, sans-serif;\">Lahcen Daoudi:\u00a0<span style=\"font-size: 10pt;\">Ministre de l&rsquo;Enseignement Sup\u00e9rieur (2011-2016)<\/span><\/span><\/strong><\/span><\/h2>\n<hr \/>\n<p><img loading=\"lazy\" decoding=\"async\" src=\"https:\/\/www.moroccodemia.com\/fr\/media\/2015\/09\/Beige-Education-Minister.png\" width=\"610\" height=\"100\" class=\"aligncenter wp-image-6085 size-full\" title=\"Lahcen Daoudi: Ministre de l'Enseignement Sup\u00e9rieur (2011-2016)\" alt=\"Lahcen Daoudi: Ministre de l'Enseignement Sup\u00e9rieur (2011-2016)\" \/><\/p>\n<p dir=\"ltr\"><span style=\"background-color: #00ff00; font-family: verdana,geneva,sans-serif;\"><div class=\"responsive-tabs\">\n<h2 class=\"tabtitle\">Aper\u00e7u<\/h2>\n<div class=\"tabcontent\">\n<\/span><\/p>\n<h2 dir=\"ltr\"><span style=\"font-family: verdana, geneva, sans-serif; font-size: 10pt;\"><span style=\"color: #ff6600; font-size: 36pt;\">\u2308<\/span> \u00a0<strong><span style=\"background-color: #ffff00;\"> Lahcen Daoudi<\/span>: Ministre de l&rsquo;Enseignement Sup\u00e9rieur (<em>2011-2016<\/em>)<\/strong>\u00a0<span style=\"color: #ff6600; font-size: 36pt;\">\u2309<\/span><\/span><\/h2>\n<p dir=\"ltr\"><img loading=\"lazy\" decoding=\"async\" src=\"https:\/\/www.moroccodemia.com\/fr\/media\/2015\/08\/Daoudi-Lahcen.png\" alt=\"Lahcen Daoudi: Ministre de l\u2019Enseignement Sup\u00e9rieur (2011-2016)\" width=\"180\" height=\"100\" class=\"alignnone wp-image-5628 size-full\" title=\"Lahcen Daoudi: Ministre de l\u2019Enseignement Sup\u00e9rieur (2011-2016)\" \/><\/p>\n<p dir=\"ltr\">\n<p dir=\"ltr\"><span style=\"font-family: verdana, geneva, sans-serif; font-size: 10pt;\"><span style=\"color: #ff0000; font-size: 18pt;\"><\/span><\/span><span style=\"font-family: verdana,geneva,sans-serif; background-color: #00ff00;\">\n<\/div><h2 class=\"tabtitle\">Vid\u00e9os<\/h2>\n<div class=\"tabcontent\">\n<\/span><\/p>\n<div class=\"arrow-down\" style=\"margin-left: auto; margin-right: auto;\"><\/div>\n<div style=\"width: 200px; height: 500px; overflow: auto; background-color: white; margin-left: auto; margin-right: auto;\">\n<div style=\"width: 200px; height: 700px;\">\n<div class=\"rTableCell\">\n<div style=\"width: 190px\" class=\"wp-caption aligncenter\"><a href=\"http:\/\/www.youtube.com\/watch?v=t9E34W_cPXg\" target=\"_blank\" rel=\"noopener\"><img loading=\"lazy\" decoding=\"async\" title=\"Atelier a Rabat sur la Transformation Digitale de l'Enseignement Sup\u00e9rieur au Maroc [3 d\u00e9cembre 2014] \" src=\"https:\/\/www.moroccodemia.com\/fr\/media\/2015\/08\/Mdemia-FYTBSS23.png\" alt=\"Atelier a Rabat sur la Transformation Digitale de l'Enseignement Sup\u00e9rieur au Maroc [3 d\u00e9cembre 2014] \" height=\"100\" width=\"180\" \/><\/a><p class=\"wp-caption-text\"><span style=\"font-family: verdana, geneva, sans-serif;\">Atelier a Rabat sur la Transformation Digitale de l&rsquo;Enseignement Sup\u00e9rieur au Maroc [3 d\u00e9cembre 2014]<\/span><\/p><\/div>\n<\/div>\n<div class=\"rTableCell\">\n<div style=\"width: 190px\" class=\"wp-caption aligncenter\"><a href=\"http:\/\/www.youtube.com\/watch?v=HkrYGq-O-ZM\" target=\"_blank\" rel=\"noopener\"><img loading=\"lazy\" decoding=\"async\" title=\"Lahcen Daoudi, Recherche Scientifique au service du D\u00c9VELOPPEMENT R\u00c9GIONAL: UPM [28 mai 2013]. \" src=\"https:\/\/www.moroccodemia.com\/fr\/media\/2015\/08\/Mdemia-FYTBSS21-180x100.png\" alt=\"Lahcen Daoudi, Recherche Scientifique au service du D\u00c9VELOPPEMENT R\u00c9GIONAL: UPM [28 mai 2013]. \" height=\"100\" width=\"180\" \/><\/a><p class=\"wp-caption-text\"><span style=\"font-family: verdana, geneva, sans-serif;\">Lahcen Daoudi, Recherche Scientifique au service du D\u00c9VELOPPEMENT R\u00c9GIONAL: UPM [28 mai 2013].<\/span><\/p><\/div>\n<\/div>\n<div class=\"rTableCell\">\n<div style=\"width: 190px\" class=\"wp-caption aligncenter\"><a href=\"http:\/\/www.youtube.com\/watch?v=u3xgpJzzsZk\" target=\"_blank\" rel=\"noopener\"><img loading=\"lazy\" decoding=\"async\" title=\"Lahcen DAOUDI R\u00e9pond \u00e0 Maglor [21 d\u00e9cembre 2012] \" src=\"https:\/\/www.moroccodemia.com\/fr\/media\/2015\/08\/Mdemia-FYTBSS22.png\" alt=\"Lahcen DAOUDI R\u00e9pond \u00e0 Maglor [21 d\u00e9cembre 2012] \" height=\"100\" width=\"180\" \/><\/a><p class=\"wp-caption-text\"><span style=\"font-family: verdana, geneva, sans-serif;\">Lahcen Daoudi R\u00e9pond \u00e0 Maglor [21 d\u00e9cembre 2012]<\/span><\/p><\/div>\n<\/div>\n<\/div>\n<\/div>\n<div class=\"arrow-up\" style=\"margin-left: auto; margin-right: auto;\"><\/div>\n<p><span style=\"background-color: #00ff00; font-family: verdana,geneva,sans-serif;\">\n<\/div><h2 class=\"tabtitle\">Liens<\/h2>\n<div class=\"tabcontent\">\n<\/span><\/p>\n<div class=\"arrow-down\" style=\"margin-left: auto; margin-right: auto;\"><\/div>\n<div style=\"width: 200px; height: 000px; overflow: auto; background-color: white; margin-left: auto; margin-right: auto;\">\n<div style=\"width: 200px; height: 700px;\"><\/div>\n<\/div>\n<div class=\"arrow-up\" style=\"margin-left: auto; margin-right: auto;\"><\/div>\n<p><span style=\"background-color: #00ff00; font-family: verdana,geneva,sans-serif;\"><\/div><\/div><\/span><\/p>\n<hr \/>\n<h2 class=\"rTableHead\" style=\"text-align: center;\"><span style=\"color: #000000;\"><strong><span style=\"font-family: verdana,geneva,sans-serif;\"><span style=\"font-size: 14pt;\"><span style=\"font-family: verdana, geneva, sans-serif;\">Lahcen Daoudi: <span style=\"font-size: 10pt;\">Ministre de l&rsquo;Enseignement Sup\u00e9rieur (2011-2016)<\/span><\/span><\/span><span style=\"font-size: 10pt;\">\/<\/span><\/span><\/strong><\/span><\/h2>\n<hr \/>\n<\/div>\n<\/div>\n<\/div>\n<\/div>\n","protected":false},"excerpt":{"rendered":"<p>Lahcen Daoudi:\u00a0Ministre de l&rsquo;Enseignement Sup\u00e9rieur (2011-2016) \u2308 \u00a0 Lahcen Daoudi: Ministre de l&rsquo;Enseignement Sup\u00e9rieur (2011-2016)\u00a0\u2309 Lahcen Daoudi: Ministre de l&rsquo;Enseignement Sup\u00e9rieur (2011-2016)\/<\/p>\n","protected":false},"author":1,"featured_media":0,"parent":0,"menu_order":0,"comment_status":"closed","ping_status":"closed","template":"","meta":{"footnotes":""},"class_list":["post-5875","page","type-page","status-publish","hentry"],"yoast_head":"<!-- This site is optimized with the Yoast SEO plugin v27.4 - https:\/\/yoast.com\/product\/yoast-seo-wordpress\/ -->\n<title>Lahcen Daoudi: Ministre de l&#039;Enseignement Sup\u00e9rieur (2011-2016)<\/title>\n<meta name=\"robots\" content=\"index, follow, max-snippet:-1, max-image-preview:large, max-video-preview:-1\" \/>\n<link rel=\"canonical\" href=\"https:\/\/www.moroccodemia.com\/fr\/lahcen-daoudi-ministre-de-lenseignement-superieur-2011-2016\/\" \/>\n<meta property=\"og:locale\" content=\"fr_FR\" \/>\n<meta property=\"og:type\" content=\"article\" \/>\n<meta property=\"og:title\" content=\"Lahcen Daoudi: Ministre de l&#039;Enseignement Sup\u00e9rieur (2011-2016)\" \/>\n<meta property=\"og:description\" content=\"Lahcen Daoudi:\u00a0Ministre de l&rsquo;Enseignement Sup\u00e9rieur (2011-2016) \u2308 \u00a0 Lahcen Daoudi: Ministre de l&rsquo;Enseignement Sup\u00e9rieur (2011-2016)\u00a0\u2309 Lahcen Daoudi: Ministre de l&rsquo;Enseignement Sup\u00e9rieur (2011-2016)\/\" \/>\n<meta property=\"og:url\" content=\"https:\/\/www.moroccodemia.com\/fr\/lahcen-daoudi-ministre-de-lenseignement-superieur-2011-2016\/\" \/>\n<meta property=\"og:site_name\" content=\"morocco academia french\" \/>\n<meta property=\"article:publisher\" content=\"https:\/\/www.facebook.com\/Morocco-academia-239938123438369\/\" \/>\n<meta property=\"article:modified_time\" content=\"2017-12-31T18:45:28+00:00\" \/>\n<meta property=\"og:image\" content=\"https:\/\/www.moroccodemia.com\/fr\/media\/2015\/09\/Beige-Education-Minister.png\" \/>\n<meta name=\"twitter:card\" content=\"summary_large_image\" \/>\n<meta name=\"twitter:site\" content=\"@moroccodemia\" \/>\n<script type=\"application\/ld+json\" class=\"yoast-schema-graph\">{\"@context\":\"https:\\\/\\\/schema.org\",\"@graph\":[{\"@type\":\"WebPage\",\"@id\":\"https:\\\/\\\/www.moroccodemia.com\\\/fr\\\/lahcen-daoudi-ministre-de-lenseignement-superieur-2011-2016\\\/\",\"url\":\"https:\\\/\\\/www.moroccodemia.com\\\/fr\\\/lahcen-daoudi-ministre-de-lenseignement-superieur-2011-2016\\\/\",\"name\":\"Lahcen Daoudi: Ministre de l'Enseignement Sup\u00e9rieur (2011-2016)\",\"isPartOf\":{\"@id\":\"https:\\\/\\\/www.moroccodemia.com\\\/fr\\\/#website\"},\"primaryImageOfPage\":{\"@id\":\"https:\\\/\\\/www.moroccodemia.com\\\/fr\\\/lahcen-daoudi-ministre-de-lenseignement-superieur-2011-2016\\\/#primaryimage\"},\"image\":{\"@id\":\"https:\\\/\\\/www.moroccodemia.com\\\/fr\\\/lahcen-daoudi-ministre-de-lenseignement-superieur-2011-2016\\\/#primaryimage\"},\"thumbnailUrl\":\"http:\\\/\\\/www.moroccodemia.com\\\/fr\\\/media\\\/2015\\\/09\\\/Beige-Education-Minister.png\",\"datePublished\":\"2016-12-08T12:02:35+00:00\",\"dateModified\":\"2017-12-31T18:45:28+00:00\",\"breadcrumb\":{\"@id\":\"https:\\\/\\\/www.moroccodemia.com\\\/fr\\\/lahcen-daoudi-ministre-de-lenseignement-superieur-2011-2016\\\/#breadcrumb\"},\"inLanguage\":\"fr-FR\",\"potentialAction\":[{\"@type\":\"ReadAction\",\"target\":[\"https:\\\/\\\/www.moroccodemia.com\\\/fr\\\/lahcen-daoudi-ministre-de-lenseignement-superieur-2011-2016\\\/\"]}]},{\"@type\":\"ImageObject\",\"inLanguage\":\"fr-FR\",\"@id\":\"https:\\\/\\\/www.moroccodemia.com\\\/fr\\\/lahcen-daoudi-ministre-de-lenseignement-superieur-2011-2016\\\/#primaryimage\",\"url\":\"http:\\\/\\\/www.moroccodemia.com\\\/fr\\\/media\\\/2015\\\/09\\\/Beige-Education-Minister.png\",\"contentUrl\":\"http:\\\/\\\/www.moroccodemia.com\\\/fr\\\/media\\\/2015\\\/09\\\/Beige-Education-Minister.png\"},{\"@type\":\"BreadcrumbList\",\"@id\":\"https:\\\/\\\/www.moroccodemia.com\\\/fr\\\/lahcen-daoudi-ministre-de-lenseignement-superieur-2011-2016\\\/#breadcrumb\",\"itemListElement\":[{\"@type\":\"ListItem\",\"position\":1,\"name\":\"Accueil\",\"item\":\"https:\\\/\\\/www.moroccodemia.com\\\/fr\\\/\"},{\"@type\":\"ListItem\",\"position\":2,\"name\":\"Lahcen Daoudi: Ministre de l&rsquo;Enseignement Sup\u00e9rieur (2011-2016)\"}]},{\"@type\":\"WebSite\",\"@id\":\"https:\\\/\\\/www.moroccodemia.com\\\/fr\\\/#website\",\"url\":\"https:\\\/\\\/www.moroccodemia.com\\\/fr\\\/\",\"name\":\"morocco academia french\",\"description\":\"L'information, tout simplement\",\"potentialAction\":[{\"@type\":\"SearchAction\",\"target\":{\"@type\":\"EntryPoint\",\"urlTemplate\":\"https:\\\/\\\/www.moroccodemia.com\\\/fr\\\/?s={search_term_string}\"},\"query-input\":{\"@type\":\"PropertyValueSpecification\",\"valueRequired\":true,\"valueName\":\"search_term_string\"}}],\"inLanguage\":\"fr-FR\"}]}<\/script>\n<!-- \/ Yoast SEO plugin. -->","yoast_head_json":{"title":"Lahcen Daoudi: Ministre de l'Enseignement Sup\u00e9rieur (2011-2016)","robots":{"index":"index","follow":"follow","max-snippet":"max-snippet:-1","max-image-preview":"max-image-preview:large","max-video-preview":"max-video-preview:-1"},"canonical":"https:\/\/www.moroccodemia.com\/fr\/lahcen-daoudi-ministre-de-lenseignement-superieur-2011-2016\/","og_locale":"fr_FR","og_type":"article","og_title":"Lahcen Daoudi: Ministre de l'Enseignement Sup\u00e9rieur (2011-2016)","og_description":"Lahcen Daoudi:\u00a0Ministre de l&rsquo;Enseignement Sup\u00e9rieur (2011-2016) \u2308 \u00a0 Lahcen Daoudi: Ministre de l&rsquo;Enseignement Sup\u00e9rieur (2011-2016)\u00a0\u2309 Lahcen Daoudi: Ministre de l&rsquo;Enseignement Sup\u00e9rieur (2011-2016)\/","og_url":"https:\/\/www.moroccodemia.com\/fr\/lahcen-daoudi-ministre-de-lenseignement-superieur-2011-2016\/","og_site_name":"morocco academia french","article_publisher":"https:\/\/www.facebook.com\/Morocco-academia-239938123438369\/","article_modified_time":"2017-12-31T18:45:28+00:00","og_image":[{"url":"https:\/\/www.moroccodemia.com\/fr\/media\/2015\/09\/Beige-Education-Minister.png","type":"","width":"","height":""}],"twitter_card":"summary_large_image","twitter_site":"@moroccodemia","schema":{"@context":"https:\/\/schema.org","@graph":[{"@type":"WebPage","@id":"https:\/\/www.moroccodemia.com\/fr\/lahcen-daoudi-ministre-de-lenseignement-superieur-2011-2016\/","url":"https:\/\/www.moroccodemia.com\/fr\/lahcen-daoudi-ministre-de-lenseignement-superieur-2011-2016\/","name":"Lahcen Daoudi: Ministre de l'Enseignement Sup\u00e9rieur (2011-2016)","isPartOf":{"@id":"https:\/\/www.moroccodemia.com\/fr\/#website"},"primaryImageOfPage":{"@id":"https:\/\/www.moroccodemia.com\/fr\/lahcen-daoudi-ministre-de-lenseignement-superieur-2011-2016\/#primaryimage"},"image":{"@id":"https:\/\/www.moroccodemia.com\/fr\/lahcen-daoudi-ministre-de-lenseignement-superieur-2011-2016\/#primaryimage"},"thumbnailUrl":"https:\/\/www.moroccodemia.com\/fr\/media\/2015\/09\/Beige-Education-Minister.png","datePublished":"2016-12-08T12:02:35+00:00","dateModified":"2017-12-31T18:45:28+00:00","breadcrumb":{"@id":"https:\/\/www.moroccodemia.com\/fr\/lahcen-daoudi-ministre-de-lenseignement-superieur-2011-2016\/#breadcrumb"},"inLanguage":"fr-FR","potentialAction":[{"@type":"ReadAction","target":["https:\/\/www.moroccodemia.com\/fr\/lahcen-daoudi-ministre-de-lenseignement-superieur-2011-2016\/"]}]},{"@type":"ImageObject","inLanguage":"fr-FR","@id":"https:\/\/www.moroccodemia.com\/fr\/lahcen-daoudi-ministre-de-lenseignement-superieur-2011-2016\/#primaryimage","url":"https:\/\/www.moroccodemia.com\/fr\/media\/2015\/09\/Beige-Education-Minister.png","contentUrl":"https:\/\/www.moroccodemia.com\/fr\/media\/2015\/09\/Beige-Education-Minister.png"},{"@type":"BreadcrumbList","@id":"https:\/\/www.moroccodemia.com\/fr\/lahcen-daoudi-ministre-de-lenseignement-superieur-2011-2016\/#breadcrumb","itemListElement":[{"@type":"ListItem","position":1,"name":"Accueil","item":"https:\/\/www.moroccodemia.com\/fr\/"},{"@type":"ListItem","position":2,"name":"Lahcen Daoudi: Ministre de l&rsquo;Enseignement Sup\u00e9rieur (2011-2016)"}]},{"@type":"WebSite","@id":"https:\/\/www.moroccodemia.com\/fr\/#website","url":"https:\/\/www.moroccodemia.com\/fr\/","name":"morocco academia french","description":"L'information, tout simplement","potentialAction":[{"@type":"SearchAction","target":{"@type":"EntryPoint","urlTemplate":"https:\/\/www.moroccodemia.com\/fr\/?s={search_term_string}"},"query-input":{"@type":"PropertyValueSpecification","valueRequired":true,"valueName":"search_term_string"}}],"inLanguage":"fr-FR"}]}},"_links":{"self":[{"href":"https:\/\/www.moroccodemia.com\/fr\/wp-json\/wp\/v2\/pages\/5875","targetHints":{"allow":["GET"]}}],"collection":[{"href":"https:\/\/www.moroccodemia.com\/fr\/wp-json\/wp\/v2\/pages"}],"about":[{"href":"https:\/\/www.moroccodemia.com\/fr\/wp-json\/wp\/v2\/types\/page"}],"author":[{"embeddable":true,"href":"https:\/\/www.moroccodemia.com\/fr\/wp-json\/wp\/v2\/users\/1"}],"replies":[{"embeddable":true,"href":"https:\/\/www.moroccodemia.com\/fr\/wp-json\/wp\/v2\/comments?post=5875"}],"version-history":[{"count":3,"href":"https:\/\/www.moroccodemia.com\/fr\/wp-json\/wp\/v2\/pages\/5875\/revisions"}],"predecessor-version":[{"id":9732,"href":"https:\/\/www.moroccodemia.com\/fr\/wp-json\/wp\/v2\/pages\/5875\/revisions\/9732"}],"wp:attachment":[{"href":"https:\/\/www.moroccodemia.com\/fr\/wp-json\/wp\/v2\/media?parent=5875"}],"curies":[{"name":"wp","href":"https:\/\/api.w.org\/{rel}","templated":true}]}}