{"id":5757,"date":"2016-10-14T15:24:36","date_gmt":"2016-10-14T15:24:36","guid":{"rendered":"https:\/\/www.moroccodemia.com\/fr\/?page_id=5757"},"modified":"2020-07-21T18:08:24","modified_gmt":"2020-07-21T17:08:24","slug":"formulaire-de-soumission","status":"publish","type":"page","link":"https:\/\/www.moroccodemia.com\/fr\/formulaire-de-soumission\/","title":{"rendered":"Formulaire de soumission"},"content":{"rendered":"<div class=\"rTable\">\n<div class=\"rTableBody\">\n<div class=\"rTableRow\">\n<div class=\"rTableHead\">\n<hr \/>\n<h1 class=\"h1pagetitle\">Formulaire de soumission et lignes directrices<\/h1>\n<div class=\"dropdown1\"><span class=\"dropdown1\"><button class=\"dropbtn1\"><\/button><br class=\"blank\" \/><span class=\"dropdown1-content\"><a href=\"https:\/\/www.moroccodemia.com\/ar\/%D9%86%D9%85%D9%88%D8%B0%D8%AC-%D9%88-%D8%AA%D9%88%D8%AC%D9%8A%D9%87%D8%A7%D8%AA-%D8%A7%D9%84%D8%A5%D8%B1%D8%B3%D8%A7%D9%84\/\">Parcourir en arabe<\/a><a href=\"https:\/\/www.moroccodemia.com\/en\/submission-form\/\">Parcourir en anglais<\/a><\/span><\/span><\/div>\n<hr \/>\n<div class=\"banner\"><img loading=\"lazy\" decoding=\"async\" class=\"banner-image\" src=\"https:\/\/www.moroccodemia.com\/fr\/media\/2019\/01\/IconBlackTick.png\" style=\"vertical-align: middle;\" alt=\"Formulaire de soumission\" title=\"Formulaire de soumission\" width=\"80\" height=\"80\" \/><\/div>\n<h2 class=\"h2MainContent\">Lignes directrices<\/h2>\n<h3 class=\"h3MainContent\">Formulaire<\/h3>\n<p><span style=\"font-size: 10pt; font-family: verdana, geneva, sans-serif;\">Ce formulaire est r\u00e9serv\u00e9 pour l&rsquo;envoi de m<span lang=\"fr\">at\u00e9riels<\/span> en fran\u00e7ais.<\/span><br \/>\n<span style=\"font-size: 10pt; font-family: verdana, geneva, sans-serif;\">Pour envoyer des\u00a0m<span lang=\"fr\">at\u00e9riels en anglais utiliser le formulaire sur la version anglaise de moroccodemia.<br \/>\n<\/span>En ce qui concerne les\u00a0m<span lang=\"fr\">at\u00e9riels en arabe compl\u00e9ter le formulaire sur <span>la version arabe du site<\/span>.<\/span><\/span><\/p>\n<h3 class=\"h3MainContent\">Texte<\/h3>\n<p><span style=\"font-size: 10pt; font-family: verdana, geneva, sans-serif;\">Le texte est \u00e0 simple\u00a0interligne et utilise une police &lsquo;verdana&rsquo; \u00e0 10\u00a0points.<br \/>\n<\/span><\/p>\n<h3 class=\"h3MainContent\">Couverture du livre<\/h3>\n<p><span style=\"font-family: verdana, geneva, sans-serif; font-size: 10pt;\">Les couvertures des lives doivent \u00eatre en grand format pour permettre au utilisateurs du site de bien visionner le contenu des deux faces du livres.<\/span><\/p>\n<h3 class=\"h3MainContent\">Vid\u00e9o<\/h3>\n<p><span style=\"font-size: 10pt; font-family: verdana, geneva, sans-serif;\">Seuls les liens directs vers des vid\u00e9os sur leurs sites d&rsquo;origines doivent \u00eatre envoy\u00e9s.<\/span><\/p>\n<h2 class=\"h2MainContent\">Soumettre<\/h2>\n<p><span style=\"font-size: 10pt; font-family: verdana, geneva, sans-serif;\">Votre adresse email ne sera pas publi\u00e9e. \u00a0Les champs requis sont surlign\u00e9s *<\/span><\/p>\n<p style=\"text-align: left;\"><span style=\"font-size: 10pt; font-family: verdana, geneva, sans-serif;\">\n<div class=\"wpcf7 no-js\" id=\"wpcf7-f5756-o1\" lang=\"fr-FR\" dir=\"ltr\" data-wpcf7-id=\"5756\">\n<div class=\"screen-reader-response\"><p role=\"status\" aria-live=\"polite\" aria-atomic=\"true\"><\/p> <ul><\/ul><\/div>\n<form action=\"\/fr\/wp-json\/wp\/v2\/pages\/5757#wpcf7-f5756-o1\" method=\"post\" class=\"wpcf7-form init\" aria-label=\"Formulaire de contact\" enctype=\"multipart\/form-data\" novalidate=\"novalidate\" data-status=\"init\">\n<fieldset class=\"hidden-fields-container\"><input type=\"hidden\" name=\"_wpcf7\" value=\"5756\" \/><input type=\"hidden\" name=\"_wpcf7_version\" value=\"6.1.5\" \/><input type=\"hidden\" name=\"_wpcf7_locale\" value=\"fr_FR\" \/><input type=\"hidden\" name=\"_wpcf7_unit_tag\" value=\"wpcf7-f5756-o1\" \/><input type=\"hidden\" name=\"_wpcf7_container_post\" value=\"0\" \/><input type=\"hidden\" name=\"_wpcf7_posted_data_hash\" value=\"\" \/><input type=\"hidden\" name=\"_wpcf7dtx_version\" value=\"5.0.5\" \/><input type=\"hidden\" name=\"_wpcf7_recaptcha_response\" value=\"\" \/>\n<\/fieldset>\n<span class=\"wpcf7-form-control-wrap chapter\" data-name=\"chapter\"><input type=\"hidden\" name=\"chapter\" class=\"wpcf7-form-control wpcf7-hidden wpcf7dtx wpcf7dtx-hidden\" aria-invalid=\"false\" value=\"Formulaire de soumission\"><\/span>\n<p><label> Votre message:<br \/>\n<span class=\"wpcf7-form-control-wrap\" data-name=\"your-message\"><textarea cols=\"40\" rows=\"10\" maxlength=\"2000\" class=\"wpcf7-form-control wpcf7-textarea\" aria-invalid=\"false\" name=\"your-message\"><\/textarea><\/span> <\/label>\n<\/p>\n<p><label> *Votre nom:<br \/>\n<span class=\"wpcf7-form-control-wrap\" data-name=\"your-name\"><input size=\"40\" maxlength=\"400\" class=\"wpcf7-form-control wpcf7-text wpcf7-validates-as-required\" aria-required=\"true\" aria-invalid=\"false\" value=\"\" type=\"text\" name=\"your-name\" \/><\/span> <\/label>\n<\/p>\n<p><label> *Votre e-mail:<br \/>\n<span class=\"wpcf7-form-control-wrap\" data-name=\"your-email\"><input size=\"40\" maxlength=\"400\" class=\"wpcf7-form-control wpcf7-email wpcf7-validates-as-required wpcf7-text wpcf7-validates-as-email\" aria-required=\"true\" aria-invalid=\"false\" value=\"\" type=\"email\" name=\"your-email\" \/><\/span> <\/label>\n<\/p>\n<p>Pi\u00e8ces Jointes:\n<\/p>\n<p><span class=\"wpcf7-form-control-wrap\" data-name=\"Uploadfiles\"><input size=\"40\" class=\"wpcf7-form-control wpcf7-file\" accept=\".pdf,.txt,.doc,.docx,.jpg,.png\" aria-invalid=\"false\" type=\"file\" name=\"Uploadfiles\" \/><\/span>\n<\/p>\n<p><input class=\"wpcf7-form-control wpcf7-submit has-spinner\" type=\"submit\" value=\"Envoyer\" \/>\n<\/p><div class=\"wpcf7-response-output\" aria-hidden=\"true\"><\/div>\n<\/form>\n<\/div>\n<\/span><\/p>\n<h2 class=\"h2MainContent\">D\u00e9claration de confidentialit\u00e9<\/h2>\n<p><span style=\"font-size: 10pt; font-family: verdana, geneva, sans-serif;\">Les noms et adresses \u00e9lectroniques entr\u00e9s dans ce site seront utilis\u00e9s exclusivement aux fins indiqu\u00e9es du site et ne serviront \u00e0 aucune autre fin, ni \u00e0 toute autre partie.<\/span><\/p>\n<p><a href=\"#\"><img loading=\"lazy\" decoding=\"async\" src=\"https:\/\/www.moroccodemia.com\/fr\/media\/2016\/10\/Moroccodemia-Logo.png\" alt=\"Logo moroccodemia\" width=\"724\" height=\"531\" class=\"aligncenter wp-image-5747 size-full\" title=\"Logo moroccodemia\" srcset=\"https:\/\/www.moroccodemia.com\/fr\/media\/2016\/10\/Moroccodemia-Logo.png 724w, https:\/\/www.moroccodemia.com\/fr\/media\/2016\/10\/Moroccodemia-Logo-300x220.png 300w, https:\/\/www.moroccodemia.com\/fr\/media\/2016\/10\/Moroccodemia-Logo-135x100.png 135w\" sizes=\"auto, (max-width: 724px) 100vw, 724px\" \/><\/a><\/p>\n<hr \/>\n<h2 dir=\"ltr\" style=\"text-align: center;\"><span style=\"color: #000000; font-size: 14pt;\"><strong><span style=\"font-family: verdana, geneva, sans-serif;\">Formulaire de soumission<span style=\"font-size: 10pt;\"> et lignes directrices\/<\/span><\/span><\/strong><\/span><\/h2>\n<hr \/>\n<\/div>\n<\/div>\n<\/div>\n<\/div>\n","protected":false},"excerpt":{"rendered":"<p>Formulaire de soumission et lignes directrices Parcourir en arabeParcourir en anglais Lignes directrices Formulaire Ce formulaire est r\u00e9serv\u00e9 pour l&rsquo;envoi de mat\u00e9riels en fran\u00e7ais. Pour envoyer des\u00a0mat\u00e9riels en anglais utiliser le formulaire sur la version anglaise de moroccodemia. En ce qui concerne les\u00a0mat\u00e9riels en arabe compl\u00e9ter le formulaire sur la version arabe du site. Texte [&hellip;]<\/p>\n","protected":false},"author":1,"featured_media":0,"parent":0,"menu_order":0,"comment_status":"closed","ping_status":"closed","template":"","meta":{"footnotes":""},"class_list":["post-5757","page","type-page","status-publish","hentry"],"yoast_head":"<!-- This site is optimized with the Yoast SEO plugin v27.3 - https:\/\/yoast.com\/product\/yoast-seo-wordpress\/ -->\n<title>Formulaire de soumission et lignes directrices | moroccodemia fran\u00e7ais<\/title>\n<meta name=\"robots\" content=\"index, follow, max-snippet:-1, max-image-preview:large, max-video-preview:-1\" \/>\n<link rel=\"canonical\" href=\"https:\/\/www.moroccodemia.com\/fr\/formulaire-de-soumission\/\" \/>\n<meta property=\"og:locale\" content=\"fr_FR\" \/>\n<meta property=\"og:type\" content=\"article\" \/>\n<meta property=\"og:title\" content=\"Formulaire de soumission et lignes directrices | moroccodemia fran\u00e7ais\" \/>\n<meta property=\"og:description\" content=\"Formulaire de soumission et lignes directrices Parcourir en arabeParcourir en anglais Lignes directrices Formulaire Ce formulaire est r\u00e9serv\u00e9 pour l&rsquo;envoi de mat\u00e9riels en fran\u00e7ais. Pour envoyer des\u00a0mat\u00e9riels en anglais utiliser le formulaire sur la version anglaise de moroccodemia. En ce qui concerne les\u00a0mat\u00e9riels en arabe compl\u00e9ter le formulaire sur la version arabe du site. Texte [&hellip;]\" \/>\n<meta property=\"og:url\" content=\"https:\/\/www.moroccodemia.com\/fr\/formulaire-de-soumission\/\" \/>\n<meta property=\"og:site_name\" content=\"morocco academia french\" \/>\n<meta property=\"article:publisher\" content=\"https:\/\/www.facebook.com\/Morocco-academia-239938123438369\/\" \/>\n<meta property=\"article:modified_time\" content=\"2020-07-21T17:08:24+00:00\" \/>\n<meta property=\"og:image\" content=\"https:\/\/www.moroccodemia.com\/fr\/media\/2019\/01\/IconBlackTick.png\" \/>\n<meta name=\"twitter:card\" content=\"summary_large_image\" \/>\n<meta name=\"twitter:site\" content=\"@moroccodemia\" \/>\n<meta name=\"twitter:label1\" content=\"Dur\u00e9e de lecture estim\u00e9e\" \/>\n\t<meta name=\"twitter:data1\" content=\"1 minute\" \/>\n<script type=\"application\/ld+json\" class=\"yoast-schema-graph\">{\"@context\":\"https:\\\/\\\/schema.org\",\"@graph\":[{\"@type\":\"WebPage\",\"@id\":\"https:\\\/\\\/www.moroccodemia.com\\\/fr\\\/formulaire-de-soumission\\\/\",\"url\":\"https:\\\/\\\/www.moroccodemia.com\\\/fr\\\/formulaire-de-soumission\\\/\",\"name\":\"Formulaire de soumission et lignes directrices | moroccodemia fran\u00e7ais\",\"isPartOf\":{\"@id\":\"https:\\\/\\\/www.moroccodemia.com\\\/fr\\\/#website\"},\"primaryImageOfPage\":{\"@id\":\"https:\\\/\\\/www.moroccodemia.com\\\/fr\\\/formulaire-de-soumission\\\/#primaryimage\"},\"image\":{\"@id\":\"https:\\\/\\\/www.moroccodemia.com\\\/fr\\\/formulaire-de-soumission\\\/#primaryimage\"},\"thumbnailUrl\":\"https:\\\/\\\/www.moroccodemia.com\\\/fr\\\/media\\\/2019\\\/01\\\/IconBlackTick.png\",\"datePublished\":\"2016-10-14T15:24:36+00:00\",\"dateModified\":\"2020-07-21T17:08:24+00:00\",\"breadcrumb\":{\"@id\":\"https:\\\/\\\/www.moroccodemia.com\\\/fr\\\/formulaire-de-soumission\\\/#breadcrumb\"},\"inLanguage\":\"fr-FR\",\"potentialAction\":[{\"@type\":\"ReadAction\",\"target\":[\"https:\\\/\\\/www.moroccodemia.com\\\/fr\\\/formulaire-de-soumission\\\/\"]}]},{\"@type\":\"ImageObject\",\"inLanguage\":\"fr-FR\",\"@id\":\"https:\\\/\\\/www.moroccodemia.com\\\/fr\\\/formulaire-de-soumission\\\/#primaryimage\",\"url\":\"https:\\\/\\\/www.moroccodemia.com\\\/fr\\\/media\\\/2019\\\/01\\\/IconBlackTick.png\",\"contentUrl\":\"https:\\\/\\\/www.moroccodemia.com\\\/fr\\\/media\\\/2019\\\/01\\\/IconBlackTick.png\",\"width\":100,\"height\":100},{\"@type\":\"BreadcrumbList\",\"@id\":\"https:\\\/\\\/www.moroccodemia.com\\\/fr\\\/formulaire-de-soumission\\\/#breadcrumb\",\"itemListElement\":[{\"@type\":\"ListItem\",\"position\":1,\"name\":\"Accueil\",\"item\":\"https:\\\/\\\/www.moroccodemia.com\\\/fr\\\/\"},{\"@type\":\"ListItem\",\"position\":2,\"name\":\"Formulaire de soumission\"}]},{\"@type\":\"WebSite\",\"@id\":\"https:\\\/\\\/www.moroccodemia.com\\\/fr\\\/#website\",\"url\":\"https:\\\/\\\/www.moroccodemia.com\\\/fr\\\/\",\"name\":\"morocco academia french\",\"description\":\"L'information, tout simplement\",\"potentialAction\":[{\"@type\":\"SearchAction\",\"target\":{\"@type\":\"EntryPoint\",\"urlTemplate\":\"https:\\\/\\\/www.moroccodemia.com\\\/fr\\\/?s={search_term_string}\"},\"query-input\":{\"@type\":\"PropertyValueSpecification\",\"valueRequired\":true,\"valueName\":\"search_term_string\"}}],\"inLanguage\":\"fr-FR\"}]}<\/script>\n<!-- \/ Yoast SEO plugin. -->","yoast_head_json":{"title":"Formulaire de soumission et lignes directrices | moroccodemia fran\u00e7ais","robots":{"index":"index","follow":"follow","max-snippet":"max-snippet:-1","max-image-preview":"max-image-preview:large","max-video-preview":"max-video-preview:-1"},"canonical":"https:\/\/www.moroccodemia.com\/fr\/formulaire-de-soumission\/","og_locale":"fr_FR","og_type":"article","og_title":"Formulaire de soumission et lignes directrices | moroccodemia fran\u00e7ais","og_description":"Formulaire de soumission et lignes directrices Parcourir en arabeParcourir en anglais Lignes directrices Formulaire Ce formulaire est r\u00e9serv\u00e9 pour l&rsquo;envoi de mat\u00e9riels en fran\u00e7ais. Pour envoyer des\u00a0mat\u00e9riels en anglais utiliser le formulaire sur la version anglaise de moroccodemia. En ce qui concerne les\u00a0mat\u00e9riels en arabe compl\u00e9ter le formulaire sur la version arabe du site. Texte [&hellip;]","og_url":"https:\/\/www.moroccodemia.com\/fr\/formulaire-de-soumission\/","og_site_name":"morocco academia french","article_publisher":"https:\/\/www.facebook.com\/Morocco-academia-239938123438369\/","article_modified_time":"2020-07-21T17:08:24+00:00","og_image":[{"url":"https:\/\/www.moroccodemia.com\/fr\/media\/2019\/01\/IconBlackTick.png","type":"","width":"","height":""}],"twitter_card":"summary_large_image","twitter_site":"@moroccodemia","twitter_misc":{"Dur\u00e9e de lecture estim\u00e9e":"1 minute"},"schema":{"@context":"https:\/\/schema.org","@graph":[{"@type":"WebPage","@id":"https:\/\/www.moroccodemia.com\/fr\/formulaire-de-soumission\/","url":"https:\/\/www.moroccodemia.com\/fr\/formulaire-de-soumission\/","name":"Formulaire de soumission et lignes directrices | moroccodemia fran\u00e7ais","isPartOf":{"@id":"https:\/\/www.moroccodemia.com\/fr\/#website"},"primaryImageOfPage":{"@id":"https:\/\/www.moroccodemia.com\/fr\/formulaire-de-soumission\/#primaryimage"},"image":{"@id":"https:\/\/www.moroccodemia.com\/fr\/formulaire-de-soumission\/#primaryimage"},"thumbnailUrl":"https:\/\/www.moroccodemia.com\/fr\/media\/2019\/01\/IconBlackTick.png","datePublished":"2016-10-14T15:24:36+00:00","dateModified":"2020-07-21T17:08:24+00:00","breadcrumb":{"@id":"https:\/\/www.moroccodemia.com\/fr\/formulaire-de-soumission\/#breadcrumb"},"inLanguage":"fr-FR","potentialAction":[{"@type":"ReadAction","target":["https:\/\/www.moroccodemia.com\/fr\/formulaire-de-soumission\/"]}]},{"@type":"ImageObject","inLanguage":"fr-FR","@id":"https:\/\/www.moroccodemia.com\/fr\/formulaire-de-soumission\/#primaryimage","url":"https:\/\/www.moroccodemia.com\/fr\/media\/2019\/01\/IconBlackTick.png","contentUrl":"https:\/\/www.moroccodemia.com\/fr\/media\/2019\/01\/IconBlackTick.png","width":100,"height":100},{"@type":"BreadcrumbList","@id":"https:\/\/www.moroccodemia.com\/fr\/formulaire-de-soumission\/#breadcrumb","itemListElement":[{"@type":"ListItem","position":1,"name":"Accueil","item":"https:\/\/www.moroccodemia.com\/fr\/"},{"@type":"ListItem","position":2,"name":"Formulaire de soumission"}]},{"@type":"WebSite","@id":"https:\/\/www.moroccodemia.com\/fr\/#website","url":"https:\/\/www.moroccodemia.com\/fr\/","name":"morocco academia french","description":"L'information, tout simplement","potentialAction":[{"@type":"SearchAction","target":{"@type":"EntryPoint","urlTemplate":"https:\/\/www.moroccodemia.com\/fr\/?s={search_term_string}"},"query-input":{"@type":"PropertyValueSpecification","valueRequired":true,"valueName":"search_term_string"}}],"inLanguage":"fr-FR"}]}},"_links":{"self":[{"href":"https:\/\/www.moroccodemia.com\/fr\/wp-json\/wp\/v2\/pages\/5757","targetHints":{"allow":["GET"]}}],"collection":[{"href":"https:\/\/www.moroccodemia.com\/fr\/wp-json\/wp\/v2\/pages"}],"about":[{"href":"https:\/\/www.moroccodemia.com\/fr\/wp-json\/wp\/v2\/types\/page"}],"author":[{"embeddable":true,"href":"https:\/\/www.moroccodemia.com\/fr\/wp-json\/wp\/v2\/users\/1"}],"replies":[{"embeddable":true,"href":"https:\/\/www.moroccodemia.com\/fr\/wp-json\/wp\/v2\/comments?post=5757"}],"version-history":[{"count":3,"href":"https:\/\/www.moroccodemia.com\/fr\/wp-json\/wp\/v2\/pages\/5757\/revisions"}],"predecessor-version":[{"id":13437,"href":"https:\/\/www.moroccodemia.com\/fr\/wp-json\/wp\/v2\/pages\/5757\/revisions\/13437"}],"wp:attachment":[{"href":"https:\/\/www.moroccodemia.com\/fr\/wp-json\/wp\/v2\/media?parent=5757"}],"curies":[{"name":"wp","href":"https:\/\/api.w.org\/{rel}","templated":true}]}}