{"id":5697,"date":"2016-09-25T15:42:43","date_gmt":"2016-09-25T15:42:43","guid":{"rendered":"https:\/\/www.moroccodemia.com\/fr\/?page_id=5697"},"modified":"2024-06-20T09:08:14","modified_gmt":"2024-06-20T08:08:14","slug":"appel-a-contribution","status":"publish","type":"page","link":"https:\/\/www.moroccodemia.com\/fr\/appel-a-contribution\/","title":{"rendered":"Appel \u00e0 contribution"},"content":{"rendered":"<div class=\"rTable\">\n<div class=\"rTableBody\">\n<div class=\"rTableRow\">\n<div class=\"rTableHead\">\n<hr \/>\n<h1 class=\"h1pagetitle\">Appel \u00e0 contribution<\/h1>\n<div class=\"dropdown1\"><button class=\"dropbtn1\"><\/button><br class=\"blank \/\" \/><span class=\"dropdown1-content\"><a href=\"https:\/\/www.moroccodemia.com\/\/ar\/%D8%AF%D8%B9%D9%88%D8%A9-%D9%84%D8%AA%D9%82%D8%AF%D9%8A%D9%85-%D8%A3%D9%88%D8%B1%D8%A7%D9%82\/\">Parcourir en arabe<\/a><a href=\"https:\/\/www.moroccodemia.com\/\/en\/call-for-papers\/\">Parcourir en anglais<\/a><\/span><\/div>\n<hr \/>\n<div class=\"banner\"><img loading=\"lazy\" decoding=\"async\" class=\"banner-image\" src=\"https:\/\/www.moroccodemia.com\/fr\/media\/2020\/05\/IconBlackCall4Papers.png\" style=\"vertical-align: middle;\" alt=\"Appel \u00e0 contribution\" title=\"Appel \u00e0 contribution\" width=\"80\" height=\"80\" \/><\/div>\n<p><div class=\"responsive-tabs\">\n<h2 class=\"tabtitle\">Conf\u00e9rence<\/h2>\n<div class=\"tabcontent\">\n<br \/>\n<strong><\/strong><\/p>\n<p><strong>Novembre 2024<\/strong><\/p>\n<p><a href=\"https:\/\/www.moroccodemia.com\/media\/2024\/06\/EventARENFRConfCFP5th-National-Conference-on-Legal-TranslationNov.-20-2024El-Jadida.pdf\"><img loading=\"lazy\" decoding=\"async\" src=\"https:\/\/www.moroccodemia.com\/fr\/media\/2024\/06\/EventFRConfCFP-4TH-National-Conference-on-Legal-TranslationNov.-20-2024El-Jadida.png\" alt=\"\" width=\"600\" height=\"400\" class=\"aligncenter wp-image-16135 size-full\" \/><\/a><\/p>\n<p><strong>Novembre 2023<\/strong><\/p>\n<p style=\"text-align: center;\"><a href=\"https:\/\/www.moroccodemia.com\/media\/2023\/07\/EventsENCFPEndangered-LanguagesRabatNovember-23-25-2023.pdf\"><img loading=\"lazy\" decoding=\"async\" src=\"https:\/\/www.moroccodemia.com\/fr\/media\/2023\/07\/EventsFRCFPfor-endangered-LanguagesRabatNovember-23-25-2023-copy-2.png\" alt=\"Conference poster: Langues en danger\" width=\"600\" height=\"400\" class=\"aligncenter wp-image-16113 size-full\" title=\"Langues en danger\" srcset=\"https:\/\/www.moroccodemia.com\/fr\/media\/2023\/07\/EventsFRCFPfor-endangered-LanguagesRabatNovember-23-25-2023-copy-2.png 600w, https:\/\/www.moroccodemia.com\/fr\/media\/2023\/07\/EventsFRCFPfor-endangered-LanguagesRabatNovember-23-25-2023-copy-2-300x200.png 300w\" sizes=\"auto, (max-width: 600px) 100vw, 600px\" \/><\/a><\/p>\n<p class=\"Space\"><strong>Octobre 2023<\/strong><\/p>\n<p><a href=\"https:\/\/www.moroccodemia.com\/media\/2023\/04\/EventFRConfCFPCIRSHS26-october-2023Settat.pdf\"><img loading=\"lazy\" decoding=\"async\" src=\"https:\/\/www.moroccodemia.com\/fr\/media\/2023\/04\/EventFRConfCFPCIRSHS26-october-2023Settat.png\" alt=\"Conference: Quelles approches andragogiques et didactiques pour l\u2019universite\u0301 de demain ?\" width=\"600\" height=\"400\" class=\"aligncenter wp-image-16107 size-full\" title=\"Quelles approches andragogiques et didactiques pour l\u2019universite\u0301 de demain ?\" srcset=\"https:\/\/www.moroccodemia.com\/fr\/media\/2023\/04\/EventFRConfCFPCIRSHS26-october-2023Settat.png 600w, https:\/\/www.moroccodemia.com\/fr\/media\/2023\/04\/EventFRConfCFPCIRSHS26-october-2023Settat-300x200.png 300w\" sizes=\"auto, (max-width: 600px) 100vw, 600px\" \/><\/a><\/p>\n<p><strong>Mars 2023<\/strong><\/p>\n<p><a href=\"https:\/\/www.moroccodemia.com\/media\/2022\/10\/EventsFRConfCFPMedia-Society.pdf\"><img loading=\"lazy\" decoding=\"async\" src=\"https:\/\/www.moroccodemia.com\/fr\/media\/2022\/10\/EventsFRConfCFPMedia-Society.png\" alt=\"Poster: Conference on Media and Society\" width=\"600\" height=\"400\" class=\"aligncenter wp-image-16078 size-full\" title=\"Media and Society\" srcset=\"https:\/\/www.moroccodemia.com\/fr\/media\/2022\/10\/EventsFRConfCFPMedia-Society.png 600w, https:\/\/www.moroccodemia.com\/fr\/media\/2022\/10\/EventsFRConfCFPMedia-Society-300x200.png 300w\" sizes=\"auto, (max-width: 600px) 100vw, 600px\" \/><\/a><\/p>\n<p><a href=\"https:\/\/www.moroccodemia.com\/media\/2022\/07\/EventsFRConfCFP-Language-Current-IssuesMarch-8-9-2023Agadir-Morocco.pdf\"><img loading=\"lazy\" decoding=\"async\" src=\"https:\/\/www.moroccodemia.com\/fr\/media\/2022\/07\/EventsFRConfCFP-Language-Current-IssuesMarch-8-9-2023Agadir-Morocco.png\" alt=\"Conference poster: Les Politiques Linguistiques et la Construction des Identite\u0301s\" width=\"600\" height=\"400\" class=\"aligncenter wp-image-16066 size-full\" title=\"Les Politiques Linguistiques et la Construction des Identite\u0301s\" srcset=\"https:\/\/www.moroccodemia.com\/fr\/media\/2022\/07\/EventsFRConfCFP-Language-Current-IssuesMarch-8-9-2023Agadir-Morocco.png 600w, https:\/\/www.moroccodemia.com\/fr\/media\/2022\/07\/EventsFRConfCFP-Language-Current-IssuesMarch-8-9-2023Agadir-Morocco-300x200.png 300w\" sizes=\"auto, (max-width: 600px) 100vw, 600px\" \/><\/a><\/p>\n<p><a href=\"https:\/\/www.moroccodemia.com\/media\/2022\/12\/EventsFRConfCFPLes-Humanites-numeriques1-3-mars-2022FLSHIbn-ZohrAgadirs.pdf\"><img loading=\"lazy\" decoding=\"async\" src=\"https:\/\/www.moroccodemia.com\/fr\/media\/2022\/12\/EventsFRConfCFPLes-Humanites-numeriques1-3-mars-2022FLSHIbn-ZohrAgadirs.png\" alt=\"Conference Poster: Les Humanite\u0301s nume\u0301riques\" width=\"600\" height=\"400\" class=\"wp-image-16098 size-full aligncenter\" title=\"Les Humanite\u0301s nume\u0301riques\" srcset=\"https:\/\/www.moroccodemia.com\/fr\/media\/2022\/12\/EventsFRConfCFPLes-Humanites-numeriques1-3-mars-2022FLSHIbn-ZohrAgadirs.png 600w, https:\/\/www.moroccodemia.com\/fr\/media\/2022\/12\/EventsFRConfCFPLes-Humanites-numeriques1-3-mars-2022FLSHIbn-ZohrAgadirs-300x200.png 300w\" sizes=\"auto, (max-width: 600px) 100vw, 600px\" \/><\/a><\/p>\n<p><strong>Juillet 2022<\/strong><\/p>\n<p><a href=\"https:\/\/www.moroccodemia.com\/media\/2022\/07\/EventFRConfCFPJournne\u0301es-de-formation-doctorale18-21-JuilFLSH-Agadir.pdf\"><img loading=\"lazy\" decoding=\"async\" src=\"https:\/\/www.moroccodemia.com\/fr\/media\/2022\/07\/EventFRConfCFPJournne\u0301es-de-formation-doctorale18-21-JuilFLSH-Agadir.png\" alt=\"Conference poster: Journne\u0301es de formation doctorale\" width=\"600\" height=\"400\" class=\"aligncenter wp-image-16069 size-full\" title=\"Journne\u0301es de formation doctorale\" srcset=\"https:\/\/www.moroccodemia.com\/fr\/media\/2022\/07\/EventFRConfCFPJournne\u0301es-de-formation-doctorale18-21-JuilFLSH-Agadir.png 600w, https:\/\/www.moroccodemia.com\/fr\/media\/2022\/07\/EventFRConfCFPJournne\u0301es-de-formation-doctorale18-21-JuilFLSH-Agadir-300x200.png 300w\" sizes=\"auto, (max-width: 600px) 100vw, 600px\" \/><\/a><\/p>\n<p><strong>Mai 2022<\/strong><\/p>\n<p><a href=\"https:\/\/www.moroccodemia.com\/media\/2022\/02\/EventFRConfCFPLInterdiscours-en-Langue-et-en-Litte\u0301ratureMay-13-14-2022FLSH-Agadir.pdf\"><img loading=\"lazy\" decoding=\"async\" src=\"https:\/\/www.moroccodemia.com\/fr\/media\/2022\/02\/EventFRConfCFPLInterdiscours-en-Langue-et-en-Litte\u0301ratureMay-13-14-2022FLSH-Agadir.png\" alt=\"Conference Poster: L'Interdiscours en Langue et en Litte\u0301rature\" width=\"600\" height=\"400\" class=\"aligncenter wp-image-16006 size-full\" title=\"L'Interdiscours en Langue et en Litte\u0301rature\" srcset=\"https:\/\/www.moroccodemia.com\/fr\/media\/2022\/02\/EventFRConfCFPLInterdiscours-en-Langue-et-en-Litte\u0301ratureMay-13-14-2022FLSH-Agadir.png 600w, https:\/\/www.moroccodemia.com\/fr\/media\/2022\/02\/EventFRConfCFPLInterdiscours-en-Langue-et-en-Litte\u0301ratureMay-13-14-2022FLSH-Agadir-300x200.png 300w\" sizes=\"auto, (max-width: 600px) 100vw, 600px\" \/><\/a><\/p>\n<p class=\"space\"><strong>Avril 2022<\/strong><\/p>\n<p><a href=\"https:\/\/www.moroccodemia.com\/media\/2021\/12\/EventFRConfCFPFaire-une-the\u0300se-interdisciplinaireFLSHAPRIL-28-29-2022.pdf\"><img loading=\"lazy\" decoding=\"async\" src=\"https:\/\/www.moroccodemia.com\/fr\/media\/2021\/12\/EventFRConfCFPFaire-une-the\u0300se-interdisciplinaireFLSHAPRIL-28-29-2022.png\" alt=\"Conference: How to write an interdisciplinary thesis\" width=\"600\" height=\"400\" class=\"aligncenter wp-image-15929 size-full\" title=\"Faire une the\u0300se interdisciplinaire\" srcset=\"https:\/\/www.moroccodemia.com\/fr\/media\/2021\/12\/EventFRConfCFPFaire-une-the\u0300se-interdisciplinaireFLSHAPRIL-28-29-2022.png 600w, https:\/\/www.moroccodemia.com\/fr\/media\/2021\/12\/EventFRConfCFPFaire-une-the\u0300se-interdisciplinaireFLSHAPRIL-28-29-2022-300x200.png 300w\" sizes=\"auto, (max-width: 600px) 100vw, 600px\" \/><\/a><\/p>\n<p><strong>F\u00e9vrier 2022<\/strong><br \/>\n<a href=\"https:\/\/www.moroccodemia.com\/media\/2021\/12\/EventConfCFPJourne\u0301es-doctorales-4-LARLANCO-AMSICFLSH-Agadir-Feb.-24-25-2022.pdf\"><img loading=\"lazy\" decoding=\"async\" src=\"https:\/\/www.moroccodemia.com\/fr\/media\/2021\/12\/EventConfCFPJourne\u0301es-doctorales-4-LARLANCO-AMSICFLSH-Agadir-Feb.-24-25-2022.png\" alt=\"Conference Poster: 4\u00e8me edition des journ\u00e9es doctorales, Agadir\" width=\"600\" height=\"400\" class=\"aligncenter wp-image-15873 size-full\" title=\"4\u00e8me edition des journ\u00e9es doctorales, Agadir\" srcset=\"https:\/\/www.moroccodemia.com\/fr\/media\/2021\/12\/EventConfCFPJourne\u0301es-doctorales-4-LARLANCO-AMSICFLSH-Agadir-Feb.-24-25-2022.png 600w, https:\/\/www.moroccodemia.com\/fr\/media\/2021\/12\/EventConfCFPJourne\u0301es-doctorales-4-LARLANCO-AMSICFLSH-Agadir-Feb.-24-25-2022-300x200.png 300w\" sizes=\"auto, (max-width: 600px) 100vw, 600px\" \/><\/a><\/p>\n<p><a href=\"https:\/\/www.moroccodemia.com\/media\/2021\/12\/EventFRConfCFPImages-des-Langues-5th-editionFeb-24-25-2022.pdf\"><img loading=\"lazy\" decoding=\"async\" src=\"https:\/\/www.moroccodemia.com\/fr\/media\/2021\/12\/EventFRConfCFPImages-des-Langues-5th-editionFeb-24-25-2022.png\" alt=\"Conference: Images des Langues, 5th  edition\" width=\"600\" height=\"400\" class=\"aligncenter wp-image-15897 size-full\" title=\"Images des Langues, 5th  edition\" srcset=\"https:\/\/www.moroccodemia.com\/fr\/media\/2021\/12\/EventFRConfCFPImages-des-Langues-5th-editionFeb-24-25-2022.png 600w, https:\/\/www.moroccodemia.com\/fr\/media\/2021\/12\/EventFRConfCFPImages-des-Langues-5th-editionFeb-24-25-2022-300x200.png 300w\" sizes=\"auto, (max-width: 600px) 100vw, 600px\" \/><\/a><\/p>\n<div class=\"article-container\">\n<div class=\"topimg\"><img loading=\"lazy\" decoding=\"async\" src=\"https:\/\/www.moroccodemia.com\/fr\/media\/2020\/05\/IconOrangeCall4PapersAR.png\" alt=\"\" width=\"50\" height=\"50\" class=\"alignnone size-full wp-image-2108\" \/><\/div>\n<div class=\"info\">\n<h2><a href=\"https:\/\/www.moroccodemia.com\/media\/2021\/03\/EventFRCFPConfDistance-LearningJune-12-14-2021EST-Laayoune.pdf\">Enseignement a\u0300 distance et contextes d\u2019institutionnalisation<\/a><\/h2>\n<hr \/>\n<h3>Ecole Sup\u00e9rieure de Technologie &#8211; Laayoune<\/h3>\n<p class=\"ltr\"><span style=\"font-size: 8pt;\">[12-14 juin 2021]<\/span><\/p>\n<\/div>\n<\/div>\n<p><a href=\"https:\/\/www.moroccodemia.com\/media\/2021\/02\/EventFRConferenceCall-for-papersLe-discours-de-la-rumeur-a\u0300-l\u2019e\u0300re-du-nume\u0301riqueJUNE8-10FLSH-Agadir.pdf\"><span style=\"font-size: 10pt;\">Le discours de la rumeur a\u0300 l\u2019e\u0300re du nume\u0301rique<br \/>\n<\/span><\/a><span style=\"font-size: 8pt;\">[8-10 juin 2021]<\/span><\/p>\n<p><a href=\"https:\/\/drive.google.com\/open?id=1mnBXRzpiRS-x50q0yFBUJ0lTHlPcTBCY\"><span style=\"font-size: 10pt;\">Colloque international:\u00a0<\/span><span style=\"font-size: 10pt;\">Interdisciplinarite\u0301: horizon inde\u0301passable des sciences?<\/span><br \/>\n<\/a><span style=\"font-size: 10pt;\"><span style=\"font-size: 8pt;\">[20-21 novembre\u00a0 2019]<\/span><\/span><\/p>\n<p><a href=\"https:\/\/drive.google.com\/open?id=1fDZm7rPzX7ryC9SUVsIRE7_2IPhKrmGP\"><span style=\"font-size: 10pt;\">Cine\u0301ma et anthropologie visuelle<\/span><span style=\"font-size: 10pt;\">:\u00a0<\/span><span style=\"font-size: 10pt;\">Enjeux e\u0301thiques, sociaux et culturels<br \/>\n<\/span><\/a><span style=\"font-size: 10pt;\"><span style=\"font-size: 8pt;\">[24-25 avril\u00a0 2019]<\/span><\/span><\/p>\n<p><span style=\"font-size: 10pt;\"><a href=\"https:\/\/drive.google.com\/open?id=13RWavbWRoXQ-M_873MAoyjVpLBgkXkr_\">Colloque international\/Fronti\u00e8res de la citoyennet\u00e9 :Enjeux de l\u2019accueil des primo-arrivants<\/a><br \/>\n<span style=\"font-size: 8pt;\">[27-29 mars\u00a0 2019]<\/span> <\/span><\/p>\n<p><a href=\"https:\/\/drive.google.com\/open?id=1SNogcRyOX6Guga9wdgo_RJcuWJXF1wMY\"><span style=\"font-size: 10pt;\">Conference d\u2019information et de r\u00e9seautage: \u201dDevenir une universit\u00e9 entrepreneuriale et innovante\u201d<br \/>\n<\/span><\/a><span style=\"font-size: 8pt;\">[8-9 novembre\u00a0 2018]<\/span><\/p>\n<p><span style=\"font-size: 8pt;\"><span style=\"font-size: 10pt;\"><a href=\"https:\/\/drive.google.com\/open?id=1xym7X2rvQ9_7rnWMI4SXco93o_d3Mn9-\">Laboratoire des des Etudes et Recherches sur la Culture et la Langue\u00a0 Amazighes<br \/>\n[<\/a><span style=\"font-size: 8pt;\">18-19 juillet 2018]<\/span><\/span><\/span><\/p>\n<p><a href=\"https:\/\/drive.google.com\/open?id=1yanJR5imKQSkwuHRIwtYw_crJ8y7O_xI\"><span style=\"font-size: 10pt;\">Colloque international:\u00a0<\/span><span style=\"font-size: 10pt;\">\u00abMobilite\u0301s et solidarite\u0301s: de la croise\u0301e des chemins au destin commun?\u00bb<br \/>\n<\/span><\/a><span style=\"font-size: 8pt;\">[3-5 avril 2018]<\/span><\/p>\n<p><span style=\"font-size: 10pt;\">Droit migratoire entre politique publique, soci\u00e9t\u00e9 civile, et repr\u00e9sentations discriminatoires : le cas du Maroc<br \/>\n<\/span><span style=\"font-size: 8pt;\">[21-22 mars 2018]<\/span><\/p>\n<p><span style=\"font-size: 10pt; font-family: verdana, geneva, sans-serif;\"><a href=\"https:\/\/drive.google.com\/open?id=0BwfxPJvHEn_8OEF2OGdrVTdYRWc\">La sociologie pragmatique: c&rsquo;est quoi? C&rsquo;est qui?<\/a><br \/>\n<span style=\"font-size: 8pt;\">[11-12 mai 2017]<\/span><\/span><\/p>\n<p><span style=\"font-size: 10pt; font-family: verdana, geneva, sans-serif;\"><a href=\"http:\/\/drive.google.com\/open?id=0BwfxPJvHEn_8QUI1WExGLVlkSEk\">Journ\u00e9e d&rsquo;\u00e9tude: Cultures et langues<\/a><br \/>\n<span style=\"color: #808080;\"> <span style=\"font-size: 8pt; color: #333333;\">[25 Avril 2017]<\/span><\/span><\/span><\/p>\n<p><span style=\"font-size: 10pt; font-family: verdana, geneva, sans-serif;\"><a href=\"http:\/\/drive.google.com\/open?id=0BwfxPJvHEn_8RGh1ZlY1MjExNnc\">Colloque\u00a0international\u00a0Taliouine- Maroc\/Oralit\u00e9s, m\u00e9moires des\u00a0corps et des territoires<\/a><br \/>\n<span style=\"font-size: 8pt;\">[21-22-23 avril 2017]<\/span><\/span><\/p>\n<p><span style=\"font-size: 10pt; font-family: verdana, geneva, sans-serif;\"><a href=\"http:\/\/drive.google.com\/open?id=1M5hTbCYwyYCzPYzYzsrXcVWbpRB6pSR-r9PE2951oqw\">Discours politique et recherche acad\u00e9mique : Quelles perspectives?<\/a><br \/>\n<\/span><span style=\"font-size: 10pt; font-family: verdana, geneva, sans-serif;\"><span style=\"font-size: 8pt;\">[25 Avril 2017]<\/span><\/span><\/p>\n<p><span style=\"font-size: 10pt; font-family: verdana, geneva, sans-serif;\"><a href=\"http:\/\/drive.google.com\/open?id=0BwfxPJvHEn_8SE0wdHJDZHFWNHM\">Colloque IRPALL :Corps et traduction<\/a><br \/>\n<span style=\"font-size: 8pt;\">[3-4 Novembre\u00a02016]<\/span><\/span><\/p>\n<hr class=\"footer\" \/>\n<p><strong><span style=\"font-size: 18pt;\"><a href=\"https:\/\/www.moroccodemia.com\/fr\/evenements\/\">Ev\u00e9nements<\/a>\u00a0<span style=\"font-size: 12pt;\"><span style=\"font-size: 14pt; font-family: verdana,geneva,sans-serif;\"><span style=\"font-size: 10pt;\">Scientifiques et Culturels<\/span><\/span><\/span><\/span><\/strong><\/p>\n\n<\/div><h2 class=\"tabtitle\">Revue<\/h2>\n<div class=\"tabcontent\">\n\n<p><span style=\"font-size: 8pt;\"><a href=\"https:\/\/drive.google.com\/open?id=1yzvuQPibndR3rFmw0iwWj29APVpDItHM\"><span style=\"font-size: 10pt;\">Revue des Etudes Amazighes<\/span><\/a><br \/>\n[2018]<\/span><\/p>\n<p><span style=\"font-size: 8pt; font-family: verdana, geneva, sans-serif;\"><\/span><span style=\"font-size: 10pt; font-family: verdana, geneva, sans-serif;\"><a href=\"http:\/\/drive.google.com\/open?id=0BwfxPJvHEn_8ZTBtQ2JGQXREc28\">Revue Afrique Contemporaine<\/a><\/span><span style=\"font-size: 10pt; font-family: verdana, geneva, sans-serif; color: #808080;\"><br \/>\n<\/span><span style=\"font-family: verdana, geneva, sans-serif; font-size: 8pt;\">[Dates: 01\u00a0Novembre 2016]<\/span><\/p>\n\n<\/div><h2 class=\"tabtitle\">Projet<\/h2>\n<div class=\"tabcontent\">\n\n<p><span style=\"font-size: 10pt;\"><a href=\"https:\/\/www.moroccodemia.com\/media\/2021\/03\/ResearchCall-for-ProjectsFRTechnology-Transfer-ProcessesT2chTransfer-2021.pdf\">Tech Transfer 2021<\/a><\/span><\/p>\n<\/div><\/div>\n<hr \/>\n<h2 style=\"text-align: center;\"><strong><span style=\"font-family: verdana, geneva, sans-serif; font-size: 14pt;\">Appel \u00e0 contribution\/<\/span><\/strong><\/h2>\n<hr \/>\n<\/div>\n<\/div>\n<\/div>\n<\/div>\n","protected":false},"excerpt":{"rendered":"<p>Appel \u00e0 contribution Parcourir en arabeParcourir en anglais Novembre 2024 Novembre 2023 Octobre 2023 Mars 2023 Juillet 2022 Mai 2022 Avril 2022 F\u00e9vrier 2022 Enseignement a\u0300 distance et contextes d\u2019institutionnalisation Ecole Sup\u00e9rieure de Technologie &#8211; Laayoune [12-14 juin 2021] Le discours de la rumeur a\u0300 l\u2019e\u0300re du nume\u0301rique [8-10 juin 2021] Colloque international:\u00a0Interdisciplinarite\u0301: horizon inde\u0301passable [&hellip;]<\/p>\n","protected":false},"author":1,"featured_media":0,"parent":0,"menu_order":0,"comment_status":"closed","ping_status":"closed","template":"","meta":{"footnotes":""},"class_list":["post-5697","page","type-page","status-publish","hentry"],"yoast_head":"<!-- This site is optimized with the Yoast SEO plugin v27.4 - https:\/\/yoast.com\/product\/yoast-seo-wordpress\/ -->\n<title>Appel \u00e0 contribution | Conference &amp; Revue Scientifique | moroccodemia<\/title>\n<meta name=\"robots\" content=\"index, follow, max-snippet:-1, max-image-preview:large, max-video-preview:-1\" \/>\n<link rel=\"canonical\" href=\"https:\/\/www.moroccodemia.com\/fr\/appel-a-contribution\/\" \/>\n<meta property=\"og:locale\" content=\"fr_FR\" \/>\n<meta property=\"og:type\" content=\"article\" \/>\n<meta property=\"og:title\" content=\"Appel \u00e0 contribution | Conference &amp; Revue Scientifique | moroccodemia\" \/>\n<meta property=\"og:description\" content=\"Appel \u00e0 contribution Parcourir en arabeParcourir en anglais Novembre 2024 Novembre 2023 Octobre 2023 Mars 2023 Juillet 2022 Mai 2022 Avril 2022 F\u00e9vrier 2022 Enseignement a\u0300 distance et contextes d\u2019institutionnalisation Ecole Sup\u00e9rieure de Technologie &#8211; Laayoune [12-14 juin 2021] Le discours de la rumeur a\u0300 l\u2019e\u0300re du nume\u0301rique [8-10 juin 2021] Colloque international:\u00a0Interdisciplinarite\u0301: horizon inde\u0301passable [&hellip;]\" \/>\n<meta property=\"og:url\" content=\"https:\/\/www.moroccodemia.com\/fr\/appel-a-contribution\/\" \/>\n<meta property=\"og:site_name\" content=\"morocco academia french\" \/>\n<meta property=\"article:publisher\" content=\"https:\/\/www.facebook.com\/Morocco-academia-239938123438369\/\" \/>\n<meta property=\"article:modified_time\" content=\"2024-06-20T08:08:14+00:00\" \/>\n<meta property=\"og:image\" content=\"https:\/\/www.moroccodemia.com\/fr\/media\/2017\/05\/FacebookMoroccodemia.png\" \/>\n\t<meta property=\"og:image:width\" content=\"1200\" \/>\n\t<meta property=\"og:image:height\" content=\"630\" \/>\n\t<meta property=\"og:image:type\" content=\"image\/png\" \/>\n<meta name=\"twitter:card\" content=\"summary_large_image\" \/>\n<meta name=\"twitter:site\" content=\"@moroccodemia\" \/>\n<meta name=\"twitter:label1\" content=\"Dur\u00e9e de lecture estim\u00e9e\" \/>\n\t<meta name=\"twitter:data1\" content=\"4 minutes\" \/>\n<script type=\"application\/ld+json\" class=\"yoast-schema-graph\">{\"@context\":\"https:\\\/\\\/schema.org\",\"@graph\":[{\"@type\":\"WebPage\",\"@id\":\"https:\\\/\\\/www.moroccodemia.com\\\/fr\\\/appel-a-contribution\\\/\",\"url\":\"https:\\\/\\\/www.moroccodemia.com\\\/fr\\\/appel-a-contribution\\\/\",\"name\":\"Appel \u00e0 contribution | Conference & Revue Scientifique | moroccodemia\",\"isPartOf\":{\"@id\":\"https:\\\/\\\/www.moroccodemia.com\\\/fr\\\/#website\"},\"primaryImageOfPage\":{\"@id\":\"https:\\\/\\\/www.moroccodemia.com\\\/fr\\\/appel-a-contribution\\\/#primaryimage\"},\"image\":{\"@id\":\"https:\\\/\\\/www.moroccodemia.com\\\/fr\\\/appel-a-contribution\\\/#primaryimage\"},\"thumbnailUrl\":\"https:\\\/\\\/www.moroccodemia.com\\\/fr\\\/media\\\/2020\\\/05\\\/IconBlackCall4Papers.png\",\"datePublished\":\"2016-09-25T15:42:43+00:00\",\"dateModified\":\"2024-06-20T08:08:14+00:00\",\"breadcrumb\":{\"@id\":\"https:\\\/\\\/www.moroccodemia.com\\\/fr\\\/appel-a-contribution\\\/#breadcrumb\"},\"inLanguage\":\"fr-FR\",\"potentialAction\":[{\"@type\":\"ReadAction\",\"target\":[\"https:\\\/\\\/www.moroccodemia.com\\\/fr\\\/appel-a-contribution\\\/\"]}]},{\"@type\":\"ImageObject\",\"inLanguage\":\"fr-FR\",\"@id\":\"https:\\\/\\\/www.moroccodemia.com\\\/fr\\\/appel-a-contribution\\\/#primaryimage\",\"url\":\"https:\\\/\\\/www.moroccodemia.com\\\/fr\\\/media\\\/2020\\\/05\\\/IconBlackCall4Papers.png\",\"contentUrl\":\"https:\\\/\\\/www.moroccodemia.com\\\/fr\\\/media\\\/2020\\\/05\\\/IconBlackCall4Papers.png\",\"width\":100,\"height\":100},{\"@type\":\"BreadcrumbList\",\"@id\":\"https:\\\/\\\/www.moroccodemia.com\\\/fr\\\/appel-a-contribution\\\/#breadcrumb\",\"itemListElement\":[{\"@type\":\"ListItem\",\"position\":1,\"name\":\"Accueil\",\"item\":\"https:\\\/\\\/www.moroccodemia.com\\\/fr\\\/\"},{\"@type\":\"ListItem\",\"position\":2,\"name\":\"Appel \u00e0 contribution\"}]},{\"@type\":\"WebSite\",\"@id\":\"https:\\\/\\\/www.moroccodemia.com\\\/fr\\\/#website\",\"url\":\"https:\\\/\\\/www.moroccodemia.com\\\/fr\\\/\",\"name\":\"morocco academia french\",\"description\":\"L'information, tout simplement\",\"potentialAction\":[{\"@type\":\"SearchAction\",\"target\":{\"@type\":\"EntryPoint\",\"urlTemplate\":\"https:\\\/\\\/www.moroccodemia.com\\\/fr\\\/?s={search_term_string}\"},\"query-input\":{\"@type\":\"PropertyValueSpecification\",\"valueRequired\":true,\"valueName\":\"search_term_string\"}}],\"inLanguage\":\"fr-FR\"}]}<\/script>\n<!-- \/ Yoast SEO plugin. -->","yoast_head_json":{"title":"Appel \u00e0 contribution | Conference & Revue Scientifique | moroccodemia","robots":{"index":"index","follow":"follow","max-snippet":"max-snippet:-1","max-image-preview":"max-image-preview:large","max-video-preview":"max-video-preview:-1"},"canonical":"https:\/\/www.moroccodemia.com\/fr\/appel-a-contribution\/","og_locale":"fr_FR","og_type":"article","og_title":"Appel \u00e0 contribution | Conference & Revue Scientifique | moroccodemia","og_description":"Appel \u00e0 contribution Parcourir en arabeParcourir en anglais Novembre 2024 Novembre 2023 Octobre 2023 Mars 2023 Juillet 2022 Mai 2022 Avril 2022 F\u00e9vrier 2022 Enseignement a\u0300 distance et contextes d\u2019institutionnalisation Ecole Sup\u00e9rieure de Technologie &#8211; Laayoune [12-14 juin 2021] Le discours de la rumeur a\u0300 l\u2019e\u0300re du nume\u0301rique [8-10 juin 2021] Colloque international:\u00a0Interdisciplinarite\u0301: horizon inde\u0301passable [&hellip;]","og_url":"https:\/\/www.moroccodemia.com\/fr\/appel-a-contribution\/","og_site_name":"morocco academia french","article_publisher":"https:\/\/www.facebook.com\/Morocco-academia-239938123438369\/","article_modified_time":"2024-06-20T08:08:14+00:00","og_image":[{"width":1200,"height":630,"url":"https:\/\/www.moroccodemia.com\/fr\/media\/2017\/05\/FacebookMoroccodemia.png","type":"image\/png"}],"twitter_card":"summary_large_image","twitter_site":"@moroccodemia","twitter_misc":{"Dur\u00e9e de lecture estim\u00e9e":"4 minutes"},"schema":{"@context":"https:\/\/schema.org","@graph":[{"@type":"WebPage","@id":"https:\/\/www.moroccodemia.com\/fr\/appel-a-contribution\/","url":"https:\/\/www.moroccodemia.com\/fr\/appel-a-contribution\/","name":"Appel \u00e0 contribution | Conference & Revue Scientifique | moroccodemia","isPartOf":{"@id":"https:\/\/www.moroccodemia.com\/fr\/#website"},"primaryImageOfPage":{"@id":"https:\/\/www.moroccodemia.com\/fr\/appel-a-contribution\/#primaryimage"},"image":{"@id":"https:\/\/www.moroccodemia.com\/fr\/appel-a-contribution\/#primaryimage"},"thumbnailUrl":"https:\/\/www.moroccodemia.com\/fr\/media\/2020\/05\/IconBlackCall4Papers.png","datePublished":"2016-09-25T15:42:43+00:00","dateModified":"2024-06-20T08:08:14+00:00","breadcrumb":{"@id":"https:\/\/www.moroccodemia.com\/fr\/appel-a-contribution\/#breadcrumb"},"inLanguage":"fr-FR","potentialAction":[{"@type":"ReadAction","target":["https:\/\/www.moroccodemia.com\/fr\/appel-a-contribution\/"]}]},{"@type":"ImageObject","inLanguage":"fr-FR","@id":"https:\/\/www.moroccodemia.com\/fr\/appel-a-contribution\/#primaryimage","url":"https:\/\/www.moroccodemia.com\/fr\/media\/2020\/05\/IconBlackCall4Papers.png","contentUrl":"https:\/\/www.moroccodemia.com\/fr\/media\/2020\/05\/IconBlackCall4Papers.png","width":100,"height":100},{"@type":"BreadcrumbList","@id":"https:\/\/www.moroccodemia.com\/fr\/appel-a-contribution\/#breadcrumb","itemListElement":[{"@type":"ListItem","position":1,"name":"Accueil","item":"https:\/\/www.moroccodemia.com\/fr\/"},{"@type":"ListItem","position":2,"name":"Appel \u00e0 contribution"}]},{"@type":"WebSite","@id":"https:\/\/www.moroccodemia.com\/fr\/#website","url":"https:\/\/www.moroccodemia.com\/fr\/","name":"morocco academia french","description":"L'information, tout simplement","potentialAction":[{"@type":"SearchAction","target":{"@type":"EntryPoint","urlTemplate":"https:\/\/www.moroccodemia.com\/fr\/?s={search_term_string}"},"query-input":{"@type":"PropertyValueSpecification","valueRequired":true,"valueName":"search_term_string"}}],"inLanguage":"fr-FR"}]}},"_links":{"self":[{"href":"https:\/\/www.moroccodemia.com\/fr\/wp-json\/wp\/v2\/pages\/5697","targetHints":{"allow":["GET"]}}],"collection":[{"href":"https:\/\/www.moroccodemia.com\/fr\/wp-json\/wp\/v2\/pages"}],"about":[{"href":"https:\/\/www.moroccodemia.com\/fr\/wp-json\/wp\/v2\/types\/page"}],"author":[{"embeddable":true,"href":"https:\/\/www.moroccodemia.com\/fr\/wp-json\/wp\/v2\/users\/1"}],"replies":[{"embeddable":true,"href":"https:\/\/www.moroccodemia.com\/fr\/wp-json\/wp\/v2\/comments?post=5697"}],"version-history":[{"count":3,"href":"https:\/\/www.moroccodemia.com\/fr\/wp-json\/wp\/v2\/pages\/5697\/revisions"}],"predecessor-version":[{"id":16138,"href":"https:\/\/www.moroccodemia.com\/fr\/wp-json\/wp\/v2\/pages\/5697\/revisions\/16138"}],"wp:attachment":[{"href":"https:\/\/www.moroccodemia.com\/fr\/wp-json\/wp\/v2\/media?parent=5697"}],"curies":[{"name":"wp","href":"https:\/\/api.w.org\/{rel}","templated":true}]}}