{"id":5229,"date":"2016-08-17T12:28:11","date_gmt":"2016-08-17T12:28:11","guid":{"rendered":"https:\/\/www.moroccodemia.com\/fr\/?page_id=5229"},"modified":"2021-04-03T10:34:43","modified_gmt":"2021-04-03T09:34:43","slug":"qui-sommes-nous","status":"publish","type":"page","link":"https:\/\/www.moroccodemia.com\/fr\/qui-sommes-nous\/","title":{"rendered":"Qui sommes-nous"},"content":{"rendered":"<div class=\"rTable\">\n<div class=\"rTableBody\">\n<div class=\"rTableRow\">\n<div class=\"rTableHead\">\n<hr>\n<h1 class=\"h1pagetitle\">Qui sommes-nous<\/h1>\n<div class=\"dropdown1\"><span><button class=\"dropbtn1\"><\/button><br \/>\n<span class=\"dropdown1-content\"><a href=\"https:\/\/www.moroccodemia.com\/ar\/%D9%85%D9%86-%D9%86%D8%AD%D9%86\/\">Parcourir en arabe<\/a><a href=\"https:\/\/www.moroccodemia.com\/en\/about-us\/\">Parcourir en anglais<\/a><\/span><\/span><\/div>\n<hr>\n<div class=\"banner\"><img loading=\"lazy\" decoding=\"async\" src=\"https:\/\/www.moroccodemia.com\/fr\/media\/2019\/01\/IconBlackAbout.png\" style=\"vertical-align: middle;\" alt=\"Qui sommes-nous\" title=\"Qui sommes-nous\" width=\"80\" height=\"80\"><\/div>\n<p style=\"text-align: left;\"><span style=\"font-family: verdana, geneva, sans-serif; font-size: 10pt;\"><strong><span style=\"font-size: 18pt;\">Bienvenue sur<\/span><\/strong><strong><span style=\"font-size: 18pt;\"> moroccodemia<\/span><\/strong><br \/>\nMoroccodemia est un mot-valise constitu\u00e9 de &lsquo;morocco&rsquo; (maroc) et &lsquo;academia&rsquo; (milieu universitaire). Le site est d\u00e9di\u00e9 <span style=\"font-family: verdana, geneva, sans-serif; font-size: 10pt;\">\u00e0<\/span> la collecte, diss\u00e9mination et archivage de l\u2019information sur l\u2019Enseignement Sup\u00e9rieur au Maroc.<\/span><\/p>\n<p style=\"text-align: left;\"><span style=\"font-family: verdana, geneva, sans-serif; font-size: 10pt;\">Voici un aper\u00e7u du site web:<\/span><\/p>\n<p style=\"text-align: left;\"><span style=\"font-family: verdana, geneva, sans-serif; font-size: 10pt;\"><strong><span style=\"font-size: 18pt;\">C&rsquo;est un site web <span style=\"font-family: verdana,geneva,sans-serif;\"><span style=\"font-family: verdana,geneva,sans-serif;\">\u00e0<\/span><\/span> acc\u00e8s ouvert<\/span><br \/>\n<\/strong>Les \u00e9tudiants, enseignants-chercheurs, administrateurs et employeurs ainsi que le grand public ont un acc\u00e8s direct au site.<\/span><\/p>\n<p style=\"text-align: left;\"><span style=\"font-family: verdana, geneva, sans-serif; font-size: 10pt;\"><span style=\"font-size: 18pt;\"><strong>Moroccodemia <\/strong><\/span><strong><span style=\"font-size: 18pt;\">est un site multilingue<\/span><br \/>\n<\/strong>Les utilisateurs peuvent parcourir en 3 langues: Arabe, Anglais et Fran\u00e7ais.<\/span><\/p>\n<p style=\"text-align: left;\"><span style=\"font-family: verdana, geneva, sans-serif; font-size: 10pt;\"><strong><span style=\"font-size: 18pt;\">Le site fait office de plaque tournante<\/span><br \/>\n<\/strong>En plus de publier des informations sur le milieu universitaire marocain, moroccodemia \u00e9tabli des liens avec d&rsquo;autres sites qui contiennent des informations pertinentes pouvant int\u00e9resser les utilisateurs de moroccodemia et leur fournir des informations plus d\u00e9taill\u00e9es sur un sujet quelconque.<\/span><\/p>\n<p style=\"text-align: left;\"><span style=\"font-family: verdana, geneva, sans-serif; font-size: 10pt;\"><strong><span style=\"font-size: 18pt;\">L&rsquo;information est archiv\u00e9e par ordre chronologique<\/span><br \/>\n<\/strong>Le site web accorde une grande importance aux dates: une caract\u00e9ristique particuli\u00e8re de moroccodemia est que l&rsquo;information est pr\u00e9sent\u00e9e par ordre d\u00e9croissant en commen\u00e7ant par la date la plus r\u00e9cente.<\/span><\/p>\n<p style=\"text-align: left;\"><span style=\"font-family: verdana, geneva, sans-serif; font-size: 10pt;\"><span style=\"font-size: 18pt;\"><strong>Moroccodemia<\/strong> <\/span><strong><span style=\"font-size: 18pt;\">est ouvert aux contributions<\/span><br \/>\n<\/strong>Les \u00e9tudiants, enseignants-chercheurs, administrateurs et employeurs sont invit\u00e9s <span style=\"font-family: verdana, geneva, sans-serif; font-size: 10pt;\">\u00e0<\/span> soumettre leurs articles, livres, vid\u00e9os et autre <span class=\"st\">mat\u00e9riaux<\/span> qu&rsquo;ils souhaitent partager avec d&rsquo;autres utilisateurs de moroccodemia.<\/span><\/p>\n<p style=\"text-align: left;\"><span style=\"font-family: verdana, geneva, sans-serif; font-size: 10pt;\"><strong><span style=\"font-size: 18pt;\">Nous adoptons une approche de r\u00e9solution de probl\u00e8mes<\/span><br \/>\n<\/strong>Nous soulevons des questions et nous cherchons des solutions. Les utilisateurs de moroccodemia sont syst\u00e9matiquement impliqu\u00e9s: leurs opinions et suggestions sont sollicit\u00e9es <span style=\"font-family: verdana, geneva, sans-serif; font-size: 10pt;\">\u00e0<\/span> travers des sondages p\u00e9riodiques.<\/span><\/p>\n<p style=\"text-align: left;\"><span style=\"font-family: verdana, geneva, sans-serif; font-size: 10pt;\"><strong><span style=\"font-size: 18pt;\">Nous soutenons un enseignement sup\u00e9rieur ouvert<\/span><br \/>\n<\/strong>Notre objectif est de promouvoir l&rsquo;excellence et contribuer <span style=\"font-family: verdana, geneva, sans-serif; font-size: 10pt;\">\u00e0<\/span> l&rsquo;installation d&rsquo;un syst\u00e8me d&rsquo;enseignement sup\u00e9rieur moderne, attractif et accessible \u00e0 tous.<\/span><\/p>\n<p style=\"text-align: left;\"><span style=\"font-family: verdana, geneva, sans-serif; font-size: 10pt;\"><span style=\"font-size: 18pt;\"><strong>Moroccodemia est g\u00e9r\u00e9 par une \u00e9quipe&nbsp;d&rsquo;experts <\/strong><\/span><br \/>\nL&rsquo;\u00e9quipe est contitu\u00e9e d&rsquo;enseignants-chercheurs et d&rsquo;\u00e9tudiants affili\u00e9s \u00e0 des \u00e9tablissements de l&rsquo;enseignement sup\u00e9rieur au niveau local, national et international.<\/span><\/p>\n<p style=\"text-align: left;\"><span style=\"font-size: 10pt; font-family: verdana, geneva, sans-serif;\">L&rsquo;\u00e9quipe moroccodemia,<\/span><\/p>\n<p style=\"text-align: left;\"><span style=\"font-size: 10pt;\"><a href=\"http:\/\/www.moroccodemia.com\"><span style=\"font-family: verdana, geneva, sans-serif;\">www.moroccodemia.com<\/span><\/a><\/span><\/p>\n<p><a href=\"http:\/\/www.moroccodemia.com\"><img loading=\"lazy\" decoding=\"async\" src=\"https:\/\/www.moroccodemia.com\/fr\/media\/2018\/02\/Moroccodemia-Logo600x400.png\" alt=\"moroccodemia\" width=\"600\" height=\"400\" class=\"aligncenter wp-image-10149 size-full\" title=\"moroccodemia\" srcset=\"https:\/\/www.moroccodemia.com\/fr\/media\/2018\/02\/Moroccodemia-Logo600x400.png 600w, https:\/\/www.moroccodemia.com\/fr\/media\/2018\/02\/Moroccodemia-Logo600x400-300x200.png 300w\" sizes=\"auto, (max-width: 600px) 100vw, 600px\" \/><\/a><\/p>\n<p style=\"text-align: center;\"><span style=\"font-size: 14pt; font-family: verdana, geneva, sans-serif;\"><strong>L&rsquo;Equipe moroccodemia<\/strong><\/span><\/p>\n<p style=\"text-align: center;\"><span style=\"font-family: verdana, geneva, sans-serif; font-size: 10pt;\"><strong>Hassan Bouzidi<br \/>\n<\/strong><\/span><span style=\"font-family: verdana, geneva, sans-serif; font-size: 10pt;\">R\u00e9dacteur en chef | Fondateur<\/span><\/p>\n<p style=\"text-align: center;\"><span style=\"font-family: verdana, geneva, sans-serif; font-size: 10pt;\"><strong>Omar Hajji<br \/>\n<\/strong><\/span><span style=\"font-family: verdana, geneva, sans-serif; font-size: 10pt;\"><\/span><span style=\"font-family: verdana, geneva, sans-serif; font-size: 10pt;\">Editeur, \u201cmoroccodemia arabic\u201c<\/span><\/p>\n<p style=\"text-align: center;\"><span style=\"font-family: verdana, geneva, sans-serif; font-size: 10pt;\"><strong>Abdallah Amghar<br \/>\n<\/strong><\/span><span style=\"font-family: verdana, geneva, sans-serif; font-size: 10pt;\"><\/span><span style=\"font-family: verdana, geneva, sans-serif; font-size: 10pt;\">Editeur, \u201cmoroccodemia french\u201d<\/span><\/p>\n<p style=\"text-align: center;\"><span style=\"font-family: verdana, geneva, sans-serif; font-size: 10pt;\"><strong>Mustapha Diwane<\/strong><br \/>\nEditeur, \u201cmoroccodemia english\u201d<\/span><\/p>\n<p style=\"text-align: center;\"><span style=\"font-family: verdana, geneva, sans-serif; font-size: 10pt;\"><strong>Salma Zoubir<br \/>\n<\/strong><\/span><span style=\"font-family: verdana, geneva, sans-serif; font-size: 10pt;\"><\/span><strong><span style=\"font-family: verdana, geneva, sans-serif; font-size: 10pt;\">Mohamed Chajia<br \/>\n<\/span><\/strong><span style=\"font-family: verdana, geneva, sans-serif; font-size: 10pt;\"><\/span><span style=\"font-family: verdana, geneva, sans-serif; font-size: 10pt;\">Statistiques<\/span><\/p>\n<p style=\"text-align: center;\"><span style=\"font-family: verdana, geneva, sans-serif; font-size: 10pt;\"><strong>Fatima Zahra Ziane<br \/>\n<\/strong><\/span><span style=\"font-family: verdana, geneva, sans-serif; font-size: 10pt;\"><\/span><span style=\"font-family: verdana, geneva, sans-serif; font-size: 10pt;\">Traduction<\/span><\/p>\n<p style=\"text-align: center;\"><span style=\"font-family: verdana, geneva, sans-serif; font-size: 10pt;\"><strong>Amal Lachgar<br \/>\n<\/strong><\/span><span style=\"font-family: verdana, geneva, sans-serif; font-size: 10pt;\"><\/span><span style=\"font-family: verdana, geneva, sans-serif; font-size: 10pt;\"><strong>Rachid Chdid<br \/>\n<\/strong><\/span><span style=\"font-family: verdana, geneva, sans-serif; font-size: 10pt;\"><\/span><span style=\"font-family: verdana, geneva, sans-serif; font-size: 10pt;\"><strong>Said Jebbour<br \/>\n<\/strong><\/span><span style=\"font-family: verdana, geneva, sans-serif; font-size: 10pt;\">Conception Web<\/span><\/p>\n<p style=\"text-align: center;\"><a href=\"mailto:webmaster@moroccodemia.com\">webmaster@moroccodemia.com<\/a><\/p>\n<hr>\n<h2 style=\"text-align: center;\" dir=\"rtl\"><span style=\"font-family: verdana, geneva, sans-serif; font-size: 14pt;\"><strong> \/Qui sommes-nous<\/strong><\/span><\/h2>\n<hr dir=\"rtl\">\n<\/div>\n<\/div>\n<\/div>\n<\/div>\n","protected":false},"excerpt":{"rendered":"<p>Qui sommes-nous Parcourir en arabeParcourir en anglais Bienvenue sur moroccodemia Moroccodemia est un mot-valise constitu\u00e9 de &lsquo;morocco&rsquo; (maroc) et &lsquo;academia&rsquo; (milieu universitaire). Le site est d\u00e9di\u00e9 \u00e0 la collecte, diss\u00e9mination et archivage de l\u2019information sur l\u2019Enseignement Sup\u00e9rieur au Maroc. Voici un aper\u00e7u du site web: C&rsquo;est un site web \u00e0 acc\u00e8s ouvert Les \u00e9tudiants, enseignants-chercheurs, [&hellip;]<\/p>\n","protected":false},"author":1,"featured_media":0,"parent":0,"menu_order":0,"comment_status":"closed","ping_status":"closed","template":"","meta":{"footnotes":""},"class_list":["post-5229","page","type-page","status-publish","hentry"],"yoast_head":"<!-- This site is optimized with the Yoast SEO plugin v27.4 - https:\/\/yoast.com\/product\/yoast-seo-wordpress\/ -->\n<title>Qui sommes-nous | moroccodemia fran\u00e7ais<\/title>\n<meta name=\"robots\" content=\"noindex, follow\" \/>\n<meta property=\"og:locale\" content=\"fr_FR\" \/>\n<meta property=\"og:type\" content=\"article\" \/>\n<meta property=\"og:title\" content=\"Qui sommes-nous | moroccodemia fran\u00e7ais\" \/>\n<meta property=\"og:description\" content=\"Qui sommes-nous Parcourir en arabeParcourir en anglais Bienvenue sur moroccodemia Moroccodemia est un mot-valise constitu\u00e9 de &lsquo;morocco&rsquo; (maroc) et &lsquo;academia&rsquo; (milieu universitaire). Le site est d\u00e9di\u00e9 \u00e0 la collecte, diss\u00e9mination et archivage de l\u2019information sur l\u2019Enseignement Sup\u00e9rieur au Maroc. Voici un aper\u00e7u du site web: C&rsquo;est un site web \u00e0 acc\u00e8s ouvert Les \u00e9tudiants, enseignants-chercheurs, [&hellip;]\" \/>\n<meta property=\"og:url\" content=\"https:\/\/www.moroccodemia.com\/fr\/qui-sommes-nous\/\" \/>\n<meta property=\"og:site_name\" content=\"morocco academia french\" \/>\n<meta property=\"article:publisher\" content=\"https:\/\/www.facebook.com\/Morocco-academia-239938123438369\/\" \/>\n<meta property=\"article:modified_time\" content=\"2021-04-03T09:34:43+00:00\" \/>\n<meta property=\"og:image\" content=\"https:\/\/www.moroccodemia.com\/fr\/media\/2019\/01\/IconBlackAbout.png\" \/>\n<meta name=\"twitter:card\" content=\"summary_large_image\" \/>\n<meta name=\"twitter:site\" content=\"@moroccodemia\" \/>\n<meta name=\"twitter:label1\" content=\"Dur\u00e9e de lecture estim\u00e9e\" \/>\n\t<meta name=\"twitter:data1\" content=\"2 minutes\" \/>\n<script type=\"application\/ld+json\" class=\"yoast-schema-graph\">{\"@context\":\"https:\\\/\\\/schema.org\",\"@graph\":[{\"@type\":\"WebPage\",\"@id\":\"https:\\\/\\\/www.moroccodemia.com\\\/fr\\\/qui-sommes-nous\\\/\",\"url\":\"https:\\\/\\\/www.moroccodemia.com\\\/fr\\\/qui-sommes-nous\\\/\",\"name\":\"Qui sommes-nous | moroccodemia fran\u00e7ais\",\"isPartOf\":{\"@id\":\"https:\\\/\\\/www.moroccodemia.com\\\/fr\\\/#website\"},\"primaryImageOfPage\":{\"@id\":\"https:\\\/\\\/www.moroccodemia.com\\\/fr\\\/qui-sommes-nous\\\/#primaryimage\"},\"image\":{\"@id\":\"https:\\\/\\\/www.moroccodemia.com\\\/fr\\\/qui-sommes-nous\\\/#primaryimage\"},\"thumbnailUrl\":\"https:\\\/\\\/www.moroccodemia.com\\\/fr\\\/media\\\/2019\\\/01\\\/IconBlackAbout.png\",\"datePublished\":\"2016-08-17T12:28:11+00:00\",\"dateModified\":\"2021-04-03T09:34:43+00:00\",\"breadcrumb\":{\"@id\":\"https:\\\/\\\/www.moroccodemia.com\\\/fr\\\/qui-sommes-nous\\\/#breadcrumb\"},\"inLanguage\":\"fr-FR\",\"potentialAction\":[{\"@type\":\"ReadAction\",\"target\":[\"https:\\\/\\\/www.moroccodemia.com\\\/fr\\\/qui-sommes-nous\\\/\"]}]},{\"@type\":\"ImageObject\",\"inLanguage\":\"fr-FR\",\"@id\":\"https:\\\/\\\/www.moroccodemia.com\\\/fr\\\/qui-sommes-nous\\\/#primaryimage\",\"url\":\"https:\\\/\\\/www.moroccodemia.com\\\/fr\\\/media\\\/2019\\\/01\\\/IconBlackAbout.png\",\"contentUrl\":\"https:\\\/\\\/www.moroccodemia.com\\\/fr\\\/media\\\/2019\\\/01\\\/IconBlackAbout.png\",\"width\":100,\"height\":100},{\"@type\":\"BreadcrumbList\",\"@id\":\"https:\\\/\\\/www.moroccodemia.com\\\/fr\\\/qui-sommes-nous\\\/#breadcrumb\",\"itemListElement\":[{\"@type\":\"ListItem\",\"position\":1,\"name\":\"Accueil\",\"item\":\"https:\\\/\\\/www.moroccodemia.com\\\/fr\\\/\"},{\"@type\":\"ListItem\",\"position\":2,\"name\":\"Qui sommes-nous\"}]},{\"@type\":\"WebSite\",\"@id\":\"https:\\\/\\\/www.moroccodemia.com\\\/fr\\\/#website\",\"url\":\"https:\\\/\\\/www.moroccodemia.com\\\/fr\\\/\",\"name\":\"morocco academia french\",\"description\":\"L'information, tout simplement\",\"potentialAction\":[{\"@type\":\"SearchAction\",\"target\":{\"@type\":\"EntryPoint\",\"urlTemplate\":\"https:\\\/\\\/www.moroccodemia.com\\\/fr\\\/?s={search_term_string}\"},\"query-input\":{\"@type\":\"PropertyValueSpecification\",\"valueRequired\":true,\"valueName\":\"search_term_string\"}}],\"inLanguage\":\"fr-FR\"}]}<\/script>\n<!-- \/ Yoast SEO plugin. -->","yoast_head_json":{"title":"Qui sommes-nous | moroccodemia fran\u00e7ais","robots":{"index":"noindex","follow":"follow"},"og_locale":"fr_FR","og_type":"article","og_title":"Qui sommes-nous | moroccodemia fran\u00e7ais","og_description":"Qui sommes-nous Parcourir en arabeParcourir en anglais Bienvenue sur moroccodemia Moroccodemia est un mot-valise constitu\u00e9 de &lsquo;morocco&rsquo; (maroc) et &lsquo;academia&rsquo; (milieu universitaire). Le site est d\u00e9di\u00e9 \u00e0 la collecte, diss\u00e9mination et archivage de l\u2019information sur l\u2019Enseignement Sup\u00e9rieur au Maroc. Voici un aper\u00e7u du site web: C&rsquo;est un site web \u00e0 acc\u00e8s ouvert Les \u00e9tudiants, enseignants-chercheurs, [&hellip;]","og_url":"https:\/\/www.moroccodemia.com\/fr\/qui-sommes-nous\/","og_site_name":"morocco academia french","article_publisher":"https:\/\/www.facebook.com\/Morocco-academia-239938123438369\/","article_modified_time":"2021-04-03T09:34:43+00:00","og_image":[{"url":"https:\/\/www.moroccodemia.com\/fr\/media\/2019\/01\/IconBlackAbout.png","type":"","width":"","height":""}],"twitter_card":"summary_large_image","twitter_site":"@moroccodemia","twitter_misc":{"Dur\u00e9e de lecture estim\u00e9e":"2 minutes"},"schema":{"@context":"https:\/\/schema.org","@graph":[{"@type":"WebPage","@id":"https:\/\/www.moroccodemia.com\/fr\/qui-sommes-nous\/","url":"https:\/\/www.moroccodemia.com\/fr\/qui-sommes-nous\/","name":"Qui sommes-nous | moroccodemia fran\u00e7ais","isPartOf":{"@id":"https:\/\/www.moroccodemia.com\/fr\/#website"},"primaryImageOfPage":{"@id":"https:\/\/www.moroccodemia.com\/fr\/qui-sommes-nous\/#primaryimage"},"image":{"@id":"https:\/\/www.moroccodemia.com\/fr\/qui-sommes-nous\/#primaryimage"},"thumbnailUrl":"https:\/\/www.moroccodemia.com\/fr\/media\/2019\/01\/IconBlackAbout.png","datePublished":"2016-08-17T12:28:11+00:00","dateModified":"2021-04-03T09:34:43+00:00","breadcrumb":{"@id":"https:\/\/www.moroccodemia.com\/fr\/qui-sommes-nous\/#breadcrumb"},"inLanguage":"fr-FR","potentialAction":[{"@type":"ReadAction","target":["https:\/\/www.moroccodemia.com\/fr\/qui-sommes-nous\/"]}]},{"@type":"ImageObject","inLanguage":"fr-FR","@id":"https:\/\/www.moroccodemia.com\/fr\/qui-sommes-nous\/#primaryimage","url":"https:\/\/www.moroccodemia.com\/fr\/media\/2019\/01\/IconBlackAbout.png","contentUrl":"https:\/\/www.moroccodemia.com\/fr\/media\/2019\/01\/IconBlackAbout.png","width":100,"height":100},{"@type":"BreadcrumbList","@id":"https:\/\/www.moroccodemia.com\/fr\/qui-sommes-nous\/#breadcrumb","itemListElement":[{"@type":"ListItem","position":1,"name":"Accueil","item":"https:\/\/www.moroccodemia.com\/fr\/"},{"@type":"ListItem","position":2,"name":"Qui sommes-nous"}]},{"@type":"WebSite","@id":"https:\/\/www.moroccodemia.com\/fr\/#website","url":"https:\/\/www.moroccodemia.com\/fr\/","name":"morocco academia french","description":"L'information, tout simplement","potentialAction":[{"@type":"SearchAction","target":{"@type":"EntryPoint","urlTemplate":"https:\/\/www.moroccodemia.com\/fr\/?s={search_term_string}"},"query-input":{"@type":"PropertyValueSpecification","valueRequired":true,"valueName":"search_term_string"}}],"inLanguage":"fr-FR"}]}},"_links":{"self":[{"href":"https:\/\/www.moroccodemia.com\/fr\/wp-json\/wp\/v2\/pages\/5229","targetHints":{"allow":["GET"]}}],"collection":[{"href":"https:\/\/www.moroccodemia.com\/fr\/wp-json\/wp\/v2\/pages"}],"about":[{"href":"https:\/\/www.moroccodemia.com\/fr\/wp-json\/wp\/v2\/types\/page"}],"author":[{"embeddable":true,"href":"https:\/\/www.moroccodemia.com\/fr\/wp-json\/wp\/v2\/users\/1"}],"replies":[{"embeddable":true,"href":"https:\/\/www.moroccodemia.com\/fr\/wp-json\/wp\/v2\/comments?post=5229"}],"version-history":[{"count":3,"href":"https:\/\/www.moroccodemia.com\/fr\/wp-json\/wp\/v2\/pages\/5229\/revisions"}],"predecessor-version":[{"id":14232,"href":"https:\/\/www.moroccodemia.com\/fr\/wp-json\/wp\/v2\/pages\/5229\/revisions\/14232"}],"wp:attachment":[{"href":"https:\/\/www.moroccodemia.com\/fr\/wp-json\/wp\/v2\/media?parent=5229"}],"curies":[{"name":"wp","href":"https:\/\/api.w.org\/{rel}","templated":true}]}}