{"id":4956,"date":"2016-07-20T14:57:37","date_gmt":"2016-07-20T14:57:37","guid":{"rendered":"https:\/\/www.moroccodemia.com\/fr\/?page_id=4956"},"modified":"2020-07-31T20:10:38","modified_gmt":"2020-07-31T19:10:38","slug":"nos-partenaires","status":"publish","type":"page","link":"https:\/\/www.moroccodemia.com\/fr\/nos-partenaires\/","title":{"rendered":"Nos partenaires"},"content":{"rendered":"<div class=\"rTable\">\n<div class=\"rTableBody\">\n<div class=\"rTableRow\">\n<div class=\"rTableHead\">\n<hr \/>\n<h1 class=\"h1pagetitle\">Nos partenaires<\/h1>\n<div class=\"dropdown1\"><span class=\"dropdown1\"><button class=\"dropbtn1\"><\/button><br class=\"blank\" \/><span class=\"dropdown1-content\"><a href=\"https:\/\/www.moroccodemia.com\/ar\/%D8%B4%D8%B1%D9%83%D8%A7%D8%A4%D9%86%D8%A7\/\">Parcourir en arabe<\/a><a href=\"https:\/\/www.moroccodemia.com\/en\/our-partners\/\">Parcourir en anglais<\/a><\/span><\/span><\/div>\n<hr \/>\n<div class=\"banner\"><img loading=\"lazy\" decoding=\"async\" src=\"https:\/\/www.moroccodemia.com\/fr\/media\/2019\/01\/IconBlackPartners.png\" style=\"vertical-align: middle;\" alt=\"Nos partenaires\" title=\"Nos partenaires\" width=\"80\" height=\"80\" \/><\/div>\n<div class=\"7-partners\" dir=\"ltr\">\n<div class=\"partner-7\/7\">\n<ul class=\"demo-2 effect-2\" style=\"margin-left: auto; margin-right: auto;\">\n<li>\n<h2 style=\"text-align: center;\" class=\"zero\">Quacquarelli Symonds<\/h2>\n<p style=\"text-align: center;\">Londres &#8211; Royaume Uni<\/p>\n<\/li>\n<li><a href=\"https:\/\/www.qs.com\/\"><img loading=\"lazy\" decoding=\"async\" class=\"top aligncenter\" src=\"https:\/\/www.moroccodemia.com\/fr\/media\/2019\/02\/LogoOur_PartnersQS.png\" height=\"200\" width=\"300\" title=\"QS\" alt=\"QS\" \/><\/a><\/li>\n<\/ul>\n<\/div>\n<div class=\"partner-6\/7\">\n<ul class=\"demo-2 effect-2\" style=\"margin-left: auto; margin-right: auto;\">\n<li>\n<h2 style=\"text-align: center;\" class=\"zero\"><span style=\"font-family: verdana,geneva,sans-serif;\">Universit\u00e9 de Syracuse<\/span><\/h2>\n<p style=\"text-align: center;\"><span style=\"font-family: verdana,geneva,sans-serif;\">Syracuse\/NY &#8211; \u00c9tats-Unis<\/span><\/p>\n<\/li>\n<li><a href=\"http:\/\/www.syr.edu\"><img loading=\"lazy\" decoding=\"async\" class=\"top aligncenter\" src=\"https:\/\/www.moroccodemia.com\/fr\/media\/2016\/07\/Syracuse-300x200.png\" height=\"200\" width=\"300\" \/><\/a><\/li>\n<\/ul>\n<\/div>\n<div class=\"partner-5\/7\">\n<ul class=\"demo-2 effect-2\" style=\"margin-left: auto; margin-right: auto;\">\n<li>\n<h2 style=\"text-align: center;\" class=\"zero\"><span style=\"font-family: verdana,geneva,sans-serif;\">Universit\u00e9\u00a0<\/span><span style=\"font-family: verdana,geneva,sans-serif;\">Caroline du Sud<\/span><\/h2>\n<p style=\"text-align: center;\"><span style=\"font-family: verdana,geneva,sans-serif;\">Columbia\/SC &#8211; \u00c9tats-Unis<\/span><\/p>\n<\/li>\n<li><a href=\"http:\/\/www.sc.edu\"><img loading=\"lazy\" decoding=\"async\" class=\"top aligncenter\" src=\"https:\/\/www.moroccodemia.com\/fr\/media\/2016\/07\/SC-University-300x200.png\" height=\"200\" width=\"300\" \/><\/a><\/li>\n<\/ul>\n<\/div>\n<div class=\"partner-4\/7\">\n<ul class=\"demo-2 effect-2\" style=\"margin-left: auto; margin-right: auto;\">\n<li>\n<h2 style=\"text-align: center;\" class=\"zero\"><span style=\"font-family: verdana,geneva,sans-serif;\">Universit\u00e9 de Georgetown<\/span><\/h2>\n<p style=\"text-align: center;\"><span style=\"font-family: verdana,geneva,sans-serif;\">Washington &#8211; \u00c9tats-Unis<\/span><\/p>\n<\/li>\n<li><a href=\"http:\/\/www.georgetown.edu\"><img loading=\"lazy\" decoding=\"async\" class=\"top aligncenter\" src=\"https:\/\/www.moroccodemia.com\/fr\/media\/2016\/07\/Georgetown-University.png\" height=\"200\" width=\"300\" \/><\/a><\/li>\n<\/ul>\n<\/div>\n<div class=\"partner-3\/7\">\n<ul class=\"demo-2 effect-2\" style=\"margin-left: auto; margin-right: auto;\">\n<li>\n<h2 style=\"text-align: center;\" class=\"zero\"><span style=\"font-family: verdana, geneva, sans-serif; font-size: 14pt;\">Universit\u00e9 Ibn Zohr<\/span><\/h2>\n<p style=\"text-align: center;\"><span style=\"font-family: verdana,geneva,sans-serif;\">Agadir &#8211; Maroc<\/span><\/p>\n<\/li>\n<li><a href=\"http:\/\/www.uiz.ac.ma\"><img loading=\"lazy\" decoding=\"async\" class=\"top aligncenter\" src=\"https:\/\/www.moroccodemia.com\/fr\/media\/2016\/07\/Ibn-Zohr-University.png\" height=\"200\" width=\"300\" \/><\/a><\/li>\n<\/ul>\n<\/div>\n<div class=\"partner-2\/7\">\n<ul class=\"demo-2 effect-2\" style=\"margin-left: auto; margin-right: auto;\">\n<li>\n<h2 style=\"text-align: center;\" class=\"zero\"><span style=\"font-family: verdana, geneva, sans-serif; font-size: 14pt;\">Universit\u00e9 de Glasgow<\/span><\/h2>\n<p style=\"text-align: center;\"><span style=\"font-family: verdana,geneva,sans-serif;\">Glasgow\/Ecosse &#8211; Royaume Uni<\/span><\/p>\n<\/li>\n<li><a href=\"http:\/\/www.gla.ac.uk\"><img loading=\"lazy\" decoding=\"async\" class=\"top aligncenter\" src=\"https:\/\/www.moroccodemia.com\/fr\/media\/2016\/07\/Glasgow-University.png\" height=\"200\" width=\"300\" \/><\/a><\/li>\n<\/ul>\n<\/div>\n<div class=\"partner-1\/7\">\n<ul class=\"demo-2 effect-2\" style=\"margin-left: auto; margin-right: auto;\">\n<li>\n<h2 style=\"text-align: center;\" class=\"zero\"><span style=\"font-family: verdana, geneva, sans-serif; font-size: 14pt;\">Universit\u00e9 Cadi Ayyad<\/span><\/h2>\n<p style=\"text-align: center;\"><span style=\"font-family: verdana,geneva,sans-serif;\">Marrakech &#8211; Maroc<\/span><\/p>\n<\/li>\n<li><a href=\"http:\/\/www.uca.ma\"><img loading=\"lazy\" decoding=\"async\" class=\"top aligncenter\" src=\"https:\/\/www.moroccodemia.com\/fr\/media\/2016\/07\/Cadi-Ayyad-300x200.png\" height=\"200\" width=\"300\" \/><\/a><\/li>\n<\/ul>\n<\/div>\n<\/div>\n<hr dir=\"ltr\" \/>\n<h2 style=\"text-align: center;\" dir=\"ltr\"><strong><span style=\"font-family: verdana, geneva, sans-serif; font-size: 14pt; color: #000000;\"><span style=\"font-size: 10pt;\">Nos<\/span> partenaires\/<\/span><\/strong><\/h2>\n<hr dir=\"rtl\" \/>\n<\/div>\n<\/div>\n<\/div>\n<\/div>\n","protected":false},"excerpt":{"rendered":"<p>Nos partenaires Parcourir en arabeParcourir en anglais Quacquarelli Symonds Londres &#8211; Royaume Uni Universit\u00e9 de Syracuse Syracuse\/NY &#8211; \u00c9tats-Unis Universit\u00e9\u00a0Caroline du Sud Columbia\/SC &#8211; \u00c9tats-Unis Universit\u00e9 de Georgetown Washington &#8211; \u00c9tats-Unis Universit\u00e9 Ibn Zohr Agadir &#8211; Maroc Universit\u00e9 de Glasgow Glasgow\/Ecosse &#8211; Royaume Uni Universit\u00e9 Cadi Ayyad Marrakech &#8211; Maroc Nos partenaires\/<\/p>\n","protected":false},"author":1,"featured_media":0,"parent":0,"menu_order":0,"comment_status":"closed","ping_status":"closed","template":"","meta":{"footnotes":""},"class_list":["post-4956","page","type-page","status-publish","hentry"],"yoast_head":"<!-- This site is optimized with the Yoast SEO plugin v27.6 - https:\/\/yoast.com\/product\/yoast-seo-wordpress\/ -->\n<title>Nos partenaires | moroccodemia fran\u00e7ais<\/title>\n<meta name=\"robots\" content=\"index, follow, max-snippet:-1, max-image-preview:large, max-video-preview:-1\" \/>\n<link rel=\"canonical\" href=\"https:\/\/www.moroccodemia.com\/fr\/nos-partenaires\/\" \/>\n<meta property=\"og:locale\" content=\"fr_FR\" \/>\n<meta property=\"og:type\" content=\"article\" \/>\n<meta property=\"og:title\" content=\"Nos partenaires | moroccodemia fran\u00e7ais\" \/>\n<meta property=\"og:description\" content=\"Nos partenaires Parcourir en arabeParcourir en anglais Quacquarelli Symonds Londres &#8211; Royaume Uni Universit\u00e9 de Syracuse Syracuse\/NY &#8211; \u00c9tats-Unis Universit\u00e9\u00a0Caroline du Sud Columbia\/SC &#8211; \u00c9tats-Unis Universit\u00e9 de Georgetown Washington &#8211; \u00c9tats-Unis Universit\u00e9 Ibn Zohr Agadir &#8211; Maroc Universit\u00e9 de Glasgow Glasgow\/Ecosse &#8211; Royaume Uni Universit\u00e9 Cadi Ayyad Marrakech &#8211; Maroc Nos partenaires\/\" \/>\n<meta property=\"og:url\" content=\"https:\/\/www.moroccodemia.com\/fr\/nos-partenaires\/\" \/>\n<meta property=\"og:site_name\" content=\"morocco academia french\" \/>\n<meta property=\"article:publisher\" content=\"https:\/\/www.facebook.com\/Morocco-academia-239938123438369\/\" \/>\n<meta property=\"article:modified_time\" content=\"2020-07-31T19:10:38+00:00\" \/>\n<meta property=\"og:image\" content=\"https:\/\/www.moroccodemia.com\/fr\/media\/2019\/01\/IconBlackPartners.png\" \/>\n<meta name=\"twitter:card\" content=\"summary_large_image\" \/>\n<meta name=\"twitter:site\" content=\"@moroccodemia\" \/>\n<script type=\"application\/ld+json\" class=\"yoast-schema-graph\">{\"@context\":\"https:\\\/\\\/schema.org\",\"@graph\":[{\"@type\":\"WebPage\",\"@id\":\"https:\\\/\\\/www.moroccodemia.com\\\/fr\\\/nos-partenaires\\\/\",\"url\":\"https:\\\/\\\/www.moroccodemia.com\\\/fr\\\/nos-partenaires\\\/\",\"name\":\"Nos partenaires | moroccodemia fran\u00e7ais\",\"isPartOf\":{\"@id\":\"https:\\\/\\\/www.moroccodemia.com\\\/fr\\\/#website\"},\"primaryImageOfPage\":{\"@id\":\"https:\\\/\\\/www.moroccodemia.com\\\/fr\\\/nos-partenaires\\\/#primaryimage\"},\"image\":{\"@id\":\"https:\\\/\\\/www.moroccodemia.com\\\/fr\\\/nos-partenaires\\\/#primaryimage\"},\"thumbnailUrl\":\"https:\\\/\\\/www.moroccodemia.com\\\/fr\\\/media\\\/2019\\\/01\\\/IconBlackPartners.png\",\"datePublished\":\"2016-07-20T14:57:37+00:00\",\"dateModified\":\"2020-07-31T19:10:38+00:00\",\"breadcrumb\":{\"@id\":\"https:\\\/\\\/www.moroccodemia.com\\\/fr\\\/nos-partenaires\\\/#breadcrumb\"},\"inLanguage\":\"fr-FR\",\"potentialAction\":[{\"@type\":\"ReadAction\",\"target\":[\"https:\\\/\\\/www.moroccodemia.com\\\/fr\\\/nos-partenaires\\\/\"]}]},{\"@type\":\"ImageObject\",\"inLanguage\":\"fr-FR\",\"@id\":\"https:\\\/\\\/www.moroccodemia.com\\\/fr\\\/nos-partenaires\\\/#primaryimage\",\"url\":\"https:\\\/\\\/www.moroccodemia.com\\\/fr\\\/media\\\/2019\\\/01\\\/IconBlackPartners.png\",\"contentUrl\":\"https:\\\/\\\/www.moroccodemia.com\\\/fr\\\/media\\\/2019\\\/01\\\/IconBlackPartners.png\",\"width\":100,\"height\":100},{\"@type\":\"BreadcrumbList\",\"@id\":\"https:\\\/\\\/www.moroccodemia.com\\\/fr\\\/nos-partenaires\\\/#breadcrumb\",\"itemListElement\":[{\"@type\":\"ListItem\",\"position\":1,\"name\":\"Accueil\",\"item\":\"https:\\\/\\\/www.moroccodemia.com\\\/fr\\\/\"},{\"@type\":\"ListItem\",\"position\":2,\"name\":\"Nos partenaires\"}]},{\"@type\":\"WebSite\",\"@id\":\"https:\\\/\\\/www.moroccodemia.com\\\/fr\\\/#website\",\"url\":\"https:\\\/\\\/www.moroccodemia.com\\\/fr\\\/\",\"name\":\"morocco academia french\",\"description\":\"L'information, tout simplement\",\"potentialAction\":[{\"@type\":\"SearchAction\",\"target\":{\"@type\":\"EntryPoint\",\"urlTemplate\":\"https:\\\/\\\/www.moroccodemia.com\\\/fr\\\/?s={search_term_string}\"},\"query-input\":{\"@type\":\"PropertyValueSpecification\",\"valueRequired\":true,\"valueName\":\"search_term_string\"}}],\"inLanguage\":\"fr-FR\"}]}<\/script>\n<!-- \/ Yoast SEO plugin. -->","yoast_head_json":{"title":"Nos partenaires | moroccodemia fran\u00e7ais","robots":{"index":"index","follow":"follow","max-snippet":"max-snippet:-1","max-image-preview":"max-image-preview:large","max-video-preview":"max-video-preview:-1"},"canonical":"https:\/\/www.moroccodemia.com\/fr\/nos-partenaires\/","og_locale":"fr_FR","og_type":"article","og_title":"Nos partenaires | moroccodemia fran\u00e7ais","og_description":"Nos partenaires Parcourir en arabeParcourir en anglais Quacquarelli Symonds Londres &#8211; Royaume Uni Universit\u00e9 de Syracuse Syracuse\/NY &#8211; \u00c9tats-Unis Universit\u00e9\u00a0Caroline du Sud Columbia\/SC &#8211; \u00c9tats-Unis Universit\u00e9 de Georgetown Washington &#8211; \u00c9tats-Unis Universit\u00e9 Ibn Zohr Agadir &#8211; Maroc Universit\u00e9 de Glasgow Glasgow\/Ecosse &#8211; Royaume Uni Universit\u00e9 Cadi Ayyad Marrakech &#8211; Maroc Nos partenaires\/","og_url":"https:\/\/www.moroccodemia.com\/fr\/nos-partenaires\/","og_site_name":"morocco academia french","article_publisher":"https:\/\/www.facebook.com\/Morocco-academia-239938123438369\/","article_modified_time":"2020-07-31T19:10:38+00:00","og_image":[{"url":"https:\/\/www.moroccodemia.com\/fr\/media\/2019\/01\/IconBlackPartners.png","type":"","width":"","height":""}],"twitter_card":"summary_large_image","twitter_site":"@moroccodemia","schema":{"@context":"https:\/\/schema.org","@graph":[{"@type":"WebPage","@id":"https:\/\/www.moroccodemia.com\/fr\/nos-partenaires\/","url":"https:\/\/www.moroccodemia.com\/fr\/nos-partenaires\/","name":"Nos partenaires | moroccodemia fran\u00e7ais","isPartOf":{"@id":"https:\/\/www.moroccodemia.com\/fr\/#website"},"primaryImageOfPage":{"@id":"https:\/\/www.moroccodemia.com\/fr\/nos-partenaires\/#primaryimage"},"image":{"@id":"https:\/\/www.moroccodemia.com\/fr\/nos-partenaires\/#primaryimage"},"thumbnailUrl":"https:\/\/www.moroccodemia.com\/fr\/media\/2019\/01\/IconBlackPartners.png","datePublished":"2016-07-20T14:57:37+00:00","dateModified":"2020-07-31T19:10:38+00:00","breadcrumb":{"@id":"https:\/\/www.moroccodemia.com\/fr\/nos-partenaires\/#breadcrumb"},"inLanguage":"fr-FR","potentialAction":[{"@type":"ReadAction","target":["https:\/\/www.moroccodemia.com\/fr\/nos-partenaires\/"]}]},{"@type":"ImageObject","inLanguage":"fr-FR","@id":"https:\/\/www.moroccodemia.com\/fr\/nos-partenaires\/#primaryimage","url":"https:\/\/www.moroccodemia.com\/fr\/media\/2019\/01\/IconBlackPartners.png","contentUrl":"https:\/\/www.moroccodemia.com\/fr\/media\/2019\/01\/IconBlackPartners.png","width":100,"height":100},{"@type":"BreadcrumbList","@id":"https:\/\/www.moroccodemia.com\/fr\/nos-partenaires\/#breadcrumb","itemListElement":[{"@type":"ListItem","position":1,"name":"Accueil","item":"https:\/\/www.moroccodemia.com\/fr\/"},{"@type":"ListItem","position":2,"name":"Nos partenaires"}]},{"@type":"WebSite","@id":"https:\/\/www.moroccodemia.com\/fr\/#website","url":"https:\/\/www.moroccodemia.com\/fr\/","name":"morocco academia french","description":"L'information, tout simplement","potentialAction":[{"@type":"SearchAction","target":{"@type":"EntryPoint","urlTemplate":"https:\/\/www.moroccodemia.com\/fr\/?s={search_term_string}"},"query-input":{"@type":"PropertyValueSpecification","valueRequired":true,"valueName":"search_term_string"}}],"inLanguage":"fr-FR"}]}},"_links":{"self":[{"href":"https:\/\/www.moroccodemia.com\/fr\/wp-json\/wp\/v2\/pages\/4956","targetHints":{"allow":["GET"]}}],"collection":[{"href":"https:\/\/www.moroccodemia.com\/fr\/wp-json\/wp\/v2\/pages"}],"about":[{"href":"https:\/\/www.moroccodemia.com\/fr\/wp-json\/wp\/v2\/types\/page"}],"author":[{"embeddable":true,"href":"https:\/\/www.moroccodemia.com\/fr\/wp-json\/wp\/v2\/users\/1"}],"replies":[{"embeddable":true,"href":"https:\/\/www.moroccodemia.com\/fr\/wp-json\/wp\/v2\/comments?post=4956"}],"version-history":[{"count":3,"href":"https:\/\/www.moroccodemia.com\/fr\/wp-json\/wp\/v2\/pages\/4956\/revisions"}],"predecessor-version":[{"id":13689,"href":"https:\/\/www.moroccodemia.com\/fr\/wp-json\/wp\/v2\/pages\/4956\/revisions\/13689"}],"wp:attachment":[{"href":"https:\/\/www.moroccodemia.com\/fr\/wp-json\/wp\/v2\/media?parent=4956"}],"curies":[{"name":"wp","href":"https:\/\/api.w.org\/{rel}","templated":true}]}}