{"id":3900,"date":"2016-05-24T10:09:22","date_gmt":"2016-05-24T10:09:22","guid":{"rendered":"https:\/\/www.moroccodemia.com\/fr\/?page_id=3900"},"modified":"2019-01-18T14:30:05","modified_gmt":"2019-01-18T14:30:05","slug":"bourses-detudes-et-de-recherche","status":"publish","type":"page","link":"https:\/\/www.moroccodemia.com\/fr\/bourses-detudes-et-de-recherche\/","title":{"rendered":"Bourses d&rsquo;\u00e9tudes et de recherche"},"content":{"rendered":"<div class=\"rTable\">\n<div class=\"rTableBody\">\n<div class=\"rTableRow\">\n<div class=\"rTableHead\">\n<hr \/>\n<h2 style=\"text-align: center;\" dir=\"ltr\"><span style=\"font-size: 14pt; color: #333333;\"><strong><span style=\"font-size: 14pt; font-family: verdana,geneva,sans-serif;\">Bourses\u00a0d&rsquo;\u00e9tudes et de recherche<\/span><\/strong><\/span><span class=\"dropdown\"><button class=\"dropbtn\"><img loading=\"lazy\" decoding=\"async\" valign=\"middle\" src=\"http:\/\/www.moroccodemia.com\/en\/media\/2017\/12\/IconGreyDropdown_30x30.png\" alt=\"\" width=\"30\" height=\"30\" class=\"alignnone size-full wp-image-10488\" \/><\/button><span class=\"dropdown-content\"><a style=\"text-align: left; font-family: verdana, geneva, sans-serif; font-size: 10pt;\" href=\"https:\/\/www.moroccodemia.com\/ar\/%D9%85%D9%86%D8%AD-%D8%A7%D9%84%D8%AF%D8%B1%D8%A7%D8%B3%D8%A9-%D9%88-%D8%A7%D9%84%D8%A8%D8%AD%D8%AB-%D9%81%D9%8A-%D8%A7%D9%84%D9%85%D8%BA%D8%B1%D8%A8\/\">Browse in Arabic<\/a><a style=\"text-align: left; font-family: verdana, geneva, sans-serif; font-size: 10pt;\" href=\"https:\/\/www.moroccodemia.com\/en\/awards-grants-and-contests\/\">Browse in English<\/a><\/span><\/span><\/h2>\n<hr \/>\n<div class=\"banner\"><img loading=\"lazy\" decoding=\"async\" src=\"https:\/\/www.moroccodemia.com\/fr\/media\/2019\/01\/IconBlackAward.png\" style=\"vertical-align: middle;\" alt=\"Bourses d'\u00e9tudes et de recherche\" title=\"Bourses d'\u00e9tudes et de recherche\" width=\"80\" height=\"80\"\/><\/div>\n<h2><span style=\"font-size: 10pt;\"><strong><span style=\"color: #ff6600; font-size: 18pt;\">\u2308<\/span>\u00a0Quel est le montant de la bourse\u00a0 octroy\u00e9e aux \u00e9tudiants marocains\u00a0?\u00a0<span style=\"font-size: 18pt; color: #ff6600;\">\u2309<\/span><\/strong><\/span><\/h2>\n<p><span style=\"font-size: 10pt;\">Bourses d&rsquo;\u00e9tudes et de recherche\u00a0pour les \u00e9tudiants marocains inscrits dans un \u00e9tablissement d\u2019enseignement sup\u00e9rieur au Maroc:<\/span><\/p>\n<p><span style=\"font-size: 10pt;\"><em>[<strong>6,334<\/strong> DH] \u00a0<\/em>Licence\u00a0d&rsquo;\u00e9tudes fondamentales &gt; Dipl\u00f4me de m\u00e9decine ou de m\u00e9decine dentaire\u00a0ou pharmacie &gt;\u00a0Dipl\u00f4me d&rsquo;ing\u00e9nieur d&rsquo;\u00e9tat &gt;\u00a0Dipl\u00f4mes de technicien et de technicien sp\u00e9cialis\u00e9 OFPPT &gt;\u00a0Tout autre dipl\u00f4me de 1er et 2e cycle d\u00e9livr\u00e9s par les universit\u00e9s ou par les \u00e9tablissements d&rsquo;enseignement sup\u00e9rieur ne relevant pas des\u00a0universit\u00e9s<\/span><\/p>\n<p><span style=\"font-size: 10pt;\"><em>[<strong>7,334<\/strong> DH]\u00a0&gt;\u00a0Master ou Master sp\u00e9cialis\u00e9 &gt;\u00a0Dipl\u00f4me de sp\u00e9cialit\u00e9 en m\u00e9decine ou en m\u00e9decine dentaire &gt;\u00a0Dipl\u00f4me de sp\u00e9cialit\u00e9 en pharmacie et biologie<\/em><\/span><\/p>\n<p><span style=\"font-size: 10pt;\"><em>[<strong>12,154<\/strong> DH]\u00a0<\/em>&gt;\u00a0Doctorat<\/span><\/p>\n<p><span style=\"font-size: 8pt;\"><em>Source:\u00a0Bulletin Officiel #6105 du 03 d\u00e9cembre 2012.<\/em><\/span><\/p>\n<p>&nbsp;<\/p>\n<p><span style=\"background-color: #00ff00; font-family: verdana,geneva,sans-serif;\"><div class=\"responsive-tabs\">\n<h2 class=\"tabtitle\">Liens<\/h2>\n<div class=\"tabcontent\">\n<\/span><\/p>\n<div class=\"arrow-down\" style=\"margin-left: auto; margin-right: auto;\"><\/div>\n<div style=\"width: 200px; height: 500px; overflow: auto; background-color: white; margin-left: auto; margin-right: auto;\">\n<div style=\"width: 200px; height: 700px;\">\n<div class=\"rTableCell\">\n<div style=\"width: 190px\" class=\"wp-caption aligncenter\"><a href=\"http:\/\/www.cnrst.ma\" target=\"_blank\" rel=\"noopener noreferrer\"><img loading=\"lazy\" decoding=\"async\" title=\"Bourses d'excellence\" src=\"https:\/\/www.moroccodemia.com\/fr\/media\/2015\/08\/CNRST.jpg\" alt=\"Bourses d'excellence\" height=\"100\" width=\"180\" \/><\/a><p class=\"wp-caption-text\"><span style=\"font-family: verdana,geneva,sans-serif; font-size: 10pt;\">Bourses d&rsquo;excellence<\/span><\/p><\/div>\n<\/div>\n<div class=\"rTableCell\">\n<div style=\"width: 190px\" class=\"wp-caption aligncenter\"><a href=\"http:\/\/www.al-idrisi.eu\/index.php\/fr\/\" target=\"_blank\" rel=\"noopener noreferrer\"><img loading=\"lazy\" decoding=\"async\" title=\"Erasmus Mundus Al Idrissi II\" src=\"https:\/\/www.moroccodemia.com\/fr\/media\/2015\/08\/ErasmusAlIdrissi-180x100.png\" alt=\"Erasmus Mundus Al Idrissi II\" height=\"100\" width=\"180\" \/><\/a><p class=\"wp-caption-text\"><span style=\"font-family: verdana,geneva,sans-serif; font-size: 10pt;\">Erasmus Mundus Al Idrissi II<\/span><\/p><\/div>\n<\/div>\n<div class=\"rTableCell\">\n<div style=\"width: 190px\" class=\"wp-caption aligncenter\"><a href=\"http:\/\/www.enssup.gov.ma\/fr\/bourse-de-cooperation\" target=\"_blank\" rel=\"noopener noreferrer\"><img loading=\"lazy\" decoding=\"async\" title=\"Bourses Internationales \" src=\"https:\/\/www.moroccodemia.com\/fr\/media\/2015\/09\/Mdemia-ATHRONERED.png\" alt=\"Bourses Internationales \" height=\"100\" width=\"180\" \/><\/a><p class=\"wp-caption-text\"><span style=\"font-family: verdana,geneva,sans-serif; font-size: 10pt;\">Bourses Internationales<\/span><\/p><\/div>\n<\/div>\n<div class=\"rTableCell\">\n<div style=\"width: 190px\" class=\"wp-caption aligncenter\"><a href=\"http:\/\/www.mre.gov.ma\/fr\/social\/bourses-d%C3%A9tudes\" target=\"_blank\" rel=\"noopener noreferrer\"><img loading=\"lazy\" decoding=\"async\" title=\"Bourses d'Etudes pour Etudiants MRE en Situation Pr\u00e9caire \" src=\"https:\/\/www.moroccodemia.com\/fr\/media\/2015\/09\/Mdemia-ATHRONERED.png\" alt=\"Bourses d'Etudes pour Etudiants MRE en Situation Pr\u00e9caire \" height=\"100\" width=\"180\" \/><\/a><p class=\"wp-caption-text\"><span style=\"font-family: verdana,geneva,sans-serif; font-size: 10pt;\">Bourses d&rsquo;Etudes pour Etudiants MRE en Situation Pr\u00e9caire<\/span><\/p><\/div>\n<\/div>\n<div class=\"rTableCell\">\n<div style=\"width: 190px\" class=\"wp-caption aligncenter\"><a href=\"http:\/\/www.cnrst.ma\/index.php\/fr\/unites-et-services\/promotion-de-la-recherche-et-innovation\/bourses-de-recherche-d-excellence\/item\/93-appel-a-candidatures-pour-la-bourse-d-excellence-de-recherche-au-titre-de-l-annee-2016\" target=\"_blank\" rel=\"noopener noreferrer\"><img loading=\"lazy\" decoding=\"async\" title=\"Crit\u00e8res d\u2019\u00e9valuation des candidatures dans le cadre du Programme des Bourse d\u2019Excellence de Recherche [Edition 2016] \" src=\"https:\/\/www.moroccodemia.com\/fr\/media\/2015\/09\/Mdemia-ATHRONERED.png\" alt=\"Crit\u00e8res d\u2019\u00e9valuation des candidatures dans le cadre du Programme des Bourse d\u2019Excellence de Recherche [Edition 2016\" height=\"100\" width=\"180\" \/><\/a><p class=\"wp-caption-text\"><span style=\"font-family: verdana,geneva,sans-serif; font-size: 10pt;\">Crit\u00e8res d\u2019\u00e9valuation des candidatures dans le cadre du Programme des Bourse d\u2019Excellence de Recherche [Edition 2016]<\/span><\/p><\/div>\n<\/div>\n<div class=\"rTableCell\">\n<div style=\"width: 190px\" class=\"wp-caption aligncenter\"><a href=\"http:\/\/www.ird.fr\/les-partenariats\/renforcement-des-capacites\/des-programmes-specifiques\/bourses-d-echanges-scientifiques-et-technologiques-best\" target=\"_blank\" rel=\"noopener noreferrer\"><img loading=\"lazy\" decoding=\"async\" title=\"Bourses d\u2019Echanges Scientifiques et Technologiques (BEST) \" src=\"https:\/\/www.moroccodemia.com\/fr\/media\/2015\/09\/Mdemia-ATHRONERED.png\" alt=\"Bourses d\u2019Echanges Scientifiques et Technologiques (BEST) \" height=\"100\" width=\"180\" \/><\/a><p class=\"wp-caption-text\"><span style=\"font-family: verdana,geneva,sans-serif; font-size: 10pt;\">Bourses d\u2019Echanges Scientifiques et Technologiques (BEST)<\/span><\/p><\/div>\n<\/div>\n<div class=\"rTableCell\">\n<div style=\"width: 190px\" class=\"wp-caption aligncenter\"><a href=\"http:\/\/www.enssup.gov.ma\/fr\/Etudiant\/Actualites\/1096-guide-demande-bourse-de-lenseignement-sup%C3%A9rieur\" target=\"_blank\" rel=\"noopener noreferrer\"><img loading=\"lazy\" decoding=\"async\" title=\"Consultation des Bourses \" src=\"https:\/\/www.moroccodemia.com\/fr\/media\/2015\/09\/Mdemia-ATHRONERED.png\" alt=\"Consultation des Bourses \" height=\"100\" width=\"180\" \/><\/a><p class=\"wp-caption-text\"><span style=\"font-family: verdana,geneva,sans-serif; font-size: 10pt;\">Consultation des Bourses<\/span><\/p><\/div>\n<\/div>\n<\/div>\n<\/div>\n<div class=\"arrow-up\" style=\"margin-left: auto; margin-right: auto;\"><\/div>\n<p><span style=\"font-family: verdana,geneva,sans-serif; background-color: #00ff00;\">\n<\/div><h2 class=\"tabtitle\">Vid\u00e9os<\/h2>\n<div class=\"tabcontent\">\n<\/span><\/p>\n<div class=\"arrow-down\" style=\"margin-left: auto; margin-right: auto;\"><\/div>\n<div style=\"width: 200px; height: 00px; overflow: auto; background-color: white; margin-left: auto; margin-right: auto;\">\n<div style=\"width: 200px; height: 700px;\"><\/div>\n<\/div>\n<div class=\"arrow-up\" style=\"margin-left: auto; margin-right: auto;\"><\/div>\n<p><span style=\"background-color: #00ff00; font-family: verdana,geneva,sans-serif;\"><\/div><\/div><\/span><\/p>\n<hr \/>\n<h2 style=\"text-align: center;\"><span style=\"font-size: 14pt; font-family: verdana,geneva,sans-serif;\">Bourses d&rsquo;\u00e9tudes et de recherche\/<\/span><\/h2>\n<hr \/>\n<\/div>\n<\/div>\n<\/div>\n<\/div>\n","protected":false},"excerpt":{"rendered":"<p>Bourses\u00a0d&rsquo;\u00e9tudes et de rechercheBrowse in ArabicBrowse in English \u2308\u00a0Quel est le montant de la bourse\u00a0 octroy\u00e9e aux \u00e9tudiants marocains\u00a0?\u00a0\u2309 Bourses d&rsquo;\u00e9tudes et de recherche\u00a0pour les \u00e9tudiants marocains inscrits dans un \u00e9tablissement d\u2019enseignement sup\u00e9rieur au Maroc: [6,334 DH] \u00a0Licence\u00a0d&rsquo;\u00e9tudes fondamentales &gt; Dipl\u00f4me de m\u00e9decine ou de m\u00e9decine dentaire\u00a0ou pharmacie &gt;\u00a0Dipl\u00f4me d&rsquo;ing\u00e9nieur d&rsquo;\u00e9tat &gt;\u00a0Dipl\u00f4mes de technicien et [&hellip;]<\/p>\n","protected":false},"author":1,"featured_media":0,"parent":0,"menu_order":0,"comment_status":"closed","ping_status":"closed","template":"","meta":{"footnotes":""},"class_list":["post-3900","page","type-page","status-publish","hentry"],"yoast_head":"<!-- This site is optimized with the Yoast SEO plugin v27.4 - https:\/\/yoast.com\/product\/yoast-seo-wordpress\/ -->\n<title>Bourses d&#039;\u00e9tudes et de recherche | moroccodemia fran\u00e7ais<\/title>\n<meta name=\"robots\" content=\"index, follow, max-snippet:-1, max-image-preview:large, max-video-preview:-1\" \/>\n<link rel=\"canonical\" href=\"https:\/\/www.moroccodemia.com\/fr\/bourses-detudes-et-de-recherche\/\" \/>\n<meta property=\"og:locale\" content=\"fr_FR\" \/>\n<meta property=\"og:type\" content=\"article\" \/>\n<meta property=\"og:title\" content=\"Bourses d&#039;\u00e9tudes et de recherche | moroccodemia fran\u00e7ais\" \/>\n<meta property=\"og:description\" content=\"Bourses\u00a0d&rsquo;\u00e9tudes et de rechercheBrowse in ArabicBrowse in English \u2308\u00a0Quel est le montant de la bourse\u00a0 octroy\u00e9e aux \u00e9tudiants marocains\u00a0?\u00a0\u2309 Bourses d&rsquo;\u00e9tudes et de recherche\u00a0pour les \u00e9tudiants marocains inscrits dans un \u00e9tablissement d\u2019enseignement sup\u00e9rieur au Maroc: [6,334 DH] \u00a0Licence\u00a0d&rsquo;\u00e9tudes fondamentales &gt; Dipl\u00f4me de m\u00e9decine ou de m\u00e9decine dentaire\u00a0ou pharmacie &gt;\u00a0Dipl\u00f4me d&rsquo;ing\u00e9nieur d&rsquo;\u00e9tat &gt;\u00a0Dipl\u00f4mes de technicien et [&hellip;]\" \/>\n<meta property=\"og:url\" content=\"https:\/\/www.moroccodemia.com\/fr\/bourses-detudes-et-de-recherche\/\" \/>\n<meta property=\"og:site_name\" content=\"morocco academia french\" \/>\n<meta property=\"article:publisher\" content=\"https:\/\/www.facebook.com\/Morocco-academia-239938123438369\/\" \/>\n<meta property=\"article:modified_time\" content=\"2019-01-18T14:30:05+00:00\" \/>\n<meta property=\"og:image\" content=\"http:\/\/www.moroccodemia.com\/en\/wp-content\/uploads\/2017\/12\/IconGreyDropdown_30x30.png\" \/>\n<meta name=\"twitter:card\" content=\"summary_large_image\" \/>\n<meta name=\"twitter:site\" content=\"@moroccodemia\" \/>\n<meta name=\"twitter:label1\" content=\"Dur\u00e9e de lecture estim\u00e9e\" \/>\n\t<meta name=\"twitter:data1\" content=\"1 minute\" \/>\n<script type=\"application\/ld+json\" class=\"yoast-schema-graph\">{\"@context\":\"https:\\\/\\\/schema.org\",\"@graph\":[{\"@type\":\"WebPage\",\"@id\":\"https:\\\/\\\/www.moroccodemia.com\\\/fr\\\/bourses-detudes-et-de-recherche\\\/\",\"url\":\"https:\\\/\\\/www.moroccodemia.com\\\/fr\\\/bourses-detudes-et-de-recherche\\\/\",\"name\":\"Bourses d'\u00e9tudes et de recherche | moroccodemia fran\u00e7ais\",\"isPartOf\":{\"@id\":\"https:\\\/\\\/www.moroccodemia.com\\\/fr\\\/#website\"},\"primaryImageOfPage\":{\"@id\":\"https:\\\/\\\/www.moroccodemia.com\\\/fr\\\/bourses-detudes-et-de-recherche\\\/#primaryimage\"},\"image\":{\"@id\":\"https:\\\/\\\/www.moroccodemia.com\\\/fr\\\/bourses-detudes-et-de-recherche\\\/#primaryimage\"},\"thumbnailUrl\":\"http:\\\/\\\/www.moroccodemia.com\\\/en\\\/media\\\/2017\\\/12\\\/IconGreyDropdown_30x30.png\",\"datePublished\":\"2016-05-24T10:09:22+00:00\",\"dateModified\":\"2019-01-18T14:30:05+00:00\",\"breadcrumb\":{\"@id\":\"https:\\\/\\\/www.moroccodemia.com\\\/fr\\\/bourses-detudes-et-de-recherche\\\/#breadcrumb\"},\"inLanguage\":\"fr-FR\",\"potentialAction\":[{\"@type\":\"ReadAction\",\"target\":[\"https:\\\/\\\/www.moroccodemia.com\\\/fr\\\/bourses-detudes-et-de-recherche\\\/\"]}]},{\"@type\":\"ImageObject\",\"inLanguage\":\"fr-FR\",\"@id\":\"https:\\\/\\\/www.moroccodemia.com\\\/fr\\\/bourses-detudes-et-de-recherche\\\/#primaryimage\",\"url\":\"http:\\\/\\\/www.moroccodemia.com\\\/en\\\/media\\\/2017\\\/12\\\/IconGreyDropdown_30x30.png\",\"contentUrl\":\"http:\\\/\\\/www.moroccodemia.com\\\/en\\\/media\\\/2017\\\/12\\\/IconGreyDropdown_30x30.png\"},{\"@type\":\"BreadcrumbList\",\"@id\":\"https:\\\/\\\/www.moroccodemia.com\\\/fr\\\/bourses-detudes-et-de-recherche\\\/#breadcrumb\",\"itemListElement\":[{\"@type\":\"ListItem\",\"position\":1,\"name\":\"Accueil\",\"item\":\"https:\\\/\\\/www.moroccodemia.com\\\/fr\\\/\"},{\"@type\":\"ListItem\",\"position\":2,\"name\":\"Bourses d&rsquo;\u00e9tudes et de recherche\"}]},{\"@type\":\"WebSite\",\"@id\":\"https:\\\/\\\/www.moroccodemia.com\\\/fr\\\/#website\",\"url\":\"https:\\\/\\\/www.moroccodemia.com\\\/fr\\\/\",\"name\":\"morocco academia french\",\"description\":\"L'information, tout simplement\",\"potentialAction\":[{\"@type\":\"SearchAction\",\"target\":{\"@type\":\"EntryPoint\",\"urlTemplate\":\"https:\\\/\\\/www.moroccodemia.com\\\/fr\\\/?s={search_term_string}\"},\"query-input\":{\"@type\":\"PropertyValueSpecification\",\"valueRequired\":true,\"valueName\":\"search_term_string\"}}],\"inLanguage\":\"fr-FR\"}]}<\/script>\n<!-- \/ Yoast SEO plugin. -->","yoast_head_json":{"title":"Bourses d'\u00e9tudes et de recherche | moroccodemia fran\u00e7ais","robots":{"index":"index","follow":"follow","max-snippet":"max-snippet:-1","max-image-preview":"max-image-preview:large","max-video-preview":"max-video-preview:-1"},"canonical":"https:\/\/www.moroccodemia.com\/fr\/bourses-detudes-et-de-recherche\/","og_locale":"fr_FR","og_type":"article","og_title":"Bourses d'\u00e9tudes et de recherche | moroccodemia fran\u00e7ais","og_description":"Bourses\u00a0d&rsquo;\u00e9tudes et de rechercheBrowse in ArabicBrowse in English \u2308\u00a0Quel est le montant de la bourse\u00a0 octroy\u00e9e aux \u00e9tudiants marocains\u00a0?\u00a0\u2309 Bourses d&rsquo;\u00e9tudes et de recherche\u00a0pour les \u00e9tudiants marocains inscrits dans un \u00e9tablissement d\u2019enseignement sup\u00e9rieur au Maroc: [6,334 DH] \u00a0Licence\u00a0d&rsquo;\u00e9tudes fondamentales &gt; Dipl\u00f4me de m\u00e9decine ou de m\u00e9decine dentaire\u00a0ou pharmacie &gt;\u00a0Dipl\u00f4me d&rsquo;ing\u00e9nieur d&rsquo;\u00e9tat &gt;\u00a0Dipl\u00f4mes de technicien et [&hellip;]","og_url":"https:\/\/www.moroccodemia.com\/fr\/bourses-detudes-et-de-recherche\/","og_site_name":"morocco academia french","article_publisher":"https:\/\/www.facebook.com\/Morocco-academia-239938123438369\/","article_modified_time":"2019-01-18T14:30:05+00:00","og_image":[{"url":"http:\/\/www.moroccodemia.com\/en\/wp-content\/uploads\/2017\/12\/IconGreyDropdown_30x30.png","type":"","width":"","height":""}],"twitter_card":"summary_large_image","twitter_site":"@moroccodemia","twitter_misc":{"Dur\u00e9e de lecture estim\u00e9e":"1 minute"},"schema":{"@context":"https:\/\/schema.org","@graph":[{"@type":"WebPage","@id":"https:\/\/www.moroccodemia.com\/fr\/bourses-detudes-et-de-recherche\/","url":"https:\/\/www.moroccodemia.com\/fr\/bourses-detudes-et-de-recherche\/","name":"Bourses d'\u00e9tudes et de recherche | moroccodemia fran\u00e7ais","isPartOf":{"@id":"https:\/\/www.moroccodemia.com\/fr\/#website"},"primaryImageOfPage":{"@id":"https:\/\/www.moroccodemia.com\/fr\/bourses-detudes-et-de-recherche\/#primaryimage"},"image":{"@id":"https:\/\/www.moroccodemia.com\/fr\/bourses-detudes-et-de-recherche\/#primaryimage"},"thumbnailUrl":"http:\/\/www.moroccodemia.com\/en\/media\/2017\/12\/IconGreyDropdown_30x30.png","datePublished":"2016-05-24T10:09:22+00:00","dateModified":"2019-01-18T14:30:05+00:00","breadcrumb":{"@id":"https:\/\/www.moroccodemia.com\/fr\/bourses-detudes-et-de-recherche\/#breadcrumb"},"inLanguage":"fr-FR","potentialAction":[{"@type":"ReadAction","target":["https:\/\/www.moroccodemia.com\/fr\/bourses-detudes-et-de-recherche\/"]}]},{"@type":"ImageObject","inLanguage":"fr-FR","@id":"https:\/\/www.moroccodemia.com\/fr\/bourses-detudes-et-de-recherche\/#primaryimage","url":"http:\/\/www.moroccodemia.com\/en\/media\/2017\/12\/IconGreyDropdown_30x30.png","contentUrl":"http:\/\/www.moroccodemia.com\/en\/media\/2017\/12\/IconGreyDropdown_30x30.png"},{"@type":"BreadcrumbList","@id":"https:\/\/www.moroccodemia.com\/fr\/bourses-detudes-et-de-recherche\/#breadcrumb","itemListElement":[{"@type":"ListItem","position":1,"name":"Accueil","item":"https:\/\/www.moroccodemia.com\/fr\/"},{"@type":"ListItem","position":2,"name":"Bourses d&rsquo;\u00e9tudes et de recherche"}]},{"@type":"WebSite","@id":"https:\/\/www.moroccodemia.com\/fr\/#website","url":"https:\/\/www.moroccodemia.com\/fr\/","name":"morocco academia french","description":"L'information, tout simplement","potentialAction":[{"@type":"SearchAction","target":{"@type":"EntryPoint","urlTemplate":"https:\/\/www.moroccodemia.com\/fr\/?s={search_term_string}"},"query-input":{"@type":"PropertyValueSpecification","valueRequired":true,"valueName":"search_term_string"}}],"inLanguage":"fr-FR"}]}},"_links":{"self":[{"href":"https:\/\/www.moroccodemia.com\/fr\/wp-json\/wp\/v2\/pages\/3900","targetHints":{"allow":["GET"]}}],"collection":[{"href":"https:\/\/www.moroccodemia.com\/fr\/wp-json\/wp\/v2\/pages"}],"about":[{"href":"https:\/\/www.moroccodemia.com\/fr\/wp-json\/wp\/v2\/types\/page"}],"author":[{"embeddable":true,"href":"https:\/\/www.moroccodemia.com\/fr\/wp-json\/wp\/v2\/users\/1"}],"replies":[{"embeddable":true,"href":"https:\/\/www.moroccodemia.com\/fr\/wp-json\/wp\/v2\/comments?post=3900"}],"version-history":[{"count":4,"href":"https:\/\/www.moroccodemia.com\/fr\/wp-json\/wp\/v2\/pages\/3900\/revisions"}],"predecessor-version":[{"id":11495,"href":"https:\/\/www.moroccodemia.com\/fr\/wp-json\/wp\/v2\/pages\/3900\/revisions\/11495"}],"wp:attachment":[{"href":"https:\/\/www.moroccodemia.com\/fr\/wp-json\/wp\/v2\/media?parent=3900"}],"curies":[{"name":"wp","href":"https:\/\/api.w.org\/{rel}","templated":true}]}}