{"id":3891,"date":"2016-05-23T20:43:54","date_gmt":"2016-05-23T20:43:54","guid":{"rendered":"https:\/\/www.moroccodemia.com\/fr\/?page_id=3891"},"modified":"2023-09-03T16:58:01","modified_gmt":"2023-09-03T15:58:01","slug":"etudiants-marocains-a-letranger","status":"publish","type":"page","link":"https:\/\/www.moroccodemia.com\/fr\/etudiants-marocains-a-letranger\/","title":{"rendered":"Etudiants Marocains \u00e0 l&rsquo;Etranger"},"content":{"rendered":"<div class=\"rTable\">\n<div class=\"rTableBody\">\n<div class=\"rTableRow\">\n<div class=\"rTableHead\">\n<hr \/>\n<h1 class=\"h1pagetitle\">Etudiants Marocains \u00e0 l&rsquo;Etranger<\/h1>\n<div class=\"dropdown1\"><button class=\"dropbtn1\"><\/button><br class=\"blank \/\" \/><span class=\"dropdown1-content\"><a href=\"https:\/\/www.moroccodemia.com\/ar\/%D8%A7%D9%84%D8%B7%D9%84%D8%A8%D8%A9-%D8%A7%D9%84%D9%85%D8%BA%D8%A7%D8%B1%D8%A8%D8%A9-%D9%81%D9%8A-%D8%A7%D9%84%D8%AE%D8%A7%D8%B1%D8%AC\/\">Parcourir en arabe<\/a><a href=\"https:\/\/www.moroccodemia.com\/en\/moroccan-students-abroad\/\">Parcourir en anglais<\/a><\/span><\/div>\n<hr \/>\n<div class=\"banner\"><img loading=\"lazy\" decoding=\"async\" src=\"https:\/\/www.moroccodemia.com\/fr\/media\/2019\/01\/IconBlackStudents.png\" style=\"vertical-align: middle;\" alt=\"Icon Students\" title=\"https:\/\/www.moroccodemia.com\/en\/moroccan-students-abroad\/\" width=\"80\" height=\"80\" \/><\/div>\n<div class=\"responsive-tabs\">\n<h2 class=\"tabtitle\">Aper\u00e7u<\/h2>\n<div class=\"tabcontent\">\n\n<h2 class=\"h2MainContent\"><span style=\"font-family: verdana, geneva, sans-serif;\"><strong><span style=\"font-size: 10pt;\">Quel est le nombre d&rsquo;\u00e9tudiants marocains \u00e0 l&rsquo;\u00e9tranger<\/span><\/strong><span style=\"font-size: 10pt;\">?\u00a0<\/span><\/span><\/h2>\n<p><span style=\"font-family: verdana, geneva, sans-serif;\"><span style=\"font-size: 18pt;\">[<strong>51.000<\/strong>]<\/span> <span style=\"font-size: 10pt;\">est le nombre d&rsquo;\u00e9tudiants marocains \u00e0 l&rsquo;\u00e9tranger.<\/span><\/span><\/p>\n<p><span style=\"font-family: verdana, geneva, sans-serif; font-size: 10pt;\">[<strong>33.500<\/strong>]\u00a0est le nombre d&rsquo;\u00e9tudiants marocains en\u00a0<strong>France<\/strong>.<br \/>\n[<strong>15.000<\/strong>] est le nombre d&rsquo;\u00e9tudiants marocains en\u00a0<strong>Espagne<\/strong>, <strong>Allemagne<\/strong>\u00a0et\u00a0<strong>Italie <\/strong>pris ensemble.<br \/>\n[<strong>2.000<\/strong>] est le nombre d&rsquo;\u00e9tudiants marocains au\u00a0<strong>Canada<\/strong>.<br \/>\n[<strong>500<\/strong>] est le nombre d&rsquo;\u00e9tudiants marocains en\u00a0<strong>Turkey<\/strong>.<\/span><\/p>\n<p><img loading=\"lazy\" decoding=\"async\" src=\"https:\/\/www.moroccodemia.com\/fr\/media\/2016\/05\/MaisonDuMaroc.png\" alt=\"La Maison du Maroc - Paris\" width=\"600\" height=\"400\" class=\"aligncenter wp-image-8144 size-full\" title=\"La Maison du Maroc - Paris\" srcset=\"https:\/\/www.moroccodemia.com\/fr\/media\/2016\/05\/MaisonDuMaroc.png 600w, https:\/\/www.moroccodemia.com\/fr\/media\/2016\/05\/MaisonDuMaroc-300x200.png 300w\" sizes=\"auto, (max-width: 600px) 100vw, 600px\" \/><span style=\"font-size: 8pt;\">La Maison du Maroc &#8211; Paris<\/span><\/p>\n<hr class=\"footer\" \/>\n<h2 class=\"Hidden\"><span style=\"font-size: 10pt;\"><strong>Comments<\/strong><\/span><\/h2>\n<div class=\"Hidden\"><a href=\"#\" class=\"img-wrapper\"><img decoding=\"async\" src=\"https:\/\/www.moroccodemia.com\/en\/media\/2016\/07\/IconUserShadowBlackOrange120x120.png\" \/><\/a><\/p>\n<div class=\"comment-content\">\n<blockquote><p><span style=\"font-size: 10pt;\"><img loading=\"lazy\" decoding=\"async\" src=\"https:\/\/www.moroccodemia.com\/en\/media\/2016\/07\/Quotation-Marks_OrangeOpening40x40.png\" alt=\"\" width=\"20\" height=\"20\" class=\"alignnone  wp-image-9502\" \/>\u00a0<\/span><span style=\"font-size: 10pt;\">Hello,<\/span><\/p>\n<p><span style=\"font-size: 10pt;\">I would like to get information on how I can apply to Morocco medical schools\/universities for intakes of January 2018. Thank you<\/span><span style=\"font-size: 10pt;\"><\/span><span style=\"font-size: 10pt;\">\u00a0<\/span><img loading=\"lazy\" decoding=\"async\" src=\"https:\/\/www.moroccodemia.com\/en\/media\/2015\/10\/Quotation-Marks_OrangeClosing40x40.png\" alt=\"\" width=\"20\" height=\"20\" class=\"alignnone  wp-image-8519\" style=\"font-size: 10pt;\" \/><\/p><\/blockquote>\n<p><span style=\"font-size: 10pt;\"><em><span style=\"color: #808080;\">Posted by:\u00a0<\/span><\/em>Wol<em><br \/>\n<\/em><\/span><span style=\"font-size: 8pt; color: #808080;\">[October 30, 2017 at 7:57 PM ]<\/span><\/p>\n<p><a href=\"#page-part\"><img loading=\"lazy\" decoding=\"async\" src=\"https:\/\/www.moroccodemia.com\/en\/media\/2016\/05\/IconLetter30x20.png\" alt=\"Reply\" width=\"30\" height=\"20\" class=\"alignnone wp-image-9672 size-full\" title=\"Reply\" \/><\/a><\/p>\n<\/div>\n<\/div>\n<h2 class=\"h2MainContent\" id=\"page-part\" style=\"text-align: left;\"><strong><span style=\"font-size: 10pt;\">Add a comment<\/span><\/strong><\/h2>\n\n<div class=\"wpcf7 no-js\" id=\"wpcf7-f8536-o1\" lang=\"fr-FR\" dir=\"ltr\" data-wpcf7-id=\"8536\">\n<div class=\"screen-reader-response\"><p role=\"status\" aria-live=\"polite\" aria-atomic=\"true\"><\/p> <ul><\/ul><\/div>\n<form action=\"\/fr\/wp-json\/wp\/v2\/pages\/3891#wpcf7-f8536-o1\" method=\"post\" class=\"wpcf7-form init\" aria-label=\"Formulaire de contact\" novalidate=\"novalidate\" data-status=\"init\">\n<fieldset class=\"hidden-fields-container\"><input type=\"hidden\" name=\"_wpcf7\" value=\"8536\" \/><input type=\"hidden\" name=\"_wpcf7_version\" value=\"6.1.5\" \/><input type=\"hidden\" name=\"_wpcf7_locale\" value=\"fr_FR\" \/><input type=\"hidden\" name=\"_wpcf7_unit_tag\" value=\"wpcf7-f8536-o1\" \/><input type=\"hidden\" name=\"_wpcf7_container_post\" value=\"0\" \/><input type=\"hidden\" name=\"_wpcf7_posted_data_hash\" value=\"\" \/><input type=\"hidden\" name=\"_wpcf7dtx_version\" value=\"5.0.5\" \/><input type=\"hidden\" name=\"_wpcf7_recaptcha_response\" value=\"\" \/>\n<\/fieldset>\n<span class=\"wpcf7-form-control-wrap chapter\" data-name=\"chapter\"><input type=\"hidden\" name=\"chapter\" class=\"wpcf7-form-control wpcf7-hidden wpcf7dtx wpcf7dtx-hidden\" aria-invalid=\"false\" value=\"Etudiants Marocains \u00e0 l&#039;Etranger\"><\/span>\n<p>Votre commentaire:\n<\/p>\n<p><span class=\"wpcf7-form-control-wrap\" data-name=\"your-message\"><textarea cols=\"40\" rows=\"10\" maxlength=\"2000\" class=\"wpcf7-form-control wpcf7-textarea\" aria-invalid=\"false\" name=\"your-message\"><\/textarea><\/span>\n<\/p>\n<p>*Votre nom:\n<\/p>\n<p><span class=\"wpcf7-form-control-wrap\" data-name=\"your-name\"><input size=\"40\" maxlength=\"400\" class=\"wpcf7-form-control wpcf7-text wpcf7-validates-as-required\" aria-required=\"true\" aria-invalid=\"false\" value=\"\" type=\"text\" name=\"your-name\" \/><\/span>\n<\/p>\n<p>*Votre email:\n<\/p>\n<p><span class=\"wpcf7-form-control-wrap\" data-name=\"your-email\"><input size=\"40\" maxlength=\"400\" class=\"wpcf7-form-control wpcf7-email wpcf7-validates-as-required wpcf7-text wpcf7-validates-as-email\" aria-required=\"true\" aria-invalid=\"false\" value=\"\" type=\"email\" name=\"your-email\" \/><\/span>\n<\/p>\n<p><input class=\"wpcf7-form-control wpcf7-submit has-spinner\" type=\"submit\" value=\"Envoyer\" \/>\n<\/p><div class=\"wpcf7-response-output\" aria-hidden=\"true\"><\/div>\n<\/form>\n<\/div>\n\n\n<\/div><h2 class=\"tabtitle\">Vid\u00e9os<\/h2>\n<div class=\"tabcontent\">\n\n<div class=\"youtube-player\" data-id=\"um4Vg-a3afs\"><img decoding=\"async\" src=\"https:\/\/i1.wp.com\/i.ytimg.com\/vi\/um4Vg-a3afs\/hqdefault.jpg?ssl=1\" data-recalc-dims=\"1\" class=\"aligncenter\" alt=\"\" \/><\/div>\n<div class=\"play\"><\/div>\n<p data-tadv-p=\"keep\" dir=\"ltr\" style=\"font-size: 8pt;\">Comment les marocains sont devenus aussi forts en maths ? &#8211; 24 aout 2023<\/p>\n<div class=\"youtube-player\" data-id=\"sJGdChsEmDs\"><img decoding=\"async\" src=\"https:\/\/i1.wp.com\/i.ytimg.com\/vi\/sJGdChsEmDs\/hqdefault.jpg?ssl=1\" data-recalc-dims=\"1\" class=\"aligncenter\" alt=\"\" \/><\/div>\n<div class=\"play\"><\/div>\n<p data-tadv-p=\"keep\" dir=\"ltr\" style=\"font-size: 8pt;\">Ukraine : de retour au Maroc, les \u00e9tudiants rassur\u00e9s mais inquiets pour leur parcours universitaire &#8211; 16 f\u00e9vrier 20222<\/p>\n<div class=\"youtube-player\" data-id=\"b5FC4inlYzM\"><img decoding=\"async\" src=\"https:\/\/i1.wp.com\/i.ytimg.com\/vi\/b5FC4inlYzM\/hqdefault.jpg?ssl=1\" data-recalc-dims=\"1\" class=\"aligncenter\" alt=\"\" \/><\/div>\n<div class=\"play\"><\/div>\n<p data-tadv-p=\"keep\" dir=\"ltr\" style=\"font-size: 8pt;\">Une responsable Fran\u00e7aise au Maroc: Voici les details de l\u2019augmentation des frais d\u2019inscription en France &#8211; 21 novembre 2018<\/p>\n<div class=\"ytb-placeholder\">\n<p><span class=\"top-left-text\"><span style=\"font-size: 24pt;\">Autres vid\u00e9os<\/span><\/span><\/p>\n<p><img loading=\"lazy\" decoding=\"async\" class=\"top-right-img\" src=\"https:\/\/www.moroccodemia.com\/fr\/media\/2019\/09\/IconOrangeCamera30x30.png\" alt=\"Icon Camera\" width=\"30\" height=\"30\" title=\"Autres vid\u00e9os\" \/><\/p>\n<p><img loading=\"lazy\" decoding=\"async\" class=\"centered-img-Grey\" src=\"https:\/\/www.moroccodemia.com\/fr\/media\/2019\/09\/IconPlay100x100.png\" alt=\"Icon Play\" width=\"75\" height=\"75\" title=\"Autres vid\u00e9os\" \/><\/p>\n<p><img loading=\"lazy\" decoding=\"async\" class=\"centered-img-Orange\" src=\"https:\/\/www.moroccodemia.com\/fr\/media\/2019\/09\/IconOrangePlay100x100.png\" alt=\"Icon Play\" width=\"75\" height=\"75\" title=\"Autres vid\u00e9os\" \/><\/p>\n<p><a class=\"linkSpanner\" href=\"https:\/\/www.moroccodemia.com\/fr\/image-et-son-etudiants-marocains-a-letranger\/\"><\/a><\/p>\n<\/div>\n\n<\/div><h2 class=\"tabtitle\">Liens<\/h2>\n<div class=\"tabcontent\">\n\n<div class=\"arrow-down\" style=\"margin-left: auto; margin-right: auto;\"><\/div>\n<div style=\"width: 200px; height: 00px; overflow: auto; background-color: white; margin-left: auto; margin-right: auto;\">\n<div style=\"width: 200px; height: 700px;\"><\/div>\n<\/div>\n<div class=\"arrow-up\" style=\"margin-left: auto; margin-right: auto;\"><\/div>\n<p><span style=\"font-family: verdana, geneva, sans-serif;\"><\/div><\/div><\/span><\/p>\n<hr \/>\n<h2 class=\"rTableHead\" style=\"text-align: center;\"><span style=\"font-size: 14pt; font-family: verdana,geneva,sans-serif;\">Etudiants Marocains \u00e0 l&rsquo;Etranger<\/span><span style=\"font-size: 12pt;\">\/<\/span><\/h2>\n<hr \/>\n<p dir=\"ltr\"><span style=\"font-family: verdana,geneva,sans-serif;\"><strong><i> <\/i><\/strong><\/span><\/p>\n<\/div>\n<\/div>\n<\/div>\n<\/div>\n","protected":false},"excerpt":{"rendered":"<p>Etudiants Marocains \u00e0 l&rsquo;Etranger Parcourir en arabeParcourir en anglais Quel est le nombre d&rsquo;\u00e9tudiants marocains \u00e0 l&rsquo;\u00e9tranger?\u00a0 [51.000] est le nombre d&rsquo;\u00e9tudiants marocains \u00e0 l&rsquo;\u00e9tranger. [33.500]\u00a0est le nombre d&rsquo;\u00e9tudiants marocains en\u00a0France. [15.000] est le nombre d&rsquo;\u00e9tudiants marocains en\u00a0Espagne, Allemagne\u00a0et\u00a0Italie pris ensemble. [2.000] est le nombre d&rsquo;\u00e9tudiants marocains au\u00a0Canada. [500] est le nombre d&rsquo;\u00e9tudiants marocains en\u00a0Turkey. [&hellip;]<\/p>\n","protected":false},"author":1,"featured_media":0,"parent":0,"menu_order":0,"comment_status":"closed","ping_status":"closed","template":"","meta":{"footnotes":""},"class_list":["post-3891","page","type-page","status-publish","hentry"],"yoast_head":"<!-- This site is optimized with the Yoast SEO plugin v27.4 - https:\/\/yoast.com\/product\/yoast-seo-wordpress\/ -->\n<title>Etudiants Marocains \u00e0 l&#039;Etranger | moroccodemia fran\u00e7ais<\/title>\n<meta name=\"robots\" content=\"index, follow, max-snippet:-1, max-image-preview:large, max-video-preview:-1\" \/>\n<link rel=\"canonical\" href=\"https:\/\/www.moroccodemia.com\/fr\/etudiants-marocains-a-letranger\/\" \/>\n<meta property=\"og:locale\" content=\"fr_FR\" \/>\n<meta property=\"og:type\" content=\"article\" \/>\n<meta property=\"og:title\" content=\"Etudiants Marocains \u00e0 l&#039;Etranger | moroccodemia fran\u00e7ais\" \/>\n<meta property=\"og:description\" content=\"Etudiants Marocains \u00e0 l&rsquo;Etranger Parcourir en arabeParcourir en anglais Quel est le nombre d&rsquo;\u00e9tudiants marocains \u00e0 l&rsquo;\u00e9tranger?\u00a0 [51.000] est le nombre d&rsquo;\u00e9tudiants marocains \u00e0 l&rsquo;\u00e9tranger. [33.500]\u00a0est le nombre d&rsquo;\u00e9tudiants marocains en\u00a0France. [15.000] est le nombre d&rsquo;\u00e9tudiants marocains en\u00a0Espagne, Allemagne\u00a0et\u00a0Italie pris ensemble. [2.000] est le nombre d&rsquo;\u00e9tudiants marocains au\u00a0Canada. [500] est le nombre d&rsquo;\u00e9tudiants marocains en\u00a0Turkey. [&hellip;]\" \/>\n<meta property=\"og:url\" content=\"https:\/\/www.moroccodemia.com\/fr\/etudiants-marocains-a-letranger\/\" \/>\n<meta property=\"og:site_name\" content=\"morocco academia french\" \/>\n<meta property=\"article:publisher\" content=\"https:\/\/www.facebook.com\/Morocco-academia-239938123438369\/\" \/>\n<meta property=\"article:modified_time\" content=\"2023-09-03T15:58:01+00:00\" \/>\n<meta property=\"og:image\" content=\"https:\/\/www.moroccodemia.com\/fr\/media\/2019\/01\/IconBlackStudents.png\" \/>\n<meta name=\"twitter:card\" content=\"summary_large_image\" \/>\n<meta name=\"twitter:site\" content=\"@moroccodemia\" \/>\n<meta name=\"twitter:label1\" content=\"Dur\u00e9e de lecture estim\u00e9e\" \/>\n\t<meta name=\"twitter:data1\" content=\"3 minutes\" \/>\n<script type=\"application\/ld+json\" class=\"yoast-schema-graph\">{\"@context\":\"https:\\\/\\\/schema.org\",\"@graph\":[{\"@type\":\"WebPage\",\"@id\":\"https:\\\/\\\/www.moroccodemia.com\\\/fr\\\/etudiants-marocains-a-letranger\\\/\",\"url\":\"https:\\\/\\\/www.moroccodemia.com\\\/fr\\\/etudiants-marocains-a-letranger\\\/\",\"name\":\"Etudiants Marocains \u00e0 l'Etranger | moroccodemia fran\u00e7ais\",\"isPartOf\":{\"@id\":\"https:\\\/\\\/www.moroccodemia.com\\\/fr\\\/#website\"},\"primaryImageOfPage\":{\"@id\":\"https:\\\/\\\/www.moroccodemia.com\\\/fr\\\/etudiants-marocains-a-letranger\\\/#primaryimage\"},\"image\":{\"@id\":\"https:\\\/\\\/www.moroccodemia.com\\\/fr\\\/etudiants-marocains-a-letranger\\\/#primaryimage\"},\"thumbnailUrl\":\"https:\\\/\\\/www.moroccodemia.com\\\/fr\\\/media\\\/2019\\\/01\\\/IconBlackStudents.png\",\"datePublished\":\"2016-05-23T20:43:54+00:00\",\"dateModified\":\"2023-09-03T15:58:01+00:00\",\"breadcrumb\":{\"@id\":\"https:\\\/\\\/www.moroccodemia.com\\\/fr\\\/etudiants-marocains-a-letranger\\\/#breadcrumb\"},\"inLanguage\":\"fr-FR\",\"potentialAction\":[{\"@type\":\"ReadAction\",\"target\":[\"https:\\\/\\\/www.moroccodemia.com\\\/fr\\\/etudiants-marocains-a-letranger\\\/\"]}]},{\"@type\":\"ImageObject\",\"inLanguage\":\"fr-FR\",\"@id\":\"https:\\\/\\\/www.moroccodemia.com\\\/fr\\\/etudiants-marocains-a-letranger\\\/#primaryimage\",\"url\":\"https:\\\/\\\/www.moroccodemia.com\\\/fr\\\/media\\\/2019\\\/01\\\/IconBlackStudents.png\",\"contentUrl\":\"https:\\\/\\\/www.moroccodemia.com\\\/fr\\\/media\\\/2019\\\/01\\\/IconBlackStudents.png\",\"width\":100,\"height\":100},{\"@type\":\"BreadcrumbList\",\"@id\":\"https:\\\/\\\/www.moroccodemia.com\\\/fr\\\/etudiants-marocains-a-letranger\\\/#breadcrumb\",\"itemListElement\":[{\"@type\":\"ListItem\",\"position\":1,\"name\":\"Accueil\",\"item\":\"https:\\\/\\\/www.moroccodemia.com\\\/fr\\\/\"},{\"@type\":\"ListItem\",\"position\":2,\"name\":\"Etudiants Marocains \u00e0 l&#8217;Etranger\"}]},{\"@type\":\"WebSite\",\"@id\":\"https:\\\/\\\/www.moroccodemia.com\\\/fr\\\/#website\",\"url\":\"https:\\\/\\\/www.moroccodemia.com\\\/fr\\\/\",\"name\":\"morocco academia french\",\"description\":\"L'information, tout simplement\",\"potentialAction\":[{\"@type\":\"SearchAction\",\"target\":{\"@type\":\"EntryPoint\",\"urlTemplate\":\"https:\\\/\\\/www.moroccodemia.com\\\/fr\\\/?s={search_term_string}\"},\"query-input\":{\"@type\":\"PropertyValueSpecification\",\"valueRequired\":true,\"valueName\":\"search_term_string\"}}],\"inLanguage\":\"fr-FR\"}]}<\/script>\n<!-- \/ Yoast SEO plugin. -->","yoast_head_json":{"title":"Etudiants Marocains \u00e0 l'Etranger | moroccodemia fran\u00e7ais","robots":{"index":"index","follow":"follow","max-snippet":"max-snippet:-1","max-image-preview":"max-image-preview:large","max-video-preview":"max-video-preview:-1"},"canonical":"https:\/\/www.moroccodemia.com\/fr\/etudiants-marocains-a-letranger\/","og_locale":"fr_FR","og_type":"article","og_title":"Etudiants Marocains \u00e0 l'Etranger | moroccodemia fran\u00e7ais","og_description":"Etudiants Marocains \u00e0 l&rsquo;Etranger Parcourir en arabeParcourir en anglais Quel est le nombre d&rsquo;\u00e9tudiants marocains \u00e0 l&rsquo;\u00e9tranger?\u00a0 [51.000] est le nombre d&rsquo;\u00e9tudiants marocains \u00e0 l&rsquo;\u00e9tranger. [33.500]\u00a0est le nombre d&rsquo;\u00e9tudiants marocains en\u00a0France. [15.000] est le nombre d&rsquo;\u00e9tudiants marocains en\u00a0Espagne, Allemagne\u00a0et\u00a0Italie pris ensemble. [2.000] est le nombre d&rsquo;\u00e9tudiants marocains au\u00a0Canada. [500] est le nombre d&rsquo;\u00e9tudiants marocains en\u00a0Turkey. [&hellip;]","og_url":"https:\/\/www.moroccodemia.com\/fr\/etudiants-marocains-a-letranger\/","og_site_name":"morocco academia french","article_publisher":"https:\/\/www.facebook.com\/Morocco-academia-239938123438369\/","article_modified_time":"2023-09-03T15:58:01+00:00","og_image":[{"url":"https:\/\/www.moroccodemia.com\/fr\/media\/2019\/01\/IconBlackStudents.png","type":"","width":"","height":""}],"twitter_card":"summary_large_image","twitter_site":"@moroccodemia","twitter_misc":{"Dur\u00e9e de lecture estim\u00e9e":"3 minutes"},"schema":{"@context":"https:\/\/schema.org","@graph":[{"@type":"WebPage","@id":"https:\/\/www.moroccodemia.com\/fr\/etudiants-marocains-a-letranger\/","url":"https:\/\/www.moroccodemia.com\/fr\/etudiants-marocains-a-letranger\/","name":"Etudiants Marocains \u00e0 l'Etranger | moroccodemia fran\u00e7ais","isPartOf":{"@id":"https:\/\/www.moroccodemia.com\/fr\/#website"},"primaryImageOfPage":{"@id":"https:\/\/www.moroccodemia.com\/fr\/etudiants-marocains-a-letranger\/#primaryimage"},"image":{"@id":"https:\/\/www.moroccodemia.com\/fr\/etudiants-marocains-a-letranger\/#primaryimage"},"thumbnailUrl":"https:\/\/www.moroccodemia.com\/fr\/media\/2019\/01\/IconBlackStudents.png","datePublished":"2016-05-23T20:43:54+00:00","dateModified":"2023-09-03T15:58:01+00:00","breadcrumb":{"@id":"https:\/\/www.moroccodemia.com\/fr\/etudiants-marocains-a-letranger\/#breadcrumb"},"inLanguage":"fr-FR","potentialAction":[{"@type":"ReadAction","target":["https:\/\/www.moroccodemia.com\/fr\/etudiants-marocains-a-letranger\/"]}]},{"@type":"ImageObject","inLanguage":"fr-FR","@id":"https:\/\/www.moroccodemia.com\/fr\/etudiants-marocains-a-letranger\/#primaryimage","url":"https:\/\/www.moroccodemia.com\/fr\/media\/2019\/01\/IconBlackStudents.png","contentUrl":"https:\/\/www.moroccodemia.com\/fr\/media\/2019\/01\/IconBlackStudents.png","width":100,"height":100},{"@type":"BreadcrumbList","@id":"https:\/\/www.moroccodemia.com\/fr\/etudiants-marocains-a-letranger\/#breadcrumb","itemListElement":[{"@type":"ListItem","position":1,"name":"Accueil","item":"https:\/\/www.moroccodemia.com\/fr\/"},{"@type":"ListItem","position":2,"name":"Etudiants Marocains \u00e0 l&#8217;Etranger"}]},{"@type":"WebSite","@id":"https:\/\/www.moroccodemia.com\/fr\/#website","url":"https:\/\/www.moroccodemia.com\/fr\/","name":"morocco academia french","description":"L'information, tout simplement","potentialAction":[{"@type":"SearchAction","target":{"@type":"EntryPoint","urlTemplate":"https:\/\/www.moroccodemia.com\/fr\/?s={search_term_string}"},"query-input":{"@type":"PropertyValueSpecification","valueRequired":true,"valueName":"search_term_string"}}],"inLanguage":"fr-FR"}]}},"_links":{"self":[{"href":"https:\/\/www.moroccodemia.com\/fr\/wp-json\/wp\/v2\/pages\/3891","targetHints":{"allow":["GET"]}}],"collection":[{"href":"https:\/\/www.moroccodemia.com\/fr\/wp-json\/wp\/v2\/pages"}],"about":[{"href":"https:\/\/www.moroccodemia.com\/fr\/wp-json\/wp\/v2\/types\/page"}],"author":[{"embeddable":true,"href":"https:\/\/www.moroccodemia.com\/fr\/wp-json\/wp\/v2\/users\/1"}],"replies":[{"embeddable":true,"href":"https:\/\/www.moroccodemia.com\/fr\/wp-json\/wp\/v2\/comments?post=3891"}],"version-history":[{"count":3,"href":"https:\/\/www.moroccodemia.com\/fr\/wp-json\/wp\/v2\/pages\/3891\/revisions"}],"predecessor-version":[{"id":16119,"href":"https:\/\/www.moroccodemia.com\/fr\/wp-json\/wp\/v2\/pages\/3891\/revisions\/16119"}],"wp:attachment":[{"href":"https:\/\/www.moroccodemia.com\/fr\/wp-json\/wp\/v2\/media?parent=3891"}],"curies":[{"name":"wp","href":"https:\/\/api.w.org\/{rel}","templated":true}]}}