{"id":3878,"date":"2016-05-23T18:50:45","date_gmt":"2016-05-23T18:50:45","guid":{"rendered":"https:\/\/www.moroccodemia.com\/fr\/?page_id=3878"},"modified":"2021-04-14T22:23:18","modified_gmt":"2021-04-14T22:23:18","slug":"etudes-de-licence-au-maroc","status":"publish","type":"page","link":"https:\/\/www.moroccodemia.com\/fr\/etudes-de-licence-au-maroc\/","title":{"rendered":"Etudes de Licence au Maroc"},"content":{"rendered":"<div class=\"rTable\">\n<div class=\"rTableBody\">\n<div class=\"rTableRow\">\n<div class=\"rTablehead\">\n<hr>\n<h1 class=\"h1pagetitle\">Etudes de Licence au Maroc<\/h1>\n<div class=\"dropdown1\"><span class=\"dropdown1\"><button class=\"dropbtn1\"><\/button><br \/>\n<span class=\"dropdown1-content\"><a href=\"https:\/\/www.moroccodemia.com\/ar\/%D8%AF%D8%B1%D8%A7%D8%B3%D8%A7%D8%AA-%D8%A7%D9%84%D8%A5%D8%AC%D8%A7%D8%B2%D8%A9-%D9%81%D9%8A-%D8%A7%D9%84%D9%85%D8%BA%D8%B1%D8%A8\/\">Browse in Arabic<\/a><a href=\"https:\/\/www.moroccodemia.com\/en\/bachelors-studies-morocco\/\">Browse in English<\/a><\/span><\/span><\/div>\n<hr>\n<div class=\"banner\"><img loading=\"lazy\" decoding=\"async\" src=\"https:\/\/www.moroccodemia.com\/en\/media\/2019\/01\/IconBlackDiploma.png\" style=\"vertical-align: middle;\" alt=\"Etudes de Licence au Maroc\" title=\"Etudes de Licence au Maroc\" width=\"80\" height=\"80\"><\/div>\n<div class=\"responsive-tabs\">\n<h2 class=\"tabtitle\">Aper\u00e7u<\/h2>\n<div class=\"tabcontent\">\n\n<p dir=\"ltr\"><strong><span style=\"font-size: 14pt; font-family: verdana,geneva,sans-serif;\"><span style=\"font-size: 10pt;\">Quels types de licences puis-je int\u00e9grer au Maroc?<\/span><strong><\/strong><\/span><\/strong><\/p>\n<p dir=\"ltr\"><span style=\"font-size: 10pt; font-family: verdana,geneva,sans-serif;\">Deux types de Licences sont offerts:&nbsp; 1. <span style=\"font-size: 18pt;\"><strong>Licence<\/strong><\/span>, 2. <span style=\"font-size: 18pt;\"><strong>Licence professionnelle<\/strong><\/span><\/span><\/p>\n<p dir=\"ltr\"><span style=\"font-size: 10pt;\"><span style=\"font-family: verdana,geneva,sans-serif;\"><strong><span style=\"font-family: verdana,geneva,sans-serif;\"><span style=\"font-family: verdana,geneva,sans-serif;\">1. Licence<br \/>\n<\/span><\/span><\/strong><\/span><\/span><\/p>\n<p dir=\"ltr\"><span style=\"font-size: 10pt;\"><span style=\"font-family: verdana,geneva,sans-serif;\"><strong><span style=\"font-family: verdana,geneva,sans-serif;\"><span style=\"font-family: verdana,geneva,sans-serif;\"><\/span><\/span><\/strong>La licence (g\u00e9n\u00e9rale) est&nbsp; par un dipl\u00f4me acad\u00e9mique. Elle aide les \u00e9tudiants \u00e0 acqu\u00e9rir des connaissances&nbsp; g\u00e9n\u00e9rales, leur permet de passer des concours et aussi de continuer leurs \u00e9tudes en master et doctorat.<\/span><\/span><\/p>\n<p dir=\"ltr\"><strong style=\"font-size: 14pt; font-family: verdana,geneva,sans-serif;\"><span style=\"font-size: 14pt; font-family: verdana,geneva,sans-serif;\"><span style=\"font-size: 10pt;\">Quelle est la dur<span style=\"font-family: verdana,geneva,sans-serif;\"><span class=\"st\" style=\"font-family: verdana,geneva,sans-serif;\">\u00e9<\/span><\/span>e d&rsquo;<\/span><strong><span style=\"font-size: 10pt;\">une licence?<br \/>\n<\/span><\/strong><\/span><\/strong><\/p>\n<p dir=\"ltr\"><span style=\"font-size: 10pt; font-family: verdana,geneva,sans-serif;\"><span style=\"font-size: 18pt;\"><strong>1<\/strong> an<\/span>&nbsp;(2 semetres) est la dur\u00e9e d&rsquo;une licence<span class=\"st\" style=\"font-size: 10pt; font-family: verdana,geneva,sans-serif;\"><\/span>.<\/span><\/p>\n<p dir=\"ltr\"><img loading=\"lazy\" decoding=\"async\" src=\"https:\/\/www.moroccodemia.com\/fr\/media\/2018\/09\/EventLaunchBA-EducationLancement_officiel_du_cycle_de_la_licence_education.png\" alt=\"Lancement officiel du cycle de la Licence Education dans les universit\u00e9s marocaines (2018-2019)\" width=\"600\" height=\"400\" class=\"aligncenter wp-image-10955 size-full\" title=\"Lancement officiel du cycle de la Licence Education dans les universit\u00e9s marocaines (2018-2019)\" srcset=\"https:\/\/www.moroccodemia.com\/fr\/media\/2018\/09\/EventLaunchBA-EducationLancement_officiel_du_cycle_de_la_licence_education.png 600w, https:\/\/www.moroccodemia.com\/fr\/media\/2018\/09\/EventLaunchBA-EducationLancement_officiel_du_cycle_de_la_licence_education-300x200.png 300w\" sizes=\"auto, (max-width: 600px) 100vw, 600px\" \/><span style=\"font-size: 8pt;\">Lancement officiel du cycle de la Licence Education dans les universit\u00e9s marocaines (2018-2019)<\/span><\/p>\n<p dir=\"ltr\"><strong><span style=\"font-size: 14pt; font-family: verdana,geneva,sans-serif;\"><span style=\"font-size: 10pt;\">Quelles sont les conditions d&rsquo;acc\u00e8s&nbsp;<span class=\"st\" style=\"font-family: verdana,geneva,sans-serif;\"><\/span> \u00e0 la licence?<br \/>\n<\/span><\/span><\/strong><\/p>\n<p dir=\"ltr\"><span style=\"font-size: 10pt; font-family: verdana,geneva,sans-serif;\">Etre titulaire d&rsquo;un dipl\u00f4me d&rsquo;\u00e9tudes universitaires g\u00e9n\u00e9rales (<strong><span style=\"font-size: 18pt;\">DEUG<\/span><\/strong>).<\/span><\/p>\n<p dir=\"ltr\"><strong><span style=\"font-size: 14pt; font-family: verdana,geneva,sans-serif;\"><span style=\"font-size: 10pt;\">Quelle est la nature des Cursus dans le cadre d&rsquo;une licence?&nbsp;&nbsp;&nbsp;<\/span><\/span><\/strong><\/p>\n<p dir=\"ltr\"><span style=\"font-size: 10pt; font-family: verdana,geneva,sans-serif;\" class=\"st\"><strong><span style=\"font-size: 18pt;\">G\u00e9n\u00e9raliste<\/span><\/strong> en d\u00e9but de cursus (les deux premi\u00e8res ann\u00e9es de DEUG), la licence se sp\u00e9cialise progressivement pendant la troisi\u00e8me ann\u00e9e.&nbsp; Ainsi les \u00e9tudiants peuvent choisir l&rsquo;un des <strong>parcours<\/strong> (options) disponibles.<\/span><\/p>\n<p dir=\"ltr\"><strong><span style=\"font-size: 10pt; font-family: verdana,geneva,sans-serif;\">Quelles sont les mati<\/span><span style=\"font-size: 14pt;\"><span style=\"font-family: verdana,geneva,sans-serif; font-size: 10pt;\"><span class=\"st\">\u00e8<\/span><\/span><span style=\"font-family: verdana,geneva,sans-serif;\"><span style=\"font-size: 10pt;\">res dispens<span style=\"font-family: verdana,geneva,sans-serif;\" class=\"st\">\u00e9<\/span>es dans le cadre d&rsquo;une licence?<br \/>\n<\/span><\/span><\/span><\/strong><\/p>\n<p dir=\"ltr\"><span style=\"font-size: 10pt; font-family: verdana,geneva,sans-serif;\">Pour consulter les mati\u00e8res dispens\u00e9es dans le cadre d&rsquo;une licence voir la page \u00ab\u00a0<span style=\"font-size: 18pt;\"><span style=\"font-size: 10pt;\">Cursus, cours, expos\u00e9s\u00a0\u00bb.<\/span><\/span><\/span><\/p>\n<p dir=\"ltr\" style=\"text-align: left;\"><a href=\"https:\/\/www.moroccodemia.com\/fr\/cursus-cours-et-disciplines-academiques-au-maroc\/\"><button class=\"button1\"> <strong><span style=\"font-size: 18pt;\"><span style=\"font-size: 10pt;\"><span style=\"font-size: 18pt;\">Cursus<\/span>, <span style=\"font-size: 18pt;\">cours<\/span>, <span style=\"font-size: 18pt;\">expos\u00e9s<\/span><\/span><\/span><\/strong><\/button><\/a><\/p>\n<p dir=\"ltr\"><span style=\"font-size: 10pt;\"><span style=\"font-family: verdana,geneva,sans-serif;\"><strong>1. Licence <span style=\"font-size: 10pt; font-family: verdana,geneva,sans-serif;\">professionnelle<\/span><span style=\"font-size: 10pt; font-family: verdana,geneva,sans-serif;\"> &nbsp;&nbsp;<\/span><\/strong><\/span><\/span><\/p>\n<p dir=\"ltr\"><span style=\"font-size: 10pt; font-family: verdana,geneva,sans-serif;\">La licence professionnelle repond aux besoins sp\u00e9cifiques du milieu socio-\u00e9conomique.&nbsp; Elle aide les <span class=\"st\" style=\"font-size: 10pt; font-family: verdana,geneva,sans-serif;\">\u00e9<\/span>tudiants&nbsp;\u00e0 acqu<span class=\"st\" style=\"font-size: 10pt; font-family: verdana,geneva,sans-serif;\">\u00e9<\/span>rir des <span style=\"font-size: 18pt;\"><strong>connaissances pratiques<\/strong><\/span> leur permettant d&rsquo;int\u00e9grer rapidement le monde du travail.<\/span><\/p>\n<p><strong style=\"font-size: 14pt; font-family: verdana,geneva,sans-serif;\"><span style=\"font-size: 10pt; font-family: verdana,geneva,sans-serif;\"><span style=\"font-size: 10pt;\"><strong><span style=\"font-family: verdana,geneva,sans-serif;\"><\/span><\/strong><span style=\"font-size: 18pt; color: #ff6600;\"> <strong>\u2308<\/strong><\/span><\/span>&nbsp;&nbsp; Quelle est la dur<span style=\"font-family: verdana,geneva,sans-serif;\"><span class=\"st\" style=\"font-family: verdana,geneva,sans-serif;\">\u00e9<\/span><\/span>e d&rsquo;une licence professionnelle?&nbsp;&nbsp; <span style=\"font-size: 14pt; font-family: verdana, geneva, sans-serif; color: #ff6600;\"><strong><span style=\"font-size: 10pt;\"><span style=\"font-size: 18pt;\">\u2309<\/span><\/span><\/strong><\/span><\/span><\/strong><\/p>\n<p><span style=\"font-size: 10pt; font-family: verdana,geneva,sans-serif;\"><span style=\"font-size: 18pt;\">[<strong>1 <\/strong>an<strong>]<\/strong><\/span> est la dur\u00e9e d&rsquo;une licence professionnelle.<\/span><strong style=\"font-size: 14pt; font-family: verdana,geneva,sans-serif;\"><span style=\"font-size: 14pt; font-family: verdana,geneva,sans-serif;\"><\/span><\/strong><\/p>\n<p><strong><span style=\"font-size: 14pt; font-family: verdana,geneva,sans-serif;\"><span style=\"font-size: 10pt;\">Quelles sont les conditions d&rsquo;acc\u00e8s&nbsp;<span class=\"st\" style=\"font-family: verdana,geneva,sans-serif;\"><\/span> \u00e0 la licence <span style=\"font-family: verdana,geneva,sans-serif;\">professionnelle<\/span>?&nbsp;&nbsp;&nbsp;<\/span><\/span><\/strong><\/p>\n<p><span style=\"font-size: 10pt; font-family: verdana,geneva,sans-serif;\">Etre titulaire d&rsquo;un dipl\u00f4me d&rsquo;\u00e9tudes universitaires g\u00e9n\u00e9rales (<span style=\"font-size: 18pt;\"><strong>DEUG<\/strong><\/span>) et passer un <strong><span style=\"font-size: 18pt;\">concours<\/span><\/strong>.&nbsp; Les selections se font souvent sur <span class=\"st\" style=\"font-size: 10pt; font-family: verdana,geneva,sans-serif;\">\u00e9<\/span>tude du <strong><span style=\"font-size: 18pt;\">dossier<\/span><\/strong> et sur la base des <strong><span style=\"font-size: 18pt;\">places<\/span><\/strong> disponibles ne d<span class=\"st\" style=\"font-size: 10pt; font-family: verdana,geneva,sans-serif;\">\u00e9<\/span>passant pas les [<strong>25<\/strong>&#8211;<strong>30<\/strong>] selon les sp<span class=\"st\" style=\"font-size: 10pt; font-family: verdana,geneva,sans-serif;\">\u00e9<\/span>cialit<span class=\"st\" style=\"font-size: 10pt; font-family: verdana,geneva,sans-serif;\">\u00e9<\/span>s.<br \/>\n<\/span><\/p>\n<p dir=\"ltr\"><strong><span style=\"font-size: 14pt; font-family: verdana,geneva,sans-serif;\"><span style=\"font-size: 10pt;\">Quelle est la nature des Cursus dans le cadre d&rsquo;une licence <strong><span style=\"font-family: verdana,geneva,sans-serif;\">professionnelle<\/span><\/strong>?<br \/>\n<\/span><\/span><\/strong><\/p>\n<p dir=\"ltr\"><span class=\"st\" style=\"font-size: 10pt; font-family: verdana,geneva,sans-serif;\">Le cursus d&rsquo;une licence professionnelle est <strong><span style=\"font-size: 18pt;\">sp\u00e9cialis\u00e9<\/span><\/strong> d\u00e8s le debut.<br \/>\n<\/span><\/p>\n<p dir=\"ltr\"><strong><span style=\"font-size: 10pt; font-family: verdana,geneva,sans-serif;\">Quelles sont les mati<\/span><span style=\"font-size: 14pt;\"><span style=\"font-family: verdana,geneva,sans-serif; font-size: 10pt;\"><span class=\"st\">\u00e8<\/span><\/span><span style=\"font-family: verdana,geneva,sans-serif;\"><span style=\"font-size: 10pt;\">res dispens<span class=\"st\" style=\"font-family: verdana,geneva,sans-serif;\">\u00e9<\/span>es dans le cadre d&rsquo;une licence professionnelle?&nbsp;&nbsp;&nbsp;<\/span><\/span><\/span><\/strong><\/p>\n<p dir=\"ltr\"><span style=\"font-size: 10pt; font-family: verdana,geneva,sans-serif;\">Pour consulter les mati\u00e8res dispens\u00e9es dans le cadre d&rsquo;une licence professionnelle voir la page \u00ab\u00a0<span style=\"font-size: 18pt;\"><span style=\"font-size: 10pt;\">Cursus, cours, expos\u00e9s\u00a0\u00bb.<\/span><\/span><\/span><\/p>\n<p dir=\"ltr\" style=\"text-align: left;\"><a href=\"https:\/\/www.moroccodemia.com\/fr\/cursus-cours-et-disciplines-academiques-au-maroc\/\"><button class=\"button1\"> <strong><span style=\"font-size: 18pt;\"><span style=\"font-size: 10pt;\"><span style=\"font-size: 18pt;\">Cursus<\/span>, <span style=\"font-size: 18pt;\">cours<\/span>, <span style=\"font-size: 18pt;\">expos\u00e9s<\/span><\/span><\/span><\/strong><\/button><\/a><\/p>\n<p><span style=\"font-family: verdana, geneva, sans-serif; font-size: 10pt;\">\n<\/div><h2 class=\"tabtitle\">Vid\u00e9os<\/h2>\n<div class=\"tabcontent\">\n<\/span><\/p>\n<div class=\"arrow-down\" style=\"margin-left: auto; margin-right: auto;\"><\/div>\n<div style=\"width: 200px; height: 000px; overflow: auto; background-color: white; margin-left: auto; margin-right: auto;\">\n<div style=\"width: 200px; height: 700px;\"><\/div>\n<\/div>\n<div class=\"arrow-up\" style=\"margin-left: auto; margin-right: auto;\"><\/div>\n<p><span style=\"font-size: 10pt; font-family: verdana, geneva, sans-serif;\">\n<\/div><h2 class=\"tabtitle\">Liens<\/h2>\n<div class=\"tabcontent\">\n<\/span><\/p>\n<div class=\"arrow-down\" style=\"margin-left: auto; margin-right: auto;\"><\/div>\n<div style=\"width: 200px; height: 000px; overflow: auto; background-color: white; margin-left: auto; margin-right: auto;\">\n<div style=\"width: 200px; height: 700px;\"><\/div>\n<\/div>\n<div class=\"arrow-up\" style=\"margin-left: auto; margin-right: auto;\"><\/div>\n<p><span style=\"font-family: verdana, geneva, sans-serif; font-size: 10pt;\"><\/div><\/div><\/span><\/p>\n<hr>\n<h2 style=\"text-align: center;\"><strong><span style=\"font-family: verdana, geneva, sans-serif; font-size: 14pt;\">Etudes de Licence<span style=\"font-size: 10pt;\"> au Maroc\/<\/span><\/span><\/strong><\/h2>\n<div class=\"wrappert\">\n<div class=\"buttongroup\"><input id=\"Bachelor's\" type=\"radio\" value=\"Bachelor's\" name=\"subject\"><label for=\"Bachelor's\"><a href=\"https:\/\/www.moroccodemia.com\/fr\/etudes-de-licence-au-maroc\/\">Licence<\/a><\/label><input id=\"Master's\" type=\"radio\" value=\"Master's\" name=\"subject\"><label for=\"Master's\"><a href=\"https:\/\/www.moroccodemia.com\/fr\/etudes-du-master-au-maroc\/\">Master<\/a><\/label><input id=\"PhD\" type=\"radio\" value=\"PhD\" name=\"subject\"><label for=\"PhD\"><a href=\"https:\/\/www.moroccodemia.com\/fr\/etudes-doctorales-au-maroc\/\">Doctorat<\/a><\/label><input id=\"Degree-equivalence\" type=\"radio\" value=\"Equivalence des dipl\u00f4mes\" name=\"subject\"><label for=\"Equivalence des dipl\u00f4mes\"><a href=\"https:\/\/www.moroccodemia.com\/fr\/equivalence-des-diplomes-au-maroc\/\">Equivalence des dipl\u00f4mes<\/a><\/label><\/div>\n<\/div>\n<hr>\n<\/div>\n<\/div>\n<\/div>\n<\/div>\n","protected":false},"excerpt":{"rendered":"<p>Etudes de Licence au Maroc Browse in ArabicBrowse in English Quels types de licences puis-je int\u00e9grer au Maroc? Deux types de Licences sont offerts:&nbsp; 1. Licence, 2. Licence professionnelle 1. Licence La licence (g\u00e9n\u00e9rale) est&nbsp; par un dipl\u00f4me acad\u00e9mique. Elle aide les \u00e9tudiants \u00e0 acqu\u00e9rir des connaissances&nbsp; g\u00e9n\u00e9rales, leur permet de passer des concours et [&hellip;]<\/p>\n","protected":false},"author":1,"featured_media":0,"parent":0,"menu_order":0,"comment_status":"closed","ping_status":"closed","template":"","meta":{"footnotes":""},"class_list":["post-3878","page","type-page","status-publish","hentry"],"yoast_head":"<!-- This site is optimized with the Yoast SEO plugin v27.4 - https:\/\/yoast.com\/product\/yoast-seo-wordpress\/ -->\n<title>Etudes de Licence au Maroc | moroccodemia fran\u00e7ais<\/title>\n<meta name=\"robots\" content=\"index, follow, max-snippet:-1, max-image-preview:large, max-video-preview:-1\" \/>\n<link rel=\"canonical\" href=\"https:\/\/www.moroccodemia.com\/fr\/etudes-de-licence-au-maroc\/\" \/>\n<meta property=\"og:locale\" content=\"fr_FR\" \/>\n<meta property=\"og:type\" content=\"article\" \/>\n<meta property=\"og:title\" content=\"Etudes de Licence au Maroc | moroccodemia fran\u00e7ais\" \/>\n<meta property=\"og:description\" content=\"Etudes de Licence au Maroc Browse in ArabicBrowse in English Quels types de licences puis-je int\u00e9grer au Maroc? Deux types de Licences sont offerts:&nbsp; 1. Licence, 2. Licence professionnelle 1. Licence La licence (g\u00e9n\u00e9rale) est&nbsp; par un dipl\u00f4me acad\u00e9mique. Elle aide les \u00e9tudiants \u00e0 acqu\u00e9rir des connaissances&nbsp; g\u00e9n\u00e9rales, leur permet de passer des concours et [&hellip;]\" \/>\n<meta property=\"og:url\" content=\"https:\/\/www.moroccodemia.com\/fr\/etudes-de-licence-au-maroc\/\" \/>\n<meta property=\"og:site_name\" content=\"morocco academia french\" \/>\n<meta property=\"article:publisher\" content=\"https:\/\/www.facebook.com\/Morocco-academia-239938123438369\/\" \/>\n<meta property=\"article:modified_time\" content=\"2021-04-14T22:23:18+00:00\" \/>\n<meta property=\"og:image\" content=\"https:\/\/www.moroccodemia.com\/en\/wp-content\/uploads\/2019\/01\/IconBlackDiploma.png\" \/>\n<meta name=\"twitter:card\" content=\"summary_large_image\" \/>\n<meta name=\"twitter:site\" content=\"@moroccodemia\" \/>\n<meta name=\"twitter:label1\" content=\"Dur\u00e9e de lecture estim\u00e9e\" \/>\n\t<meta name=\"twitter:data1\" content=\"3 minutes\" \/>\n<script type=\"application\/ld+json\" class=\"yoast-schema-graph\">{\"@context\":\"https:\\\/\\\/schema.org\",\"@graph\":[{\"@type\":\"WebPage\",\"@id\":\"https:\\\/\\\/www.moroccodemia.com\\\/fr\\\/etudes-de-licence-au-maroc\\\/\",\"url\":\"https:\\\/\\\/www.moroccodemia.com\\\/fr\\\/etudes-de-licence-au-maroc\\\/\",\"name\":\"Etudes de Licence au Maroc | moroccodemia fran\u00e7ais\",\"isPartOf\":{\"@id\":\"https:\\\/\\\/www.moroccodemia.com\\\/fr\\\/#website\"},\"primaryImageOfPage\":{\"@id\":\"https:\\\/\\\/www.moroccodemia.com\\\/fr\\\/etudes-de-licence-au-maroc\\\/#primaryimage\"},\"image\":{\"@id\":\"https:\\\/\\\/www.moroccodemia.com\\\/fr\\\/etudes-de-licence-au-maroc\\\/#primaryimage\"},\"thumbnailUrl\":\"https:\\\/\\\/www.moroccodemia.com\\\/en\\\/media\\\/2019\\\/01\\\/IconBlackDiploma.png\",\"datePublished\":\"2016-05-23T18:50:45+00:00\",\"dateModified\":\"2021-04-14T22:23:18+00:00\",\"breadcrumb\":{\"@id\":\"https:\\\/\\\/www.moroccodemia.com\\\/fr\\\/etudes-de-licence-au-maroc\\\/#breadcrumb\"},\"inLanguage\":\"fr-FR\",\"potentialAction\":[{\"@type\":\"ReadAction\",\"target\":[\"https:\\\/\\\/www.moroccodemia.com\\\/fr\\\/etudes-de-licence-au-maroc\\\/\"]}]},{\"@type\":\"ImageObject\",\"inLanguage\":\"fr-FR\",\"@id\":\"https:\\\/\\\/www.moroccodemia.com\\\/fr\\\/etudes-de-licence-au-maroc\\\/#primaryimage\",\"url\":\"https:\\\/\\\/www.moroccodemia.com\\\/en\\\/media\\\/2019\\\/01\\\/IconBlackDiploma.png\",\"contentUrl\":\"https:\\\/\\\/www.moroccodemia.com\\\/en\\\/media\\\/2019\\\/01\\\/IconBlackDiploma.png\"},{\"@type\":\"BreadcrumbList\",\"@id\":\"https:\\\/\\\/www.moroccodemia.com\\\/fr\\\/etudes-de-licence-au-maroc\\\/#breadcrumb\",\"itemListElement\":[{\"@type\":\"ListItem\",\"position\":1,\"name\":\"Accueil\",\"item\":\"https:\\\/\\\/www.moroccodemia.com\\\/fr\\\/\"},{\"@type\":\"ListItem\",\"position\":2,\"name\":\"Etudes de Licence au Maroc\"}]},{\"@type\":\"WebSite\",\"@id\":\"https:\\\/\\\/www.moroccodemia.com\\\/fr\\\/#website\",\"url\":\"https:\\\/\\\/www.moroccodemia.com\\\/fr\\\/\",\"name\":\"morocco academia french\",\"description\":\"L'information, tout simplement\",\"potentialAction\":[{\"@type\":\"SearchAction\",\"target\":{\"@type\":\"EntryPoint\",\"urlTemplate\":\"https:\\\/\\\/www.moroccodemia.com\\\/fr\\\/?s={search_term_string}\"},\"query-input\":{\"@type\":\"PropertyValueSpecification\",\"valueRequired\":true,\"valueName\":\"search_term_string\"}}],\"inLanguage\":\"fr-FR\"}]}<\/script>\n<!-- \/ Yoast SEO plugin. -->","yoast_head_json":{"title":"Etudes de Licence au Maroc | moroccodemia fran\u00e7ais","robots":{"index":"index","follow":"follow","max-snippet":"max-snippet:-1","max-image-preview":"max-image-preview:large","max-video-preview":"max-video-preview:-1"},"canonical":"https:\/\/www.moroccodemia.com\/fr\/etudes-de-licence-au-maroc\/","og_locale":"fr_FR","og_type":"article","og_title":"Etudes de Licence au Maroc | moroccodemia fran\u00e7ais","og_description":"Etudes de Licence au Maroc Browse in ArabicBrowse in English Quels types de licences puis-je int\u00e9grer au Maroc? Deux types de Licences sont offerts:&nbsp; 1. Licence, 2. Licence professionnelle 1. Licence La licence (g\u00e9n\u00e9rale) est&nbsp; par un dipl\u00f4me acad\u00e9mique. Elle aide les \u00e9tudiants \u00e0 acqu\u00e9rir des connaissances&nbsp; g\u00e9n\u00e9rales, leur permet de passer des concours et [&hellip;]","og_url":"https:\/\/www.moroccodemia.com\/fr\/etudes-de-licence-au-maroc\/","og_site_name":"morocco academia french","article_publisher":"https:\/\/www.facebook.com\/Morocco-academia-239938123438369\/","article_modified_time":"2021-04-14T22:23:18+00:00","og_image":[{"url":"https:\/\/www.moroccodemia.com\/en\/wp-content\/uploads\/2019\/01\/IconBlackDiploma.png","type":"","width":"","height":""}],"twitter_card":"summary_large_image","twitter_site":"@moroccodemia","twitter_misc":{"Dur\u00e9e de lecture estim\u00e9e":"3 minutes"},"schema":{"@context":"https:\/\/schema.org","@graph":[{"@type":"WebPage","@id":"https:\/\/www.moroccodemia.com\/fr\/etudes-de-licence-au-maroc\/","url":"https:\/\/www.moroccodemia.com\/fr\/etudes-de-licence-au-maroc\/","name":"Etudes de Licence au Maroc | moroccodemia fran\u00e7ais","isPartOf":{"@id":"https:\/\/www.moroccodemia.com\/fr\/#website"},"primaryImageOfPage":{"@id":"https:\/\/www.moroccodemia.com\/fr\/etudes-de-licence-au-maroc\/#primaryimage"},"image":{"@id":"https:\/\/www.moroccodemia.com\/fr\/etudes-de-licence-au-maroc\/#primaryimage"},"thumbnailUrl":"https:\/\/www.moroccodemia.com\/en\/media\/2019\/01\/IconBlackDiploma.png","datePublished":"2016-05-23T18:50:45+00:00","dateModified":"2021-04-14T22:23:18+00:00","breadcrumb":{"@id":"https:\/\/www.moroccodemia.com\/fr\/etudes-de-licence-au-maroc\/#breadcrumb"},"inLanguage":"fr-FR","potentialAction":[{"@type":"ReadAction","target":["https:\/\/www.moroccodemia.com\/fr\/etudes-de-licence-au-maroc\/"]}]},{"@type":"ImageObject","inLanguage":"fr-FR","@id":"https:\/\/www.moroccodemia.com\/fr\/etudes-de-licence-au-maroc\/#primaryimage","url":"https:\/\/www.moroccodemia.com\/en\/media\/2019\/01\/IconBlackDiploma.png","contentUrl":"https:\/\/www.moroccodemia.com\/en\/media\/2019\/01\/IconBlackDiploma.png"},{"@type":"BreadcrumbList","@id":"https:\/\/www.moroccodemia.com\/fr\/etudes-de-licence-au-maroc\/#breadcrumb","itemListElement":[{"@type":"ListItem","position":1,"name":"Accueil","item":"https:\/\/www.moroccodemia.com\/fr\/"},{"@type":"ListItem","position":2,"name":"Etudes de Licence au Maroc"}]},{"@type":"WebSite","@id":"https:\/\/www.moroccodemia.com\/fr\/#website","url":"https:\/\/www.moroccodemia.com\/fr\/","name":"morocco academia french","description":"L'information, tout simplement","potentialAction":[{"@type":"SearchAction","target":{"@type":"EntryPoint","urlTemplate":"https:\/\/www.moroccodemia.com\/fr\/?s={search_term_string}"},"query-input":{"@type":"PropertyValueSpecification","valueRequired":true,"valueName":"search_term_string"}}],"inLanguage":"fr-FR"}]}},"_links":{"self":[{"href":"https:\/\/www.moroccodemia.com\/fr\/wp-json\/wp\/v2\/pages\/3878","targetHints":{"allow":["GET"]}}],"collection":[{"href":"https:\/\/www.moroccodemia.com\/fr\/wp-json\/wp\/v2\/pages"}],"about":[{"href":"https:\/\/www.moroccodemia.com\/fr\/wp-json\/wp\/v2\/types\/page"}],"author":[{"embeddable":true,"href":"https:\/\/www.moroccodemia.com\/fr\/wp-json\/wp\/v2\/users\/1"}],"replies":[{"embeddable":true,"href":"https:\/\/www.moroccodemia.com\/fr\/wp-json\/wp\/v2\/comments?post=3878"}],"version-history":[{"count":3,"href":"https:\/\/www.moroccodemia.com\/fr\/wp-json\/wp\/v2\/pages\/3878\/revisions"}],"predecessor-version":[{"id":14333,"href":"https:\/\/www.moroccodemia.com\/fr\/wp-json\/wp\/v2\/pages\/3878\/revisions\/14333"}],"wp:attachment":[{"href":"https:\/\/www.moroccodemia.com\/fr\/wp-json\/wp\/v2\/media?parent=3878"}],"curies":[{"name":"wp","href":"https:\/\/api.w.org\/{rel}","templated":true}]}}