{"id":3862,"date":"2016-05-23T13:09:05","date_gmt":"2016-05-23T13:09:05","guid":{"rendered":"https:\/\/www.moroccodemia.com\/fr\/?page_id=3862"},"modified":"2021-05-14T12:00:34","modified_gmt":"2021-05-14T12:00:34","slug":"education-civique-maroc","status":"publish","type":"page","link":"https:\/\/www.moroccodemia.com\/fr\/education-civique-maroc\/","title":{"rendered":"Education Civique au Maroc"},"content":{"rendered":"<div class=\"rTable\">\n<div class=\"rTableBody\">\n<div class=\"rTableRow\">\n<div class=\"rTablehead\">\n<hr>\n<h1 class=\"h1pagetitle\">Education Civique au Maroc<\/h1>\n<div class=\"dropdown1\"><span><button class=\"dropbtn1\"><\/button><br class=\"blank \/\"><span class=\"dropdown1-content\"><a href=\"https:\/\/www.moroccodemia.com\/ar\/%D8%A7%D9%84%D8%AA%D8%B1%D8%A8%D9%8A%D8%A9-%D8%A7%D9%84%D9%85%D8%AF%D9%86%D9%8A%D8%A9-%D9%81%D9%8A-%D8%A7%D9%84%D9%85%D8%BA%D8%B1%D8%A8\/\">Parcourir en arabe<\/a><a href=\"https:\/\/www.moroccodemia.com\/en\/civic-education-in-morocco\/\">Parcourir en anglais<\/a><\/span><\/span><\/div>\n<hr>\n<div class=\"banner\"><img loading=\"lazy\" decoding=\"async\" src=\"https:\/\/www.moroccodemia.com\/fr\/media\/2019\/01\/IconBlackCivicEd.png\" style=\"vertical-align: middle;\" alt=\"Education Civique au Maroc\" title=\"Education Civique au Maroc\" width=\"80\" height=\"80\"><\/div>\n<p dir=\"ltr\"><span style=\"background-color: #00ff00; font-family: verdana,geneva,sans-serif;\"><div class=\"responsive-tabs\">\n<h2 class=\"tabtitle\">Aper\u00e7u<\/h2>\n<div class=\"tabcontent\">\n<\/span><\/p>\n<p dir=\"ltr\"><span style=\"font-size: 10pt; font-family: verdana,geneva,sans-serif;\"><strong>Qu&rsquo;est-ce que l&rsquo;<span style=\"background-color: #ffff00;\">\u00e9ducation civique<\/span>?<br \/>\n<\/strong><\/span><\/p>\n<p dir=\"ltr\"><span style=\"font-family: verdana,geneva,sans-serif; font-size: 10pt;\">Tout <span style=\"font-size: 18pt;\"><strong>programme<\/strong><\/span> ou <strong><span style=\"font-size: 18pt;\">structure d&rsquo;animation<\/span><\/strong> (au sein d&rsquo;un <span class=\"st\">\u00e9tablissement \u00e9ducatif ou association de societ\u00e9 civile) impliqu\u00e9 dans l&rsquo;engagement de service civique.<\/span> <\/span><\/p>\n<p dir=\"ltr\"><a href=\"https:\/\/drive.google.com\/open?id=1fsVrlQis2KU62aaHLiyBlBuY5Y3fnxOl\"><img loading=\"lazy\" decoding=\"async\" src=\"https:\/\/www.moroccodemia.com\/fr\/media\/2017\/12\/ResourcesFRPDFLawEducation-a\u0300-la-Citoyennete\u0301.png\" alt=\"Education a\u0300 la Citoyennete\u0301 et aux Droits de l'Homme\" width=\"600\" height=\"800\" class=\"aligncenter wp-image-9057 size-full\" title=\"Education a\u0300 la Citoyennete\u0301 et aux Droits de l'Homme\" srcset=\"https:\/\/www.moroccodemia.com\/fr\/media\/2017\/12\/ResourcesFRPDFLawEducation-a\u0300-la-Citoyennete\u0301.png 600w, https:\/\/www.moroccodemia.com\/fr\/media\/2017\/12\/ResourcesFRPDFLawEducation-a\u0300-la-Citoyennete\u0301-225x300.png 225w\" sizes=\"auto, (max-width: 600px) 100vw, 600px\" \/><\/a><\/p>\n<p dir=\"ltr\"><span style=\"font-size: 10pt; font-family: verdana,geneva,sans-serif;\"><strong>Quels sont les <span style=\"background-color: #ffff00;\">objectifs<\/span>?&nbsp;<\/strong><\/span><\/p>\n<p dir=\"ltr\"><span style=\"font-size: 10pt; font-family: verdana,geneva,sans-serif;\">Le but de l&rsquo;\u00e9ducation civique est d&rsquo;encourager les citoyens <span style=\"font-size: 10pt; font-family: verdana,geneva,sans-serif;\">\u00e0<\/span> se porter <span style=\"font-size: 18pt;\"><strong>volontaires<\/strong><\/span> pour contribuer au renforcement de la coh\u00e9sion nationale et la mixit\u00e9 sociale par des actions \u00e0 caract\u00e8re \u00e9ducatif, environnemental, humanitaire, sportif, entre autres.&nbsp; L&rsquo;education civique vise avant tout <span style=\"font-size: 10pt; font-family: verdana,geneva,sans-serif;\">\u00e0<\/span> sensibilser les citoyens de leurs <strong>droits<\/strong> et <strong>obligations<\/strong> <span style=\"font-size: 10pt; font-family: verdana,geneva,sans-serif;\">\u00e0<\/span> travers une <strong><span style=\"font-size: 18pt;\">d\u00e9mocracie participative <\/span><\/strong>et par <span class=\"_Tgc\">l&rsquo;implication des citoyens dans la vie politique.<\/span><\/span><\/p>\n<p dir=\"ltr\"><span style=\"font-size: 10pt; font-family: verdana,geneva,sans-serif;\"><strong>Comment puis-je <span style=\"background-color: #ffff00;\">m&rsquo;impliquer<\/span>?&nbsp;<\/strong><\/span><\/p>\n<p dir=\"ltr\"><span style=\"font-size: 10pt; font-family: verdana,geneva,sans-serif;\">Tout individu ou groupe peut s&rsquo;imliquer dans l&rsquo;engagement de service civique en cr\u00e9ant des <span style=\"font-size: 18pt;\"><strong>programmes <\/strong><\/span>educatifs ou <span style=\"font-size: 18pt;\"><strong>associations<\/strong><\/span> et oeuvrer&nbsp;<span class=\"st\">\u00e0 la mobilisation de la soci\u00e9t\u00e9 civile (b\u00e9n\u00e9volat, volontariat, service civique).<\/span><\/span><\/p>\n<p dir=\"ltr\">\n<hr class=\"footer\">\n<h2 class=\"Hidden\"><strong><span style=\"font-size: 10pt;\">Commentaires<\/span><\/strong><\/h2>\n<div class=\"Hidden\"><a href=\"#\" class=\"img-wrapper\"><img decoding=\"async\" src=\"http:\/\/www.moroccodemia.com\/en\/media\/2016\/07\/IconUserShadowBlackOrange120x120.png\"><\/a><\/p>\n<div class=\"comment-content\">\n<blockquote><p><span style=\"font-size: 10pt;\"><img loading=\"lazy\" decoding=\"async\" src=\"http:\/\/www.moroccodemia.com\/en\/media\/2016\/07\/Quotation-Marks_OrangeOpening40x40.png\" alt=\"\" width=\"20\" height=\"20\" class=\"alignnone  wp-image-9502\">&nbsp;Salam alaykoum,<\/span><\/p>\n<p><span style=\"font-size: 10pt;\">Je suis un \u00e9tudiant Belge (converti \u00e0 l&rsquo;islam) d&rsquo;origine italienne, dipl\u00f4m\u00e9 de l&rsquo;universit\u00e9 islamique de M\u00e9dine (Arabie Saudite) Facult\u00e9 des Fondements de la Religion et de la pr\u00eache, je suis en ce moment en \u00e9tude sup\u00e9rieur apr\u00e8s avoir obtenu ma Licence (mention tr\u00e8s bien : 4.11\/5), il me reste une ann\u00e9e in cha Allah ( le haut dipl\u00f4me toujours dans la m\u00eame facult\u00e9 ) o\u00f9 je devrais pr\u00e9senter une recherche, je voudrais savoir si il me sera possible de continu\u00e9 des \u00e9tudes sup\u00e9rieurs au Maroc (Doctorat), si oui quelles sont les opportunit\u00e9es qui me sont offertes ? o\u00f9 cela ?<\/span><\/p>\n<p><span style=\"font-size: 10pt;\">Je vous remercie d&rsquo;avance pour toute l&rsquo;attention port\u00e9e \u00e0 ce message.<\/span><img loading=\"lazy\" decoding=\"async\" src=\"http:\/\/www.moroccodemia.com\/en\/media\/2015\/10\/Quotation-Marks_OrangeClosing40x40.png\" alt=\"\" width=\"20\" height=\"20\" class=\"alignnone  wp-image-8519\" style=\"font-size: 10pt;\"><\/p><\/blockquote>\n<p><span style=\"font-size: 10pt;\">Commentaire:&nbsp;Loris Menegon<br \/>\n<\/span><span style=\"font-size: 8pt;\">[28 octobre 2017,&nbsp; 08:35 ]<\/span><\/p>\n<p><a href=\"#page-part\"><img loading=\"lazy\" decoding=\"async\" src=\"http:\/\/www.moroccodemia.com\/en\/media\/2016\/05\/IconLetter30x20.png\" alt=\"Reply\" width=\"30\" height=\"20\" class=\"alignnone wp-image-9672 size-full\" title=\"Reply\"><\/a><\/p>\n<\/div>\n<\/div>\n<p id=\"page-part\" style=\"text-align: left;\"><strong><span style=\"font-size: 10pt;\">Ajouter un commentaires<\/span><\/strong><\/p>\n\n<div class=\"wpcf7 no-js\" id=\"wpcf7-f8536-o1\" lang=\"fr-FR\" dir=\"ltr\" data-wpcf7-id=\"8536\">\n<div class=\"screen-reader-response\"><p role=\"status\" aria-live=\"polite\" aria-atomic=\"true\"><\/p> <ul><\/ul><\/div>\n<form action=\"\/fr\/wp-json\/wp\/v2\/pages\/3862#wpcf7-f8536-o1\" method=\"post\" class=\"wpcf7-form init\" aria-label=\"Formulaire de contact\" novalidate=\"novalidate\" data-status=\"init\">\n<fieldset class=\"hidden-fields-container\"><input type=\"hidden\" name=\"_wpcf7\" value=\"8536\" \/><input type=\"hidden\" name=\"_wpcf7_version\" value=\"6.1.5\" \/><input type=\"hidden\" name=\"_wpcf7_locale\" value=\"fr_FR\" \/><input type=\"hidden\" name=\"_wpcf7_unit_tag\" value=\"wpcf7-f8536-o1\" \/><input type=\"hidden\" name=\"_wpcf7_container_post\" value=\"0\" \/><input type=\"hidden\" name=\"_wpcf7_posted_data_hash\" value=\"\" \/><input type=\"hidden\" name=\"_wpcf7dtx_version\" value=\"5.0.5\" \/><input type=\"hidden\" name=\"_wpcf7_recaptcha_response\" value=\"\" \/>\n<\/fieldset>\n<span class=\"wpcf7-form-control-wrap chapter\" data-name=\"chapter\"><input type=\"hidden\" name=\"chapter\" class=\"wpcf7-form-control wpcf7-hidden wpcf7dtx wpcf7dtx-hidden\" aria-invalid=\"false\" value=\"Education Civique au Maroc\"><\/span>\n<p>Votre commentaire:\n<\/p>\n<p><span class=\"wpcf7-form-control-wrap\" data-name=\"your-message\"><textarea cols=\"40\" rows=\"10\" maxlength=\"2000\" class=\"wpcf7-form-control wpcf7-textarea\" aria-invalid=\"false\" name=\"your-message\"><\/textarea><\/span>\n<\/p>\n<p>*Votre nom:\n<\/p>\n<p><span class=\"wpcf7-form-control-wrap\" data-name=\"your-name\"><input size=\"40\" maxlength=\"400\" class=\"wpcf7-form-control wpcf7-text wpcf7-validates-as-required\" aria-required=\"true\" aria-invalid=\"false\" value=\"\" type=\"text\" name=\"your-name\" \/><\/span>\n<\/p>\n<p>*Votre email:\n<\/p>\n<p><span class=\"wpcf7-form-control-wrap\" data-name=\"your-email\"><input size=\"40\" maxlength=\"400\" class=\"wpcf7-form-control wpcf7-email wpcf7-validates-as-required wpcf7-text wpcf7-validates-as-email\" aria-required=\"true\" aria-invalid=\"false\" value=\"\" type=\"email\" name=\"your-email\" \/><\/span>\n<\/p>\n<p><input class=\"wpcf7-form-control wpcf7-submit has-spinner\" type=\"submit\" value=\"Envoyer\" \/>\n<\/p><div class=\"wpcf7-response-output\" aria-hidden=\"true\"><\/div>\n<\/form>\n<\/div>\n\n\n<\/div><h2 class=\"tabtitle\">Vid\u00e9os<\/h2>\n<div class=\"tabcontent\">\n\n<div class=\"youtube-player\" data-id=\"Cw_-ToudJwk\"><img decoding=\"async\" src=\"https:\/\/i1.wp.com\/i.ytimg.com\/vi\/Cw_-ToudJwk\/hqdefault.jpg?ssl=1\" data-recalc-dims=\"1\" class=\"aligncenter\" alt=\"\"><\/div>\n<div class=\"play\"><\/div>\n<p data-tadv-p=\"keep\" dir=\"ltr\" style=\"font-size: 8pt;\">Lancement d&rsquo;une chaire universitaire pour promouvoir l&rsquo;\u00e9galit\u00e9 Homme-Femme &#8211; 8 mai 2021<\/p>\n<div class=\"youtube-player\" data-id=\"8I_ZIhHsgjw\"><img decoding=\"async\" src=\"https:\/\/i1.wp.com\/i.ytimg.com\/vi\/8I_ZIhHsgjw\/hqdefault.jpg?ssl=1\" data-recalc-dims=\"1\" class=\"aligncenter\" alt=\"\"><\/div>\n<div class=\"play\"><\/div>\n<p data-tadv-p=\"keep\" dir=\"ltr\" style=\"font-size: 8pt;\">D\u00e9bat autour :\u00a0\u00bbLe droit d&rsquo;acc\u00e8s \u00e0 l&rsquo;information et la d\u00e9mocratie participative\u00a0\u00bb &#8211; 3 mai 2018<\/p>\n<div class=\"youtube-player\" data-id=\"ePDvydIc7q4\"><img decoding=\"async\" src=\"https:\/\/i1.wp.com\/i.ytimg.com\/vi\/ePDvydIc7q4\/hqdefault.jpg?ssl=1\" data-recalc-dims=\"1\" class=\"aligncenter\" alt=\"\"><\/div>\n<div class=\"play\"><\/div>\n<p data-tadv-p=\"keep\" dir=\"ltr\" style=\"font-size: 8pt;\">Maroc, \u00ab\u00a0Eldorado\u00a0\u00bb des droits humains pour les immigr\u00e9s &#8211; 14 d\u00e9cembre 2017<\/p>\n\n<\/div><h2 class=\"tabtitle\">Liens<\/h2>\n<div class=\"tabcontent\">\n\n<div class=\"arrow-down\" style=\"margin-left: auto; margin-right: auto;\"><\/div>\n<div style=\"width: 200px; height: 300px; overflow: auto; background-color: white; margin-left: auto; margin-right: auto;\">\n<div style=\"width: 200px; height: 700px;\">\n<div class=\"rTableCell\">\n<p><a href=\"http:\/\/ccdh.org.ma\/fr\" target=\"_blank\" rel=\"noopener noreferrer\"><img loading=\"lazy\" decoding=\"async\" title=\"Minist\u00e8re de la Fonction Publique et de la Modernisation de l\u2019Administration \" src=\"https:\/\/www.moroccodemia.com\/fr\/media\/2017\/12\/InstitLawCNDH.png\" alt=\" Conseil national des droits de l'Homme\" width=\"180\" height=\"100\" class=\"Conseil national des droits de l'Homme aligncenter\"><\/a><\/p>\n<\/div>\n<\/div>\n<\/div>\n<div class=\"arrow-up\" style=\"margin-left: auto; margin-right: auto;\"><span class=\"st\"> <\/span><\/div>\n<p><span style=\"background-color: #00ff00; font-family: verdana,geneva,sans-serif;\"><\/div><\/div><\/span><\/p>\n<hr>\n<h2 style=\"text-align: center;\"><strong><span style=\"font-family: verdana, geneva, sans-serif; font-size: 14pt;\">Education Civique <span style=\"font-size: 10pt;\">au Maroc\/<\/span><\/span><\/strong><\/h2>\n<hr>\n<\/div>\n<\/div>\n<\/div>\n<\/div>\n","protected":false},"excerpt":{"rendered":"<p>Education Civique au Maroc Parcourir en arabeParcourir en anglais Qu&rsquo;est-ce que l&rsquo;\u00e9ducation civique? Tout programme ou structure d&rsquo;animation (au sein d&rsquo;un \u00e9tablissement \u00e9ducatif ou association de societ\u00e9 civile) impliqu\u00e9 dans l&rsquo;engagement de service civique. Quels sont les objectifs?&nbsp; Le but de l&rsquo;\u00e9ducation civique est d&rsquo;encourager les citoyens \u00e0 se porter volontaires pour contribuer au renforcement [&hellip;]<\/p>\n","protected":false},"author":1,"featured_media":0,"parent":0,"menu_order":0,"comment_status":"closed","ping_status":"closed","template":"","meta":{"footnotes":""},"class_list":["post-3862","page","type-page","status-publish","hentry"],"yoast_head":"<!-- This site is optimized with the Yoast SEO plugin v27.4 - https:\/\/yoast.com\/product\/yoast-seo-wordpress\/ -->\n<title>Education Civique au Maroc | moroccodemia fran\u00e7ais<\/title>\n<meta name=\"robots\" content=\"index, follow, max-snippet:-1, max-image-preview:large, max-video-preview:-1\" \/>\n<link rel=\"canonical\" href=\"https:\/\/www.moroccodemia.com\/fr\/education-civique-maroc\/\" \/>\n<meta property=\"og:locale\" content=\"fr_FR\" \/>\n<meta property=\"og:type\" content=\"article\" \/>\n<meta property=\"og:title\" content=\"Education Civique au Maroc | moroccodemia fran\u00e7ais\" \/>\n<meta property=\"og:description\" content=\"Education Civique au Maroc Parcourir en arabeParcourir en anglais Qu&rsquo;est-ce que l&rsquo;\u00e9ducation civique? Tout programme ou structure d&rsquo;animation (au sein d&rsquo;un \u00e9tablissement \u00e9ducatif ou association de societ\u00e9 civile) impliqu\u00e9 dans l&rsquo;engagement de service civique. Quels sont les objectifs?&nbsp; Le but de l&rsquo;\u00e9ducation civique est d&rsquo;encourager les citoyens \u00e0 se porter volontaires pour contribuer au renforcement [&hellip;]\" \/>\n<meta property=\"og:url\" content=\"https:\/\/www.moroccodemia.com\/fr\/education-civique-maroc\/\" \/>\n<meta property=\"og:site_name\" content=\"morocco academia french\" \/>\n<meta property=\"article:publisher\" content=\"https:\/\/www.facebook.com\/Morocco-academia-239938123438369\/\" \/>\n<meta property=\"article:modified_time\" content=\"2021-05-14T12:00:34+00:00\" \/>\n<meta property=\"og:image\" content=\"https:\/\/www.moroccodemia.com\/fr\/media\/2019\/01\/IconBlackCivicEd.png\" \/>\n<meta name=\"twitter:card\" content=\"summary_large_image\" \/>\n<meta name=\"twitter:site\" content=\"@moroccodemia\" \/>\n<meta name=\"twitter:label1\" content=\"Dur\u00e9e de lecture estim\u00e9e\" \/>\n\t<meta name=\"twitter:data1\" content=\"4 minutes\" \/>\n<script type=\"application\/ld+json\" class=\"yoast-schema-graph\">{\"@context\":\"https:\\\/\\\/schema.org\",\"@graph\":[{\"@type\":\"WebPage\",\"@id\":\"https:\\\/\\\/www.moroccodemia.com\\\/fr\\\/education-civique-maroc\\\/\",\"url\":\"https:\\\/\\\/www.moroccodemia.com\\\/fr\\\/education-civique-maroc\\\/\",\"name\":\"Education Civique au Maroc | moroccodemia fran\u00e7ais\",\"isPartOf\":{\"@id\":\"https:\\\/\\\/www.moroccodemia.com\\\/fr\\\/#website\"},\"primaryImageOfPage\":{\"@id\":\"https:\\\/\\\/www.moroccodemia.com\\\/fr\\\/education-civique-maroc\\\/#primaryimage\"},\"image\":{\"@id\":\"https:\\\/\\\/www.moroccodemia.com\\\/fr\\\/education-civique-maroc\\\/#primaryimage\"},\"thumbnailUrl\":\"https:\\\/\\\/www.moroccodemia.com\\\/fr\\\/media\\\/2019\\\/01\\\/IconBlackCivicEd.png\",\"datePublished\":\"2016-05-23T13:09:05+00:00\",\"dateModified\":\"2021-05-14T12:00:34+00:00\",\"breadcrumb\":{\"@id\":\"https:\\\/\\\/www.moroccodemia.com\\\/fr\\\/education-civique-maroc\\\/#breadcrumb\"},\"inLanguage\":\"fr-FR\",\"potentialAction\":[{\"@type\":\"ReadAction\",\"target\":[\"https:\\\/\\\/www.moroccodemia.com\\\/fr\\\/education-civique-maroc\\\/\"]}]},{\"@type\":\"ImageObject\",\"inLanguage\":\"fr-FR\",\"@id\":\"https:\\\/\\\/www.moroccodemia.com\\\/fr\\\/education-civique-maroc\\\/#primaryimage\",\"url\":\"https:\\\/\\\/www.moroccodemia.com\\\/fr\\\/media\\\/2019\\\/01\\\/IconBlackCivicEd.png\",\"contentUrl\":\"https:\\\/\\\/www.moroccodemia.com\\\/fr\\\/media\\\/2019\\\/01\\\/IconBlackCivicEd.png\",\"width\":100,\"height\":100},{\"@type\":\"BreadcrumbList\",\"@id\":\"https:\\\/\\\/www.moroccodemia.com\\\/fr\\\/education-civique-maroc\\\/#breadcrumb\",\"itemListElement\":[{\"@type\":\"ListItem\",\"position\":1,\"name\":\"Accueil\",\"item\":\"https:\\\/\\\/www.moroccodemia.com\\\/fr\\\/\"},{\"@type\":\"ListItem\",\"position\":2,\"name\":\"Education Civique au Maroc\"}]},{\"@type\":\"WebSite\",\"@id\":\"https:\\\/\\\/www.moroccodemia.com\\\/fr\\\/#website\",\"url\":\"https:\\\/\\\/www.moroccodemia.com\\\/fr\\\/\",\"name\":\"morocco academia french\",\"description\":\"L'information, tout simplement\",\"potentialAction\":[{\"@type\":\"SearchAction\",\"target\":{\"@type\":\"EntryPoint\",\"urlTemplate\":\"https:\\\/\\\/www.moroccodemia.com\\\/fr\\\/?s={search_term_string}\"},\"query-input\":{\"@type\":\"PropertyValueSpecification\",\"valueRequired\":true,\"valueName\":\"search_term_string\"}}],\"inLanguage\":\"fr-FR\"}]}<\/script>\n<!-- \/ Yoast SEO plugin. -->","yoast_head_json":{"title":"Education Civique au Maroc | moroccodemia fran\u00e7ais","robots":{"index":"index","follow":"follow","max-snippet":"max-snippet:-1","max-image-preview":"max-image-preview:large","max-video-preview":"max-video-preview:-1"},"canonical":"https:\/\/www.moroccodemia.com\/fr\/education-civique-maroc\/","og_locale":"fr_FR","og_type":"article","og_title":"Education Civique au Maroc | moroccodemia fran\u00e7ais","og_description":"Education Civique au Maroc Parcourir en arabeParcourir en anglais Qu&rsquo;est-ce que l&rsquo;\u00e9ducation civique? Tout programme ou structure d&rsquo;animation (au sein d&rsquo;un \u00e9tablissement \u00e9ducatif ou association de societ\u00e9 civile) impliqu\u00e9 dans l&rsquo;engagement de service civique. Quels sont les objectifs?&nbsp; Le but de l&rsquo;\u00e9ducation civique est d&rsquo;encourager les citoyens \u00e0 se porter volontaires pour contribuer au renforcement [&hellip;]","og_url":"https:\/\/www.moroccodemia.com\/fr\/education-civique-maroc\/","og_site_name":"morocco academia french","article_publisher":"https:\/\/www.facebook.com\/Morocco-academia-239938123438369\/","article_modified_time":"2021-05-14T12:00:34+00:00","og_image":[{"url":"https:\/\/www.moroccodemia.com\/fr\/media\/2019\/01\/IconBlackCivicEd.png","type":"","width":"","height":""}],"twitter_card":"summary_large_image","twitter_site":"@moroccodemia","twitter_misc":{"Dur\u00e9e de lecture estim\u00e9e":"4 minutes"},"schema":{"@context":"https:\/\/schema.org","@graph":[{"@type":"WebPage","@id":"https:\/\/www.moroccodemia.com\/fr\/education-civique-maroc\/","url":"https:\/\/www.moroccodemia.com\/fr\/education-civique-maroc\/","name":"Education Civique au Maroc | moroccodemia fran\u00e7ais","isPartOf":{"@id":"https:\/\/www.moroccodemia.com\/fr\/#website"},"primaryImageOfPage":{"@id":"https:\/\/www.moroccodemia.com\/fr\/education-civique-maroc\/#primaryimage"},"image":{"@id":"https:\/\/www.moroccodemia.com\/fr\/education-civique-maroc\/#primaryimage"},"thumbnailUrl":"https:\/\/www.moroccodemia.com\/fr\/media\/2019\/01\/IconBlackCivicEd.png","datePublished":"2016-05-23T13:09:05+00:00","dateModified":"2021-05-14T12:00:34+00:00","breadcrumb":{"@id":"https:\/\/www.moroccodemia.com\/fr\/education-civique-maroc\/#breadcrumb"},"inLanguage":"fr-FR","potentialAction":[{"@type":"ReadAction","target":["https:\/\/www.moroccodemia.com\/fr\/education-civique-maroc\/"]}]},{"@type":"ImageObject","inLanguage":"fr-FR","@id":"https:\/\/www.moroccodemia.com\/fr\/education-civique-maroc\/#primaryimage","url":"https:\/\/www.moroccodemia.com\/fr\/media\/2019\/01\/IconBlackCivicEd.png","contentUrl":"https:\/\/www.moroccodemia.com\/fr\/media\/2019\/01\/IconBlackCivicEd.png","width":100,"height":100},{"@type":"BreadcrumbList","@id":"https:\/\/www.moroccodemia.com\/fr\/education-civique-maroc\/#breadcrumb","itemListElement":[{"@type":"ListItem","position":1,"name":"Accueil","item":"https:\/\/www.moroccodemia.com\/fr\/"},{"@type":"ListItem","position":2,"name":"Education Civique au Maroc"}]},{"@type":"WebSite","@id":"https:\/\/www.moroccodemia.com\/fr\/#website","url":"https:\/\/www.moroccodemia.com\/fr\/","name":"morocco academia french","description":"L'information, tout simplement","potentialAction":[{"@type":"SearchAction","target":{"@type":"EntryPoint","urlTemplate":"https:\/\/www.moroccodemia.com\/fr\/?s={search_term_string}"},"query-input":{"@type":"PropertyValueSpecification","valueRequired":true,"valueName":"search_term_string"}}],"inLanguage":"fr-FR"}]}},"_links":{"self":[{"href":"https:\/\/www.moroccodemia.com\/fr\/wp-json\/wp\/v2\/pages\/3862","targetHints":{"allow":["GET"]}}],"collection":[{"href":"https:\/\/www.moroccodemia.com\/fr\/wp-json\/wp\/v2\/pages"}],"about":[{"href":"https:\/\/www.moroccodemia.com\/fr\/wp-json\/wp\/v2\/types\/page"}],"author":[{"embeddable":true,"href":"https:\/\/www.moroccodemia.com\/fr\/wp-json\/wp\/v2\/users\/1"}],"replies":[{"embeddable":true,"href":"https:\/\/www.moroccodemia.com\/fr\/wp-json\/wp\/v2\/comments?post=3862"}],"version-history":[{"count":3,"href":"https:\/\/www.moroccodemia.com\/fr\/wp-json\/wp\/v2\/pages\/3862\/revisions"}],"predecessor-version":[{"id":15260,"href":"https:\/\/www.moroccodemia.com\/fr\/wp-json\/wp\/v2\/pages\/3862\/revisions\/15260"}],"wp:attachment":[{"href":"https:\/\/www.moroccodemia.com\/fr\/wp-json\/wp\/v2\/media?parent=3862"}],"curies":[{"name":"wp","href":"https:\/\/api.w.org\/{rel}","templated":true}]}}