{"id":3388,"date":"2016-04-21T09:32:34","date_gmt":"2016-04-21T09:32:34","guid":{"rendered":"https:\/\/www.moroccodemia.com\/fr\/?page_id=3388"},"modified":"2021-03-31T17:43:09","modified_gmt":"2021-03-31T16:43:09","slug":"economie-et-finance","status":"publish","type":"page","link":"https:\/\/www.moroccodemia.com\/fr\/economie-et-finance\/","title":{"rendered":"Economie et Finances au Maroc"},"content":{"rendered":"<div class=\"rTable\">\n<div class=\"rTableBody\">\n<div class=\"rTableRow\">\n<div class=\"rTableHead\">\n<hr \/>\n<h1 class=\"h1pagetitle\">Economie et Finances au Maroc<\/h1>\n<div class=\"dropdown1\"><button class=\"dropbtn1\"><\/button><br class=\"blank \/\" \/><span class=\"dropdown1-content\"><a href=\"https:\/\/www.moroccodemia.com\/ar\/%D9%85%D8%A7%D9%84-%D9%88%D8%A3%D8%B9%D9%85%D8%A7%D9%84\/\">Parcourir en arabe<\/a><a href=\"https:\/\/www.moroccodemia.com\/en\/business-and-finance-in-morocco\/\">Parcourir en anglais<\/a><\/span><\/div>\n<hr \/>\n<div class=\"banner\"><img loading=\"lazy\" decoding=\"async\" class=\"banner-image\" src=\"https:\/\/www.moroccodemia.com\/fr\/media\/2019\/01\/IconBlackBusiness.png\" style=\"vertical-align: middle;\" alt=\"Economie et Finances au Maroc\" title=\"Economie et Finances au Maroc\" width=\"80\" height=\"80\" \/><\/div>\n<p dir=\"ltr\"><span style=\"font-family: verdana, geneva, sans-serif;\"><div class=\"responsive-tabs\">\n<h2 class=\"tabtitle\">Aper\u00e7u<\/h2>\n<div class=\"tabcontent\">\n<\/span><\/p>\n<p dir=\"ltr\"><strong>Quel le Minist\u00e8re de tutelle?<\/strong><\/p>\n<p dir=\"ltr\"><span style=\"font-size: 10pt;\">Le <span style=\"font-size: 18pt;\"><strong><a href=\"https:\/\/www.finances.gov.ma\/fr\/SitePages\/Home.aspx\">Minist\u00e8re de l&rsquo;Economie et des Finances<\/a>\u00a0<\/strong><\/span>est\u00a0le d\u00e9partement minist\u00e9riel\u00a0charg\u00e9 de\u00a0la gestion des finances\u00a0publiques et de la politique \u00e9conomique au Maroc.<\/span><\/p>\n<p dir=\"ltr\"><img loading=\"lazy\" decoding=\"async\" src=\"https:\/\/www.moroccodemia.com\/fr\/media\/2017\/12\/InstitGovernmentMinistryEconomy-and-Finance.png\" alt=\"Minist\u00e8re de l'Economie et des Finances - Rabat\" width=\"600\" height=\"400\" class=\"wp-image-9379 size-full aligncenter\" title=\"Minist\u00e8re de l'Economie et des Finances - Rabat\" srcset=\"https:\/\/www.moroccodemia.com\/fr\/media\/2017\/12\/InstitGovernmentMinistryEconomy-and-Finance.png 600w, https:\/\/www.moroccodemia.com\/fr\/media\/2017\/12\/InstitGovernmentMinistryEconomy-and-Finance-300x200.png 300w\" sizes=\"auto, (max-width: 600px) 100vw, 600px\" \/><span style=\"font-size: 8pt;\">Minist\u00e8re de l&rsquo;Economie et des Finances &#8211; Rabat<\/span><\/p>\n<p dir=\"ltr\"><img loading=\"lazy\" decoding=\"async\" src=\"https:\/\/www.moroccodemia.com\/fr\/media\/2018\/09\/GovernmentMinisterMohamed-Benchaaboun-Minister-of-Economy-and-Finance.png\" alt=\"Mohamed Benchaaboun,\u00a0Ministre de l'Economie et des Finances\u00a0\" width=\"600\" height=\"400\" class=\"aligncenter wp-image-10877 size-full\" title=\"Mohamed Benchaaboun,\u00a0Ministre de l'Economie et des Finances\u00a0\" srcset=\"https:\/\/www.moroccodemia.com\/fr\/media\/2018\/09\/GovernmentMinisterMohamed-Benchaaboun-Minister-of-Economy-and-Finance.png 600w, https:\/\/www.moroccodemia.com\/fr\/media\/2018\/09\/GovernmentMinisterMohamed-Benchaaboun-Minister-of-Economy-and-Finance-300x200.png 300w\" sizes=\"auto, (max-width: 600px) 100vw, 600px\" \/><span style=\"font-size: 8pt;\">Mohamed Benchaaboun,\u00a0Ministre de l&rsquo;Economie et des Finances (Depuis 20 ao\u00fbt 2018)<\/span><\/p>\n<p dir=\"ltr\"><img loading=\"lazy\" decoding=\"async\" src=\"https:\/\/www.moroccodemia.com\/fr\/media\/2018\/08\/PortraitphotoAbdelkader-Amara.png\" alt=\"Abdelkader Amara,\u00a0Ministre de l'Economie et des Finances par interim  (Depuis ao\u00fbt 2018)\" width=\"600\" height=\"400\" class=\"aligncenter wp-image-11117 size-full\" title=\"Abdelkader Amara,\u00a0Ministre de l'Economie et des Finances par interim  (Depuis ao\u00fbt 2018)\" \/><span style=\"font-size: 8pt;\">Abdelkader Amara,\u00a0Ministre de l&rsquo;Economie et des Finances par interim (Du 1er au 20 ao\u00fbt 2018)<\/span><\/p>\n<p dir=\"ltr\"><img loading=\"lazy\" decoding=\"async\" src=\"https:\/\/www.moroccodemia.com\/fr\/media\/2016\/04\/Boussaid-Mohamed.png\" alt=\"Mohamed Boussaid, Ministre de l'Economie et des Finances\" width=\"600\" height=\"400\" class=\"aligncenter wp-image-8541 size-full\" title=\"Mohamed Boussaid, Ministre de l'Economie et des Finances\" srcset=\"https:\/\/www.moroccodemia.com\/fr\/media\/2016\/04\/Boussaid-Mohamed.png 600w, https:\/\/www.moroccodemia.com\/fr\/media\/2016\/04\/Boussaid-Mohamed-300x200.png 300w\" sizes=\"auto, (max-width: 600px) 100vw, 600px\" \/><span style=\"font-size: 8pt;\">Mohamed Boussaid,\u00a0Ministre de l&rsquo;Economie et des Finances\u00a0(Octobre 2013 \u2013\u00a0 Ao\u00fbt 2018)<\/span><\/p>\n<p dir=\"ltr\"><span style=\"font-size: 10pt;\"><b>Etablissements, Installations et Services associ\u00e9s<\/b><\/span> <a href=\"http:\/\/www.ces.ma\/Pages\/Accueil.aspx\"><img loading=\"lazy\" decoding=\"async\" src=\"https:\/\/www.moroccodemia.com\/fr\/media\/2018\/09\/InstitEconomyCESE.png\" alt=\"Conseil Economique Social et Environnemental\" width=\"600\" height=\"400\" class=\"aligncenter wp-image-10946 size-full\" title=\"Conseil Economique Social et Environnemental\" srcset=\"https:\/\/www.moroccodemia.com\/fr\/media\/2018\/09\/InstitEconomyCESE.png 600w, https:\/\/www.moroccodemia.com\/fr\/media\/2018\/09\/InstitEconomyCESE-300x200.png 300w\" sizes=\"auto, (max-width: 600px) 100vw, 600px\" \/><\/a><span style=\"font-size: 8pt;\">Conseil Economique Social et Environnemental<\/span><\/p>\n<p dir=\"ltr\" style=\"text-align: left;\"><img loading=\"lazy\" decoding=\"async\" src=\"https:\/\/www.moroccodemia.com\/fr\/media\/2017\/12\/EconomyFree-ZoneTangier.png\" alt=\"Tanger Free Zone\" width=\"600\" height=\"400\" class=\"wp-image-9667 size-full aligncenter\" title=\"Tanger Free Zone\" srcset=\"https:\/\/www.moroccodemia.com\/fr\/media\/2017\/12\/EconomyFree-ZoneTangier.png 600w, https:\/\/www.moroccodemia.com\/fr\/media\/2017\/12\/EconomyFree-ZoneTangier-300x200.png 300w\" sizes=\"auto, (max-width: 600px) 100vw, 600px\" \/><span style=\"font-size: 8pt;\">Tanger Free Zone<\/span><\/p>\n<p dir=\"ltr\"><a href=\"https:\/\/orientalinvest.ma\/\"><img loading=\"lazy\" decoding=\"async\" src=\"https:\/\/www.moroccodemia.com\/fr\/media\/2021\/03\/InstitEconomy-FinanceCRIRegion-de-lOriental.png\" alt=\"Image: Centre Regional d'Invesstissement de l'Oriental\" width=\"600\" height=\"400\" class=\"aligncenter wp-image-14212 size-full\" title=\"Centre Regional d'Invesstissement de l'Oriental\" srcset=\"https:\/\/www.moroccodemia.com\/fr\/media\/2021\/03\/InstitEconomy-FinanceCRIRegion-de-lOriental.png 600w, https:\/\/www.moroccodemia.com\/fr\/media\/2021\/03\/InstitEconomy-FinanceCRIRegion-de-lOriental-300x200.png 300w\" sizes=\"auto, (max-width: 600px) 100vw, 600px\" \/><\/a><span style=\"font-size: 8pt;\">Centre Regional d&rsquo;Invesstissement de l&rsquo;Oriental<\/span><\/p>\n<hr \/>\n<h2><a href=\"https:\/\/www.moroccodemia.com\/wp-content\/uploads\/2021\/03\/DocFRBulletin-OfficielLoi-de-Finance-2021.pdf\"><span style=\"font-size: 18pt;\"><strong>Loi de Finances pour l&rsquo;ann\u00e9e budg\u00e9taire 2021<\/strong><\/span><\/a><\/h2>\n<p><strong><span style=\"font-size: 18pt;\"><a href=\"https:\/\/www.moroccodemia.com\/wp-content\/uploads\/2019\/12\/DOCB.O.Loi-de-Finances-2020.pdf\">Loi de Finances pour l&rsquo;ann\u00e9e budg\u00e9taire 2020<\/a><\/span><\/strong><\/p>\n<p><a href=\"https:\/\/drive.google.com\/open?id=1-SIA-M3VaDYYQJ9lCFN4IpZuT7SS8-na\"><span style=\"font-size: 18pt;\"><strong>Projet de Loi de Finances 2019<\/strong><\/span><\/a><\/p>\n<hr class=\"footer\" \/>\n<h2 class=\"Hidden\"><strong><span style=\"font-size: 10pt;\">Commentaires<\/span><\/strong><\/h2>\n<div class=\"Hidden\"><a href=\"#\" class=\"img-wrapper\"><img decoding=\"async\" src=\"http:\/\/www.moroccodemia.com\/en\/media\/2016\/07\/IconUserShadowBlackOrange120x120.png\" \/><\/a><\/p>\n<div class=\"comment-content\">\n<blockquote><p><span style=\"font-size: 10pt;\"><img loading=\"lazy\" decoding=\"async\" src=\"http:\/\/www.moroccodemia.com\/en\/media\/2016\/07\/Quotation-Marks_OrangeOpening40x40.png\" alt=\"\" width=\"20\" height=\"20\" class=\"alignnone  wp-image-9502\" \/>\u00a0Salam alaykoum,<\/span><\/p>\n<p><span style=\"font-size: 10pt;\">Je suis un \u00e9tudiant Belge (converti \u00e0 l&rsquo;islam) d&rsquo;origine italienne, dipl\u00f4m\u00e9 de l&rsquo;universit\u00e9 islamique de M\u00e9dine (Arabie Saudite) Facult\u00e9 des Fondements de la Religion et de la pr\u00eache, je suis en ce moment en \u00e9tude sup\u00e9rieur apr\u00e8s avoir obtenu ma Licence (mention tr\u00e8s bien : 4.11\/5), il me reste une ann\u00e9e in cha Allah ( le haut dipl\u00f4me toujours dans la m\u00eame facult\u00e9 ) o\u00f9 je devrais pr\u00e9senter une recherche, je voudrais savoir si il me sera possible de continu\u00e9 des \u00e9tudes sup\u00e9rieurs au Maroc (Doctorat), si oui quelles sont les opportunit\u00e9es qui me sont offertes ? o\u00f9 cela ?<\/span><\/p>\n<p><span style=\"font-size: 10pt;\">Je vous remercie d&rsquo;avance pour toute l&rsquo;attention port\u00e9e \u00e0 ce message.<\/span><img loading=\"lazy\" decoding=\"async\" src=\"http:\/\/www.moroccodemia.com\/en\/media\/2015\/10\/Quotation-Marks_OrangeClosing40x40.png\" alt=\"\" width=\"20\" height=\"20\" class=\"alignnone  wp-image-8519\" style=\"font-size: 10pt;\" \/><\/p><\/blockquote>\n<p><span style=\"font-size: 10pt;\">Commentaire:\u00a0Loris Menegon<br \/>\n<\/span><span style=\"font-size: 8pt;\">[28 octobre 2017,\u00a0 08:35 ]<\/span><\/p>\n<p><a href=\"#page-part\"><img loading=\"lazy\" decoding=\"async\" src=\"http:\/\/www.moroccodemia.com\/en\/media\/2016\/05\/IconLetter30x20.png\" alt=\"Reply\" width=\"30\" height=\"20\" class=\"alignnone wp-image-9672 size-full\" title=\"Reply\" \/><\/a><\/p>\n<\/div>\n<\/div>\n<p id=\"page-part\" style=\"text-align: left;\"><strong><span style=\"font-size: 10pt;\">Aajouter un commentaire<\/span>\u00a0<\/strong><\/p>\n\n<div class=\"wpcf7 no-js\" id=\"wpcf7-f8536-o1\" lang=\"fr-FR\" dir=\"ltr\" data-wpcf7-id=\"8536\">\n<div class=\"screen-reader-response\"><p role=\"status\" aria-live=\"polite\" aria-atomic=\"true\"><\/p> <ul><\/ul><\/div>\n<form action=\"\/fr\/wp-json\/wp\/v2\/pages\/3388#wpcf7-f8536-o1\" method=\"post\" class=\"wpcf7-form init\" aria-label=\"Formulaire de contact\" novalidate=\"novalidate\" data-status=\"init\">\n<fieldset class=\"hidden-fields-container\"><input type=\"hidden\" name=\"_wpcf7\" value=\"8536\" \/><input type=\"hidden\" name=\"_wpcf7_version\" value=\"6.1.5\" \/><input type=\"hidden\" name=\"_wpcf7_locale\" value=\"fr_FR\" \/><input type=\"hidden\" name=\"_wpcf7_unit_tag\" value=\"wpcf7-f8536-o1\" \/><input type=\"hidden\" name=\"_wpcf7_container_post\" value=\"0\" \/><input type=\"hidden\" name=\"_wpcf7_posted_data_hash\" value=\"\" \/><input type=\"hidden\" name=\"_wpcf7dtx_version\" value=\"5.0.5\" \/><input type=\"hidden\" name=\"_wpcf7_recaptcha_response\" value=\"\" \/>\n<\/fieldset>\n<span class=\"wpcf7-form-control-wrap chapter\" data-name=\"chapter\"><input type=\"hidden\" name=\"chapter\" class=\"wpcf7-form-control wpcf7-hidden wpcf7dtx wpcf7dtx-hidden\" aria-invalid=\"false\" value=\"Economie et Finances au Maroc\"><\/span>\n<p>Votre commentaire:\n<\/p>\n<p><span class=\"wpcf7-form-control-wrap\" data-name=\"your-message\"><textarea cols=\"40\" rows=\"10\" maxlength=\"2000\" class=\"wpcf7-form-control wpcf7-textarea\" aria-invalid=\"false\" name=\"your-message\"><\/textarea><\/span>\n<\/p>\n<p>*Votre nom:\n<\/p>\n<p><span class=\"wpcf7-form-control-wrap\" data-name=\"your-name\"><input size=\"40\" maxlength=\"400\" class=\"wpcf7-form-control wpcf7-text wpcf7-validates-as-required\" aria-required=\"true\" aria-invalid=\"false\" value=\"\" type=\"text\" name=\"your-name\" \/><\/span>\n<\/p>\n<p>*Votre email:\n<\/p>\n<p><span class=\"wpcf7-form-control-wrap\" data-name=\"your-email\"><input size=\"40\" maxlength=\"400\" class=\"wpcf7-form-control wpcf7-email wpcf7-validates-as-required wpcf7-text wpcf7-validates-as-email\" aria-required=\"true\" aria-invalid=\"false\" value=\"\" type=\"email\" name=\"your-email\" \/><\/span>\n<\/p>\n<p><input class=\"wpcf7-form-control wpcf7-submit has-spinner\" type=\"submit\" value=\"Envoyer\" \/>\n<\/p><div class=\"wpcf7-response-output\" aria-hidden=\"true\"><\/div>\n<\/form>\n<\/div>\n\n\n<\/div><h2 class=\"tabtitle\">Patenariats<\/h2>\n<div class=\"tabcontent\">\n\n<div class=\"youtube-player\" data-id=\"J7TznphHRJc\"><img decoding=\"async\" src=\"https:\/\/i1.wp.com\/i.ytimg.com\/vi\/J7TznphHRJc\/hqdefault.jpg?ssl=1\" data-recalc-dims=\"1\" class=\"aligncenter\" alt=\"\" \/><\/div>\n<div class=\"play\"><\/div>\n<p data-tadv-p=\"keep\" dir=\"ltr\" style=\"font-size: 8pt;\">Suisse &#8211; Maroc: Startup Innovation par l&rsquo;ACOMS et l&rsquo;APML &#8211; 2 octobre 2017<\/p>\n<div class=\"youtube-player\" data-id=\"bCScoBj2fQ4\"><img decoding=\"async\" src=\"https:\/\/i1.wp.com\/i.ytimg.com\/vi\/bCScoBj2fQ4\/hqdefault.jpg?ssl=1\" data-recalc-dims=\"1\" class=\"aligncenter\" alt=\"\" \/><\/div>\n<div class=\"play\"><\/div>\n<p data-tadv-p=\"keep\" dir=\"ltr\" style=\"font-size: 8pt;\">Zhong Haitao: Project Manager &#8211; Morocco Industrial Park &#8211; 09 Septembre 2016<\/p>\n<div class=\"youtube-player\" data-id=\"_xgPDLBpHNk\"><img decoding=\"async\" src=\"https:\/\/i1.wp.com\/i.ytimg.com\/vi\/_xgPDLBpHNk\/hqdefault.jpg?ssl=1\" data-recalc-dims=\"1\" class=\"aligncenter\" alt=\"\" \/><\/div>\n<div class=\"play\"><\/div>\n<p data-tadv-p=\"keep\" dir=\"ltr\" style=\"font-size: 8pt;\">Mohammed VI pr\u00e9side la c\u00e9r\u00e9monie de lancement du nouveau projet du groupe Renault au Maroc &#8211; 08 avril 2016<\/p>\n<div class=\"youtube-player\" data-id=\"CY-vN3UpZ8A\"><img decoding=\"async\" src=\"https:\/\/i1.wp.com\/i.ytimg.com\/vi\/CY-vN3UpZ8A\/hqdefault.jpg?ssl=1\" data-recalc-dims=\"1\" class=\"aligncenter\" alt=\"\" \/><\/div>\n<div class=\"play\"><\/div>\n<p data-tadv-p=\"keep\" dir=\"ltr\" style=\"font-size: 8pt;\">Le Maroc comme hub pour l\u2019Afrique &#8211; 2 d\u00e9cembre 2014<\/p>\n\n<\/div><h2 class=\"tabtitle\">Success story<\/h2>\n<div class=\"tabcontent\">\n\n<div class=\"youtube-player\" data-id=\"EUVJz2Anynw\"><img decoding=\"async\" src=\"https:\/\/i1.wp.com\/i.ytimg.com\/vi\/EUVJz2Anynw\/hqdefault.jpg?ssl=1\" data-recalc-dims=\"1\" class=\"aligncenter\" alt=\"\" \/><\/div>\n<div class=\"play\"><\/div>\n<p data-tadv-p=\"keep\" dir=\"ltr\" style=\"font-size: 8pt;\">Laila Benmakhlouf &#8211; Une success story marocaine &#8211; 24 septembre 2017<\/p>\n<div class=\"youtube-player\" data-id=\"oKZ_Wq-3rzc\"><img decoding=\"async\" src=\"https:\/\/i1.wp.com\/i.ytimg.com\/vi\/oKZ_Wq-3rzc\/hqdefault.jpg?ssl=1\" data-recalc-dims=\"1\" class=\"aligncenter\" alt=\"\" \/><\/div>\n<div class=\"play\"><\/div>\n<p data-tadv-p=\"keep\" dir=\"ltr\" style=\"font-size: 8pt;\">Success Story: El Mouloudi Benhamane: A la conqu\u00eate de l\u2019Afrique &#8211; 10 mai 2016<\/p>\n\n<\/div><h2 class=\"tabtitle\">Rapports<\/h2>\n<div class=\"tabcontent\">\n\n<div class=\"youtube-player\" data-id=\"5qWucbpMupk\"><img decoding=\"async\" src=\"https:\/\/i1.wp.com\/i.ytimg.com\/vi\/5qWucbpMupk\/hqdefault.jpg?ssl=1\" data-recalc-dims=\"1\" class=\"aligncenter\" alt=\"\" \/><\/div>\n<div class=\"play\"><\/div>\n<p data-tadv-p=\"keep\" dir=\"ltr\" style=\"font-size: 8pt;\">Immobilier: Boussaid d\u00e9balle &#8211; 27 octobre 2017<\/p>\n\n<\/div><h2 class=\"tabtitle\">Liens<\/h2>\n<div class=\"tabcontent\">\n\n<div class=\"arrow-down\" style=\"margin-left: auto; margin-right: auto;\"><\/div>\n<div style=\"width: 200px; height: 300px; overflow: auto; background-color: white; margin-left: auto; margin-right: auto;\">\n<div style=\"width: 200px; height: 700px;\">\n<div class=\"rTableCell\">\n<div style=\"width: 190px\" class=\"wp-caption aligncenter\"><a href=\"https:\/\/www.finances.gov.ma\/fr\/SitePages\/Home.aspx\" target=\"_blank\" rel=\"noopener noreferrer\"><img loading=\"lazy\" decoding=\"async\" title=\"Minist\u00e8re de l'Economie et des Finances\" src=\"https:\/\/www.moroccodemia.com\/fr\/media\/2016\/04\/GovernmentDpartment-of-Finance.png\" alt=\"Minist\u00e8re de l'Economie et des Finances\" height=\"100\" width=\"180\" \/><\/a><p class=\"wp-caption-text\">Minist\u00e8re de l&rsquo;Economie et des Finances<\/p><\/div>\n<\/div>\n<div class=\"rTableCell\">\n<p><a href=\"http:\/\/ae.gov.ma\/\" target=\"_blank\" rel=\"noopener noreferrer\"><img loading=\"lazy\" decoding=\"async\" title=\"Auto-entrepreneur\" src=\"https:\/\/www.moroccodemia.com\/fr\/media\/2016\/04\/Auto-entrepneur.png\" alt=\"Auto-entrepreneur\" height=\"100\" width=\"180\" class=\"aligncenter\" \/><\/a><\/p>\n<\/div>\n<\/div>\n<\/div>\n<div class=\"arrow-up\" style=\"margin-left: auto; margin-right: auto;\"><\/div>\n<p><span style=\"font-family: verdana, geneva, sans-serif;\"><\/div><\/div><\/span><\/p>\n<hr \/>\n<h2 class=\"rTableHead\" style=\"text-align: center;\"><strong><span style=\"font-size: 14pt; font-family: verdana,geneva,sans-serif;\">Economie et Finance <span style=\"font-size: 10pt;\">au Maroc\/<\/span><\/span><\/strong><\/h2>\n<hr \/>\n<\/div>\n<\/div>\n<\/div>\n<\/div>\n","protected":false},"excerpt":{"rendered":"<p>Economie et Finances au Maroc Parcourir en arabeParcourir en anglais Quel le Minist\u00e8re de tutelle? Le Minist\u00e8re de l&rsquo;Economie et des Finances\u00a0est\u00a0le d\u00e9partement minist\u00e9riel\u00a0charg\u00e9 de\u00a0la gestion des finances\u00a0publiques et de la politique \u00e9conomique au Maroc. Minist\u00e8re de l&rsquo;Economie et des Finances &#8211; Rabat Mohamed Benchaaboun,\u00a0Ministre de l&rsquo;Economie et des Finances (Depuis 20 ao\u00fbt 2018) Abdelkader [&hellip;]<\/p>\n","protected":false},"author":1,"featured_media":0,"parent":0,"menu_order":0,"comment_status":"closed","ping_status":"closed","template":"","meta":{"footnotes":""},"class_list":["post-3388","page","type-page","status-publish","hentry"],"yoast_head":"<!-- This site is optimized with the Yoast SEO plugin v27.4 - https:\/\/yoast.com\/product\/yoast-seo-wordpress\/ -->\n<title>Economie et Finances au Maroc | moroccodemia fran\u00e7ais<\/title>\n<meta name=\"robots\" content=\"index, follow, max-snippet:-1, max-image-preview:large, max-video-preview:-1\" \/>\n<link rel=\"canonical\" href=\"https:\/\/www.moroccodemia.com\/fr\/economie-et-finance\/\" \/>\n<meta property=\"og:locale\" content=\"fr_FR\" \/>\n<meta property=\"og:type\" content=\"article\" \/>\n<meta property=\"og:title\" content=\"Economie et Finances au Maroc | moroccodemia fran\u00e7ais\" \/>\n<meta property=\"og:description\" content=\"Economie et Finances au Maroc Parcourir en arabeParcourir en anglais Quel le Minist\u00e8re de tutelle? Le Minist\u00e8re de l&rsquo;Economie et des Finances\u00a0est\u00a0le d\u00e9partement minist\u00e9riel\u00a0charg\u00e9 de\u00a0la gestion des finances\u00a0publiques et de la politique \u00e9conomique au Maroc. Minist\u00e8re de l&rsquo;Economie et des Finances &#8211; Rabat Mohamed Benchaaboun,\u00a0Ministre de l&rsquo;Economie et des Finances (Depuis 20 ao\u00fbt 2018) Abdelkader [&hellip;]\" \/>\n<meta property=\"og:url\" content=\"https:\/\/www.moroccodemia.com\/fr\/economie-et-finance\/\" \/>\n<meta property=\"og:site_name\" content=\"morocco academia french\" \/>\n<meta property=\"article:publisher\" content=\"https:\/\/www.facebook.com\/Morocco-academia-239938123438369\/\" \/>\n<meta property=\"article:modified_time\" content=\"2021-03-31T16:43:09+00:00\" \/>\n<meta property=\"og:image\" content=\"https:\/\/www.moroccodemia.com\/fr\/media\/2019\/01\/IconBlackBusiness.png\" \/>\n<meta name=\"twitter:card\" content=\"summary_large_image\" \/>\n<meta name=\"twitter:site\" content=\"@moroccodemia\" \/>\n<meta name=\"twitter:label1\" content=\"Dur\u00e9e de lecture estim\u00e9e\" \/>\n\t<meta name=\"twitter:data1\" content=\"6 minutes\" \/>\n<script type=\"application\/ld+json\" class=\"yoast-schema-graph\">{\"@context\":\"https:\\\/\\\/schema.org\",\"@graph\":[{\"@type\":\"WebPage\",\"@id\":\"https:\\\/\\\/www.moroccodemia.com\\\/fr\\\/economie-et-finance\\\/\",\"url\":\"https:\\\/\\\/www.moroccodemia.com\\\/fr\\\/economie-et-finance\\\/\",\"name\":\"Economie et Finances au Maroc | moroccodemia fran\u00e7ais\",\"isPartOf\":{\"@id\":\"https:\\\/\\\/www.moroccodemia.com\\\/fr\\\/#website\"},\"primaryImageOfPage\":{\"@id\":\"https:\\\/\\\/www.moroccodemia.com\\\/fr\\\/economie-et-finance\\\/#primaryimage\"},\"image\":{\"@id\":\"https:\\\/\\\/www.moroccodemia.com\\\/fr\\\/economie-et-finance\\\/#primaryimage\"},\"thumbnailUrl\":\"https:\\\/\\\/www.moroccodemia.com\\\/fr\\\/media\\\/2019\\\/01\\\/IconBlackBusiness.png\",\"datePublished\":\"2016-04-21T09:32:34+00:00\",\"dateModified\":\"2021-03-31T16:43:09+00:00\",\"breadcrumb\":{\"@id\":\"https:\\\/\\\/www.moroccodemia.com\\\/fr\\\/economie-et-finance\\\/#breadcrumb\"},\"inLanguage\":\"fr-FR\",\"potentialAction\":[{\"@type\":\"ReadAction\",\"target\":[\"https:\\\/\\\/www.moroccodemia.com\\\/fr\\\/economie-et-finance\\\/\"]}]},{\"@type\":\"ImageObject\",\"inLanguage\":\"fr-FR\",\"@id\":\"https:\\\/\\\/www.moroccodemia.com\\\/fr\\\/economie-et-finance\\\/#primaryimage\",\"url\":\"https:\\\/\\\/www.moroccodemia.com\\\/fr\\\/media\\\/2019\\\/01\\\/IconBlackBusiness.png\",\"contentUrl\":\"https:\\\/\\\/www.moroccodemia.com\\\/fr\\\/media\\\/2019\\\/01\\\/IconBlackBusiness.png\",\"width\":120,\"height\":120},{\"@type\":\"BreadcrumbList\",\"@id\":\"https:\\\/\\\/www.moroccodemia.com\\\/fr\\\/economie-et-finance\\\/#breadcrumb\",\"itemListElement\":[{\"@type\":\"ListItem\",\"position\":1,\"name\":\"Accueil\",\"item\":\"https:\\\/\\\/www.moroccodemia.com\\\/fr\\\/\"},{\"@type\":\"ListItem\",\"position\":2,\"name\":\"Economie et Finances au Maroc\"}]},{\"@type\":\"WebSite\",\"@id\":\"https:\\\/\\\/www.moroccodemia.com\\\/fr\\\/#website\",\"url\":\"https:\\\/\\\/www.moroccodemia.com\\\/fr\\\/\",\"name\":\"morocco academia french\",\"description\":\"L'information, tout simplement\",\"potentialAction\":[{\"@type\":\"SearchAction\",\"target\":{\"@type\":\"EntryPoint\",\"urlTemplate\":\"https:\\\/\\\/www.moroccodemia.com\\\/fr\\\/?s={search_term_string}\"},\"query-input\":{\"@type\":\"PropertyValueSpecification\",\"valueRequired\":true,\"valueName\":\"search_term_string\"}}],\"inLanguage\":\"fr-FR\"}]}<\/script>\n<!-- \/ Yoast SEO plugin. -->","yoast_head_json":{"title":"Economie et Finances au Maroc | moroccodemia fran\u00e7ais","robots":{"index":"index","follow":"follow","max-snippet":"max-snippet:-1","max-image-preview":"max-image-preview:large","max-video-preview":"max-video-preview:-1"},"canonical":"https:\/\/www.moroccodemia.com\/fr\/economie-et-finance\/","og_locale":"fr_FR","og_type":"article","og_title":"Economie et Finances au Maroc | moroccodemia fran\u00e7ais","og_description":"Economie et Finances au Maroc Parcourir en arabeParcourir en anglais Quel le Minist\u00e8re de tutelle? Le Minist\u00e8re de l&rsquo;Economie et des Finances\u00a0est\u00a0le d\u00e9partement minist\u00e9riel\u00a0charg\u00e9 de\u00a0la gestion des finances\u00a0publiques et de la politique \u00e9conomique au Maroc. Minist\u00e8re de l&rsquo;Economie et des Finances &#8211; Rabat Mohamed Benchaaboun,\u00a0Ministre de l&rsquo;Economie et des Finances (Depuis 20 ao\u00fbt 2018) Abdelkader [&hellip;]","og_url":"https:\/\/www.moroccodemia.com\/fr\/economie-et-finance\/","og_site_name":"morocco academia french","article_publisher":"https:\/\/www.facebook.com\/Morocco-academia-239938123438369\/","article_modified_time":"2021-03-31T16:43:09+00:00","og_image":[{"url":"https:\/\/www.moroccodemia.com\/fr\/media\/2019\/01\/IconBlackBusiness.png","type":"","width":"","height":""}],"twitter_card":"summary_large_image","twitter_site":"@moroccodemia","twitter_misc":{"Dur\u00e9e de lecture estim\u00e9e":"6 minutes"},"schema":{"@context":"https:\/\/schema.org","@graph":[{"@type":"WebPage","@id":"https:\/\/www.moroccodemia.com\/fr\/economie-et-finance\/","url":"https:\/\/www.moroccodemia.com\/fr\/economie-et-finance\/","name":"Economie et Finances au Maroc | moroccodemia fran\u00e7ais","isPartOf":{"@id":"https:\/\/www.moroccodemia.com\/fr\/#website"},"primaryImageOfPage":{"@id":"https:\/\/www.moroccodemia.com\/fr\/economie-et-finance\/#primaryimage"},"image":{"@id":"https:\/\/www.moroccodemia.com\/fr\/economie-et-finance\/#primaryimage"},"thumbnailUrl":"https:\/\/www.moroccodemia.com\/fr\/media\/2019\/01\/IconBlackBusiness.png","datePublished":"2016-04-21T09:32:34+00:00","dateModified":"2021-03-31T16:43:09+00:00","breadcrumb":{"@id":"https:\/\/www.moroccodemia.com\/fr\/economie-et-finance\/#breadcrumb"},"inLanguage":"fr-FR","potentialAction":[{"@type":"ReadAction","target":["https:\/\/www.moroccodemia.com\/fr\/economie-et-finance\/"]}]},{"@type":"ImageObject","inLanguage":"fr-FR","@id":"https:\/\/www.moroccodemia.com\/fr\/economie-et-finance\/#primaryimage","url":"https:\/\/www.moroccodemia.com\/fr\/media\/2019\/01\/IconBlackBusiness.png","contentUrl":"https:\/\/www.moroccodemia.com\/fr\/media\/2019\/01\/IconBlackBusiness.png","width":120,"height":120},{"@type":"BreadcrumbList","@id":"https:\/\/www.moroccodemia.com\/fr\/economie-et-finance\/#breadcrumb","itemListElement":[{"@type":"ListItem","position":1,"name":"Accueil","item":"https:\/\/www.moroccodemia.com\/fr\/"},{"@type":"ListItem","position":2,"name":"Economie et Finances au Maroc"}]},{"@type":"WebSite","@id":"https:\/\/www.moroccodemia.com\/fr\/#website","url":"https:\/\/www.moroccodemia.com\/fr\/","name":"morocco academia french","description":"L'information, tout simplement","potentialAction":[{"@type":"SearchAction","target":{"@type":"EntryPoint","urlTemplate":"https:\/\/www.moroccodemia.com\/fr\/?s={search_term_string}"},"query-input":{"@type":"PropertyValueSpecification","valueRequired":true,"valueName":"search_term_string"}}],"inLanguage":"fr-FR"}]}},"_links":{"self":[{"href":"https:\/\/www.moroccodemia.com\/fr\/wp-json\/wp\/v2\/pages\/3388","targetHints":{"allow":["GET"]}}],"collection":[{"href":"https:\/\/www.moroccodemia.com\/fr\/wp-json\/wp\/v2\/pages"}],"about":[{"href":"https:\/\/www.moroccodemia.com\/fr\/wp-json\/wp\/v2\/types\/page"}],"author":[{"embeddable":true,"href":"https:\/\/www.moroccodemia.com\/fr\/wp-json\/wp\/v2\/users\/1"}],"replies":[{"embeddable":true,"href":"https:\/\/www.moroccodemia.com\/fr\/wp-json\/wp\/v2\/comments?post=3388"}],"version-history":[{"count":3,"href":"https:\/\/www.moroccodemia.com\/fr\/wp-json\/wp\/v2\/pages\/3388\/revisions"}],"predecessor-version":[{"id":14216,"href":"https:\/\/www.moroccodemia.com\/fr\/wp-json\/wp\/v2\/pages\/3388\/revisions\/14216"}],"wp:attachment":[{"href":"https:\/\/www.moroccodemia.com\/fr\/wp-json\/wp\/v2\/media?parent=3388"}],"curies":[{"name":"wp","href":"https:\/\/api.w.org\/{rel}","templated":true}]}}