{"id":2954,"date":"2016-03-09T22:37:39","date_gmt":"2016-03-09T22:37:39","guid":{"rendered":"https:\/\/www.moroccodemia.com\/fr\/?page_id=2954"},"modified":"2019-02-21T19:11:05","modified_gmt":"2019-02-21T19:11:05","slug":"sondage-moroccodemia","status":"publish","type":"page","link":"https:\/\/www.moroccodemia.com\/fr\/sondage-moroccodemia\/","title":{"rendered":"Sondage moroccodemia"},"content":{"rendered":"<div class=\"rTable\">\n<div class=\"rTableBody\">\n<div class=\"rTableRow\">\n<div class=\"rTableHead\">\n<hr \/>\n<h1 class=\"h1pagetitle\" style=\"text-align: center;\"><span style=\"font-size: 14pt;\"><strong>Sondage <span style=\"font-size: 10pt;\">moroccodemia<\/span><\/strong><\/span><\/h1>\n<div class=\"dropdown1\"><span class=\"dropdown1\"><button class=\"dropbtn1\"><\/button><br \/>\n<span class=\"dropdown1-content\"><a href=\"https:\/\/www.moroccodemia.com\/ar\/%D8%A7%D8%B3%D8%AA%D8%B7%D9%84%D8%A7%D8%B9-%D9%84%D9%84%D8%B1%D8%A3%D9%8A-%D8%AD%D9%88%D9%84-%D8%A7%D9%84%D8%AA%D8%B9%D9%84%D9%8A%D9%85-%D8%A7%D9%84%D8%B9%D8%A7%D9%84%D9%8A-%D9%81%D9%8A-%D8%A7%D9%84\/\">Parcourir en arabe<\/a><a href=\"https:\/\/www.moroccodemia.com\/en\/moroccodemia-survey\/\">Parcourir en anglais<\/a><\/span><\/span><\/div>\n<hr \/>\n<div class=\"banner\"><img loading=\"lazy\" decoding=\"async\" src=\"https:\/\/www.moroccodemia.com\/fr\/media\/2019\/01\/IconBlackTickBox.png\" style=\"vertical-align: middle;\" alt=\"Sondage moroccodemia\" title=\"Sondage moroccodemia\" width=\"80\" height=\"80\"\/><\/div>\n<p><strong><span><span style=\"color: #ff6600; font-size: 36pt; font-family: verdana, geneva, sans-serif;\">\u2308 <\/span>\u00a0 <span style=\"font-family: verdana, geneva, sans-serif; font-size: 10pt;\">Les\u00a0universit\u00e9s publiques marocaines: <span style=\"background-color: #ffff00;\">D\u00e9fis<\/span><\/span>\u00a0 \u00a0<\/span><span style=\"color: #ff6600; font-size: 36pt; font-family: verdana, geneva, sans-serif;\">\u2309<\/span><\/strong><\/p>\n<p><span style=\"font-size: 10pt; font-family: verdana, geneva, sans-serif;\"><em style=\"font-family: verdana, geneva, sans-serif; font-size: 10pt;\">Moroccodemia<\/em><span face=\"verdana, geneva, sans-serif\"> organise des sondages p\u00e9riodiques autour\u00a0de sujets portant sur\u00a0l&rsquo;enseignement sup<\/span>\u00e9<span face=\"verdana, geneva, sans-serif\">rieur au\u00a0<span style=\"line-height: 20px;\">Maroc<\/span>.\u00a0<\/span>Nous vous invitons \u00e0 prendre quelques minutes pour r\u00e9pondre au pr\u00e9sent sondage\u00a0sur les\u00a0<span lang=\"fr\"><span style=\"background-color: #ffff00;\">d\u00e9fis\u00a0de\u00a0l&rsquo;universit\u00e9 publique marocaine<\/span>.<\/span><\/span><\/p>\n<p><span style=\"font-size: 10pt; font-family: verdana, geneva, sans-serif;\">\n<div class=\"wpcf7 no-js\" id=\"wpcf7-f2004-o1\" lang=\"fr-FR\" dir=\"ltr\" data-wpcf7-id=\"2004\">\n<div class=\"screen-reader-response\"><p role=\"status\" aria-live=\"polite\" aria-atomic=\"true\"><\/p> <ul><\/ul><\/div>\n<form action=\"\/fr\/wp-json\/wp\/v2\/pages\/2954#wpcf7-f2004-o1\" method=\"post\" class=\"wpcf7-form init\" aria-label=\"Formulaire de contact\" novalidate=\"novalidate\" data-status=\"init\">\n<fieldset class=\"hidden-fields-container\"><input type=\"hidden\" name=\"_wpcf7\" value=\"2004\" \/><input type=\"hidden\" name=\"_wpcf7_version\" value=\"6.1.5\" \/><input type=\"hidden\" name=\"_wpcf7_locale\" value=\"fr_FR\" \/><input type=\"hidden\" name=\"_wpcf7_unit_tag\" value=\"wpcf7-f2004-o1\" \/><input type=\"hidden\" name=\"_wpcf7_container_post\" value=\"0\" \/><input type=\"hidden\" name=\"_wpcf7_posted_data_hash\" value=\"\" \/><input type=\"hidden\" name=\"_wpcf7dtx_version\" value=\"5.0.5\" \/><input type=\"hidden\" name=\"_wpcf7_recaptcha_response\" value=\"\" \/>\n<\/fieldset>\n<span class=\"wpcf7-form-control-wrap chapter\" data-name=\"chapter\"><input type=\"hidden\" name=\"chapter\" class=\"wpcf7-form-control wpcf7-hidden wpcf7dtx wpcf7dtx-hidden\" aria-invalid=\"false\" value=\"Sondage moroccodemia\"><\/span>\n<p>Vous trouverez ci-apr\u00e8s une liste de facteurs qui ont contribu\u00e9 \u00e0 la crise que connait l'Universit\u00e9 Marocaine. Quel est selon vous le facteur le plus d\u00e9terminant?\n<\/p>\n<p><span class=\"wpcf7-form-control-wrap\" data-name=\"menu-596\"><select class=\"wpcf7-form-control wpcf7-select wpcf7-validates-as-required\" aria-required=\"true\" aria-invalid=\"false\" name=\"menu-596\"><option value=\"Choisir un facteur:\">Choisir un facteur:<\/option><option value=\"1.Le surnombre: trop d&#039;\u00e9tudiants et tr\u00e8s peux d&#039;enseignants.\">1.Le surnombre: trop d&#039;\u00e9tudiants et tr\u00e8s peux d&#039;enseignants.<\/option><option value=\"2.Surmenage: Longues heures pour les professeurs, administration d\u00e9bord\u00e9e et \u00e9tudiants face \u00e0 de multiples modules et unit\u00e9s.\">2.Surmenage: Longues heures pour les professeurs, administration d\u00e9bord\u00e9e et \u00e9tudiants face \u00e0 de multiples modules et unit\u00e9s.<\/option><option value=\"3.Faibles r\u00e9mun\u00e9rations: Enseignants et administrateurs mal payes et bouses d&#039;\u00e9tudes maigre.\">3.Faibles r\u00e9mun\u00e9rations: Enseignants et administrateurs mal payes et bouses d&#039;\u00e9tudes maigre.<\/option><option value=\"4.Baisse du niveau: Les \u00e9tudiants rejoignent l&#039;universit\u00e9 avec des niveaux bas et les professeurs manquent de formation ad\u00e9quate.\">4.Baisse du niveau: Les \u00e9tudiants rejoignent l&#039;universit\u00e9 avec des niveaux bas et les professeurs manquent de formation ad\u00e9quate.<\/option><option value=\"5.Infrastructure: Gros d\u00e9ficit d\u2019infrastructures de base.\">5.Infrastructure: Gros d\u00e9ficit d\u2019infrastructures de base.<\/option><option value=\"6.Ch\u00f4mage de dipl\u00f4m\u00e9s: Les porteurs de dipl\u00f4mes n&#039;arrive pas a trouver du travail.\">6.Ch\u00f4mage de dipl\u00f4m\u00e9s: Les porteurs de dipl\u00f4mes n&#039;arrive pas a trouver du travail.<\/option><\/select><\/span>\n<\/p>\n<p>Vous \u00eates:\n<\/p>\n<p><span class=\"wpcf7-form-control-wrap\" data-name=\"checkbox-431\"><span class=\"wpcf7-form-control wpcf7-checkbox\"><span class=\"wpcf7-list-item first\"><input type=\"checkbox\" name=\"checkbox-431[]\" value=\"Etudiant\" \/><span class=\"wpcf7-list-item-label\">Etudiant<\/span><\/span><span class=\"wpcf7-list-item\"><input type=\"checkbox\" name=\"checkbox-431[]\" value=\"Chercheur\" \/><span class=\"wpcf7-list-item-label\">Chercheur<\/span><\/span><span class=\"wpcf7-list-item\"><input type=\"checkbox\" name=\"checkbox-431[]\" value=\"Administrateur\" \/><span class=\"wpcf7-list-item-label\">Administrateur<\/span><\/span><span class=\"wpcf7-list-item\"><input type=\"checkbox\" name=\"checkbox-431[]\" value=\"Employeur\" \/><span class=\"wpcf7-list-item-label\">Employeur<\/span><\/span><span class=\"wpcf7-list-item last\"><input type=\"checkbox\" name=\"checkbox-431[]\" value=\"Acteur civique\" \/><span class=\"wpcf7-list-item-label\">Acteur civique<\/span><\/span><\/span><\/span>\n<\/p>\n<p>Ajouter un commentaire:\n<\/p>\n<p><span class=\"wpcf7-form-control-wrap\" data-name=\"your-message\"><textarea cols=\"40\" rows=\"10\" maxlength=\"2000\" class=\"wpcf7-form-control wpcf7-textarea\" aria-invalid=\"false\" name=\"your-message\"><\/textarea><\/span>\n<\/p>\n<p>*Votre nom:\n<\/p>\n<p><span class=\"wpcf7-form-control-wrap\" data-name=\"your-name\"><input size=\"40\" maxlength=\"400\" class=\"wpcf7-form-control wpcf7-text wpcf7-validates-as-required\" aria-required=\"true\" aria-invalid=\"false\" value=\"\" type=\"text\" name=\"your-name\" \/><\/span>\n<\/p>\n<p>*Votre email:\n<\/p>\n<p><span class=\"wpcf7-form-control-wrap\" data-name=\"your-email\"><input size=\"40\" maxlength=\"400\" class=\"wpcf7-form-control wpcf7-email wpcf7-validates-as-required wpcf7-text wpcf7-validates-as-email\" aria-required=\"true\" aria-invalid=\"false\" value=\"\" type=\"email\" name=\"your-email\" \/><\/span>\n<\/p>\n<p>[cf7sr-simple-recaptcha]\n<\/p>\n<p><input class=\"wpcf7-form-control wpcf7-submit has-spinner\" type=\"submit\" value=\"Envoyer\" \/>\n<\/p><div class=\"wpcf7-response-output\" aria-hidden=\"true\"><\/div>\n<\/form>\n<\/div>\n<\/span><\/p>\n<p><a href=\"http:\/\/www.moroccodemia.com\"><img loading=\"lazy\" decoding=\"async\" src=\"https:\/\/www.moroccodemia.com\/fr\/media\/2016\/10\/Moroccodemia-Logo.png\" alt=\"moroccodemia Logo\" width=\"724\" height=\"531\" class=\"aligncenter wp-image-5747 size-full\" title=\"moroccodemia Logo\" srcset=\"https:\/\/www.moroccodemia.com\/fr\/media\/2016\/10\/Moroccodemia-Logo.png 724w, https:\/\/www.moroccodemia.com\/fr\/media\/2016\/10\/Moroccodemia-Logo-300x220.png 300w, https:\/\/www.moroccodemia.com\/fr\/media\/2016\/10\/Moroccodemia-Logo-135x100.png 135w\" sizes=\"auto, (max-width: 724px) 100vw, 724px\" \/><\/a><\/p>\n<hr \/>\n<h2 dir=\"ltr\" style=\"text-align: center;\"><strong><span style=\"font-family: verdana, geneva, sans-serif; font-size: 14pt; color: #000000;\">Sondage <span style=\"font-size: 10pt;\">moroccodemia\/<\/span><\/span><\/strong><\/h2>\n<hr \/>\n<\/div>\n<\/div>\n<\/div>\n<\/div>\n","protected":false},"excerpt":{"rendered":"<p>Sondage moroccodemia Parcourir en arabeParcourir en anglais \u2308 \u00a0 Les\u00a0universit\u00e9s publiques marocaines: D\u00e9fis\u00a0 \u00a0\u2309 Moroccodemia organise des sondages p\u00e9riodiques autour\u00a0de sujets portant sur\u00a0l&rsquo;enseignement sup\u00e9rieur au\u00a0Maroc.\u00a0Nous vous invitons \u00e0 prendre quelques minutes pour r\u00e9pondre au pr\u00e9sent sondage\u00a0sur les\u00a0d\u00e9fis\u00a0de\u00a0l&rsquo;universit\u00e9 publique marocaine. Sondage moroccodemia\/<\/p>\n","protected":false},"author":1,"featured_media":0,"parent":0,"menu_order":0,"comment_status":"closed","ping_status":"closed","template":"","meta":{"footnotes":""},"class_list":["post-2954","page","type-page","status-publish","hentry"],"yoast_head":"<!-- This site is optimized with the Yoast SEO plugin v27.4 - https:\/\/yoast.com\/product\/yoast-seo-wordpress\/ -->\n<title>Sondage sur les d\u00e9fis de l&#039;universit\u00e9 publique marocaine<\/title>\n<meta name=\"robots\" content=\"index, follow, max-snippet:-1, max-image-preview:large, max-video-preview:-1\" \/>\n<link rel=\"canonical\" href=\"https:\/\/www.moroccodemia.com\/fr\/sondage-moroccodemia\/\" \/>\n<meta property=\"og:locale\" content=\"fr_FR\" \/>\n<meta property=\"og:type\" content=\"article\" \/>\n<meta property=\"og:title\" content=\"Sondage sur les d\u00e9fis de l&#039;universit\u00e9 publique marocaine\" \/>\n<meta property=\"og:description\" content=\"Sondage moroccodemia Parcourir en arabeParcourir en anglais \u2308 \u00a0 Les\u00a0universit\u00e9s publiques marocaines: D\u00e9fis\u00a0 \u00a0\u2309 Moroccodemia organise des sondages p\u00e9riodiques autour\u00a0de sujets portant sur\u00a0l&rsquo;enseignement sup\u00e9rieur au\u00a0Maroc.\u00a0Nous vous invitons \u00e0 prendre quelques minutes pour r\u00e9pondre au pr\u00e9sent sondage\u00a0sur les\u00a0d\u00e9fis\u00a0de\u00a0l&rsquo;universit\u00e9 publique marocaine. Sondage moroccodemia\/\" \/>\n<meta property=\"og:url\" content=\"https:\/\/www.moroccodemia.com\/fr\/sondage-moroccodemia\/\" \/>\n<meta property=\"og:site_name\" content=\"morocco academia french\" \/>\n<meta property=\"article:publisher\" content=\"https:\/\/www.facebook.com\/Morocco-academia-239938123438369\/\" \/>\n<meta property=\"article:modified_time\" content=\"2019-02-21T19:11:05+00:00\" \/>\n<meta property=\"og:image\" content=\"https:\/\/www.moroccodemia.com\/fr\/media\/2019\/01\/IconBlackTickBox.png\" \/>\n<meta name=\"twitter:card\" content=\"summary_large_image\" \/>\n<meta name=\"twitter:site\" content=\"@moroccodemia\" \/>\n<script type=\"application\/ld+json\" class=\"yoast-schema-graph\">{\"@context\":\"https:\\\/\\\/schema.org\",\"@graph\":[{\"@type\":\"WebPage\",\"@id\":\"https:\\\/\\\/www.moroccodemia.com\\\/fr\\\/sondage-moroccodemia\\\/\",\"url\":\"https:\\\/\\\/www.moroccodemia.com\\\/fr\\\/sondage-moroccodemia\\\/\",\"name\":\"Sondage sur les d\u00e9fis de l'universit\u00e9 publique marocaine\",\"isPartOf\":{\"@id\":\"https:\\\/\\\/www.moroccodemia.com\\\/fr\\\/#website\"},\"primaryImageOfPage\":{\"@id\":\"https:\\\/\\\/www.moroccodemia.com\\\/fr\\\/sondage-moroccodemia\\\/#primaryimage\"},\"image\":{\"@id\":\"https:\\\/\\\/www.moroccodemia.com\\\/fr\\\/sondage-moroccodemia\\\/#primaryimage\"},\"thumbnailUrl\":\"https:\\\/\\\/www.moroccodemia.com\\\/fr\\\/media\\\/2019\\\/01\\\/IconBlackTickBox.png\",\"datePublished\":\"2016-03-09T22:37:39+00:00\",\"dateModified\":\"2019-02-21T19:11:05+00:00\",\"breadcrumb\":{\"@id\":\"https:\\\/\\\/www.moroccodemia.com\\\/fr\\\/sondage-moroccodemia\\\/#breadcrumb\"},\"inLanguage\":\"fr-FR\",\"potentialAction\":[{\"@type\":\"ReadAction\",\"target\":[\"https:\\\/\\\/www.moroccodemia.com\\\/fr\\\/sondage-moroccodemia\\\/\"]}]},{\"@type\":\"ImageObject\",\"inLanguage\":\"fr-FR\",\"@id\":\"https:\\\/\\\/www.moroccodemia.com\\\/fr\\\/sondage-moroccodemia\\\/#primaryimage\",\"url\":\"https:\\\/\\\/www.moroccodemia.com\\\/fr\\\/media\\\/2019\\\/01\\\/IconBlackTickBox.png\",\"contentUrl\":\"https:\\\/\\\/www.moroccodemia.com\\\/fr\\\/media\\\/2019\\\/01\\\/IconBlackTickBox.png\",\"width\":100,\"height\":100},{\"@type\":\"BreadcrumbList\",\"@id\":\"https:\\\/\\\/www.moroccodemia.com\\\/fr\\\/sondage-moroccodemia\\\/#breadcrumb\",\"itemListElement\":[{\"@type\":\"ListItem\",\"position\":1,\"name\":\"Accueil\",\"item\":\"https:\\\/\\\/www.moroccodemia.com\\\/fr\\\/\"},{\"@type\":\"ListItem\",\"position\":2,\"name\":\"Sondage moroccodemia\"}]},{\"@type\":\"WebSite\",\"@id\":\"https:\\\/\\\/www.moroccodemia.com\\\/fr\\\/#website\",\"url\":\"https:\\\/\\\/www.moroccodemia.com\\\/fr\\\/\",\"name\":\"morocco academia french\",\"description\":\"L'information, tout simplement\",\"potentialAction\":[{\"@type\":\"SearchAction\",\"target\":{\"@type\":\"EntryPoint\",\"urlTemplate\":\"https:\\\/\\\/www.moroccodemia.com\\\/fr\\\/?s={search_term_string}\"},\"query-input\":{\"@type\":\"PropertyValueSpecification\",\"valueRequired\":true,\"valueName\":\"search_term_string\"}}],\"inLanguage\":\"fr-FR\"}]}<\/script>\n<!-- \/ Yoast SEO plugin. -->","yoast_head_json":{"title":"Sondage sur les d\u00e9fis de l'universit\u00e9 publique marocaine","robots":{"index":"index","follow":"follow","max-snippet":"max-snippet:-1","max-image-preview":"max-image-preview:large","max-video-preview":"max-video-preview:-1"},"canonical":"https:\/\/www.moroccodemia.com\/fr\/sondage-moroccodemia\/","og_locale":"fr_FR","og_type":"article","og_title":"Sondage sur les d\u00e9fis de l'universit\u00e9 publique marocaine","og_description":"Sondage moroccodemia Parcourir en arabeParcourir en anglais \u2308 \u00a0 Les\u00a0universit\u00e9s publiques marocaines: D\u00e9fis\u00a0 \u00a0\u2309 Moroccodemia organise des sondages p\u00e9riodiques autour\u00a0de sujets portant sur\u00a0l&rsquo;enseignement sup\u00e9rieur au\u00a0Maroc.\u00a0Nous vous invitons \u00e0 prendre quelques minutes pour r\u00e9pondre au pr\u00e9sent sondage\u00a0sur les\u00a0d\u00e9fis\u00a0de\u00a0l&rsquo;universit\u00e9 publique marocaine. Sondage moroccodemia\/","og_url":"https:\/\/www.moroccodemia.com\/fr\/sondage-moroccodemia\/","og_site_name":"morocco academia french","article_publisher":"https:\/\/www.facebook.com\/Morocco-academia-239938123438369\/","article_modified_time":"2019-02-21T19:11:05+00:00","og_image":[{"url":"https:\/\/www.moroccodemia.com\/fr\/media\/2019\/01\/IconBlackTickBox.png","type":"","width":"","height":""}],"twitter_card":"summary_large_image","twitter_site":"@moroccodemia","schema":{"@context":"https:\/\/schema.org","@graph":[{"@type":"WebPage","@id":"https:\/\/www.moroccodemia.com\/fr\/sondage-moroccodemia\/","url":"https:\/\/www.moroccodemia.com\/fr\/sondage-moroccodemia\/","name":"Sondage sur les d\u00e9fis de l'universit\u00e9 publique marocaine","isPartOf":{"@id":"https:\/\/www.moroccodemia.com\/fr\/#website"},"primaryImageOfPage":{"@id":"https:\/\/www.moroccodemia.com\/fr\/sondage-moroccodemia\/#primaryimage"},"image":{"@id":"https:\/\/www.moroccodemia.com\/fr\/sondage-moroccodemia\/#primaryimage"},"thumbnailUrl":"https:\/\/www.moroccodemia.com\/fr\/media\/2019\/01\/IconBlackTickBox.png","datePublished":"2016-03-09T22:37:39+00:00","dateModified":"2019-02-21T19:11:05+00:00","breadcrumb":{"@id":"https:\/\/www.moroccodemia.com\/fr\/sondage-moroccodemia\/#breadcrumb"},"inLanguage":"fr-FR","potentialAction":[{"@type":"ReadAction","target":["https:\/\/www.moroccodemia.com\/fr\/sondage-moroccodemia\/"]}]},{"@type":"ImageObject","inLanguage":"fr-FR","@id":"https:\/\/www.moroccodemia.com\/fr\/sondage-moroccodemia\/#primaryimage","url":"https:\/\/www.moroccodemia.com\/fr\/media\/2019\/01\/IconBlackTickBox.png","contentUrl":"https:\/\/www.moroccodemia.com\/fr\/media\/2019\/01\/IconBlackTickBox.png","width":100,"height":100},{"@type":"BreadcrumbList","@id":"https:\/\/www.moroccodemia.com\/fr\/sondage-moroccodemia\/#breadcrumb","itemListElement":[{"@type":"ListItem","position":1,"name":"Accueil","item":"https:\/\/www.moroccodemia.com\/fr\/"},{"@type":"ListItem","position":2,"name":"Sondage moroccodemia"}]},{"@type":"WebSite","@id":"https:\/\/www.moroccodemia.com\/fr\/#website","url":"https:\/\/www.moroccodemia.com\/fr\/","name":"morocco academia french","description":"L'information, tout simplement","potentialAction":[{"@type":"SearchAction","target":{"@type":"EntryPoint","urlTemplate":"https:\/\/www.moroccodemia.com\/fr\/?s={search_term_string}"},"query-input":{"@type":"PropertyValueSpecification","valueRequired":true,"valueName":"search_term_string"}}],"inLanguage":"fr-FR"}]}},"_links":{"self":[{"href":"https:\/\/www.moroccodemia.com\/fr\/wp-json\/wp\/v2\/pages\/2954","targetHints":{"allow":["GET"]}}],"collection":[{"href":"https:\/\/www.moroccodemia.com\/fr\/wp-json\/wp\/v2\/pages"}],"about":[{"href":"https:\/\/www.moroccodemia.com\/fr\/wp-json\/wp\/v2\/types\/page"}],"author":[{"embeddable":true,"href":"https:\/\/www.moroccodemia.com\/fr\/wp-json\/wp\/v2\/users\/1"}],"replies":[{"embeddable":true,"href":"https:\/\/www.moroccodemia.com\/fr\/wp-json\/wp\/v2\/comments?post=2954"}],"version-history":[{"count":3,"href":"https:\/\/www.moroccodemia.com\/fr\/wp-json\/wp\/v2\/pages\/2954\/revisions"}],"predecessor-version":[{"id":11827,"href":"https:\/\/www.moroccodemia.com\/fr\/wp-json\/wp\/v2\/pages\/2954\/revisions\/11827"}],"wp:attachment":[{"href":"https:\/\/www.moroccodemia.com\/fr\/wp-json\/wp\/v2\/media?parent=2954"}],"curies":[{"name":"wp","href":"https:\/\/api.w.org\/{rel}","templated":true}]}}