{"id":2235,"date":"2016-01-04T10:44:03","date_gmt":"2016-01-04T10:44:03","guid":{"rendered":"https:\/\/www.moroccodemia.com\/fr\/?page_id=2235"},"modified":"2021-05-11T20:32:12","modified_gmt":"2021-05-11T20:32:12","slug":"liste-des-etablissements-de-lenseignement-superieur-prives-au-maroc-par-ville","status":"publish","type":"page","link":"https:\/\/www.moroccodemia.com\/fr\/liste-des-etablissements-de-lenseignement-superieur-prives-au-maroc-par-ville\/","title":{"rendered":"Liste des \u00e9tablissements de l&rsquo;enseignement sup\u00e9rieur priv\u00e9s au Maroc par ville"},"content":{"rendered":"<div class=\"rTable\" style=\"text-align: left;\" dir=\"ltr\">\n<div class=\"rTableBody\">\n<div class=\"rTableRow\">\n<div class=\"rTableHead\">\n<hr>\n<h1 class=\"h1pagetitle\">Liste des \u00e9tablissements de l&rsquo;enseignement sup\u00e9rieur priv\u00e9s au Maroc par ville<\/h1>\n<hr>\n<div class=\"banner\"><img loading=\"lazy\" decoding=\"async\" class=\"banner-image\" src=\"https:\/\/www.moroccodemia.com\/fr\/media\/2019\/01\/IconBlackCollege.png\" style=\"vertical-align: middle;\" alt=\"Icon: Higher Education Institution\" title=\"Liste des \u00e9tablissements de l'enseignement sup\u00e9rieur priv\u00e9s au Maroc par ville\" width=\"80\" height=\"80\"><\/div>\n<h2 class=\"h2MainContent\">Etablissements de L&rsquo;enseignement sup\u00e9rieur priv\u00e9s au Maroc par ville<\/h2>\n<p><a href=\"liste-des-etablissements-de-lenseignement-superieur-prives-a-tanger\/\"><img loading=\"lazy\" decoding=\"async\" src=\"https:\/\/www.moroccodemia.com\/fr\/media\/2021\/04\/InstitHigher-EdClipartSchool-and-bannerTangier.png\" alt=\"\" width=\"600\" height=\"400\" class=\"aligncenter wp-image-14806 size-full\" title=\"Etablissements de l'enseignement sup\u00e9rieur priv\u00e9s \u00e0 Tanger\" srcset=\"https:\/\/www.moroccodemia.com\/fr\/media\/2021\/04\/InstitHigher-EdClipartSchool-and-bannerTangier.png 600w, https:\/\/www.moroccodemia.com\/fr\/media\/2021\/04\/InstitHigher-EdClipartSchool-and-bannerTangier-300x200.png 300w\" sizes=\"auto, (max-width: 600px) 100vw, 600px\" \/><\/a><\/p>\n<p><a href=\"liste-des-etablissements-de-lenseignement-superieur-prives-a-nador\/\"><img loading=\"lazy\" decoding=\"async\" src=\"https:\/\/www.moroccodemia.com\/fr\/media\/2021\/04\/InstitHigher-EdClipartSchool-and-bannerNador.png\" alt=\"\" width=\"600\" height=\"400\" class=\"aligncenter wp-image-14807 size-full\" title=\"Etablissements de l'enseignement sup\u00e9rieur priv\u00e9s \u00e0 Nador\" srcset=\"https:\/\/www.moroccodemia.com\/fr\/media\/2021\/04\/InstitHigher-EdClipartSchool-and-bannerNador.png 600w, https:\/\/www.moroccodemia.com\/fr\/media\/2021\/04\/InstitHigher-EdClipartSchool-and-bannerNador-300x200.png 300w\" sizes=\"auto, (max-width: 600px) 100vw, 600px\" \/><\/a><\/p>\n<p><a href=\"liste-des-etablissements-de-lenseignement-superieur-prives-a-fes\/\"><img loading=\"lazy\" decoding=\"async\" src=\"https:\/\/www.moroccodemia.com\/fr\/media\/2021\/04\/InstitHigher-EdClipartSchool-and-bannerFes.png\" alt=\"\" width=\"600\" height=\"400\" class=\"aligncenter wp-image-14808 size-full\" title=\"Etablissements de l'enseignement sup\u00e9rieur priv\u00e9s \u00e0 F\u00e9s\" srcset=\"https:\/\/www.moroccodemia.com\/fr\/media\/2021\/04\/InstitHigher-EdClipartSchool-and-bannerFes.png 600w, https:\/\/www.moroccodemia.com\/fr\/media\/2021\/04\/InstitHigher-EdClipartSchool-and-bannerFes-300x200.png 300w\" sizes=\"auto, (max-width: 600px) 100vw, 600px\" \/><\/a><\/p>\n<p><a href=\"liste-des-etablissements-de-lenseignement-superieur-prives-a-fes\/\"><img loading=\"lazy\" decoding=\"async\" src=\"https:\/\/www.moroccodemia.com\/fr\/media\/2021\/04\/InstitHigher-EdClipartSchool-and-bannerMeknes.png\" alt=\"\" width=\"600\" height=\"400\" class=\"aligncenter wp-image-14809 size-full\" title=\"Etablissements de l'enseignement sup\u00e9rieur priv\u00e9s \u00e0 Mekn\u00e8s\" srcset=\"https:\/\/www.moroccodemia.com\/fr\/media\/2021\/04\/InstitHigher-EdClipartSchool-and-bannerMeknes.png 600w, https:\/\/www.moroccodemia.com\/fr\/media\/2021\/04\/InstitHigher-EdClipartSchool-and-bannerMeknes-300x200.png 300w\" sizes=\"auto, (max-width: 600px) 100vw, 600px\" \/><\/a><\/p>\n<p><a href=\"liste-des-etablissements-de-lenseignement-superieur-prives-a-oujda\/\"><img loading=\"lazy\" decoding=\"async\" src=\"https:\/\/www.moroccodemia.com\/fr\/media\/2021\/04\/InstitHigher-EdClipartSchool-and-bannerOujda.png\" alt=\"\" width=\"600\" height=\"400\" class=\"aligncenter wp-image-14810 size-full\" title=\"Etablissements de l'enseignement sup\u00e9rieur priv\u00e9s \u00e0 Oujda\" srcset=\"https:\/\/www.moroccodemia.com\/fr\/media\/2021\/04\/InstitHigher-EdClipartSchool-and-bannerOujda.png 600w, https:\/\/www.moroccodemia.com\/fr\/media\/2021\/04\/InstitHigher-EdClipartSchool-and-bannerOujda-300x200.png 300w\" sizes=\"auto, (max-width: 600px) 100vw, 600px\" \/><\/a><\/p>\n<p><a href=\"https:\/\/www.moroccodemia.com\/fr\/liste-des-etablissements-de-lenseignement-superieur-prives-a-beni-mellal\/\"><img loading=\"lazy\" decoding=\"async\" src=\"https:\/\/www.moroccodemia.com\/fr\/media\/2021\/04\/InstitHigher-EdClipartSchool-and-bannerBeni-Mellal.png\" alt=\"\" width=\"600\" height=\"400\" class=\"aligncenter wp-image-14811 size-full\" title=\"Etablissements de l'enseignement sup\u00e9rieur priv\u00e9s \u00e0 Beni Mellal\" srcset=\"https:\/\/www.moroccodemia.com\/fr\/media\/2021\/04\/InstitHigher-EdClipartSchool-and-bannerBeni-Mellal.png 600w, https:\/\/www.moroccodemia.com\/fr\/media\/2021\/04\/InstitHigher-EdClipartSchool-and-bannerBeni-Mellal-300x200.png 300w\" sizes=\"auto, (max-width: 600px) 100vw, 600px\" \/><\/a><\/p>\n<p><a href=\"https:\/\/www.moroccodemia.com\/fr\/liste-des-etablissements-de-lenseignement-superieur-prives-a-beni-mellal\/\"><img loading=\"lazy\" decoding=\"async\" src=\"https:\/\/www.moroccodemia.com\/fr\/media\/2021\/04\/InstitHigher-EdClipartSchool-and-bannerKenitra.png\" alt=\"\" width=\"600\" height=\"400\" class=\"aligncenter wp-image-14812 size-full\" title=\"Etablissements de l'enseignement sup\u00e9rieur priv\u00e9s \u00e0 Kenitra\" srcset=\"https:\/\/www.moroccodemia.com\/fr\/media\/2021\/04\/InstitHigher-EdClipartSchool-and-bannerKenitra.png 600w, https:\/\/www.moroccodemia.com\/fr\/media\/2021\/04\/InstitHigher-EdClipartSchool-and-bannerKenitra-300x200.png 300w\" sizes=\"auto, (max-width: 600px) 100vw, 600px\" \/><\/a><\/p>\n<p><a href=\"https:\/\/www.moroccodemia.com\/fr\/liste-des-etablissements-de-lenseignement-superieur-prives-a-beni-mellal\/\"><img loading=\"lazy\" decoding=\"async\" src=\"https:\/\/www.moroccodemia.com\/fr\/media\/2021\/04\/InstitHigher-EdClipartSchool-and-bannerRabat.png\" alt=\"\" width=\"600\" height=\"400\" class=\"aligncenter wp-image-14813 size-full\" title=\"Etablissements de l'enseignement sup\u00e9rieur priv\u00e9s \u00e0 Rabat\" srcset=\"https:\/\/www.moroccodemia.com\/fr\/media\/2021\/04\/InstitHigher-EdClipartSchool-and-bannerRabat.png 600w, https:\/\/www.moroccodemia.com\/fr\/media\/2021\/04\/InstitHigher-EdClipartSchool-and-bannerRabat-300x200.png 300w\" sizes=\"auto, (max-width: 600px) 100vw, 600px\" \/><\/a><\/p>\n<p><a href=\"https:\/\/www.moroccodemia.com\/fr\/liste-des-etablissements-de-lenseignement-superieur-prives-a-beni-mellal\/\"><img loading=\"lazy\" decoding=\"async\" src=\"https:\/\/www.moroccodemia.com\/fr\/media\/2021\/04\/InstitHigher-EdClipartSchool-and-bannerMohammadia.png\" alt=\"\" width=\"600\" height=\"400\" class=\"aligncenter wp-image-14814 size-full\" title=\"Etablissements de l'enseignement sup\u00e9rieur priv\u00e9s \u00e0 Mohammadia\" srcset=\"https:\/\/www.moroccodemia.com\/fr\/media\/2021\/04\/InstitHigher-EdClipartSchool-and-bannerMohammadia.png 600w, https:\/\/www.moroccodemia.com\/fr\/media\/2021\/04\/InstitHigher-EdClipartSchool-and-bannerMohammadia-300x200.png 300w\" sizes=\"auto, (max-width: 600px) 100vw, 600px\" \/><\/a><\/p>\n<p><a href=\"liste-des-etablissements-de-lenseignement-superieur-prives-a-beni-casablanca\/\"><img loading=\"lazy\" decoding=\"async\" src=\"https:\/\/www.moroccodemia.com\/fr\/media\/2021\/04\/InstitHigher-EdClipartSchool-and-bannerCasablanca.png\" alt=\"\" width=\"600\" height=\"400\" class=\"aligncenter wp-image-14815 size-full\" title=\"Etablissements de l'enseignement sup\u00e9rieur priv\u00e9s \u00e0 Casablanca\" srcset=\"https:\/\/www.moroccodemia.com\/fr\/media\/2021\/04\/InstitHigher-EdClipartSchool-and-bannerCasablanca.png 600w, https:\/\/www.moroccodemia.com\/fr\/media\/2021\/04\/InstitHigher-EdClipartSchool-and-bannerCasablanca-300x200.png 300w\" sizes=\"auto, (max-width: 600px) 100vw, 600px\" \/><\/a><\/p>\n<p><a href=\"liste-des-etablissements-de-lenseignement-superieur-prives-a-eljadida\/\"><img loading=\"lazy\" decoding=\"async\" src=\"https:\/\/www.moroccodemia.com\/fr\/media\/2021\/04\/InstitHigher-EdClipartSchool-and-bannerEljadida.png\" alt=\"\" width=\"600\" height=\"400\" class=\"aligncenter wp-image-14816 size-full\" title=\"Etablissements de l'enseignement sup\u00e9rieur priv\u00e9s \u00e0 Eljadida\" srcset=\"https:\/\/www.moroccodemia.com\/fr\/media\/2021\/04\/InstitHigher-EdClipartSchool-and-bannerEljadida.png 600w, https:\/\/www.moroccodemia.com\/fr\/media\/2021\/04\/InstitHigher-EdClipartSchool-and-bannerEljadida-300x200.png 300w\" sizes=\"auto, (max-width: 600px) 100vw, 600px\" \/><\/a><\/p>\n<p><a href=\"liste-des-etablissements-de-lenseignement-superieur-prives-a-settat\/\"><img loading=\"lazy\" decoding=\"async\" src=\"https:\/\/www.moroccodemia.com\/fr\/media\/2021\/04\/InstitHigher-EdClipartSchool-and-bannerSettat.png\" alt=\"\" width=\"600\" height=\"400\" class=\"aligncenter wp-image-14817 size-full\" title=\"Etablissements de l'enseignement sup\u00e9rieur priv\u00e9s \u00e0 Settat\" srcset=\"https:\/\/www.moroccodemia.com\/fr\/media\/2021\/04\/InstitHigher-EdClipartSchool-and-bannerSettat.png 600w, https:\/\/www.moroccodemia.com\/fr\/media\/2021\/04\/InstitHigher-EdClipartSchool-and-bannerSettat-300x200.png 300w\" sizes=\"auto, (max-width: 600px) 100vw, 600px\" \/><\/a><\/p>\n<p><a href=\"liste-des-etablissements-de-lenseignement-superieur-prives-a-safi\/\"><img loading=\"lazy\" decoding=\"async\" src=\"https:\/\/www.moroccodemia.com\/fr\/media\/2021\/04\/InstitHigher-EdClipartSchool-and-bannerSafi.png\" alt=\"\" width=\"600\" height=\"400\" class=\"aligncenter wp-image-14818 size-full\" title=\"Etablissements de l'enseignement sup\u00e9rieur priv\u00e9s \u00e0 Safi\" srcset=\"https:\/\/www.moroccodemia.com\/fr\/media\/2021\/04\/InstitHigher-EdClipartSchool-and-bannerSafi.png 600w, https:\/\/www.moroccodemia.com\/fr\/media\/2021\/04\/InstitHigher-EdClipartSchool-and-bannerSafi-300x200.png 300w\" sizes=\"auto, (max-width: 600px) 100vw, 600px\" \/><\/a><\/p>\n<p><a href=\"liste-des-etablissements-de-lenseignement-superieur-prives-a-marrakech\/\"><img loading=\"lazy\" decoding=\"async\" src=\"https:\/\/www.moroccodemia.com\/fr\/media\/2021\/04\/InstitHigher-EdClipartSchool-and-bannerMarrakech.png\" alt=\"\" width=\"600\" height=\"400\" class=\"aligncenter wp-image-14819 size-full\" title=\"Etablissements de l'enseignement sup\u00e9rieur priv\u00e9s \u00e0 Marrakech\" srcset=\"https:\/\/www.moroccodemia.com\/fr\/media\/2021\/04\/InstitHigher-EdClipartSchool-and-bannerMarrakech.png 600w, https:\/\/www.moroccodemia.com\/fr\/media\/2021\/04\/InstitHigher-EdClipartSchool-and-bannerMarrakech-300x200.png 300w\" sizes=\"auto, (max-width: 600px) 100vw, 600px\" \/><\/a><\/p>\n<p><a href=\"liste-des-etablissements-de-lenseignement-superieur-prives-a-agadir\/\"><img loading=\"lazy\" decoding=\"async\" src=\"https:\/\/www.moroccodemia.com\/fr\/media\/2021\/04\/InstitHigher-EdClipartSchool-and-bannerAgadir.png\" alt=\"\" width=\"600\" height=\"400\" class=\"aligncenter wp-image-14820 size-full\" title=\"Etablissements de l'enseignement sup\u00e9rieur priv\u00e9s \u00e0 Agadir\" srcset=\"https:\/\/www.moroccodemia.com\/fr\/media\/2021\/04\/InstitHigher-EdClipartSchool-and-bannerAgadir.png 600w, https:\/\/www.moroccodemia.com\/fr\/media\/2021\/04\/InstitHigher-EdClipartSchool-and-bannerAgadir-300x200.png 300w\" sizes=\"auto, (max-width: 600px) 100vw, 600px\" \/><\/a><\/p>\n<hr>\n<h2 style=\"text-align: center;\"><span style=\"font-family: verdana,geneva,sans-serif; font-size: 14pt;\">Etablissements Priv\u00e9s\/<span style=\"font-size: 10pt;\">Liste\/<\/span><\/span><\/h2>\n<hr>\n<\/div>\n<\/div>\n<\/div>\n<\/div>\n","protected":false},"excerpt":{"rendered":"<p>Liste des \u00e9tablissements de l&rsquo;enseignement sup\u00e9rieur priv\u00e9s au Maroc par ville Etablissements de L&rsquo;enseignement sup\u00e9rieur priv\u00e9s au Maroc par ville Etablissements Priv\u00e9s\/Liste\/<\/p>\n","protected":false},"author":1,"featured_media":0,"parent":0,"menu_order":0,"comment_status":"closed","ping_status":"closed","template":"","meta":{"footnotes":""},"class_list":["post-2235","page","type-page","status-publish","hentry"],"yoast_head":"<!-- This site is optimized with the Yoast SEO plugin v27.4 - https:\/\/yoast.com\/product\/yoast-seo-wordpress\/ -->\n<title>Liste des Ecoles et Instituts priv\u00e9s au Maroc | moroccodemia<\/title>\n<meta name=\"robots\" content=\"index, follow, max-snippet:-1, max-image-preview:large, max-video-preview:-1\" \/>\n<link rel=\"canonical\" href=\"https:\/\/www.moroccodemia.com\/fr\/liste-des-etablissements-de-lenseignement-superieur-prives-au-maroc-par-ville\/\" \/>\n<meta property=\"og:locale\" content=\"fr_FR\" \/>\n<meta property=\"og:type\" content=\"article\" \/>\n<meta property=\"og:title\" content=\"Liste des Ecoles et Instituts priv\u00e9s au Maroc | moroccodemia\" \/>\n<meta property=\"og:description\" content=\"Liste des \u00e9tablissements de l&rsquo;enseignement sup\u00e9rieur priv\u00e9s au Maroc par ville Etablissements de L&rsquo;enseignement sup\u00e9rieur priv\u00e9s au Maroc par ville Etablissements Priv\u00e9s\/Liste\/\" \/>\n<meta property=\"og:url\" content=\"https:\/\/www.moroccodemia.com\/fr\/liste-des-etablissements-de-lenseignement-superieur-prives-au-maroc-par-ville\/\" \/>\n<meta property=\"og:site_name\" content=\"morocco academia french\" \/>\n<meta property=\"article:publisher\" content=\"https:\/\/www.facebook.com\/Morocco-academia-239938123438369\/\" \/>\n<meta property=\"article:modified_time\" content=\"2021-05-11T20:32:12+00:00\" \/>\n<meta property=\"og:image\" content=\"https:\/\/www.moroccodemia.com\/fr\/media\/2019\/01\/IconBlackCollege.png\" \/>\n<meta name=\"twitter:card\" content=\"summary_large_image\" \/>\n<meta name=\"twitter:site\" content=\"@moroccodemia\" \/>\n<meta name=\"twitter:label1\" content=\"Dur\u00e9e de lecture estim\u00e9e\" \/>\n\t<meta name=\"twitter:data1\" content=\"4 minutes\" \/>\n<script type=\"application\/ld+json\" class=\"yoast-schema-graph\">{\"@context\":\"https:\\\/\\\/schema.org\",\"@graph\":[{\"@type\":\"WebPage\",\"@id\":\"https:\\\/\\\/www.moroccodemia.com\\\/fr\\\/liste-des-etablissements-de-lenseignement-superieur-prives-au-maroc-par-ville\\\/\",\"url\":\"https:\\\/\\\/www.moroccodemia.com\\\/fr\\\/liste-des-etablissements-de-lenseignement-superieur-prives-au-maroc-par-ville\\\/\",\"name\":\"Liste des Ecoles et Instituts priv\u00e9s au Maroc | moroccodemia\",\"isPartOf\":{\"@id\":\"https:\\\/\\\/www.moroccodemia.com\\\/fr\\\/#website\"},\"primaryImageOfPage\":{\"@id\":\"https:\\\/\\\/www.moroccodemia.com\\\/fr\\\/liste-des-etablissements-de-lenseignement-superieur-prives-au-maroc-par-ville\\\/#primaryimage\"},\"image\":{\"@id\":\"https:\\\/\\\/www.moroccodemia.com\\\/fr\\\/liste-des-etablissements-de-lenseignement-superieur-prives-au-maroc-par-ville\\\/#primaryimage\"},\"thumbnailUrl\":\"https:\\\/\\\/www.moroccodemia.com\\\/fr\\\/media\\\/2019\\\/01\\\/IconBlackCollege.png\",\"datePublished\":\"2016-01-04T10:44:03+00:00\",\"dateModified\":\"2021-05-11T20:32:12+00:00\",\"breadcrumb\":{\"@id\":\"https:\\\/\\\/www.moroccodemia.com\\\/fr\\\/liste-des-etablissements-de-lenseignement-superieur-prives-au-maroc-par-ville\\\/#breadcrumb\"},\"inLanguage\":\"fr-FR\",\"potentialAction\":[{\"@type\":\"ReadAction\",\"target\":[\"https:\\\/\\\/www.moroccodemia.com\\\/fr\\\/liste-des-etablissements-de-lenseignement-superieur-prives-au-maroc-par-ville\\\/\"]}]},{\"@type\":\"ImageObject\",\"inLanguage\":\"fr-FR\",\"@id\":\"https:\\\/\\\/www.moroccodemia.com\\\/fr\\\/liste-des-etablissements-de-lenseignement-superieur-prives-au-maroc-par-ville\\\/#primaryimage\",\"url\":\"https:\\\/\\\/www.moroccodemia.com\\\/fr\\\/media\\\/2019\\\/01\\\/IconBlackCollege.png\",\"contentUrl\":\"https:\\\/\\\/www.moroccodemia.com\\\/fr\\\/media\\\/2019\\\/01\\\/IconBlackCollege.png\",\"width\":100,\"height\":100},{\"@type\":\"BreadcrumbList\",\"@id\":\"https:\\\/\\\/www.moroccodemia.com\\\/fr\\\/liste-des-etablissements-de-lenseignement-superieur-prives-au-maroc-par-ville\\\/#breadcrumb\",\"itemListElement\":[{\"@type\":\"ListItem\",\"position\":1,\"name\":\"Accueil\",\"item\":\"https:\\\/\\\/www.moroccodemia.com\\\/fr\\\/\"},{\"@type\":\"ListItem\",\"position\":2,\"name\":\"Liste des \u00e9tablissements de l&rsquo;enseignement sup\u00e9rieur priv\u00e9s au Maroc par ville\"}]},{\"@type\":\"WebSite\",\"@id\":\"https:\\\/\\\/www.moroccodemia.com\\\/fr\\\/#website\",\"url\":\"https:\\\/\\\/www.moroccodemia.com\\\/fr\\\/\",\"name\":\"morocco academia french\",\"description\":\"L'information, tout simplement\",\"potentialAction\":[{\"@type\":\"SearchAction\",\"target\":{\"@type\":\"EntryPoint\",\"urlTemplate\":\"https:\\\/\\\/www.moroccodemia.com\\\/fr\\\/?s={search_term_string}\"},\"query-input\":{\"@type\":\"PropertyValueSpecification\",\"valueRequired\":true,\"valueName\":\"search_term_string\"}}],\"inLanguage\":\"fr-FR\"}]}<\/script>\n<!-- \/ Yoast SEO plugin. -->","yoast_head_json":{"title":"Liste des Ecoles et Instituts priv\u00e9s au Maroc | moroccodemia","robots":{"index":"index","follow":"follow","max-snippet":"max-snippet:-1","max-image-preview":"max-image-preview:large","max-video-preview":"max-video-preview:-1"},"canonical":"https:\/\/www.moroccodemia.com\/fr\/liste-des-etablissements-de-lenseignement-superieur-prives-au-maroc-par-ville\/","og_locale":"fr_FR","og_type":"article","og_title":"Liste des Ecoles et Instituts priv\u00e9s au Maroc | moroccodemia","og_description":"Liste des \u00e9tablissements de l&rsquo;enseignement sup\u00e9rieur priv\u00e9s au Maroc par ville Etablissements de L&rsquo;enseignement sup\u00e9rieur priv\u00e9s au Maroc par ville Etablissements Priv\u00e9s\/Liste\/","og_url":"https:\/\/www.moroccodemia.com\/fr\/liste-des-etablissements-de-lenseignement-superieur-prives-au-maroc-par-ville\/","og_site_name":"morocco academia french","article_publisher":"https:\/\/www.facebook.com\/Morocco-academia-239938123438369\/","article_modified_time":"2021-05-11T20:32:12+00:00","og_image":[{"url":"https:\/\/www.moroccodemia.com\/fr\/media\/2019\/01\/IconBlackCollege.png","type":"","width":"","height":""}],"twitter_card":"summary_large_image","twitter_site":"@moroccodemia","twitter_misc":{"Dur\u00e9e de lecture estim\u00e9e":"4 minutes"},"schema":{"@context":"https:\/\/schema.org","@graph":[{"@type":"WebPage","@id":"https:\/\/www.moroccodemia.com\/fr\/liste-des-etablissements-de-lenseignement-superieur-prives-au-maroc-par-ville\/","url":"https:\/\/www.moroccodemia.com\/fr\/liste-des-etablissements-de-lenseignement-superieur-prives-au-maroc-par-ville\/","name":"Liste des Ecoles et Instituts priv\u00e9s au Maroc | moroccodemia","isPartOf":{"@id":"https:\/\/www.moroccodemia.com\/fr\/#website"},"primaryImageOfPage":{"@id":"https:\/\/www.moroccodemia.com\/fr\/liste-des-etablissements-de-lenseignement-superieur-prives-au-maroc-par-ville\/#primaryimage"},"image":{"@id":"https:\/\/www.moroccodemia.com\/fr\/liste-des-etablissements-de-lenseignement-superieur-prives-au-maroc-par-ville\/#primaryimage"},"thumbnailUrl":"https:\/\/www.moroccodemia.com\/fr\/media\/2019\/01\/IconBlackCollege.png","datePublished":"2016-01-04T10:44:03+00:00","dateModified":"2021-05-11T20:32:12+00:00","breadcrumb":{"@id":"https:\/\/www.moroccodemia.com\/fr\/liste-des-etablissements-de-lenseignement-superieur-prives-au-maroc-par-ville\/#breadcrumb"},"inLanguage":"fr-FR","potentialAction":[{"@type":"ReadAction","target":["https:\/\/www.moroccodemia.com\/fr\/liste-des-etablissements-de-lenseignement-superieur-prives-au-maroc-par-ville\/"]}]},{"@type":"ImageObject","inLanguage":"fr-FR","@id":"https:\/\/www.moroccodemia.com\/fr\/liste-des-etablissements-de-lenseignement-superieur-prives-au-maroc-par-ville\/#primaryimage","url":"https:\/\/www.moroccodemia.com\/fr\/media\/2019\/01\/IconBlackCollege.png","contentUrl":"https:\/\/www.moroccodemia.com\/fr\/media\/2019\/01\/IconBlackCollege.png","width":100,"height":100},{"@type":"BreadcrumbList","@id":"https:\/\/www.moroccodemia.com\/fr\/liste-des-etablissements-de-lenseignement-superieur-prives-au-maroc-par-ville\/#breadcrumb","itemListElement":[{"@type":"ListItem","position":1,"name":"Accueil","item":"https:\/\/www.moroccodemia.com\/fr\/"},{"@type":"ListItem","position":2,"name":"Liste des \u00e9tablissements de l&rsquo;enseignement sup\u00e9rieur priv\u00e9s au Maroc par ville"}]},{"@type":"WebSite","@id":"https:\/\/www.moroccodemia.com\/fr\/#website","url":"https:\/\/www.moroccodemia.com\/fr\/","name":"morocco academia french","description":"L'information, tout simplement","potentialAction":[{"@type":"SearchAction","target":{"@type":"EntryPoint","urlTemplate":"https:\/\/www.moroccodemia.com\/fr\/?s={search_term_string}"},"query-input":{"@type":"PropertyValueSpecification","valueRequired":true,"valueName":"search_term_string"}}],"inLanguage":"fr-FR"}]}},"_links":{"self":[{"href":"https:\/\/www.moroccodemia.com\/fr\/wp-json\/wp\/v2\/pages\/2235","targetHints":{"allow":["GET"]}}],"collection":[{"href":"https:\/\/www.moroccodemia.com\/fr\/wp-json\/wp\/v2\/pages"}],"about":[{"href":"https:\/\/www.moroccodemia.com\/fr\/wp-json\/wp\/v2\/types\/page"}],"author":[{"embeddable":true,"href":"https:\/\/www.moroccodemia.com\/fr\/wp-json\/wp\/v2\/users\/1"}],"replies":[{"embeddable":true,"href":"https:\/\/www.moroccodemia.com\/fr\/wp-json\/wp\/v2\/comments?post=2235"}],"version-history":[{"count":3,"href":"https:\/\/www.moroccodemia.com\/fr\/wp-json\/wp\/v2\/pages\/2235\/revisions"}],"predecessor-version":[{"id":14827,"href":"https:\/\/www.moroccodemia.com\/fr\/wp-json\/wp\/v2\/pages\/2235\/revisions\/14827"}],"wp:attachment":[{"href":"https:\/\/www.moroccodemia.com\/fr\/wp-json\/wp\/v2\/media?parent=2235"}],"curies":[{"name":"wp","href":"https:\/\/api.w.org\/{rel}","templated":true}]}}