{"id":1794,"date":"2015-11-02T15:37:56","date_gmt":"2015-11-02T15:37:56","guid":{"rendered":"https:\/\/www.moroccodemia.com\/fr\/?page_id=1794"},"modified":"2021-04-01T10:50:02","modified_gmt":"2021-04-01T09:50:02","slug":"prix-concours-et-subventions","status":"publish","type":"page","link":"https:\/\/www.moroccodemia.com\/fr\/prix-concours-et-subventions\/","title":{"rendered":"Prix, concours et subventions"},"content":{"rendered":"<div class=\"rTable\">\n<div class=\"rTableBody\">\n<div class=\"rTableRow\">\n<div class=\"rTablehead\">\n<hr \/>\n<h1 class=\"h1pagetitle\">Prix, concours et subventions<\/h1>\n<div class=\"dropdown1\"><button class=\"dropbtn1\"><\/button><br class=\"blank \/\" \/><span class=\"dropdown1-content\"><a href=\"https:\/\/www.moroccodemia.com\/ar\/%D8%AC%D9%88%D8%A7%D8%A6%D8%B2-%D9%88-%D9%85%D8%B3%D8%A7%D8%A8%D9%82%D8%A7%D8%AA-%D9%88-%D9%85%D9%90%D9%86%D9%8E%D8%AD-%D9%84%D9%84%D8%B7%D9%84%D8%A8%D8%A9-%D9%88-%D8%A7%D9%84%D8%A8%D8%A7%D8%AD%D8%AB\/\">Parcourir en arabe<\/a><a href=\"https:\/\/www.moroccodemia.com\/en\/awards-grants-and-contests\/\">Parcourir en anglais<\/a><\/span><\/div>\n<hr \/>\n<div class=\"banner\"><img loading=\"lazy\" decoding=\"async\" class=\"banner-image\" src=\"https:\/\/www.moroccodemia.com\/fr\/media\/2019\/01\/IconBlackAward.png\" style=\"vertical-align: middle;\" alt=\"Prix, concours et subventions\" title=\"Prix, concours et subventions\" width=\"80\" height=\"80\" \/><\/div>\n<p dir=\"ltr\" style=\"text-align: left;\"><span style=\"font-family: verdana, geneva, sans-serif;\"><div class=\"responsive-tabs\">\n<h2 class=\"tabtitle\">Aper\u00e7u<\/h2>\n<div class=\"tabcontent\">\n<\/span><\/p>\n<p><a href=\"https:\/\/drive.google.com\/open?id=1RNP67LhwWfhF1ankCdEq9raK7j2g4ihE\"><span style=\"font-size: 10pt;\">Programme Ibn Khaldoun d&rsquo;appui a\u0300 la recherche dans le domaine des Sciences Humaines et Sociales : P<\/span><\/a><span style=\"font-size: 10pt;\"><a href=\"https:\/\/drive.google.com\/open?id=1RNP67LhwWfhF1ankCdEq9raK7j2g4ihE\">rojets retenus pour financement\u00a0<\/a><br \/>\n<span style=\"font-size: 8pt;\">[D\u00e9cembre 2018]<\/span><br \/>\n<\/span><\/p>\n<p><span style=\"font-size: 10pt;\"><a href=\"http:\/\/aujourdhui.ma\/culture\/cinema\/noufissa-benchehida-nominee-a-un-nouvel-award-africain-2\">Noufissa Benchehida nomin\u00e9e \u00e0 un nouvel <\/a><\/span><span style=\"font-size: 10pt;\"><a href=\"http:\/\/aujourdhui.ma\/culture\/cinema\/noufissa-benchehida-nominee-a-un-nouvel-award-africain-2\">award africain<\/a><\/span><br \/>\n<span style=\"font-size: 8pt;\">[2 d\u00e9cembre 2017]<\/span><\/p>\n<p><span style=\"font-size: 10pt;\"><a href=\"http:\/\/aujourdhui.ma\/actualite\/arab-best-award-2017-le-maroc-remporte-10-prix-sur-pres-dune-cinquantaine-de-prix-en-lice\">\u00abArab Best Award 2017\u00bb: Le Maroc remporte 10 prix sur pr\u00e8s d\u2019une cinquantaine de prix en lice<br \/>\n<\/a><\/span><span style=\"font-size: 8pt;\">[27 novembre 2017]<\/span><\/p>\n<p><a href=\"http:\/\/www.maroc-hebdo.press.ma\/el-guerrouj-sadjuge-prix-de-creativite-sportive-olympique\/\"><span itemprop=\"name\" style=\"font-size: 10pt;\">El Guerrouj s\u2019adjuge le Prix de la cr\u00e9ativit\u00e9 sportive olympique<br \/>\n<\/span><\/a><span style=\"font-size: 8pt;\">[23 novembre 2017]<\/span><\/p>\n<p><img loading=\"lazy\" decoding=\"async\" src=\"https:\/\/www.moroccodemia.com\/fr\/media\/2017\/11\/Mohamed-Bin-Rachid-Al-Maktoum-Creative-Sports-Award.png\" alt=\"Mohamed Bin Rachid Al Maktoum Creative Sports Award\" width=\"600\" height=\"400\" class=\"wp-image-9018 size-full aligncenter\" title=\"Mohamed Bin Rachid Al Maktoum Creative Sports Award\" srcset=\"https:\/\/www.moroccodemia.com\/fr\/media\/2017\/11\/Mohamed-Bin-Rachid-Al-Maktoum-Creative-Sports-Award.png 600w, https:\/\/www.moroccodemia.com\/fr\/media\/2017\/11\/Mohamed-Bin-Rachid-Al-Maktoum-Creative-Sports-Award-300x200.png 300w\" sizes=\"auto, (max-width: 600px) 100vw, 600px\" \/><\/p>\n<p><a href=\"http:\/\/telquel.ma\/2017\/11\/28\/africa-game-show-mehdi-najmi-raconte-comment-son-equipe-a-remporter-50-000-dhs_1570818\"><span style=\"font-size: 10pt;\">Africa Game Show: Comment Mehdi Najmi et son \u00e9quipe ont remport\u00e9 50.000 dirhams<br \/>\n<\/span><\/a><span style=\"font-size: 8pt;\">[18-19 novembre 2017]<\/span><\/p>\n<p><a href=\"https:\/\/lematin.ma\/journal\/2017\/-laquo-islam-et-femmes-les-questions-qui-fachent-d-rsquo-asma-lamrabet-raquo-attire-l-rsquo-attention-du-jury\/281246.html\"><span style=\"font-size: 10pt;\">Prix Grand Atlas:\u00a0\u00abIslam et femmes, les questions qui f\u00e2chent d\u2019Asma Lamrabet\u00bb attire l\u2019attention du jury.<br \/>\n<\/span><\/a><span style=\"font-size: 8pt;\">[8 novembre 2017]<\/span><\/p>\n<p><a href=\"http:\/\/telquel.ma\/2017\/11\/04\/prix-grand-atlas-2017-couronne-asma-lamrabet_1567376\"><span style=\"font-size: 10pt;\">Prix Grand Atlas 2017 couronne Asma Lamrabet et Hicham Houdaifa.<br \/>\n<\/span><\/a><span style=\"font-size: 8pt;\">[5 novembre 2017]\u00a0<\/span><\/p>\n<p style=\"text-align: left;\"><span style=\"font-family: verdana, geneva, sans-serif;\">\n<\/div><h2 class=\"tabtitle\">Prix<\/h2>\n<div class=\"tabcontent\">\n<\/span><\/p>\n<div class=\"arrow-down\" style=\"margin-left: auto; margin-right: auto;\"><\/div>\n<div style=\"width: 200px; height: 300px; overflow: auto; background-color: white; margin-left: auto; margin-right: auto;\">\n<div style=\"width: 200px; height: 700px;\">\n<div class=\"rTableCell\">\n<div id=\"attachment_1799\" style=\"width: 190px\" class=\"wp-caption aligncenter\"><a href=\"http:\/\/www.academie-goncourt.fr\/?\"><img loading=\"lazy\" decoding=\"async\" aria-describedby=\"caption-attachment-1799\" class=\"wp-image-1799 size-thumbnail\" title=\"Prix Goncourt\" src=\"https:\/\/www.moroccodemia.com\/fr\/media\/2015\/11\/Goncourt-180x100.png\" alt=\"Goncourt\" height=\"100\" width=\"180\" \/><\/a><p id=\"caption-attachment-1799\" class=\"wp-caption-text\"><span style=\"font-size: 8pt; font-family: verdana, geneva, sans-serif;\">Prix Goncourt, Paris<\/span><\/p><\/div>\n<\/div>\n<\/div>\n<\/div>\n<div class=\"arrow-up\" style=\"margin-left: auto; margin-right: auto;\"><\/div>\n<p style=\"text-align: center;\"><span style=\"font-family: verdana, geneva, sans-serif;\">\n<\/div><h2 class=\"tabtitle\">Concours<\/h2>\n<div class=\"tabcontent\">\n<\/span><\/p>\n<div class=\"arrow-down\" style=\"margin-left: auto; margin-right: auto;\"><\/div>\n<div style=\"width: 200px; height: 300px; overflow: auto; background-color: white; margin-left: auto; margin-right: auto;\">\n<div style=\"width: 200px; height: 700px;\">\n<div class=\"rTableCell\">\n<div id=\"attachment_1799\" style=\"width: 190px\" class=\"wp-caption aligncenter\"><a href=\"http:\/\/enactus.org\/\"><img loading=\"lazy\" decoding=\"async\" aria-describedby=\"caption-attachment-1799\" class=\"wp-image-1799 size-thumbnail\" title=\"ENACTUS\" src=\"https:\/\/www.moroccodemia.com\/fr\/media\/2015\/11\/ENACTUS.png\" alt=\"ENACTUS\" height=\"100\" width=\"180\" \/><\/a><p id=\"caption-attachment-1799\" class=\"wp-caption-text\"><span style=\"font-size: 8pt; font-family: verdana, geneva, sans-serif;\">ENACTUS<\/span><\/p><\/div>\n<\/div>\n<div class=\"rTableCell\">\n<div id=\"attachment_1799\" style=\"width: 190px\" class=\"wp-caption aligncenter\"><a href=\"http:\/\/mt180.fr\/\"><img loading=\"lazy\" decoding=\"async\" aria-describedby=\"caption-attachment-1799\" class=\"wp-image-1799 size-thumbnail\" title=\"Ma th\u00e8se en 180 minutes\" src=\"https:\/\/www.moroccodemia.com\/fr\/media\/2015\/11\/MT180.png\" alt=\"Ma th\u00e8se en 180 minutes\" height=\"100\" width=\"180\" \/><\/a><p id=\"caption-attachment-1799\" class=\"wp-caption-text\"><span style=\"font-size: 8pt; font-family: verdana, geneva, sans-serif;\">Ma th\u00e8se en 180 minutes<\/span><\/p><\/div>\n<\/div>\n<\/div>\n<\/div>\n<div class=\"arrow-up\" style=\"margin-left: auto; margin-right: auto;\"><\/div>\n<p dir=\"ltr\" style=\"text-align: center;\"><span style=\"font-family: verdana, geneva, sans-serif;\">\n<\/div><h2 class=\"tabtitle\">Subventions<\/h2>\n<div class=\"tabcontent\">\n<\/span><\/p>\n<div class=\"arrow-down\" style=\"margin-left: auto; margin-right: auto;\"><\/div>\n<div style=\"width: 200px; height: 300px; overflow: auto; background-color: white; margin-left: auto; margin-right: auto;\">\n<div style=\"width: 200px; height: 700px;\">\n<div class=\"rTableCell\">\n<div id=\"attachment_1799\" style=\"width: 190px\" class=\"wp-caption aligncenter\"><a href=\"http:\/\/www.unesco.org\/new\/fr\/rabat\"><img loading=\"lazy\" decoding=\"async\" aria-describedby=\"caption-attachment-1799\" class=\"wp-image-1799 size-thumbnail\" title=\"Bureau de l'UNESCO \u00e0 Rabat\" src=\"https:\/\/www.moroccodemia.com\/fr\/media\/2015\/11\/UNESCO.png\" alt=\"Bureau de l'UNESCO \u00e0 Rabat\" height=\"100\" width=\"180\" \/><\/a><p id=\"caption-attachment-1799\" class=\"wp-caption-text\"><span style=\"font-size: 8pt; font-family: verdana, geneva, sans-serif;\">Bureau de l&rsquo;UNESCO \u00e0 Rabat<\/span><\/p><\/div>\n<\/div>\n<\/div>\n<\/div>\n<div class=\"arrow-up\" style=\"margin-left: auto; margin-right: auto;\"><\/div>\n<p style=\"text-align: center;\"><span style=\"font-family: verdana, geneva, sans-serif;\"><\/div><\/div><\/span><\/p>\n<hr \/>\n<h2 style=\"text-align: center;\"><strong><span style=\"font-size: 14pt; font-family: verdana,geneva,sans-serif;\">Prix, Concours et\u00a0<\/span><span style=\"font-size: 14pt; font-family: verdana,geneva,sans-serif;\">Subventions<\/span><span style=\"font-size: 14pt; font-family: verdana,geneva,sans-serif;\">\/<\/span><\/strong><\/h2>\n<hr \/>\n<\/div>\n<\/div>\n<\/div>\n<\/div>\n","protected":false},"excerpt":{"rendered":"<p>Prix, concours et subventions Parcourir en arabeParcourir en anglais Programme Ibn Khaldoun d&rsquo;appui a\u0300 la recherche dans le domaine des Sciences Humaines et Sociales : Projets retenus pour financement\u00a0 [D\u00e9cembre 2018] Noufissa Benchehida nomin\u00e9e \u00e0 un nouvel award africain [2 d\u00e9cembre 2017] \u00abArab Best Award 2017\u00bb: Le Maroc remporte 10 prix sur pr\u00e8s d\u2019une cinquantaine [&hellip;]<\/p>\n","protected":false},"author":1,"featured_media":0,"parent":0,"menu_order":0,"comment_status":"closed","ping_status":"closed","template":"","meta":{"footnotes":""},"class_list":["post-1794","page","type-page","status-publish","hentry"],"yoast_head":"<!-- This site is optimized with the Yoast SEO plugin v27.6 - https:\/\/yoast.com\/product\/yoast-seo-wordpress\/ -->\n<title>Prix, concours et subventions | moroccodemia fran\u00e7ais<\/title>\n<meta name=\"robots\" content=\"index, follow, max-snippet:-1, max-image-preview:large, max-video-preview:-1\" \/>\n<link rel=\"canonical\" href=\"https:\/\/www.moroccodemia.com\/fr\/prix-concours-et-subventions\/\" \/>\n<meta property=\"og:locale\" content=\"fr_FR\" \/>\n<meta property=\"og:type\" content=\"article\" \/>\n<meta property=\"og:title\" content=\"Prix, concours et subventions | moroccodemia fran\u00e7ais\" \/>\n<meta property=\"og:description\" content=\"Prix, concours et subventions Parcourir en arabeParcourir en anglais Programme Ibn Khaldoun d&rsquo;appui a\u0300 la recherche dans le domaine des Sciences Humaines et Sociales : Projets retenus pour financement\u00a0 [D\u00e9cembre 2018] Noufissa Benchehida nomin\u00e9e \u00e0 un nouvel award africain [2 d\u00e9cembre 2017] \u00abArab Best Award 2017\u00bb: Le Maroc remporte 10 prix sur pr\u00e8s d\u2019une cinquantaine [&hellip;]\" \/>\n<meta property=\"og:url\" content=\"https:\/\/www.moroccodemia.com\/fr\/prix-concours-et-subventions\/\" \/>\n<meta property=\"og:site_name\" content=\"morocco academia french\" \/>\n<meta property=\"article:publisher\" content=\"https:\/\/www.facebook.com\/Morocco-academia-239938123438369\/\" \/>\n<meta property=\"article:modified_time\" content=\"2021-04-01T09:50:02+00:00\" \/>\n<meta property=\"og:image\" content=\"https:\/\/www.moroccodemia.com\/fr\/media\/2019\/01\/IconBlackAward.png\" \/>\n<meta name=\"twitter:card\" content=\"summary_large_image\" \/>\n<meta name=\"twitter:site\" content=\"@moroccodemia\" \/>\n<meta name=\"twitter:label1\" content=\"Dur\u00e9e de lecture estim\u00e9e\" \/>\n\t<meta name=\"twitter:data1\" content=\"2 minutes\" \/>\n<script type=\"application\/ld+json\" class=\"yoast-schema-graph\">{\"@context\":\"https:\\\/\\\/schema.org\",\"@graph\":[{\"@type\":\"WebPage\",\"@id\":\"https:\\\/\\\/www.moroccodemia.com\\\/fr\\\/prix-concours-et-subventions\\\/\",\"url\":\"https:\\\/\\\/www.moroccodemia.com\\\/fr\\\/prix-concours-et-subventions\\\/\",\"name\":\"Prix, concours et subventions | moroccodemia fran\u00e7ais\",\"isPartOf\":{\"@id\":\"https:\\\/\\\/www.moroccodemia.com\\\/fr\\\/#website\"},\"primaryImageOfPage\":{\"@id\":\"https:\\\/\\\/www.moroccodemia.com\\\/fr\\\/prix-concours-et-subventions\\\/#primaryimage\"},\"image\":{\"@id\":\"https:\\\/\\\/www.moroccodemia.com\\\/fr\\\/prix-concours-et-subventions\\\/#primaryimage\"},\"thumbnailUrl\":\"https:\\\/\\\/www.moroccodemia.com\\\/fr\\\/media\\\/2019\\\/01\\\/IconBlackAward.png\",\"datePublished\":\"2015-11-02T15:37:56+00:00\",\"dateModified\":\"2021-04-01T09:50:02+00:00\",\"breadcrumb\":{\"@id\":\"https:\\\/\\\/www.moroccodemia.com\\\/fr\\\/prix-concours-et-subventions\\\/#breadcrumb\"},\"inLanguage\":\"fr-FR\",\"potentialAction\":[{\"@type\":\"ReadAction\",\"target\":[\"https:\\\/\\\/www.moroccodemia.com\\\/fr\\\/prix-concours-et-subventions\\\/\"]}]},{\"@type\":\"ImageObject\",\"inLanguage\":\"fr-FR\",\"@id\":\"https:\\\/\\\/www.moroccodemia.com\\\/fr\\\/prix-concours-et-subventions\\\/#primaryimage\",\"url\":\"https:\\\/\\\/www.moroccodemia.com\\\/fr\\\/media\\\/2019\\\/01\\\/IconBlackAward.png\",\"contentUrl\":\"https:\\\/\\\/www.moroccodemia.com\\\/fr\\\/media\\\/2019\\\/01\\\/IconBlackAward.png\",\"width\":100,\"height\":100},{\"@type\":\"BreadcrumbList\",\"@id\":\"https:\\\/\\\/www.moroccodemia.com\\\/fr\\\/prix-concours-et-subventions\\\/#breadcrumb\",\"itemListElement\":[{\"@type\":\"ListItem\",\"position\":1,\"name\":\"Accueil\",\"item\":\"https:\\\/\\\/www.moroccodemia.com\\\/fr\\\/\"},{\"@type\":\"ListItem\",\"position\":2,\"name\":\"Prix, concours et subventions\"}]},{\"@type\":\"WebSite\",\"@id\":\"https:\\\/\\\/www.moroccodemia.com\\\/fr\\\/#website\",\"url\":\"https:\\\/\\\/www.moroccodemia.com\\\/fr\\\/\",\"name\":\"morocco academia french\",\"description\":\"L'information, tout simplement\",\"potentialAction\":[{\"@type\":\"SearchAction\",\"target\":{\"@type\":\"EntryPoint\",\"urlTemplate\":\"https:\\\/\\\/www.moroccodemia.com\\\/fr\\\/?s={search_term_string}\"},\"query-input\":{\"@type\":\"PropertyValueSpecification\",\"valueRequired\":true,\"valueName\":\"search_term_string\"}}],\"inLanguage\":\"fr-FR\"}]}<\/script>\n<!-- \/ Yoast SEO plugin. -->","yoast_head_json":{"title":"Prix, concours et subventions | moroccodemia fran\u00e7ais","robots":{"index":"index","follow":"follow","max-snippet":"max-snippet:-1","max-image-preview":"max-image-preview:large","max-video-preview":"max-video-preview:-1"},"canonical":"https:\/\/www.moroccodemia.com\/fr\/prix-concours-et-subventions\/","og_locale":"fr_FR","og_type":"article","og_title":"Prix, concours et subventions | moroccodemia fran\u00e7ais","og_description":"Prix, concours et subventions Parcourir en arabeParcourir en anglais Programme Ibn Khaldoun d&rsquo;appui a\u0300 la recherche dans le domaine des Sciences Humaines et Sociales : Projets retenus pour financement\u00a0 [D\u00e9cembre 2018] Noufissa Benchehida nomin\u00e9e \u00e0 un nouvel award africain [2 d\u00e9cembre 2017] \u00abArab Best Award 2017\u00bb: Le Maroc remporte 10 prix sur pr\u00e8s d\u2019une cinquantaine [&hellip;]","og_url":"https:\/\/www.moroccodemia.com\/fr\/prix-concours-et-subventions\/","og_site_name":"morocco academia french","article_publisher":"https:\/\/www.facebook.com\/Morocco-academia-239938123438369\/","article_modified_time":"2021-04-01T09:50:02+00:00","og_image":[{"url":"https:\/\/www.moroccodemia.com\/fr\/media\/2019\/01\/IconBlackAward.png","type":"","width":"","height":""}],"twitter_card":"summary_large_image","twitter_site":"@moroccodemia","twitter_misc":{"Dur\u00e9e de lecture estim\u00e9e":"2 minutes"},"schema":{"@context":"https:\/\/schema.org","@graph":[{"@type":"WebPage","@id":"https:\/\/www.moroccodemia.com\/fr\/prix-concours-et-subventions\/","url":"https:\/\/www.moroccodemia.com\/fr\/prix-concours-et-subventions\/","name":"Prix, concours et subventions | moroccodemia fran\u00e7ais","isPartOf":{"@id":"https:\/\/www.moroccodemia.com\/fr\/#website"},"primaryImageOfPage":{"@id":"https:\/\/www.moroccodemia.com\/fr\/prix-concours-et-subventions\/#primaryimage"},"image":{"@id":"https:\/\/www.moroccodemia.com\/fr\/prix-concours-et-subventions\/#primaryimage"},"thumbnailUrl":"https:\/\/www.moroccodemia.com\/fr\/media\/2019\/01\/IconBlackAward.png","datePublished":"2015-11-02T15:37:56+00:00","dateModified":"2021-04-01T09:50:02+00:00","breadcrumb":{"@id":"https:\/\/www.moroccodemia.com\/fr\/prix-concours-et-subventions\/#breadcrumb"},"inLanguage":"fr-FR","potentialAction":[{"@type":"ReadAction","target":["https:\/\/www.moroccodemia.com\/fr\/prix-concours-et-subventions\/"]}]},{"@type":"ImageObject","inLanguage":"fr-FR","@id":"https:\/\/www.moroccodemia.com\/fr\/prix-concours-et-subventions\/#primaryimage","url":"https:\/\/www.moroccodemia.com\/fr\/media\/2019\/01\/IconBlackAward.png","contentUrl":"https:\/\/www.moroccodemia.com\/fr\/media\/2019\/01\/IconBlackAward.png","width":100,"height":100},{"@type":"BreadcrumbList","@id":"https:\/\/www.moroccodemia.com\/fr\/prix-concours-et-subventions\/#breadcrumb","itemListElement":[{"@type":"ListItem","position":1,"name":"Accueil","item":"https:\/\/www.moroccodemia.com\/fr\/"},{"@type":"ListItem","position":2,"name":"Prix, concours et subventions"}]},{"@type":"WebSite","@id":"https:\/\/www.moroccodemia.com\/fr\/#website","url":"https:\/\/www.moroccodemia.com\/fr\/","name":"morocco academia french","description":"L'information, tout simplement","potentialAction":[{"@type":"SearchAction","target":{"@type":"EntryPoint","urlTemplate":"https:\/\/www.moroccodemia.com\/fr\/?s={search_term_string}"},"query-input":{"@type":"PropertyValueSpecification","valueRequired":true,"valueName":"search_term_string"}}],"inLanguage":"fr-FR"}]}},"_links":{"self":[{"href":"https:\/\/www.moroccodemia.com\/fr\/wp-json\/wp\/v2\/pages\/1794","targetHints":{"allow":["GET"]}}],"collection":[{"href":"https:\/\/www.moroccodemia.com\/fr\/wp-json\/wp\/v2\/pages"}],"about":[{"href":"https:\/\/www.moroccodemia.com\/fr\/wp-json\/wp\/v2\/types\/page"}],"author":[{"embeddable":true,"href":"https:\/\/www.moroccodemia.com\/fr\/wp-json\/wp\/v2\/users\/1"}],"replies":[{"embeddable":true,"href":"https:\/\/www.moroccodemia.com\/fr\/wp-json\/wp\/v2\/comments?post=1794"}],"version-history":[{"count":3,"href":"https:\/\/www.moroccodemia.com\/fr\/wp-json\/wp\/v2\/pages\/1794\/revisions"}],"predecessor-version":[{"id":14224,"href":"https:\/\/www.moroccodemia.com\/fr\/wp-json\/wp\/v2\/pages\/1794\/revisions\/14224"}],"wp:attachment":[{"href":"https:\/\/www.moroccodemia.com\/fr\/wp-json\/wp\/v2\/media?parent=1794"}],"curies":[{"name":"wp","href":"https:\/\/api.w.org\/{rel}","templated":true}]}}