{"id":1686,"date":"2015-10-19T10:20:14","date_gmt":"2015-10-19T10:20:14","guid":{"rendered":"https:\/\/www.moroccodemia.com\/fr\/?page_id=1686"},"modified":"2019-05-07T11:26:13","modified_gmt":"2019-05-07T11:26:13","slug":"situation-administrative-des-chercheurs-marocains","status":"publish","type":"page","link":"https:\/\/www.moroccodemia.com\/fr\/situation-administrative-des-chercheurs-marocains\/","title":{"rendered":"Situation administrative des chercheurs marocains"},"content":{"rendered":"<div class=\"rTable\">\n<div class=\"rTableBody\">\n<div class=\"rTableRow\">\n<div class=\"rTableHead\">\n<hr \/>\n<h1 class=\"h1pagetitle\" style=\"text-align: center;\"><span style=\"font-size: 14pt;\"><strong>Situation administrative<span style=\"font-size: 10pt;\">des\u00a0Chercheurs marocains<\/span><\/strong><\/span><\/h1>\n<div class=\"dropdown1\"><span><button class=\"dropbtn1\"><\/button><br \/>\n<span class=\"dropdown1-content\"><a href=\"https:\/\/www.moroccodemia.com\/ar\/%D8%A7%D9%84%D9%88%D8%B6%D8%B9%D9%8A%D8%A9-%D8%A7%D9%84%D8%A5%D8%AF%D8%A7%D8%B1%D9%8A%D8%A9-%D9%84%D9%84%D8%A3%D8%B3%D8%A7%D8%AA%D8%B0%D8%A9-%D8%A7%D9%84%D8%A8%D8%A7%D8%AD%D8%AB%D9%8A%D9%86-%D9%81\/\">Parcourir en arabe<\/a><a href=\"https:\/\/www.moroccodemia.com\/en\/administrative-status-of-moroccan-academics\/\">Parcourir en anglais<\/a><\/span><\/span><\/div>\n<hr \/>\n<div class=\"banner\"><img loading=\"lazy\" decoding=\"async\" src=\"https:\/\/www.moroccodemia.com\/fr\/media\/2019\/01\/IconBlackLadder.png\" style=\"vertical-align: middle;\" alt=\"Situation administrative des chercheurs marocains\" title=\"Situation administrative des chercheurs marocains\" width=\"80\" height=\"80\" \/><\/div>\n<p dir=\"ltr\"><span style=\"background-color: #00ff00; font-family: verdana,geneva,sans-serif;\"><div class=\"responsive-tabs\">\n<h2 class=\"tabtitle\">Aper\u00e7u<\/h2>\n<div class=\"tabcontent\">\n<\/span><\/p>\n<h2 class=\"h2MainContent\" dir=\"ltr\"><span style=\"font-size: 10pt;\"><strong>Situation administrative<\/strong><\/span><\/h2>\n<h3 class=\"h3MainContent\" dir=\"ltr\"><strong><span style=\"font-family: verdana,geneva,sans-serif;\"><span style=\"font-size: 10pt;\">Carri\u00e8re d&rsquo;un enseignant-chercheur au Maroc<\/span><\/span><\/strong><\/h3>\n<p dir=\"ltr\"><span style=\"font-family: verdana,geneva,sans-serif;\"><img loading=\"lazy\" decoding=\"async\" src=\"https:\/\/www.moroccodemia.com\/fr\/media\/2015\/10\/Deroulement-carrie\u0300re-Chercheur-300x156.png\" title=\"Deroulement Carrie\u0300re Chercheur\" class=\"aligncenter  wp-image-3322\" alt=\"Deroulement Carrie\u0300re Chercheur\" width=\"958\" height=\"498\" srcset=\"https:\/\/www.moroccodemia.com\/fr\/media\/2015\/10\/Deroulement-carrie\u0300re-Chercheur-300x156.png 300w, https:\/\/www.moroccodemia.com\/fr\/media\/2015\/10\/Deroulement-carrie\u0300re-Chercheur-768x400.png 768w\" sizes=\"auto, (max-width: 958px) 100vw, 958px\" \/><\/span><\/p>\n<p><span style=\"font-size: 8pt; font-family: verdana,geneva,sans-serif;\">Source: \u00ab\u00a0<a href=\"http:\/\/drive.google.com\/open?id=0BwfxPJvHEn_8NnJTZlF5YlJ3dVE\">Personnel enseignant de l\u2019enseignement sup\u00e9rieur universitaire: Situation actuelle et perspectives \u00e0 l\u2019horizon 2020<\/a>.\u00a0\u00bb<\/span><\/p>\n<h3 class=\"h3MainContent\"><span style=\"font-family: verdana,geneva,sans-serif;\"><span style=\"font-size: 10pt;\">Grille<\/span><\/span><\/h3>\n<p dir=\"ltr\" style=\"text-align: left;\"><span style=\"font-family: verdana, geneva, sans-serif; font-size: 10pt;\"><a href=\"https:\/\/drive.google.com\/open?id=0BwfxPJvHEn_8ZzdtcG9HMGFpcFU\"><span style=\"font-size: 18pt;\"><strong><span style=\"background-color: #ffff00;\">Grille<\/span> Passage Professeur Habilit\u00e9 (PH) \u00e0 Professeur de l&rsquo;Enseignement Sup\u00e9rieur (PES)<\/strong><\/span><br \/>\n<\/a><\/span><\/p>\n<p dir=\"ltr\" style=\"text-align: left;\"><span style=\"font-size: 18pt;\"><strong><a href=\"http:\/\/drive.google.com\/open?id=1IDqZJdt9AlDo2bQv7B-DiJvwit9wmNQGruqF3BPhuAs\"><span style=\"font-family: verdana, geneva, sans-serif;\"><span style=\"background-color: #ffff00;\">Grille\u00a0Calcul<\/span> Passage Professeur Habilit\u00e9 (PH) \u00e0 Professeur de l&rsquo;Enseignement Sup\u00e9rieur (PES)<\/span><\/a><\/strong><\/span><\/p>\n<h2 dir=\"ltr\"><a href=\"https:\/\/drive.google.com\/open?id=1DjnvPSWShdClKiNrdlRQ51fY_1U_NrGgHyG2V_g00Dw\"><strong><span style=\"font-size: 18pt;\">Grille d&rsquo;Evaluation de la Commission Scientifique<\/span><\/strong><\/a> <span style=\"font-size: 10pt;\">&#8211; Rapport d&rsquo;Activit\u00e9s (Universite\u0301 Ibn Zohr)<\/span><\/h2>\n<h3 class=\"h3MainContent\" dir=\"ltr\" style=\"text-align: left;\"><strong><span style=\"font-family: verdana, geneva, sans-serif;\"><span style=\"font-size: 10pt;\">Modalit\u00e9s<\/span><\/span><\/strong><\/h3>\n<p dir=\"ltr\" style=\"text-align: left;\"><span style=\"font-family: verdana, geneva, sans-serif; font-size: 10pt;\"><span style=\"font-size: 18pt;\"><strong><a href=\"http:\/\/drive.google.com\/open?id=0BwfxPJvHEn_8OHA3TENxdXJlbHc\">Habilitation<\/a>\u00a0<\/strong><\/span>(Cadi Ayyad)<\/span><\/p>\n<h3 class=\"h3MainContent\" dir=\"ltr\" style=\"text-align: left;\"><strong><span style=\"font-family: verdana, geneva, sans-serif;\"><span style=\"font-size: 10pt;\">D\u00e9cret<\/span><\/span><\/strong><\/h3>\n<p dir=\"ltr\" style=\"text-align: left;\"><span style=\"font-size: 18pt;\"><strong><a href=\"http:\/\/drive.google.com\/open?id=0BwfxPJvHEn_8WmpSYWpfRGZzQW8\"><span style=\"font-family: verdana, geneva, sans-serif;\">Statut particulier<\/span><\/a><\/strong><\/span><\/p>\n<h3 class=\"h3MainContent\" dir=\"ltr\" style=\"text-align: left;\"><strong><span style=\"font-size: 10pt; font-family: verdana, geneva, sans-serif;\">Equivalence des dipl\u00f4mes<\/span><\/strong><\/h3>\n<p dir=\"ltr\" style=\"text-align: left;\"><a href=\"http:\/\/www.enssup.gov.ma\/fr\/Page\/2025-%C3%A9quivalence-des-dipl%C3%B4mes\"><span style=\"font-family: verdana, geneva, sans-serif; font-size: 10pt;\"><span style=\"font-size: 18pt;\"><strong>Proc\u00e9dure d&rsquo;octroi de l&rsquo;\u00e9quivalence des dipl\u00f4mes<\/strong><\/span><\/span><\/a><\/p>\n<h3 class=\"h3MainContent\" dir=\"ltr\"><strong><span style=\"font-size: 10pt;\">Salaire<\/span><\/strong><\/h3>\n<p dir=\"ltr\"><span style=\"font-size: 18pt;\"><strong><a href=\"http:\/\/www.mmsp.gov.ma\/fr\/calcul-salaire.aspx\">Calcul des salaires<\/a><\/strong><\/span><\/p>\n<h3 class=\"h3MainContent\" dir=\"ltr\"><strong><span style=\"font-size: 10pt;\">General<\/span><\/strong><\/h3>\n<p><span style=\"background-color: #00ffff; font-family: verdana,geneva,sans-serif;\"><div id=\"links1-link-1686\" class=\"sh-link links1-link sh-hide\"><a href=\"#\" onclick=\"showhide_toggle('links1', 1686, 'Articles de presse associ\u00e9s \u2295', 'Articles de presse associ\u00e9s \u2297'); return false;\" aria-expanded=\"false\"><span id=\"links1-toggle-1686\">Articles de presse associ\u00e9s \u2295<\/span><\/a><\/div><div id=\"links1-content-1686\" class=\"sh-content links1-content sh-hide\" style=\"display: none;\"><\/span><\/p>\n<hr class=\"tails-Open\" \/>\n<p dir=\"ltr\"><a href=\"http:\/\/aujourdhui.ma\/societe\/pres-de-149-000-fonctionnaires-a-la-retraite-dans-les-dix-prochaines-annees\"><span style=\"font-size: 10pt;\">Pr\u00e8s de 149.000 fonctionnaires \u00e0 la <span style=\"background-color: #ffff00;\">retraite<\/span> dans les dix prochaines ann\u00e9es<br \/>\n<\/span><\/a> <span style=\"font-size: 8pt;\">[1 ao\u00fbt 2017] aujourdhui.ma<\/span><\/p>\n<p dir=\"ltr\"><span style=\"font-size: 10pt;\"><a href=\"http:\/\/www.leconomiste.com\/article\/973898-enseignants-chercheurs-fini-l-avancement-par-l-anciennete\">Enseignants-chercheurs: Fini l\u2019<span style=\"background-color: #ffff00;\">avancement<\/span> par l\u2019anciennet\u00e9<\/a><br \/>\n<\/span><span style=\"font-size: 8pt;\">[07 Juillet 2015] leconomiste.com<\/span><\/p>\n<hr class=\"tails-Close\" \/>\n<p><span style=\"background-color: #00ffff; font-family: verdana,geneva,sans-serif;\"><\/div><\/span><\/p>\n<hr class=\"footer\" \/>\n<h2 class=\"Hidden\"><strong><span style=\"font-size: 10pt;\">Commentaires<\/span><\/strong><\/h2>\n<div class=\"Hidden\"><a href=\"#\" class=\"img-wrapper\"><img decoding=\"async\" src=\"http:\/\/www.moroccodemia.com\/en\/media\/2016\/07\/IconUserShadowBlackOrange120x120.png\" \/><\/a><\/p>\n<div class=\"comment-content\">\n<blockquote>\n<p><span style=\"font-size: 10pt;\"><img loading=\"lazy\" decoding=\"async\" src=\"http:\/\/www.moroccodemia.com\/en\/media\/2016\/07\/Quotation-Marks_OrangeOpening40x40.png\" alt=\"\" width=\"20\" height=\"20\" class=\"alignnone  wp-image-9502\" \/>\u00a0Salam alaykoum,<\/span><\/p>\n<p><span style=\"font-size: 10pt;\">Je suis un \u00e9tudiant Belge (converti \u00e0 l&rsquo;islam) d&rsquo;origine italienne, dipl\u00f4m\u00e9 de l&rsquo;universit\u00e9 islamique de M\u00e9dine (Arabie Saudite) Facult\u00e9 des Fondements de la Religion et de la pr\u00eache, je suis en ce moment en \u00e9tude sup\u00e9rieur apr\u00e8s avoir obtenu ma Licence (mention tr\u00e8s bien : 4.11\/5), il me reste une ann\u00e9e in cha Allah ( le haut dipl\u00f4me toujours dans la m\u00eame facult\u00e9 ) o\u00f9 je devrais pr\u00e9senter une recherche, je voudrais savoir si il me sera possible de continu\u00e9 des \u00e9tudes sup\u00e9rieurs au Maroc (Doctorat), si oui quelles sont les opportunit\u00e9es qui me sont offertes ? o\u00f9 cela ?<\/span><\/p>\n<p><span style=\"font-size: 10pt;\">Je vous remercie d&rsquo;avance pour toute l&rsquo;attention port\u00e9e \u00e0 ce message.<\/span><img loading=\"lazy\" decoding=\"async\" src=\"http:\/\/www.moroccodemia.com\/en\/media\/2015\/10\/Quotation-Marks_OrangeClosing40x40.png\" alt=\"\" width=\"20\" height=\"20\" class=\"alignnone  wp-image-8519\" style=\"font-size: 10pt;\" \/><\/p>\n<\/blockquote>\n<p><span style=\"font-size: 10pt;\"><em><span><span style=\"color: #808080;\">Commentaire:<\/span>\u00a0<\/span>Loris Menegon<br \/>\n<\/em><\/span><span style=\"font-size: 8pt; color: #808080;\">[28 octobre 2017,\u00a0 08:35 ]<\/span><\/p>\n<p><a href=\"#page-part\"><img loading=\"lazy\" decoding=\"async\" src=\"http:\/\/www.moroccodemia.com\/en\/media\/2016\/05\/IconLetter30x20.png\" alt=\"Reply\" width=\"30\" height=\"20\" class=\"alignnone wp-image-9672 size-full\" title=\"Reply\" \/><\/a><\/p>\n<\/div>\n<\/div>\n<h2 class=\"h2MainContent\" id=\"page-part\" style=\"text-align: left;\"><strong><span style=\"font-size: 10pt;\">Ajouter un commentaire<\/span><\/strong><\/h2>\n\n<div class=\"wpcf7 no-js\" id=\"wpcf7-f8536-o1\" lang=\"fr-FR\" dir=\"ltr\" data-wpcf7-id=\"8536\">\n<div class=\"screen-reader-response\"><p role=\"status\" aria-live=\"polite\" aria-atomic=\"true\"><\/p> <ul><\/ul><\/div>\n<form action=\"\/fr\/wp-json\/wp\/v2\/pages\/1686#wpcf7-f8536-o1\" method=\"post\" class=\"wpcf7-form init\" aria-label=\"Formulaire de contact\" novalidate=\"novalidate\" data-status=\"init\">\n<fieldset class=\"hidden-fields-container\"><input type=\"hidden\" name=\"_wpcf7\" value=\"8536\" \/><input type=\"hidden\" name=\"_wpcf7_version\" value=\"6.1.5\" \/><input type=\"hidden\" name=\"_wpcf7_locale\" value=\"fr_FR\" \/><input type=\"hidden\" name=\"_wpcf7_unit_tag\" value=\"wpcf7-f8536-o1\" \/><input type=\"hidden\" name=\"_wpcf7_container_post\" value=\"0\" \/><input type=\"hidden\" name=\"_wpcf7_posted_data_hash\" value=\"\" \/><input type=\"hidden\" name=\"_wpcf7dtx_version\" value=\"5.0.5\" \/><input type=\"hidden\" name=\"_wpcf7_recaptcha_response\" value=\"\" \/>\n<\/fieldset>\n<span class=\"wpcf7-form-control-wrap chapter\" data-name=\"chapter\"><input type=\"hidden\" name=\"chapter\" class=\"wpcf7-form-control wpcf7-hidden wpcf7dtx wpcf7dtx-hidden\" aria-invalid=\"false\" value=\"Situation administrative des chercheurs marocains\"><\/span>\n<p>Votre commentaire:\n<\/p>\n<p><span class=\"wpcf7-form-control-wrap\" data-name=\"your-message\"><textarea cols=\"40\" rows=\"10\" maxlength=\"2000\" class=\"wpcf7-form-control wpcf7-textarea\" aria-invalid=\"false\" name=\"your-message\"><\/textarea><\/span>\n<\/p>\n<p>*Votre nom:\n<\/p>\n<p><span class=\"wpcf7-form-control-wrap\" data-name=\"your-name\"><input size=\"40\" maxlength=\"400\" class=\"wpcf7-form-control wpcf7-text wpcf7-validates-as-required\" aria-required=\"true\" aria-invalid=\"false\" value=\"\" type=\"text\" name=\"your-name\" \/><\/span>\n<\/p>\n<p>*Votre email:\n<\/p>\n<p><span class=\"wpcf7-form-control-wrap\" data-name=\"your-email\"><input size=\"40\" maxlength=\"400\" class=\"wpcf7-form-control wpcf7-email wpcf7-validates-as-required wpcf7-text wpcf7-validates-as-email\" aria-required=\"true\" aria-invalid=\"false\" value=\"\" type=\"email\" name=\"your-email\" \/><\/span>\n<\/p>\n<p><input class=\"wpcf7-form-control wpcf7-submit has-spinner\" type=\"submit\" value=\"Envoyer\" \/>\n<\/p><div class=\"wpcf7-response-output\" aria-hidden=\"true\"><\/div>\n<\/form>\n<\/div>\n\n<p><span style=\"background-color: #00ff00;\">\n<\/div><h2 class=\"tabtitle\">Videos<\/h2>\n<div class=\"tabcontent\">\n<\/span><\/p>\n<div class=\"arrow-down\" style=\"margin-left: auto; margin-right: auto;\"><\/div>\n<div style=\"width: 200px; height: 300px; overflow: auto; background-color: white; margin-left: auto; margin-right: auto;\">\n<div style=\"width: 200px; height: 700px;\">\n<div class=\"rTableCell\">\n<div style=\"width: 190px\" class=\"wp-caption aligncenter\"><a href=\"http:\/\/www.youtube.com\/watch?v=Mc_vkoK3cUY\" target=\"_blank\" rel=\"noopener noreferrer\"><img loading=\"lazy\" decoding=\"async\" title=\"Un plan de carri\u00e8re, Pourquoi et quand ? [2 mars 2015] \" src=\"https:\/\/www.moroccodemia.com\/fr\/media\/2015\/10\/Mdemia-FHORACSITUATIONYTB1.png\" alt=\"Un plan de carri\u00e8re, Pourquoi et quand ? [2 mars 2015] \" width=\"180\" height=\"100\" \/><\/a><p class=\"wp-caption-text\">Un plan de carri\u00e8re, Pourquoi et quand ? [2 mars 2015]<\/p><\/div><\/div>\n<\/div>\n<\/div>\n<div class=\"arrow-up\" style=\"margin-left: auto; margin-right: auto;\"><\/div>\n<p><span style=\"background-color: #00ff00; font-family: verdana,geneva,sans-serif;\">\n<\/div><h2 class=\"tabtitle\">Liens<\/h2>\n<div class=\"tabcontent\">\n<\/span><\/p>\n<div class=\"arrow-down\" style=\"margin-left: auto; margin-right: auto;\"><\/div>\n<div style=\"width: 200px; height: 00px; overflow: auto; background-color: white; margin-left: auto; margin-right: auto;\">\n<div style=\"width: 200px; height: 700px;\"><\/div>\n<\/div>\n<div class=\"arrow-up\" style=\"margin-left: auto; margin-right: auto;\"><\/div>\n<p><span style=\"background-color: #00ff00; font-family: verdana,geneva,sans-serif;\"><\/div><\/div><\/span><\/p>\n<hr \/>\n<h2 style=\"text-align: center;\"><strong><span style=\"font-size: 14pt;\"><span style=\"font-family: verdana, geneva, sans-serif;\">Situation administrative<span style=\"font-size: 10pt;\"> des\u00a0<span style=\"font-family: verdana,geneva,sans-serif;\">Chercheurs marocains\/<\/span><\/span><\/span><\/span><\/strong><\/h2>\n<hr \/>\n<\/div>\n<\/div>\n<\/div>\n<\/div>\n","protected":false},"excerpt":{"rendered":"<p>Situation administrativedes\u00a0Chercheurs marocains Parcourir en arabeParcourir en anglais Situation administrative Carri\u00e8re d&rsquo;un enseignant-chercheur au Maroc Source: \u00ab\u00a0Personnel enseignant de l\u2019enseignement sup\u00e9rieur universitaire: Situation actuelle et perspectives \u00e0 l\u2019horizon 2020.\u00a0\u00bb Grille Grille Passage Professeur Habilit\u00e9 (PH) \u00e0 Professeur de l&rsquo;Enseignement Sup\u00e9rieur (PES) Grille\u00a0Calcul Passage Professeur Habilit\u00e9 (PH) \u00e0 Professeur de l&rsquo;Enseignement Sup\u00e9rieur (PES) Grille d&rsquo;Evaluation de [&hellip;]<\/p>\n","protected":false},"author":1,"featured_media":0,"parent":0,"menu_order":0,"comment_status":"closed","ping_status":"closed","template":"","meta":{"footnotes":""},"class_list":["post-1686","page","type-page","status-publish","hentry"],"yoast_head":"<!-- This site is optimized with the Yoast SEO plugin v27.3 - https:\/\/yoast.com\/product\/yoast-seo-wordpress\/ -->\n<title>Situation administrative des chercheurs marocains | moroccodemia<\/title>\n<meta name=\"robots\" content=\"index, follow, max-snippet:-1, max-image-preview:large, max-video-preview:-1\" \/>\n<link rel=\"canonical\" href=\"https:\/\/www.moroccodemia.com\/fr\/situation-administrative-des-chercheurs-marocains\/\" \/>\n<meta property=\"og:locale\" content=\"fr_FR\" \/>\n<meta property=\"og:type\" content=\"article\" \/>\n<meta property=\"og:title\" content=\"Carriere d&#039;un enseignant-chercheur marocain\" \/>\n<meta property=\"og:description\" content=\"Carri\u00e8re d&#039;un enseignant-chercheur marocain: Grilles, modalit\u00e9s, decrets, avancement, equivalences des dipl\u00f4mes [...]\" \/>\n<meta property=\"og:url\" content=\"https:\/\/www.moroccodemia.com\/fr\/situation-administrative-des-chercheurs-marocains\/\" \/>\n<meta property=\"og:site_name\" content=\"morocco academia french\" \/>\n<meta property=\"article:publisher\" content=\"https:\/\/www.facebook.com\/Morocco-academia-239938123438369\/\" \/>\n<meta property=\"article:modified_time\" content=\"2019-05-07T11:26:13+00:00\" \/>\n<meta property=\"og:image\" content=\"https:\/\/www.moroccodemia.com\/fr\/media\/2017\/05\/FacebookMoroccodemia.png\" \/>\n\t<meta property=\"og:image:width\" content=\"1200\" \/>\n\t<meta property=\"og:image:height\" content=\"630\" \/>\n\t<meta property=\"og:image:type\" content=\"image\/png\" \/>\n<meta name=\"twitter:card\" content=\"summary_large_image\" \/>\n<meta name=\"twitter:site\" content=\"@moroccodemia\" \/>\n<meta name=\"twitter:label1\" content=\"Dur\u00e9e de lecture estim\u00e9e\" \/>\n\t<meta name=\"twitter:data1\" content=\"2 minutes\" \/>\n<script type=\"application\/ld+json\" class=\"yoast-schema-graph\">{\"@context\":\"https:\\\/\\\/schema.org\",\"@graph\":[{\"@type\":\"WebPage\",\"@id\":\"https:\\\/\\\/www.moroccodemia.com\\\/fr\\\/situation-administrative-des-chercheurs-marocains\\\/\",\"url\":\"https:\\\/\\\/www.moroccodemia.com\\\/fr\\\/situation-administrative-des-chercheurs-marocains\\\/\",\"name\":\"Situation administrative des chercheurs marocains | moroccodemia\",\"isPartOf\":{\"@id\":\"https:\\\/\\\/www.moroccodemia.com\\\/fr\\\/#website\"},\"primaryImageOfPage\":{\"@id\":\"https:\\\/\\\/www.moroccodemia.com\\\/fr\\\/situation-administrative-des-chercheurs-marocains\\\/#primaryimage\"},\"image\":{\"@id\":\"https:\\\/\\\/www.moroccodemia.com\\\/fr\\\/situation-administrative-des-chercheurs-marocains\\\/#primaryimage\"},\"thumbnailUrl\":\"https:\\\/\\\/www.moroccodemia.com\\\/fr\\\/media\\\/2019\\\/01\\\/IconBlackLadder.png\",\"datePublished\":\"2015-10-19T10:20:14+00:00\",\"dateModified\":\"2019-05-07T11:26:13+00:00\",\"breadcrumb\":{\"@id\":\"https:\\\/\\\/www.moroccodemia.com\\\/fr\\\/situation-administrative-des-chercheurs-marocains\\\/#breadcrumb\"},\"inLanguage\":\"fr-FR\",\"potentialAction\":[{\"@type\":\"ReadAction\",\"target\":[\"https:\\\/\\\/www.moroccodemia.com\\\/fr\\\/situation-administrative-des-chercheurs-marocains\\\/\"]}]},{\"@type\":\"ImageObject\",\"inLanguage\":\"fr-FR\",\"@id\":\"https:\\\/\\\/www.moroccodemia.com\\\/fr\\\/situation-administrative-des-chercheurs-marocains\\\/#primaryimage\",\"url\":\"https:\\\/\\\/www.moroccodemia.com\\\/fr\\\/media\\\/2019\\\/01\\\/IconBlackLadder.png\",\"contentUrl\":\"https:\\\/\\\/www.moroccodemia.com\\\/fr\\\/media\\\/2019\\\/01\\\/IconBlackLadder.png\",\"width\":100,\"height\":100},{\"@type\":\"BreadcrumbList\",\"@id\":\"https:\\\/\\\/www.moroccodemia.com\\\/fr\\\/situation-administrative-des-chercheurs-marocains\\\/#breadcrumb\",\"itemListElement\":[{\"@type\":\"ListItem\",\"position\":1,\"name\":\"Accueil\",\"item\":\"https:\\\/\\\/www.moroccodemia.com\\\/fr\\\/\"},{\"@type\":\"ListItem\",\"position\":2,\"name\":\"Situation administrative des chercheurs marocains\"}]},{\"@type\":\"WebSite\",\"@id\":\"https:\\\/\\\/www.moroccodemia.com\\\/fr\\\/#website\",\"url\":\"https:\\\/\\\/www.moroccodemia.com\\\/fr\\\/\",\"name\":\"morocco academia french\",\"description\":\"L'information, tout simplement\",\"potentialAction\":[{\"@type\":\"SearchAction\",\"target\":{\"@type\":\"EntryPoint\",\"urlTemplate\":\"https:\\\/\\\/www.moroccodemia.com\\\/fr\\\/?s={search_term_string}\"},\"query-input\":{\"@type\":\"PropertyValueSpecification\",\"valueRequired\":true,\"valueName\":\"search_term_string\"}}],\"inLanguage\":\"fr-FR\"}]}<\/script>\n<!-- \/ Yoast SEO plugin. -->","yoast_head_json":{"title":"Situation administrative des chercheurs marocains | moroccodemia","robots":{"index":"index","follow":"follow","max-snippet":"max-snippet:-1","max-image-preview":"max-image-preview:large","max-video-preview":"max-video-preview:-1"},"canonical":"https:\/\/www.moroccodemia.com\/fr\/situation-administrative-des-chercheurs-marocains\/","og_locale":"fr_FR","og_type":"article","og_title":"Carriere d'un enseignant-chercheur marocain","og_description":"Carri\u00e8re d'un enseignant-chercheur marocain: Grilles, modalit\u00e9s, decrets, avancement, equivalences des dipl\u00f4mes [...]","og_url":"https:\/\/www.moroccodemia.com\/fr\/situation-administrative-des-chercheurs-marocains\/","og_site_name":"morocco academia french","article_publisher":"https:\/\/www.facebook.com\/Morocco-academia-239938123438369\/","article_modified_time":"2019-05-07T11:26:13+00:00","og_image":[{"width":1200,"height":630,"url":"https:\/\/www.moroccodemia.com\/fr\/media\/2017\/05\/FacebookMoroccodemia.png","type":"image\/png"}],"twitter_card":"summary_large_image","twitter_site":"@moroccodemia","twitter_misc":{"Dur\u00e9e de lecture estim\u00e9e":"2 minutes"},"schema":{"@context":"https:\/\/schema.org","@graph":[{"@type":"WebPage","@id":"https:\/\/www.moroccodemia.com\/fr\/situation-administrative-des-chercheurs-marocains\/","url":"https:\/\/www.moroccodemia.com\/fr\/situation-administrative-des-chercheurs-marocains\/","name":"Situation administrative des chercheurs marocains | moroccodemia","isPartOf":{"@id":"https:\/\/www.moroccodemia.com\/fr\/#website"},"primaryImageOfPage":{"@id":"https:\/\/www.moroccodemia.com\/fr\/situation-administrative-des-chercheurs-marocains\/#primaryimage"},"image":{"@id":"https:\/\/www.moroccodemia.com\/fr\/situation-administrative-des-chercheurs-marocains\/#primaryimage"},"thumbnailUrl":"https:\/\/www.moroccodemia.com\/fr\/media\/2019\/01\/IconBlackLadder.png","datePublished":"2015-10-19T10:20:14+00:00","dateModified":"2019-05-07T11:26:13+00:00","breadcrumb":{"@id":"https:\/\/www.moroccodemia.com\/fr\/situation-administrative-des-chercheurs-marocains\/#breadcrumb"},"inLanguage":"fr-FR","potentialAction":[{"@type":"ReadAction","target":["https:\/\/www.moroccodemia.com\/fr\/situation-administrative-des-chercheurs-marocains\/"]}]},{"@type":"ImageObject","inLanguage":"fr-FR","@id":"https:\/\/www.moroccodemia.com\/fr\/situation-administrative-des-chercheurs-marocains\/#primaryimage","url":"https:\/\/www.moroccodemia.com\/fr\/media\/2019\/01\/IconBlackLadder.png","contentUrl":"https:\/\/www.moroccodemia.com\/fr\/media\/2019\/01\/IconBlackLadder.png","width":100,"height":100},{"@type":"BreadcrumbList","@id":"https:\/\/www.moroccodemia.com\/fr\/situation-administrative-des-chercheurs-marocains\/#breadcrumb","itemListElement":[{"@type":"ListItem","position":1,"name":"Accueil","item":"https:\/\/www.moroccodemia.com\/fr\/"},{"@type":"ListItem","position":2,"name":"Situation administrative des chercheurs marocains"}]},{"@type":"WebSite","@id":"https:\/\/www.moroccodemia.com\/fr\/#website","url":"https:\/\/www.moroccodemia.com\/fr\/","name":"morocco academia french","description":"L'information, tout simplement","potentialAction":[{"@type":"SearchAction","target":{"@type":"EntryPoint","urlTemplate":"https:\/\/www.moroccodemia.com\/fr\/?s={search_term_string}"},"query-input":{"@type":"PropertyValueSpecification","valueRequired":true,"valueName":"search_term_string"}}],"inLanguage":"fr-FR"}]}},"_links":{"self":[{"href":"https:\/\/www.moroccodemia.com\/fr\/wp-json\/wp\/v2\/pages\/1686","targetHints":{"allow":["GET"]}}],"collection":[{"href":"https:\/\/www.moroccodemia.com\/fr\/wp-json\/wp\/v2\/pages"}],"about":[{"href":"https:\/\/www.moroccodemia.com\/fr\/wp-json\/wp\/v2\/types\/page"}],"author":[{"embeddable":true,"href":"https:\/\/www.moroccodemia.com\/fr\/wp-json\/wp\/v2\/users\/1"}],"replies":[{"embeddable":true,"href":"https:\/\/www.moroccodemia.com\/fr\/wp-json\/wp\/v2\/comments?post=1686"}],"version-history":[{"count":3,"href":"https:\/\/www.moroccodemia.com\/fr\/wp-json\/wp\/v2\/pages\/1686\/revisions"}],"predecessor-version":[{"id":11963,"href":"https:\/\/www.moroccodemia.com\/fr\/wp-json\/wp\/v2\/pages\/1686\/revisions\/11963"}],"wp:attachment":[{"href":"https:\/\/www.moroccodemia.com\/fr\/wp-json\/wp\/v2\/media?parent=1686"}],"curies":[{"name":"wp","href":"https:\/\/api.w.org\/{rel}","templated":true}]}}