{"id":137,"date":"2015-08-23T16:34:06","date_gmt":"2015-08-23T16:34:06","guid":{"rendered":"https:\/\/www.moroccodemia.com\/fr\/?page_id=137"},"modified":"2021-01-28T10:47:31","modified_gmt":"2021-01-28T09:47:31","slug":"projets-et-investissements-au-maroc","status":"publish","type":"page","link":"https:\/\/www.moroccodemia.com\/fr\/projets-et-investissements-au-maroc\/","title":{"rendered":"Projets et investissements au Maroc"},"content":{"rendered":"<div class=\"rTable\">\n<div class=\"rTableBody\">\n<div class=\"rTableRow\">\n<div class=\"rTableHead\">\n<hr \/>\n<h1 class=\"h1pagetitle\">Projets et investissements au Maroc<\/h1>\n<div class=\"dropdown1\"><span class=\"dropdown1\"><button class=\"dropbtn1\"><\/button><br class=\"blank\" \/><span class=\"dropdown1-content\"><a href=\"https:\/\/www.moroccodemia.com\/ar\/%D8%A7%D9%84%D9%85%D9%85%D9%84%D9%83%D8%A9-%D8%A7%D9%84%D9%85%D8%BA%D8%B1%D8%A8%D9%8A%D8%A9-%D9%85%D8%B4%D8%A7%D8%B1%D9%8A%D8%B9-%D9%88-%D8%A7%D8%B3%D8%AA%D8%AB%D9%85%D8%A7%D8%B1%D8%A7%D8%AA\/\">Parcourir en arabe<\/a><a href=\"https:\/\/www.moroccodemia.com\/en\/projects-and-investment-in-morocco\/\">Parcourir en anglais<\/a><\/span><\/span><\/div>\n<hr \/>\n<div class=\"banner\"><img loading=\"lazy\" decoding=\"async\" class=\"banner-image\" src=\"https:\/\/www.moroccodemia.com\/fr\/media\/2020\/06\/IconBlackKingdom.png\" style=\"vertical-align: middle;\" alt=\"Projets et investissements au Maroc\" title=\"Projets et investissements au Maroc\" width=\"80\" height=\"80\" \/><\/div>\n<p dir=\"ltr\"><span style=\"font-family: verdana, geneva, sans-serif;\"><div class=\"responsive-tabs\">\n<h2 class=\"tabtitle\">Aper\u00e7u<\/h2>\n<div class=\"tabcontent\">\n<\/span><\/p>\n<h2 class=\"h2MainContent\"><span style=\"font-family: verdana,geneva,sans-serif; font-size: 10pt;\"><strong>Quelles sont les variantes du nom \u00ab\u00a0Maroc&rsquo;?<\/strong><\/span><\/h2>\n<p><span style=\"font-family: verdana,geneva,sans-serif;\"><span style=\"font-size: 10pt;\">Officiellement<\/span> <span style=\"font-size: 18pt;\"><strong>Royaume du Maroc<\/strong><\/span><span style=\"font-size: 10pt;\">, mais<\/span> <span style=\"font-size: 18pt;\"><strong>Maroc<\/strong><\/span> <span style=\"font-size: 10pt;\">reste le nom le plus utilis<span style=\"font-family: verdana,geneva,sans-serif; font-size: 10pt;\">\u00e9<\/span>.<\/span><\/span><\/p>\n<h3 class=\"h3MainContent\"><span style=\"font-family: verdana,geneva,sans-serif; font-size: 10pt;\"><strong>Quelle est la situation g\u00e9ographique du Maroc?<\/strong><strong><br \/>\n<\/strong>Le Maroc est situ\u00e9 en <span style=\"font-size: 18pt;\"><strong>Afrique du Nord<\/strong><\/span>.<\/span><\/h3>\n<p><img loading=\"lazy\" decoding=\"async\" src=\"https:\/\/www.moroccodemia.com\/fr\/media\/2015\/08\/MapOrangeMorocco600x400.png\" alt=\"Projets et investissements\" width=\"600\" height=\"400\" class=\"aligncenter wp-image-7517 size-full\" title=\"Projets et investissements\" srcset=\"https:\/\/www.moroccodemia.com\/fr\/media\/2015\/08\/MapOrangeMorocco600x400.png 600w, https:\/\/www.moroccodemia.com\/fr\/media\/2015\/08\/MapOrangeMorocco600x400-300x200.png 300w\" sizes=\"auto, (max-width: 600px) 100vw, 600px\" \/><\/p>\n<h3 class=\"h3MainContent\"><span style=\"font-family: verdana,geneva,sans-serif; font-size: 10pt;\"><strong>Quelle est la superficie du Maroc?<\/strong><strong><\/strong><\/span><\/h3>\n<p><span style=\"font-family: verdana,geneva,sans-serif; font-size: 10pt;\"><span style=\"font-size: 18pt;\"><span style=\"font-size: 10pt;\">Le Maroc est situ<span class=\"st\">\u00e9<\/span> sur une sup<span class=\"st\">e<\/span>rficie de <\/span>[<strong>453,730<\/strong> km<sup>2<\/sup>]<\/span> [175,186 mi<sup>2<\/sup>].<\/span><\/p>\n<h3 class=\"h3MainContent\"><span style=\"font-family: verdana,geneva,sans-serif; font-size: 10pt;\"><strong>Quelle est la population du Maroc?<\/strong><strong><\/strong><\/span><\/h3>\n<p><span style=\"font-family: verdana,geneva,sans-serif; font-size: 10pt;\"><span style=\"font-size: 18pt;\">[<strong>34<\/strong> million]<\/span> est la population du Maroc (Recensement <strong>2014<\/strong>).<\/span><\/p>\n<h3 class=\"h3MainContent\"><span style=\"font-family: verdana,geneva,sans-serif; font-size: 10pt;\"><strong>Quelle est la capitale?<\/strong><strong><\/strong><\/span><\/h3>\n<p><span style=\"font-family: verdana,geneva,sans-serif; font-size: 10pt;\"><span style=\"font-size: 18pt;\"><strong>Rabat<\/strong><\/span> est la capitale du Maroc.<\/span><\/p>\n<h3 class=\"h3MainContent\"><span style=\"font-family: verdana,geneva,sans-serif; font-size: 10pt;\"><strong>Quelle est la nature du syst\u00e8me politique?<\/strong><strong><\/strong><\/span><\/h3>\n<p><span style=\"font-family: verdana,geneva,sans-serif; font-size: 10pt;\">Le Maroc est une <strong><span style=\"font-size: 18pt;\">monarchie constitutionnelle<\/span>.<\/strong><strong><br \/>\n<\/strong><\/span><\/p>\n<h3 class=\"h3MainContent\"><span style=\"font-family: verdana,geneva,sans-serif; font-size: 10pt;\"><strong>Qui est le Chef de l&rsquo;\u00c9tat?<\/strong><strong><\/strong><\/span><\/h3>\n<p><span style=\"font-family: verdana,geneva,sans-serif; font-size: 10pt;\">Le <span style=\"font-size: 18pt;\"><strong>Roi Mohammed VI<\/strong><\/span> est le Chef de l&rsquo;\u00c9tat.<\/span><\/p>\n<h3 class=\"h3MainContent\"><span style=\"font-family: verdana,geneva,sans-serif; font-size: 10pt;\"><strong>Qui est le Chef du Gouvernement?<\/strong><\/span><\/h3>\n<p><span style=\"font-family: verdana,geneva,sans-serif; font-size: 10pt;\">Le <span style=\"font-size: 18pt;\"><strong>Premier Ministre Saad-Eddine El Othmani<\/strong><\/span>\u00a0est le Chef du Gouvernement<\/span><\/p>\n<h3 class=\"h3MainContent\"><span style=\"font-family: verdana,geneva,sans-serif; font-size: 10pt;\"><strong>Quelle est la langue officielle?<\/strong><strong><\/strong><\/span><\/h3>\n<p><span style=\"font-family: verdana,geneva,sans-serif; font-size: 10pt;\">L&rsquo;<span style=\"font-size: 18pt;\"><strong>Arabe<\/strong><\/span> et l&rsquo;<span style=\"font-size: 18pt;\"><strong>Amazighe<\/strong><\/span> (Berb\u00e8re) sont les deux langues officielles.<\/span><\/p>\n<h3 class=\"h3MainContent\"><span style=\"font-family: verdana,geneva,sans-serif; font-size: 10pt;\"><strong>Quelle est la monnaie nationale?<\/strong><strong><\/strong><\/span><\/h3>\n<p><span style=\"font-family: verdana,geneva,sans-serif; font-size: 10pt;\">La monnaie nationale est le <span style=\"font-size: 18pt;\"><strong>dirham<\/strong><\/span> (DH).<\/span><\/p>\n<hr class=\"footer\" \/>\n<div class=\"Hidden\">\n<p><a href=\"#\" class=\"img-wrapper\"><img decoding=\"async\" src=\"http:\/\/www.moroccodemia.com\/en\/media\/2016\/07\/IconUserShadowBlackOrange120x120.png\" \/><\/a><\/p>\n<div class=\"comment-content\">\n<blockquote><p><span style=\"font-size: 10pt;\"><img loading=\"lazy\" decoding=\"async\" src=\"http:\/\/www.moroccodemia.com\/en\/media\/2016\/07\/Quotation-Marks_OrangeOpening40x40.png\" alt=\"\" width=\"20\" height=\"20\" class=\"alignnone wp-image-9502\" \/>\u00a0Salam alaykoum,<\/span><\/p>\n<p><span style=\"font-size: 10pt;\">Je suis un \u00e9tudiant Belge (converti \u00e0 l&rsquo;islam) d&rsquo;origine italienne, dipl\u00f4m\u00e9 de l&rsquo;universit\u00e9 islamique de M\u00e9dine (Arabie Saudite) Facult\u00e9 des Fondements de la Religion et de la pr\u00eache, je suis en ce moment en \u00e9tude sup\u00e9rieur apr\u00e8s avoir obtenu ma Licence (mention tr\u00e8s bien : 4.11\/5), il me reste une ann\u00e9e in cha Allah ( le haut dipl\u00f4me toujours dans la m\u00eame facult\u00e9 ) o\u00f9 je devrais pr\u00e9senter une recherche, je voudrais savoir si il me sera possible de continu\u00e9 des \u00e9tudes sup\u00e9rieurs au Maroc (Doctorat), si oui quelles sont les opportunit\u00e9es qui me sont offertes ? o\u00f9 cela ?<\/span><\/p>\n<p><span style=\"font-size: 10pt;\">Je vous remercie d&rsquo;avance pour toute l&rsquo;attention port\u00e9e \u00e0 ce message.<\/span><img loading=\"lazy\" decoding=\"async\" src=\"http:\/\/www.moroccodemia.com\/en\/media\/2015\/10\/Quotation-Marks_OrangeClosing40x40.png\" alt=\"\" width=\"20\" height=\"20\" class=\"alignnone wp-image-8519\" style=\"font-size: 10pt;\" \/><\/p><\/blockquote>\n<p><span style=\"font-size: 10pt;\"><span style=\"color: #808080;\">Commentaire:<\/span>\u00a0Loris Menegon<br \/>\n<\/span><span style=\"font-size: 8pt; color: #808080;\">[28 octobre 2017,\u00a0 08:35 ]<\/span><\/p>\n<p><a href=\"#page-part\"><img loading=\"lazy\" decoding=\"async\" src=\"http:\/\/www.moroccodemia.com\/en\/media\/2016\/05\/IconLetter30x20.png\" alt=\"Reply\" width=\"30\" height=\"20\" class=\"alignnone wp-image-9672 size-full\" title=\"Reply\" \/><\/a><\/p>\n<\/div>\n<\/div>\n<h2 class=\"h2MainContent\" id=\"page-part\" style=\"text-align: left;\"><strong><span style=\"font-size: 10pt;\">AJOUTER UN COMMENTAIRE<\/span><\/strong><\/h2>\n\n<div class=\"wpcf7 no-js\" id=\"wpcf7-f8536-o1\" lang=\"fr-FR\" dir=\"ltr\" data-wpcf7-id=\"8536\">\n<div class=\"screen-reader-response\"><p role=\"status\" aria-live=\"polite\" aria-atomic=\"true\"><\/p> <ul><\/ul><\/div>\n<form action=\"\/fr\/wp-json\/wp\/v2\/pages\/137#wpcf7-f8536-o1\" method=\"post\" class=\"wpcf7-form init\" aria-label=\"Formulaire de contact\" novalidate=\"novalidate\" data-status=\"init\">\n<fieldset class=\"hidden-fields-container\"><input type=\"hidden\" name=\"_wpcf7\" value=\"8536\" \/><input type=\"hidden\" name=\"_wpcf7_version\" value=\"6.1.5\" \/><input type=\"hidden\" name=\"_wpcf7_locale\" value=\"fr_FR\" \/><input type=\"hidden\" name=\"_wpcf7_unit_tag\" value=\"wpcf7-f8536-o1\" \/><input type=\"hidden\" name=\"_wpcf7_container_post\" value=\"0\" \/><input type=\"hidden\" name=\"_wpcf7_posted_data_hash\" value=\"\" \/><input type=\"hidden\" name=\"_wpcf7dtx_version\" value=\"5.0.5\" \/><input type=\"hidden\" name=\"_wpcf7_recaptcha_response\" value=\"\" \/>\n<\/fieldset>\n<span class=\"wpcf7-form-control-wrap chapter\" data-name=\"chapter\"><input type=\"hidden\" name=\"chapter\" class=\"wpcf7-form-control wpcf7-hidden wpcf7dtx wpcf7dtx-hidden\" aria-invalid=\"false\" value=\"Projets et investissements au Maroc\"><\/span>\n<p>Votre commentaire:\n<\/p>\n<p><span class=\"wpcf7-form-control-wrap\" data-name=\"your-message\"><textarea cols=\"40\" rows=\"10\" maxlength=\"2000\" class=\"wpcf7-form-control wpcf7-textarea\" aria-invalid=\"false\" name=\"your-message\"><\/textarea><\/span>\n<\/p>\n<p>*Votre nom:\n<\/p>\n<p><span class=\"wpcf7-form-control-wrap\" data-name=\"your-name\"><input size=\"40\" maxlength=\"400\" class=\"wpcf7-form-control wpcf7-text wpcf7-validates-as-required\" aria-required=\"true\" aria-invalid=\"false\" value=\"\" type=\"text\" name=\"your-name\" \/><\/span>\n<\/p>\n<p>*Votre email:\n<\/p>\n<p><span class=\"wpcf7-form-control-wrap\" data-name=\"your-email\"><input size=\"40\" maxlength=\"400\" class=\"wpcf7-form-control wpcf7-email wpcf7-validates-as-required wpcf7-text wpcf7-validates-as-email\" aria-required=\"true\" aria-invalid=\"false\" value=\"\" type=\"email\" name=\"your-email\" \/><\/span>\n<\/p>\n<p><input class=\"wpcf7-form-control wpcf7-submit has-spinner\" type=\"submit\" value=\"Envoyer\" \/>\n<\/p><div class=\"wpcf7-response-output\" aria-hidden=\"true\"><\/div>\n<\/form>\n<\/div>\n\n\n<\/div><h2 class=\"tabtitle\">Vid\u00e9os<\/h2>\n<div class=\"tabcontent\">\n\n<div class=\"youtube-player\" data-id=\"fkFH-ckUAYw\"><img decoding=\"async\" src=\"https:\/\/i1.wp.com\/i.ytimg.com\/vi\/fkFH-ckUAYw\/hqdefault.jpg?ssl=1\" data-recalc-dims=\"1\" class=\"aligncenter\" alt=\"\" \/><\/p>\n<div class=\"play\"><\/div>\n<\/div>\n<p dir=\"rtl\">Inauguration \u00e0 Casablanca de l&rsquo;usine de Nexans &#8211; 19 janvier 2021<\/p>\n<div class=\"youtube-player\" data-id=\"o1yX9TrXg7s\">\n<p><img decoding=\"async\" src=\"https:\/\/i1.wp.com\/i.ytimg.com\/vi\/o1yX9TrXg7s\/hqdefault.jpg?ssl=1\" data-recalc-dims=\"1\" class=\"aligncenter\" alt=\"\" \/><\/p>\n<\/div>\n<p dir=\"rtl\" style=\"text-align: left;\"><span style=\"font-size: 8pt;\">Sumitomo et Yazaki investissent 912 millions de dirhams au Maroc &#8211; 12 Janvier 2021<\/span><\/p>\n<div class=\"youtube-player\" data-id=\"Mg5yxrUNWKQ\"><img decoding=\"async\" src=\"https:\/\/i1.wp.com\/i.ytimg.com\/vi\/Mg5yxrUNWKQ\/hqdefault.jpg?ssl=1\" data-recalc-dims=\"1\" class=\"aligncenter\" alt=\"\" \/><\/div>\n<p data-tadv-p=\"keep\" dir=\"ltr\" style=\"font-size: 8pt;\">Le Maroc compte des pays amis tandis que ses ennemis entretiennent juste des relations d&rsquo;affaires -17 f\u00e9vrier 2020<\/p>\n<div class=\"ytb-placeholder\">\n<p><span class=\"top-left-text\"><span style=\"font-size: 24pt;\">Autres vid\u00e9os<\/span><\/span><\/p>\n<p><img loading=\"lazy\" decoding=\"async\" class=\"top-right-img\" src=\"https:\/\/www.moroccodemia.com\/fr\/media\/2019\/09\/IconOrangeCamera30x30.png\" alt=\"Icon Camera\" width=\"30\" height=\"30\" title=\"Autres vid\u00e9os\" \/><\/p>\n<p><img loading=\"lazy\" decoding=\"async\" class=\"centered-img-Grey\" src=\"https:\/\/www.moroccodemia.com\/fr\/media\/2019\/09\/IconPlay100x100.png\" alt=\"Icon Play\" width=\"75\" height=\"75\" title=\"Autres vid\u00e9os\" \/><\/p>\n<p><img loading=\"lazy\" decoding=\"async\" class=\"centered-img-Orange\" src=\"https:\/\/www.moroccodemia.com\/fr\/media\/2019\/09\/IconOrangePlay100x100.png\" alt=\"Icon Play\" width=\"75\" height=\"75\" title=\"Autres vid\u00e9os\" \/><\/p>\n<p><a class=\"linkSpanner\" href=\"https:\/\/www.moroccodemia.com\/fr\/image-et-son-projets-et-investissement-au-maroc\/\"><\/a><\/p>\n<\/div>\n<p><span style=\"font-family: verdana, geneva, sans-serif;\">\n<\/div><h2 class=\"tabtitle\">Liens<\/h2>\n<div class=\"tabcontent\">\n<\/span><\/p>\n<div class=\"arrow-down\" style=\"margin-left: auto; margin-right: auto;\"><\/div>\n<div style=\"width: 200px; height: 00px; overflow: auto; background-color: white; margin-left: auto; margin-right: auto;\">\n<div style=\"width: 200px; height: 700px;\"><\/div>\n<\/div>\n<div class=\"arrow-up\" style=\"margin-left: auto; margin-right: auto;\"><\/div>\n<p><span style=\"font-family: verdana, geneva, sans-serif;\"><\/div><\/div><\/span><\/p>\n<hr \/>\n<h2 style=\"text-align: center;\"><span style=\"font-size: 14pt; font-family: verdana, geneva, sans-serif;\"><strong><span style=\"font-size: 14pt; font-family: verdana, geneva, sans-serif;\" mce-data-marked=\"1\">Projets et investissements<span style=\"font-size: 10pt;\"> au Maroc\/<\/span><\/span><\/strong><\/span><\/h2>\n<hr \/>\n<\/div>\n<\/div>\n<\/div>\n<\/div>\n","protected":false},"excerpt":{"rendered":"<p>Projets et investissements au Maroc Parcourir en arabeParcourir en anglais Quelles sont les variantes du nom \u00ab\u00a0Maroc&rsquo;? Officiellement Royaume du Maroc, mais Maroc reste le nom le plus utilis\u00e9. Quelle est la situation g\u00e9ographique du Maroc? Le Maroc est situ\u00e9 en Afrique du Nord. Quelle est la superficie du Maroc? Le Maroc est situ\u00e9 sur [&hellip;]<\/p>\n","protected":false},"author":1,"featured_media":0,"parent":0,"menu_order":0,"comment_status":"closed","ping_status":"closed","template":"","meta":{"footnotes":""},"class_list":["post-137","page","type-page","status-publish","hentry"],"yoast_head":"<!-- This site is optimized with the Yoast SEO plugin v27.4 - https:\/\/yoast.com\/product\/yoast-seo-wordpress\/ -->\n<title>Projets et Investissements au Maroc | moroccodemia fran\u00e7ais<\/title>\n<meta name=\"robots\" content=\"index, follow, max-snippet:-1, max-image-preview:large, max-video-preview:-1\" \/>\n<link rel=\"canonical\" href=\"https:\/\/www.moroccodemia.com\/fr\/projets-et-investissements-au-maroc\/\" \/>\n<meta property=\"og:locale\" content=\"fr_FR\" \/>\n<meta property=\"og:type\" content=\"article\" \/>\n<meta property=\"og:title\" content=\"Projets et Investissements au Maroc | moroccodemia fran\u00e7ais\" \/>\n<meta property=\"og:description\" content=\"Projets et investissements au Maroc Parcourir en arabeParcourir en anglais Quelles sont les variantes du nom \u00ab\u00a0Maroc&rsquo;? Officiellement Royaume du Maroc, mais Maroc reste le nom le plus utilis\u00e9. Quelle est la situation g\u00e9ographique du Maroc? Le Maroc est situ\u00e9 en Afrique du Nord. Quelle est la superficie du Maroc? Le Maroc est situ\u00e9 sur [&hellip;]\" \/>\n<meta property=\"og:url\" content=\"https:\/\/www.moroccodemia.com\/fr\/projets-et-investissements-au-maroc\/\" \/>\n<meta property=\"og:site_name\" content=\"morocco academia french\" \/>\n<meta property=\"article:publisher\" content=\"https:\/\/www.facebook.com\/Morocco-academia-239938123438369\/\" \/>\n<meta property=\"article:modified_time\" content=\"2021-01-28T09:47:31+00:00\" \/>\n<meta property=\"og:image\" content=\"https:\/\/www.moroccodemia.com\/fr\/media\/2020\/06\/IconBlackKingdom.png\" \/>\n<meta name=\"twitter:card\" content=\"summary_large_image\" \/>\n<meta name=\"twitter:site\" content=\"@moroccodemia\" \/>\n<meta name=\"twitter:label1\" content=\"Dur\u00e9e de lecture estim\u00e9e\" \/>\n\t<meta name=\"twitter:data1\" content=\"2 minutes\" \/>\n<script type=\"application\/ld+json\" class=\"yoast-schema-graph\">{\"@context\":\"https:\\\/\\\/schema.org\",\"@graph\":[{\"@type\":\"WebPage\",\"@id\":\"https:\\\/\\\/www.moroccodemia.com\\\/fr\\\/projets-et-investissements-au-maroc\\\/\",\"url\":\"https:\\\/\\\/www.moroccodemia.com\\\/fr\\\/projets-et-investissements-au-maroc\\\/\",\"name\":\"Projets et Investissements au Maroc | moroccodemia fran\u00e7ais\",\"isPartOf\":{\"@id\":\"https:\\\/\\\/www.moroccodemia.com\\\/fr\\\/#website\"},\"primaryImageOfPage\":{\"@id\":\"https:\\\/\\\/www.moroccodemia.com\\\/fr\\\/projets-et-investissements-au-maroc\\\/#primaryimage\"},\"image\":{\"@id\":\"https:\\\/\\\/www.moroccodemia.com\\\/fr\\\/projets-et-investissements-au-maroc\\\/#primaryimage\"},\"thumbnailUrl\":\"https:\\\/\\\/www.moroccodemia.com\\\/fr\\\/media\\\/2020\\\/06\\\/IconBlackKingdom.png\",\"datePublished\":\"2015-08-23T16:34:06+00:00\",\"dateModified\":\"2021-01-28T09:47:31+00:00\",\"breadcrumb\":{\"@id\":\"https:\\\/\\\/www.moroccodemia.com\\\/fr\\\/projets-et-investissements-au-maroc\\\/#breadcrumb\"},\"inLanguage\":\"fr-FR\",\"potentialAction\":[{\"@type\":\"ReadAction\",\"target\":[\"https:\\\/\\\/www.moroccodemia.com\\\/fr\\\/projets-et-investissements-au-maroc\\\/\"]}]},{\"@type\":\"ImageObject\",\"inLanguage\":\"fr-FR\",\"@id\":\"https:\\\/\\\/www.moroccodemia.com\\\/fr\\\/projets-et-investissements-au-maroc\\\/#primaryimage\",\"url\":\"https:\\\/\\\/www.moroccodemia.com\\\/fr\\\/media\\\/2020\\\/06\\\/IconBlackKingdom.png\",\"contentUrl\":\"https:\\\/\\\/www.moroccodemia.com\\\/fr\\\/media\\\/2020\\\/06\\\/IconBlackKingdom.png\",\"width\":100,\"height\":100},{\"@type\":\"BreadcrumbList\",\"@id\":\"https:\\\/\\\/www.moroccodemia.com\\\/fr\\\/projets-et-investissements-au-maroc\\\/#breadcrumb\",\"itemListElement\":[{\"@type\":\"ListItem\",\"position\":1,\"name\":\"Accueil\",\"item\":\"https:\\\/\\\/www.moroccodemia.com\\\/fr\\\/\"},{\"@type\":\"ListItem\",\"position\":2,\"name\":\"Projets et investissements au Maroc\"}]},{\"@type\":\"WebSite\",\"@id\":\"https:\\\/\\\/www.moroccodemia.com\\\/fr\\\/#website\",\"url\":\"https:\\\/\\\/www.moroccodemia.com\\\/fr\\\/\",\"name\":\"morocco academia french\",\"description\":\"L'information, tout simplement\",\"potentialAction\":[{\"@type\":\"SearchAction\",\"target\":{\"@type\":\"EntryPoint\",\"urlTemplate\":\"https:\\\/\\\/www.moroccodemia.com\\\/fr\\\/?s={search_term_string}\"},\"query-input\":{\"@type\":\"PropertyValueSpecification\",\"valueRequired\":true,\"valueName\":\"search_term_string\"}}],\"inLanguage\":\"fr-FR\"}]}<\/script>\n<!-- \/ Yoast SEO plugin. -->","yoast_head_json":{"title":"Projets et Investissements au Maroc | moroccodemia fran\u00e7ais","robots":{"index":"index","follow":"follow","max-snippet":"max-snippet:-1","max-image-preview":"max-image-preview:large","max-video-preview":"max-video-preview:-1"},"canonical":"https:\/\/www.moroccodemia.com\/fr\/projets-et-investissements-au-maroc\/","og_locale":"fr_FR","og_type":"article","og_title":"Projets et Investissements au Maroc | moroccodemia fran\u00e7ais","og_description":"Projets et investissements au Maroc Parcourir en arabeParcourir en anglais Quelles sont les variantes du nom \u00ab\u00a0Maroc&rsquo;? Officiellement Royaume du Maroc, mais Maroc reste le nom le plus utilis\u00e9. Quelle est la situation g\u00e9ographique du Maroc? Le Maroc est situ\u00e9 en Afrique du Nord. Quelle est la superficie du Maroc? Le Maroc est situ\u00e9 sur [&hellip;]","og_url":"https:\/\/www.moroccodemia.com\/fr\/projets-et-investissements-au-maroc\/","og_site_name":"morocco academia french","article_publisher":"https:\/\/www.facebook.com\/Morocco-academia-239938123438369\/","article_modified_time":"2021-01-28T09:47:31+00:00","og_image":[{"url":"https:\/\/www.moroccodemia.com\/fr\/media\/2020\/06\/IconBlackKingdom.png","type":"","width":"","height":""}],"twitter_card":"summary_large_image","twitter_site":"@moroccodemia","twitter_misc":{"Dur\u00e9e de lecture estim\u00e9e":"2 minutes"},"schema":{"@context":"https:\/\/schema.org","@graph":[{"@type":"WebPage","@id":"https:\/\/www.moroccodemia.com\/fr\/projets-et-investissements-au-maroc\/","url":"https:\/\/www.moroccodemia.com\/fr\/projets-et-investissements-au-maroc\/","name":"Projets et Investissements au Maroc | moroccodemia fran\u00e7ais","isPartOf":{"@id":"https:\/\/www.moroccodemia.com\/fr\/#website"},"primaryImageOfPage":{"@id":"https:\/\/www.moroccodemia.com\/fr\/projets-et-investissements-au-maroc\/#primaryimage"},"image":{"@id":"https:\/\/www.moroccodemia.com\/fr\/projets-et-investissements-au-maroc\/#primaryimage"},"thumbnailUrl":"https:\/\/www.moroccodemia.com\/fr\/media\/2020\/06\/IconBlackKingdom.png","datePublished":"2015-08-23T16:34:06+00:00","dateModified":"2021-01-28T09:47:31+00:00","breadcrumb":{"@id":"https:\/\/www.moroccodemia.com\/fr\/projets-et-investissements-au-maroc\/#breadcrumb"},"inLanguage":"fr-FR","potentialAction":[{"@type":"ReadAction","target":["https:\/\/www.moroccodemia.com\/fr\/projets-et-investissements-au-maroc\/"]}]},{"@type":"ImageObject","inLanguage":"fr-FR","@id":"https:\/\/www.moroccodemia.com\/fr\/projets-et-investissements-au-maroc\/#primaryimage","url":"https:\/\/www.moroccodemia.com\/fr\/media\/2020\/06\/IconBlackKingdom.png","contentUrl":"https:\/\/www.moroccodemia.com\/fr\/media\/2020\/06\/IconBlackKingdom.png","width":100,"height":100},{"@type":"BreadcrumbList","@id":"https:\/\/www.moroccodemia.com\/fr\/projets-et-investissements-au-maroc\/#breadcrumb","itemListElement":[{"@type":"ListItem","position":1,"name":"Accueil","item":"https:\/\/www.moroccodemia.com\/fr\/"},{"@type":"ListItem","position":2,"name":"Projets et investissements au Maroc"}]},{"@type":"WebSite","@id":"https:\/\/www.moroccodemia.com\/fr\/#website","url":"https:\/\/www.moroccodemia.com\/fr\/","name":"morocco academia french","description":"L'information, tout simplement","potentialAction":[{"@type":"SearchAction","target":{"@type":"EntryPoint","urlTemplate":"https:\/\/www.moroccodemia.com\/fr\/?s={search_term_string}"},"query-input":{"@type":"PropertyValueSpecification","valueRequired":true,"valueName":"search_term_string"}}],"inLanguage":"fr-FR"}]}},"_links":{"self":[{"href":"https:\/\/www.moroccodemia.com\/fr\/wp-json\/wp\/v2\/pages\/137","targetHints":{"allow":["GET"]}}],"collection":[{"href":"https:\/\/www.moroccodemia.com\/fr\/wp-json\/wp\/v2\/pages"}],"about":[{"href":"https:\/\/www.moroccodemia.com\/fr\/wp-json\/wp\/v2\/types\/page"}],"author":[{"embeddable":true,"href":"https:\/\/www.moroccodemia.com\/fr\/wp-json\/wp\/v2\/users\/1"}],"replies":[{"embeddable":true,"href":"https:\/\/www.moroccodemia.com\/fr\/wp-json\/wp\/v2\/comments?post=137"}],"version-history":[{"count":3,"href":"https:\/\/www.moroccodemia.com\/fr\/wp-json\/wp\/v2\/pages\/137\/revisions"}],"predecessor-version":[{"id":13957,"href":"https:\/\/www.moroccodemia.com\/fr\/wp-json\/wp\/v2\/pages\/137\/revisions\/13957"}],"wp:attachment":[{"href":"https:\/\/www.moroccodemia.com\/fr\/wp-json\/wp\/v2\/media?parent=137"}],"curies":[{"name":"wp","href":"https:\/\/api.w.org\/{rel}","templated":true}]}}