{"id":13321,"date":"2020-06-07T17:56:32","date_gmt":"2020-06-07T17:56:32","guid":{"rendered":"https:\/\/www.moroccodemia.com\/fr\/?page_id=13321"},"modified":"2021-01-28T10:48:00","modified_gmt":"2021-01-28T09:48:00","slug":"image-et-son-projets-et-investissement-au-maroc","status":"publish","type":"page","link":"https:\/\/www.moroccodemia.com\/fr\/image-et-son-projets-et-investissement-au-maroc\/","title":{"rendered":"Image et son: Projets et Investissement au Maroc"},"content":{"rendered":"<div class=\"rTable\">\n<div class=\"rTableBody\">\n<div class=\"rTableRow\">\n<div class=\"rTableHead\">\n<hr \/>\n<h1 class=\"h1pagetitle\">Image et Son:<br class=\"blank\" \/>Projets et Investissement au Maroc<\/h1>\n<div class=\"dropdown1\"><span><button class=\"dropbtn1\"><\/button><br class=\"blank\" \/><span class=\"dropdown1-content\"><a href=\"https:\/\/www.moroccodemia.com\/\/ar\/%d8%a8%d8%a7%d9%84%d8%b5%d9%88%d8%aa-%d9%88%d8%a7%d9%84%d8%b5%d9%88%d8%b1%d8%a9-%d8%a7%d9%84%d9%85%d9%85%d9%84%d9%83%d8%a9-%d8%a7%d9%84%d9%85%d8%ba%d8%b1%d8%a8%d9%8a%d8%a9\/\">Parcourir en arabe<\/a><a href=\"https:\/\/www.moroccodemia.com\/en\/kingdom-of-morocco-sound-and-image\/\">Parcourir en anglais<\/a><\/span><\/span><\/div>\n<hr \/>\n<div class=\"banner\"><img loading=\"lazy\" decoding=\"async\" class=\"banner-image\" src=\"https:\/\/www.moroccodemia.com\/fr\/media\/2020\/06\/IconBlackKingdom.png\" alt=\"\" width=\"80\" height=\"80\" \/><\/div>\n<div class=\"youtube-player\" data-id=\"fkFH-ckUAYw\"><img decoding=\"async\" src=\"https:\/\/i1.wp.com\/i.ytimg.com\/vi\/fkFH-ckUAYw\/hqdefault.jpg?ssl=1\" data-recalc-dims=\"1\" class=\"aligncenter\" alt=\"\" \/><\/p>\n<div class=\"play\"><\/div>\n<\/div>\n<p dir=\"rtl\">Inauguration \u00e0 Casablanca de l&rsquo;usine de Nexans &#8211; 19 janvier 2021<\/p>\n<div class=\"youtube-player\" data-id=\"o1yX9TrXg7s\">\n<p><img decoding=\"async\" src=\"https:\/\/i1.wp.com\/i.ytimg.com\/vi\/o1yX9TrXg7s\/hqdefault.jpg?ssl=1\" data-recalc-dims=\"1\" class=\"aligncenter\" alt=\"\" \/><\/p>\n<\/div>\n<p dir=\"rtl\" style=\"text-align: left;\"><span style=\"font-size: 8pt;\">Sumitomo et Yazaki investissent 912 millions de dirhams au Maroc &#8211; 12 Janvier 2021<\/span><\/p>\n<div class=\"youtube-player\" data-id=\"Mg5yxrUNWKQ\"><img decoding=\"async\" src=\"https:\/\/i1.wp.com\/i.ytimg.com\/vi\/Mg5yxrUNWKQ\/hqdefault.jpg?ssl=1\" data-recalc-dims=\"1\" class=\"aligncenter\" alt=\"\" \/><\/div>\n<div class=\"play\"><\/div>\n<p data-tadv-p=\"keep\" dir=\"ltr\" style=\"font-size: 8pt;\">Le Maroc compte des pays amis tandis que ses ennemis entretiennent juste des relations d&rsquo;affaires -17 f\u00e9vrier 2020<\/p>\n<div class=\"youtube-player\" data-id=\"wijpatvCHco\"><img decoding=\"async\" src=\"https:\/\/i1.wp.com\/i.ytimg.com\/vi\/wijpatvCHco\/hqdefault.jpg?ssl=1\" data-recalc-dims=\"1\" class=\"aligncenter\" alt=\"\" \/><\/div>\n<div class=\"play\"><\/div>\n<p data-tadv-p=\"keep\" dir=\"ltr\" style=\"font-size: 8pt;\">\u00c9mission Sp\u00e9ciale sur l&rsquo;inauguration de la LGV Tanger-Casablanca &#8211; 15 novembre 2018<\/p>\n<div class=\"youtube-player\" data-id=\"3hvCzedhRok\"><img decoding=\"async\" src=\"https:\/\/i1.wp.com\/i.ytimg.com\/vi\/3hvCzedhRok\/hqdefault.jpg?ssl=1\" data-recalc-dims=\"1\" class=\"aligncenter\" alt=\"\" \/><\/div>\n<div class=\"play\"><\/div>\n<p data-tadv-p=\"keep\" dir=\"ltr\" style=\"font-size: 8pt;\">Station solaire Noor : Sepco III engag\u00e9e en faveur du d\u00e9veloppement durable &#8211; 6 octobre 2018<\/p>\n<div class=\"youtube-player\" data-id=\"oeaOak8zXWM\"><img decoding=\"async\" src=\"https:\/\/i1.wp.com\/i.ytimg.com\/vi\/oeaOak8zXWM\/hqdefault.jpg?ssl=1\" data-recalc-dims=\"1\" class=\"aligncenter\" alt=\"\" \/><\/div>\n<div class=\"play\"><\/div>\n<p data-tadv-p=\"keep\" dir=\"ltr\" style=\"font-size: 8pt;\">Lancement r\u00e9ussi du Satellite Mohammed VI-A &#8211; 8 novembre 2017<\/p>\n<div class=\"youtube-player\" data-id=\"0RsbOuFjXVs\"><img decoding=\"async\" src=\"https:\/\/i1.wp.com\/i.ytimg.com\/vi\/0RsbOuFjXVs\/hqdefault.jpg?ssl=1\" data-recalc-dims=\"1\" class=\"aligncenter\" alt=\"\" \/><\/div>\n<div class=\"play\"><\/div>\n<p data-tadv-p=\"keep\" dir=\"ltr\" style=\"font-size: 8pt;\">Demande d&rsquo;adh\u00e9sion du Maroc \u00e0 la C\u00c9D\u00c9AO : un premier processus d&rsquo;int\u00e9gration interr\u00e9gionale &#8211; 28 f\u00e9vrier 2017<\/p>\n<div class=\"youtube-player\" data-id=\"flWgvdu9Fhw\"><img decoding=\"async\" src=\"https:\/\/i1.wp.com\/i.ytimg.com\/vi\/flWgvdu9Fhw\/hqdefault.jpg?ssl=1\" data-recalc-dims=\"1\" class=\"aligncenter\" alt=\"\" \/><\/div>\n<div class=\"play\"><\/div>\n<p data-tadv-p=\"keep\" dir=\"ltr\" style=\"font-size: 8pt;\">Vision royale et aiguillage strat\u00e9gique du projet de la Ligne \u00e0 Grande Vitesse Marocaine &#8211; 31 mai 2016<\/p>\n<div class=\"youtube-player\" data-id=\"oMXsImEspew\"><img decoding=\"async\" src=\"https:\/\/i1.wp.com\/i.ytimg.com\/vi\/oMXsImEspew\/hqdefault.jpg?ssl=1\" data-recalc-dims=\"1\" class=\"aligncenter\" alt=\"\" \/><\/div>\n<div class=\"play\"><\/div>\n<p data-tadv-p=\"keep\" dir=\"ltr\" style=\"font-size: 8pt;\">Maroc Casablanca-port :Projet Wissal) Marina &#8211; 19 avril 2014<\/p>\n<div class=\"youtube-player\" data-id=\"vnc8POu5ess\"><img decoding=\"async\" src=\"https:\/\/i1.wp.com\/i.ytimg.com\/vi\/vnc8POu5ess\/hqdefault.jpg?ssl=1\" data-recalc-dims=\"1\" class=\"aligncenter\" alt=\"\" \/><\/div>\n<div class=\"play\"><\/div>\n<p data-tadv-p=\"keep\" dir=\"ltr\" style=\"font-size: 8pt;\">Royaume du Maroc et Industrie aeronautique &#8211; 4 mars 2012<\/p>\n<hr \/>\n<p style=\"text-align: center;\"><span style=\"font-size: 14pt;\"><span style=\"font-size: 18pt;\">Image et Son:<\/span> Projets et Investissement au Maroc\/<\/span><\/p>\n<hr \/>\n<\/div>\n<\/div>\n<\/div>\n<\/div>\n","protected":false},"excerpt":{"rendered":"<p>Image et Son:Projets et Investissement au Maroc Parcourir en arabeParcourir en anglais Inauguration \u00e0 Casablanca de l&rsquo;usine de Nexans &#8211; 19 janvier 2021 Sumitomo et Yazaki investissent 912 millions de dirhams au Maroc &#8211; 12 Janvier 2021 Le Maroc compte des pays amis tandis que ses ennemis entretiennent juste des relations d&rsquo;affaires -17 f\u00e9vrier 2020 [&hellip;]<\/p>\n","protected":false},"author":1,"featured_media":0,"parent":0,"menu_order":0,"comment_status":"closed","ping_status":"closed","template":"","meta":{"footnotes":""},"class_list":["post-13321","page","type-page","status-publish","hentry"],"yoast_head":"<!-- This site is optimized with the Yoast SEO plugin v27.4 - https:\/\/yoast.com\/product\/yoast-seo-wordpress\/ -->\n<title>Image et son: Projets et Investissement au Maroc - morocco academia french<\/title>\n<meta name=\"robots\" content=\"index, follow, max-snippet:-1, max-image-preview:large, max-video-preview:-1\" \/>\n<link rel=\"canonical\" href=\"https:\/\/www.moroccodemia.com\/fr\/image-et-son-projets-et-investissement-au-maroc\/\" \/>\n<meta property=\"og:locale\" content=\"fr_FR\" \/>\n<meta property=\"og:type\" content=\"article\" \/>\n<meta property=\"og:title\" content=\"Image et son: Projets et Investissement au Maroc - morocco academia french\" \/>\n<meta property=\"og:description\" content=\"Image et Son:Projets et Investissement au Maroc Parcourir en arabeParcourir en anglais Inauguration \u00e0 Casablanca de l&rsquo;usine de Nexans &#8211; 19 janvier 2021 Sumitomo et Yazaki investissent 912 millions de dirhams au Maroc &#8211; 12 Janvier 2021 Le Maroc compte des pays amis tandis que ses ennemis entretiennent juste des relations d&rsquo;affaires -17 f\u00e9vrier 2020 [&hellip;]\" \/>\n<meta property=\"og:url\" content=\"https:\/\/www.moroccodemia.com\/fr\/image-et-son-projets-et-investissement-au-maroc\/\" \/>\n<meta property=\"og:site_name\" content=\"morocco academia french\" \/>\n<meta property=\"article:publisher\" content=\"https:\/\/www.facebook.com\/Morocco-academia-239938123438369\/\" \/>\n<meta property=\"article:modified_time\" content=\"2021-01-28T09:48:00+00:00\" \/>\n<meta property=\"og:image\" content=\"https:\/\/www.moroccodemia.com\/fr\/media\/2020\/06\/IconBlackKingdom.png\" \/>\n<meta name=\"twitter:card\" content=\"summary_large_image\" \/>\n<meta name=\"twitter:site\" content=\"@moroccodemia\" \/>\n<meta name=\"twitter:label1\" content=\"Dur\u00e9e de lecture estim\u00e9e\" \/>\n\t<meta name=\"twitter:data1\" content=\"1 minute\" \/>\n<script type=\"application\/ld+json\" class=\"yoast-schema-graph\">{\"@context\":\"https:\\\/\\\/schema.org\",\"@graph\":[{\"@type\":\"WebPage\",\"@id\":\"https:\\\/\\\/www.moroccodemia.com\\\/fr\\\/image-et-son-projets-et-investissement-au-maroc\\\/\",\"url\":\"https:\\\/\\\/www.moroccodemia.com\\\/fr\\\/image-et-son-projets-et-investissement-au-maroc\\\/\",\"name\":\"Image et son: Projets et Investissement au Maroc - morocco academia french\",\"isPartOf\":{\"@id\":\"https:\\\/\\\/www.moroccodemia.com\\\/fr\\\/#website\"},\"primaryImageOfPage\":{\"@id\":\"https:\\\/\\\/www.moroccodemia.com\\\/fr\\\/image-et-son-projets-et-investissement-au-maroc\\\/#primaryimage\"},\"image\":{\"@id\":\"https:\\\/\\\/www.moroccodemia.com\\\/fr\\\/image-et-son-projets-et-investissement-au-maroc\\\/#primaryimage\"},\"thumbnailUrl\":\"https:\\\/\\\/www.moroccodemia.com\\\/fr\\\/media\\\/2020\\\/06\\\/IconBlackKingdom.png\",\"datePublished\":\"2020-06-07T17:56:32+00:00\",\"dateModified\":\"2021-01-28T09:48:00+00:00\",\"breadcrumb\":{\"@id\":\"https:\\\/\\\/www.moroccodemia.com\\\/fr\\\/image-et-son-projets-et-investissement-au-maroc\\\/#breadcrumb\"},\"inLanguage\":\"fr-FR\",\"potentialAction\":[{\"@type\":\"ReadAction\",\"target\":[\"https:\\\/\\\/www.moroccodemia.com\\\/fr\\\/image-et-son-projets-et-investissement-au-maroc\\\/\"]}]},{\"@type\":\"ImageObject\",\"inLanguage\":\"fr-FR\",\"@id\":\"https:\\\/\\\/www.moroccodemia.com\\\/fr\\\/image-et-son-projets-et-investissement-au-maroc\\\/#primaryimage\",\"url\":\"https:\\\/\\\/www.moroccodemia.com\\\/fr\\\/media\\\/2020\\\/06\\\/IconBlackKingdom.png\",\"contentUrl\":\"https:\\\/\\\/www.moroccodemia.com\\\/fr\\\/media\\\/2020\\\/06\\\/IconBlackKingdom.png\",\"width\":100,\"height\":100},{\"@type\":\"BreadcrumbList\",\"@id\":\"https:\\\/\\\/www.moroccodemia.com\\\/fr\\\/image-et-son-projets-et-investissement-au-maroc\\\/#breadcrumb\",\"itemListElement\":[{\"@type\":\"ListItem\",\"position\":1,\"name\":\"Accueil\",\"item\":\"https:\\\/\\\/www.moroccodemia.com\\\/fr\\\/\"},{\"@type\":\"ListItem\",\"position\":2,\"name\":\"Image et son: Projets et Investissement au Maroc\"}]},{\"@type\":\"WebSite\",\"@id\":\"https:\\\/\\\/www.moroccodemia.com\\\/fr\\\/#website\",\"url\":\"https:\\\/\\\/www.moroccodemia.com\\\/fr\\\/\",\"name\":\"morocco academia french\",\"description\":\"L'information, tout simplement\",\"potentialAction\":[{\"@type\":\"SearchAction\",\"target\":{\"@type\":\"EntryPoint\",\"urlTemplate\":\"https:\\\/\\\/www.moroccodemia.com\\\/fr\\\/?s={search_term_string}\"},\"query-input\":{\"@type\":\"PropertyValueSpecification\",\"valueRequired\":true,\"valueName\":\"search_term_string\"}}],\"inLanguage\":\"fr-FR\"}]}<\/script>\n<!-- \/ Yoast SEO plugin. -->","yoast_head_json":{"title":"Image et son: Projets et Investissement au Maroc - morocco academia french","robots":{"index":"index","follow":"follow","max-snippet":"max-snippet:-1","max-image-preview":"max-image-preview:large","max-video-preview":"max-video-preview:-1"},"canonical":"https:\/\/www.moroccodemia.com\/fr\/image-et-son-projets-et-investissement-au-maroc\/","og_locale":"fr_FR","og_type":"article","og_title":"Image et son: Projets et Investissement au Maroc - morocco academia french","og_description":"Image et Son:Projets et Investissement au Maroc Parcourir en arabeParcourir en anglais Inauguration \u00e0 Casablanca de l&rsquo;usine de Nexans &#8211; 19 janvier 2021 Sumitomo et Yazaki investissent 912 millions de dirhams au Maroc &#8211; 12 Janvier 2021 Le Maroc compte des pays amis tandis que ses ennemis entretiennent juste des relations d&rsquo;affaires -17 f\u00e9vrier 2020 [&hellip;]","og_url":"https:\/\/www.moroccodemia.com\/fr\/image-et-son-projets-et-investissement-au-maroc\/","og_site_name":"morocco academia french","article_publisher":"https:\/\/www.facebook.com\/Morocco-academia-239938123438369\/","article_modified_time":"2021-01-28T09:48:00+00:00","og_image":[{"url":"https:\/\/www.moroccodemia.com\/fr\/media\/2020\/06\/IconBlackKingdom.png","type":"","width":"","height":""}],"twitter_card":"summary_large_image","twitter_site":"@moroccodemia","twitter_misc":{"Dur\u00e9e de lecture estim\u00e9e":"1 minute"},"schema":{"@context":"https:\/\/schema.org","@graph":[{"@type":"WebPage","@id":"https:\/\/www.moroccodemia.com\/fr\/image-et-son-projets-et-investissement-au-maroc\/","url":"https:\/\/www.moroccodemia.com\/fr\/image-et-son-projets-et-investissement-au-maroc\/","name":"Image et son: Projets et Investissement au Maroc - morocco academia french","isPartOf":{"@id":"https:\/\/www.moroccodemia.com\/fr\/#website"},"primaryImageOfPage":{"@id":"https:\/\/www.moroccodemia.com\/fr\/image-et-son-projets-et-investissement-au-maroc\/#primaryimage"},"image":{"@id":"https:\/\/www.moroccodemia.com\/fr\/image-et-son-projets-et-investissement-au-maroc\/#primaryimage"},"thumbnailUrl":"https:\/\/www.moroccodemia.com\/fr\/media\/2020\/06\/IconBlackKingdom.png","datePublished":"2020-06-07T17:56:32+00:00","dateModified":"2021-01-28T09:48:00+00:00","breadcrumb":{"@id":"https:\/\/www.moroccodemia.com\/fr\/image-et-son-projets-et-investissement-au-maroc\/#breadcrumb"},"inLanguage":"fr-FR","potentialAction":[{"@type":"ReadAction","target":["https:\/\/www.moroccodemia.com\/fr\/image-et-son-projets-et-investissement-au-maroc\/"]}]},{"@type":"ImageObject","inLanguage":"fr-FR","@id":"https:\/\/www.moroccodemia.com\/fr\/image-et-son-projets-et-investissement-au-maroc\/#primaryimage","url":"https:\/\/www.moroccodemia.com\/fr\/media\/2020\/06\/IconBlackKingdom.png","contentUrl":"https:\/\/www.moroccodemia.com\/fr\/media\/2020\/06\/IconBlackKingdom.png","width":100,"height":100},{"@type":"BreadcrumbList","@id":"https:\/\/www.moroccodemia.com\/fr\/image-et-son-projets-et-investissement-au-maroc\/#breadcrumb","itemListElement":[{"@type":"ListItem","position":1,"name":"Accueil","item":"https:\/\/www.moroccodemia.com\/fr\/"},{"@type":"ListItem","position":2,"name":"Image et son: Projets et Investissement au Maroc"}]},{"@type":"WebSite","@id":"https:\/\/www.moroccodemia.com\/fr\/#website","url":"https:\/\/www.moroccodemia.com\/fr\/","name":"morocco academia french","description":"L'information, tout simplement","potentialAction":[{"@type":"SearchAction","target":{"@type":"EntryPoint","urlTemplate":"https:\/\/www.moroccodemia.com\/fr\/?s={search_term_string}"},"query-input":{"@type":"PropertyValueSpecification","valueRequired":true,"valueName":"search_term_string"}}],"inLanguage":"fr-FR"}]}},"_links":{"self":[{"href":"https:\/\/www.moroccodemia.com\/fr\/wp-json\/wp\/v2\/pages\/13321","targetHints":{"allow":["GET"]}}],"collection":[{"href":"https:\/\/www.moroccodemia.com\/fr\/wp-json\/wp\/v2\/pages"}],"about":[{"href":"https:\/\/www.moroccodemia.com\/fr\/wp-json\/wp\/v2\/types\/page"}],"author":[{"embeddable":true,"href":"https:\/\/www.moroccodemia.com\/fr\/wp-json\/wp\/v2\/users\/1"}],"replies":[{"embeddable":true,"href":"https:\/\/www.moroccodemia.com\/fr\/wp-json\/wp\/v2\/comments?post=13321"}],"version-history":[{"count":3,"href":"https:\/\/www.moroccodemia.com\/fr\/wp-json\/wp\/v2\/pages\/13321\/revisions"}],"predecessor-version":[{"id":13958,"href":"https:\/\/www.moroccodemia.com\/fr\/wp-json\/wp\/v2\/pages\/13321\/revisions\/13958"}],"wp:attachment":[{"href":"https:\/\/www.moroccodemia.com\/fr\/wp-json\/wp\/v2\/media?parent=13321"}],"curies":[{"name":"wp","href":"https:\/\/api.w.org\/{rel}","templated":true}]}}