{"id":12781,"date":"2020-02-09T12:56:21","date_gmt":"2020-02-09T12:56:21","guid":{"rendered":"https:\/\/www.moroccodemia.com\/fr\/?page_id=12781"},"modified":"2020-02-09T13:03:43","modified_gmt":"2020-02-09T13:03:43","slug":"laureats-des-universites-et-diplomes-au-maroc","status":"publish","type":"page","link":"https:\/\/www.moroccodemia.com\/fr\/laureats-des-universites-et-diplomes-au-maroc\/","title":{"rendered":"Laur\u00e9ats des universit\u00e9s et dipl\u00f4m\u00e9s au Maroc"},"content":{"rendered":"<div class=\"rTable\">\n<div class=\"rTableBody\">\n<div class=\"rTableRow\">\n<div class=\"rTableHead\">\n<hr>\n<h1 class=\"h1pagetitle\" style=\"text-align: center;\"><span style=\"font-size: 10pt;\"><span style=\"font-size: 14pt;\">Laur\u00e9ats des universit\u00e9s et dipl\u00f4m\u00e9s<\/span> au Maroc<\/span><\/h1>\n<div class=\"dropdown1\"><span><button class=\"dropbtn1\"><\/button><br \/>\n<br class=\"blank\"><span class=\"dropdown1-content\"><a href=\"https:\/\/www.moroccodemia.com\/ar\/%D8%AE%D8%B1%D9%8A%D8%AC%D9%88-%D8%A7%D9%84%D8%AC%D8%A7%D9%85%D8%B9%D8%A7%D8%AA-%D9%88%D8%AD%D8%A7%D9%85%D9%84%D9%88-%D8%A7%D9%84%D8%B4%D9%87%D8%A7%D8%AF%D8%A7%D8%AA-%D9%81%D9%8A-%D8%A7%D9%84\/\">Parcourir en arabe<\/a><a href=\"https:\/\/www.moroccodemia.com\/\/en\/graduates-and-degree-holders-in-morocco\/\">Parcourir en anglais<\/a><\/span><\/span><\/div>\n<hr>\n<div class=\"banner\"><img loading=\"lazy\" decoding=\"async\" class=\"banner-image\" src=\"https:\/\/www.moroccodemia.com\/fr\/media\/2020\/02\/IconBlackGraduates.png\" style=\"vertical-align: middle;\" alt=\"Offres d'emploi pour les dipl\u00f4m\u00e9s marocains\" title=\"Offres d'emploi pour les dipl\u00f4m\u00e9s marocains\" width=\"80\" height=\"80\"><\/div>\n<p><span style=\"background-color: #00ff00; font-family: verdana,geneva,sans-serif;\"><div class=\"responsive-tabs\">\n<h2 class=\"tabtitle\">Aper\u00e7u<\/h2>\n<div class=\"tabcontent\">\n<\/span><\/p>\n<h2 class=\"h2MainContent\" dir=\"ltr\"><span style=\"font-size: 10pt;\"><strong>Combien de <span><b>dipl\u00f4m\u00e9s<\/b><\/span> chaque ann\u00e9e?<\/strong><\/span><\/h2>\n<p dir=\"ltr\"><span style=\"font-size: 10pt;\"><span style=\"font-size: 18pt;\">[<strong>90,000<\/strong>]<\/span>&nbsp;Le nombre de nouveaux<b>&nbsp;dipl\u00f4m\u00e9s<\/b>&nbsp;des diff\u00e9rents&nbsp;\u00e9tablissements de l\u2019enseignement sup\u00e9rieur chaque ann\u00e9e.<\/span><\/p>\n<p><span style=\"background-color: #00ff00; font-family: verdana, geneva, sans-serif; font-size: 10pt;\">\n<\/div><h2 class=\"tabtitle\">Rencontres<\/h2>\n<div class=\"tabcontent\">\n<\/span><\/p>\n<div class=\"youtube-player\" data-id=\"tD5smdwEuVE\"><img decoding=\"async\" src=\"https:\/\/i1.wp.com\/i.ytimg.com\/vi\/tD5smdwEuVE\/hqdefault.jpg?ssl=1\" data-recalc-dims=\"1\" class=\"aligncenter\" alt=\"\"><span style=\"font-size: 8pt;\">Ad\u00e9quation formation-emploi : quelle relation entre l\u2019\u00e9cole et l\u2019entreprise? &#8211; 4 d\u00e9cembre 2014<\/span><\/div>\n<p data-tadv-p=\"keep\" style=\"font-size: 8pt;\">Ad\u00e9quation formation-emploi : quelle relation entre l\u2019\u00e9cole et l\u2019entreprise?<\/p>\n<p><span style=\"background-color: #00ff00; font-family: verdana, geneva, sans-serif; font-size: 10pt;\">\n<\/div><h2 class=\"tabtitle\">Liens<\/h2>\n<div class=\"tabcontent\">\n<\/span><\/p>\n<div class=\"arrow-down\" style=\"margin-left: auto; margin-right: auto;\"><\/div>\n<div style=\"width: 200px; height: 000px; overflow: auto; background-color: white; margin-left: auto; margin-right: auto;\">\n<div style=\"width: 200px; height: 700px;\"><\/div>\n<\/div>\n<div class=\"arrow-up\" style=\"margin-left: auto; margin-right: auto;\"><\/div>\n<p><span style=\"background-color: #00ff00; font-family: verdana, geneva, sans-serif; font-size: 10pt;\"><\/div><\/div><\/span><\/p>\n<hr>\n<h2 style=\"text-align: center;\"><span style=\"font-size: 10pt;\"><span style=\"font-size: 14pt;\">Laur\u00e9ats des universit\u00e9s et dipl\u00f4m\u00e9s<\/span> au Maroc<\/span><\/h2>\n<hr>\n<\/div>\n<\/div>\n<\/div>\n<\/div>\n","protected":false},"excerpt":{"rendered":"<p>Laur\u00e9ats des universit\u00e9s et dipl\u00f4m\u00e9s au Maroc Parcourir en arabeParcourir en anglais Combien de dipl\u00f4m\u00e9s chaque ann\u00e9e? [90,000]&nbsp;Le nombre de nouveaux&nbsp;dipl\u00f4m\u00e9s&nbsp;des diff\u00e9rents&nbsp;\u00e9tablissements de l\u2019enseignement sup\u00e9rieur chaque ann\u00e9e. Ad\u00e9quation formation-emploi : quelle relation entre l\u2019\u00e9cole et l\u2019entreprise? &#8211; 4 d\u00e9cembre 2014 Ad\u00e9quation formation-emploi : quelle relation entre l\u2019\u00e9cole et l\u2019entreprise? Laur\u00e9ats des universit\u00e9s et dipl\u00f4m\u00e9s au [&hellip;]<\/p>\n","protected":false},"author":1,"featured_media":0,"parent":0,"menu_order":0,"comment_status":"closed","ping_status":"closed","template":"","meta":{"footnotes":""},"class_list":["post-12781","page","type-page","status-publish","hentry"],"yoast_head":"<!-- This site is optimized with the Yoast SEO plugin v27.4 - https:\/\/yoast.com\/product\/yoast-seo-wordpress\/ -->\n<title>Laur\u00e9ats des universit\u00e9s et dipl\u00f4m\u00e9s au Maroc - morocco academia french<\/title>\n<meta name=\"robots\" content=\"index, follow, max-snippet:-1, max-image-preview:large, max-video-preview:-1\" \/>\n<link rel=\"canonical\" href=\"https:\/\/www.moroccodemia.com\/fr\/laureats-des-universites-et-diplomes-au-maroc\/\" \/>\n<meta property=\"og:locale\" content=\"fr_FR\" \/>\n<meta property=\"og:type\" content=\"article\" \/>\n<meta property=\"og:title\" content=\"Laur\u00e9ats des universit\u00e9s et dipl\u00f4m\u00e9s au Maroc - morocco academia french\" \/>\n<meta property=\"og:description\" content=\"Laur\u00e9ats des universit\u00e9s et dipl\u00f4m\u00e9s au Maroc Parcourir en arabeParcourir en anglais Combien de dipl\u00f4m\u00e9s chaque ann\u00e9e? [90,000]&nbsp;Le nombre de nouveaux&nbsp;dipl\u00f4m\u00e9s&nbsp;des diff\u00e9rents&nbsp;\u00e9tablissements de l\u2019enseignement sup\u00e9rieur chaque ann\u00e9e. Ad\u00e9quation formation-emploi : quelle relation entre l\u2019\u00e9cole et l\u2019entreprise? &#8211; 4 d\u00e9cembre 2014 Ad\u00e9quation formation-emploi : quelle relation entre l\u2019\u00e9cole et l\u2019entreprise? Laur\u00e9ats des universit\u00e9s et dipl\u00f4m\u00e9s au [&hellip;]\" \/>\n<meta property=\"og:url\" content=\"https:\/\/www.moroccodemia.com\/fr\/laureats-des-universites-et-diplomes-au-maroc\/\" \/>\n<meta property=\"og:site_name\" content=\"morocco academia french\" \/>\n<meta property=\"article:publisher\" content=\"https:\/\/www.facebook.com\/Morocco-academia-239938123438369\/\" \/>\n<meta property=\"article:modified_time\" content=\"2020-02-09T13:03:43+00:00\" \/>\n<meta property=\"og:image\" content=\"https:\/\/www.moroccodemia.com\/fr\/media\/2020\/02\/IconBlackGraduates.png\" \/>\n<meta name=\"twitter:card\" content=\"summary_large_image\" \/>\n<meta name=\"twitter:site\" content=\"@moroccodemia\" \/>\n<script type=\"application\/ld+json\" class=\"yoast-schema-graph\">{\"@context\":\"https:\\\/\\\/schema.org\",\"@graph\":[{\"@type\":\"WebPage\",\"@id\":\"https:\\\/\\\/www.moroccodemia.com\\\/fr\\\/laureats-des-universites-et-diplomes-au-maroc\\\/\",\"url\":\"https:\\\/\\\/www.moroccodemia.com\\\/fr\\\/laureats-des-universites-et-diplomes-au-maroc\\\/\",\"name\":\"Laur\u00e9ats des universit\u00e9s et dipl\u00f4m\u00e9s au Maroc - morocco academia french\",\"isPartOf\":{\"@id\":\"https:\\\/\\\/www.moroccodemia.com\\\/fr\\\/#website\"},\"primaryImageOfPage\":{\"@id\":\"https:\\\/\\\/www.moroccodemia.com\\\/fr\\\/laureats-des-universites-et-diplomes-au-maroc\\\/#primaryimage\"},\"image\":{\"@id\":\"https:\\\/\\\/www.moroccodemia.com\\\/fr\\\/laureats-des-universites-et-diplomes-au-maroc\\\/#primaryimage\"},\"thumbnailUrl\":\"https:\\\/\\\/www.moroccodemia.com\\\/fr\\\/media\\\/2020\\\/02\\\/IconBlackGraduates.png\",\"datePublished\":\"2020-02-09T12:56:21+00:00\",\"dateModified\":\"2020-02-09T13:03:43+00:00\",\"breadcrumb\":{\"@id\":\"https:\\\/\\\/www.moroccodemia.com\\\/fr\\\/laureats-des-universites-et-diplomes-au-maroc\\\/#breadcrumb\"},\"inLanguage\":\"fr-FR\",\"potentialAction\":[{\"@type\":\"ReadAction\",\"target\":[\"https:\\\/\\\/www.moroccodemia.com\\\/fr\\\/laureats-des-universites-et-diplomes-au-maroc\\\/\"]}]},{\"@type\":\"ImageObject\",\"inLanguage\":\"fr-FR\",\"@id\":\"https:\\\/\\\/www.moroccodemia.com\\\/fr\\\/laureats-des-universites-et-diplomes-au-maroc\\\/#primaryimage\",\"url\":\"https:\\\/\\\/www.moroccodemia.com\\\/fr\\\/media\\\/2020\\\/02\\\/IconBlackGraduates.png\",\"contentUrl\":\"https:\\\/\\\/www.moroccodemia.com\\\/fr\\\/media\\\/2020\\\/02\\\/IconBlackGraduates.png\",\"width\":100,\"height\":100},{\"@type\":\"BreadcrumbList\",\"@id\":\"https:\\\/\\\/www.moroccodemia.com\\\/fr\\\/laureats-des-universites-et-diplomes-au-maroc\\\/#breadcrumb\",\"itemListElement\":[{\"@type\":\"ListItem\",\"position\":1,\"name\":\"Accueil\",\"item\":\"https:\\\/\\\/www.moroccodemia.com\\\/fr\\\/\"},{\"@type\":\"ListItem\",\"position\":2,\"name\":\"Laur\u00e9ats des universit\u00e9s et dipl\u00f4m\u00e9s au Maroc\"}]},{\"@type\":\"WebSite\",\"@id\":\"https:\\\/\\\/www.moroccodemia.com\\\/fr\\\/#website\",\"url\":\"https:\\\/\\\/www.moroccodemia.com\\\/fr\\\/\",\"name\":\"morocco academia french\",\"description\":\"L'information, tout simplement\",\"potentialAction\":[{\"@type\":\"SearchAction\",\"target\":{\"@type\":\"EntryPoint\",\"urlTemplate\":\"https:\\\/\\\/www.moroccodemia.com\\\/fr\\\/?s={search_term_string}\"},\"query-input\":{\"@type\":\"PropertyValueSpecification\",\"valueRequired\":true,\"valueName\":\"search_term_string\"}}],\"inLanguage\":\"fr-FR\"}]}<\/script>\n<!-- \/ Yoast SEO plugin. -->","yoast_head_json":{"title":"Laur\u00e9ats des universit\u00e9s et dipl\u00f4m\u00e9s au Maroc - morocco academia french","robots":{"index":"index","follow":"follow","max-snippet":"max-snippet:-1","max-image-preview":"max-image-preview:large","max-video-preview":"max-video-preview:-1"},"canonical":"https:\/\/www.moroccodemia.com\/fr\/laureats-des-universites-et-diplomes-au-maroc\/","og_locale":"fr_FR","og_type":"article","og_title":"Laur\u00e9ats des universit\u00e9s et dipl\u00f4m\u00e9s au Maroc - morocco academia french","og_description":"Laur\u00e9ats des universit\u00e9s et dipl\u00f4m\u00e9s au Maroc Parcourir en arabeParcourir en anglais Combien de dipl\u00f4m\u00e9s chaque ann\u00e9e? [90,000]&nbsp;Le nombre de nouveaux&nbsp;dipl\u00f4m\u00e9s&nbsp;des diff\u00e9rents&nbsp;\u00e9tablissements de l\u2019enseignement sup\u00e9rieur chaque ann\u00e9e. Ad\u00e9quation formation-emploi : quelle relation entre l\u2019\u00e9cole et l\u2019entreprise? &#8211; 4 d\u00e9cembre 2014 Ad\u00e9quation formation-emploi : quelle relation entre l\u2019\u00e9cole et l\u2019entreprise? Laur\u00e9ats des universit\u00e9s et dipl\u00f4m\u00e9s au [&hellip;]","og_url":"https:\/\/www.moroccodemia.com\/fr\/laureats-des-universites-et-diplomes-au-maroc\/","og_site_name":"morocco academia french","article_publisher":"https:\/\/www.facebook.com\/Morocco-academia-239938123438369\/","article_modified_time":"2020-02-09T13:03:43+00:00","og_image":[{"url":"https:\/\/www.moroccodemia.com\/fr\/media\/2020\/02\/IconBlackGraduates.png","type":"","width":"","height":""}],"twitter_card":"summary_large_image","twitter_site":"@moroccodemia","schema":{"@context":"https:\/\/schema.org","@graph":[{"@type":"WebPage","@id":"https:\/\/www.moroccodemia.com\/fr\/laureats-des-universites-et-diplomes-au-maroc\/","url":"https:\/\/www.moroccodemia.com\/fr\/laureats-des-universites-et-diplomes-au-maroc\/","name":"Laur\u00e9ats des universit\u00e9s et dipl\u00f4m\u00e9s au Maroc - morocco academia french","isPartOf":{"@id":"https:\/\/www.moroccodemia.com\/fr\/#website"},"primaryImageOfPage":{"@id":"https:\/\/www.moroccodemia.com\/fr\/laureats-des-universites-et-diplomes-au-maroc\/#primaryimage"},"image":{"@id":"https:\/\/www.moroccodemia.com\/fr\/laureats-des-universites-et-diplomes-au-maroc\/#primaryimage"},"thumbnailUrl":"https:\/\/www.moroccodemia.com\/fr\/media\/2020\/02\/IconBlackGraduates.png","datePublished":"2020-02-09T12:56:21+00:00","dateModified":"2020-02-09T13:03:43+00:00","breadcrumb":{"@id":"https:\/\/www.moroccodemia.com\/fr\/laureats-des-universites-et-diplomes-au-maroc\/#breadcrumb"},"inLanguage":"fr-FR","potentialAction":[{"@type":"ReadAction","target":["https:\/\/www.moroccodemia.com\/fr\/laureats-des-universites-et-diplomes-au-maroc\/"]}]},{"@type":"ImageObject","inLanguage":"fr-FR","@id":"https:\/\/www.moroccodemia.com\/fr\/laureats-des-universites-et-diplomes-au-maroc\/#primaryimage","url":"https:\/\/www.moroccodemia.com\/fr\/media\/2020\/02\/IconBlackGraduates.png","contentUrl":"https:\/\/www.moroccodemia.com\/fr\/media\/2020\/02\/IconBlackGraduates.png","width":100,"height":100},{"@type":"BreadcrumbList","@id":"https:\/\/www.moroccodemia.com\/fr\/laureats-des-universites-et-diplomes-au-maroc\/#breadcrumb","itemListElement":[{"@type":"ListItem","position":1,"name":"Accueil","item":"https:\/\/www.moroccodemia.com\/fr\/"},{"@type":"ListItem","position":2,"name":"Laur\u00e9ats des universit\u00e9s et dipl\u00f4m\u00e9s au Maroc"}]},{"@type":"WebSite","@id":"https:\/\/www.moroccodemia.com\/fr\/#website","url":"https:\/\/www.moroccodemia.com\/fr\/","name":"morocco academia french","description":"L'information, tout simplement","potentialAction":[{"@type":"SearchAction","target":{"@type":"EntryPoint","urlTemplate":"https:\/\/www.moroccodemia.com\/fr\/?s={search_term_string}"},"query-input":{"@type":"PropertyValueSpecification","valueRequired":true,"valueName":"search_term_string"}}],"inLanguage":"fr-FR"}]}},"_links":{"self":[{"href":"https:\/\/www.moroccodemia.com\/fr\/wp-json\/wp\/v2\/pages\/12781","targetHints":{"allow":["GET"]}}],"collection":[{"href":"https:\/\/www.moroccodemia.com\/fr\/wp-json\/wp\/v2\/pages"}],"about":[{"href":"https:\/\/www.moroccodemia.com\/fr\/wp-json\/wp\/v2\/types\/page"}],"author":[{"embeddable":true,"href":"https:\/\/www.moroccodemia.com\/fr\/wp-json\/wp\/v2\/users\/1"}],"replies":[{"embeddable":true,"href":"https:\/\/www.moroccodemia.com\/fr\/wp-json\/wp\/v2\/comments?post=12781"}],"version-history":[{"count":2,"href":"https:\/\/www.moroccodemia.com\/fr\/wp-json\/wp\/v2\/pages\/12781\/revisions"}],"predecessor-version":[{"id":12784,"href":"https:\/\/www.moroccodemia.com\/fr\/wp-json\/wp\/v2\/pages\/12781\/revisions\/12784"}],"wp:attachment":[{"href":"https:\/\/www.moroccodemia.com\/fr\/wp-json\/wp\/v2\/media?parent=12781"}],"curies":[{"name":"wp","href":"https:\/\/api.w.org\/{rel}","templated":true}]}}