{"id":12601,"date":"2019-11-18T11:31:35","date_gmt":"2019-11-18T11:31:35","guid":{"rendered":"https:\/\/www.moroccodemia.com\/fr\/?page_id=12601"},"modified":"2021-10-07T12:10:03","modified_gmt":"2021-10-07T11:10:03","slug":"equivalence-des-diplomes-au-maroc","status":"publish","type":"page","link":"https:\/\/www.moroccodemia.com\/fr\/equivalence-des-diplomes-au-maroc\/","title":{"rendered":"Equivalence des dipl\u00f4mes au Maroc"},"content":{"rendered":"<div class=\"rTable\">\n<div class=\"rTableBody\">\n<div class=\"rTableRow\">\n<div class=\"rTableHead\">\n<hr \/>\n<h1 class=\"h1pagetitle\">Equivalence des dipl\u00f4mes au Maroc<\/h1>\n<div class=\"dropdown1\"><span class=\"dropdown1\"><button class=\"dropbtn1\"><\/button><br class=\"blank\" \/><span class=\"dropdown1-content\"><a href=\"https:\/\/www.moroccodemia.com\/\/ar\/%d9%85%d8%b9%d8%a7%d8%af%d9%84%d8%a9-%d8%a7%d9%84%d8%b4%d9%87%d8%a7%d8%af%d8%a7%d8%aa-%d9%81%d9%8a-%d8%a7%d9%84%d9%85%d8%ba%d8%b1%d8%a8\/\">Parcourir en arabe<\/a><a href=\"https:\/\/www.moroccodemia.com\/\/en\/degree-equivalence-in-morocco\/\">Parcourir en anglais<\/a><\/span><\/span><\/div>\n<hr \/>\n<div class=\"banner\"><img loading=\"lazy\" decoding=\"async\" src=\"https:\/\/www.moroccodemia.com\/fr\/media\/2019\/01\/IconBlackDiploma.png\" alt=\"Icon Degree\" width=\"80\" height=\"80\" class=\"alignnone wp-image-11741 size-full\" title=\"Equivalence des dipl\u00f4mes au Maroc\" \/><\/div>\n<p><img loading=\"lazy\" decoding=\"async\" src=\"https:\/\/www.moroccodemia.com\/fr\/media\/2019\/11\/MinisterHigher-EducationAgreementDegree-Diplomas-in-AfricaUNESCO.png\" alt=\"Ministre Said Amzazi \u00e0 l'UNESCO\" width=\"600\" height=\"400\" class=\"aligncenter wp-image-13126 size-full\" title=\"Le Maroc signe la convention r\u00e9vis\u00e9e sur la reconnaissance des \u00e9tudes et des certificats, dipl\u00f4mes, grades et autres titres de l\u2019enseignement sup\u00e9rieur dans les Etats d\u2019Afrique\" \/><span style=\"font-size: 8pt;\">Le Maroc signe la convention r\u00e9vis\u00e9e sur la reconnaissance des \u00e9tudes et des certificats, dipl\u00f4mes, grades et autres titres de l\u2019enseignement sup\u00e9rieur dans les Etats d\u2019Afrique (UNESCO) <\/span><span style=\"font-size: 8pt;\">&#8211; 15 novembre 2019<\/span><\/p>\n<h2 class=\"h2MainContent\"><span style=\"font-size: 10pt;\"><strong>Constitution de Dossiers d\u2019Equivalences de Dipl\u00f4mes<\/strong><\/span><\/h2>\n<p dir=\"ltr\"><span style=\"font-size: 10pt;\">Les<\/span> <strong><span style=\"font-size: 18pt;\">demandes d\u2019\u00e9quivalence<\/span><\/strong> <span style=\"font-size: 10pt;\">de tous grades universitaires, titres, dipl\u00f4mes, attestations ou certificats de scolarit\u00e9 sanctionnant des \u00e9tudes ou formations sup\u00e9rieures sont adress\u00e9es \u00e0 l&rsquo;autorit\u00e9 gouvernementale charg\u00e9e de l&rsquo;enseignement sup\u00e9rieur accompagn\u00e9es d\u2019un dossier comprenant les pi\u00e8ces justificatives et documents suivants:<\/span><\/p>\n<p dir=\"ltr\"><span style=\"font-size: 10pt;\">&#8211;\u00a0 2 copies du<\/span> <strong><span style=\"font-size: 18pt;\">curriculum vitae<\/span><\/strong> <span style=\"font-size: 10pt;\">d\u00e9taill\u00e9 de l\u2019int\u00e9ress\u00e9 pr\u00e9cisant notamment son parcours universitaire suivi depuis le baccalaur\u00e9at;<\/span><\/p>\n<p dir=\"ltr\"><span style=\"font-size: 10pt;\">&#8211;\u00a0 2 copies du<\/span> <span style=\"font-size: 18pt;\"><strong>dipl\u00f4me<\/strong><\/span> <span style=\"font-size: 10pt;\">pour lequel l&rsquo;\u00e9quivalence est demand\u00e9e;<\/span><\/p>\n<p><span style=\"font-size: 10pt;\">&#8211;\u00a0 2 copies du<\/span> <span style=\"font-size: 18pt;\"><strong>baccalaur\u00e9at<\/strong><\/span> <span style=\"font-size: 10pt;\">de l&rsquo;enseignement secondaire ou d\u2019un dipl\u00f4me reconnu \u00e9quivalent.<\/span><\/p>\n<p dir=\"ltr\"><span style=\"font-size: 10pt;\">&#8211;\u00a0 2 copies de tout<\/span> <span style=\"font-size: 18pt;\"><strong>autre dipl\u00f4me et certificat<\/strong><\/span> <span style=\"font-size: 10pt;\">d\u2019enseignement sup\u00e9rieur d\u00e9tenus par l\u2019int\u00e9ress\u00e9.<\/span><\/p>\n<p dir=\"ltr\"><span style=\"font-size: 10pt;\">&#8211;\u00a0 1<\/span> <span style=\"font-size: 18pt;\"><strong>document officiel<\/strong><\/span> <span style=\"font-size: 10pt;\">de l\u2019\u00e9tablissement ayant d\u00e9livr\u00e9 le dipl\u00f4me, comprenant les renseignements suivants:<\/span><\/p>\n<p dir=\"ltr\"><span style=\"font-size: 10pt;\">&#8211;\u00a0 Le<\/span>s <span style=\"font-size: 18pt;\"><strong>modalit\u00e9s d&rsquo;acc\u00e8s<\/strong><\/span> <span style=\"font-size: 10pt;\">aux \u00e9tudes sanctionn\u00e9es par le dipl\u00f4me objet de la demande d&rsquo;\u00e9quivalence.<\/span><\/p>\n<p dir=\"ltr\"><span style=\"font-size: 10pt;\">&#8211;\u00a0 Les<\/span> <strong><span style=\"font-size: 18pt;\">programmes suivis<\/span><\/strong> <span style=\"font-size: 10pt;\">comprenant Les mati\u00e8res, modules ou unit\u00e9s de valeur enseign\u00e9s dans chaque ann\u00e9e d\u2019\u00e9tude, avec mention de leurs enveloppes horaires.<\/span><\/p>\n<p dir=\"ltr\"><span style=\"font-size: 10pt;\">&#8211;\u00a0 Les<\/span> <span style=\"font-size: 18pt;\"><strong>modalit\u00e9s de contr\u00f4le<\/strong><\/span> <span style=\"font-size: 10pt;\">des aptitudes et des connaissances.<\/span><\/p>\n<p dir=\"ltr\"><span style=\"font-size: 10pt;\">&#8211;\u00a0 La nature et la dur\u00e9e des<\/span> <span style=\"font-size: 18pt;\"><strong>stages<\/strong><\/span> <span style=\"font-size: 10pt;\">pr\u00e9vus dans le cursus des \u00e9tudes, ainsi que les modalit\u00e9s de leurs \u00e9valuations.<\/span><\/p>\n<p dir=\"ltr\"><span style=\"font-size: 10pt;\">&#8211;\u00a0 Les<\/span> <span style=\"font-size: 18pt;\"><strong>relev\u00e9s<\/strong><\/span> <span style=\"font-size: 10pt;\">de notes obtenues aux examens.<\/span><\/p>\n<p dir=\"ltr\"><span style=\"font-size: 10pt;\">&#8211;\u00a0 Les<\/span> <strong><span style=\"font-size: 18pt;\">bulletins<\/span><\/strong> <span style=\"font-size: 10pt;\">de r\u00e9ussite \u00e0 chaque ann\u00e9e d\u2019\u00e9tudes.<\/span><\/p>\n<p dir=\"ltr\"><span style=\"font-size: 10pt;\">&#8211;\u00a0 Les attestations de<\/span> <span style=\"font-size: 18pt;\"><strong>validation des stages<\/strong><\/span>.<\/p>\n<p dir=\"ltr\"><span style=\"font-size: 10pt;\">&#8211;\u00a0 2 copies du m\u00e9moire, de la th\u00e8se ou des travaux de recherche ou \u00e9ventuellement du projet de fin d\u2019\u00e9tudes portant le cachet de l\u2019\u00e9tablissement ayant d\u00e9livr\u00e9 le<\/span> <span style=\"font-size: 18pt;\"><strong>dipl\u00f4me<\/strong><\/span>.<\/p>\n<p dir=\"ltr\"><span style=\"font-size: 10pt;\">&#8211;\u00a0 2 exemplaires des tir\u00e9s \u00e0 part des<\/span> <strong><span style=\"font-size: 18pt;\">publications<\/span><\/strong> <span style=\"font-size: 10pt;\">parues dans des revues scientifiques internationales, s\u2019il y a lieu;<\/span><\/p>\n<p dir=\"ltr\"><span style=\"font-size: 10pt;\">&#8211;\u00a0 1 document officiel attestant que le demandeur de l\u2019\u00e9quivalence de dipl\u00f4me a s\u00e9journ\u00e9 r\u00e9guli\u00e8rement pendant sa<\/span> <strong><span style=\"font-size: 18pt;\">scolarit\u00e9<\/span><\/strong> <span style=\"font-size: 10pt;\">dans le pays o\u00f9 il a pr\u00e9par\u00e9 le dipl\u00f4me objet de la demande d\u2019\u00e9quivalence.<\/span><\/p>\n<p dir=\"ltr\"><span style=\"font-size: 8pt;\"><strong>N.B<\/strong>\u00a0 \u00a0 Tout document libell\u00e9 dans une langue autre que l&rsquo;arabe ou le fran\u00e7ais, doit \u00eatre accompagn\u00e9 d&rsquo;une <span style=\"text-decoration: underline;\">traduction int\u00e9grale<\/span> dans l&rsquo;une de ces langues, assur\u00e9e, soit par l\u2019autorit\u00e9 comp\u00e9tente du pays ayant d\u00e9livr\u00e9 le dipl\u00f4me, vis\u00e9e \u00e9ventuellement par les services de l\u2019ambassade du Maroc concern\u00e9e, soit par un interpr\u00e8te asserment\u00e9.<\/span><\/p>\n<p dir=\"ltr\"><span style=\"font-size: 8pt;\">Les copies de tous les documents \u00e9num\u00e9r\u00e9s au pr\u00e9sent article doivent \u00eatre <span style=\"text-decoration: underline;\">certifi\u00e9es conformes<\/span> aux originaux.<\/span><\/p>\n<p dir=\"ltr\"><span style=\"font-size: 8pt;\">Chaque fois qu\u2019il s\u2019av\u00e8re n\u00e9cessaire, l\u2019autorit\u00e9 gouvernementale charg\u00e9e de l\u2019enseignement sup\u00e9rieur peut exiger la production des <span style=\"text-decoration: underline;\">originaux<\/span> de ces documents ou tout autre document pour examen et \u00e0 toutes fins utiles.<\/span><\/p>\n<p dir=\"ltr\"><span style=\"font-size: 10pt;\">B.Officiel N\u00b0 5122 DU 3\/7\/2003 P. 728<\/span><\/p>\n<hr class=\"footer\" \/>\n<p dir=\"ltr\"><a href=\"https:\/\/www.moroccodemia.com\/fr\/media\/2019\/11\/Equivalence-des-DiplomesConstitution_DossiersARFR.pdf\"><span style=\"font-size: 18pt;\"><strong>Constitution de Dossiers d\u2019Equivalences de Dipl\u00f4mes<\/strong><\/span><\/a><\/p>\n<p dir=\"ltr\"><strong><span style=\"font-size: 18pt;\"><a href=\"https:\/\/dfp.gov.ma\/procedure-dequivalence.html\">Proc\u00e9dure d&rsquo;Equivalence<\/a><\/span><\/strong><\/p>\n<hr dir=\"ltr\" \/>\n<h2 style=\"text-align: center;\" dir=\"ltr\"><span style=\"color: #000000;\"><strong><span style=\"font-size: 14pt; font-family: verdana, geneva, sans-serif;\"><span style=\"font-size: 10pt;\"><span style=\"font-size: 14pt;\">Equivalence des dipl\u00f4mes <span style=\"font-size: 10pt;\">au Maroc<\/span><\/span>\/<\/span><\/span><\/strong><\/span><\/h2>\n<hr \/>\n<\/div>\n<\/div>\n<\/div>\n<\/div>\n","protected":false},"excerpt":{"rendered":"<p>Equivalence des dipl\u00f4mes au Maroc Parcourir en arabeParcourir en anglais Le Maroc signe la convention r\u00e9vis\u00e9e sur la reconnaissance des \u00e9tudes et des certificats, dipl\u00f4mes, grades et autres titres de l\u2019enseignement sup\u00e9rieur dans les Etats d\u2019Afrique (UNESCO) &#8211; 15 novembre 2019 Constitution de Dossiers d\u2019Equivalences de Dipl\u00f4mes Les demandes d\u2019\u00e9quivalence de tous grades universitaires, titres, [&hellip;]<\/p>\n","protected":false},"author":1,"featured_media":0,"parent":0,"menu_order":0,"comment_status":"closed","ping_status":"closed","template":"","meta":{"footnotes":""},"class_list":["post-12601","page","type-page","status-publish","hentry"],"yoast_head":"<!-- This site is optimized with the Yoast SEO plugin v27.4 - https:\/\/yoast.com\/product\/yoast-seo-wordpress\/ -->\n<title>Equivalence des dipl\u00f4mes au Maroc - morocco academia french<\/title>\n<meta name=\"description\" content=\"Les demandes d\u2019\u00e9quivalence de tous grades universitaires, titres, dipl\u00f4mes, attestations ou certificats de scolarit\u00e9 sanctionnant des \u00e9tudes ou formations ..\" \/>\n<meta name=\"robots\" content=\"index, follow, max-snippet:-1, max-image-preview:large, max-video-preview:-1\" \/>\n<link rel=\"canonical\" href=\"https:\/\/www.moroccodemia.com\/fr\/equivalence-des-diplomes-au-maroc\/\" \/>\n<meta property=\"og:locale\" content=\"fr_FR\" \/>\n<meta property=\"og:type\" content=\"article\" \/>\n<meta property=\"og:title\" content=\"Equivalence des dipl\u00f4mes au Maroc - morocco academia french\" \/>\n<meta property=\"og:description\" content=\"Les demandes d\u2019\u00e9quivalence de tous grades universitaires, titres, dipl\u00f4mes, attestations ou certificats de scolarit\u00e9 sanctionnant des \u00e9tudes ou formations ..\" \/>\n<meta property=\"og:url\" content=\"https:\/\/www.moroccodemia.com\/fr\/equivalence-des-diplomes-au-maroc\/\" \/>\n<meta property=\"og:site_name\" content=\"morocco academia french\" \/>\n<meta property=\"article:publisher\" content=\"https:\/\/www.facebook.com\/Morocco-academia-239938123438369\/\" \/>\n<meta property=\"article:modified_time\" content=\"2021-10-07T11:10:03+00:00\" \/>\n<meta property=\"og:image\" content=\"https:\/\/www.moroccodemia.com\/fr\/media\/2019\/01\/IconBlackDiploma.png\" \/>\n<meta name=\"twitter:card\" content=\"summary_large_image\" \/>\n<meta name=\"twitter:site\" content=\"@moroccodemia\" \/>\n<meta name=\"twitter:label1\" content=\"Dur\u00e9e de lecture estim\u00e9e\" \/>\n\t<meta name=\"twitter:data1\" content=\"3 minutes\" \/>\n<script type=\"application\/ld+json\" class=\"yoast-schema-graph\">{\"@context\":\"https:\\\/\\\/schema.org\",\"@graph\":[{\"@type\":\"WebPage\",\"@id\":\"https:\\\/\\\/www.moroccodemia.com\\\/fr\\\/equivalence-des-diplomes-au-maroc\\\/\",\"url\":\"https:\\\/\\\/www.moroccodemia.com\\\/fr\\\/equivalence-des-diplomes-au-maroc\\\/\",\"name\":\"Equivalence des dipl\u00f4mes au Maroc - morocco academia french\",\"isPartOf\":{\"@id\":\"https:\\\/\\\/www.moroccodemia.com\\\/fr\\\/#website\"},\"primaryImageOfPage\":{\"@id\":\"https:\\\/\\\/www.moroccodemia.com\\\/fr\\\/equivalence-des-diplomes-au-maroc\\\/#primaryimage\"},\"image\":{\"@id\":\"https:\\\/\\\/www.moroccodemia.com\\\/fr\\\/equivalence-des-diplomes-au-maroc\\\/#primaryimage\"},\"thumbnailUrl\":\"https:\\\/\\\/www.moroccodemia.com\\\/fr\\\/media\\\/2019\\\/01\\\/IconBlackDiploma.png\",\"datePublished\":\"2019-11-18T11:31:35+00:00\",\"dateModified\":\"2021-10-07T11:10:03+00:00\",\"description\":\"Les demandes d\u2019\u00e9quivalence de tous grades universitaires, titres, dipl\u00f4mes, attestations ou certificats de scolarit\u00e9 sanctionnant des \u00e9tudes ou formations ..\",\"breadcrumb\":{\"@id\":\"https:\\\/\\\/www.moroccodemia.com\\\/fr\\\/equivalence-des-diplomes-au-maroc\\\/#breadcrumb\"},\"inLanguage\":\"fr-FR\",\"potentialAction\":[{\"@type\":\"ReadAction\",\"target\":[\"https:\\\/\\\/www.moroccodemia.com\\\/fr\\\/equivalence-des-diplomes-au-maroc\\\/\"]}]},{\"@type\":\"ImageObject\",\"inLanguage\":\"fr-FR\",\"@id\":\"https:\\\/\\\/www.moroccodemia.com\\\/fr\\\/equivalence-des-diplomes-au-maroc\\\/#primaryimage\",\"url\":\"https:\\\/\\\/www.moroccodemia.com\\\/fr\\\/media\\\/2019\\\/01\\\/IconBlackDiploma.png\",\"contentUrl\":\"https:\\\/\\\/www.moroccodemia.com\\\/fr\\\/media\\\/2019\\\/01\\\/IconBlackDiploma.png\"},{\"@type\":\"BreadcrumbList\",\"@id\":\"https:\\\/\\\/www.moroccodemia.com\\\/fr\\\/equivalence-des-diplomes-au-maroc\\\/#breadcrumb\",\"itemListElement\":[{\"@type\":\"ListItem\",\"position\":1,\"name\":\"Accueil\",\"item\":\"https:\\\/\\\/www.moroccodemia.com\\\/fr\\\/\"},{\"@type\":\"ListItem\",\"position\":2,\"name\":\"Equivalence des dipl\u00f4mes au Maroc\"}]},{\"@type\":\"WebSite\",\"@id\":\"https:\\\/\\\/www.moroccodemia.com\\\/fr\\\/#website\",\"url\":\"https:\\\/\\\/www.moroccodemia.com\\\/fr\\\/\",\"name\":\"morocco academia french\",\"description\":\"L'information, tout simplement\",\"potentialAction\":[{\"@type\":\"SearchAction\",\"target\":{\"@type\":\"EntryPoint\",\"urlTemplate\":\"https:\\\/\\\/www.moroccodemia.com\\\/fr\\\/?s={search_term_string}\"},\"query-input\":{\"@type\":\"PropertyValueSpecification\",\"valueRequired\":true,\"valueName\":\"search_term_string\"}}],\"inLanguage\":\"fr-FR\"}]}<\/script>\n<!-- \/ Yoast SEO plugin. -->","yoast_head_json":{"title":"Equivalence des dipl\u00f4mes au Maroc - morocco academia french","description":"Les demandes d\u2019\u00e9quivalence de tous grades universitaires, titres, dipl\u00f4mes, attestations ou certificats de scolarit\u00e9 sanctionnant des \u00e9tudes ou formations ..","robots":{"index":"index","follow":"follow","max-snippet":"max-snippet:-1","max-image-preview":"max-image-preview:large","max-video-preview":"max-video-preview:-1"},"canonical":"https:\/\/www.moroccodemia.com\/fr\/equivalence-des-diplomes-au-maroc\/","og_locale":"fr_FR","og_type":"article","og_title":"Equivalence des dipl\u00f4mes au Maroc - morocco academia french","og_description":"Les demandes d\u2019\u00e9quivalence de tous grades universitaires, titres, dipl\u00f4mes, attestations ou certificats de scolarit\u00e9 sanctionnant des \u00e9tudes ou formations ..","og_url":"https:\/\/www.moroccodemia.com\/fr\/equivalence-des-diplomes-au-maroc\/","og_site_name":"morocco academia french","article_publisher":"https:\/\/www.facebook.com\/Morocco-academia-239938123438369\/","article_modified_time":"2021-10-07T11:10:03+00:00","og_image":[{"url":"https:\/\/www.moroccodemia.com\/fr\/media\/2019\/01\/IconBlackDiploma.png","type":"","width":"","height":""}],"twitter_card":"summary_large_image","twitter_site":"@moroccodemia","twitter_misc":{"Dur\u00e9e de lecture estim\u00e9e":"3 minutes"},"schema":{"@context":"https:\/\/schema.org","@graph":[{"@type":"WebPage","@id":"https:\/\/www.moroccodemia.com\/fr\/equivalence-des-diplomes-au-maroc\/","url":"https:\/\/www.moroccodemia.com\/fr\/equivalence-des-diplomes-au-maroc\/","name":"Equivalence des dipl\u00f4mes au Maroc - morocco academia french","isPartOf":{"@id":"https:\/\/www.moroccodemia.com\/fr\/#website"},"primaryImageOfPage":{"@id":"https:\/\/www.moroccodemia.com\/fr\/equivalence-des-diplomes-au-maroc\/#primaryimage"},"image":{"@id":"https:\/\/www.moroccodemia.com\/fr\/equivalence-des-diplomes-au-maroc\/#primaryimage"},"thumbnailUrl":"https:\/\/www.moroccodemia.com\/fr\/media\/2019\/01\/IconBlackDiploma.png","datePublished":"2019-11-18T11:31:35+00:00","dateModified":"2021-10-07T11:10:03+00:00","description":"Les demandes d\u2019\u00e9quivalence de tous grades universitaires, titres, dipl\u00f4mes, attestations ou certificats de scolarit\u00e9 sanctionnant des \u00e9tudes ou formations ..","breadcrumb":{"@id":"https:\/\/www.moroccodemia.com\/fr\/equivalence-des-diplomes-au-maroc\/#breadcrumb"},"inLanguage":"fr-FR","potentialAction":[{"@type":"ReadAction","target":["https:\/\/www.moroccodemia.com\/fr\/equivalence-des-diplomes-au-maroc\/"]}]},{"@type":"ImageObject","inLanguage":"fr-FR","@id":"https:\/\/www.moroccodemia.com\/fr\/equivalence-des-diplomes-au-maroc\/#primaryimage","url":"https:\/\/www.moroccodemia.com\/fr\/media\/2019\/01\/IconBlackDiploma.png","contentUrl":"https:\/\/www.moroccodemia.com\/fr\/media\/2019\/01\/IconBlackDiploma.png"},{"@type":"BreadcrumbList","@id":"https:\/\/www.moroccodemia.com\/fr\/equivalence-des-diplomes-au-maroc\/#breadcrumb","itemListElement":[{"@type":"ListItem","position":1,"name":"Accueil","item":"https:\/\/www.moroccodemia.com\/fr\/"},{"@type":"ListItem","position":2,"name":"Equivalence des dipl\u00f4mes au Maroc"}]},{"@type":"WebSite","@id":"https:\/\/www.moroccodemia.com\/fr\/#website","url":"https:\/\/www.moroccodemia.com\/fr\/","name":"morocco academia french","description":"L'information, tout simplement","potentialAction":[{"@type":"SearchAction","target":{"@type":"EntryPoint","urlTemplate":"https:\/\/www.moroccodemia.com\/fr\/?s={search_term_string}"},"query-input":{"@type":"PropertyValueSpecification","valueRequired":true,"valueName":"search_term_string"}}],"inLanguage":"fr-FR"}]}},"_links":{"self":[{"href":"https:\/\/www.moroccodemia.com\/fr\/wp-json\/wp\/v2\/pages\/12601","targetHints":{"allow":["GET"]}}],"collection":[{"href":"https:\/\/www.moroccodemia.com\/fr\/wp-json\/wp\/v2\/pages"}],"about":[{"href":"https:\/\/www.moroccodemia.com\/fr\/wp-json\/wp\/v2\/types\/page"}],"author":[{"embeddable":true,"href":"https:\/\/www.moroccodemia.com\/fr\/wp-json\/wp\/v2\/users\/1"}],"replies":[{"embeddable":true,"href":"https:\/\/www.moroccodemia.com\/fr\/wp-json\/wp\/v2\/comments?post=12601"}],"version-history":[{"count":3,"href":"https:\/\/www.moroccodemia.com\/fr\/wp-json\/wp\/v2\/pages\/12601\/revisions"}],"predecessor-version":[{"id":15418,"href":"https:\/\/www.moroccodemia.com\/fr\/wp-json\/wp\/v2\/pages\/12601\/revisions\/15418"}],"wp:attachment":[{"href":"https:\/\/www.moroccodemia.com\/fr\/wp-json\/wp\/v2\/media?parent=12601"}],"curies":[{"name":"wp","href":"https:\/\/api.w.org\/{rel}","templated":true}]}}