{"id":12465,"date":"2019-09-11T15:49:00","date_gmt":"2019-09-11T15:49:00","guid":{"rendered":"https:\/\/www.moroccodemia.com\/fr\/?page_id=12465"},"modified":"2019-09-11T16:11:44","modified_gmt":"2019-09-11T16:11:44","slug":"image-et-son-enseignement-superieur-marocain-dans-les-medias","status":"publish","type":"page","link":"https:\/\/www.moroccodemia.com\/fr\/image-et-son-enseignement-superieur-marocain-dans-les-medias\/","title":{"rendered":"Image et Son: Enseignement Sup\u00e9rieur Marocain dans les M\u00e9dias"},"content":{"rendered":"<div class=\"rTable\">\n<div class=\"rTableBody\">\n<div class=\"rTableRow\">\n<div class=\"rTableHead\">\n<hr>\n<h1 class=\"h1pagetitle\" style=\"text-align: center;\"><span style=\"font-size: 14pt;\"><strong><span style=\"font-size: 18pt;\">Image et Son:<\/span><br class=\"blank \/\">Enseignement Sup\u00e9rieur Marocain dans les M\u00e9dias<br \/>\n<\/strong><\/span><\/h1>\n<div class=\"dropdown1\"><span><button class=\"dropbtn1\"><\/button><br class=\"blank \/\"><span class=\"dropdown1-content\"><a href=\"https:\/\/www.moroccodemia.com\/ar\/%d8%a8%d8%a7%d9%84%d8%b5%d9%88%d8%aa-%d9%88%d8%a7%d9%84%d8%b5%d9%88%d8%b1%d8%a9-%d8%a7%d9%84%d8%aa%d8%b9%d9%84%d9%8a%d9%85-%d8%a7%d9%84%d8%b9%d8%a7%d9%84%d9%8a-%d9%81%d9%8a-%d8%a7%d9%84%d9%85%d8%ba\/\">Parcourir en arabe<\/a><a href=\"https:\/\/www.moroccodemia.com\/en\/sound-and-image-morocco-higher-education-in-the-media\/\">Parcourir en anglais<\/a><\/span><\/span><\/div>\n<hr>\n<div class=\"banner\"><img loading=\"lazy\" decoding=\"async\" src=\"https:\/\/www.moroccodemia.com\/fr\/media\/2019\/09\/IconBlackCamera100x100.png\" style=\"vertical-align: middle;\" alt=\"\" title=\"\" width=\"80\" height=\"80\"><\/div>\n<div class=\"youtube-player\" data-id=\"EvuwZCzl1lQ\"><img decoding=\"async\" src=\"https:\/\/i1.wp.com\/i.ytimg.com\/vi\/EvuwZCzl1lQ\/hqdefault.jpg?ssl=1\" data-recalc-dims=\"1\" class=\"aligncenter\" alt=\"\"><\/div>\n<div class=\"play\"><\/div>\n<p data-tadv-p=\"keep\" dir=\"ltr\" style=\"font-size: 8pt;\">Eco D\u00e9bat : Maroc : Pour un retour des \u00ab\u00a0Cerveaux\u00a0\u00bb &#8211; 22 novembre 2018<\/p>\n<div class=\"youtube-player\" data-id=\"5pwGJT5TVMY\"><img decoding=\"async\" src=\"https:\/\/i1.wp.com\/i.ytimg.com\/vi\/5pwGJT5TVMY\/hqdefault.jpg?ssl=1\" data-recalc-dims=\"1\" class=\"aligncenter\" alt=\"\"><\/div>\n<div class=\"play\"><\/div>\n<p data-tadv-p=\"keep\" dir=\"ltr\" style=\"font-size: 8pt;\">L&rsquo;universit\u00e9 marocaine : faiblesses, attentes et d\u00e9fis -14 septembre 2018<\/p>\n<div class=\"youtube-player\" data-id=\"OgNhx5FTFjo\"><img decoding=\"async\" src=\"https:\/\/i1.wp.com\/i.ytimg.com\/vi\/OgNhx5FTFjo\/hqdefault.jpg?ssl=1\" data-recalc-dims=\"1\" class=\"aligncenter\" alt=\"\"><\/div>\n<div class=\"play\"><\/div>\n<p data-tadv-p=\"keep\" dir=\"ltr\" style=\"font-size: 8pt;\">4\u00e8me sommet des \u00e9conomies \u00e9mergents \u00e0 l&rsquo;Universit\u00e9 Mohammed V Rabat &#8211; 12 mai 2018<\/p>\n<div class=\"youtube-player\" data-id=\"ZgNjyFsNh24\"><img decoding=\"async\" src=\"https:\/\/i1.wp.com\/i.ytimg.com\/vi\/ZgNjyFsNh24\/hqdefault.jpg?ssl=1\" data-recalc-dims=\"1\" class=\"aligncenter\" alt=\"\"><\/div>\n<div class=\"play\"><\/div>\n<p data-tadv-p=\"keep\" dir=\"ltr\" style=\"font-size: 8pt;\">60 minutes pour comprendre:Gr\u00e8ve des \u00e9tudiants en m\u00e9decine: le compromis impossible? &#8211; 27 octobre 2015<\/p>\n<div class=\"youtube-player\" data-id=\"Y0GQou4luBw\"><img decoding=\"async\" src=\"https:\/\/i1.wp.com\/i.ytimg.com\/vi\/Y0GQou4luBw\/hqdefault.jpg?ssl=1\" data-recalc-dims=\"1\" class=\"aligncenter\" alt=\"\"><\/div>\n<div class=\"play\"><\/div>\n<p data-tadv-p=\"keep\" dir=\"ltr\" style=\"font-size: 8pt;\">60 minutes pour comprendre:\u00a0\u00bbEtudiants m\u00e9decins: une gr\u00e8ve justifi\u00e9e?\u00a0\u00bb Partie 1 &#8211; 17 septembre 2015<\/p>\n<div class=\"youtube-player\" data-id=\"iwDMYtwCC2U\"><img decoding=\"async\" src=\"https:\/\/i1.wp.com\/i.ytimg.com\/vi\/iwDMYtwCC2U\/hqdefault.jpg?ssl=1\" data-recalc-dims=\"1\" class=\"aligncenter\" alt=\"\"><\/div>\n<div class=\"play\"><\/div>\n<p data-tadv-p=\"keep\" dir=\"ltr\" style=\"font-size: 8pt;\">M. Berrada re\u00e7oit M. Nourredine Mouaddib Pr\u00e9sident de l&rsquo;UIR &#8211; 4 octobre 2013<\/p>\n<div class=\"youtube-player\" data-id=\"njNmuDAudKs\"><img decoding=\"async\" src=\"https:\/\/i1.wp.com\/i.ytimg.com\/vi\/njNmuDAudKs\/hqdefault.jpg?ssl=1\" data-recalc-dims=\"1\" class=\"aligncenter\" alt=\"\"><\/div>\n<div class=\"play\"><\/div>\n<p data-tadv-p=\"keep\" dir=\"ltr\" style=\"font-size: 8pt;\">Grand angle: L&rsquo;Ecole Mohammedia d&rsquo;ing\u00e9nieurs &#8211; 2 f\u00e9vrier 2013<\/p>\n<div class=\"youtube-player\" data-id=\"fx4TYvfn0M0\"><img decoding=\"async\" src=\"https:\/\/i1.wp.com\/i.ytimg.com\/vi\/fx4TYvfn0M0\/hqdefault.jpg?ssl=1\" data-recalc-dims=\"1\" class=\"aligncenter\" alt=\"\"><\/div>\n<div class=\"play\"><\/div>\n<p data-tadv-p=\"keep\" dir=\"ltr\" style=\"font-size: 8pt;\">Maroc : Les Universit\u00e9s Priv\u00e9es se Multiplient &#8211; 6 mars 2013<\/p>\n<div class=\"youtube-player\" data-id=\"c5CCQNBv5bk\"><img decoding=\"async\" src=\"https:\/\/i1.wp.com\/i.ytimg.com\/vi\/c5CCQNBv5bk\/hqdefault.jpg?ssl=1\" data-recalc-dims=\"1\" class=\"aligncenter\" alt=\"\"><\/div>\n<div class=\"play\"><\/div>\n<p data-tadv-p=\"keep\" dir=\"ltr\" style=\"font-size: 8pt;\">Universit\u00e9 Cadi Ayyad: Reportage &#8211; 22 novembre 2012<\/p>\n<div class=\"youtube-player\" data-id=\"fv5aZrFFp4s\"><img decoding=\"async\" src=\"https:\/\/i1.wp.com\/i.ytimg.com\/vi\/fv5aZrFFp4s\/hqdefault.jpg?ssl=1\" data-recalc-dims=\"1\" class=\"aligncenter\" alt=\"\"><\/div>\n<div class=\"play\"><\/div>\n<p data-tadv-p=\"keep\" dir=\"ltr\" style=\"font-size: 8pt;\">Universit\u00e9 Ibn Zohr &#8211; Rentr\u00e9e Universitaire: Les D\u00e9fis &#8211; 10 novembre 2012<\/p>\n<div class=\"youtube-player\" data-id=\"C3LDYpyJdWY\"><img decoding=\"async\" src=\"https:\/\/i1.wp.com\/i.ytimg.com\/vi\/C3LDYpyJdWY\/hqdefault.jpg?ssl=1\" data-recalc-dims=\"1\" class=\"aligncenter\" alt=\"\"><\/div>\n<div class=\"play\"><\/div>\n<p data-tadv-p=\"keep\" dir=\"ltr\" style=\"font-size: 8pt;\">Pr\u00e9sentation Mundiapolis Universit\u00e9 &#8211; 20 septembre 2010<\/p>\n<hr>\n<p data-tadv-p=\"keep\" style=\"text-align: center;\"><span style=\"font-size: 18pt;\">Image et Son:<\/span> Enseignement Sup\u00e9rieur Marocain dans les M\u00e9dias<span style=\"font-size: 14pt;\">\/<\/span><\/p>\n<hr>\n<\/div>\n<\/div>\n<\/div>\n<\/div>\n","protected":false},"excerpt":{"rendered":"<p>Image et Son:Enseignement Sup\u00e9rieur Marocain dans les M\u00e9dias Parcourir en arabeParcourir en anglais Eco D\u00e9bat : Maroc : Pour un retour des \u00ab\u00a0Cerveaux\u00a0\u00bb &#8211; 22 novembre 2018 L&rsquo;universit\u00e9 marocaine : faiblesses, attentes et d\u00e9fis -14 septembre 2018 4\u00e8me sommet des \u00e9conomies \u00e9mergents \u00e0 l&rsquo;Universit\u00e9 Mohammed V Rabat &#8211; 12 mai 2018 60 minutes pour comprendre:Gr\u00e8ve [&hellip;]<\/p>\n","protected":false},"author":1,"featured_media":0,"parent":0,"menu_order":0,"comment_status":"closed","ping_status":"closed","template":"","meta":{"footnotes":""},"class_list":["post-12465","page","type-page","status-publish","hentry"],"yoast_head":"<!-- This site is optimized with the Yoast SEO plugin v27.4 - https:\/\/yoast.com\/product\/yoast-seo-wordpress\/ -->\n<title>Image et Son: Enseignement Sup\u00e9rieur Marocain dans les M\u00e9dias - morocco academia french<\/title>\n<meta name=\"robots\" content=\"index, follow, max-snippet:-1, max-image-preview:large, max-video-preview:-1\" \/>\n<link rel=\"canonical\" href=\"https:\/\/www.moroccodemia.com\/fr\/image-et-son-enseignement-superieur-marocain-dans-les-medias\/\" \/>\n<meta property=\"og:locale\" content=\"fr_FR\" \/>\n<meta property=\"og:type\" content=\"article\" \/>\n<meta property=\"og:title\" content=\"Image et Son: Enseignement Sup\u00e9rieur Marocain dans les M\u00e9dias - morocco academia french\" \/>\n<meta property=\"og:description\" content=\"Image et Son:Enseignement Sup\u00e9rieur Marocain dans les M\u00e9dias Parcourir en arabeParcourir en anglais Eco D\u00e9bat : Maroc : Pour un retour des \u00ab\u00a0Cerveaux\u00a0\u00bb &#8211; 22 novembre 2018 L&rsquo;universit\u00e9 marocaine : faiblesses, attentes et d\u00e9fis -14 septembre 2018 4\u00e8me sommet des \u00e9conomies \u00e9mergents \u00e0 l&rsquo;Universit\u00e9 Mohammed V Rabat &#8211; 12 mai 2018 60 minutes pour comprendre:Gr\u00e8ve [&hellip;]\" \/>\n<meta property=\"og:url\" content=\"https:\/\/www.moroccodemia.com\/fr\/image-et-son-enseignement-superieur-marocain-dans-les-medias\/\" \/>\n<meta property=\"og:site_name\" content=\"morocco academia french\" \/>\n<meta property=\"article:publisher\" content=\"https:\/\/www.facebook.com\/Morocco-academia-239938123438369\/\" \/>\n<meta property=\"article:modified_time\" content=\"2019-09-11T16:11:44+00:00\" \/>\n<meta property=\"og:image\" content=\"https:\/\/www.moroccodemia.com\/fr\/media\/2019\/09\/IconBlackCamera100x100.png\" \/>\n<meta name=\"twitter:card\" content=\"summary_large_image\" \/>\n<meta name=\"twitter:site\" content=\"@moroccodemia\" \/>\n<meta name=\"twitter:label1\" content=\"Dur\u00e9e de lecture estim\u00e9e\" \/>\n\t<meta name=\"twitter:data1\" content=\"1 minute\" \/>\n<script type=\"application\/ld+json\" class=\"yoast-schema-graph\">{\"@context\":\"https:\\\/\\\/schema.org\",\"@graph\":[{\"@type\":\"WebPage\",\"@id\":\"https:\\\/\\\/www.moroccodemia.com\\\/fr\\\/image-et-son-enseignement-superieur-marocain-dans-les-medias\\\/\",\"url\":\"https:\\\/\\\/www.moroccodemia.com\\\/fr\\\/image-et-son-enseignement-superieur-marocain-dans-les-medias\\\/\",\"name\":\"Image et Son: Enseignement Sup\u00e9rieur Marocain dans les M\u00e9dias - morocco academia french\",\"isPartOf\":{\"@id\":\"https:\\\/\\\/www.moroccodemia.com\\\/fr\\\/#website\"},\"primaryImageOfPage\":{\"@id\":\"https:\\\/\\\/www.moroccodemia.com\\\/fr\\\/image-et-son-enseignement-superieur-marocain-dans-les-medias\\\/#primaryimage\"},\"image\":{\"@id\":\"https:\\\/\\\/www.moroccodemia.com\\\/fr\\\/image-et-son-enseignement-superieur-marocain-dans-les-medias\\\/#primaryimage\"},\"thumbnailUrl\":\"https:\\\/\\\/www.moroccodemia.com\\\/fr\\\/media\\\/2019\\\/09\\\/IconBlackCamera100x100.png\",\"datePublished\":\"2019-09-11T15:49:00+00:00\",\"dateModified\":\"2019-09-11T16:11:44+00:00\",\"breadcrumb\":{\"@id\":\"https:\\\/\\\/www.moroccodemia.com\\\/fr\\\/image-et-son-enseignement-superieur-marocain-dans-les-medias\\\/#breadcrumb\"},\"inLanguage\":\"fr-FR\",\"potentialAction\":[{\"@type\":\"ReadAction\",\"target\":[\"https:\\\/\\\/www.moroccodemia.com\\\/fr\\\/image-et-son-enseignement-superieur-marocain-dans-les-medias\\\/\"]}]},{\"@type\":\"ImageObject\",\"inLanguage\":\"fr-FR\",\"@id\":\"https:\\\/\\\/www.moroccodemia.com\\\/fr\\\/image-et-son-enseignement-superieur-marocain-dans-les-medias\\\/#primaryimage\",\"url\":\"https:\\\/\\\/www.moroccodemia.com\\\/fr\\\/media\\\/2019\\\/09\\\/IconBlackCamera100x100.png\",\"contentUrl\":\"https:\\\/\\\/www.moroccodemia.com\\\/fr\\\/media\\\/2019\\\/09\\\/IconBlackCamera100x100.png\"},{\"@type\":\"BreadcrumbList\",\"@id\":\"https:\\\/\\\/www.moroccodemia.com\\\/fr\\\/image-et-son-enseignement-superieur-marocain-dans-les-medias\\\/#breadcrumb\",\"itemListElement\":[{\"@type\":\"ListItem\",\"position\":1,\"name\":\"Accueil\",\"item\":\"https:\\\/\\\/www.moroccodemia.com\\\/fr\\\/\"},{\"@type\":\"ListItem\",\"position\":2,\"name\":\"Image et Son: Enseignement Sup\u00e9rieur Marocain dans les M\u00e9dias\"}]},{\"@type\":\"WebSite\",\"@id\":\"https:\\\/\\\/www.moroccodemia.com\\\/fr\\\/#website\",\"url\":\"https:\\\/\\\/www.moroccodemia.com\\\/fr\\\/\",\"name\":\"morocco academia french\",\"description\":\"L'information, tout simplement\",\"potentialAction\":[{\"@type\":\"SearchAction\",\"target\":{\"@type\":\"EntryPoint\",\"urlTemplate\":\"https:\\\/\\\/www.moroccodemia.com\\\/fr\\\/?s={search_term_string}\"},\"query-input\":{\"@type\":\"PropertyValueSpecification\",\"valueRequired\":true,\"valueName\":\"search_term_string\"}}],\"inLanguage\":\"fr-FR\"}]}<\/script>\n<!-- \/ Yoast SEO plugin. -->","yoast_head_json":{"title":"Image et Son: Enseignement Sup\u00e9rieur Marocain dans les M\u00e9dias - morocco academia french","robots":{"index":"index","follow":"follow","max-snippet":"max-snippet:-1","max-image-preview":"max-image-preview:large","max-video-preview":"max-video-preview:-1"},"canonical":"https:\/\/www.moroccodemia.com\/fr\/image-et-son-enseignement-superieur-marocain-dans-les-medias\/","og_locale":"fr_FR","og_type":"article","og_title":"Image et Son: Enseignement Sup\u00e9rieur Marocain dans les M\u00e9dias - morocco academia french","og_description":"Image et Son:Enseignement Sup\u00e9rieur Marocain dans les M\u00e9dias Parcourir en arabeParcourir en anglais Eco D\u00e9bat : Maroc : Pour un retour des \u00ab\u00a0Cerveaux\u00a0\u00bb &#8211; 22 novembre 2018 L&rsquo;universit\u00e9 marocaine : faiblesses, attentes et d\u00e9fis -14 septembre 2018 4\u00e8me sommet des \u00e9conomies \u00e9mergents \u00e0 l&rsquo;Universit\u00e9 Mohammed V Rabat &#8211; 12 mai 2018 60 minutes pour comprendre:Gr\u00e8ve [&hellip;]","og_url":"https:\/\/www.moroccodemia.com\/fr\/image-et-son-enseignement-superieur-marocain-dans-les-medias\/","og_site_name":"morocco academia french","article_publisher":"https:\/\/www.facebook.com\/Morocco-academia-239938123438369\/","article_modified_time":"2019-09-11T16:11:44+00:00","og_image":[{"url":"https:\/\/www.moroccodemia.com\/fr\/media\/2019\/09\/IconBlackCamera100x100.png","type":"","width":"","height":""}],"twitter_card":"summary_large_image","twitter_site":"@moroccodemia","twitter_misc":{"Dur\u00e9e de lecture estim\u00e9e":"1 minute"},"schema":{"@context":"https:\/\/schema.org","@graph":[{"@type":"WebPage","@id":"https:\/\/www.moroccodemia.com\/fr\/image-et-son-enseignement-superieur-marocain-dans-les-medias\/","url":"https:\/\/www.moroccodemia.com\/fr\/image-et-son-enseignement-superieur-marocain-dans-les-medias\/","name":"Image et Son: Enseignement Sup\u00e9rieur Marocain dans les M\u00e9dias - morocco academia french","isPartOf":{"@id":"https:\/\/www.moroccodemia.com\/fr\/#website"},"primaryImageOfPage":{"@id":"https:\/\/www.moroccodemia.com\/fr\/image-et-son-enseignement-superieur-marocain-dans-les-medias\/#primaryimage"},"image":{"@id":"https:\/\/www.moroccodemia.com\/fr\/image-et-son-enseignement-superieur-marocain-dans-les-medias\/#primaryimage"},"thumbnailUrl":"https:\/\/www.moroccodemia.com\/fr\/media\/2019\/09\/IconBlackCamera100x100.png","datePublished":"2019-09-11T15:49:00+00:00","dateModified":"2019-09-11T16:11:44+00:00","breadcrumb":{"@id":"https:\/\/www.moroccodemia.com\/fr\/image-et-son-enseignement-superieur-marocain-dans-les-medias\/#breadcrumb"},"inLanguage":"fr-FR","potentialAction":[{"@type":"ReadAction","target":["https:\/\/www.moroccodemia.com\/fr\/image-et-son-enseignement-superieur-marocain-dans-les-medias\/"]}]},{"@type":"ImageObject","inLanguage":"fr-FR","@id":"https:\/\/www.moroccodemia.com\/fr\/image-et-son-enseignement-superieur-marocain-dans-les-medias\/#primaryimage","url":"https:\/\/www.moroccodemia.com\/fr\/media\/2019\/09\/IconBlackCamera100x100.png","contentUrl":"https:\/\/www.moroccodemia.com\/fr\/media\/2019\/09\/IconBlackCamera100x100.png"},{"@type":"BreadcrumbList","@id":"https:\/\/www.moroccodemia.com\/fr\/image-et-son-enseignement-superieur-marocain-dans-les-medias\/#breadcrumb","itemListElement":[{"@type":"ListItem","position":1,"name":"Accueil","item":"https:\/\/www.moroccodemia.com\/fr\/"},{"@type":"ListItem","position":2,"name":"Image et Son: Enseignement Sup\u00e9rieur Marocain dans les M\u00e9dias"}]},{"@type":"WebSite","@id":"https:\/\/www.moroccodemia.com\/fr\/#website","url":"https:\/\/www.moroccodemia.com\/fr\/","name":"morocco academia french","description":"L'information, tout simplement","potentialAction":[{"@type":"SearchAction","target":{"@type":"EntryPoint","urlTemplate":"https:\/\/www.moroccodemia.com\/fr\/?s={search_term_string}"},"query-input":{"@type":"PropertyValueSpecification","valueRequired":true,"valueName":"search_term_string"}}],"inLanguage":"fr-FR"}]}},"_links":{"self":[{"href":"https:\/\/www.moroccodemia.com\/fr\/wp-json\/wp\/v2\/pages\/12465","targetHints":{"allow":["GET"]}}],"collection":[{"href":"https:\/\/www.moroccodemia.com\/fr\/wp-json\/wp\/v2\/pages"}],"about":[{"href":"https:\/\/www.moroccodemia.com\/fr\/wp-json\/wp\/v2\/types\/page"}],"author":[{"embeddable":true,"href":"https:\/\/www.moroccodemia.com\/fr\/wp-json\/wp\/v2\/users\/1"}],"replies":[{"embeddable":true,"href":"https:\/\/www.moroccodemia.com\/fr\/wp-json\/wp\/v2\/comments?post=12465"}],"version-history":[{"count":3,"href":"https:\/\/www.moroccodemia.com\/fr\/wp-json\/wp\/v2\/pages\/12465\/revisions"}],"predecessor-version":[{"id":12469,"href":"https:\/\/www.moroccodemia.com\/fr\/wp-json\/wp\/v2\/pages\/12465\/revisions\/12469"}],"wp:attachment":[{"href":"https:\/\/www.moroccodemia.com\/fr\/wp-json\/wp\/v2\/media?parent=12465"}],"curies":[{"name":"wp","href":"https:\/\/api.w.org\/{rel}","templated":true}]}}