{"id":12453,"date":"2019-09-11T14:59:15","date_gmt":"2019-09-11T14:59:15","guid":{"rendered":"https:\/\/www.moroccodemia.com\/fr\/?page_id=12453"},"modified":"2021-11-08T11:06:21","modified_gmt":"2021-11-08T10:06:21","slug":"image-et-son-etudiants-etrangers-au-maroc","status":"publish","type":"page","link":"https:\/\/www.moroccodemia.com\/fr\/image-et-son-etudiants-etrangers-au-maroc\/","title":{"rendered":"Image et Son: Etudiants \u00e9trangers au Maroc"},"content":{"rendered":"<div class=\"rTable\">\n<div class=\"rTableBody\">\n<div class=\"rTableRow\">\n<div class=\"rTableHead\">\n<hr>\n<h1 class=\"h1pagetitle\">Image et Son:<br class=\"blank\">Etudiants \u00e9trangers au Maroc<\/h1>\n<div class=\"dropdown1\"><span><button class=\"dropbtn1\"><\/button><br class=\"blank \/\"><span class=\"dropdown1-content\"><a href=\"https:\/\/www.moroccodemia.com\/ar\/%d8%a8%d8%a7%d9%84%d8%b5%d9%88%d8%aa-%d9%88%d8%a7%d9%84%d8%b5%d9%88%d8%b1%d8%a9-%d8%a7%d9%84%d8%b7%d9%84%d8%a8%d8%a9-%d8%a7%d9%84%d8%a3%d8%ac%d8%a7%d9%86%d8%a8-%d9%81%d9%8a-%d8%a7%d9%84%d9%85%d8%ba\/\">Parcourir en arabe<\/a><a href=\"https:\/\/www.moroccodemia.com\/en\/sound-and-image-international-students-in-morocco\/\">Parcourir en anglais<\/a><\/span><\/span><\/div>\n<hr>\n<div class=\"banner\"><img loading=\"lazy\" decoding=\"async\" src=\"https:\/\/www.moroccodemia.com\/fr\/media\/2019\/01\/IconBlackStudents.png\" style=\"vertical-align: middle;\" alt=\"\" title=\"\" width=\"80\" height=\"80\"><\/div>\n<div class=\"youtube-player\" data-id=\"RMENiUSpqC8\"><img decoding=\"async\" src=\"https:\/\/i1.wp.com\/i.ytimg.com\/vi\/RMENiUSpqC8\/hqdefault.jpg?ssl=1\" data-recalc-dims=\"1\" class=\"aligncenter\" alt=\"\"><\/div>\n<div class=\"play\"><\/div>\n<p dir=\"ltr\" style=\"font-size: 8pt;\">L&rsquo;Info en Face : La parole aux jeunes &#8211; 23 d\u00e9cembre 2020<\/p>\n<div class=\"youtube-player\" data-id=\"hcCX3u29AUs\"><img decoding=\"async\" src=\"https:\/\/i1.wp.com\/i.ytimg.com\/vi\/hcCX3u29AUs\/hqdefault.jpg?ssl=1\" data-recalc-dims=\"1\" class=\"aligncenter\" alt=\"\"><\/div>\n<div class=\"play\"><\/div>\n<p data-tadv-p=\"keep\" dir=\"ltr\" style=\"font-size: 8pt;\">La procedure de l\u2019offre des bourses de l\u2019AMCI &#8211; 30 juillet 2020<\/p>\n<div class=\"youtube-player\" data-id=\"pahdwT8wka8\"><img decoding=\"async\" src=\"https:\/\/i1.wp.com\/i.ytimg.com\/vi\/pahdwT8wka8\/hqdefault.jpg?ssl=1\" data-recalc-dims=\"1\" class=\"aligncenter\" alt=\"\"><\/div>\n<div class=\"play\"><\/div>\n<p dir=\"ltr\" style=\"font-size: 8pt;\">Etudiant Etranger au Maroc &#8211; 19 janvier 2017<\/p>\n<div class=\"youtube-player\" data-id=\"F-EQ_7-JOjs\"><img decoding=\"async\" src=\"https:\/\/i1.wp.com\/i.ytimg.com\/vi\/F-EQ_7-JOjs\/hqdefault.jpg?ssl=1\" data-recalc-dims=\"1\" class=\"aligncenter\" alt=\"\"><\/div>\n<div class=\"play\"><\/div>\n<p data-tadv-p=\"keep\" dir=\"ltr\" style=\"font-size: 8pt;\">Ali Adamou Aloussini, Secr\u00e9taire G\u00e9n\u00e9rale de la Conf\u00e9deration des Etudiants et Stagiaires Africains au Maroc &#8211; 12 juillet 2016<\/p>\n<div class=\"youtube-player\" data-id=\"NSBS9-KXSxE\"><img decoding=\"async\" src=\"https:\/\/i1.wp.com\/i.ytimg.com\/vi\/NSBS9-KXSxE\/hqdefault.jpg?ssl=1\" data-recalc-dims=\"1\" class=\"aligncenter\" alt=\"\"><\/div>\n<div class=\"play\"><\/div>\n<p data-tadv-p=\"keep\" dir=\"ltr\" style=\"font-size: 8pt;\">Un etudiant centrafricain au Maroc &#8211; 22 janvier 2016<\/p>\n<div class=\"youtube-player\" data-id=\"38M-xDCAM5o\"><img decoding=\"async\" src=\"https:\/\/i1.wp.com\/i.ytimg.com\/vi\/38M-xDCAM5o\/hqdefault.jpg?ssl=1\" data-recalc-dims=\"1\" class=\"aligncenter\" alt=\"\"><\/div>\n<div class=\"play\"><\/div>\n<p data-tadv-p=\"keep\" dir=\"ltr\" style=\"font-size: 8pt;\">Mobilit\u00e9 Internationale &#8211; S\u00e9jour d&rsquo;Etudes au Maroc &#8211; 25 juillet 2015<\/p>\n<div class=\"youtube-player\" data-id=\"IXaDy1jlM7I\"><img decoding=\"async\" src=\"https:\/\/i1.wp.com\/i.ytimg.com\/vi\/IXaDy1jlM7I\/hqdefault.jpg?ssl=1\" data-recalc-dims=\"1\" class=\"aligncenter\" alt=\"\"><\/div>\n<div class=\"play\"><\/div>\n<p data-tadv-p=\"keep\" dir=\"ltr\" style=\"font-size: 8pt;\">FONASCEEM: Forum National d&rsquo;Activit\u00e9s Scientifiques et Culturelles de l&rsquo;Etudiant Etranger au Maroc &#8211; 8 Juillet 2015<\/p>\n<div class=\"youtube-player\" data-id=\"BBvkP3f6jiM\"><img decoding=\"async\" src=\"https:\/\/i1.wp.com\/i.ytimg.com\/vi\/BBvkP3f6jiM\/hqdefault.jpg?ssl=1\" data-recalc-dims=\"1\" class=\"aligncenter\" alt=\"\"><\/div>\n<div class=\"play\"><\/div>\n<p data-tadv-p=\"keep\" dir=\"ltr\" style=\"font-size: 8pt;\">Spot Solidarit\u00e9 Tv &#8211; Agadir &#8211; May 19, 2015<\/p>\n<div class=\"youtube-player\" data-id=\"RSrlV909mas\"><img decoding=\"async\" src=\"https:\/\/i1.wp.com\/i.ytimg.com\/vi\/RSrlV909mas\/hqdefault.jpg?ssl=1\" data-recalc-dims=\"1\" class=\"aligncenter\" alt=\"\"><\/div>\n<div class=\"play\"><\/div>\n<p data-tadv-p=\"keep\" dir=\"ltr\" style=\"font-size: 8pt;\">Spot Solidarit\u00e9 Tv &#8211; Marrakech &#8211; May 19, 2015<\/p>\n<div class=\"youtube-player\" data-id=\"yZ8LXA1r16Y\"><img decoding=\"async\" src=\"https:\/\/i1.wp.com\/i.ytimg.com\/vi\/yZ8LXA1r16Y\/hqdefault.jpg?ssl=1\" data-recalc-dims=\"1\" class=\"aligncenter\" alt=\"\"><\/div>\n<div class=\"play\"><\/div>\n<p data-tadv-p=\"keep\" dir=\"ltr\" style=\"font-size: 8pt;\">L&rsquo;int\u00e9gration des Etudiants Maliens dans les Universit\u00e9s Marocaines &#8211; 15 janvier 2015<\/p>\n<div class=\"youtube-player\" data-id=\"laDXloTsFe8\"><img decoding=\"async\" src=\"https:\/\/i1.wp.com\/i.ytimg.com\/vi\/laDXloTsFe8\/hqdefault.jpg?ssl=1\" data-recalc-dims=\"1\" class=\"aligncenter\" alt=\"\"><\/div>\n<div class=\"play\"><\/div>\n<p data-tadv-p=\"keep\" dir=\"ltr\" style=\"font-size: 8pt;\">AUL\/PIIMT C\u00e9r\u00e9monie de Diplomation 2014 &#8211; MBA: Mot des Laur\u00e9ats &#8211; Mr Kalilou &#8211; 4 ao\u00fbt 2014<\/p>\n<div class=\"youtube-player\" data-id=\"w6qvlqEBLFo\"><img decoding=\"async\" src=\"https:\/\/i1.wp.com\/i.ytimg.com\/vi\/w6qvlqEBLFo\/hqdefault.jpg?ssl=1\" data-recalc-dims=\"1\" class=\"aligncenter\" alt=\"\"><\/div>\n<div class=\"play\"><\/div>\n<p data-tadv-p=\"keep\" dir=\"ltr\" style=\"font-size: 8pt;\">Congo, Des perspectives d&rsquo;\u00e9tudes au Maroc qui attirent &#8211; 22 mai 2014<\/p>\n<div class=\"youtube-player\" data-id=\"J_TK8q7QvsU\"><img decoding=\"async\" src=\"https:\/\/i1.wp.com\/i.ytimg.com\/vi\/J_TK8q7QvsU\/hqdefault.jpg?ssl=1\" data-recalc-dims=\"1\" class=\"aligncenter\" alt=\"\"><\/div>\n<div class=\"play\"><\/div>\n<p data-tadv-p=\"keep\" dir=\"ltr\" style=\"font-size: 8pt;\">Le Maroc, terre d&rsquo;accueil des \u00e9tudiants Subsahariens &#8211; 11 f\u00e9vrier 2013<\/p>\n<div class=\"youtube-player\" data-id=\"taJOiuvJU5k\"><img decoding=\"async\" src=\"https:\/\/i1.wp.com\/i.ytimg.com\/vi\/taJOiuvJU5k\/hqdefault.jpg?ssl=1\" data-recalc-dims=\"1\" class=\"aligncenter\" alt=\"\"><\/div>\n<div class=\"play\"><\/div>\n<p data-tadv-p=\"keep\" dir=\"ltr\" style=\"font-size: 8pt;\">De plus en plus d\u2019\u00e9tudiants \u00e9trangers au Maroc &#8211; 29 juillet 2010<\/p>\n<hr>\n<p data-tadv-p=\"keep\" style=\"text-align: center;\"><span style=\"font-size: 18pt;\">Image et Son:<\/span> <span style=\"font-size: 14pt;\">Etudiants Etrangers au Maroc<\/span><\/p>\n<hr>\n<\/div>\n<\/div>\n<\/div>\n<\/div>\n","protected":false},"excerpt":{"rendered":"<p>Image et Son:Etudiants \u00e9trangers au Maroc Parcourir en arabeParcourir en anglais L&rsquo;Info en Face : La parole aux jeunes &#8211; 23 d\u00e9cembre 2020 La procedure de l\u2019offre des bourses de l\u2019AMCI &#8211; 30 juillet 2020 Etudiant Etranger au Maroc &#8211; 19 janvier 2017 Ali Adamou Aloussini, Secr\u00e9taire G\u00e9n\u00e9rale de la Conf\u00e9deration des Etudiants et Stagiaires [&hellip;]<\/p>\n","protected":false},"author":1,"featured_media":0,"parent":0,"menu_order":0,"comment_status":"closed","ping_status":"closed","template":"","meta":{"footnotes":""},"class_list":["post-12453","page","type-page","status-publish","hentry"],"yoast_head":"<!-- This site is optimized with the Yoast SEO plugin v27.4 - https:\/\/yoast.com\/product\/yoast-seo-wordpress\/ -->\n<title>Image et Son: Etudiants \u00e9trangers au Maroc - morocco academia french<\/title>\n<meta name=\"robots\" content=\"index, follow, max-snippet:-1, max-image-preview:large, max-video-preview:-1\" \/>\n<link rel=\"canonical\" href=\"https:\/\/www.moroccodemia.com\/fr\/image-et-son-etudiants-etrangers-au-maroc\/\" \/>\n<meta property=\"og:locale\" content=\"fr_FR\" \/>\n<meta property=\"og:type\" content=\"article\" \/>\n<meta property=\"og:title\" content=\"Image et Son: Etudiants \u00e9trangers au Maroc - morocco academia french\" \/>\n<meta property=\"og:description\" content=\"Image et Son:Etudiants \u00e9trangers au Maroc Parcourir en arabeParcourir en anglais L&rsquo;Info en Face : La parole aux jeunes &#8211; 23 d\u00e9cembre 2020 La procedure de l\u2019offre des bourses de l\u2019AMCI &#8211; 30 juillet 2020 Etudiant Etranger au Maroc &#8211; 19 janvier 2017 Ali Adamou Aloussini, Secr\u00e9taire G\u00e9n\u00e9rale de la Conf\u00e9deration des Etudiants et Stagiaires [&hellip;]\" \/>\n<meta property=\"og:url\" content=\"https:\/\/www.moroccodemia.com\/fr\/image-et-son-etudiants-etrangers-au-maroc\/\" \/>\n<meta property=\"og:site_name\" content=\"morocco academia french\" \/>\n<meta property=\"article:publisher\" content=\"https:\/\/www.facebook.com\/Morocco-academia-239938123438369\/\" \/>\n<meta property=\"article:modified_time\" content=\"2021-11-08T10:06:21+00:00\" \/>\n<meta property=\"og:image\" content=\"https:\/\/www.moroccodemia.com\/fr\/media\/2019\/01\/IconBlackStudents.png\" \/>\n<meta name=\"twitter:card\" content=\"summary_large_image\" \/>\n<meta name=\"twitter:site\" content=\"@moroccodemia\" \/>\n<meta name=\"twitter:label1\" content=\"Dur\u00e9e de lecture estim\u00e9e\" \/>\n\t<meta name=\"twitter:data1\" content=\"4 minutes\" \/>\n<script type=\"application\/ld+json\" class=\"yoast-schema-graph\">{\"@context\":\"https:\\\/\\\/schema.org\",\"@graph\":[{\"@type\":\"WebPage\",\"@id\":\"https:\\\/\\\/www.moroccodemia.com\\\/fr\\\/image-et-son-etudiants-etrangers-au-maroc\\\/\",\"url\":\"https:\\\/\\\/www.moroccodemia.com\\\/fr\\\/image-et-son-etudiants-etrangers-au-maroc\\\/\",\"name\":\"Image et Son: Etudiants \u00e9trangers au Maroc - morocco academia french\",\"isPartOf\":{\"@id\":\"https:\\\/\\\/www.moroccodemia.com\\\/fr\\\/#website\"},\"primaryImageOfPage\":{\"@id\":\"https:\\\/\\\/www.moroccodemia.com\\\/fr\\\/image-et-son-etudiants-etrangers-au-maroc\\\/#primaryimage\"},\"image\":{\"@id\":\"https:\\\/\\\/www.moroccodemia.com\\\/fr\\\/image-et-son-etudiants-etrangers-au-maroc\\\/#primaryimage\"},\"thumbnailUrl\":\"https:\\\/\\\/www.moroccodemia.com\\\/fr\\\/media\\\/2019\\\/01\\\/IconBlackStudents.png\",\"datePublished\":\"2019-09-11T14:59:15+00:00\",\"dateModified\":\"2021-11-08T10:06:21+00:00\",\"breadcrumb\":{\"@id\":\"https:\\\/\\\/www.moroccodemia.com\\\/fr\\\/image-et-son-etudiants-etrangers-au-maroc\\\/#breadcrumb\"},\"inLanguage\":\"fr-FR\",\"potentialAction\":[{\"@type\":\"ReadAction\",\"target\":[\"https:\\\/\\\/www.moroccodemia.com\\\/fr\\\/image-et-son-etudiants-etrangers-au-maroc\\\/\"]}]},{\"@type\":\"ImageObject\",\"inLanguage\":\"fr-FR\",\"@id\":\"https:\\\/\\\/www.moroccodemia.com\\\/fr\\\/image-et-son-etudiants-etrangers-au-maroc\\\/#primaryimage\",\"url\":\"https:\\\/\\\/www.moroccodemia.com\\\/fr\\\/media\\\/2019\\\/01\\\/IconBlackStudents.png\",\"contentUrl\":\"https:\\\/\\\/www.moroccodemia.com\\\/fr\\\/media\\\/2019\\\/01\\\/IconBlackStudents.png\",\"width\":100,\"height\":100},{\"@type\":\"BreadcrumbList\",\"@id\":\"https:\\\/\\\/www.moroccodemia.com\\\/fr\\\/image-et-son-etudiants-etrangers-au-maroc\\\/#breadcrumb\",\"itemListElement\":[{\"@type\":\"ListItem\",\"position\":1,\"name\":\"Accueil\",\"item\":\"https:\\\/\\\/www.moroccodemia.com\\\/fr\\\/\"},{\"@type\":\"ListItem\",\"position\":2,\"name\":\"Image et Son: Etudiants \u00e9trangers au Maroc\"}]},{\"@type\":\"WebSite\",\"@id\":\"https:\\\/\\\/www.moroccodemia.com\\\/fr\\\/#website\",\"url\":\"https:\\\/\\\/www.moroccodemia.com\\\/fr\\\/\",\"name\":\"morocco academia french\",\"description\":\"L'information, tout simplement\",\"potentialAction\":[{\"@type\":\"SearchAction\",\"target\":{\"@type\":\"EntryPoint\",\"urlTemplate\":\"https:\\\/\\\/www.moroccodemia.com\\\/fr\\\/?s={search_term_string}\"},\"query-input\":{\"@type\":\"PropertyValueSpecification\",\"valueRequired\":true,\"valueName\":\"search_term_string\"}}],\"inLanguage\":\"fr-FR\"}]}<\/script>\n<!-- \/ Yoast SEO plugin. -->","yoast_head_json":{"title":"Image et Son: Etudiants \u00e9trangers au Maroc - morocco academia french","robots":{"index":"index","follow":"follow","max-snippet":"max-snippet:-1","max-image-preview":"max-image-preview:large","max-video-preview":"max-video-preview:-1"},"canonical":"https:\/\/www.moroccodemia.com\/fr\/image-et-son-etudiants-etrangers-au-maroc\/","og_locale":"fr_FR","og_type":"article","og_title":"Image et Son: Etudiants \u00e9trangers au Maroc - morocco academia french","og_description":"Image et Son:Etudiants \u00e9trangers au Maroc Parcourir en arabeParcourir en anglais L&rsquo;Info en Face : La parole aux jeunes &#8211; 23 d\u00e9cembre 2020 La procedure de l\u2019offre des bourses de l\u2019AMCI &#8211; 30 juillet 2020 Etudiant Etranger au Maroc &#8211; 19 janvier 2017 Ali Adamou Aloussini, Secr\u00e9taire G\u00e9n\u00e9rale de la Conf\u00e9deration des Etudiants et Stagiaires [&hellip;]","og_url":"https:\/\/www.moroccodemia.com\/fr\/image-et-son-etudiants-etrangers-au-maroc\/","og_site_name":"morocco academia french","article_publisher":"https:\/\/www.facebook.com\/Morocco-academia-239938123438369\/","article_modified_time":"2021-11-08T10:06:21+00:00","og_image":[{"url":"https:\/\/www.moroccodemia.com\/fr\/media\/2019\/01\/IconBlackStudents.png","type":"","width":"","height":""}],"twitter_card":"summary_large_image","twitter_site":"@moroccodemia","twitter_misc":{"Dur\u00e9e de lecture estim\u00e9e":"4 minutes"},"schema":{"@context":"https:\/\/schema.org","@graph":[{"@type":"WebPage","@id":"https:\/\/www.moroccodemia.com\/fr\/image-et-son-etudiants-etrangers-au-maroc\/","url":"https:\/\/www.moroccodemia.com\/fr\/image-et-son-etudiants-etrangers-au-maroc\/","name":"Image et Son: Etudiants \u00e9trangers au Maroc - morocco academia french","isPartOf":{"@id":"https:\/\/www.moroccodemia.com\/fr\/#website"},"primaryImageOfPage":{"@id":"https:\/\/www.moroccodemia.com\/fr\/image-et-son-etudiants-etrangers-au-maroc\/#primaryimage"},"image":{"@id":"https:\/\/www.moroccodemia.com\/fr\/image-et-son-etudiants-etrangers-au-maroc\/#primaryimage"},"thumbnailUrl":"https:\/\/www.moroccodemia.com\/fr\/media\/2019\/01\/IconBlackStudents.png","datePublished":"2019-09-11T14:59:15+00:00","dateModified":"2021-11-08T10:06:21+00:00","breadcrumb":{"@id":"https:\/\/www.moroccodemia.com\/fr\/image-et-son-etudiants-etrangers-au-maroc\/#breadcrumb"},"inLanguage":"fr-FR","potentialAction":[{"@type":"ReadAction","target":["https:\/\/www.moroccodemia.com\/fr\/image-et-son-etudiants-etrangers-au-maroc\/"]}]},{"@type":"ImageObject","inLanguage":"fr-FR","@id":"https:\/\/www.moroccodemia.com\/fr\/image-et-son-etudiants-etrangers-au-maroc\/#primaryimage","url":"https:\/\/www.moroccodemia.com\/fr\/media\/2019\/01\/IconBlackStudents.png","contentUrl":"https:\/\/www.moroccodemia.com\/fr\/media\/2019\/01\/IconBlackStudents.png","width":100,"height":100},{"@type":"BreadcrumbList","@id":"https:\/\/www.moroccodemia.com\/fr\/image-et-son-etudiants-etrangers-au-maroc\/#breadcrumb","itemListElement":[{"@type":"ListItem","position":1,"name":"Accueil","item":"https:\/\/www.moroccodemia.com\/fr\/"},{"@type":"ListItem","position":2,"name":"Image et Son: Etudiants \u00e9trangers au Maroc"}]},{"@type":"WebSite","@id":"https:\/\/www.moroccodemia.com\/fr\/#website","url":"https:\/\/www.moroccodemia.com\/fr\/","name":"morocco academia french","description":"L'information, tout simplement","potentialAction":[{"@type":"SearchAction","target":{"@type":"EntryPoint","urlTemplate":"https:\/\/www.moroccodemia.com\/fr\/?s={search_term_string}"},"query-input":{"@type":"PropertyValueSpecification","valueRequired":true,"valueName":"search_term_string"}}],"inLanguage":"fr-FR"}]}},"_links":{"self":[{"href":"https:\/\/www.moroccodemia.com\/fr\/wp-json\/wp\/v2\/pages\/12453","targetHints":{"allow":["GET"]}}],"collection":[{"href":"https:\/\/www.moroccodemia.com\/fr\/wp-json\/wp\/v2\/pages"}],"about":[{"href":"https:\/\/www.moroccodemia.com\/fr\/wp-json\/wp\/v2\/types\/page"}],"author":[{"embeddable":true,"href":"https:\/\/www.moroccodemia.com\/fr\/wp-json\/wp\/v2\/users\/1"}],"replies":[{"embeddable":true,"href":"https:\/\/www.moroccodemia.com\/fr\/wp-json\/wp\/v2\/comments?post=12453"}],"version-history":[{"count":3,"href":"https:\/\/www.moroccodemia.com\/fr\/wp-json\/wp\/v2\/pages\/12453\/revisions"}],"predecessor-version":[{"id":15610,"href":"https:\/\/www.moroccodemia.com\/fr\/wp-json\/wp\/v2\/pages\/12453\/revisions\/15610"}],"wp:attachment":[{"href":"https:\/\/www.moroccodemia.com\/fr\/wp-json\/wp\/v2\/media?parent=12453"}],"curies":[{"name":"wp","href":"https:\/\/api.w.org\/{rel}","templated":true}]}}