{"id":12446,"date":"2019-09-11T10:33:55","date_gmt":"2019-09-11T10:33:55","guid":{"rendered":"https:\/\/www.moroccodemia.com\/fr\/?page_id=12446"},"modified":"2023-09-03T16:58:51","modified_gmt":"2023-09-03T15:58:51","slug":"image-et-son-etudiants-marocains-a-letranger","status":"publish","type":"page","link":"https:\/\/www.moroccodemia.com\/fr\/image-et-son-etudiants-marocains-a-letranger\/","title":{"rendered":"Image et Son: Etudiants Marocains \u00e0 l&rsquo;Etranger"},"content":{"rendered":"<div class=\"rTable\">\n<div class=\"rTableBody\">\n<div class=\"rTableRow\">\n<div class=\"rTableHead\">\n<hr \/>\n<h1 class=\"h1pagetitle\">Image et Son: Etudiants marocains \u00e0 l&rsquo;\u00e9tranger<\/h1>\n<div class=\"dropdown1\"><span><button class=\"dropbtn1\"><\/button><br class=\"blank \/\" \/><span class=\"dropdown1-content\"><a href=\"https:\/\/www.moroccodemia.com\/ar\/%d8%a8%d8%a7%d9%84%d8%b5%d9%88%d8%aa-%d9%88%d8%a7%d9%84%d8%b5%d9%88%d8%b1%d8%a9-%d8%a7%d9%84%d8%b7%d9%84%d8%a8%d8%a9-%d8%a7%d9%84%d9%85%d8%ba%d8%a7%d8%b1%d8%a8%d8%a9-%d9%81%d9%8a-%d8%a7%d9%84\/\">Parcourir en arabe<\/a><a href=\"https:\/\/www.moroccodemia.com\/en\/sound-and-image-moroccan-students-abroad\/\">Parcourir en anglais<\/a><\/span><\/span><\/div>\n<hr \/>\n<div class=\"banner\"><img loading=\"lazy\" decoding=\"async\" src=\"https:\/\/www.moroccodemia.com\/fr\/media\/2019\/01\/IconBlackStudents.png\" style=\"vertical-align: middle;\" alt=\"\" title=\"\" width=\"80\" height=\"80\" \/><\/div>\n<div class=\"youtube-player\" data-id=\"um4Vg-a3afs\"><img decoding=\"async\" src=\"https:\/\/i1.wp.com\/i.ytimg.com\/vi\/um4Vg-a3afs\/hqdefault.jpg?ssl=1\" data-recalc-dims=\"1\" class=\"aligncenter\" alt=\"\" \/><\/div>\n<div class=\"play\"><\/div>\n<p data-tadv-p=\"keep\" dir=\"ltr\" style=\"font-size: 8pt;\">Comment les marocains sont devenus aussi forts en maths ? &#8211; 24 aout 2023<\/p>\n<div class=\"youtube-player\" data-id=\"sJGdChsEmDs\"><img decoding=\"async\" src=\"https:\/\/i1.wp.com\/i.ytimg.com\/vi\/sJGdChsEmDs\/hqdefault.jpg?ssl=1\" data-recalc-dims=\"1\" class=\"aligncenter\" alt=\"\" \/><\/div>\n<div class=\"play\"><\/div>\n<p data-tadv-p=\"keep\" dir=\"ltr\" style=\"font-size: 8pt;\">Ukraine : de retour au Maroc, les \u00e9tudiants rassur\u00e9s mais inquiets pour leur parcours universitaire &#8211; 16 f\u00e9vrier 20222<\/p>\n<div class=\"youtube-player\" data-id=\"b5FC4inlYzM\"><img decoding=\"async\" src=\"https:\/\/i1.wp.com\/i.ytimg.com\/vi\/b5FC4inlYzM\/hqdefault.jpg?ssl=1\" data-recalc-dims=\"1\" class=\"aligncenter\" alt=\"\" \/><\/div>\n<div class=\"play\"><\/div>\n<p data-tadv-p=\"keep\" dir=\"ltr\" style=\"font-size: 8pt;\">Une responsable Fran\u00e7aise au Maroc: Voici les details de l\u2019augmentation des frais d\u2019inscription en France &#8211; 21 novembre 2018<\/p>\n<div class=\"youtube-player\" data-id=\"sdcEuOPfXMo\"><img decoding=\"async\" src=\"https:\/\/i1.wp.com\/i.ytimg.com\/vi\/sdcEuOPfXMo\/hqdefault.jpg?ssl=1\" data-recalc-dims=\"1\" class=\"aligncenter\" alt=\"\" \/><\/div>\n<div class=\"play\"><\/div>\n<p data-tadv-p=\"keep\" dir=\"ltr\" style=\"font-size: 8pt;\">Finis les \u00e9tudes gratuites &#8211; 19 novembre 2018<\/p>\n<div class=\"youtube-player\" data-id=\"Iy5PuYV25Qw\"><img decoding=\"async\" src=\"https:\/\/i1.wp.com\/i.ytimg.com\/vi\/Iy5PuYV25Qw\/hqdefault.jpg?ssl=1\" data-recalc-dims=\"1\" class=\"aligncenter\" alt=\"\" \/><\/div>\n<div class=\"play\"><\/div>\n<p data-tadv-p=\"keep\" dir=\"ltr\" style=\"font-size: 8pt;\">3 questions \u00e0 Imane Benyahoun, pr\u00e9sidente de l&rsquo;AMGE Caravane &#8211; 15 janvier 2018<\/p>\n<div class=\"youtube-player\" data-id=\"8-Gm1kpWqdk\"><img decoding=\"async\" src=\"https:\/\/i1.wp.com\/i.ytimg.com\/vi\/8-Gm1kpWqdk\/hqdefault.jpg?ssl=1\" data-recalc-dims=\"1\" class=\"aligncenter\" alt=\"\" \/><\/div>\n<div class=\"play\"><\/div>\n<p data-tadv-p=\"keep\" dir=\"ltr\" style=\"font-size: 8pt;\">T\u00e9moignage dun \u00e9tudiant marocain \u00e0 l&rsquo;universit\u00e9 de Lorraine &#8211; 15 Aout 2017<\/p>\n<div class=\"youtube-player\" data-id=\"2ULr2m3yVrg\"><img decoding=\"async\" src=\"https:\/\/i1.wp.com\/i.ytimg.com\/vi\/2ULr2m3yVrg\/hqdefault.jpg?ssl=1\" data-recalc-dims=\"1\" class=\"aligncenter\" alt=\"\" \/><\/div>\n<div class=\"play\"><\/div>\n<p data-tadv-p=\"keep\" dir=\"ltr\" style=\"font-size: 8pt;\">Comment devenir m\u00e9decin naturopathe? &#8211; 29 juin 2017<\/p>\n<div class=\"youtube-player\" data-id=\"Q262Sb8cBjM\"><img decoding=\"async\" src=\"https:\/\/i1.wp.com\/i.ytimg.com\/vi\/Q262Sb8cBjM\/hqdefault.jpg?ssl=1\" data-recalc-dims=\"1\" class=\"aligncenter\" alt=\"\" \/><\/div>\n<div class=\"play\"><\/div>\n<p data-tadv-p=\"keep\" dir=\"ltr\" style=\"font-size: 8pt;\">Conseil pour les nouveaux \u00e9tudiants en France \u00ab\u00a0Logement\u00a0\u00bb en Arab &#8211; 19 ao\u00fbt 2016<\/p>\n<div class=\"youtube-player\" data-id=\"J2yBYL99DFM\"><img decoding=\"async\" src=\"https:\/\/i1.wp.com\/i.ytimg.com\/vi\/J2yBYL99DFM\/hqdefault.jpg?ssl=1\" data-recalc-dims=\"1\" class=\"aligncenter\" alt=\"\" \/><\/div>\n<div class=\"play\"><\/div>\n<p data-tadv-p=\"keep\" dir=\"ltr\" style=\"font-size: 8pt;\">Mon exp\u00e9rience : Du Maroc \u00e0 Limoges &#8211; 7 septembre 2015<\/p>\n<div class=\"youtube-player\" data-id=\"_cbuVpcNn88\"><img decoding=\"async\" src=\"https:\/\/i1.wp.com\/i.ytimg.com\/vi\/_cbuVpcNn88\/hqdefault.jpg?ssl=1\" data-recalc-dims=\"1\" class=\"aligncenter\" alt=\"\" \/><\/div>\n<div class=\"play\"><\/div>\n<p data-tadv-p=\"keep\" dir=\"ltr\" style=\"font-size: 8pt;\">Soutenance de Doctorat: Sarra SOUIKI &#8211; 27 mars 2015<\/p>\n<div class=\"youtube-player\" data-id=\"NiW5EIhpfIw\"><img decoding=\"async\" src=\"https:\/\/i1.wp.com\/i.ytimg.com\/vi\/NiW5EIhpfIw\/hqdefault.jpg?ssl=1\" data-recalc-dims=\"1\" class=\"aligncenter\" alt=\"\" \/><\/div>\n<div class=\"play\"><\/div>\n<p data-tadv-p=\"keep\" dir=\"ltr\" style=\"font-size: 8pt;\">Les \u00e9tudiants marocains qui partent en Allemagne &#8211; 28 janvier 2014<\/p>\n<hr \/>\n<p style=\"text-align: center;\"><span style=\"font-size: 18pt;\">Image et Son:<\/span> <span style=\"font-size: 14pt;\">Etudiants marocains \u00e0 l&rsquo;\u00e9tranger<\/span><\/p>\n<hr \/>\n<\/div>\n<\/div>\n<\/div>\n<\/div>\n","protected":false},"excerpt":{"rendered":"<p>Image et Son: Etudiants marocains \u00e0 l&rsquo;\u00e9tranger Parcourir en arabeParcourir en anglais Comment les marocains sont devenus aussi forts en maths ? &#8211; 24 aout 2023 Ukraine : de retour au Maroc, les \u00e9tudiants rassur\u00e9s mais inquiets pour leur parcours universitaire &#8211; 16 f\u00e9vrier 20222 Une responsable Fran\u00e7aise au Maroc: Voici les details de l\u2019augmentation [&hellip;]<\/p>\n","protected":false},"author":1,"featured_media":0,"parent":0,"menu_order":0,"comment_status":"closed","ping_status":"closed","template":"","meta":{"footnotes":""},"class_list":["post-12446","page","type-page","status-publish","hentry"],"yoast_head":"<!-- This site is optimized with the Yoast SEO plugin v27.4 - https:\/\/yoast.com\/product\/yoast-seo-wordpress\/ -->\n<title>Image et Son: Etudiants Marocains \u00e0 l&#039;Etranger - morocco academia french<\/title>\n<meta name=\"robots\" content=\"index, follow, max-snippet:-1, max-image-preview:large, max-video-preview:-1\" \/>\n<link rel=\"canonical\" href=\"https:\/\/www.moroccodemia.com\/fr\/image-et-son-etudiants-marocains-a-letranger\/\" \/>\n<meta property=\"og:locale\" content=\"fr_FR\" \/>\n<meta property=\"og:type\" content=\"article\" \/>\n<meta property=\"og:title\" content=\"Image et Son: Etudiants Marocains \u00e0 l&#039;Etranger - morocco academia french\" \/>\n<meta property=\"og:description\" content=\"Image et Son: Etudiants marocains \u00e0 l&rsquo;\u00e9tranger Parcourir en arabeParcourir en anglais Comment les marocains sont devenus aussi forts en maths ? &#8211; 24 aout 2023 Ukraine : de retour au Maroc, les \u00e9tudiants rassur\u00e9s mais inquiets pour leur parcours universitaire &#8211; 16 f\u00e9vrier 20222 Une responsable Fran\u00e7aise au Maroc: Voici les details de l\u2019augmentation [&hellip;]\" \/>\n<meta property=\"og:url\" content=\"https:\/\/www.moroccodemia.com\/fr\/image-et-son-etudiants-marocains-a-letranger\/\" \/>\n<meta property=\"og:site_name\" content=\"morocco academia french\" \/>\n<meta property=\"article:publisher\" content=\"https:\/\/www.facebook.com\/Morocco-academia-239938123438369\/\" \/>\n<meta property=\"article:modified_time\" content=\"2023-09-03T15:58:51+00:00\" \/>\n<meta property=\"og:image\" content=\"https:\/\/www.moroccodemia.com\/fr\/media\/2019\/01\/IconBlackStudents.png\" \/>\n<meta name=\"twitter:card\" content=\"summary_large_image\" \/>\n<meta name=\"twitter:site\" content=\"@moroccodemia\" \/>\n<meta name=\"twitter:label1\" content=\"Dur\u00e9e de lecture estim\u00e9e\" \/>\n\t<meta name=\"twitter:data1\" content=\"3 minutes\" \/>\n<script type=\"application\/ld+json\" class=\"yoast-schema-graph\">{\"@context\":\"https:\\\/\\\/schema.org\",\"@graph\":[{\"@type\":\"WebPage\",\"@id\":\"https:\\\/\\\/www.moroccodemia.com\\\/fr\\\/image-et-son-etudiants-marocains-a-letranger\\\/\",\"url\":\"https:\\\/\\\/www.moroccodemia.com\\\/fr\\\/image-et-son-etudiants-marocains-a-letranger\\\/\",\"name\":\"Image et Son: Etudiants Marocains \u00e0 l'Etranger - morocco academia french\",\"isPartOf\":{\"@id\":\"https:\\\/\\\/www.moroccodemia.com\\\/fr\\\/#website\"},\"primaryImageOfPage\":{\"@id\":\"https:\\\/\\\/www.moroccodemia.com\\\/fr\\\/image-et-son-etudiants-marocains-a-letranger\\\/#primaryimage\"},\"image\":{\"@id\":\"https:\\\/\\\/www.moroccodemia.com\\\/fr\\\/image-et-son-etudiants-marocains-a-letranger\\\/#primaryimage\"},\"thumbnailUrl\":\"https:\\\/\\\/www.moroccodemia.com\\\/fr\\\/media\\\/2019\\\/01\\\/IconBlackStudents.png\",\"datePublished\":\"2019-09-11T10:33:55+00:00\",\"dateModified\":\"2023-09-03T15:58:51+00:00\",\"breadcrumb\":{\"@id\":\"https:\\\/\\\/www.moroccodemia.com\\\/fr\\\/image-et-son-etudiants-marocains-a-letranger\\\/#breadcrumb\"},\"inLanguage\":\"fr-FR\",\"potentialAction\":[{\"@type\":\"ReadAction\",\"target\":[\"https:\\\/\\\/www.moroccodemia.com\\\/fr\\\/image-et-son-etudiants-marocains-a-letranger\\\/\"]}]},{\"@type\":\"ImageObject\",\"inLanguage\":\"fr-FR\",\"@id\":\"https:\\\/\\\/www.moroccodemia.com\\\/fr\\\/image-et-son-etudiants-marocains-a-letranger\\\/#primaryimage\",\"url\":\"https:\\\/\\\/www.moroccodemia.com\\\/fr\\\/media\\\/2019\\\/01\\\/IconBlackStudents.png\",\"contentUrl\":\"https:\\\/\\\/www.moroccodemia.com\\\/fr\\\/media\\\/2019\\\/01\\\/IconBlackStudents.png\",\"width\":100,\"height\":100},{\"@type\":\"BreadcrumbList\",\"@id\":\"https:\\\/\\\/www.moroccodemia.com\\\/fr\\\/image-et-son-etudiants-marocains-a-letranger\\\/#breadcrumb\",\"itemListElement\":[{\"@type\":\"ListItem\",\"position\":1,\"name\":\"Accueil\",\"item\":\"https:\\\/\\\/www.moroccodemia.com\\\/fr\\\/\"},{\"@type\":\"ListItem\",\"position\":2,\"name\":\"Image et Son: Etudiants Marocains \u00e0 l&#8217;Etranger\"}]},{\"@type\":\"WebSite\",\"@id\":\"https:\\\/\\\/www.moroccodemia.com\\\/fr\\\/#website\",\"url\":\"https:\\\/\\\/www.moroccodemia.com\\\/fr\\\/\",\"name\":\"morocco academia french\",\"description\":\"L'information, tout simplement\",\"potentialAction\":[{\"@type\":\"SearchAction\",\"target\":{\"@type\":\"EntryPoint\",\"urlTemplate\":\"https:\\\/\\\/www.moroccodemia.com\\\/fr\\\/?s={search_term_string}\"},\"query-input\":{\"@type\":\"PropertyValueSpecification\",\"valueRequired\":true,\"valueName\":\"search_term_string\"}}],\"inLanguage\":\"fr-FR\"}]}<\/script>\n<!-- \/ Yoast SEO plugin. -->","yoast_head_json":{"title":"Image et Son: Etudiants Marocains \u00e0 l'Etranger - morocco academia french","robots":{"index":"index","follow":"follow","max-snippet":"max-snippet:-1","max-image-preview":"max-image-preview:large","max-video-preview":"max-video-preview:-1"},"canonical":"https:\/\/www.moroccodemia.com\/fr\/image-et-son-etudiants-marocains-a-letranger\/","og_locale":"fr_FR","og_type":"article","og_title":"Image et Son: Etudiants Marocains \u00e0 l'Etranger - morocco academia french","og_description":"Image et Son: Etudiants marocains \u00e0 l&rsquo;\u00e9tranger Parcourir en arabeParcourir en anglais Comment les marocains sont devenus aussi forts en maths ? &#8211; 24 aout 2023 Ukraine : de retour au Maroc, les \u00e9tudiants rassur\u00e9s mais inquiets pour leur parcours universitaire &#8211; 16 f\u00e9vrier 20222 Une responsable Fran\u00e7aise au Maroc: Voici les details de l\u2019augmentation [&hellip;]","og_url":"https:\/\/www.moroccodemia.com\/fr\/image-et-son-etudiants-marocains-a-letranger\/","og_site_name":"morocco academia french","article_publisher":"https:\/\/www.facebook.com\/Morocco-academia-239938123438369\/","article_modified_time":"2023-09-03T15:58:51+00:00","og_image":[{"url":"https:\/\/www.moroccodemia.com\/fr\/media\/2019\/01\/IconBlackStudents.png","type":"","width":"","height":""}],"twitter_card":"summary_large_image","twitter_site":"@moroccodemia","twitter_misc":{"Dur\u00e9e de lecture estim\u00e9e":"3 minutes"},"schema":{"@context":"https:\/\/schema.org","@graph":[{"@type":"WebPage","@id":"https:\/\/www.moroccodemia.com\/fr\/image-et-son-etudiants-marocains-a-letranger\/","url":"https:\/\/www.moroccodemia.com\/fr\/image-et-son-etudiants-marocains-a-letranger\/","name":"Image et Son: Etudiants Marocains \u00e0 l'Etranger - morocco academia french","isPartOf":{"@id":"https:\/\/www.moroccodemia.com\/fr\/#website"},"primaryImageOfPage":{"@id":"https:\/\/www.moroccodemia.com\/fr\/image-et-son-etudiants-marocains-a-letranger\/#primaryimage"},"image":{"@id":"https:\/\/www.moroccodemia.com\/fr\/image-et-son-etudiants-marocains-a-letranger\/#primaryimage"},"thumbnailUrl":"https:\/\/www.moroccodemia.com\/fr\/media\/2019\/01\/IconBlackStudents.png","datePublished":"2019-09-11T10:33:55+00:00","dateModified":"2023-09-03T15:58:51+00:00","breadcrumb":{"@id":"https:\/\/www.moroccodemia.com\/fr\/image-et-son-etudiants-marocains-a-letranger\/#breadcrumb"},"inLanguage":"fr-FR","potentialAction":[{"@type":"ReadAction","target":["https:\/\/www.moroccodemia.com\/fr\/image-et-son-etudiants-marocains-a-letranger\/"]}]},{"@type":"ImageObject","inLanguage":"fr-FR","@id":"https:\/\/www.moroccodemia.com\/fr\/image-et-son-etudiants-marocains-a-letranger\/#primaryimage","url":"https:\/\/www.moroccodemia.com\/fr\/media\/2019\/01\/IconBlackStudents.png","contentUrl":"https:\/\/www.moroccodemia.com\/fr\/media\/2019\/01\/IconBlackStudents.png","width":100,"height":100},{"@type":"BreadcrumbList","@id":"https:\/\/www.moroccodemia.com\/fr\/image-et-son-etudiants-marocains-a-letranger\/#breadcrumb","itemListElement":[{"@type":"ListItem","position":1,"name":"Accueil","item":"https:\/\/www.moroccodemia.com\/fr\/"},{"@type":"ListItem","position":2,"name":"Image et Son: Etudiants Marocains \u00e0 l&#8217;Etranger"}]},{"@type":"WebSite","@id":"https:\/\/www.moroccodemia.com\/fr\/#website","url":"https:\/\/www.moroccodemia.com\/fr\/","name":"morocco academia french","description":"L'information, tout simplement","potentialAction":[{"@type":"SearchAction","target":{"@type":"EntryPoint","urlTemplate":"https:\/\/www.moroccodemia.com\/fr\/?s={search_term_string}"},"query-input":{"@type":"PropertyValueSpecification","valueRequired":true,"valueName":"search_term_string"}}],"inLanguage":"fr-FR"}]}},"_links":{"self":[{"href":"https:\/\/www.moroccodemia.com\/fr\/wp-json\/wp\/v2\/pages\/12446","targetHints":{"allow":["GET"]}}],"collection":[{"href":"https:\/\/www.moroccodemia.com\/fr\/wp-json\/wp\/v2\/pages"}],"about":[{"href":"https:\/\/www.moroccodemia.com\/fr\/wp-json\/wp\/v2\/types\/page"}],"author":[{"embeddable":true,"href":"https:\/\/www.moroccodemia.com\/fr\/wp-json\/wp\/v2\/users\/1"}],"replies":[{"embeddable":true,"href":"https:\/\/www.moroccodemia.com\/fr\/wp-json\/wp\/v2\/comments?post=12446"}],"version-history":[{"count":3,"href":"https:\/\/www.moroccodemia.com\/fr\/wp-json\/wp\/v2\/pages\/12446\/revisions"}],"predecessor-version":[{"id":16120,"href":"https:\/\/www.moroccodemia.com\/fr\/wp-json\/wp\/v2\/pages\/12446\/revisions\/16120"}],"wp:attachment":[{"href":"https:\/\/www.moroccodemia.com\/fr\/wp-json\/wp\/v2\/media?parent=12446"}],"curies":[{"name":"wp","href":"https:\/\/api.w.org\/{rel}","templated":true}]}}