{"id":12442,"date":"2019-09-11T09:07:34","date_gmt":"2019-09-11T09:07:34","guid":{"rendered":"https:\/\/www.moroccodemia.com\/fr\/?page_id=12442"},"modified":"2022-10-06T09:47:55","modified_gmt":"2022-10-06T08:47:55","slug":"image-et-son-etudiants-marocains-au-maroc","status":"publish","type":"page","link":"https:\/\/www.moroccodemia.com\/fr\/image-et-son-etudiants-marocains-au-maroc\/","title":{"rendered":"Image et Son: Etudiants Marocains au Maroc"},"content":{"rendered":"<div class=\"rTable\">\n<div class=\"rTableBody\">\n<div class=\"rTableRow\">\n<div class=\"rTableHead\">\n<hr>\n<h1 class=\"h1pagetitle\">Image et Son:<br class=\"blank\">Etudiants Marocains au Maroc<\/h1>\n<div class=\"dropdown1\"><span><button class=\"dropbtn1\"><\/button><br class=\"blank\"><span class=\"dropdown1-content\"><a href=\"https:\/\/www.moroccodemia.com\/ar\/%d8%a8%d8%a7%d9%84%d8%b5%d9%88%d8%aa-%d9%88%d8%a7%d9%84%d8%b5%d9%88%d8%b1%d8%a9-%d8%a7%d9%84%d8%b7%d9%84%d8%a8%d8%a9-%d8%a7%d9%84%d9%85%d8%ba%d8%a7%d8%b1%d8%a8%d8%a9-%d9%81%d9%8a-%d8%a7%d9%84%d9%85\/\">Parcourir en arabe<\/a><a href=\"https:\/\/www.moroccodemia.com\/en\/sound-and-image-moroccan-students-home\/\">Parcourir en anglais<\/a><\/span><\/span><\/div>\n<hr>\n<div class=\"banner\"><img loading=\"lazy\" decoding=\"async\" src=\"https:\/\/www.moroccodemia.com\/fr\/media\/2019\/01\/IconBlackStudents.png\" alt=\"Icon Students\" width=\"80\" height=\"80\" class=\"alignnone wp-image-11779 size-full\" title=\"Image et Son: Etudiants Marocains au Maroc\"><\/div>\n<div class=\"youtube-player\" data-id=\"tetDeXPcDic\"><img decoding=\"async\" src=\"https:\/\/i1.wp.com\/i.ytimg.com\/vi\/tetDeXPcDic\/hqdefault.jpg?ssl=1\" data-recalc-dims=\"1\" class=\"aligncenter\" alt=\"\"><\/div>\n<p dir=\"ltr\"><span style=\"font-size: 8pt;\">L\u2019\u00e9cosyst\u00e8me a\u00e9ronautique se mobilise pour faire d\u00e9couvrir les m\u00e9tiers du futur &#8211; 5 octobre 2022<\/span><\/p>\n<div class=\"youtube-player\" data-id=\"cwdmeXQOqNc\"><img decoding=\"async\" src=\"https:\/\/i1.wp.com\/i.ytimg.com\/vi\/cwdmeXQOqNc\/hqdefault.jpg?ssl=1\" data-recalc-dims=\"1\" class=\"aligncenter\" alt=\"\"><\/div>\n<p data-tadv-p=\"keep\" style=\"text-align: left;\"><span style=\"font-size: 8pt;\">C\u00e9r\u00e9monie d&rsquo;Ouverture &#8211; Planks Morocco Preliminary 2022 &#8211; 12 mars 2022<\/span><\/p>\n<div class=\"youtube-player\" data-id=\"E5tefk9-Mtg\"><img decoding=\"async\" src=\"https:\/\/i1.wp.com\/i.ytimg.com\/vi\/E5tefk9-Mtg\/hqdefault.jpg?ssl=1\" data-recalc-dims=\"1\" class=\"aligncenter\" alt=\"\"><\/div>\n<p data-tadv-p=\"keep\" dir=\"rtl\" style=\"text-align: left;\"><span style=\"font-size: 8pt;\">L&rsquo;Info en Face : La parole aux jeunes &#8211; 24 d\u00e9cembre 2020<\/span><\/p>\n<div class=\"youtube-player\" data-id=\"abMabuamd_U\"><img decoding=\"async\" src=\"https:\/\/i1.wp.com\/i.ytimg.com\/vi\/abMabuamd_U\/hqdefault.jpg?ssl=1\" data-recalc-dims=\"1\" class=\"aligncenter\" alt=\"\"><\/div>\n<p dir=\"rtl\" style=\"text-align: left;\"><span style=\"font-size: 8pt;\">Etudiants en m\u00e9decine : les recommandations de Ja\u00e2far Ha\u00efkal &#8211; 25 juin, 2019<\/span><\/p>\n<div class=\"youtube-player\" data-id=\"LEYJ1H-L4Vk\"><img decoding=\"async\" src=\"https:\/\/i1.wp.com\/i.ytimg.com\/vi\/LEYJ1H-L4Vk\/hqdefault.jpg?ssl=1\" data-recalc-dims=\"1\" class=\"aligncenter\" alt=\"\"><\/div>\n<p data-tadv-p=\"keep\" style=\"text-align: left;\"><span style=\"font-size: 8pt;\">Vie estudiantine Master NQSA: FST Mohammedia- Universit\u00e9 Hassan II Casa &#8211; 16 mars 2019<br \/>\n<\/span><\/p>\n<div class=\"youtube-player\" data-id=\"bTybftOrvTY\"><img decoding=\"async\" src=\"https:\/\/i1.wp.com\/i.ytimg.com\/vi\/bTybftOrvTY\/hqdefault.jpg?ssl=1\" data-recalc-dims=\"1\" class=\"aligncenter\" alt=\"\"><\/div>\n<p data-tadv-p=\"keep\" dir=\"rtl\" style=\"text-align: left;\"><span style=\"font-size: 8pt;\">Le\u00efla Drissi Kaitouni &#8211; Maroc &#8211; Finale internationale Ma th\u00e8se en 180 secondes 2015 &#8211; 12 Octobre 2015<\/span><\/p>\n<div class=\"youtube-player\" data-id=\"I8QpUFAW0Ic\"><img decoding=\"async\" src=\"https:\/\/i1.wp.com\/i.ytimg.com\/vi\/I8QpUFAW0Ic\/hqdefault.jpg?ssl=1\" data-recalc-dims=\"1\" class=\"aligncenter\" alt=\"\"><\/div>\n<p data-tadv-p=\"keep\" style=\"text-align: left;\"><span style=\"font-size: 8pt;\">Assoman Kouakou &#8211; Maroc &#8211; Finale internationale Ma th\u00e8se en 180 secondes 2015 &#8211; 12 octobre 2015<\/span><\/p>\n<hr>\n<p style=\"text-align: center;\"><span style=\"font-size: 14pt;\"><span style=\"font-size: 18pt;\">Image et Son:<\/span> Etudiants Marocains au Maroc\/<\/span><\/p>\n<hr>\n<\/div>\n<\/div>\n<\/div>\n<\/div>\n","protected":false},"excerpt":{"rendered":"<p>Image et Son:Etudiants Marocains au Maroc Parcourir en arabeParcourir en anglais L\u2019\u00e9cosyst\u00e8me a\u00e9ronautique se mobilise pour faire d\u00e9couvrir les m\u00e9tiers du futur &#8211; 5 octobre 2022 C\u00e9r\u00e9monie d&rsquo;Ouverture &#8211; Planks Morocco Preliminary 2022 &#8211; 12 mars 2022 L&rsquo;Info en Face : La parole aux jeunes &#8211; 24 d\u00e9cembre 2020 Etudiants en m\u00e9decine : les recommandations [&hellip;]<\/p>\n","protected":false},"author":1,"featured_media":0,"parent":0,"menu_order":0,"comment_status":"closed","ping_status":"closed","template":"","meta":{"footnotes":""},"class_list":["post-12442","page","type-page","status-publish","hentry"],"yoast_head":"<!-- This site is optimized with the Yoast SEO plugin v27.4 - https:\/\/yoast.com\/product\/yoast-seo-wordpress\/ -->\n<title>Image et Son: Etudiants Marocains au Maroc - morocco academia french<\/title>\n<meta name=\"robots\" content=\"index, follow, max-snippet:-1, max-image-preview:large, max-video-preview:-1\" \/>\n<link rel=\"canonical\" href=\"https:\/\/www.moroccodemia.com\/fr\/image-et-son-etudiants-marocains-au-maroc\/\" \/>\n<meta property=\"og:locale\" content=\"fr_FR\" \/>\n<meta property=\"og:type\" content=\"article\" \/>\n<meta property=\"og:title\" content=\"Image et Son: Etudiants Marocains au Maroc - morocco academia french\" \/>\n<meta property=\"og:description\" content=\"Image et Son:Etudiants Marocains au Maroc Parcourir en arabeParcourir en anglais L\u2019\u00e9cosyst\u00e8me a\u00e9ronautique se mobilise pour faire d\u00e9couvrir les m\u00e9tiers du futur &#8211; 5 octobre 2022 C\u00e9r\u00e9monie d&rsquo;Ouverture &#8211; Planks Morocco Preliminary 2022 &#8211; 12 mars 2022 L&rsquo;Info en Face : La parole aux jeunes &#8211; 24 d\u00e9cembre 2020 Etudiants en m\u00e9decine : les recommandations [&hellip;]\" \/>\n<meta property=\"og:url\" content=\"https:\/\/www.moroccodemia.com\/fr\/image-et-son-etudiants-marocains-au-maroc\/\" \/>\n<meta property=\"og:site_name\" content=\"morocco academia french\" \/>\n<meta property=\"article:publisher\" content=\"https:\/\/www.facebook.com\/Morocco-academia-239938123438369\/\" \/>\n<meta property=\"article:modified_time\" content=\"2022-10-06T08:47:55+00:00\" \/>\n<meta property=\"og:image\" content=\"https:\/\/www.moroccodemia.com\/fr\/media\/2019\/01\/IconBlackStudents.png\" \/>\n<meta name=\"twitter:card\" content=\"summary_large_image\" \/>\n<meta name=\"twitter:site\" content=\"@moroccodemia\" \/>\n<meta name=\"twitter:label1\" content=\"Dur\u00e9e de lecture estim\u00e9e\" \/>\n\t<meta name=\"twitter:data1\" content=\"2 minutes\" \/>\n<script type=\"application\/ld+json\" class=\"yoast-schema-graph\">{\"@context\":\"https:\\\/\\\/schema.org\",\"@graph\":[{\"@type\":\"WebPage\",\"@id\":\"https:\\\/\\\/www.moroccodemia.com\\\/fr\\\/image-et-son-etudiants-marocains-au-maroc\\\/\",\"url\":\"https:\\\/\\\/www.moroccodemia.com\\\/fr\\\/image-et-son-etudiants-marocains-au-maroc\\\/\",\"name\":\"Image et Son: Etudiants Marocains au Maroc - morocco academia french\",\"isPartOf\":{\"@id\":\"https:\\\/\\\/www.moroccodemia.com\\\/fr\\\/#website\"},\"primaryImageOfPage\":{\"@id\":\"https:\\\/\\\/www.moroccodemia.com\\\/fr\\\/image-et-son-etudiants-marocains-au-maroc\\\/#primaryimage\"},\"image\":{\"@id\":\"https:\\\/\\\/www.moroccodemia.com\\\/fr\\\/image-et-son-etudiants-marocains-au-maroc\\\/#primaryimage\"},\"thumbnailUrl\":\"https:\\\/\\\/www.moroccodemia.com\\\/fr\\\/media\\\/2019\\\/01\\\/IconBlackStudents.png\",\"datePublished\":\"2019-09-11T09:07:34+00:00\",\"dateModified\":\"2022-10-06T08:47:55+00:00\",\"breadcrumb\":{\"@id\":\"https:\\\/\\\/www.moroccodemia.com\\\/fr\\\/image-et-son-etudiants-marocains-au-maroc\\\/#breadcrumb\"},\"inLanguage\":\"fr-FR\",\"potentialAction\":[{\"@type\":\"ReadAction\",\"target\":[\"https:\\\/\\\/www.moroccodemia.com\\\/fr\\\/image-et-son-etudiants-marocains-au-maroc\\\/\"]}]},{\"@type\":\"ImageObject\",\"inLanguage\":\"fr-FR\",\"@id\":\"https:\\\/\\\/www.moroccodemia.com\\\/fr\\\/image-et-son-etudiants-marocains-au-maroc\\\/#primaryimage\",\"url\":\"https:\\\/\\\/www.moroccodemia.com\\\/fr\\\/media\\\/2019\\\/01\\\/IconBlackStudents.png\",\"contentUrl\":\"https:\\\/\\\/www.moroccodemia.com\\\/fr\\\/media\\\/2019\\\/01\\\/IconBlackStudents.png\",\"width\":100,\"height\":100},{\"@type\":\"BreadcrumbList\",\"@id\":\"https:\\\/\\\/www.moroccodemia.com\\\/fr\\\/image-et-son-etudiants-marocains-au-maroc\\\/#breadcrumb\",\"itemListElement\":[{\"@type\":\"ListItem\",\"position\":1,\"name\":\"Accueil\",\"item\":\"https:\\\/\\\/www.moroccodemia.com\\\/fr\\\/\"},{\"@type\":\"ListItem\",\"position\":2,\"name\":\"Image et Son: Etudiants Marocains au Maroc\"}]},{\"@type\":\"WebSite\",\"@id\":\"https:\\\/\\\/www.moroccodemia.com\\\/fr\\\/#website\",\"url\":\"https:\\\/\\\/www.moroccodemia.com\\\/fr\\\/\",\"name\":\"morocco academia french\",\"description\":\"L'information, tout simplement\",\"potentialAction\":[{\"@type\":\"SearchAction\",\"target\":{\"@type\":\"EntryPoint\",\"urlTemplate\":\"https:\\\/\\\/www.moroccodemia.com\\\/fr\\\/?s={search_term_string}\"},\"query-input\":{\"@type\":\"PropertyValueSpecification\",\"valueRequired\":true,\"valueName\":\"search_term_string\"}}],\"inLanguage\":\"fr-FR\"}]}<\/script>\n<!-- \/ Yoast SEO plugin. -->","yoast_head_json":{"title":"Image et Son: Etudiants Marocains au Maroc - morocco academia french","robots":{"index":"index","follow":"follow","max-snippet":"max-snippet:-1","max-image-preview":"max-image-preview:large","max-video-preview":"max-video-preview:-1"},"canonical":"https:\/\/www.moroccodemia.com\/fr\/image-et-son-etudiants-marocains-au-maroc\/","og_locale":"fr_FR","og_type":"article","og_title":"Image et Son: Etudiants Marocains au Maroc - morocco academia french","og_description":"Image et Son:Etudiants Marocains au Maroc Parcourir en arabeParcourir en anglais L\u2019\u00e9cosyst\u00e8me a\u00e9ronautique se mobilise pour faire d\u00e9couvrir les m\u00e9tiers du futur &#8211; 5 octobre 2022 C\u00e9r\u00e9monie d&rsquo;Ouverture &#8211; Planks Morocco Preliminary 2022 &#8211; 12 mars 2022 L&rsquo;Info en Face : La parole aux jeunes &#8211; 24 d\u00e9cembre 2020 Etudiants en m\u00e9decine : les recommandations [&hellip;]","og_url":"https:\/\/www.moroccodemia.com\/fr\/image-et-son-etudiants-marocains-au-maroc\/","og_site_name":"morocco academia french","article_publisher":"https:\/\/www.facebook.com\/Morocco-academia-239938123438369\/","article_modified_time":"2022-10-06T08:47:55+00:00","og_image":[{"url":"https:\/\/www.moroccodemia.com\/fr\/media\/2019\/01\/IconBlackStudents.png","type":"","width":"","height":""}],"twitter_card":"summary_large_image","twitter_site":"@moroccodemia","twitter_misc":{"Dur\u00e9e de lecture estim\u00e9e":"2 minutes"},"schema":{"@context":"https:\/\/schema.org","@graph":[{"@type":"WebPage","@id":"https:\/\/www.moroccodemia.com\/fr\/image-et-son-etudiants-marocains-au-maroc\/","url":"https:\/\/www.moroccodemia.com\/fr\/image-et-son-etudiants-marocains-au-maroc\/","name":"Image et Son: Etudiants Marocains au Maroc - morocco academia french","isPartOf":{"@id":"https:\/\/www.moroccodemia.com\/fr\/#website"},"primaryImageOfPage":{"@id":"https:\/\/www.moroccodemia.com\/fr\/image-et-son-etudiants-marocains-au-maroc\/#primaryimage"},"image":{"@id":"https:\/\/www.moroccodemia.com\/fr\/image-et-son-etudiants-marocains-au-maroc\/#primaryimage"},"thumbnailUrl":"https:\/\/www.moroccodemia.com\/fr\/media\/2019\/01\/IconBlackStudents.png","datePublished":"2019-09-11T09:07:34+00:00","dateModified":"2022-10-06T08:47:55+00:00","breadcrumb":{"@id":"https:\/\/www.moroccodemia.com\/fr\/image-et-son-etudiants-marocains-au-maroc\/#breadcrumb"},"inLanguage":"fr-FR","potentialAction":[{"@type":"ReadAction","target":["https:\/\/www.moroccodemia.com\/fr\/image-et-son-etudiants-marocains-au-maroc\/"]}]},{"@type":"ImageObject","inLanguage":"fr-FR","@id":"https:\/\/www.moroccodemia.com\/fr\/image-et-son-etudiants-marocains-au-maroc\/#primaryimage","url":"https:\/\/www.moroccodemia.com\/fr\/media\/2019\/01\/IconBlackStudents.png","contentUrl":"https:\/\/www.moroccodemia.com\/fr\/media\/2019\/01\/IconBlackStudents.png","width":100,"height":100},{"@type":"BreadcrumbList","@id":"https:\/\/www.moroccodemia.com\/fr\/image-et-son-etudiants-marocains-au-maroc\/#breadcrumb","itemListElement":[{"@type":"ListItem","position":1,"name":"Accueil","item":"https:\/\/www.moroccodemia.com\/fr\/"},{"@type":"ListItem","position":2,"name":"Image et Son: Etudiants Marocains au Maroc"}]},{"@type":"WebSite","@id":"https:\/\/www.moroccodemia.com\/fr\/#website","url":"https:\/\/www.moroccodemia.com\/fr\/","name":"morocco academia french","description":"L'information, tout simplement","potentialAction":[{"@type":"SearchAction","target":{"@type":"EntryPoint","urlTemplate":"https:\/\/www.moroccodemia.com\/fr\/?s={search_term_string}"},"query-input":{"@type":"PropertyValueSpecification","valueRequired":true,"valueName":"search_term_string"}}],"inLanguage":"fr-FR"}]}},"_links":{"self":[{"href":"https:\/\/www.moroccodemia.com\/fr\/wp-json\/wp\/v2\/pages\/12442","targetHints":{"allow":["GET"]}}],"collection":[{"href":"https:\/\/www.moroccodemia.com\/fr\/wp-json\/wp\/v2\/pages"}],"about":[{"href":"https:\/\/www.moroccodemia.com\/fr\/wp-json\/wp\/v2\/types\/page"}],"author":[{"embeddable":true,"href":"https:\/\/www.moroccodemia.com\/fr\/wp-json\/wp\/v2\/users\/1"}],"replies":[{"embeddable":true,"href":"https:\/\/www.moroccodemia.com\/fr\/wp-json\/wp\/v2\/comments?post=12442"}],"version-history":[{"count":3,"href":"https:\/\/www.moroccodemia.com\/fr\/wp-json\/wp\/v2\/pages\/12442\/revisions"}],"predecessor-version":[{"id":16082,"href":"https:\/\/www.moroccodemia.com\/fr\/wp-json\/wp\/v2\/pages\/12442\/revisions\/16082"}],"wp:attachment":[{"href":"https:\/\/www.moroccodemia.com\/fr\/wp-json\/wp\/v2\/media?parent=12442"}],"curies":[{"name":"wp","href":"https:\/\/api.w.org\/{rel}","templated":true}]}}