{"id":11670,"date":"2019-01-27T11:45:33","date_gmt":"2019-01-27T11:45:33","guid":{"rendered":"https:\/\/www.moroccodemia.com\/fr\/?page_id=11670"},"modified":"2019-01-27T13:18:18","modified_gmt":"2019-01-27T13:18:18","slug":"employeurs-au-maroc","status":"publish","type":"page","link":"https:\/\/www.moroccodemia.com\/fr\/employeurs-au-maroc\/","title":{"rendered":"Employeurs\u00a0au Maroc"},"content":{"rendered":"<div class=\"rTable\">\n<div class=\"rTableBody\">\n<div class=\"rTableRow\">\n<div class=\"rTableHead\">\n<hr \/>\n<h2 style=\"text-align: center;\" dir=\"ltr\"><span style=\"font-size: 14pt; color: #000000;\"><strong><span style=\"font-family: verdana, geneva, sans-serif;\">Employeurs<span style=\"font-size: 10pt;\">\u00a0au Maroc<\/span><\/span><\/strong><\/span><span class=\"dropdown\"><button class=\"dropbtn\"><img loading=\"lazy\" decoding=\"async\" valign=\"middle\" src=\"https:\/\/www.moroccodemia.com\/en\/media\/2017\/12\/IconGreyDropdown_30x30.png\" alt=\"\" width=\"30\" height=\"30\" class=\"alignnone size-full wp-image-10488\" \/><\/button><span class=\"dropdown-content\"><a style=\"text-align: left; font-family: verdana, geneva, sans-serif; font-size: 10pt;\" href=\"https:\/\/www.moroccodemia.com\/ar\/%D8%A3%D8%B1%D8%A8%D8%A7%D8%A8-%D8%A7%D9%84%D8%B9%D9%85%D9%84\/\">Browse in Arabic<\/a><a style=\"text-align: left; font-family: verdana, geneva, sans-serif; font-size: 10pt;\" href=\"https:\/\/www.moroccodemia.com\/en\/employers\/\">Browse in anglais<\/a><\/span><\/span><\/h2>\n<hr \/>\n<div class=\"banner\"><img loading=\"lazy\" decoding=\"async\" src=\"https:\/\/www.moroccodemia.com\/fr\/media\/2019\/01\/IconBlackEmployer.png\" style=\"vertical-align: middle;\" alt=\"Entrepreneurs and Economic Actors in Morocco\" title=\"Entrepreneurs and Economic Actors in Morocco\" width=\"80\" height=\"80\" \/><\/div>\n<p><a href=\"http:\/\/www.cgem.ma\/\"><span style=\"font-size: 18pt;\"><strong>La Conf\u00e9d\u00e9ration G\u00e9n\u00e9rale des Entreprises du Maroc<\/strong><\/span><\/a><\/p>\n<p><a href=\"http:\/\/www.cgem.ma\/\"><img loading=\"lazy\" decoding=\"async\" src=\"https:\/\/www.moroccodemia.com\/fr\/media\/2019\/01\/IntitEconomyMorocco-Business_-GroupLogo.png\" alt=\"La Conf\u00e9d\u00e9ration G\u00e9n\u00e9rale des Entreprises du Maroc\" width=\"600\" height=\"400\" class=\"aligncenter wp-image-11679 size-full\" title=\"La Conf\u00e9d\u00e9ration G\u00e9n\u00e9rale des Entreprises du Maroc\" srcset=\"https:\/\/www.moroccodemia.com\/fr\/media\/2019\/01\/IntitEconomyMorocco-Business_-GroupLogo.png 600w, https:\/\/www.moroccodemia.com\/fr\/media\/2019\/01\/IntitEconomyMorocco-Business_-GroupLogo-300x200.png 300w\" sizes=\"auto, (max-width: 600px) 100vw, 600px\" \/><\/a><span style=\"font-size: 8pt;\">La Conf\u00e9d\u00e9ration G\u00e9n\u00e9rale des Entreprises du Maroc<\/span><\/p>\n<p>&nbsp;<\/p>\n<hr \/>\n<h2 style=\"text-align: center;\" dir=\"ltr\"><span style=\"font-size: 14pt; font-family: verdana, geneva, sans-serif; color: #000000;\"><span style=\"font-size: 10pt;\"><span style=\"font-size: 14pt; color: #000000;\"><strong><span style=\"font-family: verdana, geneva, sans-serif;\">Employeurs\u00a0<span style=\"font-size: 10pt;\">au Maroc<\/span><\/span><\/strong><\/span>\/<\/span><\/span><\/h2>\n<hr \/>\n<\/div>\n<\/div>\n<\/div>\n<\/div>\n","protected":false},"excerpt":{"rendered":"<p>Employeurs\u00a0au MarocBrowse in ArabicBrowse in anglais La Conf\u00e9d\u00e9ration G\u00e9n\u00e9rale des Entreprises du Maroc La Conf\u00e9d\u00e9ration G\u00e9n\u00e9rale des Entreprises du Maroc &nbsp; Employeurs\u00a0au Maroc\/<\/p>\n","protected":false},"author":1,"featured_media":0,"parent":0,"menu_order":0,"comment_status":"closed","ping_status":"closed","template":"","meta":{"footnotes":""},"class_list":["post-11670","page","type-page","status-publish","hentry"],"yoast_head":"<!-- This site is optimized with the Yoast SEO plugin v27.4 - https:\/\/yoast.com\/product\/yoast-seo-wordpress\/ -->\n<title>Employeurs\u00a0au Maroc - morocco academia french<\/title>\n<meta name=\"robots\" content=\"index, follow, max-snippet:-1, max-image-preview:large, max-video-preview:-1\" \/>\n<link rel=\"canonical\" href=\"https:\/\/www.moroccodemia.com\/fr\/employeurs-au-maroc\/\" \/>\n<meta property=\"og:locale\" content=\"fr_FR\" \/>\n<meta property=\"og:type\" content=\"article\" \/>\n<meta property=\"og:title\" content=\"Employeurs\u00a0au Maroc - morocco academia french\" \/>\n<meta property=\"og:description\" content=\"Employeurs\u00a0au MarocBrowse in ArabicBrowse in anglais La Conf\u00e9d\u00e9ration G\u00e9n\u00e9rale des Entreprises du Maroc La Conf\u00e9d\u00e9ration G\u00e9n\u00e9rale des Entreprises du Maroc &nbsp; Employeurs\u00a0au Maroc\/\" \/>\n<meta property=\"og:url\" content=\"https:\/\/www.moroccodemia.com\/fr\/employeurs-au-maroc\/\" \/>\n<meta property=\"og:site_name\" content=\"morocco academia french\" \/>\n<meta property=\"article:publisher\" content=\"https:\/\/www.facebook.com\/Morocco-academia-239938123438369\/\" \/>\n<meta property=\"article:modified_time\" content=\"2019-01-27T13:18:18+00:00\" \/>\n<meta property=\"og:image\" content=\"https:\/\/www.moroccodemia.com\/en\/wp-content\/uploads\/2017\/12\/IconGreyDropdown_30x30.png\" \/>\n<meta name=\"twitter:card\" content=\"summary_large_image\" \/>\n<meta name=\"twitter:site\" content=\"@moroccodemia\" \/>\n<script type=\"application\/ld+json\" class=\"yoast-schema-graph\">{\"@context\":\"https:\\\/\\\/schema.org\",\"@graph\":[{\"@type\":\"WebPage\",\"@id\":\"https:\\\/\\\/www.moroccodemia.com\\\/fr\\\/employeurs-au-maroc\\\/\",\"url\":\"https:\\\/\\\/www.moroccodemia.com\\\/fr\\\/employeurs-au-maroc\\\/\",\"name\":\"Employeurs\u00a0au Maroc - morocco academia french\",\"isPartOf\":{\"@id\":\"https:\\\/\\\/www.moroccodemia.com\\\/fr\\\/#website\"},\"primaryImageOfPage\":{\"@id\":\"https:\\\/\\\/www.moroccodemia.com\\\/fr\\\/employeurs-au-maroc\\\/#primaryimage\"},\"image\":{\"@id\":\"https:\\\/\\\/www.moroccodemia.com\\\/fr\\\/employeurs-au-maroc\\\/#primaryimage\"},\"thumbnailUrl\":\"https:\\\/\\\/www.moroccodemia.com\\\/en\\\/media\\\/2017\\\/12\\\/IconGreyDropdown_30x30.png\",\"datePublished\":\"2019-01-27T11:45:33+00:00\",\"dateModified\":\"2019-01-27T13:18:18+00:00\",\"breadcrumb\":{\"@id\":\"https:\\\/\\\/www.moroccodemia.com\\\/fr\\\/employeurs-au-maroc\\\/#breadcrumb\"},\"inLanguage\":\"fr-FR\",\"potentialAction\":[{\"@type\":\"ReadAction\",\"target\":[\"https:\\\/\\\/www.moroccodemia.com\\\/fr\\\/employeurs-au-maroc\\\/\"]}]},{\"@type\":\"ImageObject\",\"inLanguage\":\"fr-FR\",\"@id\":\"https:\\\/\\\/www.moroccodemia.com\\\/fr\\\/employeurs-au-maroc\\\/#primaryimage\",\"url\":\"https:\\\/\\\/www.moroccodemia.com\\\/en\\\/media\\\/2017\\\/12\\\/IconGreyDropdown_30x30.png\",\"contentUrl\":\"https:\\\/\\\/www.moroccodemia.com\\\/en\\\/media\\\/2017\\\/12\\\/IconGreyDropdown_30x30.png\"},{\"@type\":\"BreadcrumbList\",\"@id\":\"https:\\\/\\\/www.moroccodemia.com\\\/fr\\\/employeurs-au-maroc\\\/#breadcrumb\",\"itemListElement\":[{\"@type\":\"ListItem\",\"position\":1,\"name\":\"Accueil\",\"item\":\"https:\\\/\\\/www.moroccodemia.com\\\/fr\\\/\"},{\"@type\":\"ListItem\",\"position\":2,\"name\":\"Employeurs\u00a0au Maroc\"}]},{\"@type\":\"WebSite\",\"@id\":\"https:\\\/\\\/www.moroccodemia.com\\\/fr\\\/#website\",\"url\":\"https:\\\/\\\/www.moroccodemia.com\\\/fr\\\/\",\"name\":\"morocco academia french\",\"description\":\"L'information, tout simplement\",\"potentialAction\":[{\"@type\":\"SearchAction\",\"target\":{\"@type\":\"EntryPoint\",\"urlTemplate\":\"https:\\\/\\\/www.moroccodemia.com\\\/fr\\\/?s={search_term_string}\"},\"query-input\":{\"@type\":\"PropertyValueSpecification\",\"valueRequired\":true,\"valueName\":\"search_term_string\"}}],\"inLanguage\":\"fr-FR\"}]}<\/script>\n<!-- \/ Yoast SEO plugin. -->","yoast_head_json":{"title":"Employeurs\u00a0au Maroc - morocco academia french","robots":{"index":"index","follow":"follow","max-snippet":"max-snippet:-1","max-image-preview":"max-image-preview:large","max-video-preview":"max-video-preview:-1"},"canonical":"https:\/\/www.moroccodemia.com\/fr\/employeurs-au-maroc\/","og_locale":"fr_FR","og_type":"article","og_title":"Employeurs\u00a0au Maroc - morocco academia french","og_description":"Employeurs\u00a0au MarocBrowse in ArabicBrowse in anglais La Conf\u00e9d\u00e9ration G\u00e9n\u00e9rale des Entreprises du Maroc La Conf\u00e9d\u00e9ration G\u00e9n\u00e9rale des Entreprises du Maroc &nbsp; Employeurs\u00a0au Maroc\/","og_url":"https:\/\/www.moroccodemia.com\/fr\/employeurs-au-maroc\/","og_site_name":"morocco academia french","article_publisher":"https:\/\/www.facebook.com\/Morocco-academia-239938123438369\/","article_modified_time":"2019-01-27T13:18:18+00:00","og_image":[{"url":"https:\/\/www.moroccodemia.com\/en\/wp-content\/uploads\/2017\/12\/IconGreyDropdown_30x30.png","type":"","width":"","height":""}],"twitter_card":"summary_large_image","twitter_site":"@moroccodemia","schema":{"@context":"https:\/\/schema.org","@graph":[{"@type":"WebPage","@id":"https:\/\/www.moroccodemia.com\/fr\/employeurs-au-maroc\/","url":"https:\/\/www.moroccodemia.com\/fr\/employeurs-au-maroc\/","name":"Employeurs\u00a0au Maroc - morocco academia french","isPartOf":{"@id":"https:\/\/www.moroccodemia.com\/fr\/#website"},"primaryImageOfPage":{"@id":"https:\/\/www.moroccodemia.com\/fr\/employeurs-au-maroc\/#primaryimage"},"image":{"@id":"https:\/\/www.moroccodemia.com\/fr\/employeurs-au-maroc\/#primaryimage"},"thumbnailUrl":"https:\/\/www.moroccodemia.com\/en\/media\/2017\/12\/IconGreyDropdown_30x30.png","datePublished":"2019-01-27T11:45:33+00:00","dateModified":"2019-01-27T13:18:18+00:00","breadcrumb":{"@id":"https:\/\/www.moroccodemia.com\/fr\/employeurs-au-maroc\/#breadcrumb"},"inLanguage":"fr-FR","potentialAction":[{"@type":"ReadAction","target":["https:\/\/www.moroccodemia.com\/fr\/employeurs-au-maroc\/"]}]},{"@type":"ImageObject","inLanguage":"fr-FR","@id":"https:\/\/www.moroccodemia.com\/fr\/employeurs-au-maroc\/#primaryimage","url":"https:\/\/www.moroccodemia.com\/en\/media\/2017\/12\/IconGreyDropdown_30x30.png","contentUrl":"https:\/\/www.moroccodemia.com\/en\/media\/2017\/12\/IconGreyDropdown_30x30.png"},{"@type":"BreadcrumbList","@id":"https:\/\/www.moroccodemia.com\/fr\/employeurs-au-maroc\/#breadcrumb","itemListElement":[{"@type":"ListItem","position":1,"name":"Accueil","item":"https:\/\/www.moroccodemia.com\/fr\/"},{"@type":"ListItem","position":2,"name":"Employeurs\u00a0au Maroc"}]},{"@type":"WebSite","@id":"https:\/\/www.moroccodemia.com\/fr\/#website","url":"https:\/\/www.moroccodemia.com\/fr\/","name":"morocco academia french","description":"L'information, tout simplement","potentialAction":[{"@type":"SearchAction","target":{"@type":"EntryPoint","urlTemplate":"https:\/\/www.moroccodemia.com\/fr\/?s={search_term_string}"},"query-input":{"@type":"PropertyValueSpecification","valueRequired":true,"valueName":"search_term_string"}}],"inLanguage":"fr-FR"}]}},"_links":{"self":[{"href":"https:\/\/www.moroccodemia.com\/fr\/wp-json\/wp\/v2\/pages\/11670","targetHints":{"allow":["GET"]}}],"collection":[{"href":"https:\/\/www.moroccodemia.com\/fr\/wp-json\/wp\/v2\/pages"}],"about":[{"href":"https:\/\/www.moroccodemia.com\/fr\/wp-json\/wp\/v2\/types\/page"}],"author":[{"embeddable":true,"href":"https:\/\/www.moroccodemia.com\/fr\/wp-json\/wp\/v2\/users\/1"}],"replies":[{"embeddable":true,"href":"https:\/\/www.moroccodemia.com\/fr\/wp-json\/wp\/v2\/comments?post=11670"}],"version-history":[{"count":2,"href":"https:\/\/www.moroccodemia.com\/fr\/wp-json\/wp\/v2\/pages\/11670\/revisions"}],"predecessor-version":[{"id":11680,"href":"https:\/\/www.moroccodemia.com\/fr\/wp-json\/wp\/v2\/pages\/11670\/revisions\/11680"}],"wp:attachment":[{"href":"https:\/\/www.moroccodemia.com\/fr\/wp-json\/wp\/v2\/media?parent=11670"}],"curies":[{"name":"wp","href":"https:\/\/api.w.org\/{rel}","templated":true}]}}