{"id":11653,"date":"2019-01-26T09:32:08","date_gmt":"2019-01-26T09:32:08","guid":{"rendered":"https:\/\/www.moroccodemia.com\/fr\/?page_id=11653"},"modified":"2020-02-10T11:06:47","modified_gmt":"2020-02-10T11:06:47","slug":"la-formation-professionnelle-au-maroc","status":"publish","type":"page","link":"https:\/\/www.moroccodemia.com\/fr\/la-formation-professionnelle-au-maroc\/","title":{"rendered":"La Formation Professionnelle au Maroc"},"content":{"rendered":"<div class=\"rTable\">\n<div class=\"rTableBody\">\n<div class=\"rTableRow\">\n<div class=\"rTablehead\">\n<hr>\n<h1 class=\"h1pagetitle\" style=\"text-align: center;\"><span style=\"font-size: 14pt;\"><strong><span style=\"font-size: 10pt;\"><span style=\"font-size: 14pt;\">La Formation Professionnelle<\/span> au Maroc<\/span><\/strong><\/span><\/h1>\n<div class=\"dropdown1\"><span><button class=\"dropbtn1\"><\/button><br class=\"blank \/\"><span class=\"dropdown1-content\"><a href=\"https:\/\/www.moroccodemia.com\/ar\/%D8%A7%D9%84%D8%AA%D9%83%D9%88%D9%8A%D9%86-%D8%A7%D9%84%D9%85%D9%87%D9%86%D9%8A-%D9%81%D9%8A-%D8%A7%D9%84%D9%85%D8%BA%D8%B1%D8%A8\/\">Parcourir en arabe<\/a><a href=\"https:\/\/www.moroccodemia.com\/en\/vocational-training-in-morocco\/\">Parcourir en anglais<\/a><\/span><\/span><\/div>\n<hr>\n<div class=\"banner\"><img loading=\"lazy\" decoding=\"async\" class=\"banner-image\" src=\"https:\/\/www.moroccodemia.com\/fr\/media\/2020\/02\/IconBlackVocationalTraining.png\" style=\"vertical-align: middle;\" alt=\"La Formation Professionnelle au Maroc\" title=\"La Formation Professionnelle au Maroc\" width=\"80\" height=\"80\"><\/div>\n<p dir=\"ltr\"><span style=\"background-color: #00ff00; font-family: verdana,geneva,sans-serif;\"><div class=\"responsive-tabs\">\n<h2 class=\"tabtitle\">Ap\u00e9r\u00e7ue<\/h2>\n<div class=\"tabcontent\">\n<\/span><\/p>\n<p dir=\"ltr\"><span style=\"font-size: 10pt; font-family: verdana,geneva,sans-serif;\"><strong>Quel est le <span style=\"background-color: #ffff00;\">minist\u00e8re de tutelle<\/span>?<\/strong><\/span><\/p>\n<p dir=\"ltr\"><span style=\"font-size: 10pt; font-family: verdana,geneva,sans-serif;\"><a href=\"https:\/\/www.enssup.gov.ma\/fr\"><span style=\"font-size: 18pt;\"><strong>Minist\u00e8re&nbsp;<span>de l\u2019Education Nationale, de la Formation Professionnelle, de l\u2019Enseignement Sup\u00e9rieur et de la Recherche Scientifique<\/span><\/strong><\/span><\/a>&nbsp;est le minist\u00e8re de tutelle.<\/span><\/p>\n<p dir=\"ltr\"><a href=\"https:\/\/www.enssup.gov.ma\/fr\"><img loading=\"lazy\" decoding=\"async\" src=\"https:\/\/www.moroccodemia.com\/fr\/media\/2018\/02\/InstitGovernmentMinistry-of-Education-Vocational-Training-Higher-Education-and-Research.png\" alt=\"Minist\u00e8re&nbsp;de l\u2019Education Nationale, de la Formation Professionnelle, de l\u2019Enseignement Sup\u00e9rieur et de la Recherche Scientifique\" width=\"600\" height=\"400\" class=\"aligncenter wp-image-10164 size-full\" title=\"Minist\u00e8re&nbsp;de l\u2019Education Nationale, de la Formation Professionnelle, de l\u2019Enseignement Sup\u00e9rieur et de la Recherche Scientifique\" srcset=\"https:\/\/www.moroccodemia.com\/fr\/media\/2018\/02\/InstitGovernmentMinistry-of-Education-Vocational-Training-Higher-Education-and-Research.png 600w, https:\/\/www.moroccodemia.com\/fr\/media\/2018\/02\/InstitGovernmentMinistry-of-Education-Vocational-Training-Higher-Education-and-Research-300x200.png 300w\" sizes=\"auto, (max-width: 600px) 100vw, 600px\" \/><\/a><span style=\"font-size: 8pt;\">Minist\u00e8re&nbsp;de l\u2019Education Nationale, de la Formation Professionnelle, de l\u2019Enseignement Sup\u00e9rieur et de la Recherche Scientifique<\/span><\/p>\n<h3><a href=\"http:\/\/www.ofppt.ma\/\"><span style=\"font-size: 18pt;\"><strong>Office de la Formation Professionnelle et de la&nbsp; Promotion du Travail<\/strong><\/span><\/a> <strong>(OFPPT)<\/strong><\/h3>\n<p><img loading=\"lazy\" decoding=\"async\" src=\"https:\/\/www.moroccodemia.com\/fr\/media\/2019\/01\/IntitOffice-of-Vocational-Training-and-Employment-PromotionOFPPTLogo.png\" alt=\"Office de la Formation Professionnelle et de la&nbsp; Promotion du Travail\" width=\"600\" height=\"400\" class=\"aligncenter wp-image-11660 size-full\" title=\"Office de la Formation Professionnelle et de la&nbsp; Promotion du Travail\"><span style=\"font-size: 8pt;\">Office de la Formation Professionnelle et de la&nbsp; Promotion du Travail<\/span><\/p>\n<p><a href=\"http:\/\/www.ofppt.ma\/\"><img loading=\"lazy\" decoding=\"async\" src=\"https:\/\/www.moroccodemia.com\/fr\/media\/2019\/01\/IntitInternees-of-the-Office-of-Vocational-Training-and-Employment-Promotion.png\" alt=\"Office de la Formation Professionnelle et de la&nbsp; Promotion du Travail - Stagiaires\" width=\"600\" height=\"400\" class=\"aligncenter wp-image-11661 size-full\" title=\"Office de la Formation Professionnelle et de la&nbsp; Promotion du Travail - Stagiaires\"><\/a><span style=\"font-size: 8pt;\">Stagiaires de l&rsquo;Office de la Formation Professionnelle et de la&nbsp; Promotion du Travail&nbsp;<\/span><\/p>\n<p dir=\"ltr\"><span style=\"font-size: 10pt; font-family: verdana,geneva,sans-serif;\"><strong>S<span style=\"font-size: 10pt;\">yst\u00e8me de <span style=\"background-color: #ffff00;\">passerelles<\/span><\/span><\/strong><\/span><\/p>\n<p dir=\"ltr\"><span style=\"font-size: 10pt;\">L\u2019OFPPT offre aux <strong><span style=\"font-size: 18pt;\">meilleurs laur\u00e9ats<\/span><\/strong> le droit de b\u00e9n\u00e9ficier du&nbsp;<span style=\"font-size: 18pt;\"><span style=\"font-size: 10pt;\">syst\u00e8me de<\/span> <a href=\"http:\/\/www.ofppt.ma\/index.php\/inscriptions\"><strong>passerelles<\/strong><\/a><\/span>. Ce syst\u00e8me consiste en l\u2019accession d\u2019un niveau de formation donn\u00e9 au niveau imm\u00e9diatement sup\u00e9rieur pour les fili\u00e8res d\u00e9cid\u00e9es par les directions centrales. Pour le niveau Technicien sp\u00e9cialis\u00e9, les <strong><span style=\"font-size: 18pt;\">licences professionnelles<\/span><\/strong> offertes par les universit\u00e9s marocaines pr\u00e9sentent une opportunit\u00e9 importante pour les laur\u00e9ats d\u00e9sirant poursuivre des \u00e9tudes sup\u00e9rieures.<\/span><\/p>\n<p dir=\"ltr\"><span style=\"font-size: 10pt; font-family: verdana,geneva,sans-serif;\"><strong>Quel est le <span style=\"background-color: #ffff00;\">nombre des centres de formations<\/span>&nbsp;au Maroc?<\/strong><\/span><\/p>\n<p dir=\"ltr\">(&#8230;)<\/p>\n<hr class=\"footer\" dir=\"ltr\">\n<h2 class=\"Hidden\" dir=\"ltr\"><strong><span style=\"font-size: 10pt;\">Commentaires<\/span><\/strong><\/h2>\n<div class=\"Hidden\" dir=\"ltr\"><a href=\"#\" class=\"img-wrapper\"><img decoding=\"async\" src=\"http:\/\/www.moroccodemia.com\/en\/media\/2016\/07\/IconUserShadowBlackOrange120x120.png\"><\/a><\/p>\n<div class=\"comment-content\">\n<blockquote><p><span style=\"font-size: 10pt;\"><img loading=\"lazy\" decoding=\"async\" src=\"http:\/\/www.moroccodemia.com\/en\/media\/2016\/07\/Quotation-Marks_OrangeOpening40x40.png\" alt=\"\" width=\"20\" height=\"20\" class=\"alignnone  wp-image-9502\">&nbsp;Salam alaykoum,<\/span><\/p>\n<p><span style=\"font-size: 10pt;\">Je suis un \u00e9tudiant Belge (converti \u00e0 l&rsquo;islam) d&rsquo;origine italienne, dipl\u00f4m\u00e9 de l&rsquo;universit\u00e9 islamique de M\u00e9dine (Arabie Saudite) Facult\u00e9 des Fondements de la Religion et de la pr\u00eache, je suis en ce moment en \u00e9tude sup\u00e9rieur apr\u00e8s avoir obtenu ma Licence (mention tr\u00e8s bien : 4.11\/5), il me reste une ann\u00e9e in cha Allah ( le haut dipl\u00f4me toujours dans la m\u00eame facult\u00e9 ) o\u00f9 je devrais pr\u00e9senter une recherche, je voudrais savoir si il me sera possible de continu\u00e9 des \u00e9tudes sup\u00e9rieurs au Maroc (Doctorat), si oui quelles sont les opportunit\u00e9es qui me sont offertes ? o\u00f9 cela ?<\/span><\/p>\n<p><span style=\"font-size: 10pt;\">Je vous remercie d&rsquo;avance pour toute l&rsquo;attention port\u00e9e \u00e0 ce message.<\/span><img loading=\"lazy\" decoding=\"async\" src=\"http:\/\/www.moroccodemia.com\/en\/media\/2015\/10\/Quotation-Marks_OrangeClosing40x40.png\" alt=\"\" width=\"20\" height=\"20\" class=\"alignnone  wp-image-8519\" style=\"font-size: 10pt;\"><\/p><\/blockquote>\n<p><span style=\"font-size: 10pt;\"><em><span><span style=\"color: #808080;\">Commentaire:<\/span>&nbsp;<\/span>Loris Menegon<br \/>\n<\/em><\/span><span style=\"font-size: 8pt; color: #808080;\">[28 octobre 2017,&nbsp; 08:35 ]<\/span><\/p>\n<p><a href=\"#page-part\"><img loading=\"lazy\" decoding=\"async\" src=\"http:\/\/www.moroccodemia.com\/en\/media\/2016\/05\/IconLetter30x20.png\" alt=\"Reply\" width=\"30\" height=\"20\" class=\"alignnone wp-image-9672 size-full\" title=\"Reply\"><\/a><\/p>\n<\/div>\n<\/div>\n<h2 class=\"h2MainContent\" style=\"text-align: left;\" dir=\"ltr\"><strong><span style=\"font-size: 10pt;\">Ajouter un commentaire<\/span><\/strong><\/h2>\n<p dir=\"ltr\">\n<p dir=\"ltr\">\n<div class=\"wpcf7 no-js\" id=\"wpcf7-f8536-o1\" lang=\"fr-FR\" dir=\"ltr\" data-wpcf7-id=\"8536\">\n<div class=\"screen-reader-response\"><p role=\"status\" aria-live=\"polite\" aria-atomic=\"true\"><\/p> <ul><\/ul><\/div>\n<form action=\"\/fr\/wp-json\/wp\/v2\/pages\/11653#wpcf7-f8536-o1\" method=\"post\" class=\"wpcf7-form init\" aria-label=\"Formulaire de contact\" novalidate=\"novalidate\" data-status=\"init\">\n<fieldset class=\"hidden-fields-container\"><input type=\"hidden\" name=\"_wpcf7\" value=\"8536\" \/><input type=\"hidden\" name=\"_wpcf7_version\" value=\"6.1.5\" \/><input type=\"hidden\" name=\"_wpcf7_locale\" value=\"fr_FR\" \/><input type=\"hidden\" name=\"_wpcf7_unit_tag\" value=\"wpcf7-f8536-o1\" \/><input type=\"hidden\" name=\"_wpcf7_container_post\" value=\"0\" \/><input type=\"hidden\" name=\"_wpcf7_posted_data_hash\" value=\"\" \/><input type=\"hidden\" name=\"_wpcf7dtx_version\" value=\"5.0.5\" \/><input type=\"hidden\" name=\"_wpcf7_recaptcha_response\" value=\"\" \/>\n<\/fieldset>\n<span class=\"wpcf7-form-control-wrap chapter\" data-name=\"chapter\"><input type=\"hidden\" name=\"chapter\" class=\"wpcf7-form-control wpcf7-hidden wpcf7dtx wpcf7dtx-hidden\" aria-invalid=\"false\" value=\"La Formation Professionnelle au Maroc\"><\/span>\n<p>Votre commentaire:\n<\/p>\n<p><span class=\"wpcf7-form-control-wrap\" data-name=\"your-message\"><textarea cols=\"40\" rows=\"10\" maxlength=\"2000\" class=\"wpcf7-form-control wpcf7-textarea\" aria-invalid=\"false\" name=\"your-message\"><\/textarea><\/span>\n<\/p>\n<p>*Votre nom:\n<\/p>\n<p><span class=\"wpcf7-form-control-wrap\" data-name=\"your-name\"><input size=\"40\" maxlength=\"400\" class=\"wpcf7-form-control wpcf7-text wpcf7-validates-as-required\" aria-required=\"true\" aria-invalid=\"false\" value=\"\" type=\"text\" name=\"your-name\" \/><\/span>\n<\/p>\n<p>*Votre email:\n<\/p>\n<p><span class=\"wpcf7-form-control-wrap\" data-name=\"your-email\"><input size=\"40\" maxlength=\"400\" class=\"wpcf7-form-control wpcf7-email wpcf7-validates-as-required wpcf7-text wpcf7-validates-as-email\" aria-required=\"true\" aria-invalid=\"false\" value=\"\" type=\"email\" name=\"your-email\" \/><\/span>\n<\/p>\n<p><input class=\"wpcf7-form-control wpcf7-submit has-spinner\" type=\"submit\" value=\"Envoyer\" \/>\n<\/p><div class=\"wpcf7-response-output\" aria-hidden=\"true\"><\/div>\n<\/form>\n<\/div>\n<\/p>\n<p><span style=\"font-family: verdana,geneva,sans-serif; background-color: #00ff00;\">\n<\/div><h2 class=\"tabtitle\">Vid\u00e9os<\/h2>\n<div class=\"tabcontent\">\n<\/span><\/p>\n<div class=\"youtube-player\" data-id=\"rDPc3Ax3hDw\"><img decoding=\"async\" src=\"https:\/\/i1.wp.com\/i.ytimg.com\/vi\/rDPc3Ax3hDw\/hqdefault.jpg?ssl=1\" data-recalc-dims=\"1\" class=\"aligncenter\" alt=\"\"><\/div>\n<div class=\"play\"><\/div>\n<p data-tadv-p=\"keep\" dir=\"ltr\" style=\"font-size: 8pt;\">Formation professionnelle: quelles priorit\u00e9s? &#8211; 11 septembre 2019<\/p>\n<p dir=\"rtl\" style=\"text-align: left;\"><span style=\"background-color: #00ff00; font-family: verdana,geneva,sans-serif;\">\n<\/div><h2 class=\"tabtitle\">Liens<\/h2>\n<div class=\"tabcontent\">\n<\/span><\/p>\n<div class=\"arrow-down\" style=\"margin-left: auto; margin-right: auto;\"><\/div>\n<div style=\"width: 200px; height: 000px; overflow: auto; background-color: white; margin-left: auto; margin-right: auto;\">\n<div style=\"width: 200px; height: 700px;\">\n<div class=\"rTableCell\">\n<p><a href=\"http:\/\/www.hcp.ma\/\" target=\"_blank\" rel=\"noopener noreferrer\"><img loading=\"lazy\" decoding=\"async\" title=\"Haut-Commissariat au Plan\" src=\"http:\/\/localhost\/moroccodemia_local\/fr\/wp-content\/uploads\/2017\/09\/HCP.png\" alt=\"Haut-Commissariat au Plan\" width=\"180\" height=\"100\" class=\"aligncenter\"><\/a><\/p>\n<\/div>\n<\/div>\n<\/div>\n<div class=\"arrow-up\" style=\"margin-left: auto; margin-right: auto;\"><\/div>\n<p><span style=\"background-color: #00ff00; font-family: verdana,geneva,sans-serif;\"><\/div><\/div><\/span><\/p>\n<hr>\n<h2 style=\"text-align: center;\"><strong><span style=\"font-family: verdana, geneva, sans-serif;\"><span style=\"font-size: 14pt;\"><span style=\"font-size: 10pt;\"><span style=\"font-size: 14pt;\">La Formation Professionnelle<\/span> au Maroc\/<\/span><\/span><\/span><\/strong><\/h2>\n<hr>\n<\/div>\n<\/div>\n<\/div>\n<\/div>\n","protected":false},"excerpt":{"rendered":"<p>La Formation Professionnelle au Maroc Parcourir en arabeParcourir en anglais Quel est le minist\u00e8re de tutelle? Minist\u00e8re&nbsp;de l\u2019Education Nationale, de la Formation Professionnelle, de l\u2019Enseignement Sup\u00e9rieur et de la Recherche Scientifique&nbsp;est le minist\u00e8re de tutelle. Minist\u00e8re&nbsp;de l\u2019Education Nationale, de la Formation Professionnelle, de l\u2019Enseignement Sup\u00e9rieur et de la Recherche Scientifique Office de la Formation Professionnelle [&hellip;]<\/p>\n","protected":false},"author":1,"featured_media":0,"parent":0,"menu_order":0,"comment_status":"closed","ping_status":"closed","template":"","meta":{"footnotes":""},"class_list":["post-11653","page","type-page","status-publish","hentry"],"yoast_head":"<!-- This site is optimized with the Yoast SEO plugin v27.4 - https:\/\/yoast.com\/product\/yoast-seo-wordpress\/ -->\n<title>La Formation Professionnelle au Maroc - morocco academia french<\/title>\n<meta name=\"robots\" content=\"index, follow, max-snippet:-1, max-image-preview:large, max-video-preview:-1\" \/>\n<link rel=\"canonical\" href=\"https:\/\/www.moroccodemia.com\/fr\/la-formation-professionnelle-au-maroc\/\" \/>\n<meta property=\"og:locale\" content=\"fr_FR\" \/>\n<meta property=\"og:type\" content=\"article\" \/>\n<meta property=\"og:title\" content=\"La Formation Professionnelle au Maroc - morocco academia french\" \/>\n<meta property=\"og:description\" content=\"La Formation Professionnelle au Maroc Parcourir en arabeParcourir en anglais Quel est le minist\u00e8re de tutelle? Minist\u00e8re&nbsp;de l\u2019Education Nationale, de la Formation Professionnelle, de l\u2019Enseignement Sup\u00e9rieur et de la Recherche Scientifique&nbsp;est le minist\u00e8re de tutelle. Minist\u00e8re&nbsp;de l\u2019Education Nationale, de la Formation Professionnelle, de l\u2019Enseignement Sup\u00e9rieur et de la Recherche Scientifique Office de la Formation Professionnelle [&hellip;]\" \/>\n<meta property=\"og:url\" content=\"https:\/\/www.moroccodemia.com\/fr\/la-formation-professionnelle-au-maroc\/\" \/>\n<meta property=\"og:site_name\" content=\"morocco academia french\" \/>\n<meta property=\"article:publisher\" content=\"https:\/\/www.facebook.com\/Morocco-academia-239938123438369\/\" \/>\n<meta property=\"article:modified_time\" content=\"2020-02-10T11:06:47+00:00\" \/>\n<meta property=\"og:image\" content=\"https:\/\/www.moroccodemia.com\/fr\/media\/2020\/02\/IconBlackVocationalTraining.png\" \/>\n<meta name=\"twitter:card\" content=\"summary_large_image\" \/>\n<meta name=\"twitter:site\" content=\"@moroccodemia\" \/>\n<meta name=\"twitter:label1\" content=\"Dur\u00e9e de lecture estim\u00e9e\" \/>\n\t<meta name=\"twitter:data1\" content=\"2 minutes\" \/>\n<script type=\"application\/ld+json\" class=\"yoast-schema-graph\">{\"@context\":\"https:\\\/\\\/schema.org\",\"@graph\":[{\"@type\":\"WebPage\",\"@id\":\"https:\\\/\\\/www.moroccodemia.com\\\/fr\\\/la-formation-professionnelle-au-maroc\\\/\",\"url\":\"https:\\\/\\\/www.moroccodemia.com\\\/fr\\\/la-formation-professionnelle-au-maroc\\\/\",\"name\":\"La Formation Professionnelle au Maroc - morocco academia french\",\"isPartOf\":{\"@id\":\"https:\\\/\\\/www.moroccodemia.com\\\/fr\\\/#website\"},\"primaryImageOfPage\":{\"@id\":\"https:\\\/\\\/www.moroccodemia.com\\\/fr\\\/la-formation-professionnelle-au-maroc\\\/#primaryimage\"},\"image\":{\"@id\":\"https:\\\/\\\/www.moroccodemia.com\\\/fr\\\/la-formation-professionnelle-au-maroc\\\/#primaryimage\"},\"thumbnailUrl\":\"https:\\\/\\\/www.moroccodemia.com\\\/fr\\\/media\\\/2020\\\/02\\\/IconBlackVocationalTraining.png\",\"datePublished\":\"2019-01-26T09:32:08+00:00\",\"dateModified\":\"2020-02-10T11:06:47+00:00\",\"breadcrumb\":{\"@id\":\"https:\\\/\\\/www.moroccodemia.com\\\/fr\\\/la-formation-professionnelle-au-maroc\\\/#breadcrumb\"},\"inLanguage\":\"fr-FR\",\"potentialAction\":[{\"@type\":\"ReadAction\",\"target\":[\"https:\\\/\\\/www.moroccodemia.com\\\/fr\\\/la-formation-professionnelle-au-maroc\\\/\"]}]},{\"@type\":\"ImageObject\",\"inLanguage\":\"fr-FR\",\"@id\":\"https:\\\/\\\/www.moroccodemia.com\\\/fr\\\/la-formation-professionnelle-au-maroc\\\/#primaryimage\",\"url\":\"https:\\\/\\\/www.moroccodemia.com\\\/fr\\\/media\\\/2020\\\/02\\\/IconBlackVocationalTraining.png\",\"contentUrl\":\"https:\\\/\\\/www.moroccodemia.com\\\/fr\\\/media\\\/2020\\\/02\\\/IconBlackVocationalTraining.png\",\"width\":100,\"height\":100},{\"@type\":\"BreadcrumbList\",\"@id\":\"https:\\\/\\\/www.moroccodemia.com\\\/fr\\\/la-formation-professionnelle-au-maroc\\\/#breadcrumb\",\"itemListElement\":[{\"@type\":\"ListItem\",\"position\":1,\"name\":\"Accueil\",\"item\":\"https:\\\/\\\/www.moroccodemia.com\\\/fr\\\/\"},{\"@type\":\"ListItem\",\"position\":2,\"name\":\"La Formation Professionnelle au Maroc\"}]},{\"@type\":\"WebSite\",\"@id\":\"https:\\\/\\\/www.moroccodemia.com\\\/fr\\\/#website\",\"url\":\"https:\\\/\\\/www.moroccodemia.com\\\/fr\\\/\",\"name\":\"morocco academia french\",\"description\":\"L'information, tout simplement\",\"potentialAction\":[{\"@type\":\"SearchAction\",\"target\":{\"@type\":\"EntryPoint\",\"urlTemplate\":\"https:\\\/\\\/www.moroccodemia.com\\\/fr\\\/?s={search_term_string}\"},\"query-input\":{\"@type\":\"PropertyValueSpecification\",\"valueRequired\":true,\"valueName\":\"search_term_string\"}}],\"inLanguage\":\"fr-FR\"}]}<\/script>\n<!-- \/ Yoast SEO plugin. -->","yoast_head_json":{"title":"La Formation Professionnelle au Maroc - morocco academia french","robots":{"index":"index","follow":"follow","max-snippet":"max-snippet:-1","max-image-preview":"max-image-preview:large","max-video-preview":"max-video-preview:-1"},"canonical":"https:\/\/www.moroccodemia.com\/fr\/la-formation-professionnelle-au-maroc\/","og_locale":"fr_FR","og_type":"article","og_title":"La Formation Professionnelle au Maroc - morocco academia french","og_description":"La Formation Professionnelle au Maroc Parcourir en arabeParcourir en anglais Quel est le minist\u00e8re de tutelle? Minist\u00e8re&nbsp;de l\u2019Education Nationale, de la Formation Professionnelle, de l\u2019Enseignement Sup\u00e9rieur et de la Recherche Scientifique&nbsp;est le minist\u00e8re de tutelle. Minist\u00e8re&nbsp;de l\u2019Education Nationale, de la Formation Professionnelle, de l\u2019Enseignement Sup\u00e9rieur et de la Recherche Scientifique Office de la Formation Professionnelle [&hellip;]","og_url":"https:\/\/www.moroccodemia.com\/fr\/la-formation-professionnelle-au-maroc\/","og_site_name":"morocco academia french","article_publisher":"https:\/\/www.facebook.com\/Morocco-academia-239938123438369\/","article_modified_time":"2020-02-10T11:06:47+00:00","og_image":[{"url":"https:\/\/www.moroccodemia.com\/fr\/media\/2020\/02\/IconBlackVocationalTraining.png","type":"","width":"","height":""}],"twitter_card":"summary_large_image","twitter_site":"@moroccodemia","twitter_misc":{"Dur\u00e9e de lecture estim\u00e9e":"2 minutes"},"schema":{"@context":"https:\/\/schema.org","@graph":[{"@type":"WebPage","@id":"https:\/\/www.moroccodemia.com\/fr\/la-formation-professionnelle-au-maroc\/","url":"https:\/\/www.moroccodemia.com\/fr\/la-formation-professionnelle-au-maroc\/","name":"La Formation Professionnelle au Maroc - morocco academia french","isPartOf":{"@id":"https:\/\/www.moroccodemia.com\/fr\/#website"},"primaryImageOfPage":{"@id":"https:\/\/www.moroccodemia.com\/fr\/la-formation-professionnelle-au-maroc\/#primaryimage"},"image":{"@id":"https:\/\/www.moroccodemia.com\/fr\/la-formation-professionnelle-au-maroc\/#primaryimage"},"thumbnailUrl":"https:\/\/www.moroccodemia.com\/fr\/media\/2020\/02\/IconBlackVocationalTraining.png","datePublished":"2019-01-26T09:32:08+00:00","dateModified":"2020-02-10T11:06:47+00:00","breadcrumb":{"@id":"https:\/\/www.moroccodemia.com\/fr\/la-formation-professionnelle-au-maroc\/#breadcrumb"},"inLanguage":"fr-FR","potentialAction":[{"@type":"ReadAction","target":["https:\/\/www.moroccodemia.com\/fr\/la-formation-professionnelle-au-maroc\/"]}]},{"@type":"ImageObject","inLanguage":"fr-FR","@id":"https:\/\/www.moroccodemia.com\/fr\/la-formation-professionnelle-au-maroc\/#primaryimage","url":"https:\/\/www.moroccodemia.com\/fr\/media\/2020\/02\/IconBlackVocationalTraining.png","contentUrl":"https:\/\/www.moroccodemia.com\/fr\/media\/2020\/02\/IconBlackVocationalTraining.png","width":100,"height":100},{"@type":"BreadcrumbList","@id":"https:\/\/www.moroccodemia.com\/fr\/la-formation-professionnelle-au-maroc\/#breadcrumb","itemListElement":[{"@type":"ListItem","position":1,"name":"Accueil","item":"https:\/\/www.moroccodemia.com\/fr\/"},{"@type":"ListItem","position":2,"name":"La Formation Professionnelle au Maroc"}]},{"@type":"WebSite","@id":"https:\/\/www.moroccodemia.com\/fr\/#website","url":"https:\/\/www.moroccodemia.com\/fr\/","name":"morocco academia french","description":"L'information, tout simplement","potentialAction":[{"@type":"SearchAction","target":{"@type":"EntryPoint","urlTemplate":"https:\/\/www.moroccodemia.com\/fr\/?s={search_term_string}"},"query-input":{"@type":"PropertyValueSpecification","valueRequired":true,"valueName":"search_term_string"}}],"inLanguage":"fr-FR"}]}},"_links":{"self":[{"href":"https:\/\/www.moroccodemia.com\/fr\/wp-json\/wp\/v2\/pages\/11653","targetHints":{"allow":["GET"]}}],"collection":[{"href":"https:\/\/www.moroccodemia.com\/fr\/wp-json\/wp\/v2\/pages"}],"about":[{"href":"https:\/\/www.moroccodemia.com\/fr\/wp-json\/wp\/v2\/types\/page"}],"author":[{"embeddable":true,"href":"https:\/\/www.moroccodemia.com\/fr\/wp-json\/wp\/v2\/users\/1"}],"replies":[{"embeddable":true,"href":"https:\/\/www.moroccodemia.com\/fr\/wp-json\/wp\/v2\/comments?post=11653"}],"version-history":[{"count":3,"href":"https:\/\/www.moroccodemia.com\/fr\/wp-json\/wp\/v2\/pages\/11653\/revisions"}],"predecessor-version":[{"id":12799,"href":"https:\/\/www.moroccodemia.com\/fr\/wp-json\/wp\/v2\/pages\/11653\/revisions\/12799"}],"wp:attachment":[{"href":"https:\/\/www.moroccodemia.com\/fr\/wp-json\/wp\/v2\/media?parent=11653"}],"curies":[{"name":"wp","href":"https:\/\/api.w.org\/{rel}","templated":true}]}}