{"id":10907,"date":"2018-09-15T11:35:34","date_gmt":"2018-09-15T11:35:34","guid":{"rendered":"https:\/\/www.moroccodemia.com\/fr\/?page_id=10907"},"modified":"2021-03-27T17:47:57","modified_gmt":"2021-03-27T16:47:57","slug":"systeme-de-lenseignement-superieur-au-maroc","status":"publish","type":"page","link":"https:\/\/www.moroccodemia.com\/fr\/systeme-de-lenseignement-superieur-au-maroc\/","title":{"rendered":"Syst\u00e8me de l&rsquo;Enseignement Sup\u00e9rieur au Maroc"},"content":{"rendered":"<div dir=\"ltr\" style=\"text-align: left;\" class=\"rTable\">\n<div class=\"rTableBody\">\n<div class=\"rTableRow\">\n<div class=\"rTableHead\">\n<hr>\n<h1 class=\"h1pagetitle\">Syst\u00e8me de l&rsquo;Enseignement Sup\u00e9rieur au Maroc<\/h1>\n<div class=\"dropdown1\"><span class=\"dropdown1\"><button class=\"dropbtn1\"><\/button><br \/>\n<span class=\"dropdown1-content\"><a href=\"https:\/\/www.moroccodemia.com\/ar\/%D9%86%D8%B8%D8%A7%D9%85-%D8%A7%D9%84%D8%AA%D8%B9%D9%84%D9%8A%D9%85-%D8%A7%D9%84%D8%B9%D8%A7%D9%84%D9%8A-%D9%81%D9%8A-%D8%A7%D9%84%D9%85%D8%BA%D8%B1%D8%A8\/\">Parcourir en arabe<\/a><a href=\"https:\/\/www.moroccodemia.com\/en\/system-of-higher-education-in-morocco\/\">Parcourir en anglais<\/a><\/span><\/span><\/div>\n<hr>\n<div class=\"banner\"><img loading=\"lazy\" decoding=\"async\" class=\"banner-image\" src=\"https:\/\/www.moroccodemia.com\/fr\/media\/2019\/01\/IconBlackSystem.png\" style=\"vertical-align: middle;\" alt=\"Syst\u00e8me de l'Enseignement Sup\u00e9rieur&nbsp;au Maroc\" title=\"Syst\u00e8me de l'Enseignement Sup\u00e9rieur&nbsp;au Maroc\" width=\"80\" height=\"80\"><\/div>\n<p dir=\"ltr\"><span style=\"font-size: 10pt;\">L&rsquo;Enseignement Sup\u00e9rieur est l&rsquo;un des secteurs strat\u00e9giques cl\u00e9s sur le quel le Maroc mise pour r\u00e9aliser sa&nbsp;stabilit\u00e9 politique, sa prosp\u00e9rit\u00e9 \u00e9conomique et sa&nbsp;renaissance&nbsp;culturelle.<\/span><\/p>\n<h2 class=\"h2MainContent\" dir=\"ltr\"><strong><span style=\"font-size: 10pt;\">Quel est le minist\u00e8re de tutelle?<\/span><\/strong><\/h2>\n<p dir=\"ltr\"><span style=\"font-size: 10pt;\">L&rsquo;Enseignement Sup\u00e9rieur est g\u00e9r\u00e9 par le<\/span><a href=\"http:\/\/www.enssup.gov.ma\/fr\" target=\"_blank\" rel=\"noopener noreferrer\"><strong><span style=\"font-size: 18pt;\">Minist\u00e8re de l&rsquo;Education Nationale, de la Formation Professionnelle, de l&rsquo;Enseignement Sup\u00e9rieur et de la Recherche Scientifique<\/span><\/strong><\/a><span style=\"font-size: 10pt;\">.&nbsp; <\/span><\/p>\n<p dir=\"ltr\"><a href=\"http:\/\/www.enssup.gov.ma\/fr\"><img loading=\"lazy\" decoding=\"async\" src=\"https:\/\/www.moroccodemia.com\/fr\/media\/2018\/09\/InstitGovMinistryEducation.png\" alt=\"Minist\u00e8re de l'Education Nationale, de la Formation Professionnelle, de l'Enseignement Sup\u00e9rieur et de la Recherche Scientifique.&nbsp;\" width=\"600\" height=\"400\" class=\"aligncenter wp-image-10917 size-full\" title=\"Minist\u00e8re de l'Education Nationale, de la Formation Professionnelle, de l'Enseignement Sup\u00e9rieur et de la Recherche Scientifique.&nbsp;\" srcset=\"https:\/\/www.moroccodemia.com\/fr\/media\/2018\/09\/InstitGovMinistryEducation.png 600w, https:\/\/www.moroccodemia.com\/fr\/media\/2018\/09\/InstitGovMinistryEducation-300x200.png 300w\" sizes=\"auto, (max-width: 600px) 100vw, 600px\" \/><\/a><span style=\"font-size: 8pt;\">Minist\u00e8re de l&rsquo;Education Nationale, de la Formation Professionnelle, de l&rsquo;Enseignement Sup\u00e9rieur et de la Recherche Scientifique.&nbsp;<\/span><\/p>\n<p dir=\"ltr\"><span style=\"font-size: 10pt;\"><span>En outre, il existe un nombre d\u2019\u00e9coles et instituts supervis\u00e9s par d\u2019&nbsp;<\/span><span><span style=\"font-size: 18pt;\"><strong>autres m<\/strong><strong>inist\u00e8res<\/strong><\/span>.<\/span>&nbsp; <\/span><\/p>\n<p dir=\"ltr\"><span style=\"font-size: 10pt;\">Le secteur de l&rsquo;Enseignement Sup\u00e9rieur au Maroc est dirig\u00e9 par Khalid Samadi, <span style=\"font-size: 18pt;\"><strong>Secr\u00e9taire d&rsquo;Etat<\/strong><\/span> aupr\u00e8s du <span style=\"font-size: 18pt;\"><strong>Ministre de l&rsquo;Education<\/strong><\/span> Nationale, de la Formation Professionnelle, de l&rsquo;Enseignement Sup\u00e9rieur et de la Recherche Scientifique, charg\u00e9 de l&rsquo;Enseignement Sup\u00e9rieur et de la Recherche Scientifique.<\/span><\/p>\n<h2 class=\"h2MainContent\" dir=\"ltr\"><strong><span style=\"font-size: 10pt;\">Quel est la nature du syst\u00e8me de l&rsquo;enseignement sup\u00e9rieur au Maroc?<\/span><\/strong><\/h2>\n<p><span style=\"font-size: 10pt;\">L\u2019Enseignement Sup\u00e9rieur Universitaire au Maroc comprend des \u00e9tablissements <strong><span style=\"font-size: 18pt;\">priv\u00e9s<\/span><\/strong>, <strong><span style=\"font-size: 18pt;\">\u00e0 gestion priv\u00e9<\/span><\/strong> et <strong><span style=\"font-size: 18pt;\">publiques<\/span><\/strong>.&nbsp;Les \u00e9tablissements publiques sont class\u00e9s en deux cat\u00e9gories:&nbsp;Etablissements \u00e0 acc\u00e8s ouvert et \u00e9tablissements \u00e0 acc\u00e8s r\u00e9gul\u00e9.&nbsp;&nbsp;Les institutions publiques sont confront\u00e9s \u00e0 plusieurs contraintes comme le surpeuplement,&nbsp;un taux d&rsquo;encadrement faible, des infrastructures v\u00e9tustes, et un maigre budget allou\u00e9 \u00e0 la recherche scientifique.&nbsp; C\u00f4t\u00e9 administration, ces institutions souffre&nbsp;de ressources humaines en sous-effectif,&nbsp;absence de formation continue et le retard dans l&rsquo;adoption des technologies de l&rsquo;information et de la communication.<\/span><\/p>\n<p><span style=\"font-size: 10pt;\">Le syst\u00e8me p\u00e9dagogique <span style=\"font-size: 18pt;\"><strong>LMD<\/strong><\/span> (Licence, Master, Doctorat) \u00e0 \u00e9t\u00e9 mis en oeuvre au Maroc apr\u00e8s avoir \u00e9t\u00e9 largement adopt\u00e9 dans les pays de l\u2019ouest \u00e0 la fin du si\u00e8cle dernier grace \u00e0 ses qualit\u00e9s et avantages, notamment l\u2019\u00e9tablissement d\u2019un lien entre les cursus de l\u2019Enseignement Sup\u00e9rieur et les besoins du monde du travail ainsi que le syst\u00e8me de fili\u00e8res et passerelles qui permettent \u00e0 l\u2019\u00e9tudiant de passer d\u2019une fili\u00e8re \u00e0 l\u2019autre selon les r\u00e8gles et les proc\u00e9dures en vigueur.&nbsp; Ce syst\u00e8me offre aussi aux \u00e9tudiants marocains la possibilit\u00e9 de poursuivre leurs \u00e9tudes et faire de la recherche dans des universit\u00e9s \u00e0 l\u2019\u00e9tranger en Europe et ailleurs puisqu\u2019il s\u2019agit d\u2019un syst\u00e8me international.&nbsp;&nbsp;<\/span><span style=\"font-size: 10pt;\">Toutefois, apr\u00e8s 15 en place le syst\u00e8me LMD n&rsquo;a pas&nbsp;pu atteindre&nbsp;ses&nbsp;objectifs \u00e0 cause de la pr\u00e9cipitation dans son application et son inadaptation aux r\u00e9alit\u00e9s de l&rsquo;enseignement sup\u00e9rieur au Maroc.<\/span><\/p>\n<hr>\n<p dir=\"ltr\" style=\"text-align: center;\"><span style=\"font-family: verdana,geneva,sans-serif;\"><span style=\"font-size: 10pt;\"><span style=\"font-size: 14pt;\"><strong>Syst\u00e8me de l&rsquo;Enseignement Sup\u00e9rieur<span style=\"font-size: 10pt;\">&nbsp;au Maroc<\/span><\/strong><\/span>\/ <\/span><span style=\"background-color: #00ff00;\"><\/span><\/span><\/p>\n<hr>\n<\/div>\n<\/div>\n<\/div>\n<\/div>\n","protected":false},"excerpt":{"rendered":"<p>Syst\u00e8me de l&rsquo;Enseignement Sup\u00e9rieur au Maroc Parcourir en arabeParcourir en anglais L&rsquo;Enseignement Sup\u00e9rieur est l&rsquo;un des secteurs strat\u00e9giques cl\u00e9s sur le quel le Maroc mise pour r\u00e9aliser sa&nbsp;stabilit\u00e9 politique, sa prosp\u00e9rit\u00e9 \u00e9conomique et sa&nbsp;renaissance&nbsp;culturelle. Quel est le minist\u00e8re de tutelle? L&rsquo;Enseignement Sup\u00e9rieur est g\u00e9r\u00e9 par leMinist\u00e8re de l&rsquo;Education Nationale, de la Formation Professionnelle, de l&rsquo;Enseignement [&hellip;]<\/p>\n","protected":false},"author":1,"featured_media":0,"parent":0,"menu_order":0,"comment_status":"closed","ping_status":"closed","template":"","meta":{"footnotes":""},"class_list":["post-10907","page","type-page","status-publish","hentry"],"yoast_head":"<!-- This site is optimized with the Yoast SEO plugin v27.4 - https:\/\/yoast.com\/product\/yoast-seo-wordpress\/ -->\n<title>Syst\u00e8me de l&#039;Enseignement Sup\u00e9rieur au Maroc - morocco academia french<\/title>\n<meta name=\"robots\" content=\"index, follow, max-snippet:-1, max-image-preview:large, max-video-preview:-1\" \/>\n<link rel=\"canonical\" href=\"https:\/\/www.moroccodemia.com\/fr\/systeme-de-lenseignement-superieur-au-maroc\/\" \/>\n<meta property=\"og:locale\" content=\"fr_FR\" \/>\n<meta property=\"og:type\" content=\"article\" \/>\n<meta property=\"og:title\" content=\"Syst\u00e8me de l&#039;Enseignement Sup\u00e9rieur au Maroc - morocco academia french\" \/>\n<meta property=\"og:description\" content=\"Syst\u00e8me de l&rsquo;Enseignement Sup\u00e9rieur au Maroc Parcourir en arabeParcourir en anglais L&rsquo;Enseignement Sup\u00e9rieur est l&rsquo;un des secteurs strat\u00e9giques cl\u00e9s sur le quel le Maroc mise pour r\u00e9aliser sa&nbsp;stabilit\u00e9 politique, sa prosp\u00e9rit\u00e9 \u00e9conomique et sa&nbsp;renaissance&nbsp;culturelle. Quel est le minist\u00e8re de tutelle? L&rsquo;Enseignement Sup\u00e9rieur est g\u00e9r\u00e9 par leMinist\u00e8re de l&rsquo;Education Nationale, de la Formation Professionnelle, de l&rsquo;Enseignement [&hellip;]\" \/>\n<meta property=\"og:url\" content=\"https:\/\/www.moroccodemia.com\/fr\/systeme-de-lenseignement-superieur-au-maroc\/\" \/>\n<meta property=\"og:site_name\" content=\"morocco academia french\" \/>\n<meta property=\"article:publisher\" content=\"https:\/\/www.facebook.com\/Morocco-academia-239938123438369\/\" \/>\n<meta property=\"article:modified_time\" content=\"2021-03-27T16:47:57+00:00\" \/>\n<meta property=\"og:image\" content=\"https:\/\/www.moroccodemia.com\/fr\/media\/2019\/01\/IconBlackSystem.png\" \/>\n<meta name=\"twitter:card\" content=\"summary_large_image\" \/>\n<meta name=\"twitter:site\" content=\"@moroccodemia\" \/>\n<meta name=\"twitter:label1\" content=\"Dur\u00e9e de lecture estim\u00e9e\" \/>\n\t<meta name=\"twitter:data1\" content=\"3 minutes\" \/>\n<script type=\"application\/ld+json\" class=\"yoast-schema-graph\">{\"@context\":\"https:\\\/\\\/schema.org\",\"@graph\":[{\"@type\":\"WebPage\",\"@id\":\"https:\\\/\\\/www.moroccodemia.com\\\/fr\\\/systeme-de-lenseignement-superieur-au-maroc\\\/\",\"url\":\"https:\\\/\\\/www.moroccodemia.com\\\/fr\\\/systeme-de-lenseignement-superieur-au-maroc\\\/\",\"name\":\"Syst\u00e8me de l'Enseignement Sup\u00e9rieur au Maroc - morocco academia french\",\"isPartOf\":{\"@id\":\"https:\\\/\\\/www.moroccodemia.com\\\/fr\\\/#website\"},\"primaryImageOfPage\":{\"@id\":\"https:\\\/\\\/www.moroccodemia.com\\\/fr\\\/systeme-de-lenseignement-superieur-au-maroc\\\/#primaryimage\"},\"image\":{\"@id\":\"https:\\\/\\\/www.moroccodemia.com\\\/fr\\\/systeme-de-lenseignement-superieur-au-maroc\\\/#primaryimage\"},\"thumbnailUrl\":\"https:\\\/\\\/www.moroccodemia.com\\\/fr\\\/media\\\/2019\\\/01\\\/IconBlackSystem.png\",\"datePublished\":\"2018-09-15T11:35:34+00:00\",\"dateModified\":\"2021-03-27T16:47:57+00:00\",\"breadcrumb\":{\"@id\":\"https:\\\/\\\/www.moroccodemia.com\\\/fr\\\/systeme-de-lenseignement-superieur-au-maroc\\\/#breadcrumb\"},\"inLanguage\":\"fr-FR\",\"potentialAction\":[{\"@type\":\"ReadAction\",\"target\":[\"https:\\\/\\\/www.moroccodemia.com\\\/fr\\\/systeme-de-lenseignement-superieur-au-maroc\\\/\"]}]},{\"@type\":\"ImageObject\",\"inLanguage\":\"fr-FR\",\"@id\":\"https:\\\/\\\/www.moroccodemia.com\\\/fr\\\/systeme-de-lenseignement-superieur-au-maroc\\\/#primaryimage\",\"url\":\"https:\\\/\\\/www.moroccodemia.com\\\/fr\\\/media\\\/2019\\\/01\\\/IconBlackSystem.png\",\"contentUrl\":\"https:\\\/\\\/www.moroccodemia.com\\\/fr\\\/media\\\/2019\\\/01\\\/IconBlackSystem.png\",\"width\":100,\"height\":100},{\"@type\":\"BreadcrumbList\",\"@id\":\"https:\\\/\\\/www.moroccodemia.com\\\/fr\\\/systeme-de-lenseignement-superieur-au-maroc\\\/#breadcrumb\",\"itemListElement\":[{\"@type\":\"ListItem\",\"position\":1,\"name\":\"Accueil\",\"item\":\"https:\\\/\\\/www.moroccodemia.com\\\/fr\\\/\"},{\"@type\":\"ListItem\",\"position\":2,\"name\":\"Syst\u00e8me de l&rsquo;Enseignement Sup\u00e9rieur au Maroc\"}]},{\"@type\":\"WebSite\",\"@id\":\"https:\\\/\\\/www.moroccodemia.com\\\/fr\\\/#website\",\"url\":\"https:\\\/\\\/www.moroccodemia.com\\\/fr\\\/\",\"name\":\"morocco academia french\",\"description\":\"L'information, tout simplement\",\"potentialAction\":[{\"@type\":\"SearchAction\",\"target\":{\"@type\":\"EntryPoint\",\"urlTemplate\":\"https:\\\/\\\/www.moroccodemia.com\\\/fr\\\/?s={search_term_string}\"},\"query-input\":{\"@type\":\"PropertyValueSpecification\",\"valueRequired\":true,\"valueName\":\"search_term_string\"}}],\"inLanguage\":\"fr-FR\"}]}<\/script>\n<!-- \/ Yoast SEO plugin. -->","yoast_head_json":{"title":"Syst\u00e8me de l'Enseignement Sup\u00e9rieur au Maroc - morocco academia french","robots":{"index":"index","follow":"follow","max-snippet":"max-snippet:-1","max-image-preview":"max-image-preview:large","max-video-preview":"max-video-preview:-1"},"canonical":"https:\/\/www.moroccodemia.com\/fr\/systeme-de-lenseignement-superieur-au-maroc\/","og_locale":"fr_FR","og_type":"article","og_title":"Syst\u00e8me de l'Enseignement Sup\u00e9rieur au Maroc - morocco academia french","og_description":"Syst\u00e8me de l&rsquo;Enseignement Sup\u00e9rieur au Maroc Parcourir en arabeParcourir en anglais L&rsquo;Enseignement Sup\u00e9rieur est l&rsquo;un des secteurs strat\u00e9giques cl\u00e9s sur le quel le Maroc mise pour r\u00e9aliser sa&nbsp;stabilit\u00e9 politique, sa prosp\u00e9rit\u00e9 \u00e9conomique et sa&nbsp;renaissance&nbsp;culturelle. Quel est le minist\u00e8re de tutelle? L&rsquo;Enseignement Sup\u00e9rieur est g\u00e9r\u00e9 par leMinist\u00e8re de l&rsquo;Education Nationale, de la Formation Professionnelle, de l&rsquo;Enseignement [&hellip;]","og_url":"https:\/\/www.moroccodemia.com\/fr\/systeme-de-lenseignement-superieur-au-maroc\/","og_site_name":"morocco academia french","article_publisher":"https:\/\/www.facebook.com\/Morocco-academia-239938123438369\/","article_modified_time":"2021-03-27T16:47:57+00:00","og_image":[{"url":"https:\/\/www.moroccodemia.com\/fr\/media\/2019\/01\/IconBlackSystem.png","type":"","width":"","height":""}],"twitter_card":"summary_large_image","twitter_site":"@moroccodemia","twitter_misc":{"Dur\u00e9e de lecture estim\u00e9e":"3 minutes"},"schema":{"@context":"https:\/\/schema.org","@graph":[{"@type":"WebPage","@id":"https:\/\/www.moroccodemia.com\/fr\/systeme-de-lenseignement-superieur-au-maroc\/","url":"https:\/\/www.moroccodemia.com\/fr\/systeme-de-lenseignement-superieur-au-maroc\/","name":"Syst\u00e8me de l'Enseignement Sup\u00e9rieur au Maroc - morocco academia french","isPartOf":{"@id":"https:\/\/www.moroccodemia.com\/fr\/#website"},"primaryImageOfPage":{"@id":"https:\/\/www.moroccodemia.com\/fr\/systeme-de-lenseignement-superieur-au-maroc\/#primaryimage"},"image":{"@id":"https:\/\/www.moroccodemia.com\/fr\/systeme-de-lenseignement-superieur-au-maroc\/#primaryimage"},"thumbnailUrl":"https:\/\/www.moroccodemia.com\/fr\/media\/2019\/01\/IconBlackSystem.png","datePublished":"2018-09-15T11:35:34+00:00","dateModified":"2021-03-27T16:47:57+00:00","breadcrumb":{"@id":"https:\/\/www.moroccodemia.com\/fr\/systeme-de-lenseignement-superieur-au-maroc\/#breadcrumb"},"inLanguage":"fr-FR","potentialAction":[{"@type":"ReadAction","target":["https:\/\/www.moroccodemia.com\/fr\/systeme-de-lenseignement-superieur-au-maroc\/"]}]},{"@type":"ImageObject","inLanguage":"fr-FR","@id":"https:\/\/www.moroccodemia.com\/fr\/systeme-de-lenseignement-superieur-au-maroc\/#primaryimage","url":"https:\/\/www.moroccodemia.com\/fr\/media\/2019\/01\/IconBlackSystem.png","contentUrl":"https:\/\/www.moroccodemia.com\/fr\/media\/2019\/01\/IconBlackSystem.png","width":100,"height":100},{"@type":"BreadcrumbList","@id":"https:\/\/www.moroccodemia.com\/fr\/systeme-de-lenseignement-superieur-au-maroc\/#breadcrumb","itemListElement":[{"@type":"ListItem","position":1,"name":"Accueil","item":"https:\/\/www.moroccodemia.com\/fr\/"},{"@type":"ListItem","position":2,"name":"Syst\u00e8me de l&rsquo;Enseignement Sup\u00e9rieur au Maroc"}]},{"@type":"WebSite","@id":"https:\/\/www.moroccodemia.com\/fr\/#website","url":"https:\/\/www.moroccodemia.com\/fr\/","name":"morocco academia french","description":"L'information, tout simplement","potentialAction":[{"@type":"SearchAction","target":{"@type":"EntryPoint","urlTemplate":"https:\/\/www.moroccodemia.com\/fr\/?s={search_term_string}"},"query-input":{"@type":"PropertyValueSpecification","valueRequired":true,"valueName":"search_term_string"}}],"inLanguage":"fr-FR"}]}},"_links":{"self":[{"href":"https:\/\/www.moroccodemia.com\/fr\/wp-json\/wp\/v2\/pages\/10907","targetHints":{"allow":["GET"]}}],"collection":[{"href":"https:\/\/www.moroccodemia.com\/fr\/wp-json\/wp\/v2\/pages"}],"about":[{"href":"https:\/\/www.moroccodemia.com\/fr\/wp-json\/wp\/v2\/types\/page"}],"author":[{"embeddable":true,"href":"https:\/\/www.moroccodemia.com\/fr\/wp-json\/wp\/v2\/users\/1"}],"replies":[{"embeddable":true,"href":"https:\/\/www.moroccodemia.com\/fr\/wp-json\/wp\/v2\/comments?post=10907"}],"version-history":[{"count":3,"href":"https:\/\/www.moroccodemia.com\/fr\/wp-json\/wp\/v2\/pages\/10907\/revisions"}],"predecessor-version":[{"id":14190,"href":"https:\/\/www.moroccodemia.com\/fr\/wp-json\/wp\/v2\/pages\/10907\/revisions\/14190"}],"wp:attachment":[{"href":"https:\/\/www.moroccodemia.com\/fr\/wp-json\/wp\/v2\/media?parent=10907"}],"curies":[{"name":"wp","href":"https:\/\/api.w.org\/{rel}","templated":true}]}}