{"id":104,"date":"2015-08-23T11:10:33","date_gmt":"2015-08-23T11:10:33","guid":{"rendered":"https:\/\/www.moroccodemia.com\/fr\/?page_id=104"},"modified":"2020-06-01T17:14:35","modified_gmt":"2020-06-01T17:14:35","slug":"syndicat-des-enseignants-chercheurs","status":"publish","type":"page","link":"https:\/\/www.moroccodemia.com\/fr\/syndicat-des-enseignants-chercheurs\/","title":{"rendered":"Syndicat des Enseignants-Chercheurs"},"content":{"rendered":"<div class=\"rTable\">\n<div class=\"rTableBody\">\n<div class=\"rTableRow\">\n<div class=\"rTablehead\">\n<hr \/>\n<h1 class=\"h1pagetitle\" style=\"text-align: center;\"><span style=\"font-size: 14pt;\"><strong><span style=\"font-family: verdana, geneva, sans-serif;\">Syndicat des Enseignants-Chercheurs<span style=\"font-size: 10pt;\"> marocains<\/span><\/span><\/strong><\/span><\/h1>\n<div class=\"dropdown1\"><span><button class=\"dropbtn1\"><\/button><br class=\"blank \/\"><span class=\"dropdown1-content\"><a href=\"https:\/\/www.moroccodemia.com\/ar\/%D9%86%D9%82%D8%A7%D8%A8%D8%A9-%D8%A7%D9%84%D8%AA%D8%B9%D9%84%D9%8A%D9%85-%D8%A7%D9%84%D8%B9%D8%A7%D9%84%D9%8A-%D9%81%D9%8A-%D8%A7%D9%84%D9%85%D8%BA%D8%B1%D8%A8\/\">Parcourir en arabe<\/a><a href=\"https:\/\/www.moroccodemia.com\/en\/teachers-union\/\">Parcourir en fran\u00e7ais<\/a><\/span><\/span><\/div>\n<hr \/>\n<div class=\"banner\"><img loading=\"lazy\" decoding=\"async\" src=\"https:\/\/www.moroccodemia.com\/fr\/media\/2019\/01\/IconBlackUnion.png\" style=\"vertical-align: middle;\" alt=\"Icon: Union\" title=\"Syndicat des Enseignants-Chercheurs au Maroc\" width=\"80\" height=\"80\"\/><\/div>\n<p dir=\"ltr\"><span style=\"background-color: #00ff00; font-family: verdana,geneva,sans-serif;\"><div class=\"responsive-tabs\">\n<h2 class=\"tabtitle\">Aper\u00e7u<\/h2>\n<div class=\"tabcontent\">\n<\/span><\/p>\n<p><span style=\"font-size: 10pt; font-family: verdana,geneva,sans-serif;\">Pour consulter les circulaires du Syndicat National de l&rsquo;Enseignement Sup\u00e9rieur en arabe visiter: <a href=\"http:\/\/moroccodemia.com\/ar\/%D9%86%D9%82%D8%A7%D8%A8%D8%A9-%D8%A7%D9%84%D8%AA%D8%B9%D9%84%D9%8A%D9%85-%D8%A7%D9%84%D8%B9%D8%A7%D9%84%D9%8A-%D9%81%D9%8A-%D8%A7%D9%84%D9%85%D8%BA%D8%B1%D8%A8\/\"><span style=\"color: #999999;\">SNEsup<br \/>\n <\/span><\/a><\/span><span style=\"font-size: 10pt; font-family: verdana,geneva,sans-serif;\">Pour consulter les circulaires du Syndicat de l&rsquo;Enseignement Sup\u00e9rieur en arabe visiter: <a href=\"http:\/\/moroccodemia.com\/ar\/%D9%86%D9%82%D8%A7%D8%A8%D8%A9-%D8%A7%D9%84%D8%AA%D8%B9%D9%84%D9%8A%D9%85-%D8%A7%D9%84%D8%B9%D8%A7%D9%84%D9%8A-%D9%81%D9%8A-%D8%A7%D9%84%D9%85%D8%BA%D8%B1%D8%A8\/\"><span style=\"color: #999999;\">SMAsup<\/span><\/a><\/span><\/p>\n<p><span style=\"background-color: #00ff00; font-family: verdana,geneva,sans-serif;\">\n<\/div><h2 class=\"tabtitle\">Liens<\/h2>\n<div class=\"tabcontent\">\n<\/span><\/p>\n<div class=\"arrow-down\" style=\"margin-left: auto; margin-right: auto;\"><\/div>\n<div style=\"width: 200px; height: 00px; overflow: auto; background-color: white; margin-left: auto; margin-right: auto;\">\n<div style=\"width: 200px; height: 700px;\"><\/div>\n<\/div>\n<div class=\"arrow-up\" style=\"margin-left: auto; margin-right: auto;\"><\/div>\n<p><span style=\"font-family: verdana,geneva,sans-serif; background-color: #00ff00;\">\n<\/div><h2 class=\"tabtitle\">Vid\u00e9os<\/h2>\n<div class=\"tabcontent\">\n<\/span><\/p>\n<div class=\"arrow-down\" style=\"margin-left: auto; margin-right: auto;\"><\/div>\n<div style=\"width: 200px; height: 00px; overflow: auto; background-color: white; margin-left: auto; margin-right: auto;\">\n<div style=\"width: 200px; height: 700px;\"><\/div>\n<\/div>\n<div class=\"arrow-up\" style=\"margin-left: auto; margin-right: auto;\"><\/div>\n<p><span style=\"background-color: #00ff00; font-family: verdana,geneva,sans-serif;\"><\/div><\/div><\/span><\/p>\n<hr \/>\n<h2 class=\"rTableHead\" style=\"text-align: center;\"><span style=\"font-size: 14pt;\"><strong><span style=\"font-family: verdana, geneva, sans-serif;\">Syndicat des Enseignants-Chercheurs <span style=\"font-size: 10pt;\">marocains\/<\/span><\/span><\/strong><\/span><\/h2>\n<hr \/>\n<\/div>\n<\/div>\n<\/div>\n<\/div>\n","protected":false},"excerpt":{"rendered":"<p>Syndicat des Enseignants-Chercheurs marocains Parcourir en arabeParcourir en fran\u00e7ais Pour consulter les circulaires du Syndicat National de l&rsquo;Enseignement Sup\u00e9rieur en arabe visiter: SNEsup Pour consulter les circulaires du Syndicat de l&rsquo;Enseignement Sup\u00e9rieur en arabe visiter: SMAsup Syndicat des Enseignants-Chercheurs marocains\/<\/p>\n","protected":false},"author":1,"featured_media":0,"parent":0,"menu_order":0,"comment_status":"closed","ping_status":"closed","template":"","meta":{"footnotes":""},"class_list":["post-104","page","type-page","status-publish","hentry"],"yoast_head":"<!-- This site is optimized with the Yoast SEO plugin v27.4 - https:\/\/yoast.com\/product\/yoast-seo-wordpress\/ -->\n<title>Syndicat des Enseignants-Chercheurs marocains| moroccodemia fran\u00e7ais<\/title>\n<meta name=\"robots\" content=\"index, follow, max-snippet:-1, max-image-preview:large, max-video-preview:-1\" \/>\n<link rel=\"canonical\" href=\"https:\/\/www.moroccodemia.com\/fr\/syndicat-des-enseignants-chercheurs\/\" \/>\n<meta property=\"og:locale\" content=\"fr_FR\" \/>\n<meta property=\"og:type\" content=\"article\" \/>\n<meta property=\"og:title\" content=\"Syndicat des Enseignants-Chercheurs marocains| moroccodemia fran\u00e7ais\" \/>\n<meta property=\"og:description\" content=\"Syndicat des Enseignants-Chercheurs marocains Parcourir en arabeParcourir en fran\u00e7ais Pour consulter les circulaires du Syndicat National de l&rsquo;Enseignement Sup\u00e9rieur en arabe visiter: SNEsup Pour consulter les circulaires du Syndicat de l&rsquo;Enseignement Sup\u00e9rieur en arabe visiter: SMAsup Syndicat des Enseignants-Chercheurs marocains\/\" \/>\n<meta property=\"og:url\" content=\"https:\/\/www.moroccodemia.com\/fr\/syndicat-des-enseignants-chercheurs\/\" \/>\n<meta property=\"og:site_name\" content=\"morocco academia french\" \/>\n<meta property=\"article:publisher\" content=\"https:\/\/www.facebook.com\/Morocco-academia-239938123438369\/\" \/>\n<meta property=\"article:modified_time\" content=\"2020-06-01T17:14:35+00:00\" \/>\n<meta property=\"og:image\" content=\"https:\/\/www.moroccodemia.com\/fr\/media\/2019\/01\/IconBlackUnion.png\" \/>\n<meta name=\"twitter:card\" content=\"summary_large_image\" \/>\n<meta name=\"twitter:site\" content=\"@moroccodemia\" \/>\n<script type=\"application\/ld+json\" class=\"yoast-schema-graph\">{\"@context\":\"https:\\\/\\\/schema.org\",\"@graph\":[{\"@type\":\"WebPage\",\"@id\":\"https:\\\/\\\/www.moroccodemia.com\\\/fr\\\/syndicat-des-enseignants-chercheurs\\\/\",\"url\":\"https:\\\/\\\/www.moroccodemia.com\\\/fr\\\/syndicat-des-enseignants-chercheurs\\\/\",\"name\":\"Syndicat des Enseignants-Chercheurs marocains| moroccodemia fran\u00e7ais\",\"isPartOf\":{\"@id\":\"https:\\\/\\\/www.moroccodemia.com\\\/fr\\\/#website\"},\"primaryImageOfPage\":{\"@id\":\"https:\\\/\\\/www.moroccodemia.com\\\/fr\\\/syndicat-des-enseignants-chercheurs\\\/#primaryimage\"},\"image\":{\"@id\":\"https:\\\/\\\/www.moroccodemia.com\\\/fr\\\/syndicat-des-enseignants-chercheurs\\\/#primaryimage\"},\"thumbnailUrl\":\"https:\\\/\\\/www.moroccodemia.com\\\/fr\\\/media\\\/2019\\\/01\\\/IconBlackUnion.png\",\"datePublished\":\"2015-08-23T11:10:33+00:00\",\"dateModified\":\"2020-06-01T17:14:35+00:00\",\"breadcrumb\":{\"@id\":\"https:\\\/\\\/www.moroccodemia.com\\\/fr\\\/syndicat-des-enseignants-chercheurs\\\/#breadcrumb\"},\"inLanguage\":\"fr-FR\",\"potentialAction\":[{\"@type\":\"ReadAction\",\"target\":[\"https:\\\/\\\/www.moroccodemia.com\\\/fr\\\/syndicat-des-enseignants-chercheurs\\\/\"]}]},{\"@type\":\"ImageObject\",\"inLanguage\":\"fr-FR\",\"@id\":\"https:\\\/\\\/www.moroccodemia.com\\\/fr\\\/syndicat-des-enseignants-chercheurs\\\/#primaryimage\",\"url\":\"https:\\\/\\\/www.moroccodemia.com\\\/fr\\\/media\\\/2019\\\/01\\\/IconBlackUnion.png\",\"contentUrl\":\"https:\\\/\\\/www.moroccodemia.com\\\/fr\\\/media\\\/2019\\\/01\\\/IconBlackUnion.png\",\"width\":100,\"height\":100},{\"@type\":\"BreadcrumbList\",\"@id\":\"https:\\\/\\\/www.moroccodemia.com\\\/fr\\\/syndicat-des-enseignants-chercheurs\\\/#breadcrumb\",\"itemListElement\":[{\"@type\":\"ListItem\",\"position\":1,\"name\":\"Accueil\",\"item\":\"https:\\\/\\\/www.moroccodemia.com\\\/fr\\\/\"},{\"@type\":\"ListItem\",\"position\":2,\"name\":\"Syndicat des Enseignants-Chercheurs\"}]},{\"@type\":\"WebSite\",\"@id\":\"https:\\\/\\\/www.moroccodemia.com\\\/fr\\\/#website\",\"url\":\"https:\\\/\\\/www.moroccodemia.com\\\/fr\\\/\",\"name\":\"morocco academia french\",\"description\":\"L'information, tout simplement\",\"potentialAction\":[{\"@type\":\"SearchAction\",\"target\":{\"@type\":\"EntryPoint\",\"urlTemplate\":\"https:\\\/\\\/www.moroccodemia.com\\\/fr\\\/?s={search_term_string}\"},\"query-input\":{\"@type\":\"PropertyValueSpecification\",\"valueRequired\":true,\"valueName\":\"search_term_string\"}}],\"inLanguage\":\"fr-FR\"}]}<\/script>\n<!-- \/ Yoast SEO plugin. -->","yoast_head_json":{"title":"Syndicat des Enseignants-Chercheurs marocains| moroccodemia fran\u00e7ais","robots":{"index":"index","follow":"follow","max-snippet":"max-snippet:-1","max-image-preview":"max-image-preview:large","max-video-preview":"max-video-preview:-1"},"canonical":"https:\/\/www.moroccodemia.com\/fr\/syndicat-des-enseignants-chercheurs\/","og_locale":"fr_FR","og_type":"article","og_title":"Syndicat des Enseignants-Chercheurs marocains| moroccodemia fran\u00e7ais","og_description":"Syndicat des Enseignants-Chercheurs marocains Parcourir en arabeParcourir en fran\u00e7ais Pour consulter les circulaires du Syndicat National de l&rsquo;Enseignement Sup\u00e9rieur en arabe visiter: SNEsup Pour consulter les circulaires du Syndicat de l&rsquo;Enseignement Sup\u00e9rieur en arabe visiter: SMAsup Syndicat des Enseignants-Chercheurs marocains\/","og_url":"https:\/\/www.moroccodemia.com\/fr\/syndicat-des-enseignants-chercheurs\/","og_site_name":"morocco academia french","article_publisher":"https:\/\/www.facebook.com\/Morocco-academia-239938123438369\/","article_modified_time":"2020-06-01T17:14:35+00:00","og_image":[{"url":"https:\/\/www.moroccodemia.com\/fr\/media\/2019\/01\/IconBlackUnion.png","type":"","width":"","height":""}],"twitter_card":"summary_large_image","twitter_site":"@moroccodemia","schema":{"@context":"https:\/\/schema.org","@graph":[{"@type":"WebPage","@id":"https:\/\/www.moroccodemia.com\/fr\/syndicat-des-enseignants-chercheurs\/","url":"https:\/\/www.moroccodemia.com\/fr\/syndicat-des-enseignants-chercheurs\/","name":"Syndicat des Enseignants-Chercheurs marocains| moroccodemia fran\u00e7ais","isPartOf":{"@id":"https:\/\/www.moroccodemia.com\/fr\/#website"},"primaryImageOfPage":{"@id":"https:\/\/www.moroccodemia.com\/fr\/syndicat-des-enseignants-chercheurs\/#primaryimage"},"image":{"@id":"https:\/\/www.moroccodemia.com\/fr\/syndicat-des-enseignants-chercheurs\/#primaryimage"},"thumbnailUrl":"https:\/\/www.moroccodemia.com\/fr\/media\/2019\/01\/IconBlackUnion.png","datePublished":"2015-08-23T11:10:33+00:00","dateModified":"2020-06-01T17:14:35+00:00","breadcrumb":{"@id":"https:\/\/www.moroccodemia.com\/fr\/syndicat-des-enseignants-chercheurs\/#breadcrumb"},"inLanguage":"fr-FR","potentialAction":[{"@type":"ReadAction","target":["https:\/\/www.moroccodemia.com\/fr\/syndicat-des-enseignants-chercheurs\/"]}]},{"@type":"ImageObject","inLanguage":"fr-FR","@id":"https:\/\/www.moroccodemia.com\/fr\/syndicat-des-enseignants-chercheurs\/#primaryimage","url":"https:\/\/www.moroccodemia.com\/fr\/media\/2019\/01\/IconBlackUnion.png","contentUrl":"https:\/\/www.moroccodemia.com\/fr\/media\/2019\/01\/IconBlackUnion.png","width":100,"height":100},{"@type":"BreadcrumbList","@id":"https:\/\/www.moroccodemia.com\/fr\/syndicat-des-enseignants-chercheurs\/#breadcrumb","itemListElement":[{"@type":"ListItem","position":1,"name":"Accueil","item":"https:\/\/www.moroccodemia.com\/fr\/"},{"@type":"ListItem","position":2,"name":"Syndicat des Enseignants-Chercheurs"}]},{"@type":"WebSite","@id":"https:\/\/www.moroccodemia.com\/fr\/#website","url":"https:\/\/www.moroccodemia.com\/fr\/","name":"morocco academia french","description":"L'information, tout simplement","potentialAction":[{"@type":"SearchAction","target":{"@type":"EntryPoint","urlTemplate":"https:\/\/www.moroccodemia.com\/fr\/?s={search_term_string}"},"query-input":{"@type":"PropertyValueSpecification","valueRequired":true,"valueName":"search_term_string"}}],"inLanguage":"fr-FR"}]}},"_links":{"self":[{"href":"https:\/\/www.moroccodemia.com\/fr\/wp-json\/wp\/v2\/pages\/104","targetHints":{"allow":["GET"]}}],"collection":[{"href":"https:\/\/www.moroccodemia.com\/fr\/wp-json\/wp\/v2\/pages"}],"about":[{"href":"https:\/\/www.moroccodemia.com\/fr\/wp-json\/wp\/v2\/types\/page"}],"author":[{"embeddable":true,"href":"https:\/\/www.moroccodemia.com\/fr\/wp-json\/wp\/v2\/users\/1"}],"replies":[{"embeddable":true,"href":"https:\/\/www.moroccodemia.com\/fr\/wp-json\/wp\/v2\/comments?post=104"}],"version-history":[{"count":3,"href":"https:\/\/www.moroccodemia.com\/fr\/wp-json\/wp\/v2\/pages\/104\/revisions"}],"predecessor-version":[{"id":13228,"href":"https:\/\/www.moroccodemia.com\/fr\/wp-json\/wp\/v2\/pages\/104\/revisions\/13228"}],"wp:attachment":[{"href":"https:\/\/www.moroccodemia.com\/fr\/wp-json\/wp\/v2\/media?parent=104"}],"curies":[{"name":"wp","href":"https:\/\/api.w.org\/{rel}","templated":true}]}}