{"id":10111,"date":"2018-02-02T11:32:03","date_gmt":"2018-02-02T11:32:03","guid":{"rendered":"https:\/\/www.moroccodemia.com\/fr\/?page_id=10111"},"modified":"2022-02-03T10:24:25","modified_gmt":"2022-02-03T09:24:25","slug":"liens-utiles-pour-etudiants-chercheurs-et-administrateurs-de-lenseignement-superieur-au-maroc","status":"publish","type":"page","link":"https:\/\/www.moroccodemia.com\/fr\/liens-utiles-pour-etudiants-chercheurs-et-administrateurs-de-lenseignement-superieur-au-maroc\/","title":{"rendered":"Liens Utiles pour \u00e9tudiants, chercheurs et administrateurs du Sup\u00e9rieur au Maroc"},"content":{"rendered":"<div class=\"rTable\">\n<div class=\"rTableBody\">\n<div class=\"rTableRow\">\n<div class=\"rTableHead\">\n<hr>\n<h1 class=\"h1pagetitle\">Liens Utiles<\/h1>\n<div class=\"dropdown1\"><span><button class=\"dropbtn1\"><\/button><br class=\"blank \/\"><span class=\"dropdown1-content\"><a href=\"https:\/\/www.moroccodemia.com\/ar\/%D8%B1%D9%88%D8%A7%D8%A8%D8%B7-%D9%85%D9%87%D9%85%D8%A9-%D9%84%D8%B7%D9%84%D8%A8%D8%A9-%D9%88%D8%A3%D8%B3%D8%A7%D8%AA%D8%B0%D8%A9-%D9%88%D8%A5%D8%AF%D8%A7%D8%B1%D9%8A%D9%8A-%D8%A7%D9%84%D8%AA%D8%B9\/\">Parcourir en arabe<\/a><a href=\"https:\/\/www.moroccodemia.com\/en\/useful-links-for-students-academics-and-higher-education-administrators-in-morocco\/\">Parcourir en anglais<\/a><\/span><\/span><\/div>\n<hr>\n<div class=\"banner\"><img loading=\"lazy\" decoding=\"async\" class=\"banner-image\" src=\"https:\/\/www.moroccodemia.com\/fr\/media\/2019\/01\/IconBlackLink.png\" style=\"vertical-align: middle;\" alt=\"Liens Utiles\" title=\"Liens Utiles\" width=\"80\" height=\"80\"><\/div>\n<div class=\"article-container\">\n<div class=\"topimg\"><img loading=\"lazy\" decoding=\"async\" src=\"https:\/\/www.moroccodemia.com\/fr\/media\/2019\/01\/IconBlackLink.png\" alt=\"\" width=\"50\" height=\"50\" class=\"alignnone size-full wp-image-2108\"><\/div>\n<div class=\"info\">\n<hr style=\"margin-top: -10px;\">\n<h2 style=\"text-align: center;\"><span style=\"font-size: 18pt;\"><a href=\"https:\/\/www.enssup.gov.ma\/fr.html\">Minist\u00e8re de l&rsquo;Educational Nationale, de la Formation Professionnelle, de l&rsquo;Enseignement Sup\u00e9rieur et de la Recherche Scientifique<\/a><\/span><\/h2>\n<p dir=\"rtl\"><a href=\"https:\/\/www.enssup.gov.ma\/fr.html\"><img loading=\"lazy\" decoding=\"async\" src=\"https:\/\/www.moroccodemia.com\/fr\/media\/2020\/05\/FeaturedMFCPFRInstitGovMinistryEducation.png\" alt=\"Logo: Minister of Education\" width=\"600\" height=\"400\" class=\"alignnone wp-image-19621 size-medium\" title=\"Minist\u00e8re de l'Educational Nationale, de la Formation Professionnelle, de l'Enseignement Sup\u00e9rieur et de la Recherche Scientifique\"><\/a><\/p>\n<\/div>\n<\/div>\n<div class=\"article-container\">\n<div class=\"topimg\"><img loading=\"lazy\" decoding=\"async\" src=\"https:\/\/www.moroccodemia.com\/fr\/media\/2019\/01\/IconBlackLink.png\" alt=\"\" width=\"50\" height=\"50\" class=\"alignnone size-full wp-image-2108\"><\/div>\n<div class=\"info\">\n<hr style=\"margin-top: -10px;\">\n<h2 style=\"text-align: center;\"><span style=\"font-size: 18pt;\"><a href=\"https:\/\/www.csefrs.ma\/?lang=fr\">Conseil Sup\u00e9rieur de l&rsquo;\u00c9ducation, de la Formation et de la Recherche Scientifique <\/a><\/span><\/h2>\n<p dir=\"rtl\"><a href=\"https:\/\/www.csefrs.ma\/?lang=fr\"><img loading=\"lazy\" decoding=\"async\" src=\"https:\/\/www.moroccodemia.com\/fr\/media\/2020\/05\/FeaturedImportant-LinksFRHigher-Coucil-for-Training-and-Research.png\" alt=\"Logo: Higher Council for Education, Training and Research\" width=\"600\" height=\"400\" class=\"alignnone wp-image-19621 size-medium\" title=\"Conseil Sup\u00e9rieur de l'\u00c9ducation, de la Formation et de la Recherche Scientifique\"><\/a><\/p>\n<\/div>\n<\/div>\n<div class=\"article-container\">\n<div class=\"topimg\"><img loading=\"lazy\" decoding=\"async\" src=\"https:\/\/www.moroccodemia.com\/fr\/media\/2019\/01\/IconBlackLink.png\" alt=\"\" width=\"50\" height=\"50\" class=\"alignnone size-full wp-image-2108\"><\/div>\n<div class=\"info\">\n<hr style=\"margin-top: -10px;\">\n<h2 style=\"text-align: center;\"><span style=\"font-size: 18pt;\"><a href=\"https:\/\/www.csefrs.ma\/?lang=fr\">Observatoire National de l&rsquo;\u00c9ducation et de la Formation<\/a><\/span><\/h2>\n<p dir=\"rtl\"><a href=\"https:\/\/www.csefrs.ma\/?lang=fr\"><img loading=\"lazy\" decoding=\"async\" src=\"https:\/\/www.moroccodemia.com\/fr\/media\/2022\/02\/InstitEducation-and-TrainingWatchdogONEF.png\" alt=\"Logo: Education and Training Watchdog\" width=\"600\" height=\"400\" class=\"alignnone wp-image-19621 size-medium\" title=\"Observatoire National de l'\u00c9ducation et de la Formation\"><\/a><\/p>\n<\/div>\n<\/div>\n<div class=\"article-container\">\n<div class=\"topimg\"><img loading=\"lazy\" decoding=\"async\" src=\"https:\/\/www.moroccodemia.com\/fr\/media\/2019\/01\/IconBlackLink.png\" alt=\"\" width=\"50\" height=\"50\" class=\"alignnone size-full wp-image-2108\"><\/div>\n<div class=\"info\">\n<hr style=\"margin-top: -10px;\">\n<h2 style=\"text-align: center;\"><span style=\"font-size: 18pt;\"><a href=\"https:\/\/www.aneaq.ma\/\">Agence Nationale d\u2019Evaluation et d\u2019Assurance Qualit\u00e9<\/a><\/span><\/h2>\n<p dir=\"rtl\"><a href=\"https:\/\/www.aneaq.ma\/\"><img loading=\"lazy\" decoding=\"async\" src=\"https:\/\/www.moroccodemia.com\/fr\/media\/2020\/05\/FeaturedImportant-LinksFRANEAQ.png\" alt=\"Logo: National Council for Evaluation and Quality Assurance in Higher Education\" width=\"600\" height=\"400\" class=\"alignnone wp-image-19621 size-medium\" title=\"Agence Nationale d\u2019Evaluation et d\u2019Assurance Qualit\u00e9\"><\/a><\/p>\n<\/div>\n<\/div>\n<div class=\"article-container\">\n<div class=\"topimg\"><img loading=\"lazy\" decoding=\"async\" src=\"https:\/\/www.moroccodemia.com\/fr\/media\/2019\/01\/IconBlackLink.png\" alt=\"\" width=\"50\" height=\"50\" class=\"alignnone size-full wp-image-2108\"><\/div>\n<div class=\"info\">\n<hr style=\"margin-top: -10px;\">\n<h2 style=\"text-align: center;\"><span style=\"font-size: 18pt;\"><a href=\"http:\/\/www.ompic.org.ma\/\">L&rsquo;Office marocain de la propri\u00e9t\u00e9 industrielle et commerciale (OMPIC)<\/a><\/span><\/h2>\n<p dir=\"rtl\"><a href=\"http:\/\/www.ompic.org.ma\/\"><img loading=\"lazy\" decoding=\"async\" src=\"https:\/\/www.moroccodemia.com\/fr\/media\/2020\/05\/FeaturedImportant-LinksFREmployersOMPIC.png\" alt=\"Logo: OMPIC\" width=\"600\" height=\"400\" class=\"alignnone wp-image-19621 size-medium\" title=\"L'Office marocain de la propri\u00e9t\u00e9 industrielle et commerciale (OMPIC)\"><\/a><\/p>\n<\/div>\n<\/div>\n<div class=\"article-container\">\n<div class=\"topimg\"><img loading=\"lazy\" decoding=\"async\" src=\"https:\/\/www.moroccodemia.com\/fr\/media\/2019\/01\/IconBlackLink.png\" alt=\"\" width=\"50\" height=\"50\" class=\"alignnone size-full wp-image-2108\"><\/div>\n<div class=\"info\">\n<hr style=\"margin-top: -10px;\">\n<h2 style=\"text-align: center;\"><span style=\"font-size: 18pt;\"><a href=\"http:\/\/www.alacademia.org.ma\/\">Acad\u00e9mie du Royaume du Maroc<\/a><\/span><\/h2>\n<p dir=\"rtl\"><a href=\"http:\/\/www.alacademia.org.ma\/\"><img loading=\"lazy\" decoding=\"async\" src=\"https:\/\/www.moroccodemia.com\/fr\/media\/2020\/05\/FeaturedImportant-LinksFRAcademy-of-the-Kingdom-of-Morocco.png\" alt=\"Logo: Morocccan Royal Academy\" width=\"600\" height=\"400\" class=\"alignnone wp-image-19621 size-medium\" title=\"Acad\u00e9mie du Royaume du Maroc\"><\/a><\/p>\n<\/div>\n<\/div>\n<div class=\"article-container\">\n<div class=\"topimg\"><img loading=\"lazy\" decoding=\"async\" src=\"https:\/\/www.moroccodemia.com\/fr\/media\/2019\/01\/IconBlackLink.png\" alt=\"\" width=\"50\" height=\"50\" class=\"alignnone size-full wp-image-2108\"><\/div>\n<div class=\"info\">\n<hr style=\"margin-top: -10px;\">\n<h2 style=\"text-align: center;\"><span style=\"font-size: 18pt;\"><a href=\"https:\/\/www.onousc.ma\/&quot;\">Office National des \u0152uvres Universitaires, Sociales et Culturelles<\/a><\/span><\/h2>\n<p dir=\"rtl\"><a href=\"https:\/\/www.onousc.ma\/\"><img loading=\"lazy\" decoding=\"async\" src=\"https:\/\/www.moroccodemia.com\/fr\/media\/2020\/05\/FeaturedImportant-LinksFRONOUSC.png\" alt=\"Logo: ONOUSC\" width=\"600\" height=\"400\" class=\"alignnone wp-image-19621 size-medium\" title=\"Office National des \u0152uvres Universitaires, Sociales et Culturelles\"><\/a><\/p>\n<\/div>\n<\/div>\n<div class=\"article-container\">\n<div class=\"topimg\"><img loading=\"lazy\" decoding=\"async\" src=\"https:\/\/www.moroccodemia.com\/fr\/media\/2019\/01\/IconBlackLink.png\" alt=\"\" width=\"50\" height=\"50\" class=\"alignnone size-full wp-image-2108\"><\/div>\n<div class=\"info\">\n<hr style=\"margin-top: -10px;\">\n<h2 style=\"text-align: center;\"><span style=\"font-size: 18pt;\"><a href=\"https:\/\/fm6education.ma\/\">Fondation Mohammed VI de Promotion des Oeuvres Sociales de l&rsquo;Education\/Formation<\/a><\/span><\/h2>\n<p dir=\"rtl\"><a href=\"https:\/\/fm6education.ma\/\"><img loading=\"lazy\" decoding=\"async\" src=\"https:\/\/www.moroccodemia.com\/fr\/media\/2021\/12\/InstitEducationMohamed-VI-Institution-for-the-Promotion-of-Service-Activities-in-Education-and-Training.png\" alt=\"Logo: Fondation Mohammed VI\" width=\"600\" height=\"400\" class=\"alignnone wp-image-19621 size-medium\" title=\"Fondation Mohammed VI de Promotion des Oeuvres Sociales de l'Education\/Formation\"><\/a><\/p>\n<\/div>\n<\/div>\n<div class=\"article-container\">\n<div class=\"topimg\"><img loading=\"lazy\" decoding=\"async\" src=\"https:\/\/www.moroccodemia.com\/fr\/media\/2019\/01\/IconBlackLink.png\" alt=\"\" width=\"50\" height=\"50\" class=\"alignnone size-full wp-image-2108\"><\/div>\n<div class=\"info\">\n<hr style=\"margin-top: -10px;\">\n<h2 style=\"text-align: center;\"><span style=\"font-size: 18pt;\"><a href=\"http:\/\/www.wipo.int\/portal\/fr\/index.html\">Organisation International de la Propri\u00e9t\u00e9 Intellectuelle (WIPO)<\/a><\/span><\/h2>\n<p dir=\"rtl\"><a href=\"http:\/\/www.wipo.int\/portal\/fr\/index.html\"><img loading=\"lazy\" decoding=\"async\" src=\"https:\/\/www.moroccodemia.com\/fr\/media\/2020\/05\/FeaturedImportantLinksFRWIPO.png\" alt=\"Logo\" wipo=\"\" width=\"600\" height=\"400\" class=\"alignnone wp-image-19621 size-medium\" title=\"Organisation International de la Propri\u00e9t\u00e9 Intellectuelle (WIPO)\"><\/a><\/p>\n<\/div>\n<\/div>\n<div class=\"article-container\">\n<div class=\"topimg\"><img loading=\"lazy\" decoding=\"async\" src=\"https:\/\/www.moroccodemia.com\/fr\/media\/2019\/01\/IconBlackLink.png\" alt=\"\" width=\"50\" height=\"50\" class=\"alignnone size-full wp-image-2108\"><\/div>\n<div class=\"info\">\n<hr style=\"margin-top: -10px;\">\n<h2 style=\"text-align: center;\"><span style=\"font-size: 18pt;\"><a href=\"http:\/\/www.bnrm.ma\/bnrm\/fr\">Biblioth\u00e8que&nbsp;Nationale<\/a><\/span><\/h2>\n<p dir=\"rtl\"><a href=\"http:\/\/www.bnrm.ma\/bnrm\/fr\"><img loading=\"lazy\" decoding=\"async\" src=\"https:\/\/www.moroccodemia.com\/fr\/media\/2015\/08\/National-LibraryRabat.png\" alt=\"Intitution: National Library\" width=\"600\" height=\"400\" class=\"alignnone wp-image-19621 size-medium\" title=\"Biblioth\u00e8que&nbsp;Nationale\"><\/a><\/p>\n<\/div>\n<\/div>\n<div class=\"article-container\">\n<div class=\"topimg\"><img loading=\"lazy\" decoding=\"async\" src=\"https:\/\/www.moroccodemia.com\/fr\/media\/2019\/01\/IconBlackLink.png\" alt=\"\" width=\"50\" height=\"50\" class=\"alignnone size-full wp-image-2108\"><\/div>\n<div class=\"info\">\n<hr style=\"margin-top: -10px;\">\n<h2 style=\"text-align: center;\"><span style=\"font-size: 18pt;\"><a href=\"http:\/\/www.shanghairanking.com\/\">Classement Shanghai<\/a><\/span><\/h2>\n<p dir=\"rtl\"><a href=\"http:\/\/www.shanghairanking.com\/\"><img loading=\"lazy\" decoding=\"async\" src=\"https:\/\/www.moroccodemia.com\/fr\/media\/2020\/05\/FeaturedImportant-LinksFRShanghaiRankings.png\" alt=\"Logo: Shanghai Rankings\" width=\"600\" height=\"400\" class=\"alignnone wp-image-19621 size-medium\" title=\"Classement Shanghai\"><\/a><\/p>\n<\/div>\n<\/div>\n<div class=\"article-container\">\n<div class=\"topimg\"><img loading=\"lazy\" decoding=\"async\" src=\"https:\/\/www.moroccodemia.com\/fr\/media\/2019\/01\/IconBlackLink.png\" alt=\"\" width=\"50\" height=\"50\" class=\"alignnone size-full wp-image-2108\"><\/div>\n<div class=\"info\">\n<hr style=\"margin-top: -10px;\">\n<h2 style=\"text-align: center;\"><span style=\"font-size: 18pt;\"><a href=\"http:\/\/www.cnops.org.ma\/assures\">La Caisse Nationale des Organismes de Pr\u00e9voyance Sociale (CNOPS)<\/a><\/span><\/h2>\n<p dir=\"rtl\"><a href=\"http:\/\/www.cnops.org.ma\/assures\"><img loading=\"lazy\" decoding=\"async\" src=\"https:\/\/www.moroccodemia.com\/fr\/media\/2018\/01\/InstitHealthInsuranceCNOPS.png\" alt=\"Institution: CNOPS\" width=\"600\" height=\"400\" class=\"alignnone wp-image-19621 size-medium\" title=\"La Caisse Nationale des Organismes de Pr\u00e9voyance Sociale (CNOPS)\"><\/a><\/p>\n<\/div>\n<\/div>\n<hr>\n<h2 style=\"text-align: center;\"><span style=\"font-size: 14pt; color: #000000;\"><strong><span style=\"font-size: 10pt;\"><span style=\"font-size: 14pt;\">Liens Utiles\/<\/span><br \/>\n<\/span><\/strong><\/span><\/h2>\n<hr>\n<\/div>\n<\/div>\n<\/div>\n<\/div>\n","protected":false},"excerpt":{"rendered":"<p>Liens Utiles Parcourir en arabeParcourir en anglais Minist\u00e8re de l&rsquo;Educational Nationale, de la Formation Professionnelle, de l&rsquo;Enseignement Sup\u00e9rieur et de la Recherche Scientifique Conseil Sup\u00e9rieur de l&rsquo;\u00c9ducation, de la Formation et de la Recherche Scientifique Observatoire National de l&rsquo;\u00c9ducation et de la Formation Agence Nationale d\u2019Evaluation et d\u2019Assurance Qualit\u00e9 L&rsquo;Office marocain de la propri\u00e9t\u00e9 industrielle [&hellip;]<\/p>\n","protected":false},"author":1,"featured_media":0,"parent":0,"menu_order":0,"comment_status":"closed","ping_status":"closed","template":"","meta":{"footnotes":""},"class_list":["post-10111","page","type-page","status-publish","hentry"],"yoast_head":"<!-- This site is optimized with the Yoast SEO plugin v27.4 - https:\/\/yoast.com\/product\/yoast-seo-wordpress\/ -->\n<title>Liens Utiles pour \u00e9tudiants, chercheurs et administrateurs du Sup\u00e9rieur au Maroc<\/title>\n<meta name=\"robots\" content=\"index, follow, max-snippet:-1, max-image-preview:large, max-video-preview:-1\" \/>\n<link rel=\"canonical\" href=\"https:\/\/www.moroccodemia.com\/fr\/liens-utiles-pour-etudiants-chercheurs-et-administrateurs-de-lenseignement-superieur-au-maroc\/\" \/>\n<meta property=\"og:locale\" content=\"fr_FR\" \/>\n<meta property=\"og:type\" content=\"article\" \/>\n<meta property=\"og:title\" content=\"Liens Utiles pour \u00e9tudiants, chercheurs et administrateurs du Sup\u00e9rieur au Maroc\" \/>\n<meta property=\"og:description\" content=\"Liens Utiles Parcourir en arabeParcourir en anglais Minist\u00e8re de l&rsquo;Educational Nationale, de la Formation Professionnelle, de l&rsquo;Enseignement Sup\u00e9rieur et de la Recherche Scientifique Conseil Sup\u00e9rieur de l&rsquo;\u00c9ducation, de la Formation et de la Recherche Scientifique Observatoire National de l&rsquo;\u00c9ducation et de la Formation Agence Nationale d\u2019Evaluation et d\u2019Assurance Qualit\u00e9 L&rsquo;Office marocain de la propri\u00e9t\u00e9 industrielle [&hellip;]\" \/>\n<meta property=\"og:url\" content=\"https:\/\/www.moroccodemia.com\/fr\/liens-utiles-pour-etudiants-chercheurs-et-administrateurs-de-lenseignement-superieur-au-maroc\/\" \/>\n<meta property=\"og:site_name\" content=\"morocco academia french\" \/>\n<meta property=\"article:publisher\" content=\"https:\/\/www.facebook.com\/Morocco-academia-239938123438369\/\" \/>\n<meta property=\"article:modified_time\" content=\"2022-02-03T09:24:25+00:00\" \/>\n<meta property=\"og:image\" content=\"https:\/\/www.moroccodemia.com\/fr\/media\/2019\/01\/IconBlackLink.png\" \/>\n<meta name=\"twitter:card\" content=\"summary_large_image\" \/>\n<meta name=\"twitter:site\" content=\"@moroccodemia\" \/>\n<meta name=\"twitter:label1\" content=\"Dur\u00e9e de lecture estim\u00e9e\" \/>\n\t<meta name=\"twitter:data1\" content=\"6 minutes\" \/>\n<script type=\"application\/ld+json\" class=\"yoast-schema-graph\">{\"@context\":\"https:\\\/\\\/schema.org\",\"@graph\":[{\"@type\":\"WebPage\",\"@id\":\"https:\\\/\\\/www.moroccodemia.com\\\/fr\\\/liens-utiles-pour-etudiants-chercheurs-et-administrateurs-de-lenseignement-superieur-au-maroc\\\/\",\"url\":\"https:\\\/\\\/www.moroccodemia.com\\\/fr\\\/liens-utiles-pour-etudiants-chercheurs-et-administrateurs-de-lenseignement-superieur-au-maroc\\\/\",\"name\":\"Liens Utiles pour \u00e9tudiants, chercheurs et administrateurs du Sup\u00e9rieur au Maroc\",\"isPartOf\":{\"@id\":\"https:\\\/\\\/www.moroccodemia.com\\\/fr\\\/#website\"},\"primaryImageOfPage\":{\"@id\":\"https:\\\/\\\/www.moroccodemia.com\\\/fr\\\/liens-utiles-pour-etudiants-chercheurs-et-administrateurs-de-lenseignement-superieur-au-maroc\\\/#primaryimage\"},\"image\":{\"@id\":\"https:\\\/\\\/www.moroccodemia.com\\\/fr\\\/liens-utiles-pour-etudiants-chercheurs-et-administrateurs-de-lenseignement-superieur-au-maroc\\\/#primaryimage\"},\"thumbnailUrl\":\"https:\\\/\\\/www.moroccodemia.com\\\/fr\\\/media\\\/2019\\\/01\\\/IconBlackLink.png\",\"datePublished\":\"2018-02-02T11:32:03+00:00\",\"dateModified\":\"2022-02-03T09:24:25+00:00\",\"breadcrumb\":{\"@id\":\"https:\\\/\\\/www.moroccodemia.com\\\/fr\\\/liens-utiles-pour-etudiants-chercheurs-et-administrateurs-de-lenseignement-superieur-au-maroc\\\/#breadcrumb\"},\"inLanguage\":\"fr-FR\",\"potentialAction\":[{\"@type\":\"ReadAction\",\"target\":[\"https:\\\/\\\/www.moroccodemia.com\\\/fr\\\/liens-utiles-pour-etudiants-chercheurs-et-administrateurs-de-lenseignement-superieur-au-maroc\\\/\"]}]},{\"@type\":\"ImageObject\",\"inLanguage\":\"fr-FR\",\"@id\":\"https:\\\/\\\/www.moroccodemia.com\\\/fr\\\/liens-utiles-pour-etudiants-chercheurs-et-administrateurs-de-lenseignement-superieur-au-maroc\\\/#primaryimage\",\"url\":\"https:\\\/\\\/www.moroccodemia.com\\\/fr\\\/media\\\/2019\\\/01\\\/IconBlackLink.png\",\"contentUrl\":\"https:\\\/\\\/www.moroccodemia.com\\\/fr\\\/media\\\/2019\\\/01\\\/IconBlackLink.png\",\"width\":100,\"height\":100},{\"@type\":\"BreadcrumbList\",\"@id\":\"https:\\\/\\\/www.moroccodemia.com\\\/fr\\\/liens-utiles-pour-etudiants-chercheurs-et-administrateurs-de-lenseignement-superieur-au-maroc\\\/#breadcrumb\",\"itemListElement\":[{\"@type\":\"ListItem\",\"position\":1,\"name\":\"Accueil\",\"item\":\"https:\\\/\\\/www.moroccodemia.com\\\/fr\\\/\"},{\"@type\":\"ListItem\",\"position\":2,\"name\":\"Liens Utiles pour \u00e9tudiants, chercheurs et administrateurs du Sup\u00e9rieur au Maroc\"}]},{\"@type\":\"WebSite\",\"@id\":\"https:\\\/\\\/www.moroccodemia.com\\\/fr\\\/#website\",\"url\":\"https:\\\/\\\/www.moroccodemia.com\\\/fr\\\/\",\"name\":\"morocco academia french\",\"description\":\"L'information, tout simplement\",\"potentialAction\":[{\"@type\":\"SearchAction\",\"target\":{\"@type\":\"EntryPoint\",\"urlTemplate\":\"https:\\\/\\\/www.moroccodemia.com\\\/fr\\\/?s={search_term_string}\"},\"query-input\":{\"@type\":\"PropertyValueSpecification\",\"valueRequired\":true,\"valueName\":\"search_term_string\"}}],\"inLanguage\":\"fr-FR\"}]}<\/script>\n<!-- \/ Yoast SEO plugin. -->","yoast_head_json":{"title":"Liens Utiles pour \u00e9tudiants, chercheurs et administrateurs du Sup\u00e9rieur au Maroc","robots":{"index":"index","follow":"follow","max-snippet":"max-snippet:-1","max-image-preview":"max-image-preview:large","max-video-preview":"max-video-preview:-1"},"canonical":"https:\/\/www.moroccodemia.com\/fr\/liens-utiles-pour-etudiants-chercheurs-et-administrateurs-de-lenseignement-superieur-au-maroc\/","og_locale":"fr_FR","og_type":"article","og_title":"Liens Utiles pour \u00e9tudiants, chercheurs et administrateurs du Sup\u00e9rieur au Maroc","og_description":"Liens Utiles Parcourir en arabeParcourir en anglais Minist\u00e8re de l&rsquo;Educational Nationale, de la Formation Professionnelle, de l&rsquo;Enseignement Sup\u00e9rieur et de la Recherche Scientifique Conseil Sup\u00e9rieur de l&rsquo;\u00c9ducation, de la Formation et de la Recherche Scientifique Observatoire National de l&rsquo;\u00c9ducation et de la Formation Agence Nationale d\u2019Evaluation et d\u2019Assurance Qualit\u00e9 L&rsquo;Office marocain de la propri\u00e9t\u00e9 industrielle [&hellip;]","og_url":"https:\/\/www.moroccodemia.com\/fr\/liens-utiles-pour-etudiants-chercheurs-et-administrateurs-de-lenseignement-superieur-au-maroc\/","og_site_name":"morocco academia french","article_publisher":"https:\/\/www.facebook.com\/Morocco-academia-239938123438369\/","article_modified_time":"2022-02-03T09:24:25+00:00","og_image":[{"url":"https:\/\/www.moroccodemia.com\/fr\/media\/2019\/01\/IconBlackLink.png","type":"","width":"","height":""}],"twitter_card":"summary_large_image","twitter_site":"@moroccodemia","twitter_misc":{"Dur\u00e9e de lecture estim\u00e9e":"6 minutes"},"schema":{"@context":"https:\/\/schema.org","@graph":[{"@type":"WebPage","@id":"https:\/\/www.moroccodemia.com\/fr\/liens-utiles-pour-etudiants-chercheurs-et-administrateurs-de-lenseignement-superieur-au-maroc\/","url":"https:\/\/www.moroccodemia.com\/fr\/liens-utiles-pour-etudiants-chercheurs-et-administrateurs-de-lenseignement-superieur-au-maroc\/","name":"Liens Utiles pour \u00e9tudiants, chercheurs et administrateurs du Sup\u00e9rieur au Maroc","isPartOf":{"@id":"https:\/\/www.moroccodemia.com\/fr\/#website"},"primaryImageOfPage":{"@id":"https:\/\/www.moroccodemia.com\/fr\/liens-utiles-pour-etudiants-chercheurs-et-administrateurs-de-lenseignement-superieur-au-maroc\/#primaryimage"},"image":{"@id":"https:\/\/www.moroccodemia.com\/fr\/liens-utiles-pour-etudiants-chercheurs-et-administrateurs-de-lenseignement-superieur-au-maroc\/#primaryimage"},"thumbnailUrl":"https:\/\/www.moroccodemia.com\/fr\/media\/2019\/01\/IconBlackLink.png","datePublished":"2018-02-02T11:32:03+00:00","dateModified":"2022-02-03T09:24:25+00:00","breadcrumb":{"@id":"https:\/\/www.moroccodemia.com\/fr\/liens-utiles-pour-etudiants-chercheurs-et-administrateurs-de-lenseignement-superieur-au-maroc\/#breadcrumb"},"inLanguage":"fr-FR","potentialAction":[{"@type":"ReadAction","target":["https:\/\/www.moroccodemia.com\/fr\/liens-utiles-pour-etudiants-chercheurs-et-administrateurs-de-lenseignement-superieur-au-maroc\/"]}]},{"@type":"ImageObject","inLanguage":"fr-FR","@id":"https:\/\/www.moroccodemia.com\/fr\/liens-utiles-pour-etudiants-chercheurs-et-administrateurs-de-lenseignement-superieur-au-maroc\/#primaryimage","url":"https:\/\/www.moroccodemia.com\/fr\/media\/2019\/01\/IconBlackLink.png","contentUrl":"https:\/\/www.moroccodemia.com\/fr\/media\/2019\/01\/IconBlackLink.png","width":100,"height":100},{"@type":"BreadcrumbList","@id":"https:\/\/www.moroccodemia.com\/fr\/liens-utiles-pour-etudiants-chercheurs-et-administrateurs-de-lenseignement-superieur-au-maroc\/#breadcrumb","itemListElement":[{"@type":"ListItem","position":1,"name":"Accueil","item":"https:\/\/www.moroccodemia.com\/fr\/"},{"@type":"ListItem","position":2,"name":"Liens Utiles pour \u00e9tudiants, chercheurs et administrateurs du Sup\u00e9rieur au Maroc"}]},{"@type":"WebSite","@id":"https:\/\/www.moroccodemia.com\/fr\/#website","url":"https:\/\/www.moroccodemia.com\/fr\/","name":"morocco academia french","description":"L'information, tout simplement","potentialAction":[{"@type":"SearchAction","target":{"@type":"EntryPoint","urlTemplate":"https:\/\/www.moroccodemia.com\/fr\/?s={search_term_string}"},"query-input":{"@type":"PropertyValueSpecification","valueRequired":true,"valueName":"search_term_string"}}],"inLanguage":"fr-FR"}]}},"_links":{"self":[{"href":"https:\/\/www.moroccodemia.com\/fr\/wp-json\/wp\/v2\/pages\/10111","targetHints":{"allow":["GET"]}}],"collection":[{"href":"https:\/\/www.moroccodemia.com\/fr\/wp-json\/wp\/v2\/pages"}],"about":[{"href":"https:\/\/www.moroccodemia.com\/fr\/wp-json\/wp\/v2\/types\/page"}],"author":[{"embeddable":true,"href":"https:\/\/www.moroccodemia.com\/fr\/wp-json\/wp\/v2\/users\/1"}],"replies":[{"embeddable":true,"href":"https:\/\/www.moroccodemia.com\/fr\/wp-json\/wp\/v2\/comments?post=10111"}],"version-history":[{"count":3,"href":"https:\/\/www.moroccodemia.com\/fr\/wp-json\/wp\/v2\/pages\/10111\/revisions"}],"predecessor-version":[{"id":15988,"href":"https:\/\/www.moroccodemia.com\/fr\/wp-json\/wp\/v2\/pages\/10111\/revisions\/15988"}],"wp:attachment":[{"href":"https:\/\/www.moroccodemia.com\/fr\/wp-json\/wp\/v2\/media?parent=10111"}],"curies":[{"name":"wp","href":"https:\/\/api.w.org\/{rel}","templated":true}]}}