{"id":10097,"date":"2018-01-30T11:49:16","date_gmt":"2018-01-30T11:49:16","guid":{"rendered":"https:\/\/www.moroccodemia.com\/fr\/?page_id=10097"},"modified":"2021-11-18T17:31:29","modified_gmt":"2021-11-18T16:31:29","slug":"liens-utiles-pour-acteurs-economiques-au-maroc","status":"publish","type":"page","link":"https:\/\/www.moroccodemia.com\/fr\/liens-utiles-pour-acteurs-economiques-au-maroc\/","title":{"rendered":"Liens Utiles pour Acteurs Economiques au Maroc"},"content":{"rendered":"<div class=\"rTable\">\n<div class=\"rTableBody\">\n<div class=\"rTableRow\">\n<div class=\"rTableHead\">\n<hr dir=\"ltr\">\n<h1 class=\"h1pagetitle\">Liens Utiles pour Acteurs Economiques au Maroc<\/h1>\n<div class=\"dropdown1\"><span><button class=\"dropbtn1\"><\/button><br class=\"blank \/\"><br \/>\n<span class=\"dropdown1-content\"><a href=\"https:\/\/www.moroccodemia.com\/ar\/%d8%b1%d9%88%d8%a7%d8%a8%d8%b7-%d9%85%d9%87%d9%85%d8%a9-%d9%84%d9%84%d9%81%d8%a7%d8%b9%d9%84%d9%8a%d9%86-%d8%a7%d9%84%d8%a5%d9%82%d8%aa%d8%b5%d8%a7%d8%af%d9%8a%d9%8a%d9%86-%d9%81%d9%8a-%d8%a7%d9%84\/\">Parcourir en arabe<\/a><a href=\"https:\/\/www.moroccodemia.com\/en\/useful-links-for-economic-actors-in-morocco\/\">Parcourir en anglais<\/a><\/span><\/span><\/div>\n<hr>\n<div class=\"banner\"><img loading=\"lazy\" decoding=\"async\" class=\"banner-image\" src=\"https:\/\/www.moroccodemia.com\/fr\/media\/2019\/01\/IconBlackLink.png\" style=\"vertical-align: middle;\" alt=\"Icon: Link\" title=\"Liens Utiles pour Acteurs Economiques au Maroc\" width=\"80\" height=\"80\"><\/div>\n<div class=\"article-container\">\n<div class=\"topimg\"><img loading=\"lazy\" decoding=\"async\" src=\"https:\/\/www.moroccodemia.com\/fr\/media\/2019\/01\/IconBlackLink.png\" alt=\"\" width=\"50\" height=\"50\" class=\"alignnone size-full wp-image-2108\"><\/div>\n<div class=\"info\">\n<hr style=\"margin-top: -10px;\">\n<h2 style=\"text-align: center;\"><span style=\"font-size: 18pt;\"><a href=\"https:\/\/www.diplomatie.ma\/fr\/le-maroc-lance-sa-marque-nationale-d%E2%80%99investissement-et-d%E2%80%99export-%C2%AB-morocco-now-%C2%BB\">Investir au Maroc<\/a><\/span><\/h2>\n<p dir=\"rtl\"><a href=\"https:\/\/www.diplomatie.ma\/fr\/le-maroc-lance-sa-marque-nationale-d%E2%80%99investissement-et-d%E2%80%99export-%C2%AB-morocco-now-%C2%BB\"><img loading=\"lazy\" decoding=\"async\" src=\"https:\/\/www.moroccodemia.com\/fr\/media\/2021\/11\/LogoMorocco_Now.png\" alt=\"Logo: Morocco Now\" width=\"600\" height=\"400\" class=\"aligncenter wp-image-15689 size-full\" title=\"Morocco Now\" srcset=\"https:\/\/www.moroccodemia.com\/fr\/media\/2021\/11\/LogoMorocco_Now.png 600w, https:\/\/www.moroccodemia.com\/fr\/media\/2021\/11\/LogoMorocco_Now-300x200.png 300w\" sizes=\"auto, (max-width: 600px) 100vw, 600px\" \/><\/a><\/p>\n<\/div>\n<\/div>\n<div class=\"article-container\">\n<div class=\"topimg\"><img loading=\"lazy\" decoding=\"async\" src=\"https:\/\/www.moroccodemia.com\/fr\/media\/2019\/01\/IconBlackLink.png\" alt=\"\" width=\"50\" height=\"50\" class=\"alignnone size-full wp-image-2108\"><\/div>\n<div class=\"info\">\n<hr style=\"margin-top: -10px;\">\n<h2 style=\"text-align: center;\"><span style=\"font-size: 18pt;\"><a href=\"http:\/\/ufmsecretariat.org\/fr\/\">Union pour la&nbsp;Medit\u00e9rranne\u00e9<\/a><\/span><\/h2>\n<p dir=\"rtl\"><a href=\"http:\/\/ufmsecretariat.org\/ar\/\"><img loading=\"lazy\" decoding=\"async\" src=\"https:\/\/www.moroccodemia.com\/fr\/media\/2020\/05\/FeaturedImportant-LinksFREmployersUnion4Mediterranean.png\" alt=\"Logo: Union for the Mediterranean\" width=\"600\" height=\"400\" class=\"wp-image-19621 size-medium aligncenter\" title=\"Union pour la&nbsp;Medit\u00e9rranne\u00e9\"><\/a><\/p>\n<\/div>\n<\/div>\n<div class=\"article-container\">\n<div class=\"topimg\"><img loading=\"lazy\" decoding=\"async\" src=\"https:\/\/www.moroccodemia.com\/fr\/media\/2019\/01\/IconBlackLink.png\" alt=\"\" width=\"50\" height=\"50\" class=\"alignnone size-full wp-image-2108\"><\/div>\n<div class=\"info\">\n<hr style=\"margin-top: -10px;\">\n<h2 style=\"text-align: center;\"><span style=\"font-size: 18pt;\"><a href=\"http:\/\/www.cgem.ma\/\">La Conf\u00e9d\u00e9ration G\u00e9n\u00e9rale des Entreprises du Maroc<\/a><\/span><\/h2>\n<p dir=\"rtl\"><a href=\"http:\/\/www.cgem.ma\/\"><img loading=\"lazy\" decoding=\"async\" src=\"https:\/\/www.moroccodemia.com\/fr\/media\/2020\/05\/FeaturedImportant-LinksFREmployersMoroccanBusinessGroupCGEM.png\" alt=\"Logo: CGEM: Morocco Business Group\" width=\"600\" height=\"400\" class=\"wp-image-19621 size-medium aligncenter\" title=\"La Conf\u00e9d\u00e9ration G\u00e9n\u00e9rale des Entreprises du Maroc\"><\/a><\/p>\n<\/div>\n<\/div>\n<div class=\"article-container\">\n<div class=\"topimg\"><img loading=\"lazy\" decoding=\"async\" src=\"https:\/\/www.moroccodemia.com\/fr\/media\/2019\/01\/IconBlackLink.png\" alt=\"\" width=\"50\" height=\"50\" class=\"alignnone size-full wp-image-2108\"><\/div>\n<div class=\"info\">\n<hr style=\"margin-top: -10px;\">\n<h2 style=\"text-align: center;\"><span style=\"font-size: 18pt;\"><a href=\"http:\/\/www.casablanca-bourse.com\/bourseweb\/fr\/index.aspx\">Bourse de Casablnaca<\/a><\/span><\/h2>\n<p dir=\"rtl\"><a href=\"http:\/\/www.casablanca-bourse.com\/bourseweb\/fr\/index.aspx\"><img loading=\"lazy\" decoding=\"async\" src=\"https:\/\/www.moroccodemia.com\/fr\/media\/2020\/05\/FeaturedImportant-LinksFREmployersCasablancaStockExchange.png\" alt=\"Logo: Casablanca Stock Exchange\" width=\"600\" height=\"400\" class=\"wp-image-19621 size-medium aligncenter\" title=\"Bourse de Casablnaca\"><\/a><\/p>\n<\/div>\n<\/div>\n<div class=\"article-container\">\n<div class=\"topimg\"><img loading=\"lazy\" decoding=\"async\" src=\"https:\/\/www.moroccodemia.com\/fr\/media\/2019\/01\/IconBlackLink.png\" alt=\"\" width=\"50\" height=\"50\" class=\"alignnone size-full wp-image-2108\"><\/div>\n<div class=\"info\">\n<hr style=\"margin-top: -10px;\">\n<h2 style=\"text-align: center;\"><span style=\"font-size: 18pt;\"><a href=\"http:\/\/www.casablancafinancecity.com\/\">Casablanca Finance City<\/a><\/span><\/h2>\n<p dir=\"rtl\"><a href=\"http:\/\/www.casablancafinancecity.com\/\"><img loading=\"lazy\" decoding=\"async\" src=\"https:\/\/www.moroccodemia.com\/fr\/media\/2020\/05\/FeaturedImportant-LinksFREmployersCasablancaFinanceCity.png\" alt=\"Logo: Casablanca Finance City\" width=\"600\" height=\"400\" class=\"wp-image-19621 size-medium aligncenter\" title=\"Casablanca Finance City\"><\/a><\/p>\n<\/div>\n<\/div>\n<div class=\"article-container\">\n<div class=\"topimg\"><img loading=\"lazy\" decoding=\"async\" src=\"https:\/\/www.moroccodemia.com\/fr\/media\/2019\/01\/IconBlackLink.png\" alt=\"\" width=\"50\" height=\"50\" class=\"alignnone size-full wp-image-2108\"><\/div>\n<div class=\"info\">\n<hr style=\"margin-top: -10px;\">\n<h2 style=\"text-align: center;\"><span style=\"font-size: 18pt;\"><a href=\"http:\/\/www.bkam.ma\/fr\">Bank Al-Maghrib<\/a><\/span><\/h2>\n<p dir=\"rtl\"><a href=\"http:\/\/www.bkam.ma\/fr\"><img loading=\"lazy\" decoding=\"async\" src=\"https:\/\/www.moroccodemia.com\/fr\/media\/2020\/05\/FeaturedImportant-LinksFREmployersBankAlMaghrib.png\" alt=\"Logo: Bank Al Maghrib\" width=\"600\" height=\"400\" class=\"wp-image-19621 size-medium aligncenter\" title=\"Bank Al-Maghrib\"><\/a><\/p>\n<\/div>\n<\/div>\n<div class=\"article-container\">\n<div class=\"topimg\"><img loading=\"lazy\" decoding=\"async\" src=\"https:\/\/www.moroccodemia.com\/fr\/media\/2019\/01\/IconBlackLink.png\" alt=\"Icon: Link\" width=\"50\" height=\"50\" class=\"alignnone size-full wp-image-2108\"><\/div>\n<div class=\"info\">\n<hr style=\"margin-top: -10px;\">\n<h2 style=\"text-align: center;\"><span style=\"font-size: 18pt;\"><a href=\"http:\/\/www.xe.com\/fr\/currencyconverter\/\">Convertisseur de Devises<\/a><\/span><\/h2>\n<p dir=\"rtl\"><a href=\"http:\/\/www.xe.com\/fr\/currencyconverter\/\"><img loading=\"lazy\" decoding=\"async\" src=\"https:\/\/www.moroccodemia.com\/fr\/media\/2020\/05\/FeaturedImportant-LinksFREmployersXE-Currency-Exchange.png\" alt=\"Logo: XE\" width=\"600\" height=\"400\" class=\"wp-image-19621 size-medium aligncenter\" title=\"Convertisseur de Devises\"><\/a><\/p>\n<\/div>\n<\/div>\n<div class=\"article-container\">\n<div class=\"topimg\"><img loading=\"lazy\" decoding=\"async\" src=\"https:\/\/www.moroccodemia.com\/fr\/media\/2019\/01\/IconBlackLink.png\" alt=\"\" width=\"50\" height=\"50\" class=\"alignnone size-full wp-image-2108\"><\/div>\n<div class=\"info\">\n<hr style=\"margin-top: -10px;\">\n<h2 style=\"text-align: center;\"><span style=\"font-size: 18pt;\"><a href=\"http:\/\/www.emploi.gov.ma\">Minist\u00e8re du Travail et de l&rsquo;Insertion Professionnelle<\/a><\/span><\/h2>\n<p dir=\"rtl\"><a href=\"http:\/\/www.emploi.gov.ma\"><img loading=\"lazy\" decoding=\"async\" src=\"https:\/\/www.moroccodemia.com\/fr\/media\/2020\/05\/FeaturedImportant-LinksFREmployersMinistry-of-Employment.png\" alt=\"Ministry of Employment\" width=\"600\" height=\"400\" class=\"wp-image-19621 size-medium aligncenter\" title=\"Minist\u00e8re du Travail et de l'Insertion Professionnelle\"><\/a><\/p>\n<\/div>\n<\/div>\n<div class=\"article-container\">\n<div class=\"topimg\"><img loading=\"lazy\" decoding=\"async\" src=\"https:\/\/www.moroccodemia.com\/fr\/media\/2019\/01\/IconBlackLink.png\" alt=\"\" width=\"50\" height=\"50\" class=\"alignnone size-full wp-image-2108\"><\/div>\n<div class=\"info\">\n<hr style=\"margin-top: -10px;\">\n<h2 style=\"text-align: center;\"><span style=\"font-size: 18pt;\"><a href=\"http:\/\/www.oecd.org\/fr\/\">Organisation de coop\u00e9ration et de d\u00e9veloppement \u00e9conomiques<\/a><\/span><\/h2>\n<p dir=\"rtl\"><a href=\"http:\/\/www.oecd.org\/fr\/\"><img loading=\"lazy\" decoding=\"async\" src=\"https:\/\/www.moroccodemia.com\/fr\/media\/2020\/05\/FeaturedImportant-LinksFREmployersOECD.png\" alt=\"Ministry of Higher Education\" width=\"600\" height=\"400\" class=\"wp-image-19621 size-medium aligncenter\" title=\"Organisation de coop\u00e9ration et de d\u00e9veloppement \u00e9conomiques\"><\/a><\/p>\n<\/div>\n<\/div>\n<div class=\"article-container\">\n<div class=\"topimg\"><img loading=\"lazy\" decoding=\"async\" src=\"https:\/\/www.moroccodemia.com\/fr\/media\/2019\/01\/IconBlackLink.png\" alt=\"\" width=\"50\" height=\"50\" class=\"alignnone size-full wp-image-2108\"><\/div>\n<div class=\"info\">\n<hr style=\"margin-top: -10px;\">\n<h2 style=\"text-align: center;\"><span style=\"font-size: 18pt;\"><a href=\"http:\/\/www.ompic.org.ma\/fr\">Office Marocain de la Propri\u00e9t\u00e9 Industrielle et Commerciale<\/a><\/span><\/h2>\n<p dir=\"rtl\">\n<p dir=\"rtl\"><a href=\"http:\/\/www.ompic.org.ma\/fr\"><img loading=\"lazy\" decoding=\"async\" src=\"https:\/\/www.moroccodemia.com\/fr\/media\/2020\/05\/FeaturedImportant-LinksFREmployersOMPIC.png\" alt=\"OMPIC\" width=\"600\" height=\"400\" class=\"wp-image-19621 size-medium aligncenter\" title=\"Office Marocain de la Propri\u00e9t\u00e9 Industrielle et Commerciale\"><\/a><\/p>\n<\/div>\n<\/div>\n<div class=\"article-container\">\n<div class=\"topimg\"><img loading=\"lazy\" decoding=\"async\" src=\"https:\/\/www.moroccodemia.com\/fr\/media\/2019\/01\/IconBlackLink.png\" alt=\"\" width=\"50\" height=\"50\" class=\"alignnone size-full wp-image-2108\"><\/div>\n<div class=\"info\">\n<hr style=\"margin-top: -10px;\">\n<h2 style=\"text-align: center;\"><span style=\"font-size: 18pt;\"><a href=\"http:\/\/www.enssup.gov.ma\/en\/statut-national-d-etudiant-entrepreneur-snee\">Statut National d\u2019Etudiant-Entrepreneur (SNEE)<\/a><\/span><\/h2>\n<p dir=\"rtl\">\n<p dir=\"rtl\"><a href=\"http:\/\/www.enssup.gov.ma\/en\/statut-national-d-etudiant-entrepreneur-snee\"><img loading=\"lazy\" decoding=\"async\" src=\"https:\/\/www.moroccodemia.com\/fr\/media\/2021\/11\/EconomyFREntrepneurshipStudent-EntrepreneursSNEE.png\" alt=\"Poster: Student Entrepreneur\" width=\"600\" height=\"400\" class=\"aligncenter wp-image-19621 size-medium\" title=\"Student Entrepreneur\"><\/a><\/p>\n<\/div>\n<\/div>\n<hr dir=\"ltr\">\n<h2 style=\"text-align: center;\" dir=\"ltr\"><span style=\"font-size: 14pt; font-family: verdana, geneva, sans-serif;\"><strong><span style=\"font-size: 10pt;\"><span style=\"font-size: 14pt;\"><span style=\"font-family: verdana, geneva, sans-serif;\">Liens Utiles<\/span><\/span><span style=\"font-family: verdana, geneva, sans-serif;\"> pour Acteurs Economiques au Maroc<\/span>\/<\/span><\/strong><\/span><\/h2>\n<hr>\n<\/div>\n<\/div>\n<\/div>\n<\/div>\n","protected":false},"excerpt":{"rendered":"<p>Liens Utiles pour Acteurs Economiques au Maroc Parcourir en arabeParcourir en anglais Investir au Maroc Union pour la&nbsp;Medit\u00e9rranne\u00e9 La Conf\u00e9d\u00e9ration G\u00e9n\u00e9rale des Entreprises du Maroc Bourse de Casablnaca Casablanca Finance City Bank Al-Maghrib Convertisseur de Devises Minist\u00e8re du Travail et de l&rsquo;Insertion Professionnelle Organisation de coop\u00e9ration et de d\u00e9veloppement \u00e9conomiques Office Marocain de la Propri\u00e9t\u00e9 [&hellip;]<\/p>\n","protected":false},"author":1,"featured_media":0,"parent":0,"menu_order":0,"comment_status":"closed","ping_status":"closed","template":"","meta":{"footnotes":""},"class_list":["post-10097","page","type-page","status-publish","hentry"],"yoast_head":"<!-- This site is optimized with the Yoast SEO plugin v27.4 - https:\/\/yoast.com\/product\/yoast-seo-wordpress\/ -->\n<title>Liens Utiles pour Acteurs Economiques au Maroc | moroccodemia fran\u00e7ais<\/title>\n<meta name=\"robots\" content=\"index, follow, max-snippet:-1, max-image-preview:large, max-video-preview:-1\" \/>\n<link rel=\"canonical\" href=\"https:\/\/www.moroccodemia.com\/fr\/liens-utiles-pour-acteurs-economiques-au-maroc\/\" \/>\n<meta property=\"og:locale\" content=\"fr_FR\" \/>\n<meta property=\"og:type\" content=\"article\" \/>\n<meta property=\"og:title\" content=\"Liens Utiles pour Acteurs Economiques au Maroc | moroccodemia fran\u00e7ais\" \/>\n<meta property=\"og:description\" content=\"Liens Utiles pour Acteurs Economiques au Maroc Parcourir en arabeParcourir en anglais Investir au Maroc Union pour la&nbsp;Medit\u00e9rranne\u00e9 La Conf\u00e9d\u00e9ration G\u00e9n\u00e9rale des Entreprises du Maroc Bourse de Casablnaca Casablanca Finance City Bank Al-Maghrib Convertisseur de Devises Minist\u00e8re du Travail et de l&rsquo;Insertion Professionnelle Organisation de coop\u00e9ration et de d\u00e9veloppement \u00e9conomiques Office Marocain de la Propri\u00e9t\u00e9 [&hellip;]\" \/>\n<meta property=\"og:url\" content=\"https:\/\/www.moroccodemia.com\/fr\/liens-utiles-pour-acteurs-economiques-au-maroc\/\" \/>\n<meta property=\"og:site_name\" content=\"morocco academia french\" \/>\n<meta property=\"article:publisher\" content=\"https:\/\/www.facebook.com\/Morocco-academia-239938123438369\/\" \/>\n<meta property=\"article:modified_time\" content=\"2021-11-18T16:31:29+00:00\" \/>\n<meta property=\"og:image\" content=\"https:\/\/www.moroccodemia.com\/fr\/media\/2019\/01\/IconBlackLink.png\" \/>\n<meta name=\"twitter:card\" content=\"summary_large_image\" \/>\n<meta name=\"twitter:site\" content=\"@moroccodemia\" \/>\n<meta name=\"twitter:label1\" content=\"Dur\u00e9e de lecture estim\u00e9e\" \/>\n\t<meta name=\"twitter:data1\" content=\"5 minutes\" \/>\n<script type=\"application\/ld+json\" class=\"yoast-schema-graph\">{\"@context\":\"https:\\\/\\\/schema.org\",\"@graph\":[{\"@type\":\"WebPage\",\"@id\":\"https:\\\/\\\/www.moroccodemia.com\\\/fr\\\/liens-utiles-pour-acteurs-economiques-au-maroc\\\/\",\"url\":\"https:\\\/\\\/www.moroccodemia.com\\\/fr\\\/liens-utiles-pour-acteurs-economiques-au-maroc\\\/\",\"name\":\"Liens Utiles pour Acteurs Economiques au Maroc | moroccodemia fran\u00e7ais\",\"isPartOf\":{\"@id\":\"https:\\\/\\\/www.moroccodemia.com\\\/fr\\\/#website\"},\"primaryImageOfPage\":{\"@id\":\"https:\\\/\\\/www.moroccodemia.com\\\/fr\\\/liens-utiles-pour-acteurs-economiques-au-maroc\\\/#primaryimage\"},\"image\":{\"@id\":\"https:\\\/\\\/www.moroccodemia.com\\\/fr\\\/liens-utiles-pour-acteurs-economiques-au-maroc\\\/#primaryimage\"},\"thumbnailUrl\":\"https:\\\/\\\/www.moroccodemia.com\\\/fr\\\/media\\\/2019\\\/01\\\/IconBlackLink.png\",\"datePublished\":\"2018-01-30T11:49:16+00:00\",\"dateModified\":\"2021-11-18T16:31:29+00:00\",\"breadcrumb\":{\"@id\":\"https:\\\/\\\/www.moroccodemia.com\\\/fr\\\/liens-utiles-pour-acteurs-economiques-au-maroc\\\/#breadcrumb\"},\"inLanguage\":\"fr-FR\",\"potentialAction\":[{\"@type\":\"ReadAction\",\"target\":[\"https:\\\/\\\/www.moroccodemia.com\\\/fr\\\/liens-utiles-pour-acteurs-economiques-au-maroc\\\/\"]}]},{\"@type\":\"ImageObject\",\"inLanguage\":\"fr-FR\",\"@id\":\"https:\\\/\\\/www.moroccodemia.com\\\/fr\\\/liens-utiles-pour-acteurs-economiques-au-maroc\\\/#primaryimage\",\"url\":\"https:\\\/\\\/www.moroccodemia.com\\\/fr\\\/media\\\/2019\\\/01\\\/IconBlackLink.png\",\"contentUrl\":\"https:\\\/\\\/www.moroccodemia.com\\\/fr\\\/media\\\/2019\\\/01\\\/IconBlackLink.png\",\"width\":100,\"height\":100},{\"@type\":\"BreadcrumbList\",\"@id\":\"https:\\\/\\\/www.moroccodemia.com\\\/fr\\\/liens-utiles-pour-acteurs-economiques-au-maroc\\\/#breadcrumb\",\"itemListElement\":[{\"@type\":\"ListItem\",\"position\":1,\"name\":\"Accueil\",\"item\":\"https:\\\/\\\/www.moroccodemia.com\\\/fr\\\/\"},{\"@type\":\"ListItem\",\"position\":2,\"name\":\"Liens Utiles pour Acteurs Economiques au Maroc\"}]},{\"@type\":\"WebSite\",\"@id\":\"https:\\\/\\\/www.moroccodemia.com\\\/fr\\\/#website\",\"url\":\"https:\\\/\\\/www.moroccodemia.com\\\/fr\\\/\",\"name\":\"morocco academia french\",\"description\":\"L'information, tout simplement\",\"potentialAction\":[{\"@type\":\"SearchAction\",\"target\":{\"@type\":\"EntryPoint\",\"urlTemplate\":\"https:\\\/\\\/www.moroccodemia.com\\\/fr\\\/?s={search_term_string}\"},\"query-input\":{\"@type\":\"PropertyValueSpecification\",\"valueRequired\":true,\"valueName\":\"search_term_string\"}}],\"inLanguage\":\"fr-FR\"}]}<\/script>\n<!-- \/ Yoast SEO plugin. -->","yoast_head_json":{"title":"Liens Utiles pour Acteurs Economiques au Maroc | moroccodemia fran\u00e7ais","robots":{"index":"index","follow":"follow","max-snippet":"max-snippet:-1","max-image-preview":"max-image-preview:large","max-video-preview":"max-video-preview:-1"},"canonical":"https:\/\/www.moroccodemia.com\/fr\/liens-utiles-pour-acteurs-economiques-au-maroc\/","og_locale":"fr_FR","og_type":"article","og_title":"Liens Utiles pour Acteurs Economiques au Maroc | moroccodemia fran\u00e7ais","og_description":"Liens Utiles pour Acteurs Economiques au Maroc Parcourir en arabeParcourir en anglais Investir au Maroc Union pour la&nbsp;Medit\u00e9rranne\u00e9 La Conf\u00e9d\u00e9ration G\u00e9n\u00e9rale des Entreprises du Maroc Bourse de Casablnaca Casablanca Finance City Bank Al-Maghrib Convertisseur de Devises Minist\u00e8re du Travail et de l&rsquo;Insertion Professionnelle Organisation de coop\u00e9ration et de d\u00e9veloppement \u00e9conomiques Office Marocain de la Propri\u00e9t\u00e9 [&hellip;]","og_url":"https:\/\/www.moroccodemia.com\/fr\/liens-utiles-pour-acteurs-economiques-au-maroc\/","og_site_name":"morocco academia french","article_publisher":"https:\/\/www.facebook.com\/Morocco-academia-239938123438369\/","article_modified_time":"2021-11-18T16:31:29+00:00","og_image":[{"url":"https:\/\/www.moroccodemia.com\/fr\/media\/2019\/01\/IconBlackLink.png","type":"","width":"","height":""}],"twitter_card":"summary_large_image","twitter_site":"@moroccodemia","twitter_misc":{"Dur\u00e9e de lecture estim\u00e9e":"5 minutes"},"schema":{"@context":"https:\/\/schema.org","@graph":[{"@type":"WebPage","@id":"https:\/\/www.moroccodemia.com\/fr\/liens-utiles-pour-acteurs-economiques-au-maroc\/","url":"https:\/\/www.moroccodemia.com\/fr\/liens-utiles-pour-acteurs-economiques-au-maroc\/","name":"Liens Utiles pour Acteurs Economiques au Maroc | moroccodemia fran\u00e7ais","isPartOf":{"@id":"https:\/\/www.moroccodemia.com\/fr\/#website"},"primaryImageOfPage":{"@id":"https:\/\/www.moroccodemia.com\/fr\/liens-utiles-pour-acteurs-economiques-au-maroc\/#primaryimage"},"image":{"@id":"https:\/\/www.moroccodemia.com\/fr\/liens-utiles-pour-acteurs-economiques-au-maroc\/#primaryimage"},"thumbnailUrl":"https:\/\/www.moroccodemia.com\/fr\/media\/2019\/01\/IconBlackLink.png","datePublished":"2018-01-30T11:49:16+00:00","dateModified":"2021-11-18T16:31:29+00:00","breadcrumb":{"@id":"https:\/\/www.moroccodemia.com\/fr\/liens-utiles-pour-acteurs-economiques-au-maroc\/#breadcrumb"},"inLanguage":"fr-FR","potentialAction":[{"@type":"ReadAction","target":["https:\/\/www.moroccodemia.com\/fr\/liens-utiles-pour-acteurs-economiques-au-maroc\/"]}]},{"@type":"ImageObject","inLanguage":"fr-FR","@id":"https:\/\/www.moroccodemia.com\/fr\/liens-utiles-pour-acteurs-economiques-au-maroc\/#primaryimage","url":"https:\/\/www.moroccodemia.com\/fr\/media\/2019\/01\/IconBlackLink.png","contentUrl":"https:\/\/www.moroccodemia.com\/fr\/media\/2019\/01\/IconBlackLink.png","width":100,"height":100},{"@type":"BreadcrumbList","@id":"https:\/\/www.moroccodemia.com\/fr\/liens-utiles-pour-acteurs-economiques-au-maroc\/#breadcrumb","itemListElement":[{"@type":"ListItem","position":1,"name":"Accueil","item":"https:\/\/www.moroccodemia.com\/fr\/"},{"@type":"ListItem","position":2,"name":"Liens Utiles pour Acteurs Economiques au Maroc"}]},{"@type":"WebSite","@id":"https:\/\/www.moroccodemia.com\/fr\/#website","url":"https:\/\/www.moroccodemia.com\/fr\/","name":"morocco academia french","description":"L'information, tout simplement","potentialAction":[{"@type":"SearchAction","target":{"@type":"EntryPoint","urlTemplate":"https:\/\/www.moroccodemia.com\/fr\/?s={search_term_string}"},"query-input":{"@type":"PropertyValueSpecification","valueRequired":true,"valueName":"search_term_string"}}],"inLanguage":"fr-FR"}]}},"_links":{"self":[{"href":"https:\/\/www.moroccodemia.com\/fr\/wp-json\/wp\/v2\/pages\/10097","targetHints":{"allow":["GET"]}}],"collection":[{"href":"https:\/\/www.moroccodemia.com\/fr\/wp-json\/wp\/v2\/pages"}],"about":[{"href":"https:\/\/www.moroccodemia.com\/fr\/wp-json\/wp\/v2\/types\/page"}],"author":[{"embeddable":true,"href":"https:\/\/www.moroccodemia.com\/fr\/wp-json\/wp\/v2\/users\/1"}],"replies":[{"embeddable":true,"href":"https:\/\/www.moroccodemia.com\/fr\/wp-json\/wp\/v2\/comments?post=10097"}],"version-history":[{"count":3,"href":"https:\/\/www.moroccodemia.com\/fr\/wp-json\/wp\/v2\/pages\/10097\/revisions"}],"predecessor-version":[{"id":15692,"href":"https:\/\/www.moroccodemia.com\/fr\/wp-json\/wp\/v2\/pages\/10097\/revisions\/15692"}],"wp:attachment":[{"href":"https:\/\/www.moroccodemia.com\/fr\/wp-json\/wp\/v2\/media?parent=10097"}],"curies":[{"name":"wp","href":"https:\/\/api.w.org\/{rel}","templated":true}]}}